{"id":98425,"date":"2024-04-29T15:04:19","date_gmt":"2024-04-29T13:04:19","guid":{"rendered":"https:\/\/letrame.com\/catalogo\/producto\/camino-del-calvario\/"},"modified":"2024-04-29T15:04:22","modified_gmt":"2024-04-29T13:04:22","slug":"camino-del-calvario","status":"publish","type":"product","link":"https:\/\/letrame.com\/catalogo\/producto\/camino-del-calvario\/","title":{"rendered":"Camino del calvario"},"content":{"rendered":"<p><strong>ISBN<\/strong>: 978-84-1144-468-2<\/p>\n<p><strong>T\u00edtulo<\/strong>: Camino del calvario<br \/>\n<strong>Fecha<\/strong>: 2022<br \/>\n<strong>P\u00e1ginas<\/strong>: 104<\/p>\n<p><strong>SINOPSIS<\/strong><\/p>\n<p>Sucede en un momento en que eran necesarias 15 obras que representen el momento de la pasi\u00f3n de Cristo, una vez terminadas las obras se escribe el libro en funci\u00f3n al acto realizado en cada imagen. Es sabido que todo empieza despu\u00e9s de la \u00faltima cena que la noche de un jueves hasta el atardecer del viernes. El libro <em>Camino del calvario<\/em> revive ese paso que realiz\u00f3 Jes\u00fas con la cruz y los diferentes pasajes que va sucediendo en el camino. Nada expresar\u00e1 la brutalidad con que fue tratado el salvador, pero a medida que transcurr\u00eda el trayecto es como si hubiese caminado junto a \u00e9l, al punto que cada d\u00eda sent\u00eda el dolor y la agon\u00eda vivida en ese entonces.<\/p>\n<p>No solo era el sentir estar frente a cada obra suced\u00eda una simbiosis inexplicable como sacando lo malo, liber\u00e1ndome y volcando en m\u00ed un esp\u00edritu nuevo fresco y renovado. En cada obra sucedi\u00f3 algo diferente, es sentir ese camino tortuoso lleno de gritos y bullicio que dif\u00edcilmente se podr\u00eda obtener paz. Aun as\u00ed, despu\u00e9s de cada obra terminada, quedaba invadido de una tranquilidad inusitada, revivir este momento es lo m\u00e1s grande que me haya pasado. De ser posible repetirlo estar\u00eda dispuesto a hacerlo cuantas veces fueran necesarias.<\/p>\n","protected":false},"excerpt":{"rendered":"<p><strong>ISBN<\/strong>: 978-84-1144-468-2<\/p>\n<p><strong>SINOPSIS<\/strong><\/p>\n<p>Sucede en un momento en que eran necesarias 15 obras que representen el momento de la pasi\u00f3n de Cristo, una vez terminadas las obras se escribe el libro en funci\u00f3n al acto realizado en cada imagen. Es sabido que todo empieza despu\u00e9s de la \u00faltima cena que la noche de un jueves hasta el atardecer del viernes. El libro <em>Camino del calvario<\/em> revive ese paso que realiz\u00f3 Jes\u00fas con la cruz y los diferentes pasajes que va sucediendo en el camino. Nada expresar\u00e1 la brutalidad con que fue tratado el salvador, pero a medida que transcurr\u00eda el trayecto es como si hubiese caminado junto a \u00e9l, al punto que cada d\u00eda sent\u00eda el dolor y la agon\u00eda vivida en ese entonces.<\/p>\n<p>No solo era el sentir estar frente a cada obra suced\u00eda una simbiosis inexplicable como sacando lo malo, liber\u00e1ndome y volcando en m\u00ed un esp\u00edritu nuevo fresco y renovado. En cada obra sucedi\u00f3 algo diferente, es sentir ese camino tortuoso lleno de gritos y bullicio que dif\u00edcilmente se podr\u00eda obtener paz. Aun as\u00ed, despu\u00e9s de cada obra terminada, quedaba invadido de una tranquilidad inusitada, revivir este momento es lo m\u00e1s grande que me haya pasado. De ser posible repetirlo estar\u00eda dispuesto a hacerlo cuantas veces fueran necesarias.<\/p>\n","protected":false},"featured_media":98426,"comment_status":"closed","ping_status":"open","template":"","meta":{"_acf_changed":false},"libro":[],"product_brand":[],"product_cat":[26],"product_tag":[],"class_list":{"0":"post-98425","1":"product","2":"type-product","3":"status-publish","4":"has-post-thumbnail","6":"product_cat-sin-categoria","8":"first","9":"instock","10":"product-type-simple"},"acf":{"autor":[76890],"enlace_de_compra":""},"yoast_head":"<!-- This site is optimized with the Yoast SEO plugin v26.6 - https:\/\/yoast.com\/wordpress\/plugins\/seo\/ -->\n<title>Camino del calvario - Catalogo | Letrame Grupo Editorial<\/title>\n<meta name=\"robots\" content=\"index, follow, max-snippet:-1, max-image-preview:large, max-video-preview:-1\" \/>\n<link rel=\"canonical\" href=\"https:\/\/letrame.com\/catalogo\/producto\/camino-del-calvario\/\" \/>\n<meta property=\"og:locale\" content=\"es_ES\" \/>\n<meta property=\"og:type\" content=\"article\" \/>\n<meta property=\"og:title\" content=\"Camino del calvario - Catalogo | Letrame Grupo Editorial\" \/>\n<meta property=\"og:description\" content=\"ISBN: 978-84-1144-468-2 SINOPSIS Sucede en un momento en que eran necesarias 15 obras que representen el momento de la pasi\u00f3n de Cristo, una vez terminadas las obras se escribe el libro en funci\u00f3n al acto realizado en cada imagen. Es sabido que todo empieza despu\u00e9s de la \u00faltima cena que la noche de un jueves hasta el atardecer del viernes. El libro Camino del calvario revive ese paso que realiz\u00f3 Jes\u00fas con la cruz y los diferentes pasajes que va sucediendo en el camino. Nada expresar\u00e1 la brutalidad con que fue tratado el salvador, pero a medida que transcurr\u00eda el trayecto es como si hubiese caminado junto a \u00e9l, al punto que cada d\u00eda sent\u00eda el dolor y la agon\u00eda vivida en ese entonces. No solo era el sentir estar frente a cada obra suced\u00eda una simbiosis inexplicable como sacando lo malo, liber\u00e1ndome y volcando en m\u00ed un esp\u00edritu nuevo fresco y renovado. En cada obra sucedi\u00f3 algo diferente, es sentir ese camino tortuoso lleno de gritos y bullicio que dif\u00edcilmente se podr\u00eda obtener paz. Aun as\u00ed, despu\u00e9s de cada obra terminada, quedaba invadido de una tranquilidad inusitada, revivir este momento es lo m\u00e1s grande que me haya pasado. De ser posible repetirlo estar\u00eda dispuesto a hacerlo cuantas veces fueran necesarias.\" \/>\n<meta property=\"og:url\" content=\"https:\/\/letrame.com\/catalogo\/producto\/camino-del-calvario\/\" \/>\n<meta property=\"og:site_name\" content=\"Catalogo | Letrame Grupo Editorial\" \/>\n<meta property=\"article:modified_time\" content=\"2024-04-29T13:04:22+00:00\" \/>\n<meta property=\"og:image\" content=\"https:\/\/letrame.com\/catalogo\/wp-content\/uploads\/2024\/04\/redportada_caminodelcalvario_-1-compressed.jpg\" \/>\n\t<meta property=\"og:image:width\" content=\"601\" \/>\n\t<meta property=\"og:image:height\" content=\"881\" \/>\n\t<meta property=\"og:image:type\" content=\"image\/jpeg\" \/>\n<meta name=\"twitter:card\" content=\"summary_large_image\" \/>\n<meta name=\"twitter:label1\" content=\"Tiempo de lectura\" \/>\n\t<meta name=\"twitter:data1\" content=\"1 minuto\" \/>\n<script type=\"application\/ld+json\" class=\"yoast-schema-graph\">{\"@context\":\"https:\/\/schema.org\",\"@graph\":[{\"@type\":\"WebPage\",\"@id\":\"https:\/\/letrame.com\/catalogo\/producto\/camino-del-calvario\/\",\"url\":\"https:\/\/letrame.com\/catalogo\/producto\/camino-del-calvario\/\",\"name\":\"Camino del calvario - Catalogo | Letrame Grupo Editorial\",\"isPartOf\":{\"@id\":\"https:\/\/letrame.com\/catalogo\/#website\"},\"primaryImageOfPage\":{\"@id\":\"https:\/\/letrame.com\/catalogo\/producto\/camino-del-calvario\/#primaryimage\"},\"image\":{\"@id\":\"https:\/\/letrame.com\/catalogo\/producto\/camino-del-calvario\/#primaryimage\"},\"thumbnailUrl\":\"https:\/\/letrame.com\/catalogo\/wp-content\/uploads\/2024\/04\/redportada_caminodelcalvario_-1-compressed.jpg\",\"datePublished\":\"2024-04-29T13:04:19+00:00\",\"dateModified\":\"2024-04-29T13:04:22+00:00\",\"breadcrumb\":{\"@id\":\"https:\/\/letrame.com\/catalogo\/producto\/camino-del-calvario\/#breadcrumb\"},\"inLanguage\":\"es\",\"potentialAction\":[{\"@type\":\"ReadAction\",\"target\":[\"https:\/\/letrame.com\/catalogo\/producto\/camino-del-calvario\/\"]}]},{\"@type\":\"ImageObject\",\"inLanguage\":\"es\",\"@id\":\"https:\/\/letrame.com\/catalogo\/producto\/camino-del-calvario\/#primaryimage\",\"url\":\"https:\/\/letrame.com\/catalogo\/wp-content\/uploads\/2024\/04\/redportada_caminodelcalvario_-1-compressed.jpg\",\"contentUrl\":\"https:\/\/letrame.com\/catalogo\/wp-content\/uploads\/2024\/04\/redportada_caminodelcalvario_-1-compressed.jpg\",\"width\":601,\"height\":881},{\"@type\":\"BreadcrumbList\",\"@id\":\"https:\/\/letrame.com\/catalogo\/producto\/camino-del-calvario\/#breadcrumb\",\"itemListElement\":[{\"@type\":\"ListItem\",\"position\":1,\"name\":\"Portada\",\"item\":\"https:\/\/letrame.com\/catalogo\/\"},{\"@type\":\"ListItem\",\"position\":2,\"name\":\"Cat\u00e1logo\",\"item\":\"https:\/\/letrame.com\/catalogo\/\"},{\"@type\":\"ListItem\",\"position\":3,\"name\":\"Camino del calvario\"}]},{\"@type\":\"WebSite\",\"@id\":\"https:\/\/letrame.com\/catalogo\/#website\",\"url\":\"https:\/\/letrame.com\/catalogo\/\",\"name\":\"Catalogo | Letrame Grupo Editorial\",\"description\":\"\",\"publisher\":{\"@id\":\"https:\/\/letrame.com\/catalogo\/#organization\"},\"potentialAction\":[{\"@type\":\"SearchAction\",\"target\":{\"@type\":\"EntryPoint\",\"urlTemplate\":\"https:\/\/letrame.com\/catalogo\/?s={search_term_string}\"},\"query-input\":{\"@type\":\"PropertyValueSpecification\",\"valueRequired\":true,\"valueName\":\"search_term_string\"}}],\"inLanguage\":\"es\"},{\"@type\":\"Organization\",\"@id\":\"https:\/\/letrame.com\/catalogo\/#organization\",\"name\":\"Catalogo | Letrame Grupo Editorial\",\"url\":\"https:\/\/letrame.com\/catalogo\/\",\"logo\":{\"@type\":\"ImageObject\",\"inLanguage\":\"es\",\"@id\":\"https:\/\/letrame.com\/catalogo\/#\/schema\/logo\/image\/\",\"url\":\"https:\/\/letrame.com\/catalogo\/wp-content\/uploads\/2024\/03\/logo2.webp\",\"contentUrl\":\"https:\/\/letrame.com\/catalogo\/wp-content\/uploads\/2024\/03\/logo2.webp\",\"width\":394,\"height\":128,\"caption\":\"Catalogo | Letrame Grupo Editorial\"},\"image\":{\"@id\":\"https:\/\/letrame.com\/catalogo\/#\/schema\/logo\/image\/\"}}]}<\/script>\n<!-- \/ Yoast SEO plugin. -->","yoast_head_json":{"title":"Camino del calvario - Catalogo | Letrame Grupo Editorial","robots":{"index":"index","follow":"follow","max-snippet":"max-snippet:-1","max-image-preview":"max-image-preview:large","max-video-preview":"max-video-preview:-1"},"canonical":"https:\/\/letrame.com\/catalogo\/producto\/camino-del-calvario\/","og_locale":"es_ES","og_type":"article","og_title":"Camino del calvario - Catalogo | Letrame Grupo Editorial","og_description":"ISBN: 978-84-1144-468-2 SINOPSIS Sucede en un momento en que eran necesarias 15 obras que representen el momento de la pasi\u00f3n de Cristo, una vez terminadas las obras se escribe el libro en funci\u00f3n al acto realizado en cada imagen. Es sabido que todo empieza despu\u00e9s de la \u00faltima cena que la noche de un jueves hasta el atardecer del viernes. El libro Camino del calvario revive ese paso que realiz\u00f3 Jes\u00fas con la cruz y los diferentes pasajes que va sucediendo en el camino. Nada expresar\u00e1 la brutalidad con que fue tratado el salvador, pero a medida que transcurr\u00eda el trayecto es como si hubiese caminado junto a \u00e9l, al punto que cada d\u00eda sent\u00eda el dolor y la agon\u00eda vivida en ese entonces. No solo era el sentir estar frente a cada obra suced\u00eda una simbiosis inexplicable como sacando lo malo, liber\u00e1ndome y volcando en m\u00ed un esp\u00edritu nuevo fresco y renovado. En cada obra sucedi\u00f3 algo diferente, es sentir ese camino tortuoso lleno de gritos y bullicio que dif\u00edcilmente se podr\u00eda obtener paz. Aun as\u00ed, despu\u00e9s de cada obra terminada, quedaba invadido de una tranquilidad inusitada, revivir este momento es lo m\u00e1s grande que me haya pasado. De ser posible repetirlo estar\u00eda dispuesto a hacerlo cuantas veces fueran necesarias.","og_url":"https:\/\/letrame.com\/catalogo\/producto\/camino-del-calvario\/","og_site_name":"Catalogo | Letrame Grupo Editorial","article_modified_time":"2024-04-29T13:04:22+00:00","og_image":[{"width":601,"height":881,"url":"https:\/\/letrame.com\/catalogo\/wp-content\/uploads\/2024\/04\/redportada_caminodelcalvario_-1-compressed.jpg","type":"image\/jpeg"}],"twitter_card":"summary_large_image","twitter_misc":{"Tiempo de lectura":"1 minuto"},"schema":{"@context":"https:\/\/schema.org","@graph":[{"@type":"WebPage","@id":"https:\/\/letrame.com\/catalogo\/producto\/camino-del-calvario\/","url":"https:\/\/letrame.com\/catalogo\/producto\/camino-del-calvario\/","name":"Camino del calvario - Catalogo | Letrame Grupo Editorial","isPartOf":{"@id":"https:\/\/letrame.com\/catalogo\/#website"},"primaryImageOfPage":{"@id":"https:\/\/letrame.com\/catalogo\/producto\/camino-del-calvario\/#primaryimage"},"image":{"@id":"https:\/\/letrame.com\/catalogo\/producto\/camino-del-calvario\/#primaryimage"},"thumbnailUrl":"https:\/\/letrame.com\/catalogo\/wp-content\/uploads\/2024\/04\/redportada_caminodelcalvario_-1-compressed.jpg","datePublished":"2024-04-29T13:04:19+00:00","dateModified":"2024-04-29T13:04:22+00:00","breadcrumb":{"@id":"https:\/\/letrame.com\/catalogo\/producto\/camino-del-calvario\/#breadcrumb"},"inLanguage":"es","potentialAction":[{"@type":"ReadAction","target":["https:\/\/letrame.com\/catalogo\/producto\/camino-del-calvario\/"]}]},{"@type":"ImageObject","inLanguage":"es","@id":"https:\/\/letrame.com\/catalogo\/producto\/camino-del-calvario\/#primaryimage","url":"https:\/\/letrame.com\/catalogo\/wp-content\/uploads\/2024\/04\/redportada_caminodelcalvario_-1-compressed.jpg","contentUrl":"https:\/\/letrame.com\/catalogo\/wp-content\/uploads\/2024\/04\/redportada_caminodelcalvario_-1-compressed.jpg","width":601,"height":881},{"@type":"BreadcrumbList","@id":"https:\/\/letrame.com\/catalogo\/producto\/camino-del-calvario\/#breadcrumb","itemListElement":[{"@type":"ListItem","position":1,"name":"Portada","item":"https:\/\/letrame.com\/catalogo\/"},{"@type":"ListItem","position":2,"name":"Cat\u00e1logo","item":"https:\/\/letrame.com\/catalogo\/"},{"@type":"ListItem","position":3,"name":"Camino del calvario"}]},{"@type":"WebSite","@id":"https:\/\/letrame.com\/catalogo\/#website","url":"https:\/\/letrame.com\/catalogo\/","name":"Catalogo | Letrame Grupo Editorial","description":"","publisher":{"@id":"https:\/\/letrame.com\/catalogo\/#organization"},"potentialAction":[{"@type":"SearchAction","target":{"@type":"EntryPoint","urlTemplate":"https:\/\/letrame.com\/catalogo\/?s={search_term_string}"},"query-input":{"@type":"PropertyValueSpecification","valueRequired":true,"valueName":"search_term_string"}}],"inLanguage":"es"},{"@type":"Organization","@id":"https:\/\/letrame.com\/catalogo\/#organization","name":"Catalogo | Letrame Grupo Editorial","url":"https:\/\/letrame.com\/catalogo\/","logo":{"@type":"ImageObject","inLanguage":"es","@id":"https:\/\/letrame.com\/catalogo\/#\/schema\/logo\/image\/","url":"https:\/\/letrame.com\/catalogo\/wp-content\/uploads\/2024\/03\/logo2.webp","contentUrl":"https:\/\/letrame.com\/catalogo\/wp-content\/uploads\/2024\/03\/logo2.webp","width":394,"height":128,"caption":"Catalogo | Letrame Grupo Editorial"},"image":{"@id":"https:\/\/letrame.com\/catalogo\/#\/schema\/logo\/image\/"}}]}},"_links":{"self":[{"href":"https:\/\/letrame.com\/catalogo\/wp-json\/wp\/v2\/product\/98425","targetHints":{"allow":["GET"]}}],"collection":[{"href":"https:\/\/letrame.com\/catalogo\/wp-json\/wp\/v2\/product"}],"about":[{"href":"https:\/\/letrame.com\/catalogo\/wp-json\/wp\/v2\/types\/product"}],"replies":[{"embeddable":true,"href":"https:\/\/letrame.com\/catalogo\/wp-json\/wp\/v2\/comments?post=98425"}],"acf:post":[{"embeddable":true,"href":"https:\/\/letrame.com\/catalogo\/wp-json\/wp\/v2\/author_book\/76890"}],"wp:featuredmedia":[{"embeddable":true,"href":"https:\/\/letrame.com\/catalogo\/wp-json\/wp\/v2\/media\/98426"}],"wp:attachment":[{"href":"https:\/\/letrame.com\/catalogo\/wp-json\/wp\/v2\/media?parent=98425"}],"wp:term":[{"taxonomy":"libro","embeddable":true,"href":"https:\/\/letrame.com\/catalogo\/wp-json\/wp\/v2\/libro?post=98425"},{"taxonomy":"product_brand","embeddable":true,"href":"https:\/\/letrame.com\/catalogo\/wp-json\/wp\/v2\/product_brand?post=98425"},{"taxonomy":"product_cat","embeddable":true,"href":"https:\/\/letrame.com\/catalogo\/wp-json\/wp\/v2\/product_cat?post=98425"},{"taxonomy":"product_tag","embeddable":true,"href":"https:\/\/letrame.com\/catalogo\/wp-json\/wp\/v2\/product_tag?post=98425"}],"curies":[{"name":"wp","href":"https:\/\/api.w.org\/{rel}","templated":true}]}}