{"id":98421,"date":"2024-04-29T15:03:59","date_gmt":"2024-04-29T13:03:59","guid":{"rendered":"https:\/\/letrame.com\/catalogo\/producto\/relatos-de-despedida\/"},"modified":"2024-04-29T15:04:15","modified_gmt":"2024-04-29T13:04:15","slug":"relatos-de-despedida","status":"publish","type":"product","link":"https:\/\/letrame.com\/catalogo\/producto\/relatos-de-despedida\/","title":{"rendered":"Relatos de despedida"},"content":{"rendered":"<p><strong>ISBN<\/strong>: 978-84-1144-458-3<\/p>\n<p><strong>T\u00edtulo<\/strong>: Relatos de despedida<br \/>\n<strong>Fecha<\/strong>: 2022<br \/>\n<strong>P\u00e1ginas<\/strong>: 62<\/p>\n<p><strong>SINOPSIS<\/strong><\/p>\n<p>No se alarme el lector por el t\u00edtulo de esta obra. Con estos <em>Relatos de despedida<\/em>, Rafael Ramos no pretende despedirse de nadie, ni mucho menos de la vida. Pretende, m\u00e1s bien, salir al encuentro de una nueva fase de su vida, la que comienza con el final de una larga carrera profesional dedicada a la medicina como cirujano digestivo.<\/p>\n<p>&nbsp;<\/p>\n<p>Para ello, nos obsequia con una docena de relatos breves, incubados durante\u00a0 a\u00f1os, que solo tienen en com\u00fan la condensaci\u00f3n en unas pocas l\u00edneas de fantas\u00edas, experiencias vividas o imaginadas, estampas tomadas de la vida cotidiana o de hechos hist\u00f3ricos a los que imprime un giro narrativo que bien podr\u00eda haber sido realidad, en un ejercicio de imaginaci\u00f3n en el que el autor a la vez se muestra y se esconde, siendo lo menos importante cu\u00e1ndo hace una cosa y cu\u00e1ndo la otra.<\/p>\n<p>&nbsp;<\/p>\n<p>Destaca la lograda construcci\u00f3n de los personajes, ricos en matices; la habilidad para recrear a la perfecci\u00f3n sensaciones, emociones y experiencias, consiguiendo no solo arrastrar al lector a que devore cada relato, sino haciendo que empatice y haga suya las aventuras, y las tragedias, de los protagonistas, atrapando al lector; y la capacidad de s\u00edntesis, esencial para cualquier buen escritor de relatos.<\/p>\n<p>&nbsp;<\/p>\n<p>&nbsp;<\/p>\n<p>Cada una de las doce historias de este peque\u00f1o volumen tiene entidad por s\u00ed misma. Pueden leerse juntas o por separado, por su orden o de forma aleatoria. Todas dejan el sabor de una buena lectura y alguna pregunta no resuelta. Es la primera incursi\u00f3n literaria de quien dedic\u00f3 su vida laboral a la ciencia y, con seguridad, no ser\u00e1 la \u00faltima.<\/p>\n<p>&nbsp;<\/p>\n<p>&nbsp;<\/p>\n","protected":false},"excerpt":{"rendered":"<p><strong>ISBN<\/strong>: 978-84-1144-458-3<\/p>\n<p><strong>SINOPSIS<\/strong><\/p>\n<p>No se alarme el lector por el t\u00edtulo de esta obra. Con estos <em>Relatos de despedida<\/em>, Rafael Ramos no pretende despedirse de nadie, ni mucho menos de la vida. Pretende, m\u00e1s bien, salir al encuentro de una nueva fase de su vida, la que comienza con el final de una larga carrera profesional dedicada a la medicina como cirujano digestivo.<\/p>\n<p>&nbsp;<\/p>\n<p>Para ello, nos obsequia con una docena de relatos breves, incubados durante\u00a0 a\u00f1os, que solo tienen en com\u00fan la condensaci\u00f3n en unas pocas l\u00edneas de fantas\u00edas, experiencias vividas o imaginadas, estampas tomadas de la vida cotidiana o de hechos hist\u00f3ricos a los que imprime un giro narrativo que bien podr\u00eda haber sido realidad, en un ejercicio de imaginaci\u00f3n en el que el autor a la vez se muestra y se esconde, siendo lo menos importante cu\u00e1ndo hace una cosa y cu\u00e1ndo la otra.<\/p>\n<p>&nbsp;<\/p>\n<p>Destaca la lograda construcci\u00f3n de los personajes, ricos en matices; la habilidad para recrear a la perfecci\u00f3n sensaciones, emociones y experiencias, consiguiendo no solo arrastrar al lector a que devore cada relato, sino haciendo que empatice y haga suya las aventuras, y las tragedias, de los protagonistas, atrapando al lector; y la capacidad de s\u00edntesis, esencial para cualquier buen escritor de relatos.<\/p>\n<p>&nbsp;<\/p>\n<p>&nbsp;<\/p>\n<p>Cada una de las doce historias de este peque\u00f1o volumen tiene entidad por s\u00ed misma. Pueden leerse juntas o por separado, por su orden o de forma aleatoria. Todas dejan el sabor de una buena lectura y alguna pregunta no resuelta. Es la primera incursi\u00f3n literaria de quien dedic\u00f3 su vida laboral a la ciencia y, con seguridad, no ser\u00e1 la \u00faltima.<\/p>\n<p>&nbsp;<\/p>\n<p>&nbsp;<\/p>\n","protected":false},"featured_media":98422,"comment_status":"closed","ping_status":"open","template":"","meta":{"_acf_changed":false},"libro":[],"product_brand":[],"product_cat":[26],"product_tag":[],"class_list":{"0":"post-98421","1":"product","2":"type-product","3":"status-publish","4":"has-post-thumbnail","6":"product_cat-sin-categoria","8":"first","9":"instock","10":"product-type-simple"},"acf":{"autor":[76887],"enlace_de_compra":""},"yoast_head":"<!-- This site is optimized with the Yoast SEO plugin v26.6 - https:\/\/yoast.com\/wordpress\/plugins\/seo\/ -->\n<title>Relatos de despedida - Catalogo | Letrame Grupo Editorial<\/title>\n<meta name=\"robots\" content=\"index, follow, max-snippet:-1, max-image-preview:large, max-video-preview:-1\" \/>\n<link rel=\"canonical\" href=\"https:\/\/letrame.com\/catalogo\/producto\/relatos-de-despedida\/\" \/>\n<meta property=\"og:locale\" content=\"es_ES\" \/>\n<meta property=\"og:type\" content=\"article\" \/>\n<meta property=\"og:title\" content=\"Relatos de despedida - Catalogo | Letrame Grupo Editorial\" \/>\n<meta property=\"og:description\" content=\"ISBN: 978-84-1144-458-3 SINOPSIS No se alarme el lector por el t\u00edtulo de esta obra. Con estos Relatos de despedida, Rafael Ramos no pretende despedirse de nadie, ni mucho menos de la vida. Pretende, m\u00e1s bien, salir al encuentro de una nueva fase de su vida, la que comienza con el final de una larga carrera profesional dedicada a la medicina como cirujano digestivo. &nbsp; Para ello, nos obsequia con una docena de relatos breves, incubados durante\u00a0 a\u00f1os, que solo tienen en com\u00fan la condensaci\u00f3n en unas pocas l\u00edneas de fantas\u00edas, experiencias vividas o imaginadas, estampas tomadas de la vida cotidiana o de hechos hist\u00f3ricos a los que imprime un giro narrativo que bien podr\u00eda haber sido realidad, en un ejercicio de imaginaci\u00f3n en el que el autor a la vez se muestra y se esconde, siendo lo menos importante cu\u00e1ndo hace una cosa y cu\u00e1ndo la otra. &nbsp; Destaca la lograda construcci\u00f3n de los personajes, ricos en matices; la habilidad para recrear a la perfecci\u00f3n sensaciones, emociones y experiencias, consiguiendo no solo arrastrar al lector a que devore cada relato, sino haciendo que empatice y haga suya las aventuras, y las tragedias, de los protagonistas, atrapando al lector; y la capacidad de s\u00edntesis, esencial para cualquier buen escritor de relatos. &nbsp; &nbsp; Cada una de las doce historias de este peque\u00f1o volumen tiene entidad por s\u00ed misma. Pueden leerse juntas o por separado, por su orden o de forma aleatoria. Todas dejan el sabor de una buena lectura y alguna pregunta no resuelta. Es la primera incursi\u00f3n literaria de quien dedic\u00f3 su vida laboral a la ciencia y, con seguridad, no ser\u00e1 la \u00faltima. &nbsp; &nbsp;\" \/>\n<meta property=\"og:url\" content=\"https:\/\/letrame.com\/catalogo\/producto\/relatos-de-despedida\/\" \/>\n<meta property=\"og:site_name\" content=\"Catalogo | Letrame Grupo Editorial\" \/>\n<meta property=\"article:modified_time\" content=\"2024-04-29T13:04:15+00:00\" \/>\n<meta property=\"og:image\" content=\"https:\/\/letrame.com\/catalogo\/wp-content\/uploads\/2024\/04\/redportada_relatosdedespedida_393mm-1-compressed.jpg\" \/>\n\t<meta property=\"og:image:width\" content=\"601\" \/>\n\t<meta property=\"og:image:height\" content=\"881\" \/>\n\t<meta property=\"og:image:type\" content=\"image\/jpeg\" \/>\n<meta name=\"twitter:card\" content=\"summary_large_image\" \/>\n<meta name=\"twitter:label1\" content=\"Tiempo de lectura\" \/>\n\t<meta name=\"twitter:data1\" content=\"2 minutos\" \/>\n<script type=\"application\/ld+json\" class=\"yoast-schema-graph\">{\"@context\":\"https:\/\/schema.org\",\"@graph\":[{\"@type\":\"WebPage\",\"@id\":\"https:\/\/letrame.com\/catalogo\/producto\/relatos-de-despedida\/\",\"url\":\"https:\/\/letrame.com\/catalogo\/producto\/relatos-de-despedida\/\",\"name\":\"Relatos de despedida - Catalogo | Letrame Grupo Editorial\",\"isPartOf\":{\"@id\":\"https:\/\/letrame.com\/catalogo\/#website\"},\"primaryImageOfPage\":{\"@id\":\"https:\/\/letrame.com\/catalogo\/producto\/relatos-de-despedida\/#primaryimage\"},\"image\":{\"@id\":\"https:\/\/letrame.com\/catalogo\/producto\/relatos-de-despedida\/#primaryimage\"},\"thumbnailUrl\":\"https:\/\/letrame.com\/catalogo\/wp-content\/uploads\/2024\/04\/redportada_relatosdedespedida_393mm-1-compressed.jpg\",\"datePublished\":\"2024-04-29T13:03:59+00:00\",\"dateModified\":\"2024-04-29T13:04:15+00:00\",\"breadcrumb\":{\"@id\":\"https:\/\/letrame.com\/catalogo\/producto\/relatos-de-despedida\/#breadcrumb\"},\"inLanguage\":\"es\",\"potentialAction\":[{\"@type\":\"ReadAction\",\"target\":[\"https:\/\/letrame.com\/catalogo\/producto\/relatos-de-despedida\/\"]}]},{\"@type\":\"ImageObject\",\"inLanguage\":\"es\",\"@id\":\"https:\/\/letrame.com\/catalogo\/producto\/relatos-de-despedida\/#primaryimage\",\"url\":\"https:\/\/letrame.com\/catalogo\/wp-content\/uploads\/2024\/04\/redportada_relatosdedespedida_393mm-1-compressed.jpg\",\"contentUrl\":\"https:\/\/letrame.com\/catalogo\/wp-content\/uploads\/2024\/04\/redportada_relatosdedespedida_393mm-1-compressed.jpg\",\"width\":601,\"height\":881},{\"@type\":\"BreadcrumbList\",\"@id\":\"https:\/\/letrame.com\/catalogo\/producto\/relatos-de-despedida\/#breadcrumb\",\"itemListElement\":[{\"@type\":\"ListItem\",\"position\":1,\"name\":\"Portada\",\"item\":\"https:\/\/letrame.com\/catalogo\/\"},{\"@type\":\"ListItem\",\"position\":2,\"name\":\"Cat\u00e1logo\",\"item\":\"https:\/\/letrame.com\/catalogo\/\"},{\"@type\":\"ListItem\",\"position\":3,\"name\":\"Relatos de despedida\"}]},{\"@type\":\"WebSite\",\"@id\":\"https:\/\/letrame.com\/catalogo\/#website\",\"url\":\"https:\/\/letrame.com\/catalogo\/\",\"name\":\"Catalogo | Letrame Grupo Editorial\",\"description\":\"\",\"publisher\":{\"@id\":\"https:\/\/letrame.com\/catalogo\/#organization\"},\"potentialAction\":[{\"@type\":\"SearchAction\",\"target\":{\"@type\":\"EntryPoint\",\"urlTemplate\":\"https:\/\/letrame.com\/catalogo\/?s={search_term_string}\"},\"query-input\":{\"@type\":\"PropertyValueSpecification\",\"valueRequired\":true,\"valueName\":\"search_term_string\"}}],\"inLanguage\":\"es\"},{\"@type\":\"Organization\",\"@id\":\"https:\/\/letrame.com\/catalogo\/#organization\",\"name\":\"Catalogo | Letrame Grupo Editorial\",\"url\":\"https:\/\/letrame.com\/catalogo\/\",\"logo\":{\"@type\":\"ImageObject\",\"inLanguage\":\"es\",\"@id\":\"https:\/\/letrame.com\/catalogo\/#\/schema\/logo\/image\/\",\"url\":\"https:\/\/letrame.com\/catalogo\/wp-content\/uploads\/2024\/03\/logo2.webp\",\"contentUrl\":\"https:\/\/letrame.com\/catalogo\/wp-content\/uploads\/2024\/03\/logo2.webp\",\"width\":394,\"height\":128,\"caption\":\"Catalogo | Letrame Grupo Editorial\"},\"image\":{\"@id\":\"https:\/\/letrame.com\/catalogo\/#\/schema\/logo\/image\/\"}}]}<\/script>\n<!-- \/ Yoast SEO plugin. -->","yoast_head_json":{"title":"Relatos de despedida - Catalogo | Letrame Grupo Editorial","robots":{"index":"index","follow":"follow","max-snippet":"max-snippet:-1","max-image-preview":"max-image-preview:large","max-video-preview":"max-video-preview:-1"},"canonical":"https:\/\/letrame.com\/catalogo\/producto\/relatos-de-despedida\/","og_locale":"es_ES","og_type":"article","og_title":"Relatos de despedida - Catalogo | Letrame Grupo Editorial","og_description":"ISBN: 978-84-1144-458-3 SINOPSIS No se alarme el lector por el t\u00edtulo de esta obra. Con estos Relatos de despedida, Rafael Ramos no pretende despedirse de nadie, ni mucho menos de la vida. Pretende, m\u00e1s bien, salir al encuentro de una nueva fase de su vida, la que comienza con el final de una larga carrera profesional dedicada a la medicina como cirujano digestivo. &nbsp; Para ello, nos obsequia con una docena de relatos breves, incubados durante\u00a0 a\u00f1os, que solo tienen en com\u00fan la condensaci\u00f3n en unas pocas l\u00edneas de fantas\u00edas, experiencias vividas o imaginadas, estampas tomadas de la vida cotidiana o de hechos hist\u00f3ricos a los que imprime un giro narrativo que bien podr\u00eda haber sido realidad, en un ejercicio de imaginaci\u00f3n en el que el autor a la vez se muestra y se esconde, siendo lo menos importante cu\u00e1ndo hace una cosa y cu\u00e1ndo la otra. &nbsp; Destaca la lograda construcci\u00f3n de los personajes, ricos en matices; la habilidad para recrear a la perfecci\u00f3n sensaciones, emociones y experiencias, consiguiendo no solo arrastrar al lector a que devore cada relato, sino haciendo que empatice y haga suya las aventuras, y las tragedias, de los protagonistas, atrapando al lector; y la capacidad de s\u00edntesis, esencial para cualquier buen escritor de relatos. &nbsp; &nbsp; Cada una de las doce historias de este peque\u00f1o volumen tiene entidad por s\u00ed misma. Pueden leerse juntas o por separado, por su orden o de forma aleatoria. Todas dejan el sabor de una buena lectura y alguna pregunta no resuelta. Es la primera incursi\u00f3n literaria de quien dedic\u00f3 su vida laboral a la ciencia y, con seguridad, no ser\u00e1 la \u00faltima. &nbsp; &nbsp;","og_url":"https:\/\/letrame.com\/catalogo\/producto\/relatos-de-despedida\/","og_site_name":"Catalogo | Letrame Grupo Editorial","article_modified_time":"2024-04-29T13:04:15+00:00","og_image":[{"width":601,"height":881,"url":"https:\/\/letrame.com\/catalogo\/wp-content\/uploads\/2024\/04\/redportada_relatosdedespedida_393mm-1-compressed.jpg","type":"image\/jpeg"}],"twitter_card":"summary_large_image","twitter_misc":{"Tiempo de lectura":"2 minutos"},"schema":{"@context":"https:\/\/schema.org","@graph":[{"@type":"WebPage","@id":"https:\/\/letrame.com\/catalogo\/producto\/relatos-de-despedida\/","url":"https:\/\/letrame.com\/catalogo\/producto\/relatos-de-despedida\/","name":"Relatos de despedida - Catalogo | Letrame Grupo Editorial","isPartOf":{"@id":"https:\/\/letrame.com\/catalogo\/#website"},"primaryImageOfPage":{"@id":"https:\/\/letrame.com\/catalogo\/producto\/relatos-de-despedida\/#primaryimage"},"image":{"@id":"https:\/\/letrame.com\/catalogo\/producto\/relatos-de-despedida\/#primaryimage"},"thumbnailUrl":"https:\/\/letrame.com\/catalogo\/wp-content\/uploads\/2024\/04\/redportada_relatosdedespedida_393mm-1-compressed.jpg","datePublished":"2024-04-29T13:03:59+00:00","dateModified":"2024-04-29T13:04:15+00:00","breadcrumb":{"@id":"https:\/\/letrame.com\/catalogo\/producto\/relatos-de-despedida\/#breadcrumb"},"inLanguage":"es","potentialAction":[{"@type":"ReadAction","target":["https:\/\/letrame.com\/catalogo\/producto\/relatos-de-despedida\/"]}]},{"@type":"ImageObject","inLanguage":"es","@id":"https:\/\/letrame.com\/catalogo\/producto\/relatos-de-despedida\/#primaryimage","url":"https:\/\/letrame.com\/catalogo\/wp-content\/uploads\/2024\/04\/redportada_relatosdedespedida_393mm-1-compressed.jpg","contentUrl":"https:\/\/letrame.com\/catalogo\/wp-content\/uploads\/2024\/04\/redportada_relatosdedespedida_393mm-1-compressed.jpg","width":601,"height":881},{"@type":"BreadcrumbList","@id":"https:\/\/letrame.com\/catalogo\/producto\/relatos-de-despedida\/#breadcrumb","itemListElement":[{"@type":"ListItem","position":1,"name":"Portada","item":"https:\/\/letrame.com\/catalogo\/"},{"@type":"ListItem","position":2,"name":"Cat\u00e1logo","item":"https:\/\/letrame.com\/catalogo\/"},{"@type":"ListItem","position":3,"name":"Relatos de despedida"}]},{"@type":"WebSite","@id":"https:\/\/letrame.com\/catalogo\/#website","url":"https:\/\/letrame.com\/catalogo\/","name":"Catalogo | Letrame Grupo Editorial","description":"","publisher":{"@id":"https:\/\/letrame.com\/catalogo\/#organization"},"potentialAction":[{"@type":"SearchAction","target":{"@type":"EntryPoint","urlTemplate":"https:\/\/letrame.com\/catalogo\/?s={search_term_string}"},"query-input":{"@type":"PropertyValueSpecification","valueRequired":true,"valueName":"search_term_string"}}],"inLanguage":"es"},{"@type":"Organization","@id":"https:\/\/letrame.com\/catalogo\/#organization","name":"Catalogo | Letrame Grupo Editorial","url":"https:\/\/letrame.com\/catalogo\/","logo":{"@type":"ImageObject","inLanguage":"es","@id":"https:\/\/letrame.com\/catalogo\/#\/schema\/logo\/image\/","url":"https:\/\/letrame.com\/catalogo\/wp-content\/uploads\/2024\/03\/logo2.webp","contentUrl":"https:\/\/letrame.com\/catalogo\/wp-content\/uploads\/2024\/03\/logo2.webp","width":394,"height":128,"caption":"Catalogo | Letrame Grupo Editorial"},"image":{"@id":"https:\/\/letrame.com\/catalogo\/#\/schema\/logo\/image\/"}}]}},"_links":{"self":[{"href":"https:\/\/letrame.com\/catalogo\/wp-json\/wp\/v2\/product\/98421","targetHints":{"allow":["GET"]}}],"collection":[{"href":"https:\/\/letrame.com\/catalogo\/wp-json\/wp\/v2\/product"}],"about":[{"href":"https:\/\/letrame.com\/catalogo\/wp-json\/wp\/v2\/types\/product"}],"replies":[{"embeddable":true,"href":"https:\/\/letrame.com\/catalogo\/wp-json\/wp\/v2\/comments?post=98421"}],"acf:post":[{"embeddable":true,"href":"https:\/\/letrame.com\/catalogo\/wp-json\/wp\/v2\/author_book\/76887"}],"wp:featuredmedia":[{"embeddable":true,"href":"https:\/\/letrame.com\/catalogo\/wp-json\/wp\/v2\/media\/98422"}],"wp:attachment":[{"href":"https:\/\/letrame.com\/catalogo\/wp-json\/wp\/v2\/media?parent=98421"}],"wp:term":[{"taxonomy":"libro","embeddable":true,"href":"https:\/\/letrame.com\/catalogo\/wp-json\/wp\/v2\/libro?post=98421"},{"taxonomy":"product_brand","embeddable":true,"href":"https:\/\/letrame.com\/catalogo\/wp-json\/wp\/v2\/product_brand?post=98421"},{"taxonomy":"product_cat","embeddable":true,"href":"https:\/\/letrame.com\/catalogo\/wp-json\/wp\/v2\/product_cat?post=98421"},{"taxonomy":"product_tag","embeddable":true,"href":"https:\/\/letrame.com\/catalogo\/wp-json\/wp\/v2\/product_tag?post=98421"}],"curies":[{"name":"wp","href":"https:\/\/api.w.org\/{rel}","templated":true}]}}