{"id":98419,"date":"2024-04-29T15:03:59","date_gmt":"2024-04-29T13:03:59","guid":{"rendered":"https:\/\/letrame.com\/catalogo\/producto\/la-verdad-esta-en-camino\/"},"modified":"2024-04-29T15:04:11","modified_gmt":"2024-04-29T13:04:11","slug":"la-verdad-esta-en-camino","status":"publish","type":"product","link":"https:\/\/letrame.com\/catalogo\/producto\/la-verdad-esta-en-camino\/","title":{"rendered":"La verdad est\u00e1 en camino"},"content":{"rendered":"<p><strong>ISBN<\/strong>: 978-84-1144-692-1<\/p>\n<p><strong>T\u00edtulo<\/strong>: La verdad est\u00e1 en camino<br \/>\n<strong>Fecha<\/strong>: 2022<br \/>\n<strong>P\u00e1ginas<\/strong>: 204<\/p>\n<p><strong>SINOPSIS<\/strong><\/p>\n<p><u>UNA HISTORIA DE AMOR, MENTIRAS Y ESPIONAJE<\/u><\/p>\n<p>&nbsp;<\/p>\n<p>Alejandro vive con sus padres en un c\u00e9ntrico piso de Madrid.<\/p>\n<p>El descubrimiento de\u00a0un zulo subterr\u00e1neo en su casa\u00a0le cambiar\u00e1 la vida para siempre. A medida que va investigando lo que ha encontrado en su interior la relaci\u00f3n con sus padres se va deteriorando inexorablemente.<\/p>\n<p>&nbsp;<\/p>\n<p>Los impulsos por saber m\u00e1s le llevan a adentrarse en un mundo desconocido. Alejandro va poco a poco descubriendo la mentira en la que ha vivido hasta ese momento.<\/p>\n<p>&nbsp;<\/p>\n<p>De manera rocambolesca comienza a trabajar como <em>manager<\/em> musical de un grupo emergente nacido en plena movida madrile\u00f1a a principios de los 80.<\/p>\n<p>&nbsp;<\/p>\n<p>Tras una tr\u00e1gica e inesperada noticia, Alejandro comienza un literal camino que le lleva a descubrir por fin muchas de las cosas que le han atormentado durante los a\u00f1os de adolescencia.<\/p>\n<p>&nbsp;<\/p>\n","protected":false},"excerpt":{"rendered":"<p><strong>ISBN<\/strong>: 978-84-1144-692-1<\/p>\n<p><strong>SINOPSIS<\/strong><\/p>\n<p><u>UNA HISTORIA DE AMOR, MENTIRAS Y ESPIONAJE<\/u><\/p>\n<p>&nbsp;<\/p>\n<p>Alejandro vive con sus padres en un c\u00e9ntrico piso de Madrid.<\/p>\n<p>El descubrimiento de\u00a0un zulo subterr\u00e1neo en su casa\u00a0le cambiar\u00e1 la vida para siempre. A medida que va investigando lo que ha encontrado en su interior la relaci\u00f3n con sus padres se va deteriorando inexorablemente.<\/p>\n<p>&nbsp;<\/p>\n<p>Los impulsos por saber m\u00e1s le llevan a adentrarse en un mundo desconocido. Alejandro va poco a poco descubriendo la mentira en la que ha vivido hasta ese momento.<\/p>\n<p>&nbsp;<\/p>\n<p>De manera rocambolesca comienza a trabajar como <em>manager<\/em> musical de un grupo emergente nacido en plena movida madrile\u00f1a a principios de los 80.<\/p>\n<p>&nbsp;<\/p>\n<p>Tras una tr\u00e1gica e inesperada noticia, Alejandro comienza un literal camino que le lleva a descubrir por fin muchas de las cosas que le han atormentado durante los a\u00f1os de adolescencia.<\/p>\n<p>&nbsp;<\/p>\n<p>[aux_button label=\u00bbCOMPRAR\u00bb size=\u00bbmedium\u00bb icon_align=\u00bbleft\u00bb color_name=\u00bbball-blue\u00bb link=\u00bb https:\/\/www.amazon.es\/verdad-est%C3%A1-en-camino\/dp\/8411444104\/\/\u00bb]<\/p>\n","protected":false},"featured_media":98420,"comment_status":"closed","ping_status":"open","template":"","meta":{"_acf_changed":false},"libro":[],"product_brand":[],"product_cat":[26],"product_tag":[],"class_list":{"0":"post-98419","1":"product","2":"type-product","3":"status-publish","4":"has-post-thumbnail","6":"product_cat-sin-categoria","8":"first","9":"instock","10":"product-type-simple"},"acf":{"autor":[76885],"enlace_de_compra":""},"yoast_head":"<!-- This site is optimized with the Yoast SEO plugin v27.4 - https:\/\/yoast.com\/product\/yoast-seo-wordpress\/ -->\n<title>La verdad est\u00e1 en camino - Catalogo | Letrame Grupo Editorial<\/title>\n<meta name=\"robots\" content=\"index, follow, max-snippet:-1, max-image-preview:large, max-video-preview:-1\" \/>\n<link rel=\"canonical\" href=\"https:\/\/letrame.com\/catalogo\/producto\/la-verdad-esta-en-camino\/\" \/>\n<meta property=\"og:locale\" content=\"es_ES\" \/>\n<meta property=\"og:type\" content=\"article\" \/>\n<meta property=\"og:title\" content=\"La verdad est\u00e1 en camino - Catalogo | Letrame Grupo Editorial\" \/>\n<meta property=\"og:description\" content=\"ISBN: 978-84-1144-692-1 SINOPSIS UNA HISTORIA DE AMOR, MENTIRAS Y ESPIONAJE &nbsp; Alejandro vive con sus padres en un c\u00e9ntrico piso de Madrid. El descubrimiento de\u00a0un zulo subterr\u00e1neo en su casa\u00a0le cambiar\u00e1 la vida para siempre. A medida que va investigando lo que ha encontrado en su interior la relaci\u00f3n con sus padres se va deteriorando inexorablemente. &nbsp; Los impulsos por saber m\u00e1s le llevan a adentrarse en un mundo desconocido. Alejandro va poco a poco descubriendo la mentira en la que ha vivido hasta ese momento. &nbsp; De manera rocambolesca comienza a trabajar como manager musical de un grupo emergente nacido en plena movida madrile\u00f1a a principios de los 80. &nbsp; Tras una tr\u00e1gica e inesperada noticia, Alejandro comienza un literal camino que le lleva a descubrir por fin muchas de las cosas que le han atormentado durante los a\u00f1os de adolescencia. &nbsp; [aux_button label=&quot;COMPRAR&quot; size=&quot;medium&quot; icon_align=&quot;left&quot; color_name=&quot;ball-blue&quot; link=&quot; https:\/\/www.amazon.es\/verdad-est%C3%A1-en-camino\/dp\/8411444104\/\/&quot;]\" \/>\n<meta property=\"og:url\" content=\"https:\/\/letrame.com\/catalogo\/producto\/la-verdad-esta-en-camino\/\" \/>\n<meta property=\"og:site_name\" content=\"Catalogo | Letrame Grupo Editorial\" \/>\n<meta property=\"article:modified_time\" content=\"2024-04-29T13:04:11+00:00\" \/>\n<meta property=\"og:image\" content=\"https:\/\/letrame.com\/catalogo\/wp-content\/uploads\/2024\/04\/redportada_laverdadestaencamino_1048mm.jpg\" \/>\n\t<meta property=\"og:image:width\" content=\"601\" \/>\n\t<meta property=\"og:image:height\" content=\"881\" \/>\n\t<meta property=\"og:image:type\" content=\"image\/jpeg\" \/>\n<meta name=\"twitter:card\" content=\"summary_large_image\" \/>\n<meta name=\"twitter:label1\" content=\"Tiempo de lectura\" \/>\n\t<meta name=\"twitter:data1\" content=\"1 minuto\" \/>\n<script type=\"application\/ld+json\" class=\"yoast-schema-graph\">{\"@context\":\"https:\\\/\\\/schema.org\",\"@graph\":[{\"@type\":\"WebPage\",\"@id\":\"https:\\\/\\\/letrame.com\\\/catalogo\\\/producto\\\/la-verdad-esta-en-camino\\\/\",\"url\":\"https:\\\/\\\/letrame.com\\\/catalogo\\\/producto\\\/la-verdad-esta-en-camino\\\/\",\"name\":\"La verdad est\u00e1 en camino - Catalogo | Letrame Grupo Editorial\",\"isPartOf\":{\"@id\":\"https:\\\/\\\/letrame.com\\\/catalogo\\\/#website\"},\"primaryImageOfPage\":{\"@id\":\"https:\\\/\\\/letrame.com\\\/catalogo\\\/producto\\\/la-verdad-esta-en-camino\\\/#primaryimage\"},\"image\":{\"@id\":\"https:\\\/\\\/letrame.com\\\/catalogo\\\/producto\\\/la-verdad-esta-en-camino\\\/#primaryimage\"},\"thumbnailUrl\":\"https:\\\/\\\/letrame.com\\\/catalogo\\\/wp-content\\\/uploads\\\/2024\\\/04\\\/redportada_laverdadestaencamino_1048mm.jpg\",\"datePublished\":\"2024-04-29T13:03:59+00:00\",\"dateModified\":\"2024-04-29T13:04:11+00:00\",\"breadcrumb\":{\"@id\":\"https:\\\/\\\/letrame.com\\\/catalogo\\\/producto\\\/la-verdad-esta-en-camino\\\/#breadcrumb\"},\"inLanguage\":\"es\",\"potentialAction\":[{\"@type\":\"ReadAction\",\"target\":[\"https:\\\/\\\/letrame.com\\\/catalogo\\\/producto\\\/la-verdad-esta-en-camino\\\/\"]}]},{\"@type\":\"ImageObject\",\"inLanguage\":\"es\",\"@id\":\"https:\\\/\\\/letrame.com\\\/catalogo\\\/producto\\\/la-verdad-esta-en-camino\\\/#primaryimage\",\"url\":\"https:\\\/\\\/letrame.com\\\/catalogo\\\/wp-content\\\/uploads\\\/2024\\\/04\\\/redportada_laverdadestaencamino_1048mm.jpg\",\"contentUrl\":\"https:\\\/\\\/letrame.com\\\/catalogo\\\/wp-content\\\/uploads\\\/2024\\\/04\\\/redportada_laverdadestaencamino_1048mm.jpg\",\"width\":601,\"height\":881},{\"@type\":\"BreadcrumbList\",\"@id\":\"https:\\\/\\\/letrame.com\\\/catalogo\\\/producto\\\/la-verdad-esta-en-camino\\\/#breadcrumb\",\"itemListElement\":[{\"@type\":\"ListItem\",\"position\":1,\"name\":\"Portada\",\"item\":\"https:\\\/\\\/letrame.com\\\/catalogo\\\/\"},{\"@type\":\"ListItem\",\"position\":2,\"name\":\"Cat\u00e1logo\",\"item\":\"https:\\\/\\\/letrame.com\\\/catalogo\\\/\"},{\"@type\":\"ListItem\",\"position\":3,\"name\":\"La verdad est\u00e1 en camino\"}]},{\"@type\":\"WebSite\",\"@id\":\"https:\\\/\\\/letrame.com\\\/catalogo\\\/#website\",\"url\":\"https:\\\/\\\/letrame.com\\\/catalogo\\\/\",\"name\":\"Catalogo | Letrame Grupo Editorial\",\"description\":\"\",\"publisher\":{\"@id\":\"https:\\\/\\\/letrame.com\\\/catalogo\\\/#organization\"},\"potentialAction\":[{\"@type\":\"SearchAction\",\"target\":{\"@type\":\"EntryPoint\",\"urlTemplate\":\"https:\\\/\\\/letrame.com\\\/catalogo\\\/?s={search_term_string}\"},\"query-input\":{\"@type\":\"PropertyValueSpecification\",\"valueRequired\":true,\"valueName\":\"search_term_string\"}}],\"inLanguage\":\"es\"},{\"@type\":\"Organization\",\"@id\":\"https:\\\/\\\/letrame.com\\\/catalogo\\\/#organization\",\"name\":\"Catalogo | Letrame Grupo Editorial\",\"url\":\"https:\\\/\\\/letrame.com\\\/catalogo\\\/\",\"logo\":{\"@type\":\"ImageObject\",\"inLanguage\":\"es\",\"@id\":\"https:\\\/\\\/letrame.com\\\/catalogo\\\/#\\\/schema\\\/logo\\\/image\\\/\",\"url\":\"https:\\\/\\\/letrame.com\\\/catalogo\\\/wp-content\\\/uploads\\\/2024\\\/03\\\/logo2.webp\",\"contentUrl\":\"https:\\\/\\\/letrame.com\\\/catalogo\\\/wp-content\\\/uploads\\\/2024\\\/03\\\/logo2.webp\",\"width\":394,\"height\":128,\"caption\":\"Catalogo | Letrame Grupo Editorial\"},\"image\":{\"@id\":\"https:\\\/\\\/letrame.com\\\/catalogo\\\/#\\\/schema\\\/logo\\\/image\\\/\"}}]}<\/script>\n<!-- \/ Yoast SEO plugin. -->","yoast_head_json":{"title":"La verdad est\u00e1 en camino - Catalogo | Letrame Grupo Editorial","robots":{"index":"index","follow":"follow","max-snippet":"max-snippet:-1","max-image-preview":"max-image-preview:large","max-video-preview":"max-video-preview:-1"},"canonical":"https:\/\/letrame.com\/catalogo\/producto\/la-verdad-esta-en-camino\/","og_locale":"es_ES","og_type":"article","og_title":"La verdad est\u00e1 en camino - Catalogo | Letrame Grupo Editorial","og_description":"ISBN: 978-84-1144-692-1 SINOPSIS UNA HISTORIA DE AMOR, MENTIRAS Y ESPIONAJE &nbsp; Alejandro vive con sus padres en un c\u00e9ntrico piso de Madrid. El descubrimiento de\u00a0un zulo subterr\u00e1neo en su casa\u00a0le cambiar\u00e1 la vida para siempre. A medida que va investigando lo que ha encontrado en su interior la relaci\u00f3n con sus padres se va deteriorando inexorablemente. &nbsp; Los impulsos por saber m\u00e1s le llevan a adentrarse en un mundo desconocido. Alejandro va poco a poco descubriendo la mentira en la que ha vivido hasta ese momento. &nbsp; De manera rocambolesca comienza a trabajar como manager musical de un grupo emergente nacido en plena movida madrile\u00f1a a principios de los 80. &nbsp; Tras una tr\u00e1gica e inesperada noticia, Alejandro comienza un literal camino que le lleva a descubrir por fin muchas de las cosas que le han atormentado durante los a\u00f1os de adolescencia. &nbsp; [aux_button label=\"COMPRAR\" size=\"medium\" icon_align=\"left\" color_name=\"ball-blue\" link=\" https:\/\/www.amazon.es\/verdad-est%C3%A1-en-camino\/dp\/8411444104\/\/\"]","og_url":"https:\/\/letrame.com\/catalogo\/producto\/la-verdad-esta-en-camino\/","og_site_name":"Catalogo | Letrame Grupo Editorial","article_modified_time":"2024-04-29T13:04:11+00:00","og_image":[{"width":601,"height":881,"url":"https:\/\/letrame.com\/catalogo\/wp-content\/uploads\/2024\/04\/redportada_laverdadestaencamino_1048mm.jpg","type":"image\/jpeg"}],"twitter_card":"summary_large_image","twitter_misc":{"Tiempo de lectura":"1 minuto"},"schema":{"@context":"https:\/\/schema.org","@graph":[{"@type":"WebPage","@id":"https:\/\/letrame.com\/catalogo\/producto\/la-verdad-esta-en-camino\/","url":"https:\/\/letrame.com\/catalogo\/producto\/la-verdad-esta-en-camino\/","name":"La verdad est\u00e1 en camino - Catalogo | Letrame Grupo Editorial","isPartOf":{"@id":"https:\/\/letrame.com\/catalogo\/#website"},"primaryImageOfPage":{"@id":"https:\/\/letrame.com\/catalogo\/producto\/la-verdad-esta-en-camino\/#primaryimage"},"image":{"@id":"https:\/\/letrame.com\/catalogo\/producto\/la-verdad-esta-en-camino\/#primaryimage"},"thumbnailUrl":"https:\/\/letrame.com\/catalogo\/wp-content\/uploads\/2024\/04\/redportada_laverdadestaencamino_1048mm.jpg","datePublished":"2024-04-29T13:03:59+00:00","dateModified":"2024-04-29T13:04:11+00:00","breadcrumb":{"@id":"https:\/\/letrame.com\/catalogo\/producto\/la-verdad-esta-en-camino\/#breadcrumb"},"inLanguage":"es","potentialAction":[{"@type":"ReadAction","target":["https:\/\/letrame.com\/catalogo\/producto\/la-verdad-esta-en-camino\/"]}]},{"@type":"ImageObject","inLanguage":"es","@id":"https:\/\/letrame.com\/catalogo\/producto\/la-verdad-esta-en-camino\/#primaryimage","url":"https:\/\/letrame.com\/catalogo\/wp-content\/uploads\/2024\/04\/redportada_laverdadestaencamino_1048mm.jpg","contentUrl":"https:\/\/letrame.com\/catalogo\/wp-content\/uploads\/2024\/04\/redportada_laverdadestaencamino_1048mm.jpg","width":601,"height":881},{"@type":"BreadcrumbList","@id":"https:\/\/letrame.com\/catalogo\/producto\/la-verdad-esta-en-camino\/#breadcrumb","itemListElement":[{"@type":"ListItem","position":1,"name":"Portada","item":"https:\/\/letrame.com\/catalogo\/"},{"@type":"ListItem","position":2,"name":"Cat\u00e1logo","item":"https:\/\/letrame.com\/catalogo\/"},{"@type":"ListItem","position":3,"name":"La verdad est\u00e1 en camino"}]},{"@type":"WebSite","@id":"https:\/\/letrame.com\/catalogo\/#website","url":"https:\/\/letrame.com\/catalogo\/","name":"Catalogo | Letrame Grupo Editorial","description":"","publisher":{"@id":"https:\/\/letrame.com\/catalogo\/#organization"},"potentialAction":[{"@type":"SearchAction","target":{"@type":"EntryPoint","urlTemplate":"https:\/\/letrame.com\/catalogo\/?s={search_term_string}"},"query-input":{"@type":"PropertyValueSpecification","valueRequired":true,"valueName":"search_term_string"}}],"inLanguage":"es"},{"@type":"Organization","@id":"https:\/\/letrame.com\/catalogo\/#organization","name":"Catalogo | Letrame Grupo Editorial","url":"https:\/\/letrame.com\/catalogo\/","logo":{"@type":"ImageObject","inLanguage":"es","@id":"https:\/\/letrame.com\/catalogo\/#\/schema\/logo\/image\/","url":"https:\/\/letrame.com\/catalogo\/wp-content\/uploads\/2024\/03\/logo2.webp","contentUrl":"https:\/\/letrame.com\/catalogo\/wp-content\/uploads\/2024\/03\/logo2.webp","width":394,"height":128,"caption":"Catalogo | Letrame Grupo Editorial"},"image":{"@id":"https:\/\/letrame.com\/catalogo\/#\/schema\/logo\/image\/"}}]}},"_links":{"self":[{"href":"https:\/\/letrame.com\/catalogo\/wp-json\/wp\/v2\/product\/98419","targetHints":{"allow":["GET"]}}],"collection":[{"href":"https:\/\/letrame.com\/catalogo\/wp-json\/wp\/v2\/product"}],"about":[{"href":"https:\/\/letrame.com\/catalogo\/wp-json\/wp\/v2\/types\/product"}],"replies":[{"embeddable":true,"href":"https:\/\/letrame.com\/catalogo\/wp-json\/wp\/v2\/comments?post=98419"}],"acf:post":[{"embeddable":true,"href":"https:\/\/letrame.com\/catalogo\/wp-json\/wp\/v2\/author_book\/76885"}],"wp:featuredmedia":[{"embeddable":true,"href":"https:\/\/letrame.com\/catalogo\/wp-json\/wp\/v2\/media\/98420"}],"wp:attachment":[{"href":"https:\/\/letrame.com\/catalogo\/wp-json\/wp\/v2\/media?parent=98419"}],"wp:term":[{"taxonomy":"libro","embeddable":true,"href":"https:\/\/letrame.com\/catalogo\/wp-json\/wp\/v2\/libro?post=98419"},{"taxonomy":"product_brand","embeddable":true,"href":"https:\/\/letrame.com\/catalogo\/wp-json\/wp\/v2\/product_brand?post=98419"},{"taxonomy":"product_cat","embeddable":true,"href":"https:\/\/letrame.com\/catalogo\/wp-json\/wp\/v2\/product_cat?post=98419"},{"taxonomy":"product_tag","embeddable":true,"href":"https:\/\/letrame.com\/catalogo\/wp-json\/wp\/v2\/product_tag?post=98419"}],"curies":[{"name":"wp","href":"https:\/\/api.w.org\/{rel}","templated":true}]}}