{"id":98415,"date":"2024-04-29T15:03:36","date_gmt":"2024-04-29T13:03:36","guid":{"rendered":"https:\/\/letrame.com\/catalogo\/producto\/matias-y-don-sertorio-2\/"},"modified":"2024-08-09T12:08:25","modified_gmt":"2024-08-09T10:08:25","slug":"matias-y-don-sertorio-2","status":"publish","type":"product","link":"https:\/\/letrame.com\/catalogo\/producto\/matias-y-don-sertorio-2\/","title":{"rendered":"Mat\u00edas y don Sertorio"},"content":{"rendered":"<p><strong>ISBN<\/strong>: 978-84-1144-453-8<\/p>\n<p><strong>T\u00edtulo<\/strong>: Mat\u00edas y don Sertorio<br \/>\n<strong>Fecha<\/strong>: 2022<br \/>\n<strong>P\u00e1ginas<\/strong>: 252<\/p>\n<p><strong>SINOPSIS<\/strong><\/p>\n<p>Dejar pasar cada momento tras navegar libremente con el viento ensimismado.<\/p>\n<p>Nuevamente llegan hasta nosotros Mat\u00edas y don Sertor\u00edo, que nos atrapan en un inmenso oc\u00e9ano de sue\u00f1os y que d\u00eda tras d\u00eda juntos de nuevo\u2026 van dejando a la deriva tras sus pasos con el palpitar del tiempo, que tan presente quedan en cada rinc\u00f3n de nuestros corazones y ocultos toca descubrirlos tras estas letras.<\/p>\n<p>Desvel\u00e1ndonos la esencia o los secretos de c\u00f3mo prosiguen inseparables e inmersos y sumidos en un sinf\u00edn de interminables aventuras.<\/p>\n<p>Mientras a cada instante van acerc\u00e1ndose m\u00e1s y m\u00e1s con sigilo a la singular Isla del Percebe, un lugar tan m\u00e1gico, enigm\u00e1tico y extrovertido que ensamblando sus vidas a la par.<\/p>\n<p>Van dej\u00e1ndonos huellas imborrables en cada mirada a trav\u00e9s de la lectura, transport\u00e1ndonos en el transcurso de cada p\u00e1gina, cada letra y que inquietas va quedando a la vez, pudiendo llegar a sentir en ellas\u2026 hasta la esencia del papel entre tus pulgares, en esta bonita, irrepetible e inigualable historia y tan singular.<\/p>\n<p>&nbsp;<\/p>\n","protected":false},"excerpt":{"rendered":"<p><strong>ISBN<\/strong>: 978-84-1144-453-8<\/p>\n<p><strong>SINOPSIS<\/strong><\/p>\n<p>Dejar pasar cada momento tras navegar libremente con el viento ensimismado.<\/p>\n<p>Nuevamente llegan hasta nosotros Mat\u00edas y don Sertor\u00edo, que nos atrapan en un inmenso oc\u00e9ano de sue\u00f1os y que d\u00eda tras d\u00eda juntos de nuevo\u2026 van dejando a la deriva tras sus pasos con el palpitar del tiempo, que tan presente quedan en cada rinc\u00f3n de nuestros corazones y ocultos toca descubrirlos tras estas letras.<\/p>\n<p>Desvel\u00e1ndonos la esencia o los secretos de c\u00f3mo prosiguen inseparables e inmersos y sumidos en un sinf\u00edn de interminables aventuras.<\/p>\n<p>Mientras a cada instante van acerc\u00e1ndose m\u00e1s y m\u00e1s con sigilo a la singular Isla del Percebe, un lugar tan m\u00e1gico, enigm\u00e1tico y extrovertido que ensamblando sus vidas a la par.<\/p>\n<p>Van dej\u00e1ndonos huellas imborrables en cada mirada a trav\u00e9s de la lectura, transport\u00e1ndonos en el transcurso de cada p\u00e1gina, cada letra y que inquietas va quedando a la vez, pudiendo llegar a sentir en ellas\u2026 hasta la esencia del papel entre tus pulgares, en esta bonita, irrepetible e inigualable historia y tan singular.<\/p>\n","protected":false},"featured_media":98416,"comment_status":"closed","ping_status":"closed","template":"","meta":{"_acf_changed":false},"libro":[],"product_brand":[],"product_cat":[26],"product_tag":[],"class_list":{"0":"post-98415","1":"product","2":"type-product","3":"status-publish","4":"has-post-thumbnail","6":"product_cat-sin-categoria","8":"first","9":"instock","10":"purchasable","11":"product-type-simple"},"acf":{"autor":[78041],"enlace_de_compra":"https:\/\/www.agapea.com\/Alfonso-Campoy-Rios\/Matias-y-Don-Sertorio-La-isla-del-percebe-9788411444538-i.htm"},"yoast_head":"<!-- This site is optimized with the Yoast SEO plugin v26.6 - https:\/\/yoast.com\/wordpress\/plugins\/seo\/ -->\n<title>Mat\u00edas y don Sertorio - Catalogo | Letrame Grupo Editorial<\/title>\n<meta name=\"robots\" content=\"index, follow, max-snippet:-1, max-image-preview:large, max-video-preview:-1\" \/>\n<link rel=\"canonical\" href=\"https:\/\/letrame.com\/catalogo\/producto\/matias-y-don-sertorio-2\/\" \/>\n<meta property=\"og:locale\" content=\"es_ES\" \/>\n<meta property=\"og:type\" content=\"article\" \/>\n<meta property=\"og:title\" content=\"Mat\u00edas y don Sertorio - Catalogo | Letrame Grupo Editorial\" \/>\n<meta property=\"og:description\" content=\"ISBN: 978-84-1144-453-8  SINOPSIS  Dejar pasar cada momento tras navegar libremente con el viento ensimismado.  Nuevamente llegan hasta nosotros Mat\u00edas y don Sertor\u00edo, que nos atrapan en un inmenso oc\u00e9ano de sue\u00f1os y que d\u00eda tras d\u00eda juntos de nuevo\u2026 van dejando a la deriva tras sus pasos con el palpitar del tiempo, que tan presente quedan en cada rinc\u00f3n de nuestros corazones y ocultos toca descubrirlos tras estas letras.  Desvel\u00e1ndonos la esencia o los secretos de c\u00f3mo prosiguen inseparables e inmersos y sumidos en un sinf\u00edn de interminables aventuras.  Mientras a cada instante van acerc\u00e1ndose m\u00e1s y m\u00e1s con sigilo a la singular Isla del Percebe, un lugar tan m\u00e1gico, enigm\u00e1tico y extrovertido que ensamblando sus vidas a la par.  Van dej\u00e1ndonos huellas imborrables en cada mirada a trav\u00e9s de la lectura, transport\u00e1ndonos en el transcurso de cada p\u00e1gina, cada letra y que inquietas va quedando a la vez, pudiendo llegar a sentir en ellas\u2026 hasta la esencia del papel entre tus pulgares, en esta bonita, irrepetible e inigualable historia y tan singular.\" \/>\n<meta property=\"og:url\" content=\"https:\/\/letrame.com\/catalogo\/producto\/matias-y-don-sertorio-2\/\" \/>\n<meta property=\"og:site_name\" content=\"Catalogo | Letrame Grupo Editorial\" \/>\n<meta property=\"article:modified_time\" content=\"2024-08-09T10:08:25+00:00\" \/>\n<meta property=\"og:image\" content=\"https:\/\/letrame.com\/catalogo\/wp-content\/uploads\/2024\/04\/redportada_matiasydonsertorio_1269mm-1-compressed.jpg\" \/>\n\t<meta property=\"og:image:width\" content=\"601\" \/>\n\t<meta property=\"og:image:height\" content=\"881\" \/>\n\t<meta property=\"og:image:type\" content=\"image\/jpeg\" \/>\n<meta name=\"twitter:card\" content=\"summary_large_image\" \/>\n<meta name=\"twitter:label1\" content=\"Tiempo de lectura\" \/>\n\t<meta name=\"twitter:data1\" content=\"2 minutos\" \/>\n<script type=\"application\/ld+json\" class=\"yoast-schema-graph\">{\"@context\":\"https:\/\/schema.org\",\"@graph\":[{\"@type\":\"WebPage\",\"@id\":\"https:\/\/letrame.com\/catalogo\/producto\/matias-y-don-sertorio-2\/\",\"url\":\"https:\/\/letrame.com\/catalogo\/producto\/matias-y-don-sertorio-2\/\",\"name\":\"Mat\u00edas y don Sertorio - Catalogo | Letrame Grupo Editorial\",\"isPartOf\":{\"@id\":\"https:\/\/letrame.com\/catalogo\/#website\"},\"primaryImageOfPage\":{\"@id\":\"https:\/\/letrame.com\/catalogo\/producto\/matias-y-don-sertorio-2\/#primaryimage\"},\"image\":{\"@id\":\"https:\/\/letrame.com\/catalogo\/producto\/matias-y-don-sertorio-2\/#primaryimage\"},\"thumbnailUrl\":\"https:\/\/letrame.com\/catalogo\/wp-content\/uploads\/2024\/04\/redportada_matiasydonsertorio_1269mm-1-compressed.jpg\",\"datePublished\":\"2024-04-29T13:03:36+00:00\",\"dateModified\":\"2024-08-09T10:08:25+00:00\",\"breadcrumb\":{\"@id\":\"https:\/\/letrame.com\/catalogo\/producto\/matias-y-don-sertorio-2\/#breadcrumb\"},\"inLanguage\":\"es\",\"potentialAction\":[{\"@type\":\"ReadAction\",\"target\":[\"https:\/\/letrame.com\/catalogo\/producto\/matias-y-don-sertorio-2\/\"]}]},{\"@type\":\"ImageObject\",\"inLanguage\":\"es\",\"@id\":\"https:\/\/letrame.com\/catalogo\/producto\/matias-y-don-sertorio-2\/#primaryimage\",\"url\":\"https:\/\/letrame.com\/catalogo\/wp-content\/uploads\/2024\/04\/redportada_matiasydonsertorio_1269mm-1-compressed.jpg\",\"contentUrl\":\"https:\/\/letrame.com\/catalogo\/wp-content\/uploads\/2024\/04\/redportada_matiasydonsertorio_1269mm-1-compressed.jpg\",\"width\":601,\"height\":881},{\"@type\":\"BreadcrumbList\",\"@id\":\"https:\/\/letrame.com\/catalogo\/producto\/matias-y-don-sertorio-2\/#breadcrumb\",\"itemListElement\":[{\"@type\":\"ListItem\",\"position\":1,\"name\":\"Portada\",\"item\":\"https:\/\/letrame.com\/catalogo\/\"},{\"@type\":\"ListItem\",\"position\":2,\"name\":\"Cat\u00e1logo\",\"item\":\"https:\/\/letrame.com\/catalogo\/\"},{\"@type\":\"ListItem\",\"position\":3,\"name\":\"Mat\u00edas y don Sertorio\"}]},{\"@type\":\"WebSite\",\"@id\":\"https:\/\/letrame.com\/catalogo\/#website\",\"url\":\"https:\/\/letrame.com\/catalogo\/\",\"name\":\"Catalogo | Letrame Grupo Editorial\",\"description\":\"\",\"publisher\":{\"@id\":\"https:\/\/letrame.com\/catalogo\/#organization\"},\"potentialAction\":[{\"@type\":\"SearchAction\",\"target\":{\"@type\":\"EntryPoint\",\"urlTemplate\":\"https:\/\/letrame.com\/catalogo\/?s={search_term_string}\"},\"query-input\":{\"@type\":\"PropertyValueSpecification\",\"valueRequired\":true,\"valueName\":\"search_term_string\"}}],\"inLanguage\":\"es\"},{\"@type\":\"Organization\",\"@id\":\"https:\/\/letrame.com\/catalogo\/#organization\",\"name\":\"Catalogo | Letrame Grupo Editorial\",\"url\":\"https:\/\/letrame.com\/catalogo\/\",\"logo\":{\"@type\":\"ImageObject\",\"inLanguage\":\"es\",\"@id\":\"https:\/\/letrame.com\/catalogo\/#\/schema\/logo\/image\/\",\"url\":\"https:\/\/letrame.com\/catalogo\/wp-content\/uploads\/2024\/03\/logo2.webp\",\"contentUrl\":\"https:\/\/letrame.com\/catalogo\/wp-content\/uploads\/2024\/03\/logo2.webp\",\"width\":394,\"height\":128,\"caption\":\"Catalogo | Letrame Grupo Editorial\"},\"image\":{\"@id\":\"https:\/\/letrame.com\/catalogo\/#\/schema\/logo\/image\/\"}}]}<\/script>\n<!-- \/ Yoast SEO plugin. -->","yoast_head_json":{"title":"Mat\u00edas y don Sertorio - Catalogo | Letrame Grupo Editorial","robots":{"index":"index","follow":"follow","max-snippet":"max-snippet:-1","max-image-preview":"max-image-preview:large","max-video-preview":"max-video-preview:-1"},"canonical":"https:\/\/letrame.com\/catalogo\/producto\/matias-y-don-sertorio-2\/","og_locale":"es_ES","og_type":"article","og_title":"Mat\u00edas y don Sertorio - Catalogo | Letrame Grupo Editorial","og_description":"ISBN: 978-84-1144-453-8  SINOPSIS  Dejar pasar cada momento tras navegar libremente con el viento ensimismado.  Nuevamente llegan hasta nosotros Mat\u00edas y don Sertor\u00edo, que nos atrapan en un inmenso oc\u00e9ano de sue\u00f1os y que d\u00eda tras d\u00eda juntos de nuevo\u2026 van dejando a la deriva tras sus pasos con el palpitar del tiempo, que tan presente quedan en cada rinc\u00f3n de nuestros corazones y ocultos toca descubrirlos tras estas letras.  Desvel\u00e1ndonos la esencia o los secretos de c\u00f3mo prosiguen inseparables e inmersos y sumidos en un sinf\u00edn de interminables aventuras.  Mientras a cada instante van acerc\u00e1ndose m\u00e1s y m\u00e1s con sigilo a la singular Isla del Percebe, un lugar tan m\u00e1gico, enigm\u00e1tico y extrovertido que ensamblando sus vidas a la par.  Van dej\u00e1ndonos huellas imborrables en cada mirada a trav\u00e9s de la lectura, transport\u00e1ndonos en el transcurso de cada p\u00e1gina, cada letra y que inquietas va quedando a la vez, pudiendo llegar a sentir en ellas\u2026 hasta la esencia del papel entre tus pulgares, en esta bonita, irrepetible e inigualable historia y tan singular.","og_url":"https:\/\/letrame.com\/catalogo\/producto\/matias-y-don-sertorio-2\/","og_site_name":"Catalogo | Letrame Grupo Editorial","article_modified_time":"2024-08-09T10:08:25+00:00","og_image":[{"width":601,"height":881,"url":"https:\/\/letrame.com\/catalogo\/wp-content\/uploads\/2024\/04\/redportada_matiasydonsertorio_1269mm-1-compressed.jpg","type":"image\/jpeg"}],"twitter_card":"summary_large_image","twitter_misc":{"Tiempo de lectura":"2 minutos"},"schema":{"@context":"https:\/\/schema.org","@graph":[{"@type":"WebPage","@id":"https:\/\/letrame.com\/catalogo\/producto\/matias-y-don-sertorio-2\/","url":"https:\/\/letrame.com\/catalogo\/producto\/matias-y-don-sertorio-2\/","name":"Mat\u00edas y don Sertorio - Catalogo | Letrame Grupo Editorial","isPartOf":{"@id":"https:\/\/letrame.com\/catalogo\/#website"},"primaryImageOfPage":{"@id":"https:\/\/letrame.com\/catalogo\/producto\/matias-y-don-sertorio-2\/#primaryimage"},"image":{"@id":"https:\/\/letrame.com\/catalogo\/producto\/matias-y-don-sertorio-2\/#primaryimage"},"thumbnailUrl":"https:\/\/letrame.com\/catalogo\/wp-content\/uploads\/2024\/04\/redportada_matiasydonsertorio_1269mm-1-compressed.jpg","datePublished":"2024-04-29T13:03:36+00:00","dateModified":"2024-08-09T10:08:25+00:00","breadcrumb":{"@id":"https:\/\/letrame.com\/catalogo\/producto\/matias-y-don-sertorio-2\/#breadcrumb"},"inLanguage":"es","potentialAction":[{"@type":"ReadAction","target":["https:\/\/letrame.com\/catalogo\/producto\/matias-y-don-sertorio-2\/"]}]},{"@type":"ImageObject","inLanguage":"es","@id":"https:\/\/letrame.com\/catalogo\/producto\/matias-y-don-sertorio-2\/#primaryimage","url":"https:\/\/letrame.com\/catalogo\/wp-content\/uploads\/2024\/04\/redportada_matiasydonsertorio_1269mm-1-compressed.jpg","contentUrl":"https:\/\/letrame.com\/catalogo\/wp-content\/uploads\/2024\/04\/redportada_matiasydonsertorio_1269mm-1-compressed.jpg","width":601,"height":881},{"@type":"BreadcrumbList","@id":"https:\/\/letrame.com\/catalogo\/producto\/matias-y-don-sertorio-2\/#breadcrumb","itemListElement":[{"@type":"ListItem","position":1,"name":"Portada","item":"https:\/\/letrame.com\/catalogo\/"},{"@type":"ListItem","position":2,"name":"Cat\u00e1logo","item":"https:\/\/letrame.com\/catalogo\/"},{"@type":"ListItem","position":3,"name":"Mat\u00edas y don Sertorio"}]},{"@type":"WebSite","@id":"https:\/\/letrame.com\/catalogo\/#website","url":"https:\/\/letrame.com\/catalogo\/","name":"Catalogo | Letrame Grupo Editorial","description":"","publisher":{"@id":"https:\/\/letrame.com\/catalogo\/#organization"},"potentialAction":[{"@type":"SearchAction","target":{"@type":"EntryPoint","urlTemplate":"https:\/\/letrame.com\/catalogo\/?s={search_term_string}"},"query-input":{"@type":"PropertyValueSpecification","valueRequired":true,"valueName":"search_term_string"}}],"inLanguage":"es"},{"@type":"Organization","@id":"https:\/\/letrame.com\/catalogo\/#organization","name":"Catalogo | Letrame Grupo Editorial","url":"https:\/\/letrame.com\/catalogo\/","logo":{"@type":"ImageObject","inLanguage":"es","@id":"https:\/\/letrame.com\/catalogo\/#\/schema\/logo\/image\/","url":"https:\/\/letrame.com\/catalogo\/wp-content\/uploads\/2024\/03\/logo2.webp","contentUrl":"https:\/\/letrame.com\/catalogo\/wp-content\/uploads\/2024\/03\/logo2.webp","width":394,"height":128,"caption":"Catalogo | Letrame Grupo Editorial"},"image":{"@id":"https:\/\/letrame.com\/catalogo\/#\/schema\/logo\/image\/"}}]}},"_links":{"self":[{"href":"https:\/\/letrame.com\/catalogo\/wp-json\/wp\/v2\/product\/98415","targetHints":{"allow":["GET"]}}],"collection":[{"href":"https:\/\/letrame.com\/catalogo\/wp-json\/wp\/v2\/product"}],"about":[{"href":"https:\/\/letrame.com\/catalogo\/wp-json\/wp\/v2\/types\/product"}],"replies":[{"embeddable":true,"href":"https:\/\/letrame.com\/catalogo\/wp-json\/wp\/v2\/comments?post=98415"}],"acf:post":[{"embeddable":true,"href":"https:\/\/letrame.com\/catalogo\/wp-json\/wp\/v2\/author_book\/78041"}],"wp:featuredmedia":[{"embeddable":true,"href":"https:\/\/letrame.com\/catalogo\/wp-json\/wp\/v2\/media\/98416"}],"wp:attachment":[{"href":"https:\/\/letrame.com\/catalogo\/wp-json\/wp\/v2\/media?parent=98415"}],"wp:term":[{"taxonomy":"libro","embeddable":true,"href":"https:\/\/letrame.com\/catalogo\/wp-json\/wp\/v2\/libro?post=98415"},{"taxonomy":"product_brand","embeddable":true,"href":"https:\/\/letrame.com\/catalogo\/wp-json\/wp\/v2\/product_brand?post=98415"},{"taxonomy":"product_cat","embeddable":true,"href":"https:\/\/letrame.com\/catalogo\/wp-json\/wp\/v2\/product_cat?post=98415"},{"taxonomy":"product_tag","embeddable":true,"href":"https:\/\/letrame.com\/catalogo\/wp-json\/wp\/v2\/product_tag?post=98415"}],"curies":[{"name":"wp","href":"https:\/\/api.w.org\/{rel}","templated":true}]}}