{"id":98406,"date":"2024-04-29T15:02:32","date_gmt":"2024-04-29T13:02:32","guid":{"rendered":"https:\/\/letrame.com\/catalogo\/producto\/en-ti\/"},"modified":"2024-08-09T12:18:02","modified_gmt":"2024-08-09T10:18:02","slug":"en-ti","status":"publish","type":"product","link":"https:\/\/letrame.com\/catalogo\/producto\/en-ti\/","title":{"rendered":"En ti"},"content":{"rendered":"<p><strong>ISBN<\/strong>: 978-84-1144-275-6<\/p>\n<p><strong>T\u00edtulo<\/strong>: En ti<br \/>\n<strong>Fecha<\/strong>: 2022<br \/>\n<strong>P\u00e1ginas<\/strong>: 1100<\/p>\n<p><strong>SINOPSIS<\/strong><\/p>\n<p>Tras el nacimiento de sus dos mellizos, Josh y Aitana, la Chica de los Ojos Verdes est\u00e1 preparada para enfrentarse a su nueva faceta como madre. Con la ayuda de Javier, con el que vive el mejor momento de su vida, Andrea est\u00e1 decidida a afrontar cada nuevo d\u00eda como una aventura y est\u00e1 segura de que su vida ha encontrado por fin una estabilidad, sin olvidar nunca el recuerdo del que fuera su gran amor, Josh Hyde.<\/p>\n<p>&nbsp;<\/p>\n<p>Sin embargo, una amenaza se esconde en las sombras, esperando el momento oportuno para acabar con toda la felicidad que a Andrea le ha constado tanto conseguir.<\/p>\n<p>&nbsp;<\/p>\n<p>\u00bfQu\u00e9 pasar\u00e1 con Alma? \u00bfMario y Manuel conseguir\u00e1n afianzar la relaci\u00f3n por la que tanto han sufrido? \u00bfEncontrar\u00e1 \u00c1frica el amor al final del camino? \u00bfLa relaci\u00f3n de Bea y Kevin seguir\u00e1 siendo tan id\u00edlica cuando se presente un viejo amor del pasado? \u00bfY Nacho? \u00bfQu\u00e9 ha pasado con Nacho? \u00bfSe habr\u00e1 dado por vencido o luchar\u00e1 una \u00faltima vez por recuperar el amor de la Chica de los Ojos Verdes?<\/p>\n<p>&nbsp;<\/p>\n<p>El destino est\u00e1 preparado para jugar la \u00faltima partida y es el momento de que aquellos que durante a\u00f1os se han atrevido a so\u00f1ar vuelvan a arriesgarlo todo una vez m\u00e1s.<\/p>\n<p>&nbsp;<\/p>\n<p>El final de la saga que ha conquistado el coraz\u00f3n de miles de lectores ya est\u00e1 aqu\u00ed y no va a dejar indiferente a nadie.<\/p>\n<p>&nbsp;<\/p>\n<p>Tan solo hay que atreverse a so\u00f1ar hasta el final.<\/p>\n<p>&nbsp;<\/p>\n","protected":false},"excerpt":{"rendered":"<p><strong>ISBN<\/strong>: 978-84-1144-275-6<\/p>\n<p><strong>SINOPSIS<\/strong><\/p>\n<p>Tras el nacimiento de sus dos mellizos, Josh y Aitana, la Chica de los Ojos Verdes est\u00e1 preparada para enfrentarse a su nueva faceta como madre. Con la ayuda de Javier, con el que vive el mejor momento de su vida, Andrea est\u00e1 decidida a afrontar cada nuevo d\u00eda como una aventura y est\u00e1 segura de que su vida ha encontrado por fin una estabilidad, sin olvidar nunca el recuerdo del que fuera su gran amor, Josh Hyde.<\/p>\n<p>&nbsp;<\/p>\n<p>Sin embargo, una amenaza se esconde en las sombras, esperando el momento oportuno para acabar con toda la felicidad que a Andrea le ha constado tanto conseguir.<\/p>\n<p>&nbsp;<\/p>\n<p>\u00bfQu\u00e9 pasar\u00e1 con Alma? \u00bfMario y Manuel conseguir\u00e1n afianzar la relaci\u00f3n por la que tanto han sufrido? \u00bfEncontrar\u00e1 \u00c1frica el amor al final del camino? \u00bfLa relaci\u00f3n de Bea y Kevin seguir\u00e1 siendo tan id\u00edlica cuando se presente un viejo amor del pasado? \u00bfY Nacho? \u00bfQu\u00e9 ha pasado con Nacho? \u00bfSe habr\u00e1 dado por vencido o luchar\u00e1 una \u00faltima vez por recuperar el amor de la Chica de los Ojos Verdes?<\/p>\n<p>&nbsp;<\/p>\n<p>El destino est\u00e1 preparado para jugar la \u00faltima partida y es el momento de que aquellos que durante a\u00f1os se han atrevido a so\u00f1ar vuelvan a arriesgarlo todo una vez m\u00e1s.<\/p>\n<p>&nbsp;<\/p>\n<p>El final de la saga que ha conquistado el coraz\u00f3n de miles de lectores ya est\u00e1 aqu\u00ed y no va a dejar indiferente a nadie.<\/p>\n<p>&nbsp;<\/p>\n<p>Tan solo hay que atreverse a so\u00f1ar hasta el final.<\/p>\n<p>&nbsp;<\/p>\n","protected":false},"featured_media":98407,"comment_status":"closed","ping_status":"closed","template":"","meta":{"_acf_changed":false},"libro":[],"product_brand":[],"product_cat":[16,26],"product_tag":[],"class_list":{"0":"post-98406","1":"product","2":"type-product","3":"status-publish","4":"has-post-thumbnail","6":"product_cat-novela","7":"product_cat-sin-categoria","9":"first","10":"instock","11":"product-type-simple"},"acf":{"autor":[76875],"enlace_de_compra":"https:\/\/www.casadellibro.com\/libro-en-ti\/9788411442756\/13540852"},"yoast_head":"<!-- This site is optimized with the Yoast SEO plugin v27.4 - https:\/\/yoast.com\/product\/yoast-seo-wordpress\/ -->\n<title>En ti - Catalogo | Letrame Grupo Editorial<\/title>\n<meta name=\"robots\" content=\"index, follow, max-snippet:-1, max-image-preview:large, max-video-preview:-1\" \/>\n<link rel=\"canonical\" href=\"https:\/\/letrame.com\/catalogo\/producto\/en-ti\/\" \/>\n<meta property=\"og:locale\" content=\"es_ES\" \/>\n<meta property=\"og:type\" content=\"article\" \/>\n<meta property=\"og:title\" content=\"En ti - Catalogo | Letrame Grupo Editorial\" \/>\n<meta property=\"og:description\" content=\"ISBN: 978-84-1144-275-6  SINOPSIS  Tras el nacimiento de sus dos mellizos, Josh y Aitana, la Chica de los Ojos Verdes est\u00e1 preparada para enfrentarse a su nueva faceta como madre. Con la ayuda de Javier, con el que vive el mejor momento de su vida, Andrea est\u00e1 decidida a afrontar cada nuevo d\u00eda como una aventura y est\u00e1 segura de que su vida ha encontrado por fin una estabilidad, sin olvidar nunca el recuerdo del que fuera su gran amor, Josh Hyde.  &nbsp;  Sin embargo, una amenaza se esconde en las sombras, esperando el momento oportuno para acabar con toda la felicidad que a Andrea le ha constado tanto conseguir.  &nbsp;  \u00bfQu\u00e9 pasar\u00e1 con Alma? \u00bfMario y Manuel conseguir\u00e1n afianzar la relaci\u00f3n por la que tanto han sufrido? \u00bfEncontrar\u00e1 \u00c1frica el amor al final del camino? \u00bfLa relaci\u00f3n de Bea y Kevin seguir\u00e1 siendo tan id\u00edlica cuando se presente un viejo amor del pasado? \u00bfY Nacho? \u00bfQu\u00e9 ha pasado con Nacho? \u00bfSe habr\u00e1 dado por vencido o luchar\u00e1 una \u00faltima vez por recuperar el amor de la Chica de los Ojos Verdes?  &nbsp;  El destino est\u00e1 preparado para jugar la \u00faltima partida y es el momento de que aquellos que durante a\u00f1os se han atrevido a so\u00f1ar vuelvan a arriesgarlo todo una vez m\u00e1s.  &nbsp;  El final de la saga que ha conquistado el coraz\u00f3n de miles de lectores ya est\u00e1 aqu\u00ed y no va a dejar indiferente a nadie.  &nbsp;  Tan solo hay que atreverse a so\u00f1ar hasta el final.  &nbsp;\" \/>\n<meta property=\"og:url\" content=\"https:\/\/letrame.com\/catalogo\/producto\/en-ti\/\" \/>\n<meta property=\"og:site_name\" content=\"Catalogo | Letrame Grupo Editorial\" \/>\n<meta property=\"article:modified_time\" content=\"2024-08-09T10:18:02+00:00\" \/>\n<meta property=\"og:image\" content=\"https:\/\/letrame.com\/catalogo\/wp-content\/uploads\/2024\/04\/redportada_enti_518mm-1-compressed.jpg\" \/>\n\t<meta property=\"og:image:width\" content=\"601\" \/>\n\t<meta property=\"og:image:height\" content=\"841\" \/>\n\t<meta property=\"og:image:type\" content=\"image\/jpeg\" \/>\n<meta name=\"twitter:card\" content=\"summary_large_image\" \/>\n<meta name=\"twitter:label1\" content=\"Tiempo de lectura\" \/>\n\t<meta name=\"twitter:data1\" content=\"2 minutos\" \/>\n<script type=\"application\/ld+json\" class=\"yoast-schema-graph\">{\"@context\":\"https:\\\/\\\/schema.org\",\"@graph\":[{\"@type\":\"WebPage\",\"@id\":\"https:\\\/\\\/letrame.com\\\/catalogo\\\/producto\\\/en-ti\\\/\",\"url\":\"https:\\\/\\\/letrame.com\\\/catalogo\\\/producto\\\/en-ti\\\/\",\"name\":\"En ti - Catalogo | Letrame Grupo Editorial\",\"isPartOf\":{\"@id\":\"https:\\\/\\\/letrame.com\\\/catalogo\\\/#website\"},\"primaryImageOfPage\":{\"@id\":\"https:\\\/\\\/letrame.com\\\/catalogo\\\/producto\\\/en-ti\\\/#primaryimage\"},\"image\":{\"@id\":\"https:\\\/\\\/letrame.com\\\/catalogo\\\/producto\\\/en-ti\\\/#primaryimage\"},\"thumbnailUrl\":\"https:\\\/\\\/letrame.com\\\/catalogo\\\/wp-content\\\/uploads\\\/2024\\\/04\\\/redportada_enti_518mm-1-compressed.jpg\",\"datePublished\":\"2024-04-29T13:02:32+00:00\",\"dateModified\":\"2024-08-09T10:18:02+00:00\",\"breadcrumb\":{\"@id\":\"https:\\\/\\\/letrame.com\\\/catalogo\\\/producto\\\/en-ti\\\/#breadcrumb\"},\"inLanguage\":\"es\",\"potentialAction\":[{\"@type\":\"ReadAction\",\"target\":[\"https:\\\/\\\/letrame.com\\\/catalogo\\\/producto\\\/en-ti\\\/\"]}]},{\"@type\":\"ImageObject\",\"inLanguage\":\"es\",\"@id\":\"https:\\\/\\\/letrame.com\\\/catalogo\\\/producto\\\/en-ti\\\/#primaryimage\",\"url\":\"https:\\\/\\\/letrame.com\\\/catalogo\\\/wp-content\\\/uploads\\\/2024\\\/04\\\/redportada_enti_518mm-1-compressed.jpg\",\"contentUrl\":\"https:\\\/\\\/letrame.com\\\/catalogo\\\/wp-content\\\/uploads\\\/2024\\\/04\\\/redportada_enti_518mm-1-compressed.jpg\",\"width\":601,\"height\":841},{\"@type\":\"BreadcrumbList\",\"@id\":\"https:\\\/\\\/letrame.com\\\/catalogo\\\/producto\\\/en-ti\\\/#breadcrumb\",\"itemListElement\":[{\"@type\":\"ListItem\",\"position\":1,\"name\":\"Portada\",\"item\":\"https:\\\/\\\/letrame.com\\\/catalogo\\\/\"},{\"@type\":\"ListItem\",\"position\":2,\"name\":\"Cat\u00e1logo\",\"item\":\"https:\\\/\\\/letrame.com\\\/catalogo\\\/\"},{\"@type\":\"ListItem\",\"position\":3,\"name\":\"En ti\"}]},{\"@type\":\"WebSite\",\"@id\":\"https:\\\/\\\/letrame.com\\\/catalogo\\\/#website\",\"url\":\"https:\\\/\\\/letrame.com\\\/catalogo\\\/\",\"name\":\"Catalogo | Letrame Grupo Editorial\",\"description\":\"\",\"publisher\":{\"@id\":\"https:\\\/\\\/letrame.com\\\/catalogo\\\/#organization\"},\"potentialAction\":[{\"@type\":\"SearchAction\",\"target\":{\"@type\":\"EntryPoint\",\"urlTemplate\":\"https:\\\/\\\/letrame.com\\\/catalogo\\\/?s={search_term_string}\"},\"query-input\":{\"@type\":\"PropertyValueSpecification\",\"valueRequired\":true,\"valueName\":\"search_term_string\"}}],\"inLanguage\":\"es\"},{\"@type\":\"Organization\",\"@id\":\"https:\\\/\\\/letrame.com\\\/catalogo\\\/#organization\",\"name\":\"Catalogo | Letrame Grupo Editorial\",\"url\":\"https:\\\/\\\/letrame.com\\\/catalogo\\\/\",\"logo\":{\"@type\":\"ImageObject\",\"inLanguage\":\"es\",\"@id\":\"https:\\\/\\\/letrame.com\\\/catalogo\\\/#\\\/schema\\\/logo\\\/image\\\/\",\"url\":\"https:\\\/\\\/letrame.com\\\/catalogo\\\/wp-content\\\/uploads\\\/2024\\\/03\\\/logo2.webp\",\"contentUrl\":\"https:\\\/\\\/letrame.com\\\/catalogo\\\/wp-content\\\/uploads\\\/2024\\\/03\\\/logo2.webp\",\"width\":394,\"height\":128,\"caption\":\"Catalogo | Letrame Grupo Editorial\"},\"image\":{\"@id\":\"https:\\\/\\\/letrame.com\\\/catalogo\\\/#\\\/schema\\\/logo\\\/image\\\/\"}}]}<\/script>\n<!-- \/ Yoast SEO plugin. -->","yoast_head_json":{"title":"En ti - Catalogo | Letrame Grupo Editorial","robots":{"index":"index","follow":"follow","max-snippet":"max-snippet:-1","max-image-preview":"max-image-preview:large","max-video-preview":"max-video-preview:-1"},"canonical":"https:\/\/letrame.com\/catalogo\/producto\/en-ti\/","og_locale":"es_ES","og_type":"article","og_title":"En ti - Catalogo | Letrame Grupo Editorial","og_description":"ISBN: 978-84-1144-275-6  SINOPSIS  Tras el nacimiento de sus dos mellizos, Josh y Aitana, la Chica de los Ojos Verdes est\u00e1 preparada para enfrentarse a su nueva faceta como madre. Con la ayuda de Javier, con el que vive el mejor momento de su vida, Andrea est\u00e1 decidida a afrontar cada nuevo d\u00eda como una aventura y est\u00e1 segura de que su vida ha encontrado por fin una estabilidad, sin olvidar nunca el recuerdo del que fuera su gran amor, Josh Hyde.  &nbsp;  Sin embargo, una amenaza se esconde en las sombras, esperando el momento oportuno para acabar con toda la felicidad que a Andrea le ha constado tanto conseguir.  &nbsp;  \u00bfQu\u00e9 pasar\u00e1 con Alma? \u00bfMario y Manuel conseguir\u00e1n afianzar la relaci\u00f3n por la que tanto han sufrido? \u00bfEncontrar\u00e1 \u00c1frica el amor al final del camino? \u00bfLa relaci\u00f3n de Bea y Kevin seguir\u00e1 siendo tan id\u00edlica cuando se presente un viejo amor del pasado? \u00bfY Nacho? \u00bfQu\u00e9 ha pasado con Nacho? \u00bfSe habr\u00e1 dado por vencido o luchar\u00e1 una \u00faltima vez por recuperar el amor de la Chica de los Ojos Verdes?  &nbsp;  El destino est\u00e1 preparado para jugar la \u00faltima partida y es el momento de que aquellos que durante a\u00f1os se han atrevido a so\u00f1ar vuelvan a arriesgarlo todo una vez m\u00e1s.  &nbsp;  El final de la saga que ha conquistado el coraz\u00f3n de miles de lectores ya est\u00e1 aqu\u00ed y no va a dejar indiferente a nadie.  &nbsp;  Tan solo hay que atreverse a so\u00f1ar hasta el final.  &nbsp;","og_url":"https:\/\/letrame.com\/catalogo\/producto\/en-ti\/","og_site_name":"Catalogo | Letrame Grupo Editorial","article_modified_time":"2024-08-09T10:18:02+00:00","og_image":[{"width":601,"height":841,"url":"https:\/\/letrame.com\/catalogo\/wp-content\/uploads\/2024\/04\/redportada_enti_518mm-1-compressed.jpg","type":"image\/jpeg"}],"twitter_card":"summary_large_image","twitter_misc":{"Tiempo de lectura":"2 minutos"},"schema":{"@context":"https:\/\/schema.org","@graph":[{"@type":"WebPage","@id":"https:\/\/letrame.com\/catalogo\/producto\/en-ti\/","url":"https:\/\/letrame.com\/catalogo\/producto\/en-ti\/","name":"En ti - Catalogo | Letrame Grupo Editorial","isPartOf":{"@id":"https:\/\/letrame.com\/catalogo\/#website"},"primaryImageOfPage":{"@id":"https:\/\/letrame.com\/catalogo\/producto\/en-ti\/#primaryimage"},"image":{"@id":"https:\/\/letrame.com\/catalogo\/producto\/en-ti\/#primaryimage"},"thumbnailUrl":"https:\/\/letrame.com\/catalogo\/wp-content\/uploads\/2024\/04\/redportada_enti_518mm-1-compressed.jpg","datePublished":"2024-04-29T13:02:32+00:00","dateModified":"2024-08-09T10:18:02+00:00","breadcrumb":{"@id":"https:\/\/letrame.com\/catalogo\/producto\/en-ti\/#breadcrumb"},"inLanguage":"es","potentialAction":[{"@type":"ReadAction","target":["https:\/\/letrame.com\/catalogo\/producto\/en-ti\/"]}]},{"@type":"ImageObject","inLanguage":"es","@id":"https:\/\/letrame.com\/catalogo\/producto\/en-ti\/#primaryimage","url":"https:\/\/letrame.com\/catalogo\/wp-content\/uploads\/2024\/04\/redportada_enti_518mm-1-compressed.jpg","contentUrl":"https:\/\/letrame.com\/catalogo\/wp-content\/uploads\/2024\/04\/redportada_enti_518mm-1-compressed.jpg","width":601,"height":841},{"@type":"BreadcrumbList","@id":"https:\/\/letrame.com\/catalogo\/producto\/en-ti\/#breadcrumb","itemListElement":[{"@type":"ListItem","position":1,"name":"Portada","item":"https:\/\/letrame.com\/catalogo\/"},{"@type":"ListItem","position":2,"name":"Cat\u00e1logo","item":"https:\/\/letrame.com\/catalogo\/"},{"@type":"ListItem","position":3,"name":"En ti"}]},{"@type":"WebSite","@id":"https:\/\/letrame.com\/catalogo\/#website","url":"https:\/\/letrame.com\/catalogo\/","name":"Catalogo | Letrame Grupo Editorial","description":"","publisher":{"@id":"https:\/\/letrame.com\/catalogo\/#organization"},"potentialAction":[{"@type":"SearchAction","target":{"@type":"EntryPoint","urlTemplate":"https:\/\/letrame.com\/catalogo\/?s={search_term_string}"},"query-input":{"@type":"PropertyValueSpecification","valueRequired":true,"valueName":"search_term_string"}}],"inLanguage":"es"},{"@type":"Organization","@id":"https:\/\/letrame.com\/catalogo\/#organization","name":"Catalogo | Letrame Grupo Editorial","url":"https:\/\/letrame.com\/catalogo\/","logo":{"@type":"ImageObject","inLanguage":"es","@id":"https:\/\/letrame.com\/catalogo\/#\/schema\/logo\/image\/","url":"https:\/\/letrame.com\/catalogo\/wp-content\/uploads\/2024\/03\/logo2.webp","contentUrl":"https:\/\/letrame.com\/catalogo\/wp-content\/uploads\/2024\/03\/logo2.webp","width":394,"height":128,"caption":"Catalogo | Letrame Grupo Editorial"},"image":{"@id":"https:\/\/letrame.com\/catalogo\/#\/schema\/logo\/image\/"}}]}},"_links":{"self":[{"href":"https:\/\/letrame.com\/catalogo\/wp-json\/wp\/v2\/product\/98406","targetHints":{"allow":["GET"]}}],"collection":[{"href":"https:\/\/letrame.com\/catalogo\/wp-json\/wp\/v2\/product"}],"about":[{"href":"https:\/\/letrame.com\/catalogo\/wp-json\/wp\/v2\/types\/product"}],"replies":[{"embeddable":true,"href":"https:\/\/letrame.com\/catalogo\/wp-json\/wp\/v2\/comments?post=98406"}],"acf:post":[{"embeddable":true,"href":"https:\/\/letrame.com\/catalogo\/wp-json\/wp\/v2\/author_book\/76875"}],"wp:featuredmedia":[{"embeddable":true,"href":"https:\/\/letrame.com\/catalogo\/wp-json\/wp\/v2\/media\/98407"}],"wp:attachment":[{"href":"https:\/\/letrame.com\/catalogo\/wp-json\/wp\/v2\/media?parent=98406"}],"wp:term":[{"taxonomy":"libro","embeddable":true,"href":"https:\/\/letrame.com\/catalogo\/wp-json\/wp\/v2\/libro?post=98406"},{"taxonomy":"product_brand","embeddable":true,"href":"https:\/\/letrame.com\/catalogo\/wp-json\/wp\/v2\/product_brand?post=98406"},{"taxonomy":"product_cat","embeddable":true,"href":"https:\/\/letrame.com\/catalogo\/wp-json\/wp\/v2\/product_cat?post=98406"},{"taxonomy":"product_tag","embeddable":true,"href":"https:\/\/letrame.com\/catalogo\/wp-json\/wp\/v2\/product_tag?post=98406"}],"curies":[{"name":"wp","href":"https:\/\/api.w.org\/{rel}","templated":true}]}}