{"id":98403,"date":"2024-04-29T15:02:32","date_gmt":"2024-04-29T13:02:32","guid":{"rendered":"https:\/\/letrame.com\/catalogo\/producto\/quien-es-agustin-laje\/"},"modified":"2024-04-29T15:02:33","modified_gmt":"2024-04-29T13:02:33","slug":"quien-es-agustin-laje","status":"publish","type":"product","link":"https:\/\/letrame.com\/catalogo\/producto\/quien-es-agustin-laje\/","title":{"rendered":"\u00bfQui\u00e9n es Agust\u00edn Laje?"},"content":{"rendered":"<p><strong>ISBN<\/strong>: 978-84-1144-475-0<\/p>\n<p><strong>T\u00edtulo<\/strong>: \u00bfQui\u00e9n es Agust\u00edn Laje?<br \/>\n<strong>Fecha<\/strong>: 2022<br \/>\n<strong>P\u00e1ginas<\/strong>: 96<\/p>\n<p><strong>SINOPSIS<\/strong><\/p>\n<p>\u2018\u00bfQui\u00e9n es Agust\u00edn Laje? \u2013 En Defensa de la Izquierda\u2019 es un libro dedicado a analizar los distintos postulados y estatutos realizados por el controversial &lt;&lt;intelectual&gt;&gt; argentino de derecha.<\/p>\n<p>Durante toda la obra, se hace una revisi\u00f3n bibliogr\u00e1fica con la finalidad de realizar un an\u00e1lisis profundo y cr\u00edtico, que parte desde la teor\u00eda marxista, acerca de las distintas publicaciones, libros, art\u00edculos y dem\u00e1s textos, del autor mencionado.<\/p>\n<p>A su vez, en el presente trabajo se elabora un balance acerca de sus aseveraciones en contra del posmodernismo \/ lo pol\u00edticamente correcto, o &lt;&lt;Nueva Izquierda&gt;&gt; como insiste Laje, y se enfatiza en las causas y razones por las cuales dichas tendencias culturales son la norma en la actualidad.<\/p>\n<p>En s\u00edntesis, en el presente libro, adem\u00e1s de desarrollarse un estudio cr\u00edtico sobre la postura pol\u00edtica de Laje, tambi\u00e9n se teoriza, desde el materialismo hist\u00f3rico, sobre los nuevos fen\u00f3menos resultantes de las nuevas din\u00e1micas capitalistas, entre ellos el pensamiento de Laje y la l\u00f3gica cultural del capitalismo tard\u00edo, es decir, el posmodernismo.<\/p>\n","protected":false},"excerpt":{"rendered":"<p><strong>ISBN<\/strong>: 978-84-1144-475-0<\/p>\n<p><strong>SINOPSIS<\/strong><\/p>\n<p>\u2018\u00bfQui\u00e9n es Agust\u00edn Laje? \u2013 En Defensa de la Izquierda\u2019 es un libro dedicado a analizar los distintos postulados y estatutos realizados por el controversial &lt;&lt;intelectual&gt;&gt; argentino de derecha.<\/p>\n<p>Durante toda la obra, se hace una revisi\u00f3n bibliogr\u00e1fica con la finalidad de realizar un an\u00e1lisis profundo y cr\u00edtico, que parte desde la teor\u00eda marxista, acerca de las distintas publicaciones, libros, art\u00edculos y dem\u00e1s textos, del autor mencionado.<\/p>\n<p>A su vez, en el presente trabajo se elabora un balance acerca de sus aseveraciones en contra del posmodernismo \/ lo pol\u00edticamente correcto, o &lt;&lt;Nueva Izquierda&gt;&gt; como insiste Laje, y se enfatiza en las causas y razones por las cuales dichas tendencias culturales son la norma en la actualidad.<\/p>\n<p>En s\u00edntesis, en el presente libro, adem\u00e1s de desarrollarse un estudio cr\u00edtico sobre la postura pol\u00edtica de Laje, tambi\u00e9n se teoriza, desde el materialismo hist\u00f3rico, sobre los nuevos fen\u00f3menos resultantes de las nuevas din\u00e1micas capitalistas, entre ellos el pensamiento de Laje y la l\u00f3gica cultural del capitalismo tard\u00edo, es decir, el posmodernismo.<\/p>\n","protected":false},"featured_media":98404,"comment_status":"closed","ping_status":"open","template":"","meta":{"_acf_changed":false},"libro":[],"product_brand":[],"product_cat":[26],"product_tag":[],"class_list":{"0":"post-98403","1":"product","2":"type-product","3":"status-publish","4":"has-post-thumbnail","6":"product_cat-sin-categoria","8":"first","9":"instock","10":"product-type-simple"},"acf":{"autor":[76873],"enlace_de_compra":""},"yoast_head":"<!-- This site is optimized with the Yoast SEO plugin v26.6 - https:\/\/yoast.com\/wordpress\/plugins\/seo\/ -->\n<title>\u00bfQui\u00e9n es Agust\u00edn Laje? - Catalogo | Letrame Grupo Editorial<\/title>\n<meta name=\"robots\" content=\"index, follow, max-snippet:-1, max-image-preview:large, max-video-preview:-1\" \/>\n<link rel=\"canonical\" href=\"https:\/\/letrame.com\/catalogo\/producto\/quien-es-agustin-laje\/\" \/>\n<meta property=\"og:locale\" content=\"es_ES\" \/>\n<meta property=\"og:type\" content=\"article\" \/>\n<meta property=\"og:title\" content=\"\u00bfQui\u00e9n es Agust\u00edn Laje? - Catalogo | Letrame Grupo Editorial\" \/>\n<meta property=\"og:description\" content=\"ISBN: 978-84-1144-475-0 SINOPSIS \u2018\u00bfQui\u00e9n es Agust\u00edn Laje? \u2013 En Defensa de la Izquierda\u2019 es un libro dedicado a analizar los distintos postulados y estatutos realizados por el controversial &lt;&lt;intelectual&gt;&gt; argentino de derecha. Durante toda la obra, se hace una revisi\u00f3n bibliogr\u00e1fica con la finalidad de realizar un an\u00e1lisis profundo y cr\u00edtico, que parte desde la teor\u00eda marxista, acerca de las distintas publicaciones, libros, art\u00edculos y dem\u00e1s textos, del autor mencionado. A su vez, en el presente trabajo se elabora un balance acerca de sus aseveraciones en contra del posmodernismo \/ lo pol\u00edticamente correcto, o &lt;&lt;Nueva Izquierda&gt;&gt; como insiste Laje, y se enfatiza en las causas y razones por las cuales dichas tendencias culturales son la norma en la actualidad. En s\u00edntesis, en el presente libro, adem\u00e1s de desarrollarse un estudio cr\u00edtico sobre la postura pol\u00edtica de Laje, tambi\u00e9n se teoriza, desde el materialismo hist\u00f3rico, sobre los nuevos fen\u00f3menos resultantes de las nuevas din\u00e1micas capitalistas, entre ellos el pensamiento de Laje y la l\u00f3gica cultural del capitalismo tard\u00edo, es decir, el posmodernismo.\" \/>\n<meta property=\"og:url\" content=\"https:\/\/letrame.com\/catalogo\/producto\/quien-es-agustin-laje\/\" \/>\n<meta property=\"og:site_name\" content=\"Catalogo | Letrame Grupo Editorial\" \/>\n<meta property=\"article:modified_time\" content=\"2024-04-29T13:02:33+00:00\" \/>\n<meta property=\"og:image\" content=\"https:\/\/letrame.com\/catalogo\/wp-content\/uploads\/2024\/04\/redportada_\u00bfquienesagustin_55mm-2-compressed.jpg\" \/>\n\t<meta property=\"og:image:width\" content=\"601\" \/>\n\t<meta property=\"og:image:height\" content=\"832\" \/>\n\t<meta property=\"og:image:type\" content=\"image\/jpeg\" \/>\n<meta name=\"twitter:card\" content=\"summary_large_image\" \/>\n<meta name=\"twitter:label1\" content=\"Tiempo de lectura\" \/>\n\t<meta name=\"twitter:data1\" content=\"1 minuto\" \/>\n<script type=\"application\/ld+json\" class=\"yoast-schema-graph\">{\"@context\":\"https:\/\/schema.org\",\"@graph\":[{\"@type\":\"WebPage\",\"@id\":\"https:\/\/letrame.com\/catalogo\/producto\/quien-es-agustin-laje\/\",\"url\":\"https:\/\/letrame.com\/catalogo\/producto\/quien-es-agustin-laje\/\",\"name\":\"\u00bfQui\u00e9n es Agust\u00edn Laje? - Catalogo | Letrame Grupo Editorial\",\"isPartOf\":{\"@id\":\"https:\/\/letrame.com\/catalogo\/#website\"},\"primaryImageOfPage\":{\"@id\":\"https:\/\/letrame.com\/catalogo\/producto\/quien-es-agustin-laje\/#primaryimage\"},\"image\":{\"@id\":\"https:\/\/letrame.com\/catalogo\/producto\/quien-es-agustin-laje\/#primaryimage\"},\"thumbnailUrl\":\"https:\/\/letrame.com\/catalogo\/wp-content\/uploads\/2024\/04\/redportada_\u00bfquienesagustin_55mm-2-compressed.jpg\",\"datePublished\":\"2024-04-29T13:02:32+00:00\",\"dateModified\":\"2024-04-29T13:02:33+00:00\",\"breadcrumb\":{\"@id\":\"https:\/\/letrame.com\/catalogo\/producto\/quien-es-agustin-laje\/#breadcrumb\"},\"inLanguage\":\"es\",\"potentialAction\":[{\"@type\":\"ReadAction\",\"target\":[\"https:\/\/letrame.com\/catalogo\/producto\/quien-es-agustin-laje\/\"]}]},{\"@type\":\"ImageObject\",\"inLanguage\":\"es\",\"@id\":\"https:\/\/letrame.com\/catalogo\/producto\/quien-es-agustin-laje\/#primaryimage\",\"url\":\"https:\/\/letrame.com\/catalogo\/wp-content\/uploads\/2024\/04\/redportada_\u00bfquienesagustin_55mm-2-compressed.jpg\",\"contentUrl\":\"https:\/\/letrame.com\/catalogo\/wp-content\/uploads\/2024\/04\/redportada_\u00bfquienesagustin_55mm-2-compressed.jpg\",\"width\":601,\"height\":832},{\"@type\":\"BreadcrumbList\",\"@id\":\"https:\/\/letrame.com\/catalogo\/producto\/quien-es-agustin-laje\/#breadcrumb\",\"itemListElement\":[{\"@type\":\"ListItem\",\"position\":1,\"name\":\"Portada\",\"item\":\"https:\/\/letrame.com\/catalogo\/\"},{\"@type\":\"ListItem\",\"position\":2,\"name\":\"Cat\u00e1logo\",\"item\":\"https:\/\/letrame.com\/catalogo\/\"},{\"@type\":\"ListItem\",\"position\":3,\"name\":\"\u00bfQui\u00e9n es Agust\u00edn Laje?\"}]},{\"@type\":\"WebSite\",\"@id\":\"https:\/\/letrame.com\/catalogo\/#website\",\"url\":\"https:\/\/letrame.com\/catalogo\/\",\"name\":\"Catalogo | Letrame Grupo Editorial\",\"description\":\"\",\"publisher\":{\"@id\":\"https:\/\/letrame.com\/catalogo\/#organization\"},\"potentialAction\":[{\"@type\":\"SearchAction\",\"target\":{\"@type\":\"EntryPoint\",\"urlTemplate\":\"https:\/\/letrame.com\/catalogo\/?s={search_term_string}\"},\"query-input\":{\"@type\":\"PropertyValueSpecification\",\"valueRequired\":true,\"valueName\":\"search_term_string\"}}],\"inLanguage\":\"es\"},{\"@type\":\"Organization\",\"@id\":\"https:\/\/letrame.com\/catalogo\/#organization\",\"name\":\"Catalogo | Letrame Grupo Editorial\",\"url\":\"https:\/\/letrame.com\/catalogo\/\",\"logo\":{\"@type\":\"ImageObject\",\"inLanguage\":\"es\",\"@id\":\"https:\/\/letrame.com\/catalogo\/#\/schema\/logo\/image\/\",\"url\":\"https:\/\/letrame.com\/catalogo\/wp-content\/uploads\/2024\/03\/logo2.webp\",\"contentUrl\":\"https:\/\/letrame.com\/catalogo\/wp-content\/uploads\/2024\/03\/logo2.webp\",\"width\":394,\"height\":128,\"caption\":\"Catalogo | Letrame Grupo Editorial\"},\"image\":{\"@id\":\"https:\/\/letrame.com\/catalogo\/#\/schema\/logo\/image\/\"}}]}<\/script>\n<!-- \/ Yoast SEO plugin. -->","yoast_head_json":{"title":"\u00bfQui\u00e9n es Agust\u00edn Laje? - Catalogo | Letrame Grupo Editorial","robots":{"index":"index","follow":"follow","max-snippet":"max-snippet:-1","max-image-preview":"max-image-preview:large","max-video-preview":"max-video-preview:-1"},"canonical":"https:\/\/letrame.com\/catalogo\/producto\/quien-es-agustin-laje\/","og_locale":"es_ES","og_type":"article","og_title":"\u00bfQui\u00e9n es Agust\u00edn Laje? - Catalogo | Letrame Grupo Editorial","og_description":"ISBN: 978-84-1144-475-0 SINOPSIS \u2018\u00bfQui\u00e9n es Agust\u00edn Laje? \u2013 En Defensa de la Izquierda\u2019 es un libro dedicado a analizar los distintos postulados y estatutos realizados por el controversial &lt;&lt;intelectual&gt;&gt; argentino de derecha. Durante toda la obra, se hace una revisi\u00f3n bibliogr\u00e1fica con la finalidad de realizar un an\u00e1lisis profundo y cr\u00edtico, que parte desde la teor\u00eda marxista, acerca de las distintas publicaciones, libros, art\u00edculos y dem\u00e1s textos, del autor mencionado. A su vez, en el presente trabajo se elabora un balance acerca de sus aseveraciones en contra del posmodernismo \/ lo pol\u00edticamente correcto, o &lt;&lt;Nueva Izquierda&gt;&gt; como insiste Laje, y se enfatiza en las causas y razones por las cuales dichas tendencias culturales son la norma en la actualidad. En s\u00edntesis, en el presente libro, adem\u00e1s de desarrollarse un estudio cr\u00edtico sobre la postura pol\u00edtica de Laje, tambi\u00e9n se teoriza, desde el materialismo hist\u00f3rico, sobre los nuevos fen\u00f3menos resultantes de las nuevas din\u00e1micas capitalistas, entre ellos el pensamiento de Laje y la l\u00f3gica cultural del capitalismo tard\u00edo, es decir, el posmodernismo.","og_url":"https:\/\/letrame.com\/catalogo\/producto\/quien-es-agustin-laje\/","og_site_name":"Catalogo | Letrame Grupo Editorial","article_modified_time":"2024-04-29T13:02:33+00:00","og_image":[{"width":601,"height":832,"url":"https:\/\/letrame.com\/catalogo\/wp-content\/uploads\/2024\/04\/redportada_\u00bfquienesagustin_55mm-2-compressed.jpg","type":"image\/jpeg"}],"twitter_card":"summary_large_image","twitter_misc":{"Tiempo de lectura":"1 minuto"},"schema":{"@context":"https:\/\/schema.org","@graph":[{"@type":"WebPage","@id":"https:\/\/letrame.com\/catalogo\/producto\/quien-es-agustin-laje\/","url":"https:\/\/letrame.com\/catalogo\/producto\/quien-es-agustin-laje\/","name":"\u00bfQui\u00e9n es Agust\u00edn Laje? - Catalogo | Letrame Grupo Editorial","isPartOf":{"@id":"https:\/\/letrame.com\/catalogo\/#website"},"primaryImageOfPage":{"@id":"https:\/\/letrame.com\/catalogo\/producto\/quien-es-agustin-laje\/#primaryimage"},"image":{"@id":"https:\/\/letrame.com\/catalogo\/producto\/quien-es-agustin-laje\/#primaryimage"},"thumbnailUrl":"https:\/\/letrame.com\/catalogo\/wp-content\/uploads\/2024\/04\/redportada_\u00bfquienesagustin_55mm-2-compressed.jpg","datePublished":"2024-04-29T13:02:32+00:00","dateModified":"2024-04-29T13:02:33+00:00","breadcrumb":{"@id":"https:\/\/letrame.com\/catalogo\/producto\/quien-es-agustin-laje\/#breadcrumb"},"inLanguage":"es","potentialAction":[{"@type":"ReadAction","target":["https:\/\/letrame.com\/catalogo\/producto\/quien-es-agustin-laje\/"]}]},{"@type":"ImageObject","inLanguage":"es","@id":"https:\/\/letrame.com\/catalogo\/producto\/quien-es-agustin-laje\/#primaryimage","url":"https:\/\/letrame.com\/catalogo\/wp-content\/uploads\/2024\/04\/redportada_\u00bfquienesagustin_55mm-2-compressed.jpg","contentUrl":"https:\/\/letrame.com\/catalogo\/wp-content\/uploads\/2024\/04\/redportada_\u00bfquienesagustin_55mm-2-compressed.jpg","width":601,"height":832},{"@type":"BreadcrumbList","@id":"https:\/\/letrame.com\/catalogo\/producto\/quien-es-agustin-laje\/#breadcrumb","itemListElement":[{"@type":"ListItem","position":1,"name":"Portada","item":"https:\/\/letrame.com\/catalogo\/"},{"@type":"ListItem","position":2,"name":"Cat\u00e1logo","item":"https:\/\/letrame.com\/catalogo\/"},{"@type":"ListItem","position":3,"name":"\u00bfQui\u00e9n es Agust\u00edn Laje?"}]},{"@type":"WebSite","@id":"https:\/\/letrame.com\/catalogo\/#website","url":"https:\/\/letrame.com\/catalogo\/","name":"Catalogo | Letrame Grupo Editorial","description":"","publisher":{"@id":"https:\/\/letrame.com\/catalogo\/#organization"},"potentialAction":[{"@type":"SearchAction","target":{"@type":"EntryPoint","urlTemplate":"https:\/\/letrame.com\/catalogo\/?s={search_term_string}"},"query-input":{"@type":"PropertyValueSpecification","valueRequired":true,"valueName":"search_term_string"}}],"inLanguage":"es"},{"@type":"Organization","@id":"https:\/\/letrame.com\/catalogo\/#organization","name":"Catalogo | Letrame Grupo Editorial","url":"https:\/\/letrame.com\/catalogo\/","logo":{"@type":"ImageObject","inLanguage":"es","@id":"https:\/\/letrame.com\/catalogo\/#\/schema\/logo\/image\/","url":"https:\/\/letrame.com\/catalogo\/wp-content\/uploads\/2024\/03\/logo2.webp","contentUrl":"https:\/\/letrame.com\/catalogo\/wp-content\/uploads\/2024\/03\/logo2.webp","width":394,"height":128,"caption":"Catalogo | Letrame Grupo Editorial"},"image":{"@id":"https:\/\/letrame.com\/catalogo\/#\/schema\/logo\/image\/"}}]}},"_links":{"self":[{"href":"https:\/\/letrame.com\/catalogo\/wp-json\/wp\/v2\/product\/98403","targetHints":{"allow":["GET"]}}],"collection":[{"href":"https:\/\/letrame.com\/catalogo\/wp-json\/wp\/v2\/product"}],"about":[{"href":"https:\/\/letrame.com\/catalogo\/wp-json\/wp\/v2\/types\/product"}],"replies":[{"embeddable":true,"href":"https:\/\/letrame.com\/catalogo\/wp-json\/wp\/v2\/comments?post=98403"}],"acf:post":[{"embeddable":true,"href":"https:\/\/letrame.com\/catalogo\/wp-json\/wp\/v2\/author_book\/76873"}],"wp:featuredmedia":[{"embeddable":true,"href":"https:\/\/letrame.com\/catalogo\/wp-json\/wp\/v2\/media\/98404"}],"wp:attachment":[{"href":"https:\/\/letrame.com\/catalogo\/wp-json\/wp\/v2\/media?parent=98403"}],"wp:term":[{"taxonomy":"libro","embeddable":true,"href":"https:\/\/letrame.com\/catalogo\/wp-json\/wp\/v2\/libro?post=98403"},{"taxonomy":"product_brand","embeddable":true,"href":"https:\/\/letrame.com\/catalogo\/wp-json\/wp\/v2\/product_brand?post=98403"},{"taxonomy":"product_cat","embeddable":true,"href":"https:\/\/letrame.com\/catalogo\/wp-json\/wp\/v2\/product_cat?post=98403"},{"taxonomy":"product_tag","embeddable":true,"href":"https:\/\/letrame.com\/catalogo\/wp-json\/wp\/v2\/product_tag?post=98403"}],"curies":[{"name":"wp","href":"https:\/\/api.w.org\/{rel}","templated":true}]}}