{"id":98391,"date":"2024-04-29T15:02:11","date_gmt":"2024-04-29T13:02:11","guid":{"rendered":"https:\/\/letrame.com\/catalogo\/producto\/el-ojo-de-la-aguja\/"},"modified":"2024-04-29T15:02:11","modified_gmt":"2024-04-29T13:02:11","slug":"el-ojo-de-la-aguja","status":"publish","type":"product","link":"https:\/\/letrame.com\/catalogo\/producto\/el-ojo-de-la-aguja\/","title":{"rendered":"El ojo de la aguja"},"content":{"rendered":"<p><strong>ISBN<\/strong>: 978-84-1144-394-4<\/p>\n<p><strong>T\u00edtulo<\/strong>: El ojo de la aguja<br \/>\n<strong>Fecha<\/strong>: 2022<br \/>\n<strong>P\u00e1ginas<\/strong>: 326<\/p>\n<p><strong>SINOPSIS<\/strong><\/p>\n<p>El ojo de la aguja recoge ejercicios literarios del autor.<\/p>\n<p>Se agrupan relatos m\u00e1s largos con otros m\u00e1s cortos, o microrrelatos, y en ese entretejimiento casual aparece la iron\u00eda, el humor o la cr\u00edtica. Los hay duros, y tambi\u00e9n dulces o amargos, como las frutas de un frutero. Tambi\u00e9n aleccionadores o que hacen reflexionar sobre alg\u00fan hecho. Suelen estar escritos en primera persona, de manera que el protagonista relata su propia historia y tras lo ocurrido se pone a prueba. Con ello desvela su personalidad, a veces de hombre honesto, o de sabiondo ridiculizado, cuando no de leal o desleal, de soberbio, macarra, hip\u00f3crita, ponderado, psic\u00f3tico o c\u00ednico desenmascarado. Todos llevamos un poco de cada uno de esos hombres encima. Un hombre es todos los hombres.<\/p>\n<p>En muchos de los relatos el protagonista termina aleccionado y en alguno advierte que estaba equivocado.<\/p>\n<p>Hay historias m\u00e1s sint\u00e9ticos en las que una peque\u00f1a circunstancia hace que, de repente, todo cambie y se produzca un giro que pone todo patas arriba. Otras veces el final queda abierto a la interpretaci\u00f3n del lector.<\/p>\n<p>Hay argumentos tomados de la vida cotidiana, pero por un hecho fortuito, ocurrido inesperadamente, quedan liberados de la realidad para terminar formando parte de la literatura.<\/p>\n<p>&nbsp;<\/p>\n<p>&nbsp;<\/p>\n","protected":false},"excerpt":{"rendered":"<p><strong>ISBN<\/strong>: 978-84-1144-394-4<\/p>\n<p><strong>SINOPSIS<\/strong><\/p>\n<p>El ojo de la aguja recoge ejercicios literarios del autor.<\/p>\n<p>Se agrupan relatos m\u00e1s largos con otros m\u00e1s cortos, o microrrelatos, y en ese entretejimiento casual aparece la iron\u00eda, el humor o la cr\u00edtica. Los hay duros, y tambi\u00e9n dulces o amargos, como las frutas de un frutero. Tambi\u00e9n aleccionadores o que hacen reflexionar sobre alg\u00fan hecho. Suelen estar escritos en primera persona, de manera que el protagonista relata su propia historia y tras lo ocurrido se pone a prueba. Con ello desvela su personalidad, a veces de hombre honesto, o de sabiondo ridiculizado, cuando no de leal o desleal, de soberbio, macarra, hip\u00f3crita, ponderado, psic\u00f3tico o c\u00ednico desenmascarado. Todos llevamos un poco de cada uno de esos hombres encima. Un hombre es todos los hombres.<\/p>\n<p>En muchos de los relatos el protagonista termina aleccionado y en alguno advierte que estaba equivocado.<\/p>\n<p>Hay historias m\u00e1s sint\u00e9ticos en las que una peque\u00f1a circunstancia hace que, de repente, todo cambie y se produzca un giro que pone todo patas arriba. Otras veces el final queda abierto a la interpretaci\u00f3n del lector.<\/p>\n<p>Hay argumentos tomados de la vida cotidiana, pero por un hecho fortuito, ocurrido inesperadamente, quedan liberados de la realidad para terminar formando parte de la literatura.<\/p>\n","protected":false},"featured_media":98392,"comment_status":"closed","ping_status":"open","template":"","meta":{"_acf_changed":false},"libro":[],"product_brand":[],"product_cat":[33,21],"product_tag":[],"class_list":{"0":"post-98391","1":"product","2":"type-product","3":"status-publish","4":"has-post-thumbnail","6":"product_cat-cuento","7":"product_cat-relato","9":"first","10":"instock","11":"product-type-simple"},"acf":{"autor":[76858],"enlace_de_compra":"https:\/\/www.paypal.com\/instantcommerce\/checkout\/56LS9ZP7F8UFJ"},"yoast_head":"<!-- This site is optimized with the Yoast SEO plugin v26.6 - https:\/\/yoast.com\/wordpress\/plugins\/seo\/ -->\n<title>El ojo de la aguja - Catalogo | Letrame Grupo Editorial<\/title>\n<meta name=\"robots\" content=\"index, follow, max-snippet:-1, max-image-preview:large, max-video-preview:-1\" \/>\n<link rel=\"canonical\" href=\"https:\/\/letrame.com\/catalogo\/producto\/el-ojo-de-la-aguja\/\" \/>\n<meta property=\"og:locale\" content=\"es_ES\" \/>\n<meta property=\"og:type\" content=\"article\" \/>\n<meta property=\"og:title\" content=\"El ojo de la aguja - Catalogo | Letrame Grupo Editorial\" \/>\n<meta property=\"og:description\" content=\"ISBN: 978-84-1144-394-4 SINOPSIS El ojo de la aguja recoge ejercicios literarios del autor. Se agrupan relatos m\u00e1s largos con otros m\u00e1s cortos, o microrrelatos, y en ese entretejimiento casual aparece la iron\u00eda, el humor o la cr\u00edtica. Los hay duros, y tambi\u00e9n dulces o amargos, como las frutas de un frutero. Tambi\u00e9n aleccionadores o que hacen reflexionar sobre alg\u00fan hecho. Suelen estar escritos en primera persona, de manera que el protagonista relata su propia historia y tras lo ocurrido se pone a prueba. Con ello desvela su personalidad, a veces de hombre honesto, o de sabiondo ridiculizado, cuando no de leal o desleal, de soberbio, macarra, hip\u00f3crita, ponderado, psic\u00f3tico o c\u00ednico desenmascarado. Todos llevamos un poco de cada uno de esos hombres encima. Un hombre es todos los hombres. En muchos de los relatos el protagonista termina aleccionado y en alguno advierte que estaba equivocado. Hay historias m\u00e1s sint\u00e9ticos en las que una peque\u00f1a circunstancia hace que, de repente, todo cambie y se produzca un giro que pone todo patas arriba. Otras veces el final queda abierto a la interpretaci\u00f3n del lector. Hay argumentos tomados de la vida cotidiana, pero por un hecho fortuito, ocurrido inesperadamente, quedan liberados de la realidad para terminar formando parte de la literatura.\" \/>\n<meta property=\"og:url\" content=\"https:\/\/letrame.com\/catalogo\/producto\/el-ojo-de-la-aguja\/\" \/>\n<meta property=\"og:site_name\" content=\"Catalogo | Letrame Grupo Editorial\" \/>\n<meta property=\"og:image\" content=\"https:\/\/letrame.com\/catalogo\/wp-content\/uploads\/2024\/04\/redportada_elojodelaguja_161mm-4-compressed.jpg\" \/>\n\t<meta property=\"og:image:width\" content=\"601\" \/>\n\t<meta property=\"og:image:height\" content=\"847\" \/>\n\t<meta property=\"og:image:type\" content=\"image\/jpeg\" \/>\n<meta name=\"twitter:card\" content=\"summary_large_image\" \/>\n<meta name=\"twitter:label1\" content=\"Tiempo de lectura\" \/>\n\t<meta name=\"twitter:data1\" content=\"1 minuto\" \/>\n<script type=\"application\/ld+json\" class=\"yoast-schema-graph\">{\"@context\":\"https:\/\/schema.org\",\"@graph\":[{\"@type\":\"WebPage\",\"@id\":\"https:\/\/letrame.com\/catalogo\/producto\/el-ojo-de-la-aguja\/\",\"url\":\"https:\/\/letrame.com\/catalogo\/producto\/el-ojo-de-la-aguja\/\",\"name\":\"El ojo de la aguja - Catalogo | Letrame Grupo Editorial\",\"isPartOf\":{\"@id\":\"https:\/\/letrame.com\/catalogo\/#website\"},\"primaryImageOfPage\":{\"@id\":\"https:\/\/letrame.com\/catalogo\/producto\/el-ojo-de-la-aguja\/#primaryimage\"},\"image\":{\"@id\":\"https:\/\/letrame.com\/catalogo\/producto\/el-ojo-de-la-aguja\/#primaryimage\"},\"thumbnailUrl\":\"https:\/\/letrame.com\/catalogo\/wp-content\/uploads\/2024\/04\/redportada_elojodelaguja_161mm-4-compressed.jpg\",\"datePublished\":\"2024-04-29T13:02:11+00:00\",\"breadcrumb\":{\"@id\":\"https:\/\/letrame.com\/catalogo\/producto\/el-ojo-de-la-aguja\/#breadcrumb\"},\"inLanguage\":\"es\",\"potentialAction\":[{\"@type\":\"ReadAction\",\"target\":[\"https:\/\/letrame.com\/catalogo\/producto\/el-ojo-de-la-aguja\/\"]}]},{\"@type\":\"ImageObject\",\"inLanguage\":\"es\",\"@id\":\"https:\/\/letrame.com\/catalogo\/producto\/el-ojo-de-la-aguja\/#primaryimage\",\"url\":\"https:\/\/letrame.com\/catalogo\/wp-content\/uploads\/2024\/04\/redportada_elojodelaguja_161mm-4-compressed.jpg\",\"contentUrl\":\"https:\/\/letrame.com\/catalogo\/wp-content\/uploads\/2024\/04\/redportada_elojodelaguja_161mm-4-compressed.jpg\",\"width\":601,\"height\":847},{\"@type\":\"BreadcrumbList\",\"@id\":\"https:\/\/letrame.com\/catalogo\/producto\/el-ojo-de-la-aguja\/#breadcrumb\",\"itemListElement\":[{\"@type\":\"ListItem\",\"position\":1,\"name\":\"Portada\",\"item\":\"https:\/\/letrame.com\/catalogo\/\"},{\"@type\":\"ListItem\",\"position\":2,\"name\":\"Cat\u00e1logo\",\"item\":\"https:\/\/letrame.com\/catalogo\/\"},{\"@type\":\"ListItem\",\"position\":3,\"name\":\"El ojo de la aguja\"}]},{\"@type\":\"WebSite\",\"@id\":\"https:\/\/letrame.com\/catalogo\/#website\",\"url\":\"https:\/\/letrame.com\/catalogo\/\",\"name\":\"Catalogo | Letrame Grupo Editorial\",\"description\":\"\",\"publisher\":{\"@id\":\"https:\/\/letrame.com\/catalogo\/#organization\"},\"potentialAction\":[{\"@type\":\"SearchAction\",\"target\":{\"@type\":\"EntryPoint\",\"urlTemplate\":\"https:\/\/letrame.com\/catalogo\/?s={search_term_string}\"},\"query-input\":{\"@type\":\"PropertyValueSpecification\",\"valueRequired\":true,\"valueName\":\"search_term_string\"}}],\"inLanguage\":\"es\"},{\"@type\":\"Organization\",\"@id\":\"https:\/\/letrame.com\/catalogo\/#organization\",\"name\":\"Catalogo | Letrame Grupo Editorial\",\"url\":\"https:\/\/letrame.com\/catalogo\/\",\"logo\":{\"@type\":\"ImageObject\",\"inLanguage\":\"es\",\"@id\":\"https:\/\/letrame.com\/catalogo\/#\/schema\/logo\/image\/\",\"url\":\"https:\/\/letrame.com\/catalogo\/wp-content\/uploads\/2024\/03\/logo2.webp\",\"contentUrl\":\"https:\/\/letrame.com\/catalogo\/wp-content\/uploads\/2024\/03\/logo2.webp\",\"width\":394,\"height\":128,\"caption\":\"Catalogo | Letrame Grupo Editorial\"},\"image\":{\"@id\":\"https:\/\/letrame.com\/catalogo\/#\/schema\/logo\/image\/\"}}]}<\/script>\n<!-- \/ Yoast SEO plugin. -->","yoast_head_json":{"title":"El ojo de la aguja - Catalogo | Letrame Grupo Editorial","robots":{"index":"index","follow":"follow","max-snippet":"max-snippet:-1","max-image-preview":"max-image-preview:large","max-video-preview":"max-video-preview:-1"},"canonical":"https:\/\/letrame.com\/catalogo\/producto\/el-ojo-de-la-aguja\/","og_locale":"es_ES","og_type":"article","og_title":"El ojo de la aguja - Catalogo | Letrame Grupo Editorial","og_description":"ISBN: 978-84-1144-394-4 SINOPSIS El ojo de la aguja recoge ejercicios literarios del autor. Se agrupan relatos m\u00e1s largos con otros m\u00e1s cortos, o microrrelatos, y en ese entretejimiento casual aparece la iron\u00eda, el humor o la cr\u00edtica. Los hay duros, y tambi\u00e9n dulces o amargos, como las frutas de un frutero. Tambi\u00e9n aleccionadores o que hacen reflexionar sobre alg\u00fan hecho. Suelen estar escritos en primera persona, de manera que el protagonista relata su propia historia y tras lo ocurrido se pone a prueba. Con ello desvela su personalidad, a veces de hombre honesto, o de sabiondo ridiculizado, cuando no de leal o desleal, de soberbio, macarra, hip\u00f3crita, ponderado, psic\u00f3tico o c\u00ednico desenmascarado. Todos llevamos un poco de cada uno de esos hombres encima. Un hombre es todos los hombres. En muchos de los relatos el protagonista termina aleccionado y en alguno advierte que estaba equivocado. Hay historias m\u00e1s sint\u00e9ticos en las que una peque\u00f1a circunstancia hace que, de repente, todo cambie y se produzca un giro que pone todo patas arriba. Otras veces el final queda abierto a la interpretaci\u00f3n del lector. Hay argumentos tomados de la vida cotidiana, pero por un hecho fortuito, ocurrido inesperadamente, quedan liberados de la realidad para terminar formando parte de la literatura.","og_url":"https:\/\/letrame.com\/catalogo\/producto\/el-ojo-de-la-aguja\/","og_site_name":"Catalogo | Letrame Grupo Editorial","og_image":[{"width":601,"height":847,"url":"https:\/\/letrame.com\/catalogo\/wp-content\/uploads\/2024\/04\/redportada_elojodelaguja_161mm-4-compressed.jpg","type":"image\/jpeg"}],"twitter_card":"summary_large_image","twitter_misc":{"Tiempo de lectura":"1 minuto"},"schema":{"@context":"https:\/\/schema.org","@graph":[{"@type":"WebPage","@id":"https:\/\/letrame.com\/catalogo\/producto\/el-ojo-de-la-aguja\/","url":"https:\/\/letrame.com\/catalogo\/producto\/el-ojo-de-la-aguja\/","name":"El ojo de la aguja - Catalogo | Letrame Grupo Editorial","isPartOf":{"@id":"https:\/\/letrame.com\/catalogo\/#website"},"primaryImageOfPage":{"@id":"https:\/\/letrame.com\/catalogo\/producto\/el-ojo-de-la-aguja\/#primaryimage"},"image":{"@id":"https:\/\/letrame.com\/catalogo\/producto\/el-ojo-de-la-aguja\/#primaryimage"},"thumbnailUrl":"https:\/\/letrame.com\/catalogo\/wp-content\/uploads\/2024\/04\/redportada_elojodelaguja_161mm-4-compressed.jpg","datePublished":"2024-04-29T13:02:11+00:00","breadcrumb":{"@id":"https:\/\/letrame.com\/catalogo\/producto\/el-ojo-de-la-aguja\/#breadcrumb"},"inLanguage":"es","potentialAction":[{"@type":"ReadAction","target":["https:\/\/letrame.com\/catalogo\/producto\/el-ojo-de-la-aguja\/"]}]},{"@type":"ImageObject","inLanguage":"es","@id":"https:\/\/letrame.com\/catalogo\/producto\/el-ojo-de-la-aguja\/#primaryimage","url":"https:\/\/letrame.com\/catalogo\/wp-content\/uploads\/2024\/04\/redportada_elojodelaguja_161mm-4-compressed.jpg","contentUrl":"https:\/\/letrame.com\/catalogo\/wp-content\/uploads\/2024\/04\/redportada_elojodelaguja_161mm-4-compressed.jpg","width":601,"height":847},{"@type":"BreadcrumbList","@id":"https:\/\/letrame.com\/catalogo\/producto\/el-ojo-de-la-aguja\/#breadcrumb","itemListElement":[{"@type":"ListItem","position":1,"name":"Portada","item":"https:\/\/letrame.com\/catalogo\/"},{"@type":"ListItem","position":2,"name":"Cat\u00e1logo","item":"https:\/\/letrame.com\/catalogo\/"},{"@type":"ListItem","position":3,"name":"El ojo de la aguja"}]},{"@type":"WebSite","@id":"https:\/\/letrame.com\/catalogo\/#website","url":"https:\/\/letrame.com\/catalogo\/","name":"Catalogo | Letrame Grupo Editorial","description":"","publisher":{"@id":"https:\/\/letrame.com\/catalogo\/#organization"},"potentialAction":[{"@type":"SearchAction","target":{"@type":"EntryPoint","urlTemplate":"https:\/\/letrame.com\/catalogo\/?s={search_term_string}"},"query-input":{"@type":"PropertyValueSpecification","valueRequired":true,"valueName":"search_term_string"}}],"inLanguage":"es"},{"@type":"Organization","@id":"https:\/\/letrame.com\/catalogo\/#organization","name":"Catalogo | Letrame Grupo Editorial","url":"https:\/\/letrame.com\/catalogo\/","logo":{"@type":"ImageObject","inLanguage":"es","@id":"https:\/\/letrame.com\/catalogo\/#\/schema\/logo\/image\/","url":"https:\/\/letrame.com\/catalogo\/wp-content\/uploads\/2024\/03\/logo2.webp","contentUrl":"https:\/\/letrame.com\/catalogo\/wp-content\/uploads\/2024\/03\/logo2.webp","width":394,"height":128,"caption":"Catalogo | Letrame Grupo Editorial"},"image":{"@id":"https:\/\/letrame.com\/catalogo\/#\/schema\/logo\/image\/"}}]}},"_links":{"self":[{"href":"https:\/\/letrame.com\/catalogo\/wp-json\/wp\/v2\/product\/98391","targetHints":{"allow":["GET"]}}],"collection":[{"href":"https:\/\/letrame.com\/catalogo\/wp-json\/wp\/v2\/product"}],"about":[{"href":"https:\/\/letrame.com\/catalogo\/wp-json\/wp\/v2\/types\/product"}],"replies":[{"embeddable":true,"href":"https:\/\/letrame.com\/catalogo\/wp-json\/wp\/v2\/comments?post=98391"}],"acf:post":[{"embeddable":true,"href":"https:\/\/letrame.com\/catalogo\/wp-json\/wp\/v2\/author_book\/76858"}],"wp:featuredmedia":[{"embeddable":true,"href":"https:\/\/letrame.com\/catalogo\/wp-json\/wp\/v2\/media\/98392"}],"wp:attachment":[{"href":"https:\/\/letrame.com\/catalogo\/wp-json\/wp\/v2\/media?parent=98391"}],"wp:term":[{"taxonomy":"libro","embeddable":true,"href":"https:\/\/letrame.com\/catalogo\/wp-json\/wp\/v2\/libro?post=98391"},{"taxonomy":"product_brand","embeddable":true,"href":"https:\/\/letrame.com\/catalogo\/wp-json\/wp\/v2\/product_brand?post=98391"},{"taxonomy":"product_cat","embeddable":true,"href":"https:\/\/letrame.com\/catalogo\/wp-json\/wp\/v2\/product_cat?post=98391"},{"taxonomy":"product_tag","embeddable":true,"href":"https:\/\/letrame.com\/catalogo\/wp-json\/wp\/v2\/product_tag?post=98391"}],"curies":[{"name":"wp","href":"https:\/\/api.w.org\/{rel}","templated":true}]}}