{"id":98389,"date":"2024-04-29T15:02:02","date_gmt":"2024-04-29T13:02:02","guid":{"rendered":"https:\/\/letrame.com\/catalogo\/producto\/la-motivacion-no-sirve-sin-disciplina\/"},"modified":"2024-04-29T15:02:08","modified_gmt":"2024-04-29T13:02:08","slug":"la-motivacion-no-sirve-sin-disciplina","status":"publish","type":"product","link":"https:\/\/letrame.com\/catalogo\/producto\/la-motivacion-no-sirve-sin-disciplina\/","title":{"rendered":"La motivaci\u00f3n no sirve sin disciplina"},"content":{"rendered":"<p><strong>ISBN<\/strong>: 978-84-1144-570-2<\/p>\n<p><strong>T\u00edtulo<\/strong>: La motivaci\u00f3n no sirve sin disciplina<br \/>\n<strong>Fecha<\/strong>: 2022<br \/>\n<strong>P\u00e1ginas<\/strong>: 226<\/p>\n<p><strong>SINOPSIS<\/strong><\/p>\n<p>Tener motivaci\u00f3n cuando queremos alcanzar algo est\u00e1 muy bien, pero \u00bfqu\u00e9 hay de la disciplina? Muchos de nosotros llevamos a\u00f1os en piloto autom\u00e1tico, en la zona de confort, en modo avi\u00f3n o como quieras llamarle. Por eso, para salir de all\u00ed, para alcanzar nuestras metas y sue\u00f1os m\u00e1s anhelados, necesitamos algo m\u00e1s que motivaci\u00f3n, necesitamos fortalecer nuestras mentes. \u00bfY c\u00f3mo hacemos eso? Con disciplina.<\/p>\n<p>Ya sea que necesites un empuj\u00f3n para animarte a dejar atr\u00e1s las excusas o encontrar algo que cambie radicalmente tu modo de ver la vida, en <em>La motivaci\u00f3n no tiene valor sin disciplina <\/em>encontrar\u00e1s la voz de la experiencia para acompa\u00f1arte en ese tr\u00e1nsito.<\/p>\n<p>An\u00edmate a escuchar la melod\u00eda de tu alma y a dar el primer paso hacia tus metas. Te prometemos que no te arrepentir\u00e1s.<\/p>\n","protected":false},"excerpt":{"rendered":"<p><strong>ISBN<\/strong>: 978-84-1144-570-2<\/p>\n<p><strong>SINOPSIS<\/strong><\/p>\n<p>Tener motivaci\u00f3n cuando queremos alcanzar algo est\u00e1 muy bien, pero \u00bfqu\u00e9 hay de la disciplina? Muchos de nosotros llevamos a\u00f1os en piloto autom\u00e1tico, en la zona de confort, en modo avi\u00f3n o como quieras llamarle. Por eso, para salir de all\u00ed, para alcanzar nuestras metas y sue\u00f1os m\u00e1s anhelados, necesitamos algo m\u00e1s que motivaci\u00f3n, necesitamos fortalecer nuestras mentes. \u00bfY c\u00f3mo hacemos eso? Con disciplina.<\/p>\n<p>Ya sea que necesites un empuj\u00f3n para animarte a dejar atr\u00e1s las excusas o encontrar algo que cambie radicalmente tu modo de ver la vida, en <em>La motivaci\u00f3n no tiene valor sin disciplina <\/em>encontrar\u00e1s la voz de la experiencia para acompa\u00f1arte en ese tr\u00e1nsito.<\/p>\n<p>An\u00edmate a escuchar la melod\u00eda de tu alma y a dar el primer paso hacia tus metas. Te prometemos que no te arrepentir\u00e1s.<\/p>\n","protected":false},"featured_media":98390,"comment_status":"closed","ping_status":"open","template":"","meta":{"_acf_changed":false},"libro":[],"product_brand":[],"product_cat":[26],"product_tag":[],"class_list":{"0":"post-98389","1":"product","2":"type-product","3":"status-publish","4":"has-post-thumbnail","6":"product_cat-sin-categoria","8":"first","9":"instock","10":"product-type-simple"},"acf":{"autor":[76865],"enlace_de_compra":"https:\/\/www.paypal.me\/UlicesMelendez\/"},"yoast_head":"<!-- This site is optimized with the Yoast SEO plugin v27.4 - https:\/\/yoast.com\/product\/yoast-seo-wordpress\/ -->\n<title>La motivaci\u00f3n no sirve sin disciplina - Catalogo | Letrame Grupo Editorial<\/title>\n<meta name=\"robots\" content=\"index, follow, max-snippet:-1, max-image-preview:large, max-video-preview:-1\" \/>\n<link rel=\"canonical\" href=\"https:\/\/letrame.com\/catalogo\/producto\/la-motivacion-no-sirve-sin-disciplina\/\" \/>\n<meta property=\"og:locale\" content=\"es_ES\" \/>\n<meta property=\"og:type\" content=\"article\" \/>\n<meta property=\"og:title\" content=\"La motivaci\u00f3n no sirve sin disciplina - Catalogo | Letrame Grupo Editorial\" \/>\n<meta property=\"og:description\" content=\"ISBN: 978-84-1144-570-2 SINOPSIS Tener motivaci\u00f3n cuando queremos alcanzar algo est\u00e1 muy bien, pero \u00bfqu\u00e9 hay de la disciplina? Muchos de nosotros llevamos a\u00f1os en piloto autom\u00e1tico, en la zona de confort, en modo avi\u00f3n o como quieras llamarle. Por eso, para salir de all\u00ed, para alcanzar nuestras metas y sue\u00f1os m\u00e1s anhelados, necesitamos algo m\u00e1s que motivaci\u00f3n, necesitamos fortalecer nuestras mentes. \u00bfY c\u00f3mo hacemos eso? Con disciplina. Ya sea que necesites un empuj\u00f3n para animarte a dejar atr\u00e1s las excusas o encontrar algo que cambie radicalmente tu modo de ver la vida, en La motivaci\u00f3n no tiene valor sin disciplina encontrar\u00e1s la voz de la experiencia para acompa\u00f1arte en ese tr\u00e1nsito. An\u00edmate a escuchar la melod\u00eda de tu alma y a dar el primer paso hacia tus metas. Te prometemos que no te arrepentir\u00e1s.\" \/>\n<meta property=\"og:url\" content=\"https:\/\/letrame.com\/catalogo\/producto\/la-motivacion-no-sirve-sin-disciplina\/\" \/>\n<meta property=\"og:site_name\" content=\"Catalogo | Letrame Grupo Editorial\" \/>\n<meta property=\"article:modified_time\" content=\"2024-04-29T13:02:08+00:00\" \/>\n<meta property=\"og:image\" content=\"https:\/\/letrame.com\/catalogo\/wp-content\/uploads\/2024\/04\/redportada_lamotivacion_1149mm-1-compressed-1.jpg\" \/>\n\t<meta property=\"og:image:width\" content=\"601\" \/>\n\t<meta property=\"og:image:height\" content=\"881\" \/>\n\t<meta property=\"og:image:type\" content=\"image\/jpeg\" \/>\n<meta name=\"twitter:card\" content=\"summary_large_image\" \/>\n<meta name=\"twitter:label1\" content=\"Tiempo de lectura\" \/>\n\t<meta name=\"twitter:data1\" content=\"1 minuto\" \/>\n<script type=\"application\/ld+json\" class=\"yoast-schema-graph\">{\"@context\":\"https:\\\/\\\/schema.org\",\"@graph\":[{\"@type\":\"WebPage\",\"@id\":\"https:\\\/\\\/letrame.com\\\/catalogo\\\/producto\\\/la-motivacion-no-sirve-sin-disciplina\\\/\",\"url\":\"https:\\\/\\\/letrame.com\\\/catalogo\\\/producto\\\/la-motivacion-no-sirve-sin-disciplina\\\/\",\"name\":\"La motivaci\u00f3n no sirve sin disciplina - Catalogo | Letrame Grupo Editorial\",\"isPartOf\":{\"@id\":\"https:\\\/\\\/letrame.com\\\/catalogo\\\/#website\"},\"primaryImageOfPage\":{\"@id\":\"https:\\\/\\\/letrame.com\\\/catalogo\\\/producto\\\/la-motivacion-no-sirve-sin-disciplina\\\/#primaryimage\"},\"image\":{\"@id\":\"https:\\\/\\\/letrame.com\\\/catalogo\\\/producto\\\/la-motivacion-no-sirve-sin-disciplina\\\/#primaryimage\"},\"thumbnailUrl\":\"https:\\\/\\\/letrame.com\\\/catalogo\\\/wp-content\\\/uploads\\\/2024\\\/04\\\/redportada_lamotivacion_1149mm-1-compressed-1.jpg\",\"datePublished\":\"2024-04-29T13:02:02+00:00\",\"dateModified\":\"2024-04-29T13:02:08+00:00\",\"breadcrumb\":{\"@id\":\"https:\\\/\\\/letrame.com\\\/catalogo\\\/producto\\\/la-motivacion-no-sirve-sin-disciplina\\\/#breadcrumb\"},\"inLanguage\":\"es\",\"potentialAction\":[{\"@type\":\"ReadAction\",\"target\":[\"https:\\\/\\\/letrame.com\\\/catalogo\\\/producto\\\/la-motivacion-no-sirve-sin-disciplina\\\/\"]}]},{\"@type\":\"ImageObject\",\"inLanguage\":\"es\",\"@id\":\"https:\\\/\\\/letrame.com\\\/catalogo\\\/producto\\\/la-motivacion-no-sirve-sin-disciplina\\\/#primaryimage\",\"url\":\"https:\\\/\\\/letrame.com\\\/catalogo\\\/wp-content\\\/uploads\\\/2024\\\/04\\\/redportada_lamotivacion_1149mm-1-compressed-1.jpg\",\"contentUrl\":\"https:\\\/\\\/letrame.com\\\/catalogo\\\/wp-content\\\/uploads\\\/2024\\\/04\\\/redportada_lamotivacion_1149mm-1-compressed-1.jpg\",\"width\":601,\"height\":881},{\"@type\":\"BreadcrumbList\",\"@id\":\"https:\\\/\\\/letrame.com\\\/catalogo\\\/producto\\\/la-motivacion-no-sirve-sin-disciplina\\\/#breadcrumb\",\"itemListElement\":[{\"@type\":\"ListItem\",\"position\":1,\"name\":\"Portada\",\"item\":\"https:\\\/\\\/letrame.com\\\/catalogo\\\/\"},{\"@type\":\"ListItem\",\"position\":2,\"name\":\"Cat\u00e1logo\",\"item\":\"https:\\\/\\\/letrame.com\\\/catalogo\\\/\"},{\"@type\":\"ListItem\",\"position\":3,\"name\":\"La motivaci\u00f3n no sirve sin disciplina\"}]},{\"@type\":\"WebSite\",\"@id\":\"https:\\\/\\\/letrame.com\\\/catalogo\\\/#website\",\"url\":\"https:\\\/\\\/letrame.com\\\/catalogo\\\/\",\"name\":\"Catalogo | Letrame Grupo Editorial\",\"description\":\"\",\"publisher\":{\"@id\":\"https:\\\/\\\/letrame.com\\\/catalogo\\\/#organization\"},\"potentialAction\":[{\"@type\":\"SearchAction\",\"target\":{\"@type\":\"EntryPoint\",\"urlTemplate\":\"https:\\\/\\\/letrame.com\\\/catalogo\\\/?s={search_term_string}\"},\"query-input\":{\"@type\":\"PropertyValueSpecification\",\"valueRequired\":true,\"valueName\":\"search_term_string\"}}],\"inLanguage\":\"es\"},{\"@type\":\"Organization\",\"@id\":\"https:\\\/\\\/letrame.com\\\/catalogo\\\/#organization\",\"name\":\"Catalogo | Letrame Grupo Editorial\",\"url\":\"https:\\\/\\\/letrame.com\\\/catalogo\\\/\",\"logo\":{\"@type\":\"ImageObject\",\"inLanguage\":\"es\",\"@id\":\"https:\\\/\\\/letrame.com\\\/catalogo\\\/#\\\/schema\\\/logo\\\/image\\\/\",\"url\":\"https:\\\/\\\/letrame.com\\\/catalogo\\\/wp-content\\\/uploads\\\/2024\\\/03\\\/logo2.webp\",\"contentUrl\":\"https:\\\/\\\/letrame.com\\\/catalogo\\\/wp-content\\\/uploads\\\/2024\\\/03\\\/logo2.webp\",\"width\":394,\"height\":128,\"caption\":\"Catalogo | Letrame Grupo Editorial\"},\"image\":{\"@id\":\"https:\\\/\\\/letrame.com\\\/catalogo\\\/#\\\/schema\\\/logo\\\/image\\\/\"}}]}<\/script>\n<!-- \/ Yoast SEO plugin. -->","yoast_head_json":{"title":"La motivaci\u00f3n no sirve sin disciplina - Catalogo | Letrame Grupo Editorial","robots":{"index":"index","follow":"follow","max-snippet":"max-snippet:-1","max-image-preview":"max-image-preview:large","max-video-preview":"max-video-preview:-1"},"canonical":"https:\/\/letrame.com\/catalogo\/producto\/la-motivacion-no-sirve-sin-disciplina\/","og_locale":"es_ES","og_type":"article","og_title":"La motivaci\u00f3n no sirve sin disciplina - Catalogo | Letrame Grupo Editorial","og_description":"ISBN: 978-84-1144-570-2 SINOPSIS Tener motivaci\u00f3n cuando queremos alcanzar algo est\u00e1 muy bien, pero \u00bfqu\u00e9 hay de la disciplina? Muchos de nosotros llevamos a\u00f1os en piloto autom\u00e1tico, en la zona de confort, en modo avi\u00f3n o como quieras llamarle. Por eso, para salir de all\u00ed, para alcanzar nuestras metas y sue\u00f1os m\u00e1s anhelados, necesitamos algo m\u00e1s que motivaci\u00f3n, necesitamos fortalecer nuestras mentes. \u00bfY c\u00f3mo hacemos eso? Con disciplina. Ya sea que necesites un empuj\u00f3n para animarte a dejar atr\u00e1s las excusas o encontrar algo que cambie radicalmente tu modo de ver la vida, en La motivaci\u00f3n no tiene valor sin disciplina encontrar\u00e1s la voz de la experiencia para acompa\u00f1arte en ese tr\u00e1nsito. An\u00edmate a escuchar la melod\u00eda de tu alma y a dar el primer paso hacia tus metas. Te prometemos que no te arrepentir\u00e1s.","og_url":"https:\/\/letrame.com\/catalogo\/producto\/la-motivacion-no-sirve-sin-disciplina\/","og_site_name":"Catalogo | Letrame Grupo Editorial","article_modified_time":"2024-04-29T13:02:08+00:00","og_image":[{"width":601,"height":881,"url":"https:\/\/letrame.com\/catalogo\/wp-content\/uploads\/2024\/04\/redportada_lamotivacion_1149mm-1-compressed-1.jpg","type":"image\/jpeg"}],"twitter_card":"summary_large_image","twitter_misc":{"Tiempo de lectura":"1 minuto"},"schema":{"@context":"https:\/\/schema.org","@graph":[{"@type":"WebPage","@id":"https:\/\/letrame.com\/catalogo\/producto\/la-motivacion-no-sirve-sin-disciplina\/","url":"https:\/\/letrame.com\/catalogo\/producto\/la-motivacion-no-sirve-sin-disciplina\/","name":"La motivaci\u00f3n no sirve sin disciplina - Catalogo | Letrame Grupo Editorial","isPartOf":{"@id":"https:\/\/letrame.com\/catalogo\/#website"},"primaryImageOfPage":{"@id":"https:\/\/letrame.com\/catalogo\/producto\/la-motivacion-no-sirve-sin-disciplina\/#primaryimage"},"image":{"@id":"https:\/\/letrame.com\/catalogo\/producto\/la-motivacion-no-sirve-sin-disciplina\/#primaryimage"},"thumbnailUrl":"https:\/\/letrame.com\/catalogo\/wp-content\/uploads\/2024\/04\/redportada_lamotivacion_1149mm-1-compressed-1.jpg","datePublished":"2024-04-29T13:02:02+00:00","dateModified":"2024-04-29T13:02:08+00:00","breadcrumb":{"@id":"https:\/\/letrame.com\/catalogo\/producto\/la-motivacion-no-sirve-sin-disciplina\/#breadcrumb"},"inLanguage":"es","potentialAction":[{"@type":"ReadAction","target":["https:\/\/letrame.com\/catalogo\/producto\/la-motivacion-no-sirve-sin-disciplina\/"]}]},{"@type":"ImageObject","inLanguage":"es","@id":"https:\/\/letrame.com\/catalogo\/producto\/la-motivacion-no-sirve-sin-disciplina\/#primaryimage","url":"https:\/\/letrame.com\/catalogo\/wp-content\/uploads\/2024\/04\/redportada_lamotivacion_1149mm-1-compressed-1.jpg","contentUrl":"https:\/\/letrame.com\/catalogo\/wp-content\/uploads\/2024\/04\/redportada_lamotivacion_1149mm-1-compressed-1.jpg","width":601,"height":881},{"@type":"BreadcrumbList","@id":"https:\/\/letrame.com\/catalogo\/producto\/la-motivacion-no-sirve-sin-disciplina\/#breadcrumb","itemListElement":[{"@type":"ListItem","position":1,"name":"Portada","item":"https:\/\/letrame.com\/catalogo\/"},{"@type":"ListItem","position":2,"name":"Cat\u00e1logo","item":"https:\/\/letrame.com\/catalogo\/"},{"@type":"ListItem","position":3,"name":"La motivaci\u00f3n no sirve sin disciplina"}]},{"@type":"WebSite","@id":"https:\/\/letrame.com\/catalogo\/#website","url":"https:\/\/letrame.com\/catalogo\/","name":"Catalogo | Letrame Grupo Editorial","description":"","publisher":{"@id":"https:\/\/letrame.com\/catalogo\/#organization"},"potentialAction":[{"@type":"SearchAction","target":{"@type":"EntryPoint","urlTemplate":"https:\/\/letrame.com\/catalogo\/?s={search_term_string}"},"query-input":{"@type":"PropertyValueSpecification","valueRequired":true,"valueName":"search_term_string"}}],"inLanguage":"es"},{"@type":"Organization","@id":"https:\/\/letrame.com\/catalogo\/#organization","name":"Catalogo | Letrame Grupo Editorial","url":"https:\/\/letrame.com\/catalogo\/","logo":{"@type":"ImageObject","inLanguage":"es","@id":"https:\/\/letrame.com\/catalogo\/#\/schema\/logo\/image\/","url":"https:\/\/letrame.com\/catalogo\/wp-content\/uploads\/2024\/03\/logo2.webp","contentUrl":"https:\/\/letrame.com\/catalogo\/wp-content\/uploads\/2024\/03\/logo2.webp","width":394,"height":128,"caption":"Catalogo | Letrame Grupo Editorial"},"image":{"@id":"https:\/\/letrame.com\/catalogo\/#\/schema\/logo\/image\/"}}]}},"_links":{"self":[{"href":"https:\/\/letrame.com\/catalogo\/wp-json\/wp\/v2\/product\/98389","targetHints":{"allow":["GET"]}}],"collection":[{"href":"https:\/\/letrame.com\/catalogo\/wp-json\/wp\/v2\/product"}],"about":[{"href":"https:\/\/letrame.com\/catalogo\/wp-json\/wp\/v2\/types\/product"}],"replies":[{"embeddable":true,"href":"https:\/\/letrame.com\/catalogo\/wp-json\/wp\/v2\/comments?post=98389"}],"acf:post":[{"embeddable":true,"href":"https:\/\/letrame.com\/catalogo\/wp-json\/wp\/v2\/author_book\/76865"}],"wp:featuredmedia":[{"embeddable":true,"href":"https:\/\/letrame.com\/catalogo\/wp-json\/wp\/v2\/media\/98390"}],"wp:attachment":[{"href":"https:\/\/letrame.com\/catalogo\/wp-json\/wp\/v2\/media?parent=98389"}],"wp:term":[{"taxonomy":"libro","embeddable":true,"href":"https:\/\/letrame.com\/catalogo\/wp-json\/wp\/v2\/libro?post=98389"},{"taxonomy":"product_brand","embeddable":true,"href":"https:\/\/letrame.com\/catalogo\/wp-json\/wp\/v2\/product_brand?post=98389"},{"taxonomy":"product_cat","embeddable":true,"href":"https:\/\/letrame.com\/catalogo\/wp-json\/wp\/v2\/product_cat?post=98389"},{"taxonomy":"product_tag","embeddable":true,"href":"https:\/\/letrame.com\/catalogo\/wp-json\/wp\/v2\/product_tag?post=98389"}],"curies":[{"name":"wp","href":"https:\/\/api.w.org\/{rel}","templated":true}]}}