{"id":98384,"date":"2024-04-29T15:01:39","date_gmt":"2024-04-29T13:01:39","guid":{"rendered":"https:\/\/letrame.com\/catalogo\/producto\/guia-de-apoyo-para-un-adolescente\/"},"modified":"2024-05-16T16:39:43","modified_gmt":"2024-05-16T14:39:43","slug":"guia-de-apoyo-para-un-adolescente","status":"publish","type":"product","link":"https:\/\/letrame.com\/catalogo\/producto\/guia-de-apoyo-para-un-adolescente\/","title":{"rendered":"Gu\u00eda de apoyo para un adolescente"},"content":{"rendered":"<p><strong>ISBN<\/strong>: 978-84-1144-178-0<\/p>\n<p><strong>T\u00edtulo<\/strong>: Gu\u00eda de apoyo para un adolescente<br \/>\n<strong>Fecha<\/strong>: 2022<br \/>\n<strong>P\u00e1ginas<\/strong>: 512<\/p>\n<p><strong>SINOPSIS<\/strong><\/p>\n<p>No pretende ser un tratado de psicolog\u00eda sino una vuelta a la esencia que todo Ser Humano lleva dentro, para volver a conectar con nuestro sentido com\u00fan, con dos objetivos en concreto: volver a conectar (si acaso entre tanta falta de entendimiento y dolor nos desconectamos en alg\u00fan momento) con aquel adolescente que fuimos y a\u00fan somos, y entenderlo, para poder comprender qui\u00e9n es (eres) ahora y qu\u00e9 necesita(s). Segundo; a la vez, y como consecuencia directa, poder ayudar a nuestros adolescentes a descubrir lo que necesitan y a ser quienes son realmente. Ayudarles a ser todo lo que verdaderamente pueden llegar a ser, libres de condicionamientos, miedos, sentimientos de culpa, y de todo aquello que nosotros arrastramos (muchas veces por simple falta de reflexi\u00f3n). Ayudarles tambi\u00e9n a ellos a entender qu\u00e9 vivimos los mayores por dentro y el porqu\u00e9 de muchas cosas a las que no consiguen dar respuesta acerca de nuestro mundo \u00abadulto\u00bb.<\/p>\n<p>Sin recordar esa mirada (pero sin perdernos en ella) es muy dif\u00edcil conseguir entender lo que ellos est\u00e1n viviendo y, por tanto, poder ayudarles y servirles en el acompa\u00f1amiento a lo largo de sus experiencias. Muchas veces se nos olvida\u2026 Los mayores no estamos para mandar. Deber\u00edamos estar para Servir, desde el significado originario de utilidad: resultar \u00fatil para su caminar. Si debemos recurrir a mandar, cuando ya tenemos capacidad de desarrollar la consciencia, es que algo estamos haciendo mal, pues pasamos de educar a domesticar, limitando, incluso impidiendo en ocasiones su desarrollo en la totalidad de lo que son.<\/p>\n","protected":false},"excerpt":{"rendered":"<p><strong>ISBN<\/strong>: 978-84-1144-178-0<\/p>\n<p><strong>SINOPSIS<\/strong><\/p>\n<p>No pretende ser un tratado de psicolog\u00eda sino una vuelta a la esencia que todo Ser Humano lleva dentro, para volver a conectar con nuestro sentido com\u00fan, con dos objetivos en concreto: volver a conectar (si acaso entre tanta falta de entendimiento y dolor nos desconectamos en alg\u00fan momento) con aquel adolescente que fuimos y a\u00fan somos, y entenderlo, para poder comprender qui\u00e9n es (eres) ahora y qu\u00e9 necesita(s). Segundo; a la vez, y como consecuencia directa, poder ayudar a nuestros adolescentes a descubrir lo que necesitan y a ser quienes son realmente. Ayudarles a ser todo lo que verdaderamente pueden llegar a ser, libres de condicionamientos, miedos, sentimientos de culpa, y de todo aquello que nosotros arrastramos (muchas veces por simple falta de reflexi\u00f3n). Ayudarles tambi\u00e9n a ellos a entender qu\u00e9 vivimos los mayores por dentro y el porqu\u00e9 de muchas cosas a las que no consiguen dar respuesta acerca de nuestro mundo \u00abadulto\u00bb.<\/p>\n<p>Sin recordar esa mirada (pero sin perdernos en ella) es muy dif\u00edcil conseguir entender lo que ellos est\u00e1n viviendo y, por tanto, poder ayudarles y servirles en el acompa\u00f1amiento a lo largo de sus experiencias. Muchas veces se nos olvida\u2026 Los mayores no estamos para mandar. Deber\u00edamos estar para Servir, desde el significado originario de utilidad: resultar \u00fatil para su caminar. Si debemos recurrir a mandar, cuando ya tenemos capacidad de desarrollar la consciencia, es que algo estamos haciendo mal, pues pasamos de educar a domesticar, limitando, incluso impidiendo en ocasiones su desarrollo en la totalidad de lo que son.<\/p>\n","protected":false},"featured_media":100431,"comment_status":"closed","ping_status":"closed","template":"","meta":{"_acf_changed":false},"libro":[],"product_brand":[],"product_cat":[26],"product_tag":[],"class_list":{"0":"post-98384","1":"product","2":"type-product","3":"status-publish","4":"has-post-thumbnail","6":"product_cat-sin-categoria","8":"first","9":"instock","10":"purchasable","11":"product-type-simple"},"acf":{"autor":[76861],"enlace_de_compra":"https:\/\/www.amazon.es\/Gu%C3%ADa-apoyo-para-adolescente-Autoayuda\/dp\/8411441784\/"},"yoast_head":"<!-- This site is optimized with the Yoast SEO plugin v26.6 - https:\/\/yoast.com\/wordpress\/plugins\/seo\/ -->\n<title>Gu\u00eda de apoyo para un adolescente - Catalogo | Letrame Grupo Editorial<\/title>\n<meta name=\"robots\" content=\"index, follow, max-snippet:-1, max-image-preview:large, max-video-preview:-1\" \/>\n<link rel=\"canonical\" href=\"https:\/\/letrame.com\/catalogo\/producto\/guia-de-apoyo-para-un-adolescente\/\" \/>\n<meta property=\"og:locale\" content=\"es_ES\" \/>\n<meta property=\"og:type\" content=\"article\" \/>\n<meta property=\"og:title\" content=\"Gu\u00eda de apoyo para un adolescente - Catalogo | Letrame Grupo Editorial\" \/>\n<meta property=\"og:description\" content=\"ISBN: 978-84-1144-178-0  SINOPSIS  No pretende ser un tratado de psicolog\u00eda sino una vuelta a la esencia que todo Ser Humano lleva dentro, para volver a conectar con nuestro sentido com\u00fan, con dos objetivos en concreto: volver a conectar (si acaso entre tanta falta de entendimiento y dolor nos desconectamos en alg\u00fan momento) con aquel adolescente que fuimos y a\u00fan somos, y entenderlo, para poder comprender qui\u00e9n es (eres) ahora y qu\u00e9 necesita(s). Segundo; a la vez, y como consecuencia directa, poder ayudar a nuestros adolescentes a descubrir lo que necesitan y a ser quienes son realmente. Ayudarles a ser todo lo que verdaderamente pueden llegar a ser, libres de condicionamientos, miedos, sentimientos de culpa, y de todo aquello que nosotros arrastramos (muchas veces por simple falta de reflexi\u00f3n). Ayudarles tambi\u00e9n a ellos a entender qu\u00e9 vivimos los mayores por dentro y el porqu\u00e9 de muchas cosas a las que no consiguen dar respuesta acerca de nuestro mundo \u00abadulto\u00bb.  Sin recordar esa mirada (pero sin perdernos en ella) es muy dif\u00edcil conseguir entender lo que ellos est\u00e1n viviendo y, por tanto, poder ayudarles y servirles en el acompa\u00f1amiento a lo largo de sus experiencias. Muchas veces se nos olvida\u2026 Los mayores no estamos para mandar. Deber\u00edamos estar para Servir, desde el significado originario de utilidad: resultar \u00fatil para su caminar. Si debemos recurrir a mandar, cuando ya tenemos capacidad de desarrollar la consciencia, es que algo estamos haciendo mal, pues pasamos de educar a domesticar, limitando, incluso impidiendo en ocasiones su desarrollo en la totalidad de lo que son.\" \/>\n<meta property=\"og:url\" content=\"https:\/\/letrame.com\/catalogo\/producto\/guia-de-apoyo-para-un-adolescente\/\" \/>\n<meta property=\"og:site_name\" content=\"Catalogo | Letrame Grupo Editorial\" \/>\n<meta property=\"article:modified_time\" content=\"2024-05-16T14:39:43+00:00\" \/>\n<meta property=\"og:image\" content=\"https:\/\/letrame.com\/catalogo\/wp-content\/uploads\/2024\/04\/redportada_guiadeapoyo_28mm-2-compressed.webp\" \/>\n\t<meta property=\"og:image:width\" content=\"601\" \/>\n\t<meta property=\"og:image:height\" content=\"881\" \/>\n\t<meta property=\"og:image:type\" content=\"image\/webp\" \/>\n<meta name=\"twitter:card\" content=\"summary_large_image\" \/>\n<meta name=\"twitter:label1\" content=\"Tiempo de lectura\" \/>\n\t<meta name=\"twitter:data1\" content=\"2 minutos\" \/>\n<script type=\"application\/ld+json\" class=\"yoast-schema-graph\">{\"@context\":\"https:\/\/schema.org\",\"@graph\":[{\"@type\":\"WebPage\",\"@id\":\"https:\/\/letrame.com\/catalogo\/producto\/guia-de-apoyo-para-un-adolescente\/\",\"url\":\"https:\/\/letrame.com\/catalogo\/producto\/guia-de-apoyo-para-un-adolescente\/\",\"name\":\"Gu\u00eda de apoyo para un adolescente - Catalogo | Letrame Grupo Editorial\",\"isPartOf\":{\"@id\":\"https:\/\/letrame.com\/catalogo\/#website\"},\"primaryImageOfPage\":{\"@id\":\"https:\/\/letrame.com\/catalogo\/producto\/guia-de-apoyo-para-un-adolescente\/#primaryimage\"},\"image\":{\"@id\":\"https:\/\/letrame.com\/catalogo\/producto\/guia-de-apoyo-para-un-adolescente\/#primaryimage\"},\"thumbnailUrl\":\"https:\/\/letrame.com\/catalogo\/wp-content\/uploads\/2024\/04\/redportada_guiadeapoyo_28mm-2-compressed.webp\",\"datePublished\":\"2024-04-29T13:01:39+00:00\",\"dateModified\":\"2024-05-16T14:39:43+00:00\",\"breadcrumb\":{\"@id\":\"https:\/\/letrame.com\/catalogo\/producto\/guia-de-apoyo-para-un-adolescente\/#breadcrumb\"},\"inLanguage\":\"es\",\"potentialAction\":[{\"@type\":\"ReadAction\",\"target\":[\"https:\/\/letrame.com\/catalogo\/producto\/guia-de-apoyo-para-un-adolescente\/\"]}]},{\"@type\":\"ImageObject\",\"inLanguage\":\"es\",\"@id\":\"https:\/\/letrame.com\/catalogo\/producto\/guia-de-apoyo-para-un-adolescente\/#primaryimage\",\"url\":\"https:\/\/letrame.com\/catalogo\/wp-content\/uploads\/2024\/04\/redportada_guiadeapoyo_28mm-2-compressed.webp\",\"contentUrl\":\"https:\/\/letrame.com\/catalogo\/wp-content\/uploads\/2024\/04\/redportada_guiadeapoyo_28mm-2-compressed.webp\",\"width\":601,\"height\":881},{\"@type\":\"BreadcrumbList\",\"@id\":\"https:\/\/letrame.com\/catalogo\/producto\/guia-de-apoyo-para-un-adolescente\/#breadcrumb\",\"itemListElement\":[{\"@type\":\"ListItem\",\"position\":1,\"name\":\"Portada\",\"item\":\"https:\/\/letrame.com\/catalogo\/\"},{\"@type\":\"ListItem\",\"position\":2,\"name\":\"Cat\u00e1logo\",\"item\":\"https:\/\/letrame.com\/catalogo\/\"},{\"@type\":\"ListItem\",\"position\":3,\"name\":\"Gu\u00eda de apoyo para un adolescente\"}]},{\"@type\":\"WebSite\",\"@id\":\"https:\/\/letrame.com\/catalogo\/#website\",\"url\":\"https:\/\/letrame.com\/catalogo\/\",\"name\":\"Catalogo | Letrame Grupo Editorial\",\"description\":\"\",\"publisher\":{\"@id\":\"https:\/\/letrame.com\/catalogo\/#organization\"},\"potentialAction\":[{\"@type\":\"SearchAction\",\"target\":{\"@type\":\"EntryPoint\",\"urlTemplate\":\"https:\/\/letrame.com\/catalogo\/?s={search_term_string}\"},\"query-input\":{\"@type\":\"PropertyValueSpecification\",\"valueRequired\":true,\"valueName\":\"search_term_string\"}}],\"inLanguage\":\"es\"},{\"@type\":\"Organization\",\"@id\":\"https:\/\/letrame.com\/catalogo\/#organization\",\"name\":\"Catalogo | Letrame Grupo Editorial\",\"url\":\"https:\/\/letrame.com\/catalogo\/\",\"logo\":{\"@type\":\"ImageObject\",\"inLanguage\":\"es\",\"@id\":\"https:\/\/letrame.com\/catalogo\/#\/schema\/logo\/image\/\",\"url\":\"https:\/\/letrame.com\/catalogo\/wp-content\/uploads\/2024\/03\/logo2.webp\",\"contentUrl\":\"https:\/\/letrame.com\/catalogo\/wp-content\/uploads\/2024\/03\/logo2.webp\",\"width\":394,\"height\":128,\"caption\":\"Catalogo | Letrame Grupo Editorial\"},\"image\":{\"@id\":\"https:\/\/letrame.com\/catalogo\/#\/schema\/logo\/image\/\"}}]}<\/script>\n<!-- \/ Yoast SEO plugin. -->","yoast_head_json":{"title":"Gu\u00eda de apoyo para un adolescente - Catalogo | Letrame Grupo Editorial","robots":{"index":"index","follow":"follow","max-snippet":"max-snippet:-1","max-image-preview":"max-image-preview:large","max-video-preview":"max-video-preview:-1"},"canonical":"https:\/\/letrame.com\/catalogo\/producto\/guia-de-apoyo-para-un-adolescente\/","og_locale":"es_ES","og_type":"article","og_title":"Gu\u00eda de apoyo para un adolescente - Catalogo | Letrame Grupo Editorial","og_description":"ISBN: 978-84-1144-178-0  SINOPSIS  No pretende ser un tratado de psicolog\u00eda sino una vuelta a la esencia que todo Ser Humano lleva dentro, para volver a conectar con nuestro sentido com\u00fan, con dos objetivos en concreto: volver a conectar (si acaso entre tanta falta de entendimiento y dolor nos desconectamos en alg\u00fan momento) con aquel adolescente que fuimos y a\u00fan somos, y entenderlo, para poder comprender qui\u00e9n es (eres) ahora y qu\u00e9 necesita(s). Segundo; a la vez, y como consecuencia directa, poder ayudar a nuestros adolescentes a descubrir lo que necesitan y a ser quienes son realmente. Ayudarles a ser todo lo que verdaderamente pueden llegar a ser, libres de condicionamientos, miedos, sentimientos de culpa, y de todo aquello que nosotros arrastramos (muchas veces por simple falta de reflexi\u00f3n). Ayudarles tambi\u00e9n a ellos a entender qu\u00e9 vivimos los mayores por dentro y el porqu\u00e9 de muchas cosas a las que no consiguen dar respuesta acerca de nuestro mundo \u00abadulto\u00bb.  Sin recordar esa mirada (pero sin perdernos en ella) es muy dif\u00edcil conseguir entender lo que ellos est\u00e1n viviendo y, por tanto, poder ayudarles y servirles en el acompa\u00f1amiento a lo largo de sus experiencias. Muchas veces se nos olvida\u2026 Los mayores no estamos para mandar. Deber\u00edamos estar para Servir, desde el significado originario de utilidad: resultar \u00fatil para su caminar. Si debemos recurrir a mandar, cuando ya tenemos capacidad de desarrollar la consciencia, es que algo estamos haciendo mal, pues pasamos de educar a domesticar, limitando, incluso impidiendo en ocasiones su desarrollo en la totalidad de lo que son.","og_url":"https:\/\/letrame.com\/catalogo\/producto\/guia-de-apoyo-para-un-adolescente\/","og_site_name":"Catalogo | Letrame Grupo Editorial","article_modified_time":"2024-05-16T14:39:43+00:00","og_image":[{"width":601,"height":881,"url":"https:\/\/letrame.com\/catalogo\/wp-content\/uploads\/2024\/04\/redportada_guiadeapoyo_28mm-2-compressed.webp","type":"image\/webp"}],"twitter_card":"summary_large_image","twitter_misc":{"Tiempo de lectura":"2 minutos"},"schema":{"@context":"https:\/\/schema.org","@graph":[{"@type":"WebPage","@id":"https:\/\/letrame.com\/catalogo\/producto\/guia-de-apoyo-para-un-adolescente\/","url":"https:\/\/letrame.com\/catalogo\/producto\/guia-de-apoyo-para-un-adolescente\/","name":"Gu\u00eda de apoyo para un adolescente - Catalogo | Letrame Grupo Editorial","isPartOf":{"@id":"https:\/\/letrame.com\/catalogo\/#website"},"primaryImageOfPage":{"@id":"https:\/\/letrame.com\/catalogo\/producto\/guia-de-apoyo-para-un-adolescente\/#primaryimage"},"image":{"@id":"https:\/\/letrame.com\/catalogo\/producto\/guia-de-apoyo-para-un-adolescente\/#primaryimage"},"thumbnailUrl":"https:\/\/letrame.com\/catalogo\/wp-content\/uploads\/2024\/04\/redportada_guiadeapoyo_28mm-2-compressed.webp","datePublished":"2024-04-29T13:01:39+00:00","dateModified":"2024-05-16T14:39:43+00:00","breadcrumb":{"@id":"https:\/\/letrame.com\/catalogo\/producto\/guia-de-apoyo-para-un-adolescente\/#breadcrumb"},"inLanguage":"es","potentialAction":[{"@type":"ReadAction","target":["https:\/\/letrame.com\/catalogo\/producto\/guia-de-apoyo-para-un-adolescente\/"]}]},{"@type":"ImageObject","inLanguage":"es","@id":"https:\/\/letrame.com\/catalogo\/producto\/guia-de-apoyo-para-un-adolescente\/#primaryimage","url":"https:\/\/letrame.com\/catalogo\/wp-content\/uploads\/2024\/04\/redportada_guiadeapoyo_28mm-2-compressed.webp","contentUrl":"https:\/\/letrame.com\/catalogo\/wp-content\/uploads\/2024\/04\/redportada_guiadeapoyo_28mm-2-compressed.webp","width":601,"height":881},{"@type":"BreadcrumbList","@id":"https:\/\/letrame.com\/catalogo\/producto\/guia-de-apoyo-para-un-adolescente\/#breadcrumb","itemListElement":[{"@type":"ListItem","position":1,"name":"Portada","item":"https:\/\/letrame.com\/catalogo\/"},{"@type":"ListItem","position":2,"name":"Cat\u00e1logo","item":"https:\/\/letrame.com\/catalogo\/"},{"@type":"ListItem","position":3,"name":"Gu\u00eda de apoyo para un adolescente"}]},{"@type":"WebSite","@id":"https:\/\/letrame.com\/catalogo\/#website","url":"https:\/\/letrame.com\/catalogo\/","name":"Catalogo | Letrame Grupo Editorial","description":"","publisher":{"@id":"https:\/\/letrame.com\/catalogo\/#organization"},"potentialAction":[{"@type":"SearchAction","target":{"@type":"EntryPoint","urlTemplate":"https:\/\/letrame.com\/catalogo\/?s={search_term_string}"},"query-input":{"@type":"PropertyValueSpecification","valueRequired":true,"valueName":"search_term_string"}}],"inLanguage":"es"},{"@type":"Organization","@id":"https:\/\/letrame.com\/catalogo\/#organization","name":"Catalogo | Letrame Grupo Editorial","url":"https:\/\/letrame.com\/catalogo\/","logo":{"@type":"ImageObject","inLanguage":"es","@id":"https:\/\/letrame.com\/catalogo\/#\/schema\/logo\/image\/","url":"https:\/\/letrame.com\/catalogo\/wp-content\/uploads\/2024\/03\/logo2.webp","contentUrl":"https:\/\/letrame.com\/catalogo\/wp-content\/uploads\/2024\/03\/logo2.webp","width":394,"height":128,"caption":"Catalogo | Letrame Grupo Editorial"},"image":{"@id":"https:\/\/letrame.com\/catalogo\/#\/schema\/logo\/image\/"}}]}},"_links":{"self":[{"href":"https:\/\/letrame.com\/catalogo\/wp-json\/wp\/v2\/product\/98384","targetHints":{"allow":["GET"]}}],"collection":[{"href":"https:\/\/letrame.com\/catalogo\/wp-json\/wp\/v2\/product"}],"about":[{"href":"https:\/\/letrame.com\/catalogo\/wp-json\/wp\/v2\/types\/product"}],"replies":[{"embeddable":true,"href":"https:\/\/letrame.com\/catalogo\/wp-json\/wp\/v2\/comments?post=98384"}],"acf:post":[{"embeddable":true,"href":"https:\/\/letrame.com\/catalogo\/wp-json\/wp\/v2\/author_book\/76861"}],"wp:featuredmedia":[{"embeddable":true,"href":"https:\/\/letrame.com\/catalogo\/wp-json\/wp\/v2\/media\/100431"}],"wp:attachment":[{"href":"https:\/\/letrame.com\/catalogo\/wp-json\/wp\/v2\/media?parent=98384"}],"wp:term":[{"taxonomy":"libro","embeddable":true,"href":"https:\/\/letrame.com\/catalogo\/wp-json\/wp\/v2\/libro?post=98384"},{"taxonomy":"product_brand","embeddable":true,"href":"https:\/\/letrame.com\/catalogo\/wp-json\/wp\/v2\/product_brand?post=98384"},{"taxonomy":"product_cat","embeddable":true,"href":"https:\/\/letrame.com\/catalogo\/wp-json\/wp\/v2\/product_cat?post=98384"},{"taxonomy":"product_tag","embeddable":true,"href":"https:\/\/letrame.com\/catalogo\/wp-json\/wp\/v2\/product_tag?post=98384"}],"curies":[{"name":"wp","href":"https:\/\/api.w.org\/{rel}","templated":true}]}}