{"id":98380,"date":"2024-04-29T15:01:39","date_gmt":"2024-04-29T13:01:39","guid":{"rendered":"https:\/\/letrame.com\/catalogo\/producto\/camino-a-la-abadia\/"},"modified":"2024-04-29T15:01:39","modified_gmt":"2024-04-29T13:01:39","slug":"camino-a-la-abadia","status":"publish","type":"product","link":"https:\/\/letrame.com\/catalogo\/producto\/camino-a-la-abadia\/","title":{"rendered":"Camino a la Abad\u00eda"},"content":{"rendered":"<p><strong>ISBN<\/strong>: 978-84-1144-241-1<\/p>\n<p><strong>T\u00edtulo<\/strong>: Camino a la Abad\u00eda<br \/>\n<strong>Fecha<\/strong>: 2022<br \/>\n<strong>P\u00e1ginas<\/strong>: 266<\/p>\n<p><strong>SINOPSIS<\/strong><\/p>\n<p>Este cuento comienza en el a\u00f1o 1 de la nueva era. Los 4 Beatos de Terraingla hicieron prodigios, a veces milagros; m\u00ednimo causaron asombro. Asustaron a m\u00e1s de un Rey y Pr\u00edncipe, escandalizaron con su sonido, letras y palabras.<\/p>\n<p>4 juglares que trajeron alegr\u00eda al mundo. Cantaron al amor y la paz, pero uno de ellos fue muerto por uno de los mismos a quien ellos hab\u00edan venido a salvar. El velo del cielo se desgarr\u00f3 de arriba hasta abajo, la Roca se parti\u00f3 en dos y sobrevino una gran obscuridad.<\/p>\n<p>Al tiempo de muchos a\u00f1os comenzaron a haber lugares de culto a Los Beatos y pasado m\u00e1s tiempo eran ya una Iglesia instituida por y para los 4 Beatos de P\u00faliver. Llegaron a ser tan poderosos que se volvieron d\u00e9spotas y un d\u00eda les dio por castigar a aquellos que negaran a Los Beatos como salvadores de todos los hombres. As\u00ed lo estipularon, escrito en sus c\u00e1nones.<\/p>\n<p>Se erigieron como Iglesia aun sabiendo que Los Beatos las cuestionaron severamente. Se basaron en este cuento que un d\u00eda transcrib\u00ed.<\/p>\n<p>&nbsp;<\/p>\n<p>&nbsp;<\/p>\n","protected":false},"excerpt":{"rendered":"<p><strong>ISBN<\/strong>: 978-84-1144-241-1<\/p>\n<p><strong>SINOPSIS<\/strong><\/p>\n<p>Este cuento comienza en el a\u00f1o 1 de la nueva era. Los 4 Beatos de Terraingla hicieron prodigios, a veces milagros; m\u00ednimo causaron asombro. Asustaron a m\u00e1s de un Rey y Pr\u00edncipe, escandalizaron con su sonido, letras y palabras.<\/p>\n<p>4 juglares que trajeron alegr\u00eda al mundo. Cantaron al amor y la paz, pero uno de ellos fue muerto por uno de los mismos a quien ellos hab\u00edan venido a salvar. El velo del cielo se desgarr\u00f3 de arriba hasta abajo, la Roca se parti\u00f3 en dos y sobrevino una gran obscuridad.<\/p>\n<p>Al tiempo de muchos a\u00f1os comenzaron a haber lugares de culto a Los Beatos y pasado m\u00e1s tiempo eran ya una Iglesia instituida por y para los 4 Beatos de P\u00faliver. Llegaron a ser tan poderosos que se volvieron d\u00e9spotas y un d\u00eda les dio por castigar a aquellos que negaran a Los Beatos como salvadores de todos los hombres. As\u00ed lo estipularon, escrito en sus c\u00e1nones.<\/p>\n<p>Se erigieron como Iglesia aun sabiendo que Los Beatos las cuestionaron severamente. Se basaron en este cuento que un d\u00eda transcrib\u00ed.<\/p>\n","protected":false},"featured_media":98381,"comment_status":"closed","ping_status":"open","template":"","meta":{"_acf_changed":false},"libro":[],"product_brand":[],"product_cat":[16],"product_tag":[],"class_list":{"0":"post-98380","1":"product","2":"type-product","3":"status-publish","4":"has-post-thumbnail","6":"product_cat-novela","8":"first","9":"instock","10":"product-type-simple"},"acf":{"autor":[76859],"enlace_de_compra":"https:\/\/www.amazon.es\/Camino-abad%C3%ADa-novela-Albert-Anaya\/dp\/8411442411\/"},"yoast_head":"<!-- This site is optimized with the Yoast SEO plugin v27.4 - https:\/\/yoast.com\/product\/yoast-seo-wordpress\/ -->\n<title>Camino a la Abad\u00eda - Catalogo | Letrame Grupo Editorial<\/title>\n<meta name=\"robots\" content=\"index, follow, max-snippet:-1, max-image-preview:large, max-video-preview:-1\" \/>\n<link rel=\"canonical\" href=\"https:\/\/letrame.com\/catalogo\/producto\/camino-a-la-abadia\/\" \/>\n<meta property=\"og:locale\" content=\"es_ES\" \/>\n<meta property=\"og:type\" content=\"article\" \/>\n<meta property=\"og:title\" content=\"Camino a la Abad\u00eda - Catalogo | Letrame Grupo Editorial\" \/>\n<meta property=\"og:description\" content=\"ISBN: 978-84-1144-241-1 SINOPSIS Este cuento comienza en el a\u00f1o 1 de la nueva era. Los 4 Beatos de Terraingla hicieron prodigios, a veces milagros; m\u00ednimo causaron asombro. Asustaron a m\u00e1s de un Rey y Pr\u00edncipe, escandalizaron con su sonido, letras y palabras. 4 juglares que trajeron alegr\u00eda al mundo. Cantaron al amor y la paz, pero uno de ellos fue muerto por uno de los mismos a quien ellos hab\u00edan venido a salvar. El velo del cielo se desgarr\u00f3 de arriba hasta abajo, la Roca se parti\u00f3 en dos y sobrevino una gran obscuridad. Al tiempo de muchos a\u00f1os comenzaron a haber lugares de culto a Los Beatos y pasado m\u00e1s tiempo eran ya una Iglesia instituida por y para los 4 Beatos de P\u00faliver. Llegaron a ser tan poderosos que se volvieron d\u00e9spotas y un d\u00eda les dio por castigar a aquellos que negaran a Los Beatos como salvadores de todos los hombres. As\u00ed lo estipularon, escrito en sus c\u00e1nones. Se erigieron como Iglesia aun sabiendo que Los Beatos las cuestionaron severamente. Se basaron en este cuento que un d\u00eda transcrib\u00ed.\" \/>\n<meta property=\"og:url\" content=\"https:\/\/letrame.com\/catalogo\/producto\/camino-a-la-abadia\/\" \/>\n<meta property=\"og:site_name\" content=\"Catalogo | Letrame Grupo Editorial\" \/>\n<meta property=\"og:image\" content=\"https:\/\/letrame.com\/catalogo\/wp-content\/uploads\/2024\/04\/redportada_caminoalaabadia_1334mm-1-compressed.jpg\" \/>\n\t<meta property=\"og:image:width\" content=\"601\" \/>\n\t<meta property=\"og:image:height\" content=\"881\" \/>\n\t<meta property=\"og:image:type\" content=\"image\/jpeg\" \/>\n<meta name=\"twitter:card\" content=\"summary_large_image\" \/>\n<meta name=\"twitter:label1\" content=\"Tiempo de lectura\" \/>\n\t<meta name=\"twitter:data1\" content=\"1 minuto\" \/>\n<script type=\"application\/ld+json\" class=\"yoast-schema-graph\">{\"@context\":\"https:\\\/\\\/schema.org\",\"@graph\":[{\"@type\":\"WebPage\",\"@id\":\"https:\\\/\\\/letrame.com\\\/catalogo\\\/producto\\\/camino-a-la-abadia\\\/\",\"url\":\"https:\\\/\\\/letrame.com\\\/catalogo\\\/producto\\\/camino-a-la-abadia\\\/\",\"name\":\"Camino a la Abad\u00eda - Catalogo | Letrame Grupo Editorial\",\"isPartOf\":{\"@id\":\"https:\\\/\\\/letrame.com\\\/catalogo\\\/#website\"},\"primaryImageOfPage\":{\"@id\":\"https:\\\/\\\/letrame.com\\\/catalogo\\\/producto\\\/camino-a-la-abadia\\\/#primaryimage\"},\"image\":{\"@id\":\"https:\\\/\\\/letrame.com\\\/catalogo\\\/producto\\\/camino-a-la-abadia\\\/#primaryimage\"},\"thumbnailUrl\":\"https:\\\/\\\/letrame.com\\\/catalogo\\\/wp-content\\\/uploads\\\/2024\\\/04\\\/redportada_caminoalaabadia_1334mm-1-compressed.jpg\",\"datePublished\":\"2024-04-29T13:01:39+00:00\",\"breadcrumb\":{\"@id\":\"https:\\\/\\\/letrame.com\\\/catalogo\\\/producto\\\/camino-a-la-abadia\\\/#breadcrumb\"},\"inLanguage\":\"es\",\"potentialAction\":[{\"@type\":\"ReadAction\",\"target\":[\"https:\\\/\\\/letrame.com\\\/catalogo\\\/producto\\\/camino-a-la-abadia\\\/\"]}]},{\"@type\":\"ImageObject\",\"inLanguage\":\"es\",\"@id\":\"https:\\\/\\\/letrame.com\\\/catalogo\\\/producto\\\/camino-a-la-abadia\\\/#primaryimage\",\"url\":\"https:\\\/\\\/letrame.com\\\/catalogo\\\/wp-content\\\/uploads\\\/2024\\\/04\\\/redportada_caminoalaabadia_1334mm-1-compressed.jpg\",\"contentUrl\":\"https:\\\/\\\/letrame.com\\\/catalogo\\\/wp-content\\\/uploads\\\/2024\\\/04\\\/redportada_caminoalaabadia_1334mm-1-compressed.jpg\",\"width\":601,\"height\":881},{\"@type\":\"BreadcrumbList\",\"@id\":\"https:\\\/\\\/letrame.com\\\/catalogo\\\/producto\\\/camino-a-la-abadia\\\/#breadcrumb\",\"itemListElement\":[{\"@type\":\"ListItem\",\"position\":1,\"name\":\"Portada\",\"item\":\"https:\\\/\\\/letrame.com\\\/catalogo\\\/\"},{\"@type\":\"ListItem\",\"position\":2,\"name\":\"Cat\u00e1logo\",\"item\":\"https:\\\/\\\/letrame.com\\\/catalogo\\\/\"},{\"@type\":\"ListItem\",\"position\":3,\"name\":\"Camino a la Abad\u00eda\"}]},{\"@type\":\"WebSite\",\"@id\":\"https:\\\/\\\/letrame.com\\\/catalogo\\\/#website\",\"url\":\"https:\\\/\\\/letrame.com\\\/catalogo\\\/\",\"name\":\"Catalogo | Letrame Grupo Editorial\",\"description\":\"\",\"publisher\":{\"@id\":\"https:\\\/\\\/letrame.com\\\/catalogo\\\/#organization\"},\"potentialAction\":[{\"@type\":\"SearchAction\",\"target\":{\"@type\":\"EntryPoint\",\"urlTemplate\":\"https:\\\/\\\/letrame.com\\\/catalogo\\\/?s={search_term_string}\"},\"query-input\":{\"@type\":\"PropertyValueSpecification\",\"valueRequired\":true,\"valueName\":\"search_term_string\"}}],\"inLanguage\":\"es\"},{\"@type\":\"Organization\",\"@id\":\"https:\\\/\\\/letrame.com\\\/catalogo\\\/#organization\",\"name\":\"Catalogo | Letrame Grupo Editorial\",\"url\":\"https:\\\/\\\/letrame.com\\\/catalogo\\\/\",\"logo\":{\"@type\":\"ImageObject\",\"inLanguage\":\"es\",\"@id\":\"https:\\\/\\\/letrame.com\\\/catalogo\\\/#\\\/schema\\\/logo\\\/image\\\/\",\"url\":\"https:\\\/\\\/letrame.com\\\/catalogo\\\/wp-content\\\/uploads\\\/2024\\\/03\\\/logo2.webp\",\"contentUrl\":\"https:\\\/\\\/letrame.com\\\/catalogo\\\/wp-content\\\/uploads\\\/2024\\\/03\\\/logo2.webp\",\"width\":394,\"height\":128,\"caption\":\"Catalogo | Letrame Grupo Editorial\"},\"image\":{\"@id\":\"https:\\\/\\\/letrame.com\\\/catalogo\\\/#\\\/schema\\\/logo\\\/image\\\/\"}}]}<\/script>\n<!-- \/ Yoast SEO plugin. -->","yoast_head_json":{"title":"Camino a la Abad\u00eda - Catalogo | Letrame Grupo Editorial","robots":{"index":"index","follow":"follow","max-snippet":"max-snippet:-1","max-image-preview":"max-image-preview:large","max-video-preview":"max-video-preview:-1"},"canonical":"https:\/\/letrame.com\/catalogo\/producto\/camino-a-la-abadia\/","og_locale":"es_ES","og_type":"article","og_title":"Camino a la Abad\u00eda - Catalogo | Letrame Grupo Editorial","og_description":"ISBN: 978-84-1144-241-1 SINOPSIS Este cuento comienza en el a\u00f1o 1 de la nueva era. Los 4 Beatos de Terraingla hicieron prodigios, a veces milagros; m\u00ednimo causaron asombro. Asustaron a m\u00e1s de un Rey y Pr\u00edncipe, escandalizaron con su sonido, letras y palabras. 4 juglares que trajeron alegr\u00eda al mundo. Cantaron al amor y la paz, pero uno de ellos fue muerto por uno de los mismos a quien ellos hab\u00edan venido a salvar. El velo del cielo se desgarr\u00f3 de arriba hasta abajo, la Roca se parti\u00f3 en dos y sobrevino una gran obscuridad. Al tiempo de muchos a\u00f1os comenzaron a haber lugares de culto a Los Beatos y pasado m\u00e1s tiempo eran ya una Iglesia instituida por y para los 4 Beatos de P\u00faliver. Llegaron a ser tan poderosos que se volvieron d\u00e9spotas y un d\u00eda les dio por castigar a aquellos que negaran a Los Beatos como salvadores de todos los hombres. As\u00ed lo estipularon, escrito en sus c\u00e1nones. Se erigieron como Iglesia aun sabiendo que Los Beatos las cuestionaron severamente. Se basaron en este cuento que un d\u00eda transcrib\u00ed.","og_url":"https:\/\/letrame.com\/catalogo\/producto\/camino-a-la-abadia\/","og_site_name":"Catalogo | Letrame Grupo Editorial","og_image":[{"width":601,"height":881,"url":"https:\/\/letrame.com\/catalogo\/wp-content\/uploads\/2024\/04\/redportada_caminoalaabadia_1334mm-1-compressed.jpg","type":"image\/jpeg"}],"twitter_card":"summary_large_image","twitter_misc":{"Tiempo de lectura":"1 minuto"},"schema":{"@context":"https:\/\/schema.org","@graph":[{"@type":"WebPage","@id":"https:\/\/letrame.com\/catalogo\/producto\/camino-a-la-abadia\/","url":"https:\/\/letrame.com\/catalogo\/producto\/camino-a-la-abadia\/","name":"Camino a la Abad\u00eda - Catalogo | Letrame Grupo Editorial","isPartOf":{"@id":"https:\/\/letrame.com\/catalogo\/#website"},"primaryImageOfPage":{"@id":"https:\/\/letrame.com\/catalogo\/producto\/camino-a-la-abadia\/#primaryimage"},"image":{"@id":"https:\/\/letrame.com\/catalogo\/producto\/camino-a-la-abadia\/#primaryimage"},"thumbnailUrl":"https:\/\/letrame.com\/catalogo\/wp-content\/uploads\/2024\/04\/redportada_caminoalaabadia_1334mm-1-compressed.jpg","datePublished":"2024-04-29T13:01:39+00:00","breadcrumb":{"@id":"https:\/\/letrame.com\/catalogo\/producto\/camino-a-la-abadia\/#breadcrumb"},"inLanguage":"es","potentialAction":[{"@type":"ReadAction","target":["https:\/\/letrame.com\/catalogo\/producto\/camino-a-la-abadia\/"]}]},{"@type":"ImageObject","inLanguage":"es","@id":"https:\/\/letrame.com\/catalogo\/producto\/camino-a-la-abadia\/#primaryimage","url":"https:\/\/letrame.com\/catalogo\/wp-content\/uploads\/2024\/04\/redportada_caminoalaabadia_1334mm-1-compressed.jpg","contentUrl":"https:\/\/letrame.com\/catalogo\/wp-content\/uploads\/2024\/04\/redportada_caminoalaabadia_1334mm-1-compressed.jpg","width":601,"height":881},{"@type":"BreadcrumbList","@id":"https:\/\/letrame.com\/catalogo\/producto\/camino-a-la-abadia\/#breadcrumb","itemListElement":[{"@type":"ListItem","position":1,"name":"Portada","item":"https:\/\/letrame.com\/catalogo\/"},{"@type":"ListItem","position":2,"name":"Cat\u00e1logo","item":"https:\/\/letrame.com\/catalogo\/"},{"@type":"ListItem","position":3,"name":"Camino a la Abad\u00eda"}]},{"@type":"WebSite","@id":"https:\/\/letrame.com\/catalogo\/#website","url":"https:\/\/letrame.com\/catalogo\/","name":"Catalogo | Letrame Grupo Editorial","description":"","publisher":{"@id":"https:\/\/letrame.com\/catalogo\/#organization"},"potentialAction":[{"@type":"SearchAction","target":{"@type":"EntryPoint","urlTemplate":"https:\/\/letrame.com\/catalogo\/?s={search_term_string}"},"query-input":{"@type":"PropertyValueSpecification","valueRequired":true,"valueName":"search_term_string"}}],"inLanguage":"es"},{"@type":"Organization","@id":"https:\/\/letrame.com\/catalogo\/#organization","name":"Catalogo | Letrame Grupo Editorial","url":"https:\/\/letrame.com\/catalogo\/","logo":{"@type":"ImageObject","inLanguage":"es","@id":"https:\/\/letrame.com\/catalogo\/#\/schema\/logo\/image\/","url":"https:\/\/letrame.com\/catalogo\/wp-content\/uploads\/2024\/03\/logo2.webp","contentUrl":"https:\/\/letrame.com\/catalogo\/wp-content\/uploads\/2024\/03\/logo2.webp","width":394,"height":128,"caption":"Catalogo | Letrame Grupo Editorial"},"image":{"@id":"https:\/\/letrame.com\/catalogo\/#\/schema\/logo\/image\/"}}]}},"_links":{"self":[{"href":"https:\/\/letrame.com\/catalogo\/wp-json\/wp\/v2\/product\/98380","targetHints":{"allow":["GET"]}}],"collection":[{"href":"https:\/\/letrame.com\/catalogo\/wp-json\/wp\/v2\/product"}],"about":[{"href":"https:\/\/letrame.com\/catalogo\/wp-json\/wp\/v2\/types\/product"}],"replies":[{"embeddable":true,"href":"https:\/\/letrame.com\/catalogo\/wp-json\/wp\/v2\/comments?post=98380"}],"acf:post":[{"embeddable":true,"href":"https:\/\/letrame.com\/catalogo\/wp-json\/wp\/v2\/author_book\/76859"}],"wp:featuredmedia":[{"embeddable":true,"href":"https:\/\/letrame.com\/catalogo\/wp-json\/wp\/v2\/media\/98381"}],"wp:attachment":[{"href":"https:\/\/letrame.com\/catalogo\/wp-json\/wp\/v2\/media?parent=98380"}],"wp:term":[{"taxonomy":"libro","embeddable":true,"href":"https:\/\/letrame.com\/catalogo\/wp-json\/wp\/v2\/libro?post=98380"},{"taxonomy":"product_brand","embeddable":true,"href":"https:\/\/letrame.com\/catalogo\/wp-json\/wp\/v2\/product_brand?post=98380"},{"taxonomy":"product_cat","embeddable":true,"href":"https:\/\/letrame.com\/catalogo\/wp-json\/wp\/v2\/product_cat?post=98380"},{"taxonomy":"product_tag","embeddable":true,"href":"https:\/\/letrame.com\/catalogo\/wp-json\/wp\/v2\/product_tag?post=98380"}],"curies":[{"name":"wp","href":"https:\/\/api.w.org\/{rel}","templated":true}]}}