{"id":98376,"date":"2024-04-29T15:01:29","date_gmt":"2024-04-29T13:01:29","guid":{"rendered":"https:\/\/letrame.com\/catalogo\/producto\/la-cocina-del-alquimista\/"},"modified":"2024-04-29T15:01:33","modified_gmt":"2024-04-29T13:01:33","slug":"la-cocina-del-alquimista","status":"publish","type":"product","link":"https:\/\/letrame.com\/catalogo\/producto\/la-cocina-del-alquimista\/","title":{"rendered":"La cocina del alquimista"},"content":{"rendered":"<p><strong>ISBN<\/strong>: 978-84-1144-402-6<\/p>\n<p><strong>T\u00edtulo<\/strong>: La cocina del alquimista<br \/>\n<strong>Fecha<\/strong>: 2022<br \/>\n<strong>P\u00e1ginas<\/strong>: 190<\/p>\n<p><strong>SINOPSIS<\/strong><\/p>\n<p>Este libro contiene el poder de la fusi\u00f3n de las plantas y especias medicinales con alimentos frescos y de temporada.<\/p>\n<p>Se representan 153 recetas de cocina naturales.<\/p>\n<p>Lo importante que es saber que cuando comes refuerzas tu sistema inmunitario con una nutrici\u00f3n poderosa, llena de beneficios para nuestro organismo.<\/p>\n<p>Este libro te har\u00e1 viajar a la antigua farmacia de la cocina, la vieja botica.<\/p>\n<p>Aprovechando los beneficios de hierbas, ra\u00edces y especias en cada receta.<\/p>\n<p>Aqu\u00ed encontrar\u00e1s las propiedades sanadoras para tener una mejor calidad de vida.<\/p>\n<p>\u00a1Est\u00e1 claro que somos lo que comemos, as\u00ed que&#8230;!<\/p>\n<p>Come tu comida como si fuera tu medicina o acabar\u00e1s comiendo tu medicina como si fuera tu comida.<\/p>\n","protected":false},"excerpt":{"rendered":"<p><strong>ISBN<\/strong>: 978-84-1144-402-6<\/p>\n<p><strong>SINOPSIS<\/strong><\/p>\n<p>Este libro contiene el poder de la fusi\u00f3n de las plantas y especias medicinales con alimentos frescos y de temporada.<\/p>\n<p>Se representan 153 recetas de cocina naturales.<\/p>\n<p>Lo importante que es saber que cuando comes refuerzas tu sistema inmunitario con una nutrici\u00f3n poderosa, llena de beneficios para nuestro organismo.<\/p>\n<p>Este libro te har\u00e1 viajar a la antigua farmacia de la cocina, la vieja botica.<\/p>\n<p>Aprovechando los beneficios de hierbas, ra\u00edces y especias en cada receta.<\/p>\n<p>Aqu\u00ed encontrar\u00e1s las propiedades sanadoras para tener una mejor calidad de vida.<\/p>\n<p>\u00a1Est\u00e1 claro que somos lo que comemos, as\u00ed que&#8230;!<\/p>\n<p>Come tu comida como si fuera tu medicina o acabar\u00e1s comiendo tu medicina como si fuera tu comida.<\/p>\n","protected":false},"featured_media":98377,"comment_status":"closed","ping_status":"open","template":"","meta":{"_acf_changed":false},"libro":[],"product_brand":[],"product_cat":[26],"product_tag":[],"class_list":{"0":"post-98376","1":"product","2":"type-product","3":"status-publish","4":"has-post-thumbnail","6":"product_cat-sin-categoria","8":"first","9":"instock","10":"product-type-simple"},"acf":{"autor":[76852],"enlace_de_compra":""},"yoast_head":"<!-- This site is optimized with the Yoast SEO plugin v27.4 - https:\/\/yoast.com\/product\/yoast-seo-wordpress\/ -->\n<title>La cocina del alquimista - Catalogo | Letrame Grupo Editorial<\/title>\n<meta name=\"robots\" content=\"index, follow, max-snippet:-1, max-image-preview:large, max-video-preview:-1\" \/>\n<link rel=\"canonical\" href=\"https:\/\/letrame.com\/catalogo\/producto\/la-cocina-del-alquimista\/\" \/>\n<meta property=\"og:locale\" content=\"es_ES\" \/>\n<meta property=\"og:type\" content=\"article\" \/>\n<meta property=\"og:title\" content=\"La cocina del alquimista - Catalogo | Letrame Grupo Editorial\" \/>\n<meta property=\"og:description\" content=\"ISBN: 978-84-1144-402-6 SINOPSIS Este libro contiene el poder de la fusi\u00f3n de las plantas y especias medicinales con alimentos frescos y de temporada. Se representan 153 recetas de cocina naturales. Lo importante que es saber que cuando comes refuerzas tu sistema inmunitario con una nutrici\u00f3n poderosa, llena de beneficios para nuestro organismo. Este libro te har\u00e1 viajar a la antigua farmacia de la cocina, la vieja botica. Aprovechando los beneficios de hierbas, ra\u00edces y especias en cada receta. Aqu\u00ed encontrar\u00e1s las propiedades sanadoras para tener una mejor calidad de vida. \u00a1Est\u00e1 claro que somos lo que comemos, as\u00ed que...! Come tu comida como si fuera tu medicina o acabar\u00e1s comiendo tu medicina como si fuera tu comida.\" \/>\n<meta property=\"og:url\" content=\"https:\/\/letrame.com\/catalogo\/producto\/la-cocina-del-alquimista\/\" \/>\n<meta property=\"og:site_name\" content=\"Catalogo | Letrame Grupo Editorial\" \/>\n<meta property=\"article:modified_time\" content=\"2024-04-29T13:01:33+00:00\" \/>\n<meta property=\"og:image\" content=\"https:\/\/letrame.com\/catalogo\/wp-content\/uploads\/2024\/04\/redportada_lacocinadelalquimista_1017mm-3-compressed.jpg\" \/>\n\t<meta property=\"og:image:width\" content=\"601\" \/>\n\t<meta property=\"og:image:height\" content=\"849\" \/>\n\t<meta property=\"og:image:type\" content=\"image\/jpeg\" \/>\n<meta name=\"twitter:card\" content=\"summary_large_image\" \/>\n<meta name=\"twitter:label1\" content=\"Tiempo de lectura\" \/>\n\t<meta name=\"twitter:data1\" content=\"1 minuto\" \/>\n<script type=\"application\/ld+json\" class=\"yoast-schema-graph\">{\"@context\":\"https:\\\/\\\/schema.org\",\"@graph\":[{\"@type\":\"WebPage\",\"@id\":\"https:\\\/\\\/letrame.com\\\/catalogo\\\/producto\\\/la-cocina-del-alquimista\\\/\",\"url\":\"https:\\\/\\\/letrame.com\\\/catalogo\\\/producto\\\/la-cocina-del-alquimista\\\/\",\"name\":\"La cocina del alquimista - Catalogo | Letrame Grupo Editorial\",\"isPartOf\":{\"@id\":\"https:\\\/\\\/letrame.com\\\/catalogo\\\/#website\"},\"primaryImageOfPage\":{\"@id\":\"https:\\\/\\\/letrame.com\\\/catalogo\\\/producto\\\/la-cocina-del-alquimista\\\/#primaryimage\"},\"image\":{\"@id\":\"https:\\\/\\\/letrame.com\\\/catalogo\\\/producto\\\/la-cocina-del-alquimista\\\/#primaryimage\"},\"thumbnailUrl\":\"https:\\\/\\\/letrame.com\\\/catalogo\\\/wp-content\\\/uploads\\\/2024\\\/04\\\/redportada_lacocinadelalquimista_1017mm-3-compressed.jpg\",\"datePublished\":\"2024-04-29T13:01:29+00:00\",\"dateModified\":\"2024-04-29T13:01:33+00:00\",\"breadcrumb\":{\"@id\":\"https:\\\/\\\/letrame.com\\\/catalogo\\\/producto\\\/la-cocina-del-alquimista\\\/#breadcrumb\"},\"inLanguage\":\"es\",\"potentialAction\":[{\"@type\":\"ReadAction\",\"target\":[\"https:\\\/\\\/letrame.com\\\/catalogo\\\/producto\\\/la-cocina-del-alquimista\\\/\"]}]},{\"@type\":\"ImageObject\",\"inLanguage\":\"es\",\"@id\":\"https:\\\/\\\/letrame.com\\\/catalogo\\\/producto\\\/la-cocina-del-alquimista\\\/#primaryimage\",\"url\":\"https:\\\/\\\/letrame.com\\\/catalogo\\\/wp-content\\\/uploads\\\/2024\\\/04\\\/redportada_lacocinadelalquimista_1017mm-3-compressed.jpg\",\"contentUrl\":\"https:\\\/\\\/letrame.com\\\/catalogo\\\/wp-content\\\/uploads\\\/2024\\\/04\\\/redportada_lacocinadelalquimista_1017mm-3-compressed.jpg\",\"width\":601,\"height\":849},{\"@type\":\"BreadcrumbList\",\"@id\":\"https:\\\/\\\/letrame.com\\\/catalogo\\\/producto\\\/la-cocina-del-alquimista\\\/#breadcrumb\",\"itemListElement\":[{\"@type\":\"ListItem\",\"position\":1,\"name\":\"Portada\",\"item\":\"https:\\\/\\\/letrame.com\\\/catalogo\\\/\"},{\"@type\":\"ListItem\",\"position\":2,\"name\":\"Cat\u00e1logo\",\"item\":\"https:\\\/\\\/letrame.com\\\/catalogo\\\/\"},{\"@type\":\"ListItem\",\"position\":3,\"name\":\"La cocina del alquimista\"}]},{\"@type\":\"WebSite\",\"@id\":\"https:\\\/\\\/letrame.com\\\/catalogo\\\/#website\",\"url\":\"https:\\\/\\\/letrame.com\\\/catalogo\\\/\",\"name\":\"Catalogo | Letrame Grupo Editorial\",\"description\":\"\",\"publisher\":{\"@id\":\"https:\\\/\\\/letrame.com\\\/catalogo\\\/#organization\"},\"potentialAction\":[{\"@type\":\"SearchAction\",\"target\":{\"@type\":\"EntryPoint\",\"urlTemplate\":\"https:\\\/\\\/letrame.com\\\/catalogo\\\/?s={search_term_string}\"},\"query-input\":{\"@type\":\"PropertyValueSpecification\",\"valueRequired\":true,\"valueName\":\"search_term_string\"}}],\"inLanguage\":\"es\"},{\"@type\":\"Organization\",\"@id\":\"https:\\\/\\\/letrame.com\\\/catalogo\\\/#organization\",\"name\":\"Catalogo | Letrame Grupo Editorial\",\"url\":\"https:\\\/\\\/letrame.com\\\/catalogo\\\/\",\"logo\":{\"@type\":\"ImageObject\",\"inLanguage\":\"es\",\"@id\":\"https:\\\/\\\/letrame.com\\\/catalogo\\\/#\\\/schema\\\/logo\\\/image\\\/\",\"url\":\"https:\\\/\\\/letrame.com\\\/catalogo\\\/wp-content\\\/uploads\\\/2024\\\/03\\\/logo2.webp\",\"contentUrl\":\"https:\\\/\\\/letrame.com\\\/catalogo\\\/wp-content\\\/uploads\\\/2024\\\/03\\\/logo2.webp\",\"width\":394,\"height\":128,\"caption\":\"Catalogo | Letrame Grupo Editorial\"},\"image\":{\"@id\":\"https:\\\/\\\/letrame.com\\\/catalogo\\\/#\\\/schema\\\/logo\\\/image\\\/\"}}]}<\/script>\n<!-- \/ Yoast SEO plugin. -->","yoast_head_json":{"title":"La cocina del alquimista - Catalogo | Letrame Grupo Editorial","robots":{"index":"index","follow":"follow","max-snippet":"max-snippet:-1","max-image-preview":"max-image-preview:large","max-video-preview":"max-video-preview:-1"},"canonical":"https:\/\/letrame.com\/catalogo\/producto\/la-cocina-del-alquimista\/","og_locale":"es_ES","og_type":"article","og_title":"La cocina del alquimista - Catalogo | Letrame Grupo Editorial","og_description":"ISBN: 978-84-1144-402-6 SINOPSIS Este libro contiene el poder de la fusi\u00f3n de las plantas y especias medicinales con alimentos frescos y de temporada. Se representan 153 recetas de cocina naturales. Lo importante que es saber que cuando comes refuerzas tu sistema inmunitario con una nutrici\u00f3n poderosa, llena de beneficios para nuestro organismo. Este libro te har\u00e1 viajar a la antigua farmacia de la cocina, la vieja botica. Aprovechando los beneficios de hierbas, ra\u00edces y especias en cada receta. Aqu\u00ed encontrar\u00e1s las propiedades sanadoras para tener una mejor calidad de vida. \u00a1Est\u00e1 claro que somos lo que comemos, as\u00ed que...! Come tu comida como si fuera tu medicina o acabar\u00e1s comiendo tu medicina como si fuera tu comida.","og_url":"https:\/\/letrame.com\/catalogo\/producto\/la-cocina-del-alquimista\/","og_site_name":"Catalogo | Letrame Grupo Editorial","article_modified_time":"2024-04-29T13:01:33+00:00","og_image":[{"width":601,"height":849,"url":"https:\/\/letrame.com\/catalogo\/wp-content\/uploads\/2024\/04\/redportada_lacocinadelalquimista_1017mm-3-compressed.jpg","type":"image\/jpeg"}],"twitter_card":"summary_large_image","twitter_misc":{"Tiempo de lectura":"1 minuto"},"schema":{"@context":"https:\/\/schema.org","@graph":[{"@type":"WebPage","@id":"https:\/\/letrame.com\/catalogo\/producto\/la-cocina-del-alquimista\/","url":"https:\/\/letrame.com\/catalogo\/producto\/la-cocina-del-alquimista\/","name":"La cocina del alquimista - Catalogo | Letrame Grupo Editorial","isPartOf":{"@id":"https:\/\/letrame.com\/catalogo\/#website"},"primaryImageOfPage":{"@id":"https:\/\/letrame.com\/catalogo\/producto\/la-cocina-del-alquimista\/#primaryimage"},"image":{"@id":"https:\/\/letrame.com\/catalogo\/producto\/la-cocina-del-alquimista\/#primaryimage"},"thumbnailUrl":"https:\/\/letrame.com\/catalogo\/wp-content\/uploads\/2024\/04\/redportada_lacocinadelalquimista_1017mm-3-compressed.jpg","datePublished":"2024-04-29T13:01:29+00:00","dateModified":"2024-04-29T13:01:33+00:00","breadcrumb":{"@id":"https:\/\/letrame.com\/catalogo\/producto\/la-cocina-del-alquimista\/#breadcrumb"},"inLanguage":"es","potentialAction":[{"@type":"ReadAction","target":["https:\/\/letrame.com\/catalogo\/producto\/la-cocina-del-alquimista\/"]}]},{"@type":"ImageObject","inLanguage":"es","@id":"https:\/\/letrame.com\/catalogo\/producto\/la-cocina-del-alquimista\/#primaryimage","url":"https:\/\/letrame.com\/catalogo\/wp-content\/uploads\/2024\/04\/redportada_lacocinadelalquimista_1017mm-3-compressed.jpg","contentUrl":"https:\/\/letrame.com\/catalogo\/wp-content\/uploads\/2024\/04\/redportada_lacocinadelalquimista_1017mm-3-compressed.jpg","width":601,"height":849},{"@type":"BreadcrumbList","@id":"https:\/\/letrame.com\/catalogo\/producto\/la-cocina-del-alquimista\/#breadcrumb","itemListElement":[{"@type":"ListItem","position":1,"name":"Portada","item":"https:\/\/letrame.com\/catalogo\/"},{"@type":"ListItem","position":2,"name":"Cat\u00e1logo","item":"https:\/\/letrame.com\/catalogo\/"},{"@type":"ListItem","position":3,"name":"La cocina del alquimista"}]},{"@type":"WebSite","@id":"https:\/\/letrame.com\/catalogo\/#website","url":"https:\/\/letrame.com\/catalogo\/","name":"Catalogo | Letrame Grupo Editorial","description":"","publisher":{"@id":"https:\/\/letrame.com\/catalogo\/#organization"},"potentialAction":[{"@type":"SearchAction","target":{"@type":"EntryPoint","urlTemplate":"https:\/\/letrame.com\/catalogo\/?s={search_term_string}"},"query-input":{"@type":"PropertyValueSpecification","valueRequired":true,"valueName":"search_term_string"}}],"inLanguage":"es"},{"@type":"Organization","@id":"https:\/\/letrame.com\/catalogo\/#organization","name":"Catalogo | Letrame Grupo Editorial","url":"https:\/\/letrame.com\/catalogo\/","logo":{"@type":"ImageObject","inLanguage":"es","@id":"https:\/\/letrame.com\/catalogo\/#\/schema\/logo\/image\/","url":"https:\/\/letrame.com\/catalogo\/wp-content\/uploads\/2024\/03\/logo2.webp","contentUrl":"https:\/\/letrame.com\/catalogo\/wp-content\/uploads\/2024\/03\/logo2.webp","width":394,"height":128,"caption":"Catalogo | Letrame Grupo Editorial"},"image":{"@id":"https:\/\/letrame.com\/catalogo\/#\/schema\/logo\/image\/"}}]}},"_links":{"self":[{"href":"https:\/\/letrame.com\/catalogo\/wp-json\/wp\/v2\/product\/98376","targetHints":{"allow":["GET"]}}],"collection":[{"href":"https:\/\/letrame.com\/catalogo\/wp-json\/wp\/v2\/product"}],"about":[{"href":"https:\/\/letrame.com\/catalogo\/wp-json\/wp\/v2\/types\/product"}],"replies":[{"embeddable":true,"href":"https:\/\/letrame.com\/catalogo\/wp-json\/wp\/v2\/comments?post=98376"}],"acf:post":[{"embeddable":true,"href":"https:\/\/letrame.com\/catalogo\/wp-json\/wp\/v2\/author_book\/76852"}],"wp:featuredmedia":[{"embeddable":true,"href":"https:\/\/letrame.com\/catalogo\/wp-json\/wp\/v2\/media\/98377"}],"wp:attachment":[{"href":"https:\/\/letrame.com\/catalogo\/wp-json\/wp\/v2\/media?parent=98376"}],"wp:term":[{"taxonomy":"libro","embeddable":true,"href":"https:\/\/letrame.com\/catalogo\/wp-json\/wp\/v2\/libro?post=98376"},{"taxonomy":"product_brand","embeddable":true,"href":"https:\/\/letrame.com\/catalogo\/wp-json\/wp\/v2\/product_brand?post=98376"},{"taxonomy":"product_cat","embeddable":true,"href":"https:\/\/letrame.com\/catalogo\/wp-json\/wp\/v2\/product_cat?post=98376"},{"taxonomy":"product_tag","embeddable":true,"href":"https:\/\/letrame.com\/catalogo\/wp-json\/wp\/v2\/product_tag?post=98376"}],"curies":[{"name":"wp","href":"https:\/\/api.w.org\/{rel}","templated":true}]}}