{"id":98358,"date":"2024-04-29T15:00:59","date_gmt":"2024-04-29T13:00:59","guid":{"rendered":"https:\/\/letrame.com\/catalogo\/producto\/retornos-recodos-del-camino\/"},"modified":"2024-04-29T15:01:02","modified_gmt":"2024-04-29T13:01:02","slug":"retornos-recodos-del-camino","status":"publish","type":"product","link":"https:\/\/letrame.com\/catalogo\/producto\/retornos-recodos-del-camino\/","title":{"rendered":"Retornos, recodos del camino"},"content":{"rendered":"<p><strong>ISBN<\/strong>: 978-84-1144-380-7<\/p>\n<p><strong>T\u00edtulo<\/strong>: Retornos, recodos del camino<br \/>\n<strong>Fecha<\/strong>: 2022<br \/>\n<strong>P\u00e1ginas<\/strong>: 80<\/p>\n<p><strong>SINOPSIS<\/strong><\/p>\n<p>En mis manos el segundo libro de poemas de Jorge C\u00e1rdenas Brito. \u00c9l es un poeta que escribe libremente. Desde su vida brota una poes\u00eda que no se somete a esquemas r\u00edgidos. Para muchos podr\u00eda ser un transgresor de lo formal, pero Jorge es un artista de luces y sombras. Deja que a trav\u00e9s de sus sentimientos aflore lo que el alma vive en la reflexi\u00f3n de su existencia.<\/p>\n<p>Para introducirse en el mundo que inaugura Jorge C\u00e1rdenas hay que hacerlo sin prejuicios, sin ideas preconcebidas, sin academicismos y dogmatismos. A su poes\u00eda hay que llegar con un esp\u00edritu abierto para encontrar en ella la inspiraci\u00f3n de un hombre honesto, que se entrega a trav\u00e9s de sus poemas sencillos y claros.<\/p>\n<p>&nbsp;<\/p>\n<p>Profesor Hugo S. N\u00fa\u00f1ez Orellana<\/p>\n<p>Profesor Normalista<\/p>\n<p>&nbsp;<\/p>\n","protected":false},"excerpt":{"rendered":"<p><strong>ISBN<\/strong>: 978-84-1144-380-7<\/p>\n<p><strong>SINOPSIS<\/strong><\/p>\n<p>En mis manos el segundo libro de poemas de Jorge C\u00e1rdenas Brito. \u00c9l es un poeta que escribe libremente. Desde su vida brota una poes\u00eda que no se somete a esquemas r\u00edgidos. Para muchos podr\u00eda ser un transgresor de lo formal, pero Jorge es un artista de luces y sombras. Deja que a trav\u00e9s de sus sentimientos aflore lo que el alma vive en la reflexi\u00f3n de su existencia.<\/p>\n<p>Para introducirse en el mundo que inaugura Jorge C\u00e1rdenas hay que hacerlo sin prejuicios, sin ideas preconcebidas, sin academicismos y dogmatismos. A su poes\u00eda hay que llegar con un esp\u00edritu abierto para encontrar en ella la inspiraci\u00f3n de un hombre honesto, que se entrega a trav\u00e9s de sus poemas sencillos y claros.<\/p>\n<p>&nbsp;<\/p>\n<p>Profesor Hugo S. N\u00fa\u00f1ez Orellana<\/p>\n<p>Profesor Normalista<\/p>\n<p>&nbsp;<\/p>\n","protected":false},"featured_media":98359,"comment_status":"closed","ping_status":"open","template":"","meta":{"_acf_changed":false},"libro":[],"product_brand":[],"product_cat":[26],"product_tag":[],"class_list":{"0":"post-98358","1":"product","2":"type-product","3":"status-publish","4":"has-post-thumbnail","6":"product_cat-sin-categoria","8":"first","9":"instock","10":"purchasable","11":"product-type-simple"},"acf":{"autor":[75654],"enlace_de_compra":""},"yoast_head":"<!-- This site is optimized with the Yoast SEO plugin v27.4 - https:\/\/yoast.com\/product\/yoast-seo-wordpress\/ -->\n<title>Retornos, recodos del camino - Catalogo | Letrame Grupo Editorial<\/title>\n<meta name=\"robots\" content=\"index, follow, max-snippet:-1, max-image-preview:large, max-video-preview:-1\" \/>\n<link rel=\"canonical\" href=\"https:\/\/letrame.com\/catalogo\/producto\/retornos-recodos-del-camino\/\" \/>\n<meta property=\"og:locale\" content=\"es_ES\" \/>\n<meta property=\"og:type\" content=\"article\" \/>\n<meta property=\"og:title\" content=\"Retornos, recodos del camino - Catalogo | Letrame Grupo Editorial\" \/>\n<meta property=\"og:description\" content=\"ISBN: 978-84-1144-380-7 SINOPSIS En mis manos el segundo libro de poemas de Jorge C\u00e1rdenas Brito. \u00c9l es un poeta que escribe libremente. Desde su vida brota una poes\u00eda que no se somete a esquemas r\u00edgidos. Para muchos podr\u00eda ser un transgresor de lo formal, pero Jorge es un artista de luces y sombras. Deja que a trav\u00e9s de sus sentimientos aflore lo que el alma vive en la reflexi\u00f3n de su existencia. Para introducirse en el mundo que inaugura Jorge C\u00e1rdenas hay que hacerlo sin prejuicios, sin ideas preconcebidas, sin academicismos y dogmatismos. A su poes\u00eda hay que llegar con un esp\u00edritu abierto para encontrar en ella la inspiraci\u00f3n de un hombre honesto, que se entrega a trav\u00e9s de sus poemas sencillos y claros. &nbsp; Profesor Hugo S. N\u00fa\u00f1ez Orellana Profesor Normalista &nbsp;\" \/>\n<meta property=\"og:url\" content=\"https:\/\/letrame.com\/catalogo\/producto\/retornos-recodos-del-camino\/\" \/>\n<meta property=\"og:site_name\" content=\"Catalogo | Letrame Grupo Editorial\" \/>\n<meta property=\"article:modified_time\" content=\"2024-04-29T13:01:02+00:00\" \/>\n<meta property=\"og:image\" content=\"https:\/\/letrame.com\/catalogo\/wp-content\/uploads\/2024\/04\/redportada_retornosrecodos_526mm-1-compressed.jpg\" \/>\n\t<meta property=\"og:image:width\" content=\"601\" \/>\n\t<meta property=\"og:image:height\" content=\"881\" \/>\n\t<meta property=\"og:image:type\" content=\"image\/jpeg\" \/>\n<meta name=\"twitter:card\" content=\"summary_large_image\" \/>\n<meta name=\"twitter:label1\" content=\"Tiempo de lectura\" \/>\n\t<meta name=\"twitter:data1\" content=\"1 minuto\" \/>\n<script type=\"application\/ld+json\" class=\"yoast-schema-graph\">{\"@context\":\"https:\\\/\\\/schema.org\",\"@graph\":[{\"@type\":\"WebPage\",\"@id\":\"https:\\\/\\\/letrame.com\\\/catalogo\\\/producto\\\/retornos-recodos-del-camino\\\/\",\"url\":\"https:\\\/\\\/letrame.com\\\/catalogo\\\/producto\\\/retornos-recodos-del-camino\\\/\",\"name\":\"Retornos, recodos del camino - Catalogo | Letrame Grupo Editorial\",\"isPartOf\":{\"@id\":\"https:\\\/\\\/letrame.com\\\/catalogo\\\/#website\"},\"primaryImageOfPage\":{\"@id\":\"https:\\\/\\\/letrame.com\\\/catalogo\\\/producto\\\/retornos-recodos-del-camino\\\/#primaryimage\"},\"image\":{\"@id\":\"https:\\\/\\\/letrame.com\\\/catalogo\\\/producto\\\/retornos-recodos-del-camino\\\/#primaryimage\"},\"thumbnailUrl\":\"https:\\\/\\\/letrame.com\\\/catalogo\\\/wp-content\\\/uploads\\\/2024\\\/04\\\/redportada_retornosrecodos_526mm-1-compressed.jpg\",\"datePublished\":\"2024-04-29T13:00:59+00:00\",\"dateModified\":\"2024-04-29T13:01:02+00:00\",\"breadcrumb\":{\"@id\":\"https:\\\/\\\/letrame.com\\\/catalogo\\\/producto\\\/retornos-recodos-del-camino\\\/#breadcrumb\"},\"inLanguage\":\"es\",\"potentialAction\":[{\"@type\":\"ReadAction\",\"target\":[\"https:\\\/\\\/letrame.com\\\/catalogo\\\/producto\\\/retornos-recodos-del-camino\\\/\"]}]},{\"@type\":\"ImageObject\",\"inLanguage\":\"es\",\"@id\":\"https:\\\/\\\/letrame.com\\\/catalogo\\\/producto\\\/retornos-recodos-del-camino\\\/#primaryimage\",\"url\":\"https:\\\/\\\/letrame.com\\\/catalogo\\\/wp-content\\\/uploads\\\/2024\\\/04\\\/redportada_retornosrecodos_526mm-1-compressed.jpg\",\"contentUrl\":\"https:\\\/\\\/letrame.com\\\/catalogo\\\/wp-content\\\/uploads\\\/2024\\\/04\\\/redportada_retornosrecodos_526mm-1-compressed.jpg\",\"width\":601,\"height\":881},{\"@type\":\"BreadcrumbList\",\"@id\":\"https:\\\/\\\/letrame.com\\\/catalogo\\\/producto\\\/retornos-recodos-del-camino\\\/#breadcrumb\",\"itemListElement\":[{\"@type\":\"ListItem\",\"position\":1,\"name\":\"Portada\",\"item\":\"https:\\\/\\\/letrame.com\\\/catalogo\\\/\"},{\"@type\":\"ListItem\",\"position\":2,\"name\":\"Cat\u00e1logo\",\"item\":\"https:\\\/\\\/letrame.com\\\/catalogo\\\/\"},{\"@type\":\"ListItem\",\"position\":3,\"name\":\"Retornos, recodos del camino\"}]},{\"@type\":\"WebSite\",\"@id\":\"https:\\\/\\\/letrame.com\\\/catalogo\\\/#website\",\"url\":\"https:\\\/\\\/letrame.com\\\/catalogo\\\/\",\"name\":\"Catalogo | Letrame Grupo Editorial\",\"description\":\"\",\"publisher\":{\"@id\":\"https:\\\/\\\/letrame.com\\\/catalogo\\\/#organization\"},\"potentialAction\":[{\"@type\":\"SearchAction\",\"target\":{\"@type\":\"EntryPoint\",\"urlTemplate\":\"https:\\\/\\\/letrame.com\\\/catalogo\\\/?s={search_term_string}\"},\"query-input\":{\"@type\":\"PropertyValueSpecification\",\"valueRequired\":true,\"valueName\":\"search_term_string\"}}],\"inLanguage\":\"es\"},{\"@type\":\"Organization\",\"@id\":\"https:\\\/\\\/letrame.com\\\/catalogo\\\/#organization\",\"name\":\"Catalogo | Letrame Grupo Editorial\",\"url\":\"https:\\\/\\\/letrame.com\\\/catalogo\\\/\",\"logo\":{\"@type\":\"ImageObject\",\"inLanguage\":\"es\",\"@id\":\"https:\\\/\\\/letrame.com\\\/catalogo\\\/#\\\/schema\\\/logo\\\/image\\\/\",\"url\":\"https:\\\/\\\/letrame.com\\\/catalogo\\\/wp-content\\\/uploads\\\/2024\\\/03\\\/logo2.webp\",\"contentUrl\":\"https:\\\/\\\/letrame.com\\\/catalogo\\\/wp-content\\\/uploads\\\/2024\\\/03\\\/logo2.webp\",\"width\":394,\"height\":128,\"caption\":\"Catalogo | Letrame Grupo Editorial\"},\"image\":{\"@id\":\"https:\\\/\\\/letrame.com\\\/catalogo\\\/#\\\/schema\\\/logo\\\/image\\\/\"}}]}<\/script>\n<!-- \/ Yoast SEO plugin. -->","yoast_head_json":{"title":"Retornos, recodos del camino - Catalogo | Letrame Grupo Editorial","robots":{"index":"index","follow":"follow","max-snippet":"max-snippet:-1","max-image-preview":"max-image-preview:large","max-video-preview":"max-video-preview:-1"},"canonical":"https:\/\/letrame.com\/catalogo\/producto\/retornos-recodos-del-camino\/","og_locale":"es_ES","og_type":"article","og_title":"Retornos, recodos del camino - Catalogo | Letrame Grupo Editorial","og_description":"ISBN: 978-84-1144-380-7 SINOPSIS En mis manos el segundo libro de poemas de Jorge C\u00e1rdenas Brito. \u00c9l es un poeta que escribe libremente. Desde su vida brota una poes\u00eda que no se somete a esquemas r\u00edgidos. Para muchos podr\u00eda ser un transgresor de lo formal, pero Jorge es un artista de luces y sombras. Deja que a trav\u00e9s de sus sentimientos aflore lo que el alma vive en la reflexi\u00f3n de su existencia. Para introducirse en el mundo que inaugura Jorge C\u00e1rdenas hay que hacerlo sin prejuicios, sin ideas preconcebidas, sin academicismos y dogmatismos. A su poes\u00eda hay que llegar con un esp\u00edritu abierto para encontrar en ella la inspiraci\u00f3n de un hombre honesto, que se entrega a trav\u00e9s de sus poemas sencillos y claros. &nbsp; Profesor Hugo S. N\u00fa\u00f1ez Orellana Profesor Normalista &nbsp;","og_url":"https:\/\/letrame.com\/catalogo\/producto\/retornos-recodos-del-camino\/","og_site_name":"Catalogo | Letrame Grupo Editorial","article_modified_time":"2024-04-29T13:01:02+00:00","og_image":[{"width":601,"height":881,"url":"https:\/\/letrame.com\/catalogo\/wp-content\/uploads\/2024\/04\/redportada_retornosrecodos_526mm-1-compressed.jpg","type":"image\/jpeg"}],"twitter_card":"summary_large_image","twitter_misc":{"Tiempo de lectura":"1 minuto"},"schema":{"@context":"https:\/\/schema.org","@graph":[{"@type":"WebPage","@id":"https:\/\/letrame.com\/catalogo\/producto\/retornos-recodos-del-camino\/","url":"https:\/\/letrame.com\/catalogo\/producto\/retornos-recodos-del-camino\/","name":"Retornos, recodos del camino - Catalogo | Letrame Grupo Editorial","isPartOf":{"@id":"https:\/\/letrame.com\/catalogo\/#website"},"primaryImageOfPage":{"@id":"https:\/\/letrame.com\/catalogo\/producto\/retornos-recodos-del-camino\/#primaryimage"},"image":{"@id":"https:\/\/letrame.com\/catalogo\/producto\/retornos-recodos-del-camino\/#primaryimage"},"thumbnailUrl":"https:\/\/letrame.com\/catalogo\/wp-content\/uploads\/2024\/04\/redportada_retornosrecodos_526mm-1-compressed.jpg","datePublished":"2024-04-29T13:00:59+00:00","dateModified":"2024-04-29T13:01:02+00:00","breadcrumb":{"@id":"https:\/\/letrame.com\/catalogo\/producto\/retornos-recodos-del-camino\/#breadcrumb"},"inLanguage":"es","potentialAction":[{"@type":"ReadAction","target":["https:\/\/letrame.com\/catalogo\/producto\/retornos-recodos-del-camino\/"]}]},{"@type":"ImageObject","inLanguage":"es","@id":"https:\/\/letrame.com\/catalogo\/producto\/retornos-recodos-del-camino\/#primaryimage","url":"https:\/\/letrame.com\/catalogo\/wp-content\/uploads\/2024\/04\/redportada_retornosrecodos_526mm-1-compressed.jpg","contentUrl":"https:\/\/letrame.com\/catalogo\/wp-content\/uploads\/2024\/04\/redportada_retornosrecodos_526mm-1-compressed.jpg","width":601,"height":881},{"@type":"BreadcrumbList","@id":"https:\/\/letrame.com\/catalogo\/producto\/retornos-recodos-del-camino\/#breadcrumb","itemListElement":[{"@type":"ListItem","position":1,"name":"Portada","item":"https:\/\/letrame.com\/catalogo\/"},{"@type":"ListItem","position":2,"name":"Cat\u00e1logo","item":"https:\/\/letrame.com\/catalogo\/"},{"@type":"ListItem","position":3,"name":"Retornos, recodos del camino"}]},{"@type":"WebSite","@id":"https:\/\/letrame.com\/catalogo\/#website","url":"https:\/\/letrame.com\/catalogo\/","name":"Catalogo | Letrame Grupo Editorial","description":"","publisher":{"@id":"https:\/\/letrame.com\/catalogo\/#organization"},"potentialAction":[{"@type":"SearchAction","target":{"@type":"EntryPoint","urlTemplate":"https:\/\/letrame.com\/catalogo\/?s={search_term_string}"},"query-input":{"@type":"PropertyValueSpecification","valueRequired":true,"valueName":"search_term_string"}}],"inLanguage":"es"},{"@type":"Organization","@id":"https:\/\/letrame.com\/catalogo\/#organization","name":"Catalogo | Letrame Grupo Editorial","url":"https:\/\/letrame.com\/catalogo\/","logo":{"@type":"ImageObject","inLanguage":"es","@id":"https:\/\/letrame.com\/catalogo\/#\/schema\/logo\/image\/","url":"https:\/\/letrame.com\/catalogo\/wp-content\/uploads\/2024\/03\/logo2.webp","contentUrl":"https:\/\/letrame.com\/catalogo\/wp-content\/uploads\/2024\/03\/logo2.webp","width":394,"height":128,"caption":"Catalogo | Letrame Grupo Editorial"},"image":{"@id":"https:\/\/letrame.com\/catalogo\/#\/schema\/logo\/image\/"}}]}},"_links":{"self":[{"href":"https:\/\/letrame.com\/catalogo\/wp-json\/wp\/v2\/product\/98358","targetHints":{"allow":["GET"]}}],"collection":[{"href":"https:\/\/letrame.com\/catalogo\/wp-json\/wp\/v2\/product"}],"about":[{"href":"https:\/\/letrame.com\/catalogo\/wp-json\/wp\/v2\/types\/product"}],"replies":[{"embeddable":true,"href":"https:\/\/letrame.com\/catalogo\/wp-json\/wp\/v2\/comments?post=98358"}],"acf:post":[{"embeddable":true,"href":"https:\/\/letrame.com\/catalogo\/wp-json\/wp\/v2\/author_book\/75654"}],"wp:featuredmedia":[{"embeddable":true,"href":"https:\/\/letrame.com\/catalogo\/wp-json\/wp\/v2\/media\/98359"}],"wp:attachment":[{"href":"https:\/\/letrame.com\/catalogo\/wp-json\/wp\/v2\/media?parent=98358"}],"wp:term":[{"taxonomy":"libro","embeddable":true,"href":"https:\/\/letrame.com\/catalogo\/wp-json\/wp\/v2\/libro?post=98358"},{"taxonomy":"product_brand","embeddable":true,"href":"https:\/\/letrame.com\/catalogo\/wp-json\/wp\/v2\/product_brand?post=98358"},{"taxonomy":"product_cat","embeddable":true,"href":"https:\/\/letrame.com\/catalogo\/wp-json\/wp\/v2\/product_cat?post=98358"},{"taxonomy":"product_tag","embeddable":true,"href":"https:\/\/letrame.com\/catalogo\/wp-json\/wp\/v2\/product_tag?post=98358"}],"curies":[{"name":"wp","href":"https:\/\/api.w.org\/{rel}","templated":true}]}}