{"id":98352,"date":"2024-04-29T15:00:34","date_gmt":"2024-04-29T13:00:34","guid":{"rendered":"https:\/\/letrame.com\/catalogo\/producto\/niveles-secuenciales\/"},"modified":"2024-04-29T15:00:38","modified_gmt":"2024-04-29T13:00:38","slug":"niveles-secuenciales","status":"publish","type":"product","link":"https:\/\/letrame.com\/catalogo\/producto\/niveles-secuenciales\/","title":{"rendered":"Niveles secuenciales"},"content":{"rendered":"<p><strong>ISBN<\/strong>: 978-84-1144-281-7<\/p>\n<p><strong>T\u00edtulo<\/strong>: <span data-sheets-value=\"{&quot;1&quot;:2,&quot;2&quot;:&quot;Niveles secuenciales&quot;}\" data-sheets-userformat=\"{&quot;2&quot;:513,&quot;3&quot;:{&quot;1&quot;:0},&quot;12&quot;:0}\">Niveles secuenciales<\/span><br \/>\n<strong>Fecha<\/strong>: 2023<br \/>\n<strong>P\u00e1ginas<\/strong>: 350<\/p>\n<p><strong>SINOPSIS<\/strong><\/p>\n<p>La evoluci\u00f3n humana ha sido testigo de cambios no solo fisiol\u00f3gicos, sino tambi\u00e9n psicol\u00f3gicos y de conciencia que han dejado un rastro fosilizado, constelado en lo m\u00e1s profundo de nuestro ser. El doctor y psicoanalista A. G. Yelletisch, siguiendo el legado del doctor Carl Gustav Jung, desvela en la presente investigaci\u00f3n sus postulados acerca de esta evoluci\u00f3n, en la que el sistema nervioso simp\u00e1tico, identificado con el ego, coordinador de psique y soma, se erige como un marcador evolutivo vinculado con las fases m\u00e1s primitivas del desarrollo humano, con el hombre animal, inmerso en un proceso de ensombrecimiento progresivo que finalizar\u00e1 cuando sea sustituido por el m\u00e1s avanzado sistema parasimp\u00e1tico, vehiculado con el s\u00ed-mismo, en su progresi\u00f3n hacia fases m\u00e1s refinadas del ser humano, con mayor capacidad de conciencia, en un ciclo sin fin cuyo destino no es otro que alcanzar cotas cada vez m\u00e1s altas del sublime nivel de hombre espiritual. Las hip\u00f3tesis del doctor Yelletisch profundizan en este constante avance del ser humano hacia estadios de existencia y conciencia m\u00e1s elevados, atravesando los progresivos niveles secuenciales, vinculados a una impronta f\u00edsica paralela. Sin duda, una aproximaci\u00f3n extraordinaria a los marcadores biol\u00f3gicos asociados a la mente y el inconsciente, una reveladora mirada a la complejidad de la evoluci\u00f3n humana.<\/p>\n<p>&nbsp;<\/p>\n<p>&nbsp;<\/p>\n","protected":false},"excerpt":{"rendered":"<p><strong>ISBN<\/strong>: 978-84-1144-281-7<\/p>\n<p><strong>SINOPSIS<\/strong><\/p>\n<p>La evoluci\u00f3n humana ha sido testigo de cambios no solo fisiol\u00f3gicos, sino tambi\u00e9n psicol\u00f3gicos y de conciencia que han dejado un rastro fosilizado, constelado en lo m\u00e1s profundo de nuestro ser. El doctor y psicoanalista A. G. Yelletisch, siguiendo el legado del doctor Carl Gustav Jung, desvela en la presente investigaci\u00f3n sus postulados acerca de esta evoluci\u00f3n, en la que el sistema nervioso simp\u00e1tico, identificado con el ego, coordinador de psique y soma, se erige como un marcador evolutivo vinculado con las fases m\u00e1s primitivas del desarrollo humano, con el hombre animal, inmerso en un proceso de ensombrecimiento progresivo que finalizar\u00e1 cuando sea sustituido por el m\u00e1s avanzado sistema parasimp\u00e1tico, vehiculado con el s\u00ed-mismo, en su progresi\u00f3n hacia fases m\u00e1s refinadas del ser humano, con mayor capacidad de conciencia, en un ciclo sin fin cuyo destino no es otro que alcanzar cotas cada vez m\u00e1s altas del sublime nivel de hombre espiritual. Las hip\u00f3tesis del doctor Yelletisch profundizan en este constante avance del ser humano hacia estadios de existencia y conciencia m\u00e1s elevados, atravesando los progresivos niveles secuenciales, vinculados a una impronta f\u00edsica paralela. Sin duda, una aproximaci\u00f3n extraordinaria a los marcadores biol\u00f3gicos asociados a la mente y el inconsciente, una reveladora mirada a la complejidad de la evoluci\u00f3n humana.<\/p>\n","protected":false},"featured_media":98353,"comment_status":"closed","ping_status":"open","template":"","meta":{"_acf_changed":false},"libro":[],"product_brand":[],"product_cat":[36,26],"product_tag":[],"class_list":{"0":"post-98352","1":"product","2":"type-product","3":"status-publish","4":"has-post-thumbnail","6":"product_cat-investigacion","7":"product_cat-sin-categoria","9":"first","10":"instock","11":"product-type-simple"},"acf":{"autor":[76835],"enlace_de_compra":"https:\/\/www.amazon.es\/Niveles-secuenciales-investigaci%C3%B3n-G-Yelletisch\/dp\/8411442810\/\/"},"yoast_head":"<!-- This site is optimized with the Yoast SEO plugin v26.6 - https:\/\/yoast.com\/wordpress\/plugins\/seo\/ -->\n<title>Niveles secuenciales - Catalogo | Letrame Grupo Editorial<\/title>\n<meta name=\"robots\" content=\"index, follow, max-snippet:-1, max-image-preview:large, max-video-preview:-1\" \/>\n<link rel=\"canonical\" href=\"https:\/\/letrame.com\/catalogo\/producto\/niveles-secuenciales\/\" \/>\n<meta property=\"og:locale\" content=\"es_ES\" \/>\n<meta property=\"og:type\" content=\"article\" \/>\n<meta property=\"og:title\" content=\"Niveles secuenciales - Catalogo | Letrame Grupo Editorial\" \/>\n<meta property=\"og:description\" content=\"ISBN: 978-84-1144-281-7 SINOPSIS La evoluci\u00f3n humana ha sido testigo de cambios no solo fisiol\u00f3gicos, sino tambi\u00e9n psicol\u00f3gicos y de conciencia que han dejado un rastro fosilizado, constelado en lo m\u00e1s profundo de nuestro ser. El doctor y psicoanalista A. G. Yelletisch, siguiendo el legado del doctor Carl Gustav Jung, desvela en la presente investigaci\u00f3n sus postulados acerca de esta evoluci\u00f3n, en la que el sistema nervioso simp\u00e1tico, identificado con el ego, coordinador de psique y soma, se erige como un marcador evolutivo vinculado con las fases m\u00e1s primitivas del desarrollo humano, con el hombre animal, inmerso en un proceso de ensombrecimiento progresivo que finalizar\u00e1 cuando sea sustituido por el m\u00e1s avanzado sistema parasimp\u00e1tico, vehiculado con el s\u00ed-mismo, en su progresi\u00f3n hacia fases m\u00e1s refinadas del ser humano, con mayor capacidad de conciencia, en un ciclo sin fin cuyo destino no es otro que alcanzar cotas cada vez m\u00e1s altas del sublime nivel de hombre espiritual. Las hip\u00f3tesis del doctor Yelletisch profundizan en este constante avance del ser humano hacia estadios de existencia y conciencia m\u00e1s elevados, atravesando los progresivos niveles secuenciales, vinculados a una impronta f\u00edsica paralela. Sin duda, una aproximaci\u00f3n extraordinaria a los marcadores biol\u00f3gicos asociados a la mente y el inconsciente, una reveladora mirada a la complejidad de la evoluci\u00f3n humana.\" \/>\n<meta property=\"og:url\" content=\"https:\/\/letrame.com\/catalogo\/producto\/niveles-secuenciales\/\" \/>\n<meta property=\"og:site_name\" content=\"Catalogo | Letrame Grupo Editorial\" \/>\n<meta property=\"article:modified_time\" content=\"2024-04-29T13:00:38+00:00\" \/>\n<meta property=\"og:image\" content=\"https:\/\/letrame.com\/catalogo\/wp-content\/uploads\/2024\/04\/redportad_nivelessecuenciales_1721mm-2-compressed.jpg\" \/>\n\t<meta property=\"og:image:width\" content=\"601\" \/>\n\t<meta property=\"og:image:height\" content=\"881\" \/>\n\t<meta property=\"og:image:type\" content=\"image\/jpeg\" \/>\n<meta name=\"twitter:card\" content=\"summary_large_image\" \/>\n<meta name=\"twitter:label1\" content=\"Tiempo de lectura\" \/>\n\t<meta name=\"twitter:data1\" content=\"1 minuto\" \/>\n<script type=\"application\/ld+json\" class=\"yoast-schema-graph\">{\"@context\":\"https:\/\/schema.org\",\"@graph\":[{\"@type\":\"WebPage\",\"@id\":\"https:\/\/letrame.com\/catalogo\/producto\/niveles-secuenciales\/\",\"url\":\"https:\/\/letrame.com\/catalogo\/producto\/niveles-secuenciales\/\",\"name\":\"Niveles secuenciales - Catalogo | Letrame Grupo Editorial\",\"isPartOf\":{\"@id\":\"https:\/\/letrame.com\/catalogo\/#website\"},\"primaryImageOfPage\":{\"@id\":\"https:\/\/letrame.com\/catalogo\/producto\/niveles-secuenciales\/#primaryimage\"},\"image\":{\"@id\":\"https:\/\/letrame.com\/catalogo\/producto\/niveles-secuenciales\/#primaryimage\"},\"thumbnailUrl\":\"https:\/\/letrame.com\/catalogo\/wp-content\/uploads\/2024\/04\/redportad_nivelessecuenciales_1721mm-2-compressed.jpg\",\"datePublished\":\"2024-04-29T13:00:34+00:00\",\"dateModified\":\"2024-04-29T13:00:38+00:00\",\"breadcrumb\":{\"@id\":\"https:\/\/letrame.com\/catalogo\/producto\/niveles-secuenciales\/#breadcrumb\"},\"inLanguage\":\"es\",\"potentialAction\":[{\"@type\":\"ReadAction\",\"target\":[\"https:\/\/letrame.com\/catalogo\/producto\/niveles-secuenciales\/\"]}]},{\"@type\":\"ImageObject\",\"inLanguage\":\"es\",\"@id\":\"https:\/\/letrame.com\/catalogo\/producto\/niveles-secuenciales\/#primaryimage\",\"url\":\"https:\/\/letrame.com\/catalogo\/wp-content\/uploads\/2024\/04\/redportad_nivelessecuenciales_1721mm-2-compressed.jpg\",\"contentUrl\":\"https:\/\/letrame.com\/catalogo\/wp-content\/uploads\/2024\/04\/redportad_nivelessecuenciales_1721mm-2-compressed.jpg\",\"width\":601,\"height\":881},{\"@type\":\"BreadcrumbList\",\"@id\":\"https:\/\/letrame.com\/catalogo\/producto\/niveles-secuenciales\/#breadcrumb\",\"itemListElement\":[{\"@type\":\"ListItem\",\"position\":1,\"name\":\"Portada\",\"item\":\"https:\/\/letrame.com\/catalogo\/\"},{\"@type\":\"ListItem\",\"position\":2,\"name\":\"Cat\u00e1logo\",\"item\":\"https:\/\/letrame.com\/catalogo\/\"},{\"@type\":\"ListItem\",\"position\":3,\"name\":\"Niveles secuenciales\"}]},{\"@type\":\"WebSite\",\"@id\":\"https:\/\/letrame.com\/catalogo\/#website\",\"url\":\"https:\/\/letrame.com\/catalogo\/\",\"name\":\"Catalogo | Letrame Grupo Editorial\",\"description\":\"\",\"publisher\":{\"@id\":\"https:\/\/letrame.com\/catalogo\/#organization\"},\"potentialAction\":[{\"@type\":\"SearchAction\",\"target\":{\"@type\":\"EntryPoint\",\"urlTemplate\":\"https:\/\/letrame.com\/catalogo\/?s={search_term_string}\"},\"query-input\":{\"@type\":\"PropertyValueSpecification\",\"valueRequired\":true,\"valueName\":\"search_term_string\"}}],\"inLanguage\":\"es\"},{\"@type\":\"Organization\",\"@id\":\"https:\/\/letrame.com\/catalogo\/#organization\",\"name\":\"Catalogo | Letrame Grupo Editorial\",\"url\":\"https:\/\/letrame.com\/catalogo\/\",\"logo\":{\"@type\":\"ImageObject\",\"inLanguage\":\"es\",\"@id\":\"https:\/\/letrame.com\/catalogo\/#\/schema\/logo\/image\/\",\"url\":\"https:\/\/letrame.com\/catalogo\/wp-content\/uploads\/2024\/03\/logo2.webp\",\"contentUrl\":\"https:\/\/letrame.com\/catalogo\/wp-content\/uploads\/2024\/03\/logo2.webp\",\"width\":394,\"height\":128,\"caption\":\"Catalogo | Letrame Grupo Editorial\"},\"image\":{\"@id\":\"https:\/\/letrame.com\/catalogo\/#\/schema\/logo\/image\/\"}}]}<\/script>\n<!-- \/ Yoast SEO plugin. -->","yoast_head_json":{"title":"Niveles secuenciales - Catalogo | Letrame Grupo Editorial","robots":{"index":"index","follow":"follow","max-snippet":"max-snippet:-1","max-image-preview":"max-image-preview:large","max-video-preview":"max-video-preview:-1"},"canonical":"https:\/\/letrame.com\/catalogo\/producto\/niveles-secuenciales\/","og_locale":"es_ES","og_type":"article","og_title":"Niveles secuenciales - Catalogo | Letrame Grupo Editorial","og_description":"ISBN: 978-84-1144-281-7 SINOPSIS La evoluci\u00f3n humana ha sido testigo de cambios no solo fisiol\u00f3gicos, sino tambi\u00e9n psicol\u00f3gicos y de conciencia que han dejado un rastro fosilizado, constelado en lo m\u00e1s profundo de nuestro ser. El doctor y psicoanalista A. G. Yelletisch, siguiendo el legado del doctor Carl Gustav Jung, desvela en la presente investigaci\u00f3n sus postulados acerca de esta evoluci\u00f3n, en la que el sistema nervioso simp\u00e1tico, identificado con el ego, coordinador de psique y soma, se erige como un marcador evolutivo vinculado con las fases m\u00e1s primitivas del desarrollo humano, con el hombre animal, inmerso en un proceso de ensombrecimiento progresivo que finalizar\u00e1 cuando sea sustituido por el m\u00e1s avanzado sistema parasimp\u00e1tico, vehiculado con el s\u00ed-mismo, en su progresi\u00f3n hacia fases m\u00e1s refinadas del ser humano, con mayor capacidad de conciencia, en un ciclo sin fin cuyo destino no es otro que alcanzar cotas cada vez m\u00e1s altas del sublime nivel de hombre espiritual. Las hip\u00f3tesis del doctor Yelletisch profundizan en este constante avance del ser humano hacia estadios de existencia y conciencia m\u00e1s elevados, atravesando los progresivos niveles secuenciales, vinculados a una impronta f\u00edsica paralela. Sin duda, una aproximaci\u00f3n extraordinaria a los marcadores biol\u00f3gicos asociados a la mente y el inconsciente, una reveladora mirada a la complejidad de la evoluci\u00f3n humana.","og_url":"https:\/\/letrame.com\/catalogo\/producto\/niveles-secuenciales\/","og_site_name":"Catalogo | Letrame Grupo Editorial","article_modified_time":"2024-04-29T13:00:38+00:00","og_image":[{"width":601,"height":881,"url":"https:\/\/letrame.com\/catalogo\/wp-content\/uploads\/2024\/04\/redportad_nivelessecuenciales_1721mm-2-compressed.jpg","type":"image\/jpeg"}],"twitter_card":"summary_large_image","twitter_misc":{"Tiempo de lectura":"1 minuto"},"schema":{"@context":"https:\/\/schema.org","@graph":[{"@type":"WebPage","@id":"https:\/\/letrame.com\/catalogo\/producto\/niveles-secuenciales\/","url":"https:\/\/letrame.com\/catalogo\/producto\/niveles-secuenciales\/","name":"Niveles secuenciales - Catalogo | Letrame Grupo Editorial","isPartOf":{"@id":"https:\/\/letrame.com\/catalogo\/#website"},"primaryImageOfPage":{"@id":"https:\/\/letrame.com\/catalogo\/producto\/niveles-secuenciales\/#primaryimage"},"image":{"@id":"https:\/\/letrame.com\/catalogo\/producto\/niveles-secuenciales\/#primaryimage"},"thumbnailUrl":"https:\/\/letrame.com\/catalogo\/wp-content\/uploads\/2024\/04\/redportad_nivelessecuenciales_1721mm-2-compressed.jpg","datePublished":"2024-04-29T13:00:34+00:00","dateModified":"2024-04-29T13:00:38+00:00","breadcrumb":{"@id":"https:\/\/letrame.com\/catalogo\/producto\/niveles-secuenciales\/#breadcrumb"},"inLanguage":"es","potentialAction":[{"@type":"ReadAction","target":["https:\/\/letrame.com\/catalogo\/producto\/niveles-secuenciales\/"]}]},{"@type":"ImageObject","inLanguage":"es","@id":"https:\/\/letrame.com\/catalogo\/producto\/niveles-secuenciales\/#primaryimage","url":"https:\/\/letrame.com\/catalogo\/wp-content\/uploads\/2024\/04\/redportad_nivelessecuenciales_1721mm-2-compressed.jpg","contentUrl":"https:\/\/letrame.com\/catalogo\/wp-content\/uploads\/2024\/04\/redportad_nivelessecuenciales_1721mm-2-compressed.jpg","width":601,"height":881},{"@type":"BreadcrumbList","@id":"https:\/\/letrame.com\/catalogo\/producto\/niveles-secuenciales\/#breadcrumb","itemListElement":[{"@type":"ListItem","position":1,"name":"Portada","item":"https:\/\/letrame.com\/catalogo\/"},{"@type":"ListItem","position":2,"name":"Cat\u00e1logo","item":"https:\/\/letrame.com\/catalogo\/"},{"@type":"ListItem","position":3,"name":"Niveles secuenciales"}]},{"@type":"WebSite","@id":"https:\/\/letrame.com\/catalogo\/#website","url":"https:\/\/letrame.com\/catalogo\/","name":"Catalogo | Letrame Grupo Editorial","description":"","publisher":{"@id":"https:\/\/letrame.com\/catalogo\/#organization"},"potentialAction":[{"@type":"SearchAction","target":{"@type":"EntryPoint","urlTemplate":"https:\/\/letrame.com\/catalogo\/?s={search_term_string}"},"query-input":{"@type":"PropertyValueSpecification","valueRequired":true,"valueName":"search_term_string"}}],"inLanguage":"es"},{"@type":"Organization","@id":"https:\/\/letrame.com\/catalogo\/#organization","name":"Catalogo | Letrame Grupo Editorial","url":"https:\/\/letrame.com\/catalogo\/","logo":{"@type":"ImageObject","inLanguage":"es","@id":"https:\/\/letrame.com\/catalogo\/#\/schema\/logo\/image\/","url":"https:\/\/letrame.com\/catalogo\/wp-content\/uploads\/2024\/03\/logo2.webp","contentUrl":"https:\/\/letrame.com\/catalogo\/wp-content\/uploads\/2024\/03\/logo2.webp","width":394,"height":128,"caption":"Catalogo | Letrame Grupo Editorial"},"image":{"@id":"https:\/\/letrame.com\/catalogo\/#\/schema\/logo\/image\/"}}]}},"_links":{"self":[{"href":"https:\/\/letrame.com\/catalogo\/wp-json\/wp\/v2\/product\/98352","targetHints":{"allow":["GET"]}}],"collection":[{"href":"https:\/\/letrame.com\/catalogo\/wp-json\/wp\/v2\/product"}],"about":[{"href":"https:\/\/letrame.com\/catalogo\/wp-json\/wp\/v2\/types\/product"}],"replies":[{"embeddable":true,"href":"https:\/\/letrame.com\/catalogo\/wp-json\/wp\/v2\/comments?post=98352"}],"acf:post":[{"embeddable":true,"href":"https:\/\/letrame.com\/catalogo\/wp-json\/wp\/v2\/author_book\/76835"}],"wp:featuredmedia":[{"embeddable":true,"href":"https:\/\/letrame.com\/catalogo\/wp-json\/wp\/v2\/media\/98353"}],"wp:attachment":[{"href":"https:\/\/letrame.com\/catalogo\/wp-json\/wp\/v2\/media?parent=98352"}],"wp:term":[{"taxonomy":"libro","embeddable":true,"href":"https:\/\/letrame.com\/catalogo\/wp-json\/wp\/v2\/libro?post=98352"},{"taxonomy":"product_brand","embeddable":true,"href":"https:\/\/letrame.com\/catalogo\/wp-json\/wp\/v2\/product_brand?post=98352"},{"taxonomy":"product_cat","embeddable":true,"href":"https:\/\/letrame.com\/catalogo\/wp-json\/wp\/v2\/product_cat?post=98352"},{"taxonomy":"product_tag","embeddable":true,"href":"https:\/\/letrame.com\/catalogo\/wp-json\/wp\/v2\/product_tag?post=98352"}],"curies":[{"name":"wp","href":"https:\/\/api.w.org\/{rel}","templated":true}]}}