{"id":98339,"date":"2024-04-29T14:59:51","date_gmt":"2024-04-29T12:59:51","guid":{"rendered":"https:\/\/letrame.com\/catalogo\/producto\/todavia-no\/"},"modified":"2024-04-29T14:59:51","modified_gmt":"2024-04-29T12:59:51","slug":"todavia-no","status":"publish","type":"product","link":"https:\/\/letrame.com\/catalogo\/producto\/todavia-no\/","title":{"rendered":"Todav\u00eda no"},"content":{"rendered":"<p><strong>ISBN<\/strong>: 978-84-1144-031-8<\/p>\n<p><strong>T\u00edtulo<\/strong>: <span style=\"color: #000000;\">Todav\u00eda no<\/span><br \/>\n<strong>Fecha<\/strong>: 2022<br \/>\n<strong>P\u00e1ginas<\/strong>: 626<\/p>\n<p><strong>SINOPSIS<\/strong><\/p>\n<p>En abril de 1974 fui testigo de un intento de asesinato en mi domicilio de Madrid. El impacto por lo que all\u00ed presenci\u00e9 me dej\u00f3 cuatro d\u00edas en estado de coma del que despert\u00e9 sin recordar nada.<\/p>\n<p>En octubre de 2009 recib\u00ed en mi ordenador un correo electr\u00f3nico an\u00f3nimo en el que se se\u00f1alaba que, en un pueblo de la provincia de Segovia muy unido a mi familia, hab\u00eda aparecido un sujeto al que no se le ve\u00eda desde hac\u00eda m\u00e1s de treintaicinco a\u00f1os. El an\u00f3nimo a\u00f1ad\u00eda que el citado individuo le hab\u00eda \u00absugerido\u00bb que me transmitiera un mensaje n\u00edtido: yo tendr\u00eda que sacar a la luz lo ocurrido una funesta tarde de la primavera de 1974. El correo adjuntaba una foto.<\/p>\n<p>Yo desconoc\u00eda totalmente estos hechos. Durante los siguientes seis meses estuve luchando desesperadamente para averiguar qui\u00e9n estaba detr\u00e1s de aquel encargo sin sentido. Solo a trav\u00e9s de un amigo de la infancia que me relat\u00f3 la tremenda historia que vivieron su padre y el m\u00edo consegu\u00ed atar algunos cabos sueltos sobre lo ocurrido. Esa historia narraba los hechos, dram\u00e1ticos unas veces y entra\u00f1ables otras, de los que fueron protagonistas nuestros padres desde los a\u00f1os treinta hasta nuestros d\u00edas: aventuras, encrucijadas y relatos de amistad, pero tambi\u00e9n de traiciones, conspiraciones y corrupci\u00f3n. Nadie, hasta ahora, los hab\u00eda sacado a la luz.<\/p>\n<p>Pese a que acab\u00e9 poniendo el asunto en manos de profesionales, en mayo de 2010 todas las tensiones que tuve que soportar acabaron conmigo en el quir\u00f3fano. Y all\u00ed, cuando m\u00e1s delicada era la situaci\u00f3n, apareci\u00f3 aquel sujeto y, acerc\u00e1ndose a m\u00ed, me susurr\u00f3 al o\u00eddo dos palabras que me dejaron helado: \u00abTodav\u00eda no\u00bb. Tal vez fuera aquella su \u00faltima advertencia por no haber relatado lo ocurrido. Por eso ahora estoy abocado a narrarles, al menos, lo que he podido esclarecer\u2026 \u00a1Espero que el relato les sea de utilidad en alg\u00fan momento porque, como ver\u00e1n, seguro, seguro, alguno de los hechos que se narran en el libro no les van a resultar ajenos!<\/p>\n<p><u>\u00a0<\/u><\/p>\n<p>&nbsp;<\/p>\n<p>&nbsp;<\/p>\n<p>&nbsp;<\/p>\n<p>&nbsp;<\/p>\n<p>&nbsp;<\/p>\n","protected":false},"excerpt":{"rendered":"<p><strong>ISBN<\/strong>: 978-84-1144-031-8<\/p>\n<p><strong>SINOPSIS<\/strong><\/p>\n<p>En abril de 1974 fui testigo de un intento de asesinato en mi domicilio de Madrid. El impacto por lo que all\u00ed presenci\u00e9 me dej\u00f3 cuatro d\u00edas en estado de coma del que despert\u00e9 sin recordar nada.<\/p>\n<p>En octubre de 2009 recib\u00ed en mi ordenador un correo electr\u00f3nico an\u00f3nimo en el que se se\u00f1alaba que, en un pueblo de la provincia de Segovia muy unido a mi familia, hab\u00eda aparecido un sujeto al que no se le ve\u00eda desde hac\u00eda m\u00e1s de treintaicinco a\u00f1os. El an\u00f3nimo a\u00f1ad\u00eda que el citado individuo le hab\u00eda \u00absugerido\u00bb que me transmitiera un mensaje n\u00edtido: yo tendr\u00eda que sacar a la luz lo ocurrido una funesta tarde de la primavera de 1974. El correo adjuntaba una foto.<\/p>\n<p>Yo desconoc\u00eda totalmente estos hechos. Durante los siguientes seis meses estuve luchando desesperadamente para averiguar qui\u00e9n estaba detr\u00e1s de aquel encargo sin sentido. Solo a trav\u00e9s de un amigo de la infancia que me relat\u00f3 la tremenda historia que vivieron su padre y el m\u00edo consegu\u00ed atar algunos cabos sueltos sobre lo ocurrido. Esa historia narraba los hechos, dram\u00e1ticos unas veces y entra\u00f1ables otras, de los que fueron protagonistas nuestros padres desde los a\u00f1os treinta hasta nuestros d\u00edas: aventuras, encrucijadas y relatos de amistad, pero tambi\u00e9n de traiciones, conspiraciones y corrupci\u00f3n. Nadie, hasta ahora, los hab\u00eda sacado a la luz.<\/p>\n<p>Pese a que acab\u00e9 poniendo el asunto en manos de profesionales, en mayo de 2010 todas las tensiones que tuve que soportar acabaron conmigo en el quir\u00f3fano. Y all\u00ed, cuando m\u00e1s delicada era la situaci\u00f3n, apareci\u00f3 aquel sujeto y, acerc\u00e1ndose a m\u00ed, me susurr\u00f3 al o\u00eddo dos palabras que me dejaron helado: \u00abTodav\u00eda no\u00bb. Tal vez fuera aquella su \u00faltima advertencia por no haber relatado lo ocurrido. Por eso ahora estoy abocado a narrarles, al menos, lo que he podido esclarecer\u2026 \u00a1Espero que el relato les sea de utilidad en alg\u00fan momento porque, como ver\u00e1n, seguro, seguro, alguno de los hechos que se narran en el libro no les van a resultar ajenos!<\/p>\n","protected":false},"featured_media":98340,"comment_status":"closed","ping_status":"open","template":"","meta":{"_acf_changed":false},"libro":[],"product_brand":[],"product_cat":[26],"product_tag":[],"class_list":{"0":"post-98339","1":"product","2":"type-product","3":"status-publish","4":"has-post-thumbnail","6":"product_cat-sin-categoria","8":"first","9":"instock","10":"purchasable","11":"product-type-simple"},"acf":{"autor":[76825],"enlace_de_compra":"ttps:\/\/www.amazon.es\/Todav%C3%ADa-Miguel-%C3%81ngel-Carre%C3%B1o-Rodr%C3%ADguez\/dp\/8411440311\/"},"yoast_head":"<!-- This site is optimized with the Yoast SEO plugin v27.4 - https:\/\/yoast.com\/product\/yoast-seo-wordpress\/ -->\n<title>Todav\u00eda no - Catalogo | Letrame Grupo Editorial<\/title>\n<meta name=\"robots\" content=\"index, follow, max-snippet:-1, max-image-preview:large, max-video-preview:-1\" \/>\n<link rel=\"canonical\" href=\"https:\/\/letrame.com\/catalogo\/producto\/todavia-no\/\" \/>\n<meta property=\"og:locale\" content=\"es_ES\" \/>\n<meta property=\"og:type\" content=\"article\" \/>\n<meta property=\"og:title\" content=\"Todav\u00eda no - Catalogo | Letrame Grupo Editorial\" \/>\n<meta property=\"og:description\" content=\"ISBN: 978-84-1144-031-8 SINOPSIS En abril de 1974 fui testigo de un intento de asesinato en mi domicilio de Madrid. El impacto por lo que all\u00ed presenci\u00e9 me dej\u00f3 cuatro d\u00edas en estado de coma del que despert\u00e9 sin recordar nada. En octubre de 2009 recib\u00ed en mi ordenador un correo electr\u00f3nico an\u00f3nimo en el que se se\u00f1alaba que, en un pueblo de la provincia de Segovia muy unido a mi familia, hab\u00eda aparecido un sujeto al que no se le ve\u00eda desde hac\u00eda m\u00e1s de treintaicinco a\u00f1os. El an\u00f3nimo a\u00f1ad\u00eda que el citado individuo le hab\u00eda \u00absugerido\u00bb que me transmitiera un mensaje n\u00edtido: yo tendr\u00eda que sacar a la luz lo ocurrido una funesta tarde de la primavera de 1974. El correo adjuntaba una foto. Yo desconoc\u00eda totalmente estos hechos. Durante los siguientes seis meses estuve luchando desesperadamente para averiguar qui\u00e9n estaba detr\u00e1s de aquel encargo sin sentido. Solo a trav\u00e9s de un amigo de la infancia que me relat\u00f3 la tremenda historia que vivieron su padre y el m\u00edo consegu\u00ed atar algunos cabos sueltos sobre lo ocurrido. Esa historia narraba los hechos, dram\u00e1ticos unas veces y entra\u00f1ables otras, de los que fueron protagonistas nuestros padres desde los a\u00f1os treinta hasta nuestros d\u00edas: aventuras, encrucijadas y relatos de amistad, pero tambi\u00e9n de traiciones, conspiraciones y corrupci\u00f3n. Nadie, hasta ahora, los hab\u00eda sacado a la luz. Pese a que acab\u00e9 poniendo el asunto en manos de profesionales, en mayo de 2010 todas las tensiones que tuve que soportar acabaron conmigo en el quir\u00f3fano. Y all\u00ed, cuando m\u00e1s delicada era la situaci\u00f3n, apareci\u00f3 aquel sujeto y, acerc\u00e1ndose a m\u00ed, me susurr\u00f3 al o\u00eddo dos palabras que me dejaron helado: \u00abTodav\u00eda no\u00bb. Tal vez fuera aquella su \u00faltima advertencia por no haber relatado lo ocurrido. Por eso ahora estoy abocado a narrarles, al menos, lo que he podido esclarecer\u2026 \u00a1Espero que el relato les sea de utilidad en alg\u00fan momento porque, como ver\u00e1n, seguro, seguro, alguno de los hechos que se narran en el libro no les van a resultar ajenos!\" \/>\n<meta property=\"og:url\" content=\"https:\/\/letrame.com\/catalogo\/producto\/todavia-no\/\" \/>\n<meta property=\"og:site_name\" content=\"Catalogo | Letrame Grupo Editorial\" \/>\n<meta property=\"og:image\" content=\"https:\/\/letrame.com\/catalogo\/wp-content\/uploads\/2024\/04\/redportada_todaviano_30mm-2-compressed.jpg\" \/>\n\t<meta property=\"og:image:width\" content=\"601\" \/>\n\t<meta property=\"og:image:height\" content=\"881\" \/>\n\t<meta property=\"og:image:type\" content=\"image\/jpeg\" \/>\n<meta name=\"twitter:card\" content=\"summary_large_image\" \/>\n<meta name=\"twitter:label1\" content=\"Tiempo de lectura\" \/>\n\t<meta name=\"twitter:data1\" content=\"2 minutos\" \/>\n<script type=\"application\/ld+json\" class=\"yoast-schema-graph\">{\"@context\":\"https:\\\/\\\/schema.org\",\"@graph\":[{\"@type\":\"WebPage\",\"@id\":\"https:\\\/\\\/letrame.com\\\/catalogo\\\/producto\\\/todavia-no\\\/\",\"url\":\"https:\\\/\\\/letrame.com\\\/catalogo\\\/producto\\\/todavia-no\\\/\",\"name\":\"Todav\u00eda no - Catalogo | Letrame Grupo Editorial\",\"isPartOf\":{\"@id\":\"https:\\\/\\\/letrame.com\\\/catalogo\\\/#website\"},\"primaryImageOfPage\":{\"@id\":\"https:\\\/\\\/letrame.com\\\/catalogo\\\/producto\\\/todavia-no\\\/#primaryimage\"},\"image\":{\"@id\":\"https:\\\/\\\/letrame.com\\\/catalogo\\\/producto\\\/todavia-no\\\/#primaryimage\"},\"thumbnailUrl\":\"https:\\\/\\\/letrame.com\\\/catalogo\\\/wp-content\\\/uploads\\\/2024\\\/04\\\/redportada_todaviano_30mm-2-compressed.jpg\",\"datePublished\":\"2024-04-29T12:59:51+00:00\",\"breadcrumb\":{\"@id\":\"https:\\\/\\\/letrame.com\\\/catalogo\\\/producto\\\/todavia-no\\\/#breadcrumb\"},\"inLanguage\":\"es\",\"potentialAction\":[{\"@type\":\"ReadAction\",\"target\":[\"https:\\\/\\\/letrame.com\\\/catalogo\\\/producto\\\/todavia-no\\\/\"]}]},{\"@type\":\"ImageObject\",\"inLanguage\":\"es\",\"@id\":\"https:\\\/\\\/letrame.com\\\/catalogo\\\/producto\\\/todavia-no\\\/#primaryimage\",\"url\":\"https:\\\/\\\/letrame.com\\\/catalogo\\\/wp-content\\\/uploads\\\/2024\\\/04\\\/redportada_todaviano_30mm-2-compressed.jpg\",\"contentUrl\":\"https:\\\/\\\/letrame.com\\\/catalogo\\\/wp-content\\\/uploads\\\/2024\\\/04\\\/redportada_todaviano_30mm-2-compressed.jpg\",\"width\":601,\"height\":881},{\"@type\":\"BreadcrumbList\",\"@id\":\"https:\\\/\\\/letrame.com\\\/catalogo\\\/producto\\\/todavia-no\\\/#breadcrumb\",\"itemListElement\":[{\"@type\":\"ListItem\",\"position\":1,\"name\":\"Portada\",\"item\":\"https:\\\/\\\/letrame.com\\\/catalogo\\\/\"},{\"@type\":\"ListItem\",\"position\":2,\"name\":\"Cat\u00e1logo\",\"item\":\"https:\\\/\\\/letrame.com\\\/catalogo\\\/\"},{\"@type\":\"ListItem\",\"position\":3,\"name\":\"Todav\u00eda no\"}]},{\"@type\":\"WebSite\",\"@id\":\"https:\\\/\\\/letrame.com\\\/catalogo\\\/#website\",\"url\":\"https:\\\/\\\/letrame.com\\\/catalogo\\\/\",\"name\":\"Catalogo | Letrame Grupo Editorial\",\"description\":\"\",\"publisher\":{\"@id\":\"https:\\\/\\\/letrame.com\\\/catalogo\\\/#organization\"},\"potentialAction\":[{\"@type\":\"SearchAction\",\"target\":{\"@type\":\"EntryPoint\",\"urlTemplate\":\"https:\\\/\\\/letrame.com\\\/catalogo\\\/?s={search_term_string}\"},\"query-input\":{\"@type\":\"PropertyValueSpecification\",\"valueRequired\":true,\"valueName\":\"search_term_string\"}}],\"inLanguage\":\"es\"},{\"@type\":\"Organization\",\"@id\":\"https:\\\/\\\/letrame.com\\\/catalogo\\\/#organization\",\"name\":\"Catalogo | Letrame Grupo Editorial\",\"url\":\"https:\\\/\\\/letrame.com\\\/catalogo\\\/\",\"logo\":{\"@type\":\"ImageObject\",\"inLanguage\":\"es\",\"@id\":\"https:\\\/\\\/letrame.com\\\/catalogo\\\/#\\\/schema\\\/logo\\\/image\\\/\",\"url\":\"https:\\\/\\\/letrame.com\\\/catalogo\\\/wp-content\\\/uploads\\\/2024\\\/03\\\/logo2.webp\",\"contentUrl\":\"https:\\\/\\\/letrame.com\\\/catalogo\\\/wp-content\\\/uploads\\\/2024\\\/03\\\/logo2.webp\",\"width\":394,\"height\":128,\"caption\":\"Catalogo | Letrame Grupo Editorial\"},\"image\":{\"@id\":\"https:\\\/\\\/letrame.com\\\/catalogo\\\/#\\\/schema\\\/logo\\\/image\\\/\"}}]}<\/script>\n<!-- \/ Yoast SEO plugin. -->","yoast_head_json":{"title":"Todav\u00eda no - Catalogo | Letrame Grupo Editorial","robots":{"index":"index","follow":"follow","max-snippet":"max-snippet:-1","max-image-preview":"max-image-preview:large","max-video-preview":"max-video-preview:-1"},"canonical":"https:\/\/letrame.com\/catalogo\/producto\/todavia-no\/","og_locale":"es_ES","og_type":"article","og_title":"Todav\u00eda no - Catalogo | Letrame Grupo Editorial","og_description":"ISBN: 978-84-1144-031-8 SINOPSIS En abril de 1974 fui testigo de un intento de asesinato en mi domicilio de Madrid. El impacto por lo que all\u00ed presenci\u00e9 me dej\u00f3 cuatro d\u00edas en estado de coma del que despert\u00e9 sin recordar nada. En octubre de 2009 recib\u00ed en mi ordenador un correo electr\u00f3nico an\u00f3nimo en el que se se\u00f1alaba que, en un pueblo de la provincia de Segovia muy unido a mi familia, hab\u00eda aparecido un sujeto al que no se le ve\u00eda desde hac\u00eda m\u00e1s de treintaicinco a\u00f1os. El an\u00f3nimo a\u00f1ad\u00eda que el citado individuo le hab\u00eda \u00absugerido\u00bb que me transmitiera un mensaje n\u00edtido: yo tendr\u00eda que sacar a la luz lo ocurrido una funesta tarde de la primavera de 1974. El correo adjuntaba una foto. Yo desconoc\u00eda totalmente estos hechos. Durante los siguientes seis meses estuve luchando desesperadamente para averiguar qui\u00e9n estaba detr\u00e1s de aquel encargo sin sentido. Solo a trav\u00e9s de un amigo de la infancia que me relat\u00f3 la tremenda historia que vivieron su padre y el m\u00edo consegu\u00ed atar algunos cabos sueltos sobre lo ocurrido. Esa historia narraba los hechos, dram\u00e1ticos unas veces y entra\u00f1ables otras, de los que fueron protagonistas nuestros padres desde los a\u00f1os treinta hasta nuestros d\u00edas: aventuras, encrucijadas y relatos de amistad, pero tambi\u00e9n de traiciones, conspiraciones y corrupci\u00f3n. Nadie, hasta ahora, los hab\u00eda sacado a la luz. Pese a que acab\u00e9 poniendo el asunto en manos de profesionales, en mayo de 2010 todas las tensiones que tuve que soportar acabaron conmigo en el quir\u00f3fano. Y all\u00ed, cuando m\u00e1s delicada era la situaci\u00f3n, apareci\u00f3 aquel sujeto y, acerc\u00e1ndose a m\u00ed, me susurr\u00f3 al o\u00eddo dos palabras que me dejaron helado: \u00abTodav\u00eda no\u00bb. Tal vez fuera aquella su \u00faltima advertencia por no haber relatado lo ocurrido. Por eso ahora estoy abocado a narrarles, al menos, lo que he podido esclarecer\u2026 \u00a1Espero que el relato les sea de utilidad en alg\u00fan momento porque, como ver\u00e1n, seguro, seguro, alguno de los hechos que se narran en el libro no les van a resultar ajenos!","og_url":"https:\/\/letrame.com\/catalogo\/producto\/todavia-no\/","og_site_name":"Catalogo | Letrame Grupo Editorial","og_image":[{"width":601,"height":881,"url":"https:\/\/letrame.com\/catalogo\/wp-content\/uploads\/2024\/04\/redportada_todaviano_30mm-2-compressed.jpg","type":"image\/jpeg"}],"twitter_card":"summary_large_image","twitter_misc":{"Tiempo de lectura":"2 minutos"},"schema":{"@context":"https:\/\/schema.org","@graph":[{"@type":"WebPage","@id":"https:\/\/letrame.com\/catalogo\/producto\/todavia-no\/","url":"https:\/\/letrame.com\/catalogo\/producto\/todavia-no\/","name":"Todav\u00eda no - Catalogo | Letrame Grupo Editorial","isPartOf":{"@id":"https:\/\/letrame.com\/catalogo\/#website"},"primaryImageOfPage":{"@id":"https:\/\/letrame.com\/catalogo\/producto\/todavia-no\/#primaryimage"},"image":{"@id":"https:\/\/letrame.com\/catalogo\/producto\/todavia-no\/#primaryimage"},"thumbnailUrl":"https:\/\/letrame.com\/catalogo\/wp-content\/uploads\/2024\/04\/redportada_todaviano_30mm-2-compressed.jpg","datePublished":"2024-04-29T12:59:51+00:00","breadcrumb":{"@id":"https:\/\/letrame.com\/catalogo\/producto\/todavia-no\/#breadcrumb"},"inLanguage":"es","potentialAction":[{"@type":"ReadAction","target":["https:\/\/letrame.com\/catalogo\/producto\/todavia-no\/"]}]},{"@type":"ImageObject","inLanguage":"es","@id":"https:\/\/letrame.com\/catalogo\/producto\/todavia-no\/#primaryimage","url":"https:\/\/letrame.com\/catalogo\/wp-content\/uploads\/2024\/04\/redportada_todaviano_30mm-2-compressed.jpg","contentUrl":"https:\/\/letrame.com\/catalogo\/wp-content\/uploads\/2024\/04\/redportada_todaviano_30mm-2-compressed.jpg","width":601,"height":881},{"@type":"BreadcrumbList","@id":"https:\/\/letrame.com\/catalogo\/producto\/todavia-no\/#breadcrumb","itemListElement":[{"@type":"ListItem","position":1,"name":"Portada","item":"https:\/\/letrame.com\/catalogo\/"},{"@type":"ListItem","position":2,"name":"Cat\u00e1logo","item":"https:\/\/letrame.com\/catalogo\/"},{"@type":"ListItem","position":3,"name":"Todav\u00eda no"}]},{"@type":"WebSite","@id":"https:\/\/letrame.com\/catalogo\/#website","url":"https:\/\/letrame.com\/catalogo\/","name":"Catalogo | Letrame Grupo Editorial","description":"","publisher":{"@id":"https:\/\/letrame.com\/catalogo\/#organization"},"potentialAction":[{"@type":"SearchAction","target":{"@type":"EntryPoint","urlTemplate":"https:\/\/letrame.com\/catalogo\/?s={search_term_string}"},"query-input":{"@type":"PropertyValueSpecification","valueRequired":true,"valueName":"search_term_string"}}],"inLanguage":"es"},{"@type":"Organization","@id":"https:\/\/letrame.com\/catalogo\/#organization","name":"Catalogo | Letrame Grupo Editorial","url":"https:\/\/letrame.com\/catalogo\/","logo":{"@type":"ImageObject","inLanguage":"es","@id":"https:\/\/letrame.com\/catalogo\/#\/schema\/logo\/image\/","url":"https:\/\/letrame.com\/catalogo\/wp-content\/uploads\/2024\/03\/logo2.webp","contentUrl":"https:\/\/letrame.com\/catalogo\/wp-content\/uploads\/2024\/03\/logo2.webp","width":394,"height":128,"caption":"Catalogo | Letrame Grupo Editorial"},"image":{"@id":"https:\/\/letrame.com\/catalogo\/#\/schema\/logo\/image\/"}}]}},"_links":{"self":[{"href":"https:\/\/letrame.com\/catalogo\/wp-json\/wp\/v2\/product\/98339","targetHints":{"allow":["GET"]}}],"collection":[{"href":"https:\/\/letrame.com\/catalogo\/wp-json\/wp\/v2\/product"}],"about":[{"href":"https:\/\/letrame.com\/catalogo\/wp-json\/wp\/v2\/types\/product"}],"replies":[{"embeddable":true,"href":"https:\/\/letrame.com\/catalogo\/wp-json\/wp\/v2\/comments?post=98339"}],"acf:post":[{"embeddable":true,"href":"https:\/\/letrame.com\/catalogo\/wp-json\/wp\/v2\/author_book\/76825"}],"wp:featuredmedia":[{"embeddable":true,"href":"https:\/\/letrame.com\/catalogo\/wp-json\/wp\/v2\/media\/98340"}],"wp:attachment":[{"href":"https:\/\/letrame.com\/catalogo\/wp-json\/wp\/v2\/media?parent=98339"}],"wp:term":[{"taxonomy":"libro","embeddable":true,"href":"https:\/\/letrame.com\/catalogo\/wp-json\/wp\/v2\/libro?post=98339"},{"taxonomy":"product_brand","embeddable":true,"href":"https:\/\/letrame.com\/catalogo\/wp-json\/wp\/v2\/product_brand?post=98339"},{"taxonomy":"product_cat","embeddable":true,"href":"https:\/\/letrame.com\/catalogo\/wp-json\/wp\/v2\/product_cat?post=98339"},{"taxonomy":"product_tag","embeddable":true,"href":"https:\/\/letrame.com\/catalogo\/wp-json\/wp\/v2\/product_tag?post=98339"}],"curies":[{"name":"wp","href":"https:\/\/api.w.org\/{rel}","templated":true}]}}