{"id":98337,"date":"2024-04-29T14:59:26","date_gmt":"2024-04-29T12:59:26","guid":{"rendered":"https:\/\/letrame.com\/catalogo\/producto\/versos-sin-cuna\/"},"modified":"2024-04-29T14:59:46","modified_gmt":"2024-04-29T12:59:46","slug":"versos-sin-cuna","status":"publish","type":"product","link":"https:\/\/letrame.com\/catalogo\/producto\/versos-sin-cuna\/","title":{"rendered":"Versos sin cuna"},"content":{"rendered":"<p><strong>ISBN<\/strong>: 978-84-1144-188-9<\/p>\n<p><strong>T\u00edtulo<\/strong>: Versos sin cuna<br \/>\n<strong>Fecha<\/strong>: 2022<br \/>\n<strong>P\u00e1ginas<\/strong>: 90<\/p>\n<p><strong>SINOPSIS<\/strong><\/p>\n<p><strong>\u00bfPOR QU\u00c9 NADIE BUSCA A LOS BEB\u00c9S ROBADOS? <\/strong><\/p>\n<p><strong>Jos\u00e9 Luis Gordillo\u00a0 <\/strong>periodista e investigador nacido en( Bourmujos) en 1970, Sevilla, escribi\u00f3 un art\u00edculo sobre los \u201cbeb\u00e9s\u00a0 robados\u00bb en peri\u00f3dico humano, y el libro \u201cLOS HOMBRES DEL SACO\u00bb . En el cual pone en evidencia a las instituciones p\u00fablicas espa\u00f1olas e internacionales.<\/p>\n<p>\u201cNadie m\u00e1s que sus familiares buscan a estos ni\u00f1os y ni\u00f1as sustra\u00eddos, hoy ya adultos. Ni la justicia, ni el gobierno, ni las comunidades aut\u00f3nomas, ni el defensor del pueblo, ni la Uni\u00f3n Europea, ni la ONU \u2026salvo sus allegados buscan a los beb\u00e9s robados con escasos medios a su alcance.\u201d<\/p>\n<p>Hoy la muerte de Jos\u00e9 Luis Gordillo es un enigma, y nos seguimos preguntando si tuvo que ver con sus investigaciones en la trama por el tr\u00e1fico de \u00a0beb\u00e9s.<\/p>\n<p>Adelante beb\u00e9s robados, con este libro quiere recordar que a d\u00eda de hoy, hay miles y miles de casos sin resolver, y homenajear a todas esas V\u00edctimas que se quedaron en el camino sin poder saber \u00bfD\u00d3NDE EST\u00c1N?.<\/p>\n<p>Dar las gracias a todas esas personas que han apoyado nuestra causa o que con sus investigaciones han dado un poco de claridad en esta dram\u00e1tica historia de la Espa\u00f1a negra o un episodio m\u00e1s de las cloacas del estado.<\/p>\n<p>Como el libro escrito por Mar\u00eda Jos\u00e9 Esteso Pov\u00e9s NI\u00d1OS ROBADOS DE LA REPRESI\u00d3N FRANQUISTA AL NEGOCIO o la instrucci\u00f3n del juez Baltasar Garz\u00f3n en la Audiencia Nacional de 2008 en la investigaci\u00f3n le llev\u00f3 a la conclusi\u00f3n, que durante la postguerra hasta los a\u00f1os 50 desaparecieron m\u00e1s de 30.000 ni\u00f1os y ni\u00f1as fruto de la represi\u00f3n. Esto le llev\u00f3 a que se le inhabilitara como juez y tambi\u00e9n por sus investigaciones por las v\u00edctimas durante el franquismo. La justicia internacional le ha dado la raz\u00f3n y actualmente ha recuperado su estatus como juez.<\/p>\n<p>El libro de investigaci\u00f3n de Enrique J. Vila Torres en su libro HISTORIAS ROBADAS , es un conmovedor relato sobre las adopciones falsas en Espa\u00f1a del siglo XX.<\/p>\n<p>El ensayo del soci\u00f3logo Francisco Gonz\u00e1lez de Tena, que m\u00e1s ha investigado y escrito, sobre los beb\u00e9s robados en Espa\u00f1a\u00a0 y en las Islas Canarias NOS ENCARGAMOS DE TODO. Robo y tr\u00e1fico de ni\u00f1os en Espa\u00f1a.<\/p>\n<p>Y de muchos m\u00e1s autores que han investigado y escrito sobre la trama de tr\u00e1fico de beb\u00e9s, hoy en d\u00eda reconocido por la ONU como un Crimen de lesa humanidad.<\/p>\n<p>Ahora nos preguntamos \u00bfPOR QU\u00c9 NO SE HA APROBADO UNA LEY PARA RESOLVER LOS CASOS?.<\/p>\n<p>&nbsp;<\/p>\n","protected":false},"excerpt":{"rendered":"<p><strong>ISBN<\/strong>: 978-84-1144-188-9<\/p>\n<p><strong>SINOPSIS<\/strong><\/p>\n<p><strong>\u00bfPOR QU\u00c9 NADIE BUSCA A LOS BEB\u00c9S ROBADOS? <\/strong><\/p>\n<p><strong>Jos\u00e9 Luis Gordillo\u00a0 <\/strong>periodista e investigador nacido en( Bourmujos) en 1970, Sevilla, escribi\u00f3 un art\u00edculo sobre los \u201cbeb\u00e9s\u00a0 robados\u00bb en peri\u00f3dico humano, y el libro \u201cLOS HOMBRES DEL SACO\u00bb . En el cual pone en evidencia a las instituciones p\u00fablicas espa\u00f1olas e internacionales.<\/p>\n<p>\u201cNadie m\u00e1s que sus familiares buscan a estos ni\u00f1os y ni\u00f1as sustra\u00eddos, hoy ya adultos. Ni la justicia, ni el gobierno, ni las comunidades aut\u00f3nomas, ni el defensor del pueblo, ni la Uni\u00f3n Europea, ni la ONU \u2026salvo sus allegados buscan a los beb\u00e9s robados con escasos medios a su alcance.\u201d<\/p>\n<p>Hoy la muerte de Jos\u00e9 Luis Gordillo es un enigma, y nos seguimos preguntando si tuvo que ver con sus investigaciones en la trama por el tr\u00e1fico de \u00a0beb\u00e9s.<\/p>\n<p>Adelante beb\u00e9s robados, con este libro quiere recordar que a d\u00eda de hoy, hay miles y miles de casos sin resolver, y homenajear a todas esas V\u00edctimas que se quedaron en el camino sin poder saber \u00bfD\u00d3NDE EST\u00c1N?.<\/p>\n<p>Dar las gracias a todas esas personas que han apoyado nuestra causa o que con sus investigaciones han dado un poco de claridad en esta dram\u00e1tica historia de la Espa\u00f1a negra o un episodio m\u00e1s de las cloacas del estado.<\/p>\n<p>Como el libro escrito por Mar\u00eda Jos\u00e9 Esteso Pov\u00e9s NI\u00d1OS ROBADOS DE LA REPRESI\u00d3N FRANQUISTA AL NEGOCIO o la instrucci\u00f3n del juez Baltasar Garz\u00f3n en la Audiencia Nacional de 2008 en la investigaci\u00f3n le llev\u00f3 a la conclusi\u00f3n, que durante la postguerra hasta los a\u00f1os 50 desaparecieron m\u00e1s de 30.000 ni\u00f1os y ni\u00f1as fruto de la represi\u00f3n. Esto le llev\u00f3 a que se le inhabilitara como juez y tambi\u00e9n por sus investigaciones por las v\u00edctimas durante el franquismo. La justicia internacional le ha dado la raz\u00f3n y actualmente ha recuperado su estatus como juez.<\/p>\n<p>El libro de investigaci\u00f3n de Enrique J. Vila Torres en su libro HISTORIAS ROBADAS , es un conmovedor relato sobre las adopciones falsas en Espa\u00f1a del siglo XX.<\/p>\n<p>El ensayo del soci\u00f3logo Francisco Gonz\u00e1lez de Tena, que m\u00e1s ha investigado y escrito, sobre los beb\u00e9s robados en Espa\u00f1a\u00a0 y en las Islas Canarias NOS ENCARGAMOS DE TODO. Robo y tr\u00e1fico de ni\u00f1os en Espa\u00f1a.<\/p>\n<p>Y de muchos m\u00e1s autores que han investigado y escrito sobre la trama de tr\u00e1fico de beb\u00e9s, hoy en d\u00eda reconocido por la ONU como un Crimen de lesa humanidad.<\/p>\n<p>Ahora nos preguntamos \u00bfPOR QU\u00c9 NO SE HA APROBADO UNA LEY PARA RESOLVER LOS CASOS?.<\/p>\n<p>&nbsp;<\/p>\n","protected":false},"featured_media":98338,"comment_status":"closed","ping_status":"open","template":"","meta":{"_acf_changed":false},"libro":[],"product_brand":[],"product_cat":[26],"product_tag":[],"class_list":{"0":"post-98337","1":"product","2":"type-product","3":"status-publish","4":"has-post-thumbnail","6":"product_cat-sin-categoria","8":"first","9":"instock","10":"product-type-simple"},"acf":{"autor":[76824],"enlace_de_compra":""},"yoast_head":"<!-- This site is optimized with the Yoast SEO plugin v26.6 - https:\/\/yoast.com\/wordpress\/plugins\/seo\/ -->\n<title>Versos sin cuna - Catalogo | Letrame Grupo Editorial<\/title>\n<meta name=\"robots\" content=\"index, follow, max-snippet:-1, max-image-preview:large, max-video-preview:-1\" \/>\n<link rel=\"canonical\" href=\"https:\/\/letrame.com\/catalogo\/producto\/versos-sin-cuna\/\" \/>\n<meta property=\"og:locale\" content=\"es_ES\" \/>\n<meta property=\"og:type\" content=\"article\" \/>\n<meta property=\"og:title\" content=\"Versos sin cuna - Catalogo | Letrame Grupo Editorial\" \/>\n<meta property=\"og:description\" content=\"ISBN: 978-84-1144-188-9 SINOPSIS \u00bfPOR QU\u00c9 NADIE BUSCA A LOS BEB\u00c9S ROBADOS?  Jos\u00e9 Luis Gordillo\u00a0 periodista e investigador nacido en( Bourmujos) en 1970, Sevilla, escribi\u00f3 un art\u00edculo sobre los \u201cbeb\u00e9s\u00a0 robados&quot; en peri\u00f3dico humano, y el libro \u201cLOS HOMBRES DEL SACO&quot; . En el cual pone en evidencia a las instituciones p\u00fablicas espa\u00f1olas e internacionales. \u201cNadie m\u00e1s que sus familiares buscan a estos ni\u00f1os y ni\u00f1as sustra\u00eddos, hoy ya adultos. Ni la justicia, ni el gobierno, ni las comunidades aut\u00f3nomas, ni el defensor del pueblo, ni la Uni\u00f3n Europea, ni la ONU \u2026salvo sus allegados buscan a los beb\u00e9s robados con escasos medios a su alcance.\u201d Hoy la muerte de Jos\u00e9 Luis Gordillo es un enigma, y nos seguimos preguntando si tuvo que ver con sus investigaciones en la trama por el tr\u00e1fico de \u00a0beb\u00e9s. Adelante beb\u00e9s robados, con este libro quiere recordar que a d\u00eda de hoy, hay miles y miles de casos sin resolver, y homenajear a todas esas V\u00edctimas que se quedaron en el camino sin poder saber \u00bfD\u00d3NDE EST\u00c1N?. Dar las gracias a todas esas personas que han apoyado nuestra causa o que con sus investigaciones han dado un poco de claridad en esta dram\u00e1tica historia de la Espa\u00f1a negra o un episodio m\u00e1s de las cloacas del estado. Como el libro escrito por Mar\u00eda Jos\u00e9 Esteso Pov\u00e9s NI\u00d1OS ROBADOS DE LA REPRESI\u00d3N FRANQUISTA AL NEGOCIO o la instrucci\u00f3n del juez Baltasar Garz\u00f3n en la Audiencia Nacional de 2008 en la investigaci\u00f3n le llev\u00f3 a la conclusi\u00f3n, que durante la postguerra hasta los a\u00f1os 50 desaparecieron m\u00e1s de 30.000 ni\u00f1os y ni\u00f1as fruto de la represi\u00f3n. Esto le llev\u00f3 a que se le inhabilitara como juez y tambi\u00e9n por sus investigaciones por las v\u00edctimas durante el franquismo. La justicia internacional le ha dado la raz\u00f3n y actualmente ha recuperado su estatus como juez. El libro de investigaci\u00f3n de Enrique J. Vila Torres en su libro HISTORIAS ROBADAS , es un conmovedor relato sobre las adopciones falsas en Espa\u00f1a del siglo XX. El ensayo del soci\u00f3logo Francisco Gonz\u00e1lez de Tena, que m\u00e1s ha investigado y escrito, sobre los beb\u00e9s robados en Espa\u00f1a\u00a0 y en las Islas Canarias NOS ENCARGAMOS DE TODO. Robo y tr\u00e1fico de ni\u00f1os en Espa\u00f1a. Y de muchos m\u00e1s autores que han investigado y escrito sobre la trama de tr\u00e1fico de beb\u00e9s, hoy en d\u00eda reconocido por la ONU como un Crimen de lesa humanidad. Ahora nos preguntamos \u00bfPOR QU\u00c9 NO SE HA APROBADO UNA LEY PARA RESOLVER LOS CASOS?. &nbsp;\" \/>\n<meta property=\"og:url\" content=\"https:\/\/letrame.com\/catalogo\/producto\/versos-sin-cuna\/\" \/>\n<meta property=\"og:site_name\" content=\"Catalogo | Letrame Grupo Editorial\" \/>\n<meta property=\"article:modified_time\" content=\"2024-04-29T12:59:46+00:00\" \/>\n<meta property=\"og:image\" content=\"https:\/\/letrame.com\/catalogo\/wp-content\/uploads\/2024\/04\/redportada_versossincuna_538mm-1-compressed.jpg\" \/>\n\t<meta property=\"og:image:width\" content=\"601\" \/>\n\t<meta property=\"og:image:height\" content=\"849\" \/>\n\t<meta property=\"og:image:type\" content=\"image\/jpeg\" \/>\n<meta name=\"twitter:card\" content=\"summary_large_image\" \/>\n<meta name=\"twitter:label1\" content=\"Tiempo de lectura\" \/>\n\t<meta name=\"twitter:data1\" content=\"2 minutos\" \/>\n<script type=\"application\/ld+json\" class=\"yoast-schema-graph\">{\"@context\":\"https:\/\/schema.org\",\"@graph\":[{\"@type\":\"WebPage\",\"@id\":\"https:\/\/letrame.com\/catalogo\/producto\/versos-sin-cuna\/\",\"url\":\"https:\/\/letrame.com\/catalogo\/producto\/versos-sin-cuna\/\",\"name\":\"Versos sin cuna - Catalogo | Letrame Grupo Editorial\",\"isPartOf\":{\"@id\":\"https:\/\/letrame.com\/catalogo\/#website\"},\"primaryImageOfPage\":{\"@id\":\"https:\/\/letrame.com\/catalogo\/producto\/versos-sin-cuna\/#primaryimage\"},\"image\":{\"@id\":\"https:\/\/letrame.com\/catalogo\/producto\/versos-sin-cuna\/#primaryimage\"},\"thumbnailUrl\":\"https:\/\/letrame.com\/catalogo\/wp-content\/uploads\/2024\/04\/redportada_versossincuna_538mm-1-compressed.jpg\",\"datePublished\":\"2024-04-29T12:59:26+00:00\",\"dateModified\":\"2024-04-29T12:59:46+00:00\",\"breadcrumb\":{\"@id\":\"https:\/\/letrame.com\/catalogo\/producto\/versos-sin-cuna\/#breadcrumb\"},\"inLanguage\":\"es\",\"potentialAction\":[{\"@type\":\"ReadAction\",\"target\":[\"https:\/\/letrame.com\/catalogo\/producto\/versos-sin-cuna\/\"]}]},{\"@type\":\"ImageObject\",\"inLanguage\":\"es\",\"@id\":\"https:\/\/letrame.com\/catalogo\/producto\/versos-sin-cuna\/#primaryimage\",\"url\":\"https:\/\/letrame.com\/catalogo\/wp-content\/uploads\/2024\/04\/redportada_versossincuna_538mm-1-compressed.jpg\",\"contentUrl\":\"https:\/\/letrame.com\/catalogo\/wp-content\/uploads\/2024\/04\/redportada_versossincuna_538mm-1-compressed.jpg\",\"width\":601,\"height\":849},{\"@type\":\"BreadcrumbList\",\"@id\":\"https:\/\/letrame.com\/catalogo\/producto\/versos-sin-cuna\/#breadcrumb\",\"itemListElement\":[{\"@type\":\"ListItem\",\"position\":1,\"name\":\"Portada\",\"item\":\"https:\/\/letrame.com\/catalogo\/\"},{\"@type\":\"ListItem\",\"position\":2,\"name\":\"Cat\u00e1logo\",\"item\":\"https:\/\/letrame.com\/catalogo\/\"},{\"@type\":\"ListItem\",\"position\":3,\"name\":\"Versos sin cuna\"}]},{\"@type\":\"WebSite\",\"@id\":\"https:\/\/letrame.com\/catalogo\/#website\",\"url\":\"https:\/\/letrame.com\/catalogo\/\",\"name\":\"Catalogo | Letrame Grupo Editorial\",\"description\":\"\",\"publisher\":{\"@id\":\"https:\/\/letrame.com\/catalogo\/#organization\"},\"potentialAction\":[{\"@type\":\"SearchAction\",\"target\":{\"@type\":\"EntryPoint\",\"urlTemplate\":\"https:\/\/letrame.com\/catalogo\/?s={search_term_string}\"},\"query-input\":{\"@type\":\"PropertyValueSpecification\",\"valueRequired\":true,\"valueName\":\"search_term_string\"}}],\"inLanguage\":\"es\"},{\"@type\":\"Organization\",\"@id\":\"https:\/\/letrame.com\/catalogo\/#organization\",\"name\":\"Catalogo | Letrame Grupo Editorial\",\"url\":\"https:\/\/letrame.com\/catalogo\/\",\"logo\":{\"@type\":\"ImageObject\",\"inLanguage\":\"es\",\"@id\":\"https:\/\/letrame.com\/catalogo\/#\/schema\/logo\/image\/\",\"url\":\"https:\/\/letrame.com\/catalogo\/wp-content\/uploads\/2024\/03\/logo2.webp\",\"contentUrl\":\"https:\/\/letrame.com\/catalogo\/wp-content\/uploads\/2024\/03\/logo2.webp\",\"width\":394,\"height\":128,\"caption\":\"Catalogo | Letrame Grupo Editorial\"},\"image\":{\"@id\":\"https:\/\/letrame.com\/catalogo\/#\/schema\/logo\/image\/\"}}]}<\/script>\n<!-- \/ Yoast SEO plugin. -->","yoast_head_json":{"title":"Versos sin cuna - Catalogo | Letrame Grupo Editorial","robots":{"index":"index","follow":"follow","max-snippet":"max-snippet:-1","max-image-preview":"max-image-preview:large","max-video-preview":"max-video-preview:-1"},"canonical":"https:\/\/letrame.com\/catalogo\/producto\/versos-sin-cuna\/","og_locale":"es_ES","og_type":"article","og_title":"Versos sin cuna - Catalogo | Letrame Grupo Editorial","og_description":"ISBN: 978-84-1144-188-9 SINOPSIS \u00bfPOR QU\u00c9 NADIE BUSCA A LOS BEB\u00c9S ROBADOS?  Jos\u00e9 Luis Gordillo\u00a0 periodista e investigador nacido en( Bourmujos) en 1970, Sevilla, escribi\u00f3 un art\u00edculo sobre los \u201cbeb\u00e9s\u00a0 robados\" en peri\u00f3dico humano, y el libro \u201cLOS HOMBRES DEL SACO\" . En el cual pone en evidencia a las instituciones p\u00fablicas espa\u00f1olas e internacionales. \u201cNadie m\u00e1s que sus familiares buscan a estos ni\u00f1os y ni\u00f1as sustra\u00eddos, hoy ya adultos. Ni la justicia, ni el gobierno, ni las comunidades aut\u00f3nomas, ni el defensor del pueblo, ni la Uni\u00f3n Europea, ni la ONU \u2026salvo sus allegados buscan a los beb\u00e9s robados con escasos medios a su alcance.\u201d Hoy la muerte de Jos\u00e9 Luis Gordillo es un enigma, y nos seguimos preguntando si tuvo que ver con sus investigaciones en la trama por el tr\u00e1fico de \u00a0beb\u00e9s. Adelante beb\u00e9s robados, con este libro quiere recordar que a d\u00eda de hoy, hay miles y miles de casos sin resolver, y homenajear a todas esas V\u00edctimas que se quedaron en el camino sin poder saber \u00bfD\u00d3NDE EST\u00c1N?. Dar las gracias a todas esas personas que han apoyado nuestra causa o que con sus investigaciones han dado un poco de claridad en esta dram\u00e1tica historia de la Espa\u00f1a negra o un episodio m\u00e1s de las cloacas del estado. Como el libro escrito por Mar\u00eda Jos\u00e9 Esteso Pov\u00e9s NI\u00d1OS ROBADOS DE LA REPRESI\u00d3N FRANQUISTA AL NEGOCIO o la instrucci\u00f3n del juez Baltasar Garz\u00f3n en la Audiencia Nacional de 2008 en la investigaci\u00f3n le llev\u00f3 a la conclusi\u00f3n, que durante la postguerra hasta los a\u00f1os 50 desaparecieron m\u00e1s de 30.000 ni\u00f1os y ni\u00f1as fruto de la represi\u00f3n. Esto le llev\u00f3 a que se le inhabilitara como juez y tambi\u00e9n por sus investigaciones por las v\u00edctimas durante el franquismo. La justicia internacional le ha dado la raz\u00f3n y actualmente ha recuperado su estatus como juez. El libro de investigaci\u00f3n de Enrique J. Vila Torres en su libro HISTORIAS ROBADAS , es un conmovedor relato sobre las adopciones falsas en Espa\u00f1a del siglo XX. El ensayo del soci\u00f3logo Francisco Gonz\u00e1lez de Tena, que m\u00e1s ha investigado y escrito, sobre los beb\u00e9s robados en Espa\u00f1a\u00a0 y en las Islas Canarias NOS ENCARGAMOS DE TODO. Robo y tr\u00e1fico de ni\u00f1os en Espa\u00f1a. Y de muchos m\u00e1s autores que han investigado y escrito sobre la trama de tr\u00e1fico de beb\u00e9s, hoy en d\u00eda reconocido por la ONU como un Crimen de lesa humanidad. Ahora nos preguntamos \u00bfPOR QU\u00c9 NO SE HA APROBADO UNA LEY PARA RESOLVER LOS CASOS?. &nbsp;","og_url":"https:\/\/letrame.com\/catalogo\/producto\/versos-sin-cuna\/","og_site_name":"Catalogo | Letrame Grupo Editorial","article_modified_time":"2024-04-29T12:59:46+00:00","og_image":[{"width":601,"height":849,"url":"https:\/\/letrame.com\/catalogo\/wp-content\/uploads\/2024\/04\/redportada_versossincuna_538mm-1-compressed.jpg","type":"image\/jpeg"}],"twitter_card":"summary_large_image","twitter_misc":{"Tiempo de lectura":"2 minutos"},"schema":{"@context":"https:\/\/schema.org","@graph":[{"@type":"WebPage","@id":"https:\/\/letrame.com\/catalogo\/producto\/versos-sin-cuna\/","url":"https:\/\/letrame.com\/catalogo\/producto\/versos-sin-cuna\/","name":"Versos sin cuna - Catalogo | Letrame Grupo Editorial","isPartOf":{"@id":"https:\/\/letrame.com\/catalogo\/#website"},"primaryImageOfPage":{"@id":"https:\/\/letrame.com\/catalogo\/producto\/versos-sin-cuna\/#primaryimage"},"image":{"@id":"https:\/\/letrame.com\/catalogo\/producto\/versos-sin-cuna\/#primaryimage"},"thumbnailUrl":"https:\/\/letrame.com\/catalogo\/wp-content\/uploads\/2024\/04\/redportada_versossincuna_538mm-1-compressed.jpg","datePublished":"2024-04-29T12:59:26+00:00","dateModified":"2024-04-29T12:59:46+00:00","breadcrumb":{"@id":"https:\/\/letrame.com\/catalogo\/producto\/versos-sin-cuna\/#breadcrumb"},"inLanguage":"es","potentialAction":[{"@type":"ReadAction","target":["https:\/\/letrame.com\/catalogo\/producto\/versos-sin-cuna\/"]}]},{"@type":"ImageObject","inLanguage":"es","@id":"https:\/\/letrame.com\/catalogo\/producto\/versos-sin-cuna\/#primaryimage","url":"https:\/\/letrame.com\/catalogo\/wp-content\/uploads\/2024\/04\/redportada_versossincuna_538mm-1-compressed.jpg","contentUrl":"https:\/\/letrame.com\/catalogo\/wp-content\/uploads\/2024\/04\/redportada_versossincuna_538mm-1-compressed.jpg","width":601,"height":849},{"@type":"BreadcrumbList","@id":"https:\/\/letrame.com\/catalogo\/producto\/versos-sin-cuna\/#breadcrumb","itemListElement":[{"@type":"ListItem","position":1,"name":"Portada","item":"https:\/\/letrame.com\/catalogo\/"},{"@type":"ListItem","position":2,"name":"Cat\u00e1logo","item":"https:\/\/letrame.com\/catalogo\/"},{"@type":"ListItem","position":3,"name":"Versos sin cuna"}]},{"@type":"WebSite","@id":"https:\/\/letrame.com\/catalogo\/#website","url":"https:\/\/letrame.com\/catalogo\/","name":"Catalogo | Letrame Grupo Editorial","description":"","publisher":{"@id":"https:\/\/letrame.com\/catalogo\/#organization"},"potentialAction":[{"@type":"SearchAction","target":{"@type":"EntryPoint","urlTemplate":"https:\/\/letrame.com\/catalogo\/?s={search_term_string}"},"query-input":{"@type":"PropertyValueSpecification","valueRequired":true,"valueName":"search_term_string"}}],"inLanguage":"es"},{"@type":"Organization","@id":"https:\/\/letrame.com\/catalogo\/#organization","name":"Catalogo | Letrame Grupo Editorial","url":"https:\/\/letrame.com\/catalogo\/","logo":{"@type":"ImageObject","inLanguage":"es","@id":"https:\/\/letrame.com\/catalogo\/#\/schema\/logo\/image\/","url":"https:\/\/letrame.com\/catalogo\/wp-content\/uploads\/2024\/03\/logo2.webp","contentUrl":"https:\/\/letrame.com\/catalogo\/wp-content\/uploads\/2024\/03\/logo2.webp","width":394,"height":128,"caption":"Catalogo | Letrame Grupo Editorial"},"image":{"@id":"https:\/\/letrame.com\/catalogo\/#\/schema\/logo\/image\/"}}]}},"_links":{"self":[{"href":"https:\/\/letrame.com\/catalogo\/wp-json\/wp\/v2\/product\/98337","targetHints":{"allow":["GET"]}}],"collection":[{"href":"https:\/\/letrame.com\/catalogo\/wp-json\/wp\/v2\/product"}],"about":[{"href":"https:\/\/letrame.com\/catalogo\/wp-json\/wp\/v2\/types\/product"}],"replies":[{"embeddable":true,"href":"https:\/\/letrame.com\/catalogo\/wp-json\/wp\/v2\/comments?post=98337"}],"acf:post":[{"embeddable":true,"href":"https:\/\/letrame.com\/catalogo\/wp-json\/wp\/v2\/author_book\/76824"}],"wp:featuredmedia":[{"embeddable":true,"href":"https:\/\/letrame.com\/catalogo\/wp-json\/wp\/v2\/media\/98338"}],"wp:attachment":[{"href":"https:\/\/letrame.com\/catalogo\/wp-json\/wp\/v2\/media?parent=98337"}],"wp:term":[{"taxonomy":"libro","embeddable":true,"href":"https:\/\/letrame.com\/catalogo\/wp-json\/wp\/v2\/libro?post=98337"},{"taxonomy":"product_brand","embeddable":true,"href":"https:\/\/letrame.com\/catalogo\/wp-json\/wp\/v2\/product_brand?post=98337"},{"taxonomy":"product_cat","embeddable":true,"href":"https:\/\/letrame.com\/catalogo\/wp-json\/wp\/v2\/product_cat?post=98337"},{"taxonomy":"product_tag","embeddable":true,"href":"https:\/\/letrame.com\/catalogo\/wp-json\/wp\/v2\/product_tag?post=98337"}],"curies":[{"name":"wp","href":"https:\/\/api.w.org\/{rel}","templated":true}]}}