{"id":98334,"date":"2024-04-29T14:59:26","date_gmt":"2024-04-29T12:59:26","guid":{"rendered":"https:\/\/letrame.com\/catalogo\/producto\/escuela-cubana-de-los-100-y-110-metros-con-vallas-metodologia-de-los-exitos-universales\/"},"modified":"2024-04-29T14:59:26","modified_gmt":"2024-04-29T12:59:26","slug":"escuela-cubana-de-los-100-y-110-metros-con-vallas-metodologia-de-los-exitos-universales","status":"publish","type":"product","link":"https:\/\/letrame.com\/catalogo\/producto\/escuela-cubana-de-los-100-y-110-metros-con-vallas-metodologia-de-los-exitos-universales\/","title":{"rendered":"Escuela cubana de los 100 y 110 metros con vallas. Metodolog\u00eda de los \u00e9xitos universales"},"content":{"rendered":"<p><strong>ISBN<\/strong>: 978-84-1114-672-2<\/p>\n<p><strong>T\u00edtulo<\/strong>: Escuela cubana de los 100<br \/>\n<strong>Fecha<\/strong>: 2022<br \/>\n<strong>P\u00e1ginas<\/strong>: 260<\/p>\n<p><strong>SINOPSIS<\/strong><\/p>\n<p><strong>\u00a0<\/strong>Este es el primer y \u00fanico libro sobre el atletismo cubano que revela la sustentaci\u00f3n te\u00f3rico-metodol\u00f3gica de la formaci\u00f3n de los atletas que alcanzan la \u00e9lite mundial, exponiendo el enfoque a mediano y largo plazo, y los pilares de la preparaci\u00f3n de perfeccionamiento atl\u00e9tico para el \u00e9xito en la alta competencia.<\/p>\n<p>Se presenta el modelo y los conceptos del entrenamiento que desde la d\u00e9cada de los a\u00f1os 70 cuando el cubano Alejandro Casa\u00f1as rompi\u00f3 la hegemon\u00eda de los vallistas estadounidenses en Juegos Deportivos Panamericanos fueron perfeccion\u00e1ndose para consolidar por d\u00e9cadas los \u00e9xitos de los vallistas cubanos, sumando m\u00e1s de 25 t\u00edtulos y medallas en campeonatos mundiales juveniles, absolutos y Juegos Ol\u00edmpicos, adem\u00e1s de recordistas universales.<\/p>\n<p>Se detallan premisas te\u00f3rico-metodol\u00f3gicas del proceso de preparaci\u00f3n a largo plazo, indicadores de la selecci\u00f3n y clasificaci\u00f3n de los talentos, par\u00e1metros de rendimientos t\u00e9cnicos en las carreras con vallas y la preparaci\u00f3n para la alta competencia para optimizar los rendimientos en los eventos fundamentales del ciclo ol\u00edmpico.<\/p>\n<p>Mundialmente respetada, la Escuela cubana de los 100 y 110 metros con vallas ha avivado gran admiraci\u00f3n de los entendidos del atletismo en el planeta; recordemos lo expresado por el recordista mundial de los 110 metros con vallas, el estadounidense Aries Merritt, 12,80 segundos, en 2012: \u00absiento inmenso respeto por la escuela cubana de vallas\u00bb (a\u00f1o 2013).<\/p>\n","protected":false},"excerpt":{"rendered":"<p><strong>ISBN<\/strong>: 978-84-1114-672-2<\/p>\n<p><strong>SINOPSIS<\/strong><\/p>\n<p><strong>\u00a0<\/strong>Este es el primer y \u00fanico libro sobre el atletismo cubano que revela la sustentaci\u00f3n te\u00f3rico-metodol\u00f3gica de la formaci\u00f3n de los atletas que alcanzan la \u00e9lite mundial, exponiendo el enfoque a mediano y largo plazo, y los pilares de la preparaci\u00f3n de perfeccionamiento atl\u00e9tico para el \u00e9xito en la alta competencia.<\/p>\n<p>Se presenta el modelo y los conceptos del entrenamiento que desde la d\u00e9cada de los a\u00f1os 70 cuando el cubano Alejandro Casa\u00f1as rompi\u00f3 la hegemon\u00eda de los vallistas estadounidenses en Juegos Deportivos Panamericanos fueron perfeccion\u00e1ndose para consolidar por d\u00e9cadas los \u00e9xitos de los vallistas cubanos, sumando m\u00e1s de 25 t\u00edtulos y medallas en campeonatos mundiales juveniles, absolutos y Juegos Ol\u00edmpicos, adem\u00e1s de recordistas universales.<\/p>\n<p>Se detallan premisas te\u00f3rico-metodol\u00f3gicas del proceso de preparaci\u00f3n a largo plazo, indicadores de la selecci\u00f3n y clasificaci\u00f3n de los talentos, par\u00e1metros de rendimientos t\u00e9cnicos en las carreras con vallas y la preparaci\u00f3n para la alta competencia para optimizar los rendimientos en los eventos fundamentales del ciclo ol\u00edmpico.<\/p>\n<p>Mundialmente respetada, la Escuela cubana de los 100 y 110 metros con vallas ha avivado gran admiraci\u00f3n de los entendidos del atletismo en el planeta; recordemos lo expresado por el recordista mundial de los 110 metros con vallas, el estadounidense Aries Merritt, 12,80 segundos, en 2012: \u00absiento inmenso respeto por la escuela cubana de vallas\u00bb (a\u00f1o 2013).<\/p>\n","protected":false},"featured_media":98335,"comment_status":"closed","ping_status":"open","template":"","meta":{"_acf_changed":false},"libro":[],"product_brand":[],"product_cat":[26],"product_tag":[],"class_list":{"0":"post-98334","1":"product","2":"type-product","3":"status-publish","4":"has-post-thumbnail","6":"product_cat-sin-categoria","8":"first","9":"instock","10":"product-type-simple"},"acf":{"autor":[76820],"enlace_de_compra":""},"yoast_head":"<!-- This site is optimized with the Yoast SEO plugin v27.4 - https:\/\/yoast.com\/product\/yoast-seo-wordpress\/ -->\n<title>Escuela cubana de los 100 y 110 metros con vallas. Metodolog\u00eda de los \u00e9xitos universales - Catalogo | Letrame Grupo Editorial<\/title>\n<meta name=\"robots\" content=\"index, follow, max-snippet:-1, max-image-preview:large, max-video-preview:-1\" \/>\n<link rel=\"canonical\" href=\"https:\/\/letrame.com\/catalogo\/producto\/escuela-cubana-de-los-100-y-110-metros-con-vallas-metodologia-de-los-exitos-universales\/\" \/>\n<meta property=\"og:locale\" content=\"es_ES\" \/>\n<meta property=\"og:type\" content=\"article\" \/>\n<meta property=\"og:title\" content=\"Escuela cubana de los 100 y 110 metros con vallas. Metodolog\u00eda de los \u00e9xitos universales - Catalogo | Letrame Grupo Editorial\" \/>\n<meta property=\"og:description\" content=\"ISBN: 978-84-1114-672-2 SINOPSIS \u00a0Este es el primer y \u00fanico libro sobre el atletismo cubano que revela la sustentaci\u00f3n te\u00f3rico-metodol\u00f3gica de la formaci\u00f3n de los atletas que alcanzan la \u00e9lite mundial, exponiendo el enfoque a mediano y largo plazo, y los pilares de la preparaci\u00f3n de perfeccionamiento atl\u00e9tico para el \u00e9xito en la alta competencia. Se presenta el modelo y los conceptos del entrenamiento que desde la d\u00e9cada de los a\u00f1os 70 cuando el cubano Alejandro Casa\u00f1as rompi\u00f3 la hegemon\u00eda de los vallistas estadounidenses en Juegos Deportivos Panamericanos fueron perfeccion\u00e1ndose para consolidar por d\u00e9cadas los \u00e9xitos de los vallistas cubanos, sumando m\u00e1s de 25 t\u00edtulos y medallas en campeonatos mundiales juveniles, absolutos y Juegos Ol\u00edmpicos, adem\u00e1s de recordistas universales. Se detallan premisas te\u00f3rico-metodol\u00f3gicas del proceso de preparaci\u00f3n a largo plazo, indicadores de la selecci\u00f3n y clasificaci\u00f3n de los talentos, par\u00e1metros de rendimientos t\u00e9cnicos en las carreras con vallas y la preparaci\u00f3n para la alta competencia para optimizar los rendimientos en los eventos fundamentales del ciclo ol\u00edmpico. Mundialmente respetada, la Escuela cubana de los 100 y 110 metros con vallas ha avivado gran admiraci\u00f3n de los entendidos del atletismo en el planeta; recordemos lo expresado por el recordista mundial de los 110 metros con vallas, el estadounidense Aries Merritt, 12,80 segundos, en 2012: \u00absiento inmenso respeto por la escuela cubana de vallas\u00bb (a\u00f1o 2013).\" \/>\n<meta property=\"og:url\" content=\"https:\/\/letrame.com\/catalogo\/producto\/escuela-cubana-de-los-100-y-110-metros-con-vallas-metodologia-de-los-exitos-universales\/\" \/>\n<meta property=\"og:site_name\" content=\"Catalogo | Letrame Grupo Editorial\" \/>\n<meta property=\"og:image\" content=\"https:\/\/letrame.com\/catalogo\/wp-content\/uploads\/2024\/04\/redportada_escuelacubana_144mm-2-compressed.jpg\" \/>\n\t<meta property=\"og:image:width\" content=\"601\" \/>\n\t<meta property=\"og:image:height\" content=\"849\" \/>\n\t<meta property=\"og:image:type\" content=\"image\/jpeg\" \/>\n<meta name=\"twitter:card\" content=\"summary_large_image\" \/>\n<meta name=\"twitter:label1\" content=\"Tiempo de lectura\" \/>\n\t<meta name=\"twitter:data1\" content=\"1 minuto\" \/>\n<script type=\"application\/ld+json\" class=\"yoast-schema-graph\">{\"@context\":\"https:\\\/\\\/schema.org\",\"@graph\":[{\"@type\":\"WebPage\",\"@id\":\"https:\\\/\\\/letrame.com\\\/catalogo\\\/producto\\\/escuela-cubana-de-los-100-y-110-metros-con-vallas-metodologia-de-los-exitos-universales\\\/\",\"url\":\"https:\\\/\\\/letrame.com\\\/catalogo\\\/producto\\\/escuela-cubana-de-los-100-y-110-metros-con-vallas-metodologia-de-los-exitos-universales\\\/\",\"name\":\"Escuela cubana de los 100 y 110 metros con vallas. Metodolog\u00eda de los \u00e9xitos universales - Catalogo | Letrame Grupo Editorial\",\"isPartOf\":{\"@id\":\"https:\\\/\\\/letrame.com\\\/catalogo\\\/#website\"},\"primaryImageOfPage\":{\"@id\":\"https:\\\/\\\/letrame.com\\\/catalogo\\\/producto\\\/escuela-cubana-de-los-100-y-110-metros-con-vallas-metodologia-de-los-exitos-universales\\\/#primaryimage\"},\"image\":{\"@id\":\"https:\\\/\\\/letrame.com\\\/catalogo\\\/producto\\\/escuela-cubana-de-los-100-y-110-metros-con-vallas-metodologia-de-los-exitos-universales\\\/#primaryimage\"},\"thumbnailUrl\":\"https:\\\/\\\/letrame.com\\\/catalogo\\\/wp-content\\\/uploads\\\/2024\\\/04\\\/redportada_escuelacubana_144mm-2-compressed.jpg\",\"datePublished\":\"2024-04-29T12:59:26+00:00\",\"breadcrumb\":{\"@id\":\"https:\\\/\\\/letrame.com\\\/catalogo\\\/producto\\\/escuela-cubana-de-los-100-y-110-metros-con-vallas-metodologia-de-los-exitos-universales\\\/#breadcrumb\"},\"inLanguage\":\"es\",\"potentialAction\":[{\"@type\":\"ReadAction\",\"target\":[\"https:\\\/\\\/letrame.com\\\/catalogo\\\/producto\\\/escuela-cubana-de-los-100-y-110-metros-con-vallas-metodologia-de-los-exitos-universales\\\/\"]}]},{\"@type\":\"ImageObject\",\"inLanguage\":\"es\",\"@id\":\"https:\\\/\\\/letrame.com\\\/catalogo\\\/producto\\\/escuela-cubana-de-los-100-y-110-metros-con-vallas-metodologia-de-los-exitos-universales\\\/#primaryimage\",\"url\":\"https:\\\/\\\/letrame.com\\\/catalogo\\\/wp-content\\\/uploads\\\/2024\\\/04\\\/redportada_escuelacubana_144mm-2-compressed.jpg\",\"contentUrl\":\"https:\\\/\\\/letrame.com\\\/catalogo\\\/wp-content\\\/uploads\\\/2024\\\/04\\\/redportada_escuelacubana_144mm-2-compressed.jpg\",\"width\":601,\"height\":849},{\"@type\":\"BreadcrumbList\",\"@id\":\"https:\\\/\\\/letrame.com\\\/catalogo\\\/producto\\\/escuela-cubana-de-los-100-y-110-metros-con-vallas-metodologia-de-los-exitos-universales\\\/#breadcrumb\",\"itemListElement\":[{\"@type\":\"ListItem\",\"position\":1,\"name\":\"Portada\",\"item\":\"https:\\\/\\\/letrame.com\\\/catalogo\\\/\"},{\"@type\":\"ListItem\",\"position\":2,\"name\":\"Cat\u00e1logo\",\"item\":\"https:\\\/\\\/letrame.com\\\/catalogo\\\/\"},{\"@type\":\"ListItem\",\"position\":3,\"name\":\"Escuela cubana de los 100 y 110 metros con vallas. Metodolog\u00eda de los \u00e9xitos universales\"}]},{\"@type\":\"WebSite\",\"@id\":\"https:\\\/\\\/letrame.com\\\/catalogo\\\/#website\",\"url\":\"https:\\\/\\\/letrame.com\\\/catalogo\\\/\",\"name\":\"Catalogo | Letrame Grupo Editorial\",\"description\":\"\",\"publisher\":{\"@id\":\"https:\\\/\\\/letrame.com\\\/catalogo\\\/#organization\"},\"potentialAction\":[{\"@type\":\"SearchAction\",\"target\":{\"@type\":\"EntryPoint\",\"urlTemplate\":\"https:\\\/\\\/letrame.com\\\/catalogo\\\/?s={search_term_string}\"},\"query-input\":{\"@type\":\"PropertyValueSpecification\",\"valueRequired\":true,\"valueName\":\"search_term_string\"}}],\"inLanguage\":\"es\"},{\"@type\":\"Organization\",\"@id\":\"https:\\\/\\\/letrame.com\\\/catalogo\\\/#organization\",\"name\":\"Catalogo | Letrame Grupo Editorial\",\"url\":\"https:\\\/\\\/letrame.com\\\/catalogo\\\/\",\"logo\":{\"@type\":\"ImageObject\",\"inLanguage\":\"es\",\"@id\":\"https:\\\/\\\/letrame.com\\\/catalogo\\\/#\\\/schema\\\/logo\\\/image\\\/\",\"url\":\"https:\\\/\\\/letrame.com\\\/catalogo\\\/wp-content\\\/uploads\\\/2024\\\/03\\\/logo2.webp\",\"contentUrl\":\"https:\\\/\\\/letrame.com\\\/catalogo\\\/wp-content\\\/uploads\\\/2024\\\/03\\\/logo2.webp\",\"width\":394,\"height\":128,\"caption\":\"Catalogo | Letrame Grupo Editorial\"},\"image\":{\"@id\":\"https:\\\/\\\/letrame.com\\\/catalogo\\\/#\\\/schema\\\/logo\\\/image\\\/\"}}]}<\/script>\n<!-- \/ Yoast SEO plugin. -->","yoast_head_json":{"title":"Escuela cubana de los 100 y 110 metros con vallas. Metodolog\u00eda de los \u00e9xitos universales - Catalogo | Letrame Grupo Editorial","robots":{"index":"index","follow":"follow","max-snippet":"max-snippet:-1","max-image-preview":"max-image-preview:large","max-video-preview":"max-video-preview:-1"},"canonical":"https:\/\/letrame.com\/catalogo\/producto\/escuela-cubana-de-los-100-y-110-metros-con-vallas-metodologia-de-los-exitos-universales\/","og_locale":"es_ES","og_type":"article","og_title":"Escuela cubana de los 100 y 110 metros con vallas. Metodolog\u00eda de los \u00e9xitos universales - Catalogo | Letrame Grupo Editorial","og_description":"ISBN: 978-84-1114-672-2 SINOPSIS \u00a0Este es el primer y \u00fanico libro sobre el atletismo cubano que revela la sustentaci\u00f3n te\u00f3rico-metodol\u00f3gica de la formaci\u00f3n de los atletas que alcanzan la \u00e9lite mundial, exponiendo el enfoque a mediano y largo plazo, y los pilares de la preparaci\u00f3n de perfeccionamiento atl\u00e9tico para el \u00e9xito en la alta competencia. Se presenta el modelo y los conceptos del entrenamiento que desde la d\u00e9cada de los a\u00f1os 70 cuando el cubano Alejandro Casa\u00f1as rompi\u00f3 la hegemon\u00eda de los vallistas estadounidenses en Juegos Deportivos Panamericanos fueron perfeccion\u00e1ndose para consolidar por d\u00e9cadas los \u00e9xitos de los vallistas cubanos, sumando m\u00e1s de 25 t\u00edtulos y medallas en campeonatos mundiales juveniles, absolutos y Juegos Ol\u00edmpicos, adem\u00e1s de recordistas universales. Se detallan premisas te\u00f3rico-metodol\u00f3gicas del proceso de preparaci\u00f3n a largo plazo, indicadores de la selecci\u00f3n y clasificaci\u00f3n de los talentos, par\u00e1metros de rendimientos t\u00e9cnicos en las carreras con vallas y la preparaci\u00f3n para la alta competencia para optimizar los rendimientos en los eventos fundamentales del ciclo ol\u00edmpico. Mundialmente respetada, la Escuela cubana de los 100 y 110 metros con vallas ha avivado gran admiraci\u00f3n de los entendidos del atletismo en el planeta; recordemos lo expresado por el recordista mundial de los 110 metros con vallas, el estadounidense Aries Merritt, 12,80 segundos, en 2012: \u00absiento inmenso respeto por la escuela cubana de vallas\u00bb (a\u00f1o 2013).","og_url":"https:\/\/letrame.com\/catalogo\/producto\/escuela-cubana-de-los-100-y-110-metros-con-vallas-metodologia-de-los-exitos-universales\/","og_site_name":"Catalogo | Letrame Grupo Editorial","og_image":[{"width":601,"height":849,"url":"https:\/\/letrame.com\/catalogo\/wp-content\/uploads\/2024\/04\/redportada_escuelacubana_144mm-2-compressed.jpg","type":"image\/jpeg"}],"twitter_card":"summary_large_image","twitter_misc":{"Tiempo de lectura":"1 minuto"},"schema":{"@context":"https:\/\/schema.org","@graph":[{"@type":"WebPage","@id":"https:\/\/letrame.com\/catalogo\/producto\/escuela-cubana-de-los-100-y-110-metros-con-vallas-metodologia-de-los-exitos-universales\/","url":"https:\/\/letrame.com\/catalogo\/producto\/escuela-cubana-de-los-100-y-110-metros-con-vallas-metodologia-de-los-exitos-universales\/","name":"Escuela cubana de los 100 y 110 metros con vallas. Metodolog\u00eda de los \u00e9xitos universales - Catalogo | Letrame Grupo Editorial","isPartOf":{"@id":"https:\/\/letrame.com\/catalogo\/#website"},"primaryImageOfPage":{"@id":"https:\/\/letrame.com\/catalogo\/producto\/escuela-cubana-de-los-100-y-110-metros-con-vallas-metodologia-de-los-exitos-universales\/#primaryimage"},"image":{"@id":"https:\/\/letrame.com\/catalogo\/producto\/escuela-cubana-de-los-100-y-110-metros-con-vallas-metodologia-de-los-exitos-universales\/#primaryimage"},"thumbnailUrl":"https:\/\/letrame.com\/catalogo\/wp-content\/uploads\/2024\/04\/redportada_escuelacubana_144mm-2-compressed.jpg","datePublished":"2024-04-29T12:59:26+00:00","breadcrumb":{"@id":"https:\/\/letrame.com\/catalogo\/producto\/escuela-cubana-de-los-100-y-110-metros-con-vallas-metodologia-de-los-exitos-universales\/#breadcrumb"},"inLanguage":"es","potentialAction":[{"@type":"ReadAction","target":["https:\/\/letrame.com\/catalogo\/producto\/escuela-cubana-de-los-100-y-110-metros-con-vallas-metodologia-de-los-exitos-universales\/"]}]},{"@type":"ImageObject","inLanguage":"es","@id":"https:\/\/letrame.com\/catalogo\/producto\/escuela-cubana-de-los-100-y-110-metros-con-vallas-metodologia-de-los-exitos-universales\/#primaryimage","url":"https:\/\/letrame.com\/catalogo\/wp-content\/uploads\/2024\/04\/redportada_escuelacubana_144mm-2-compressed.jpg","contentUrl":"https:\/\/letrame.com\/catalogo\/wp-content\/uploads\/2024\/04\/redportada_escuelacubana_144mm-2-compressed.jpg","width":601,"height":849},{"@type":"BreadcrumbList","@id":"https:\/\/letrame.com\/catalogo\/producto\/escuela-cubana-de-los-100-y-110-metros-con-vallas-metodologia-de-los-exitos-universales\/#breadcrumb","itemListElement":[{"@type":"ListItem","position":1,"name":"Portada","item":"https:\/\/letrame.com\/catalogo\/"},{"@type":"ListItem","position":2,"name":"Cat\u00e1logo","item":"https:\/\/letrame.com\/catalogo\/"},{"@type":"ListItem","position":3,"name":"Escuela cubana de los 100 y 110 metros con vallas. Metodolog\u00eda de los \u00e9xitos universales"}]},{"@type":"WebSite","@id":"https:\/\/letrame.com\/catalogo\/#website","url":"https:\/\/letrame.com\/catalogo\/","name":"Catalogo | Letrame Grupo Editorial","description":"","publisher":{"@id":"https:\/\/letrame.com\/catalogo\/#organization"},"potentialAction":[{"@type":"SearchAction","target":{"@type":"EntryPoint","urlTemplate":"https:\/\/letrame.com\/catalogo\/?s={search_term_string}"},"query-input":{"@type":"PropertyValueSpecification","valueRequired":true,"valueName":"search_term_string"}}],"inLanguage":"es"},{"@type":"Organization","@id":"https:\/\/letrame.com\/catalogo\/#organization","name":"Catalogo | Letrame Grupo Editorial","url":"https:\/\/letrame.com\/catalogo\/","logo":{"@type":"ImageObject","inLanguage":"es","@id":"https:\/\/letrame.com\/catalogo\/#\/schema\/logo\/image\/","url":"https:\/\/letrame.com\/catalogo\/wp-content\/uploads\/2024\/03\/logo2.webp","contentUrl":"https:\/\/letrame.com\/catalogo\/wp-content\/uploads\/2024\/03\/logo2.webp","width":394,"height":128,"caption":"Catalogo | Letrame Grupo Editorial"},"image":{"@id":"https:\/\/letrame.com\/catalogo\/#\/schema\/logo\/image\/"}}]}},"_links":{"self":[{"href":"https:\/\/letrame.com\/catalogo\/wp-json\/wp\/v2\/product\/98334","targetHints":{"allow":["GET"]}}],"collection":[{"href":"https:\/\/letrame.com\/catalogo\/wp-json\/wp\/v2\/product"}],"about":[{"href":"https:\/\/letrame.com\/catalogo\/wp-json\/wp\/v2\/types\/product"}],"replies":[{"embeddable":true,"href":"https:\/\/letrame.com\/catalogo\/wp-json\/wp\/v2\/comments?post=98334"}],"acf:post":[{"embeddable":true,"href":"https:\/\/letrame.com\/catalogo\/wp-json\/wp\/v2\/author_book\/76820"}],"wp:featuredmedia":[{"embeddable":true,"href":"https:\/\/letrame.com\/catalogo\/wp-json\/wp\/v2\/media\/98335"}],"wp:attachment":[{"href":"https:\/\/letrame.com\/catalogo\/wp-json\/wp\/v2\/media?parent=98334"}],"wp:term":[{"taxonomy":"libro","embeddable":true,"href":"https:\/\/letrame.com\/catalogo\/wp-json\/wp\/v2\/libro?post=98334"},{"taxonomy":"product_brand","embeddable":true,"href":"https:\/\/letrame.com\/catalogo\/wp-json\/wp\/v2\/product_brand?post=98334"},{"taxonomy":"product_cat","embeddable":true,"href":"https:\/\/letrame.com\/catalogo\/wp-json\/wp\/v2\/product_cat?post=98334"},{"taxonomy":"product_tag","embeddable":true,"href":"https:\/\/letrame.com\/catalogo\/wp-json\/wp\/v2\/product_tag?post=98334"}],"curies":[{"name":"wp","href":"https:\/\/api.w.org\/{rel}","templated":true}]}}