{"id":98328,"date":"2024-04-29T14:59:16","date_gmt":"2024-04-29T12:59:16","guid":{"rendered":"https:\/\/letrame.com\/catalogo\/producto\/no-me-bastan-dos-ojos\/"},"modified":"2024-04-29T14:59:16","modified_gmt":"2024-04-29T12:59:16","slug":"no-me-bastan-dos-ojos","status":"publish","type":"product","link":"https:\/\/letrame.com\/catalogo\/producto\/no-me-bastan-dos-ojos\/","title":{"rendered":"No me bastan dos ojos"},"content":{"rendered":"<p><strong>ISBN<\/strong>: 978-84-1144-492-7<\/p>\n<p><strong>T\u00edtulo<\/strong>: No me bastan dos ojos<br \/>\n<strong>Fecha<\/strong>: 2022<br \/>\n<strong>P\u00e1ginas<\/strong>: 124<\/p>\n<p><strong>SINOPSIS<\/strong><\/p>\n<p>\u201cNo me bastan dos ojos\u201d es una selecci\u00f3n de poes\u00eda escrita entre 2004 y<\/p>\n<p>2015, coincidiendo con momentos de transici\u00f3n muy importantes en mi vida. Desde mi salida de Guatemala (en inicio, temporalmente para estudiar un postgrado), mis primeras vivencias en Barcelona, hasta la decisi\u00f3n de quedarme a vivir permanentemente en Espa\u00f1a.<\/p>\n<p>Gracias a estos poemas he podido digerir los duelos de tantas despedidas, aprender a reconocer y aceptar mis m\u00faltiples identidades, no desfallecer en la b\u00fasqueda de la utop\u00eda, transitar hacia la postmodernidad con liviana comodidad, pintar instantes memorables en el lienzo de mi consciencia, sanar tantas heridas de amores no consumados y acariciar la trascendencia de amores m\u00e1s plenos.<\/p>\n<p>Los versos seleccionados para este libro est\u00e1n impregnados de ideas, vivencias y emociones encontradas, disonantes, divergentes, irreverentes. Y ojal\u00e1 que \u00edntimamente universales.<\/p>\n<p>&nbsp;<\/p>\n","protected":false},"excerpt":{"rendered":"<p><strong>ISBN<\/strong>: 978-84-1144-492-7<\/p>\n<p><strong>SINOPSIS<\/strong><\/p>\n<p>\u201cNo me bastan dos ojos\u201d es una selecci\u00f3n de poes\u00eda escrita entre 2004 y 2015, coincidiendo con momentos de transici\u00f3n muy importantes en mi vida. Desde mi salida de Guatemala (en inicio, temporalmente para estudiar un postgrado), mis primeras vivencias en Barcelona, hasta la decisi\u00f3n de quedarme a vivir permanentemente en Espa\u00f1a.<\/p>\n<p>Gracias a estos poemas he podido digerir los duelos de tantas despedidas, aprender a reconocer y aceptar mis m\u00faltiples identidades, no desfallecer en la b\u00fasqueda de la utop\u00eda, transitar hacia la postmodernidad con liviana comodidad, pintar instantes memorables en el lienzo de mi conciencia, sanar tantas heridas de amores no consumados y acariciar la trascendencia de amores m\u00e1s plenos.<\/p>\n<p>Los versos seleccionados para este libro est\u00e1n impregnados de ideas, vivencias y emociones encontradas, disonantes, divergentes, irreverentes. Y ojal\u00e1 que \u00edntimamente universales.<\/p>\n","protected":false},"featured_media":98329,"comment_status":"closed","ping_status":"open","template":"","meta":{"_acf_changed":false},"libro":[],"product_brand":[],"product_cat":[26],"product_tag":[],"class_list":{"0":"post-98328","1":"product","2":"type-product","3":"status-publish","4":"has-post-thumbnail","6":"product_cat-sin-categoria","8":"first","9":"instock","10":"product-type-simple"},"acf":{"autor":[76813],"enlace_de_compra":"https:\/\/www.amazon.es\/bastan-ojos-Poes%C3%ADa-cotidiana-momentos-especiales\/dp\/8411444929\/"},"yoast_head":"<!-- This site is optimized with the Yoast SEO plugin v27.4 - https:\/\/yoast.com\/product\/yoast-seo-wordpress\/ -->\n<title>No me bastan dos ojos - Catalogo | Letrame Grupo Editorial<\/title>\n<meta name=\"robots\" content=\"index, follow, max-snippet:-1, max-image-preview:large, max-video-preview:-1\" \/>\n<link rel=\"canonical\" href=\"https:\/\/letrame.com\/catalogo\/producto\/no-me-bastan-dos-ojos\/\" \/>\n<meta property=\"og:locale\" content=\"es_ES\" \/>\n<meta property=\"og:type\" content=\"article\" \/>\n<meta property=\"og:title\" content=\"No me bastan dos ojos - Catalogo | Letrame Grupo Editorial\" \/>\n<meta property=\"og:description\" content=\"ISBN: 978-84-1144-492-7 SINOPSIS \u201cNo me bastan dos ojos\u201d es una selecci\u00f3n de poes\u00eda escrita entre 2004 y 2015, coincidiendo con momentos de transici\u00f3n muy importantes en mi vida. Desde mi salida de Guatemala (en inicio, temporalmente para estudiar un postgrado), mis primeras vivencias en Barcelona, hasta la decisi\u00f3n de quedarme a vivir permanentemente en Espa\u00f1a. Gracias a estos poemas he podido digerir los duelos de tantas despedidas, aprender a reconocer y aceptar mis m\u00faltiples identidades, no desfallecer en la b\u00fasqueda de la utop\u00eda, transitar hacia la postmodernidad con liviana comodidad, pintar instantes memorables en el lienzo de mi conciencia, sanar tantas heridas de amores no consumados y acariciar la trascendencia de amores m\u00e1s plenos. Los versos seleccionados para este libro est\u00e1n impregnados de ideas, vivencias y emociones encontradas, disonantes, divergentes, irreverentes. Y ojal\u00e1 que \u00edntimamente universales.\" \/>\n<meta property=\"og:url\" content=\"https:\/\/letrame.com\/catalogo\/producto\/no-me-bastan-dos-ojos\/\" \/>\n<meta property=\"og:site_name\" content=\"Catalogo | Letrame Grupo Editorial\" \/>\n<meta property=\"og:image\" content=\"https:\/\/letrame.com\/catalogo\/wp-content\/uploads\/2024\/04\/redportada_nomebastandosojos_679mm-7-compressed.jpg\" \/>\n\t<meta property=\"og:image:width\" content=\"601\" \/>\n\t<meta property=\"og:image:height\" content=\"853\" \/>\n\t<meta property=\"og:image:type\" content=\"image\/jpeg\" \/>\n<meta name=\"twitter:card\" content=\"summary_large_image\" \/>\n<meta name=\"twitter:label1\" content=\"Tiempo de lectura\" \/>\n\t<meta name=\"twitter:data1\" content=\"1 minuto\" \/>\n<script type=\"application\/ld+json\" class=\"yoast-schema-graph\">{\"@context\":\"https:\\\/\\\/schema.org\",\"@graph\":[{\"@type\":\"WebPage\",\"@id\":\"https:\\\/\\\/letrame.com\\\/catalogo\\\/producto\\\/no-me-bastan-dos-ojos\\\/\",\"url\":\"https:\\\/\\\/letrame.com\\\/catalogo\\\/producto\\\/no-me-bastan-dos-ojos\\\/\",\"name\":\"No me bastan dos ojos - Catalogo | Letrame Grupo Editorial\",\"isPartOf\":{\"@id\":\"https:\\\/\\\/letrame.com\\\/catalogo\\\/#website\"},\"primaryImageOfPage\":{\"@id\":\"https:\\\/\\\/letrame.com\\\/catalogo\\\/producto\\\/no-me-bastan-dos-ojos\\\/#primaryimage\"},\"image\":{\"@id\":\"https:\\\/\\\/letrame.com\\\/catalogo\\\/producto\\\/no-me-bastan-dos-ojos\\\/#primaryimage\"},\"thumbnailUrl\":\"https:\\\/\\\/letrame.com\\\/catalogo\\\/wp-content\\\/uploads\\\/2024\\\/04\\\/redportada_nomebastandosojos_679mm-7-compressed.jpg\",\"datePublished\":\"2024-04-29T12:59:16+00:00\",\"breadcrumb\":{\"@id\":\"https:\\\/\\\/letrame.com\\\/catalogo\\\/producto\\\/no-me-bastan-dos-ojos\\\/#breadcrumb\"},\"inLanguage\":\"es\",\"potentialAction\":[{\"@type\":\"ReadAction\",\"target\":[\"https:\\\/\\\/letrame.com\\\/catalogo\\\/producto\\\/no-me-bastan-dos-ojos\\\/\"]}]},{\"@type\":\"ImageObject\",\"inLanguage\":\"es\",\"@id\":\"https:\\\/\\\/letrame.com\\\/catalogo\\\/producto\\\/no-me-bastan-dos-ojos\\\/#primaryimage\",\"url\":\"https:\\\/\\\/letrame.com\\\/catalogo\\\/wp-content\\\/uploads\\\/2024\\\/04\\\/redportada_nomebastandosojos_679mm-7-compressed.jpg\",\"contentUrl\":\"https:\\\/\\\/letrame.com\\\/catalogo\\\/wp-content\\\/uploads\\\/2024\\\/04\\\/redportada_nomebastandosojos_679mm-7-compressed.jpg\",\"width\":601,\"height\":853},{\"@type\":\"BreadcrumbList\",\"@id\":\"https:\\\/\\\/letrame.com\\\/catalogo\\\/producto\\\/no-me-bastan-dos-ojos\\\/#breadcrumb\",\"itemListElement\":[{\"@type\":\"ListItem\",\"position\":1,\"name\":\"Portada\",\"item\":\"https:\\\/\\\/letrame.com\\\/catalogo\\\/\"},{\"@type\":\"ListItem\",\"position\":2,\"name\":\"Cat\u00e1logo\",\"item\":\"https:\\\/\\\/letrame.com\\\/catalogo\\\/\"},{\"@type\":\"ListItem\",\"position\":3,\"name\":\"No me bastan dos ojos\"}]},{\"@type\":\"WebSite\",\"@id\":\"https:\\\/\\\/letrame.com\\\/catalogo\\\/#website\",\"url\":\"https:\\\/\\\/letrame.com\\\/catalogo\\\/\",\"name\":\"Catalogo | Letrame Grupo Editorial\",\"description\":\"\",\"publisher\":{\"@id\":\"https:\\\/\\\/letrame.com\\\/catalogo\\\/#organization\"},\"potentialAction\":[{\"@type\":\"SearchAction\",\"target\":{\"@type\":\"EntryPoint\",\"urlTemplate\":\"https:\\\/\\\/letrame.com\\\/catalogo\\\/?s={search_term_string}\"},\"query-input\":{\"@type\":\"PropertyValueSpecification\",\"valueRequired\":true,\"valueName\":\"search_term_string\"}}],\"inLanguage\":\"es\"},{\"@type\":\"Organization\",\"@id\":\"https:\\\/\\\/letrame.com\\\/catalogo\\\/#organization\",\"name\":\"Catalogo | Letrame Grupo Editorial\",\"url\":\"https:\\\/\\\/letrame.com\\\/catalogo\\\/\",\"logo\":{\"@type\":\"ImageObject\",\"inLanguage\":\"es\",\"@id\":\"https:\\\/\\\/letrame.com\\\/catalogo\\\/#\\\/schema\\\/logo\\\/image\\\/\",\"url\":\"https:\\\/\\\/letrame.com\\\/catalogo\\\/wp-content\\\/uploads\\\/2024\\\/03\\\/logo2.webp\",\"contentUrl\":\"https:\\\/\\\/letrame.com\\\/catalogo\\\/wp-content\\\/uploads\\\/2024\\\/03\\\/logo2.webp\",\"width\":394,\"height\":128,\"caption\":\"Catalogo | Letrame Grupo Editorial\"},\"image\":{\"@id\":\"https:\\\/\\\/letrame.com\\\/catalogo\\\/#\\\/schema\\\/logo\\\/image\\\/\"}}]}<\/script>\n<!-- \/ Yoast SEO plugin. -->","yoast_head_json":{"title":"No me bastan dos ojos - Catalogo | Letrame Grupo Editorial","robots":{"index":"index","follow":"follow","max-snippet":"max-snippet:-1","max-image-preview":"max-image-preview:large","max-video-preview":"max-video-preview:-1"},"canonical":"https:\/\/letrame.com\/catalogo\/producto\/no-me-bastan-dos-ojos\/","og_locale":"es_ES","og_type":"article","og_title":"No me bastan dos ojos - Catalogo | Letrame Grupo Editorial","og_description":"ISBN: 978-84-1144-492-7 SINOPSIS \u201cNo me bastan dos ojos\u201d es una selecci\u00f3n de poes\u00eda escrita entre 2004 y 2015, coincidiendo con momentos de transici\u00f3n muy importantes en mi vida. Desde mi salida de Guatemala (en inicio, temporalmente para estudiar un postgrado), mis primeras vivencias en Barcelona, hasta la decisi\u00f3n de quedarme a vivir permanentemente en Espa\u00f1a. Gracias a estos poemas he podido digerir los duelos de tantas despedidas, aprender a reconocer y aceptar mis m\u00faltiples identidades, no desfallecer en la b\u00fasqueda de la utop\u00eda, transitar hacia la postmodernidad con liviana comodidad, pintar instantes memorables en el lienzo de mi conciencia, sanar tantas heridas de amores no consumados y acariciar la trascendencia de amores m\u00e1s plenos. Los versos seleccionados para este libro est\u00e1n impregnados de ideas, vivencias y emociones encontradas, disonantes, divergentes, irreverentes. Y ojal\u00e1 que \u00edntimamente universales.","og_url":"https:\/\/letrame.com\/catalogo\/producto\/no-me-bastan-dos-ojos\/","og_site_name":"Catalogo | Letrame Grupo Editorial","og_image":[{"width":601,"height":853,"url":"https:\/\/letrame.com\/catalogo\/wp-content\/uploads\/2024\/04\/redportada_nomebastandosojos_679mm-7-compressed.jpg","type":"image\/jpeg"}],"twitter_card":"summary_large_image","twitter_misc":{"Tiempo de lectura":"1 minuto"},"schema":{"@context":"https:\/\/schema.org","@graph":[{"@type":"WebPage","@id":"https:\/\/letrame.com\/catalogo\/producto\/no-me-bastan-dos-ojos\/","url":"https:\/\/letrame.com\/catalogo\/producto\/no-me-bastan-dos-ojos\/","name":"No me bastan dos ojos - Catalogo | Letrame Grupo Editorial","isPartOf":{"@id":"https:\/\/letrame.com\/catalogo\/#website"},"primaryImageOfPage":{"@id":"https:\/\/letrame.com\/catalogo\/producto\/no-me-bastan-dos-ojos\/#primaryimage"},"image":{"@id":"https:\/\/letrame.com\/catalogo\/producto\/no-me-bastan-dos-ojos\/#primaryimage"},"thumbnailUrl":"https:\/\/letrame.com\/catalogo\/wp-content\/uploads\/2024\/04\/redportada_nomebastandosojos_679mm-7-compressed.jpg","datePublished":"2024-04-29T12:59:16+00:00","breadcrumb":{"@id":"https:\/\/letrame.com\/catalogo\/producto\/no-me-bastan-dos-ojos\/#breadcrumb"},"inLanguage":"es","potentialAction":[{"@type":"ReadAction","target":["https:\/\/letrame.com\/catalogo\/producto\/no-me-bastan-dos-ojos\/"]}]},{"@type":"ImageObject","inLanguage":"es","@id":"https:\/\/letrame.com\/catalogo\/producto\/no-me-bastan-dos-ojos\/#primaryimage","url":"https:\/\/letrame.com\/catalogo\/wp-content\/uploads\/2024\/04\/redportada_nomebastandosojos_679mm-7-compressed.jpg","contentUrl":"https:\/\/letrame.com\/catalogo\/wp-content\/uploads\/2024\/04\/redportada_nomebastandosojos_679mm-7-compressed.jpg","width":601,"height":853},{"@type":"BreadcrumbList","@id":"https:\/\/letrame.com\/catalogo\/producto\/no-me-bastan-dos-ojos\/#breadcrumb","itemListElement":[{"@type":"ListItem","position":1,"name":"Portada","item":"https:\/\/letrame.com\/catalogo\/"},{"@type":"ListItem","position":2,"name":"Cat\u00e1logo","item":"https:\/\/letrame.com\/catalogo\/"},{"@type":"ListItem","position":3,"name":"No me bastan dos ojos"}]},{"@type":"WebSite","@id":"https:\/\/letrame.com\/catalogo\/#website","url":"https:\/\/letrame.com\/catalogo\/","name":"Catalogo | Letrame Grupo Editorial","description":"","publisher":{"@id":"https:\/\/letrame.com\/catalogo\/#organization"},"potentialAction":[{"@type":"SearchAction","target":{"@type":"EntryPoint","urlTemplate":"https:\/\/letrame.com\/catalogo\/?s={search_term_string}"},"query-input":{"@type":"PropertyValueSpecification","valueRequired":true,"valueName":"search_term_string"}}],"inLanguage":"es"},{"@type":"Organization","@id":"https:\/\/letrame.com\/catalogo\/#organization","name":"Catalogo | Letrame Grupo Editorial","url":"https:\/\/letrame.com\/catalogo\/","logo":{"@type":"ImageObject","inLanguage":"es","@id":"https:\/\/letrame.com\/catalogo\/#\/schema\/logo\/image\/","url":"https:\/\/letrame.com\/catalogo\/wp-content\/uploads\/2024\/03\/logo2.webp","contentUrl":"https:\/\/letrame.com\/catalogo\/wp-content\/uploads\/2024\/03\/logo2.webp","width":394,"height":128,"caption":"Catalogo | Letrame Grupo Editorial"},"image":{"@id":"https:\/\/letrame.com\/catalogo\/#\/schema\/logo\/image\/"}}]}},"_links":{"self":[{"href":"https:\/\/letrame.com\/catalogo\/wp-json\/wp\/v2\/product\/98328","targetHints":{"allow":["GET"]}}],"collection":[{"href":"https:\/\/letrame.com\/catalogo\/wp-json\/wp\/v2\/product"}],"about":[{"href":"https:\/\/letrame.com\/catalogo\/wp-json\/wp\/v2\/types\/product"}],"replies":[{"embeddable":true,"href":"https:\/\/letrame.com\/catalogo\/wp-json\/wp\/v2\/comments?post=98328"}],"acf:post":[{"embeddable":true,"href":"https:\/\/letrame.com\/catalogo\/wp-json\/wp\/v2\/author_book\/76813"}],"wp:featuredmedia":[{"embeddable":true,"href":"https:\/\/letrame.com\/catalogo\/wp-json\/wp\/v2\/media\/98329"}],"wp:attachment":[{"href":"https:\/\/letrame.com\/catalogo\/wp-json\/wp\/v2\/media?parent=98328"}],"wp:term":[{"taxonomy":"libro","embeddable":true,"href":"https:\/\/letrame.com\/catalogo\/wp-json\/wp\/v2\/libro?post=98328"},{"taxonomy":"product_brand","embeddable":true,"href":"https:\/\/letrame.com\/catalogo\/wp-json\/wp\/v2\/product_brand?post=98328"},{"taxonomy":"product_cat","embeddable":true,"href":"https:\/\/letrame.com\/catalogo\/wp-json\/wp\/v2\/product_cat?post=98328"},{"taxonomy":"product_tag","embeddable":true,"href":"https:\/\/letrame.com\/catalogo\/wp-json\/wp\/v2\/product_tag?post=98328"}],"curies":[{"name":"wp","href":"https:\/\/api.w.org\/{rel}","templated":true}]}}