{"id":98322,"date":"2024-04-29T14:59:05","date_gmt":"2024-04-29T12:59:05","guid":{"rendered":"https:\/\/letrame.com\/catalogo\/producto\/protocolos-de-ultrasonido-doppler\/"},"modified":"2024-08-09T13:32:45","modified_gmt":"2024-08-09T11:32:45","slug":"protocolos-de-ultrasonido-doppler","status":"publish","type":"product","link":"https:\/\/letrame.com\/catalogo\/producto\/protocolos-de-ultrasonido-doppler\/","title":{"rendered":"Protocolos de Ultrasonido Doppler"},"content":{"rendered":"<p><strong>ISBN<\/strong>: 978-84-1144-124-7<\/p>\n<p><strong>T\u00edtulo<\/strong>: Protocolos de Ultrasonido Doppler<br \/>\n<strong>Fecha<\/strong>: 2022<br \/>\n<strong>P\u00e1ginas<\/strong>: 132<\/p>\n<p><strong>SINOPSIS<\/strong><\/p>\n<p>El prop\u00f3sito de este manual consiste en ser una gu\u00eda de referencia r\u00e1pida para la realizaci\u00f3n de protocolos de ultrasonido Doppler. En cada cap\u00edtulo se encontrar\u00e1 con una peque\u00f1a introducci\u00f3n del tema, el equipo a utilizar, las indicaciones, contraindicaciones y limitaciones del estudio, la preparaci\u00f3n y posici\u00f3n del paciente, as\u00ed como una explicaci\u00f3n de c\u00f3mo realizar el protocolo, acompa\u00f1ado de algunas im\u00e1genes en escala de grises, Doppler color y Doppler espectral de los diferentes vasos sangu\u00edneos que servir\u00e1n de ejemplo para un mayor entendimiento. Adem\u00e1s, observar\u00e1s tablas que exponen las caracter\u00edsticas normales de Doppler espectral, \u00edndice de resistencia, velocidad pico sist\u00f3lico, semiolog\u00eda del espectro, etc.<\/p>\n<p>Este manual, dedicado principalmente a los m\u00e9dicos residentes en formaci\u00f3n de la especialidad de imagenolog\u00eda diagn\u00f3stica y terap\u00e9utica, es un fant\u00e1stico resumen de las caracter\u00edsticas habituales de los vasos sangu\u00edneos explorados. Sin embargo, cualquier persona que se dedique a este campo de la medicina o que est\u00e9 en adiestramiento podr\u00eda consultarlo ya que, por su dise\u00f1o original y contenido respaldado en la bibliograf\u00eda, se convierte en una herramienta \u00fatil en caso de que se presente alguna duda, recordando siempre que para poder apreciar lo patol\u00f3gico, se debe conocer lo normal.<\/p>\n","protected":false},"excerpt":{"rendered":"<p><strong>ISBN<\/strong>: 978-84-1144-124-7<\/p>\n<p><strong>SINOPSIS<\/strong><\/p>\n<p>El prop\u00f3sito de este manual consiste en ser una gu\u00eda de referencia r\u00e1pida para la realizaci\u00f3n de protocolos de ultrasonido Doppler. En cada cap\u00edtulo se encontrar\u00e1 con una peque\u00f1a introducci\u00f3n del tema, el equipo a utilizar, las indicaciones, contraindicaciones y limitaciones del estudio, la preparaci\u00f3n y posici\u00f3n del paciente, as\u00ed como una explicaci\u00f3n de c\u00f3mo realizar el protocolo, acompa\u00f1ado de algunas im\u00e1genes en escala de grises, Doppler color y Doppler espectral de los diferentes vasos sangu\u00edneos que servir\u00e1n de ejemplo para un mayor entendimiento. Adem\u00e1s, observar\u00e1s tablas que exponen las caracter\u00edsticas normales de Doppler espectral, \u00edndice de resistencia, velocidad pico sist\u00f3lico, semiolog\u00eda del espectro, etc.<\/p>\n<p>Este manual, dedicado principalmente a los m\u00e9dicos residentes en formaci\u00f3n de la especialidad de imagenolog\u00eda diagn\u00f3stica y terap\u00e9utica, es un fant\u00e1stico resumen de las caracter\u00edsticas habituales de los vasos sangu\u00edneos explorados. Sin embargo, cualquier persona que se dedique a este campo de la medicina o que est\u00e9 en adiestramiento podr\u00eda consultarlo ya que, por su dise\u00f1o original y contenido respaldado en la bibliograf\u00eda, se convierte en una herramienta \u00fatil en caso de que se presente alguna duda, recordando siempre que para poder apreciar lo patol\u00f3gico, se debe conocer lo normal.<\/p>\n","protected":false},"featured_media":98323,"comment_status":"closed","ping_status":"closed","template":"","meta":{"_acf_changed":false},"libro":[],"product_brand":[],"product_cat":[36],"product_tag":[],"class_list":{"0":"post-98322","1":"product","2":"type-product","3":"status-publish","4":"has-post-thumbnail","6":"product_cat-investigacion","8":"first","9":"instock","10":"product-type-simple"},"acf":{"autor":[105116],"enlace_de_compra":"https:\/\/amzn.to\/3yBroib"},"yoast_head":"<!-- This site is optimized with the Yoast SEO plugin v26.6 - https:\/\/yoast.com\/wordpress\/plugins\/seo\/ -->\n<title>Protocolos de Ultrasonido Doppler - Catalogo | Letrame Grupo Editorial<\/title>\n<meta name=\"robots\" content=\"index, follow, max-snippet:-1, max-image-preview:large, max-video-preview:-1\" \/>\n<link rel=\"canonical\" href=\"https:\/\/letrame.com\/catalogo\/producto\/protocolos-de-ultrasonido-doppler\/\" \/>\n<meta property=\"og:locale\" content=\"es_ES\" \/>\n<meta property=\"og:type\" content=\"article\" \/>\n<meta property=\"og:title\" content=\"Protocolos de Ultrasonido Doppler - Catalogo | Letrame Grupo Editorial\" \/>\n<meta property=\"og:description\" content=\"ISBN: 978-84-1144-124-7  SINOPSIS  El prop\u00f3sito de este manual consiste en ser una gu\u00eda de referencia r\u00e1pida para la realizaci\u00f3n de protocolos de ultrasonido Doppler. En cada cap\u00edtulo se encontrar\u00e1 con una peque\u00f1a introducci\u00f3n del tema, el equipo a utilizar, las indicaciones, contraindicaciones y limitaciones del estudio, la preparaci\u00f3n y posici\u00f3n del paciente, as\u00ed como una explicaci\u00f3n de c\u00f3mo realizar el protocolo, acompa\u00f1ado de algunas im\u00e1genes en escala de grises, Doppler color y Doppler espectral de los diferentes vasos sangu\u00edneos que servir\u00e1n de ejemplo para un mayor entendimiento. Adem\u00e1s, observar\u00e1s tablas que exponen las caracter\u00edsticas normales de Doppler espectral, \u00edndice de resistencia, velocidad pico sist\u00f3lico, semiolog\u00eda del espectro, etc.  Este manual, dedicado principalmente a los m\u00e9dicos residentes en formaci\u00f3n de la especialidad de imagenolog\u00eda diagn\u00f3stica y terap\u00e9utica, es un fant\u00e1stico resumen de las caracter\u00edsticas habituales de los vasos sangu\u00edneos explorados. Sin embargo, cualquier persona que se dedique a este campo de la medicina o que est\u00e9 en adiestramiento podr\u00eda consultarlo ya que, por su dise\u00f1o original y contenido respaldado en la bibliograf\u00eda, se convierte en una herramienta \u00fatil en caso de que se presente alguna duda, recordando siempre que para poder apreciar lo patol\u00f3gico, se debe conocer lo normal.\" \/>\n<meta property=\"og:url\" content=\"https:\/\/letrame.com\/catalogo\/producto\/protocolos-de-ultrasonido-doppler\/\" \/>\n<meta property=\"og:site_name\" content=\"Catalogo | Letrame Grupo Editorial\" \/>\n<meta property=\"article:modified_time\" content=\"2024-08-09T11:32:45+00:00\" \/>\n<meta property=\"og:image\" content=\"https:\/\/letrame.com\/catalogo\/wp-content\/uploads\/2024\/04\/redportada_protocolosdeultrasonido_739mm.jpg\" \/>\n\t<meta property=\"og:image:width\" content=\"601\" \/>\n\t<meta property=\"og:image:height\" content=\"849\" \/>\n\t<meta property=\"og:image:type\" content=\"image\/jpeg\" \/>\n<meta name=\"twitter:card\" content=\"summary_large_image\" \/>\n<meta name=\"twitter:label1\" content=\"Tiempo de lectura\" \/>\n\t<meta name=\"twitter:data1\" content=\"2 minutos\" \/>\n<script type=\"application\/ld+json\" class=\"yoast-schema-graph\">{\"@context\":\"https:\/\/schema.org\",\"@graph\":[{\"@type\":\"WebPage\",\"@id\":\"https:\/\/letrame.com\/catalogo\/producto\/protocolos-de-ultrasonido-doppler\/\",\"url\":\"https:\/\/letrame.com\/catalogo\/producto\/protocolos-de-ultrasonido-doppler\/\",\"name\":\"Protocolos de Ultrasonido Doppler - Catalogo | Letrame Grupo Editorial\",\"isPartOf\":{\"@id\":\"https:\/\/letrame.com\/catalogo\/#website\"},\"primaryImageOfPage\":{\"@id\":\"https:\/\/letrame.com\/catalogo\/producto\/protocolos-de-ultrasonido-doppler\/#primaryimage\"},\"image\":{\"@id\":\"https:\/\/letrame.com\/catalogo\/producto\/protocolos-de-ultrasonido-doppler\/#primaryimage\"},\"thumbnailUrl\":\"https:\/\/letrame.com\/catalogo\/wp-content\/uploads\/2024\/04\/redportada_protocolosdeultrasonido_739mm.jpg\",\"datePublished\":\"2024-04-29T12:59:05+00:00\",\"dateModified\":\"2024-08-09T11:32:45+00:00\",\"breadcrumb\":{\"@id\":\"https:\/\/letrame.com\/catalogo\/producto\/protocolos-de-ultrasonido-doppler\/#breadcrumb\"},\"inLanguage\":\"es\",\"potentialAction\":[{\"@type\":\"ReadAction\",\"target\":[\"https:\/\/letrame.com\/catalogo\/producto\/protocolos-de-ultrasonido-doppler\/\"]}]},{\"@type\":\"ImageObject\",\"inLanguage\":\"es\",\"@id\":\"https:\/\/letrame.com\/catalogo\/producto\/protocolos-de-ultrasonido-doppler\/#primaryimage\",\"url\":\"https:\/\/letrame.com\/catalogo\/wp-content\/uploads\/2024\/04\/redportada_protocolosdeultrasonido_739mm.jpg\",\"contentUrl\":\"https:\/\/letrame.com\/catalogo\/wp-content\/uploads\/2024\/04\/redportada_protocolosdeultrasonido_739mm.jpg\",\"width\":601,\"height\":849},{\"@type\":\"BreadcrumbList\",\"@id\":\"https:\/\/letrame.com\/catalogo\/producto\/protocolos-de-ultrasonido-doppler\/#breadcrumb\",\"itemListElement\":[{\"@type\":\"ListItem\",\"position\":1,\"name\":\"Portada\",\"item\":\"https:\/\/letrame.com\/catalogo\/\"},{\"@type\":\"ListItem\",\"position\":2,\"name\":\"Cat\u00e1logo\",\"item\":\"https:\/\/letrame.com\/catalogo\/\"},{\"@type\":\"ListItem\",\"position\":3,\"name\":\"Protocolos de Ultrasonido Doppler\"}]},{\"@type\":\"WebSite\",\"@id\":\"https:\/\/letrame.com\/catalogo\/#website\",\"url\":\"https:\/\/letrame.com\/catalogo\/\",\"name\":\"Catalogo | Letrame Grupo Editorial\",\"description\":\"\",\"publisher\":{\"@id\":\"https:\/\/letrame.com\/catalogo\/#organization\"},\"potentialAction\":[{\"@type\":\"SearchAction\",\"target\":{\"@type\":\"EntryPoint\",\"urlTemplate\":\"https:\/\/letrame.com\/catalogo\/?s={search_term_string}\"},\"query-input\":{\"@type\":\"PropertyValueSpecification\",\"valueRequired\":true,\"valueName\":\"search_term_string\"}}],\"inLanguage\":\"es\"},{\"@type\":\"Organization\",\"@id\":\"https:\/\/letrame.com\/catalogo\/#organization\",\"name\":\"Catalogo | Letrame Grupo Editorial\",\"url\":\"https:\/\/letrame.com\/catalogo\/\",\"logo\":{\"@type\":\"ImageObject\",\"inLanguage\":\"es\",\"@id\":\"https:\/\/letrame.com\/catalogo\/#\/schema\/logo\/image\/\",\"url\":\"https:\/\/letrame.com\/catalogo\/wp-content\/uploads\/2024\/03\/logo2.webp\",\"contentUrl\":\"https:\/\/letrame.com\/catalogo\/wp-content\/uploads\/2024\/03\/logo2.webp\",\"width\":394,\"height\":128,\"caption\":\"Catalogo | Letrame Grupo Editorial\"},\"image\":{\"@id\":\"https:\/\/letrame.com\/catalogo\/#\/schema\/logo\/image\/\"}}]}<\/script>\n<!-- \/ Yoast SEO plugin. -->","yoast_head_json":{"title":"Protocolos de Ultrasonido Doppler - Catalogo | Letrame Grupo Editorial","robots":{"index":"index","follow":"follow","max-snippet":"max-snippet:-1","max-image-preview":"max-image-preview:large","max-video-preview":"max-video-preview:-1"},"canonical":"https:\/\/letrame.com\/catalogo\/producto\/protocolos-de-ultrasonido-doppler\/","og_locale":"es_ES","og_type":"article","og_title":"Protocolos de Ultrasonido Doppler - Catalogo | Letrame Grupo Editorial","og_description":"ISBN: 978-84-1144-124-7  SINOPSIS  El prop\u00f3sito de este manual consiste en ser una gu\u00eda de referencia r\u00e1pida para la realizaci\u00f3n de protocolos de ultrasonido Doppler. En cada cap\u00edtulo se encontrar\u00e1 con una peque\u00f1a introducci\u00f3n del tema, el equipo a utilizar, las indicaciones, contraindicaciones y limitaciones del estudio, la preparaci\u00f3n y posici\u00f3n del paciente, as\u00ed como una explicaci\u00f3n de c\u00f3mo realizar el protocolo, acompa\u00f1ado de algunas im\u00e1genes en escala de grises, Doppler color y Doppler espectral de los diferentes vasos sangu\u00edneos que servir\u00e1n de ejemplo para un mayor entendimiento. Adem\u00e1s, observar\u00e1s tablas que exponen las caracter\u00edsticas normales de Doppler espectral, \u00edndice de resistencia, velocidad pico sist\u00f3lico, semiolog\u00eda del espectro, etc.  Este manual, dedicado principalmente a los m\u00e9dicos residentes en formaci\u00f3n de la especialidad de imagenolog\u00eda diagn\u00f3stica y terap\u00e9utica, es un fant\u00e1stico resumen de las caracter\u00edsticas habituales de los vasos sangu\u00edneos explorados. Sin embargo, cualquier persona que se dedique a este campo de la medicina o que est\u00e9 en adiestramiento podr\u00eda consultarlo ya que, por su dise\u00f1o original y contenido respaldado en la bibliograf\u00eda, se convierte en una herramienta \u00fatil en caso de que se presente alguna duda, recordando siempre que para poder apreciar lo patol\u00f3gico, se debe conocer lo normal.","og_url":"https:\/\/letrame.com\/catalogo\/producto\/protocolos-de-ultrasonido-doppler\/","og_site_name":"Catalogo | Letrame Grupo Editorial","article_modified_time":"2024-08-09T11:32:45+00:00","og_image":[{"width":601,"height":849,"url":"https:\/\/letrame.com\/catalogo\/wp-content\/uploads\/2024\/04\/redportada_protocolosdeultrasonido_739mm.jpg","type":"image\/jpeg"}],"twitter_card":"summary_large_image","twitter_misc":{"Tiempo de lectura":"2 minutos"},"schema":{"@context":"https:\/\/schema.org","@graph":[{"@type":"WebPage","@id":"https:\/\/letrame.com\/catalogo\/producto\/protocolos-de-ultrasonido-doppler\/","url":"https:\/\/letrame.com\/catalogo\/producto\/protocolos-de-ultrasonido-doppler\/","name":"Protocolos de Ultrasonido Doppler - Catalogo | Letrame Grupo Editorial","isPartOf":{"@id":"https:\/\/letrame.com\/catalogo\/#website"},"primaryImageOfPage":{"@id":"https:\/\/letrame.com\/catalogo\/producto\/protocolos-de-ultrasonido-doppler\/#primaryimage"},"image":{"@id":"https:\/\/letrame.com\/catalogo\/producto\/protocolos-de-ultrasonido-doppler\/#primaryimage"},"thumbnailUrl":"https:\/\/letrame.com\/catalogo\/wp-content\/uploads\/2024\/04\/redportada_protocolosdeultrasonido_739mm.jpg","datePublished":"2024-04-29T12:59:05+00:00","dateModified":"2024-08-09T11:32:45+00:00","breadcrumb":{"@id":"https:\/\/letrame.com\/catalogo\/producto\/protocolos-de-ultrasonido-doppler\/#breadcrumb"},"inLanguage":"es","potentialAction":[{"@type":"ReadAction","target":["https:\/\/letrame.com\/catalogo\/producto\/protocolos-de-ultrasonido-doppler\/"]}]},{"@type":"ImageObject","inLanguage":"es","@id":"https:\/\/letrame.com\/catalogo\/producto\/protocolos-de-ultrasonido-doppler\/#primaryimage","url":"https:\/\/letrame.com\/catalogo\/wp-content\/uploads\/2024\/04\/redportada_protocolosdeultrasonido_739mm.jpg","contentUrl":"https:\/\/letrame.com\/catalogo\/wp-content\/uploads\/2024\/04\/redportada_protocolosdeultrasonido_739mm.jpg","width":601,"height":849},{"@type":"BreadcrumbList","@id":"https:\/\/letrame.com\/catalogo\/producto\/protocolos-de-ultrasonido-doppler\/#breadcrumb","itemListElement":[{"@type":"ListItem","position":1,"name":"Portada","item":"https:\/\/letrame.com\/catalogo\/"},{"@type":"ListItem","position":2,"name":"Cat\u00e1logo","item":"https:\/\/letrame.com\/catalogo\/"},{"@type":"ListItem","position":3,"name":"Protocolos de Ultrasonido Doppler"}]},{"@type":"WebSite","@id":"https:\/\/letrame.com\/catalogo\/#website","url":"https:\/\/letrame.com\/catalogo\/","name":"Catalogo | Letrame Grupo Editorial","description":"","publisher":{"@id":"https:\/\/letrame.com\/catalogo\/#organization"},"potentialAction":[{"@type":"SearchAction","target":{"@type":"EntryPoint","urlTemplate":"https:\/\/letrame.com\/catalogo\/?s={search_term_string}"},"query-input":{"@type":"PropertyValueSpecification","valueRequired":true,"valueName":"search_term_string"}}],"inLanguage":"es"},{"@type":"Organization","@id":"https:\/\/letrame.com\/catalogo\/#organization","name":"Catalogo | Letrame Grupo Editorial","url":"https:\/\/letrame.com\/catalogo\/","logo":{"@type":"ImageObject","inLanguage":"es","@id":"https:\/\/letrame.com\/catalogo\/#\/schema\/logo\/image\/","url":"https:\/\/letrame.com\/catalogo\/wp-content\/uploads\/2024\/03\/logo2.webp","contentUrl":"https:\/\/letrame.com\/catalogo\/wp-content\/uploads\/2024\/03\/logo2.webp","width":394,"height":128,"caption":"Catalogo | Letrame Grupo Editorial"},"image":{"@id":"https:\/\/letrame.com\/catalogo\/#\/schema\/logo\/image\/"}}]}},"_links":{"self":[{"href":"https:\/\/letrame.com\/catalogo\/wp-json\/wp\/v2\/product\/98322","targetHints":{"allow":["GET"]}}],"collection":[{"href":"https:\/\/letrame.com\/catalogo\/wp-json\/wp\/v2\/product"}],"about":[{"href":"https:\/\/letrame.com\/catalogo\/wp-json\/wp\/v2\/types\/product"}],"replies":[{"embeddable":true,"href":"https:\/\/letrame.com\/catalogo\/wp-json\/wp\/v2\/comments?post=98322"}],"acf:post":[{"embeddable":true,"href":"https:\/\/letrame.com\/catalogo\/wp-json\/wp\/v2\/author_book\/105116"}],"wp:featuredmedia":[{"embeddable":true,"href":"https:\/\/letrame.com\/catalogo\/wp-json\/wp\/v2\/media\/98323"}],"wp:attachment":[{"href":"https:\/\/letrame.com\/catalogo\/wp-json\/wp\/v2\/media?parent=98322"}],"wp:term":[{"taxonomy":"libro","embeddable":true,"href":"https:\/\/letrame.com\/catalogo\/wp-json\/wp\/v2\/libro?post=98322"},{"taxonomy":"product_brand","embeddable":true,"href":"https:\/\/letrame.com\/catalogo\/wp-json\/wp\/v2\/product_brand?post=98322"},{"taxonomy":"product_cat","embeddable":true,"href":"https:\/\/letrame.com\/catalogo\/wp-json\/wp\/v2\/product_cat?post=98322"},{"taxonomy":"product_tag","embeddable":true,"href":"https:\/\/letrame.com\/catalogo\/wp-json\/wp\/v2\/product_tag?post=98322"}],"curies":[{"name":"wp","href":"https:\/\/api.w.org\/{rel}","templated":true}]}}