{"id":98318,"date":"2024-04-29T14:58:56","date_gmt":"2024-04-29T12:58:56","guid":{"rendered":"https:\/\/letrame.com\/catalogo\/producto\/la-dualidad-de-uno\/"},"modified":"2024-04-29T14:58:59","modified_gmt":"2024-04-29T12:58:59","slug":"la-dualidad-de-uno","status":"publish","type":"product","link":"https:\/\/letrame.com\/catalogo\/producto\/la-dualidad-de-uno\/","title":{"rendered":"La dualidad de uno"},"content":{"rendered":"<p><strong>ISBN<\/strong>: 978-84-1144-069-1<\/p>\n<p><strong>T\u00edtulo<\/strong>: La dualidad de uno<br \/>\n<strong>Fecha<\/strong>: 2022<br \/>\n<strong>P\u00e1ginas<\/strong>: 234<\/p>\n<p><strong>SINOPSIS<\/strong><\/p>\n<p>Roberto es un hombre rom\u00e1ntico, espiritual y pr\u00e1ctico. A trav\u00e9s de sus cavilaciones y las dualidades en su vida personal (drogas y meditaciones), amorosa (desamores y poliamores) y profesional (inversionista y maestro de yoga), entiende la vida a trav\u00e9s de la dualidad. La dualidad es la opci\u00f3n a las dudas existenciales y pr\u00e1cticas de la vida. Explicada a trav\u00e9s de las relaciones y caminos que experimenta Roberto, la dualidad es una propuesta en contra de los maestros espirituales, los vendedores de la iluminaci\u00f3n, los rom\u00e1nticos y los libertinos, o los seguidores fan\u00e1ticos de izquierda o derecha. Roberto entiende que somos individuos porque somos \u201cego\u201d, y que somos uno porque somos familia, comunidad, sistema y energ\u00eda. Recibe fracasos amorosos y rechaza amores extraordinarios, hasta que se da cuenta, el amor contiene al rechazo y la atracci\u00f3n, y s\u00f3lo desde esta dualidad nace el amor incondicional. La Dualidad en uno es una invitaci\u00f3n a celebrar el ego\u00edsmo espiritual, a entender y vivir las contradicciones aparentes de la vida, como el destino y la libertad, o la unidad y la individualidad, para soltar la necesidad de tener una verdad \u00fanica.<\/p>\n","protected":false},"excerpt":{"rendered":"<p><strong>ISBN<\/strong>: 978-84-1144-069-1<\/p>\n<p><strong>SINOPSIS<\/strong><\/p>\n<p>Roberto es un hombre rom\u00e1ntico, espiritual y pr\u00e1ctico. A trav\u00e9s de sus cavilaciones y las dualidades en su vida personal (drogas y meditaciones), amorosa (desamores y poliamores) y profesional (inversionista y maestro de yoga), entiende la vida a trav\u00e9s de la dualidad. La dualidad es la opci\u00f3n a las dudas existenciales y pr\u00e1cticas de la vida. Explicada a trav\u00e9s de las relaciones y caminos que experimenta Roberto, la dualidad es una propuesta en contra de los maestros espirituales, los vendedores de la iluminaci\u00f3n, los rom\u00e1nticos y los libertinos, o los seguidores fan\u00e1ticos de izquierda o derecha. Roberto entiende que somos individuos porque somos \u201cego\u201d, y que somos uno porque somos familia, comunidad, sistema y energ\u00eda. Recibe fracasos amorosos y rechaza amores extraordinarios, hasta que se da cuenta, el amor contiene al rechazo y la atracci\u00f3n, y s\u00f3lo desde esta dualidad nace el amor incondicional. La Dualidad en uno es una invitaci\u00f3n a celebrar el ego\u00edsmo espiritual, a entender y vivir las contradicciones aparentes de la vida, como el destino y la libertad, o la unidad y la individualidad, para soltar la necesidad de tener una verdad \u00fanica.<\/p>\n","protected":false},"featured_media":98319,"comment_status":"closed","ping_status":"open","template":"","meta":{"_acf_changed":false},"libro":[],"product_brand":[],"product_cat":[16,26],"product_tag":[],"class_list":{"0":"post-98318","1":"product","2":"type-product","3":"status-publish","4":"has-post-thumbnail","6":"product_cat-novela","7":"product_cat-sin-categoria","9":"first","10":"instock","11":"purchasable","12":"product-type-simple"},"acf":{"autor":[76803],"enlace_de_compra":"https:\/\/www.amazon.es\/dualidad-Camilo-Andr%C3%A9s-Mej%C3%AD-Zacipa\/dp\/8411440699\/"},"yoast_head":"<!-- This site is optimized with the Yoast SEO plugin v26.6 - https:\/\/yoast.com\/wordpress\/plugins\/seo\/ -->\n<title>La dualidad de uno - Catalogo | Letrame Grupo Editorial<\/title>\n<meta name=\"robots\" content=\"index, follow, max-snippet:-1, max-image-preview:large, max-video-preview:-1\" \/>\n<link rel=\"canonical\" href=\"https:\/\/letrame.com\/catalogo\/producto\/la-dualidad-de-uno\/\" \/>\n<meta property=\"og:locale\" content=\"es_ES\" \/>\n<meta property=\"og:type\" content=\"article\" \/>\n<meta property=\"og:title\" content=\"La dualidad de uno - Catalogo | Letrame Grupo Editorial\" \/>\n<meta property=\"og:description\" content=\"ISBN: 978-84-1144-069-1 SINOPSIS Roberto es un hombre rom\u00e1ntico, espiritual y pr\u00e1ctico. A trav\u00e9s de sus cavilaciones y las dualidades en su vida personal (drogas y meditaciones), amorosa (desamores y poliamores) y profesional (inversionista y maestro de yoga), entiende la vida a trav\u00e9s de la dualidad. La dualidad es la opci\u00f3n a las dudas existenciales y pr\u00e1cticas de la vida. Explicada a trav\u00e9s de las relaciones y caminos que experimenta Roberto, la dualidad es una propuesta en contra de los maestros espirituales, los vendedores de la iluminaci\u00f3n, los rom\u00e1nticos y los libertinos, o los seguidores fan\u00e1ticos de izquierda o derecha. Roberto entiende que somos individuos porque somos \u201cego\u201d, y que somos uno porque somos familia, comunidad, sistema y energ\u00eda. Recibe fracasos amorosos y rechaza amores extraordinarios, hasta que se da cuenta, el amor contiene al rechazo y la atracci\u00f3n, y s\u00f3lo desde esta dualidad nace el amor incondicional. La Dualidad en uno es una invitaci\u00f3n a celebrar el ego\u00edsmo espiritual, a entender y vivir las contradicciones aparentes de la vida, como el destino y la libertad, o la unidad y la individualidad, para soltar la necesidad de tener una verdad \u00fanica.\" \/>\n<meta property=\"og:url\" content=\"https:\/\/letrame.com\/catalogo\/producto\/la-dualidad-de-uno\/\" \/>\n<meta property=\"og:site_name\" content=\"Catalogo | Letrame Grupo Editorial\" \/>\n<meta property=\"article:modified_time\" content=\"2024-04-29T12:58:59+00:00\" \/>\n<meta property=\"og:image\" content=\"https:\/\/letrame.com\/catalogo\/wp-content\/uploads\/2024\/04\/redportada_ladualidad_1186mm-copia-1-compressed.jpg\" \/>\n\t<meta property=\"og:image:width\" content=\"601\" \/>\n\t<meta property=\"og:image:height\" content=\"881\" \/>\n\t<meta property=\"og:image:type\" content=\"image\/jpeg\" \/>\n<meta name=\"twitter:card\" content=\"summary_large_image\" \/>\n<meta name=\"twitter:label1\" content=\"Tiempo de lectura\" \/>\n\t<meta name=\"twitter:data1\" content=\"1 minuto\" \/>\n<script type=\"application\/ld+json\" class=\"yoast-schema-graph\">{\"@context\":\"https:\/\/schema.org\",\"@graph\":[{\"@type\":\"WebPage\",\"@id\":\"https:\/\/letrame.com\/catalogo\/producto\/la-dualidad-de-uno\/\",\"url\":\"https:\/\/letrame.com\/catalogo\/producto\/la-dualidad-de-uno\/\",\"name\":\"La dualidad de uno - Catalogo | Letrame Grupo Editorial\",\"isPartOf\":{\"@id\":\"https:\/\/letrame.com\/catalogo\/#website\"},\"primaryImageOfPage\":{\"@id\":\"https:\/\/letrame.com\/catalogo\/producto\/la-dualidad-de-uno\/#primaryimage\"},\"image\":{\"@id\":\"https:\/\/letrame.com\/catalogo\/producto\/la-dualidad-de-uno\/#primaryimage\"},\"thumbnailUrl\":\"https:\/\/letrame.com\/catalogo\/wp-content\/uploads\/2024\/04\/redportada_ladualidad_1186mm-copia-1-compressed.jpg\",\"datePublished\":\"2024-04-29T12:58:56+00:00\",\"dateModified\":\"2024-04-29T12:58:59+00:00\",\"breadcrumb\":{\"@id\":\"https:\/\/letrame.com\/catalogo\/producto\/la-dualidad-de-uno\/#breadcrumb\"},\"inLanguage\":\"es\",\"potentialAction\":[{\"@type\":\"ReadAction\",\"target\":[\"https:\/\/letrame.com\/catalogo\/producto\/la-dualidad-de-uno\/\"]}]},{\"@type\":\"ImageObject\",\"inLanguage\":\"es\",\"@id\":\"https:\/\/letrame.com\/catalogo\/producto\/la-dualidad-de-uno\/#primaryimage\",\"url\":\"https:\/\/letrame.com\/catalogo\/wp-content\/uploads\/2024\/04\/redportada_ladualidad_1186mm-copia-1-compressed.jpg\",\"contentUrl\":\"https:\/\/letrame.com\/catalogo\/wp-content\/uploads\/2024\/04\/redportada_ladualidad_1186mm-copia-1-compressed.jpg\",\"width\":601,\"height\":881},{\"@type\":\"BreadcrumbList\",\"@id\":\"https:\/\/letrame.com\/catalogo\/producto\/la-dualidad-de-uno\/#breadcrumb\",\"itemListElement\":[{\"@type\":\"ListItem\",\"position\":1,\"name\":\"Portada\",\"item\":\"https:\/\/letrame.com\/catalogo\/\"},{\"@type\":\"ListItem\",\"position\":2,\"name\":\"Cat\u00e1logo\",\"item\":\"https:\/\/letrame.com\/catalogo\/\"},{\"@type\":\"ListItem\",\"position\":3,\"name\":\"La dualidad de uno\"}]},{\"@type\":\"WebSite\",\"@id\":\"https:\/\/letrame.com\/catalogo\/#website\",\"url\":\"https:\/\/letrame.com\/catalogo\/\",\"name\":\"Catalogo | Letrame Grupo Editorial\",\"description\":\"\",\"publisher\":{\"@id\":\"https:\/\/letrame.com\/catalogo\/#organization\"},\"potentialAction\":[{\"@type\":\"SearchAction\",\"target\":{\"@type\":\"EntryPoint\",\"urlTemplate\":\"https:\/\/letrame.com\/catalogo\/?s={search_term_string}\"},\"query-input\":{\"@type\":\"PropertyValueSpecification\",\"valueRequired\":true,\"valueName\":\"search_term_string\"}}],\"inLanguage\":\"es\"},{\"@type\":\"Organization\",\"@id\":\"https:\/\/letrame.com\/catalogo\/#organization\",\"name\":\"Catalogo | Letrame Grupo Editorial\",\"url\":\"https:\/\/letrame.com\/catalogo\/\",\"logo\":{\"@type\":\"ImageObject\",\"inLanguage\":\"es\",\"@id\":\"https:\/\/letrame.com\/catalogo\/#\/schema\/logo\/image\/\",\"url\":\"https:\/\/letrame.com\/catalogo\/wp-content\/uploads\/2024\/03\/logo2.webp\",\"contentUrl\":\"https:\/\/letrame.com\/catalogo\/wp-content\/uploads\/2024\/03\/logo2.webp\",\"width\":394,\"height\":128,\"caption\":\"Catalogo | Letrame Grupo Editorial\"},\"image\":{\"@id\":\"https:\/\/letrame.com\/catalogo\/#\/schema\/logo\/image\/\"}}]}<\/script>\n<!-- \/ Yoast SEO plugin. -->","yoast_head_json":{"title":"La dualidad de uno - Catalogo | Letrame Grupo Editorial","robots":{"index":"index","follow":"follow","max-snippet":"max-snippet:-1","max-image-preview":"max-image-preview:large","max-video-preview":"max-video-preview:-1"},"canonical":"https:\/\/letrame.com\/catalogo\/producto\/la-dualidad-de-uno\/","og_locale":"es_ES","og_type":"article","og_title":"La dualidad de uno - Catalogo | Letrame Grupo Editorial","og_description":"ISBN: 978-84-1144-069-1 SINOPSIS Roberto es un hombre rom\u00e1ntico, espiritual y pr\u00e1ctico. A trav\u00e9s de sus cavilaciones y las dualidades en su vida personal (drogas y meditaciones), amorosa (desamores y poliamores) y profesional (inversionista y maestro de yoga), entiende la vida a trav\u00e9s de la dualidad. La dualidad es la opci\u00f3n a las dudas existenciales y pr\u00e1cticas de la vida. Explicada a trav\u00e9s de las relaciones y caminos que experimenta Roberto, la dualidad es una propuesta en contra de los maestros espirituales, los vendedores de la iluminaci\u00f3n, los rom\u00e1nticos y los libertinos, o los seguidores fan\u00e1ticos de izquierda o derecha. Roberto entiende que somos individuos porque somos \u201cego\u201d, y que somos uno porque somos familia, comunidad, sistema y energ\u00eda. Recibe fracasos amorosos y rechaza amores extraordinarios, hasta que se da cuenta, el amor contiene al rechazo y la atracci\u00f3n, y s\u00f3lo desde esta dualidad nace el amor incondicional. La Dualidad en uno es una invitaci\u00f3n a celebrar el ego\u00edsmo espiritual, a entender y vivir las contradicciones aparentes de la vida, como el destino y la libertad, o la unidad y la individualidad, para soltar la necesidad de tener una verdad \u00fanica.","og_url":"https:\/\/letrame.com\/catalogo\/producto\/la-dualidad-de-uno\/","og_site_name":"Catalogo | Letrame Grupo Editorial","article_modified_time":"2024-04-29T12:58:59+00:00","og_image":[{"width":601,"height":881,"url":"https:\/\/letrame.com\/catalogo\/wp-content\/uploads\/2024\/04\/redportada_ladualidad_1186mm-copia-1-compressed.jpg","type":"image\/jpeg"}],"twitter_card":"summary_large_image","twitter_misc":{"Tiempo de lectura":"1 minuto"},"schema":{"@context":"https:\/\/schema.org","@graph":[{"@type":"WebPage","@id":"https:\/\/letrame.com\/catalogo\/producto\/la-dualidad-de-uno\/","url":"https:\/\/letrame.com\/catalogo\/producto\/la-dualidad-de-uno\/","name":"La dualidad de uno - Catalogo | Letrame Grupo Editorial","isPartOf":{"@id":"https:\/\/letrame.com\/catalogo\/#website"},"primaryImageOfPage":{"@id":"https:\/\/letrame.com\/catalogo\/producto\/la-dualidad-de-uno\/#primaryimage"},"image":{"@id":"https:\/\/letrame.com\/catalogo\/producto\/la-dualidad-de-uno\/#primaryimage"},"thumbnailUrl":"https:\/\/letrame.com\/catalogo\/wp-content\/uploads\/2024\/04\/redportada_ladualidad_1186mm-copia-1-compressed.jpg","datePublished":"2024-04-29T12:58:56+00:00","dateModified":"2024-04-29T12:58:59+00:00","breadcrumb":{"@id":"https:\/\/letrame.com\/catalogo\/producto\/la-dualidad-de-uno\/#breadcrumb"},"inLanguage":"es","potentialAction":[{"@type":"ReadAction","target":["https:\/\/letrame.com\/catalogo\/producto\/la-dualidad-de-uno\/"]}]},{"@type":"ImageObject","inLanguage":"es","@id":"https:\/\/letrame.com\/catalogo\/producto\/la-dualidad-de-uno\/#primaryimage","url":"https:\/\/letrame.com\/catalogo\/wp-content\/uploads\/2024\/04\/redportada_ladualidad_1186mm-copia-1-compressed.jpg","contentUrl":"https:\/\/letrame.com\/catalogo\/wp-content\/uploads\/2024\/04\/redportada_ladualidad_1186mm-copia-1-compressed.jpg","width":601,"height":881},{"@type":"BreadcrumbList","@id":"https:\/\/letrame.com\/catalogo\/producto\/la-dualidad-de-uno\/#breadcrumb","itemListElement":[{"@type":"ListItem","position":1,"name":"Portada","item":"https:\/\/letrame.com\/catalogo\/"},{"@type":"ListItem","position":2,"name":"Cat\u00e1logo","item":"https:\/\/letrame.com\/catalogo\/"},{"@type":"ListItem","position":3,"name":"La dualidad de uno"}]},{"@type":"WebSite","@id":"https:\/\/letrame.com\/catalogo\/#website","url":"https:\/\/letrame.com\/catalogo\/","name":"Catalogo | Letrame Grupo Editorial","description":"","publisher":{"@id":"https:\/\/letrame.com\/catalogo\/#organization"},"potentialAction":[{"@type":"SearchAction","target":{"@type":"EntryPoint","urlTemplate":"https:\/\/letrame.com\/catalogo\/?s={search_term_string}"},"query-input":{"@type":"PropertyValueSpecification","valueRequired":true,"valueName":"search_term_string"}}],"inLanguage":"es"},{"@type":"Organization","@id":"https:\/\/letrame.com\/catalogo\/#organization","name":"Catalogo | Letrame Grupo Editorial","url":"https:\/\/letrame.com\/catalogo\/","logo":{"@type":"ImageObject","inLanguage":"es","@id":"https:\/\/letrame.com\/catalogo\/#\/schema\/logo\/image\/","url":"https:\/\/letrame.com\/catalogo\/wp-content\/uploads\/2024\/03\/logo2.webp","contentUrl":"https:\/\/letrame.com\/catalogo\/wp-content\/uploads\/2024\/03\/logo2.webp","width":394,"height":128,"caption":"Catalogo | Letrame Grupo Editorial"},"image":{"@id":"https:\/\/letrame.com\/catalogo\/#\/schema\/logo\/image\/"}}]}},"_links":{"self":[{"href":"https:\/\/letrame.com\/catalogo\/wp-json\/wp\/v2\/product\/98318","targetHints":{"allow":["GET"]}}],"collection":[{"href":"https:\/\/letrame.com\/catalogo\/wp-json\/wp\/v2\/product"}],"about":[{"href":"https:\/\/letrame.com\/catalogo\/wp-json\/wp\/v2\/types\/product"}],"replies":[{"embeddable":true,"href":"https:\/\/letrame.com\/catalogo\/wp-json\/wp\/v2\/comments?post=98318"}],"acf:post":[{"embeddable":true,"href":"https:\/\/letrame.com\/catalogo\/wp-json\/wp\/v2\/author_book\/76803"}],"wp:featuredmedia":[{"embeddable":true,"href":"https:\/\/letrame.com\/catalogo\/wp-json\/wp\/v2\/media\/98319"}],"wp:attachment":[{"href":"https:\/\/letrame.com\/catalogo\/wp-json\/wp\/v2\/media?parent=98318"}],"wp:term":[{"taxonomy":"libro","embeddable":true,"href":"https:\/\/letrame.com\/catalogo\/wp-json\/wp\/v2\/libro?post=98318"},{"taxonomy":"product_brand","embeddable":true,"href":"https:\/\/letrame.com\/catalogo\/wp-json\/wp\/v2\/product_brand?post=98318"},{"taxonomy":"product_cat","embeddable":true,"href":"https:\/\/letrame.com\/catalogo\/wp-json\/wp\/v2\/product_cat?post=98318"},{"taxonomy":"product_tag","embeddable":true,"href":"https:\/\/letrame.com\/catalogo\/wp-json\/wp\/v2\/product_tag?post=98318"}],"curies":[{"name":"wp","href":"https:\/\/api.w.org\/{rel}","templated":true}]}}