{"id":98310,"date":"2024-04-29T14:58:45","date_gmt":"2024-04-29T12:58:45","guid":{"rendered":"https:\/\/letrame.com\/catalogo\/producto\/jaula-de-puertas-abiertas\/"},"modified":"2024-08-12T08:17:10","modified_gmt":"2024-08-12T06:17:10","slug":"jaula-de-puertas-abiertas","status":"publish","type":"product","link":"https:\/\/letrame.com\/catalogo\/producto\/jaula-de-puertas-abiertas\/","title":{"rendered":"Jaulas de puertas abiertas"},"content":{"rendered":"<p><strong>ISBN<\/strong>: 978-84-1144-215-2<\/p>\n<p><strong>T\u00edtulo<\/strong>: Jaula de puertas abiertas<br \/>\n<strong>Fecha<\/strong>: 2022<br \/>\n<strong>P\u00e1ginas<\/strong>: 154<\/p>\n<p><strong>SINOPSIS<\/strong><\/p>\n<p>Con la fuerza y belleza narrativa que tienen los textos, logra crear atm\u00f3sferas maravillosas. Describe a unos entra\u00f1ables personajes y captura momentos dignos de pensar y repensar. Se nota la atenta mirada de escritora desde el primer relato. Sobresale la naturalidad, fluidez y profundidad en la escritura. Y eso es una alegr\u00eda para quienes como yo, hemos trabajado en la orientaci\u00f3n y motivaci\u00f3n de este extra\u00f1o, misterioso y bello oficio Olgaluc\u00eda EcheverrigPeriodista cultural con formaci\u00f3n en filosof\u00eda y letras.Realizadora del programa radial Los trabajos y los d\u00edas, de la emisora radial 100.4 de la Universidad Nacional de Colombia.Ganadora de la primera versi\u00f3n del concurso de poes\u00eda Bajo el cielo de An\u00e1 en 2014.<\/p>\n","protected":false},"excerpt":{"rendered":"<p><strong>ISBN<\/strong>: 978-84-1144-215-2<\/p>\n<p><strong>SINOPSIS<\/strong><\/p>\n<p>Con la fuerza y belleza narrativa que tienen los textos, logra crear atm\u00f3sferas maravillosas. Describe a unos entra\u00f1ables personajes y captura momentos dignos de pensar y repensar. Se nota la atenta mirada de escritora desde el primer relato. Sobresale la naturalidad, fluidez y profundidad en la escritura. Y eso es una alegr\u00eda para quienes como yo, hemos trabajado en la orientaci\u00f3n y motivaci\u00f3n de este extra\u00f1o, misterioso y bello oficio Olgaluc\u00eda EcheverrigPeriodista cultural con formaci\u00f3n en filosof\u00eda y letras.Realizadora del programa radial Los trabajos y los d\u00edas, de la emisora radial 100.4 de la Universidad Nacional de Colombia.Ganadora de la primera versi\u00f3n del concurso de poes\u00eda Bajo el cielo de An\u00e1 en 2014.<\/p>\n","protected":false},"featured_media":98311,"comment_status":"closed","ping_status":"closed","template":"","meta":{"_acf_changed":false},"libro":[],"product_brand":[],"product_cat":[21],"product_tag":[],"class_list":{"0":"post-98310","1":"product","2":"type-product","3":"status-publish","4":"has-post-thumbnail","6":"product_cat-relato","8":"first","9":"instock","10":"product-type-simple"},"acf":{"autor":[76798],"enlace_de_compra":"https:\/\/amzn.to\/3SKvdsk"},"yoast_head":"<!-- This site is optimized with the Yoast SEO plugin v26.6 - https:\/\/yoast.com\/wordpress\/plugins\/seo\/ -->\n<title>Jaulas de puertas abiertas - Catalogo | Letrame Grupo Editorial<\/title>\n<meta name=\"robots\" content=\"index, follow, max-snippet:-1, max-image-preview:large, max-video-preview:-1\" \/>\n<link rel=\"canonical\" href=\"https:\/\/letrame.com\/catalogo\/producto\/jaula-de-puertas-abiertas\/\" \/>\n<meta property=\"og:locale\" content=\"es_ES\" \/>\n<meta property=\"og:type\" content=\"article\" \/>\n<meta property=\"og:title\" content=\"Jaulas de puertas abiertas - Catalogo | Letrame Grupo Editorial\" \/>\n<meta property=\"og:description\" content=\"ISBN: 978-84-1144-215-2  SINOPSIS  Con la fuerza y belleza narrativa que tienen los textos, logra crear atm\u00f3sferas maravillosas. Describe a unos entra\u00f1ables personajes y captura momentos dignos de pensar y repensar. Se nota la atenta mirada de escritora desde el primer relato. Sobresale la naturalidad, fluidez y profundidad en la escritura. Y eso es una alegr\u00eda para quienes como yo, hemos trabajado en la orientaci\u00f3n y motivaci\u00f3n de este extra\u00f1o, misterioso y bello oficio Olgaluc\u00eda EcheverrigPeriodista cultural con formaci\u00f3n en filosof\u00eda y letras.Realizadora del programa radial Los trabajos y los d\u00edas, de la emisora radial 100.4 de la Universidad Nacional de Colombia.Ganadora de la primera versi\u00f3n del concurso de poes\u00eda Bajo el cielo de An\u00e1 en 2014.\" \/>\n<meta property=\"og:url\" content=\"https:\/\/letrame.com\/catalogo\/producto\/jaula-de-puertas-abiertas\/\" \/>\n<meta property=\"og:site_name\" content=\"Catalogo | Letrame Grupo Editorial\" \/>\n<meta property=\"article:modified_time\" content=\"2024-08-12T06:17:10+00:00\" \/>\n<meta property=\"og:image\" content=\"https:\/\/letrame.com\/catalogo\/wp-content\/uploads\/2024\/04\/redportada_jaulasdepuertas_817mm-1-compressed.jpg\" \/>\n\t<meta property=\"og:image:width\" content=\"601\" \/>\n\t<meta property=\"og:image:height\" content=\"881\" \/>\n\t<meta property=\"og:image:type\" content=\"image\/jpeg\" \/>\n<meta name=\"twitter:card\" content=\"summary_large_image\" \/>\n<meta name=\"twitter:label1\" content=\"Tiempo de lectura\" \/>\n\t<meta name=\"twitter:data1\" content=\"1 minuto\" \/>\n<script type=\"application\/ld+json\" class=\"yoast-schema-graph\">{\"@context\":\"https:\/\/schema.org\",\"@graph\":[{\"@type\":\"WebPage\",\"@id\":\"https:\/\/letrame.com\/catalogo\/producto\/jaula-de-puertas-abiertas\/\",\"url\":\"https:\/\/letrame.com\/catalogo\/producto\/jaula-de-puertas-abiertas\/\",\"name\":\"Jaulas de puertas abiertas - Catalogo | Letrame Grupo Editorial\",\"isPartOf\":{\"@id\":\"https:\/\/letrame.com\/catalogo\/#website\"},\"primaryImageOfPage\":{\"@id\":\"https:\/\/letrame.com\/catalogo\/producto\/jaula-de-puertas-abiertas\/#primaryimage\"},\"image\":{\"@id\":\"https:\/\/letrame.com\/catalogo\/producto\/jaula-de-puertas-abiertas\/#primaryimage\"},\"thumbnailUrl\":\"https:\/\/letrame.com\/catalogo\/wp-content\/uploads\/2024\/04\/redportada_jaulasdepuertas_817mm-1-compressed.jpg\",\"datePublished\":\"2024-04-29T12:58:45+00:00\",\"dateModified\":\"2024-08-12T06:17:10+00:00\",\"breadcrumb\":{\"@id\":\"https:\/\/letrame.com\/catalogo\/producto\/jaula-de-puertas-abiertas\/#breadcrumb\"},\"inLanguage\":\"es\",\"potentialAction\":[{\"@type\":\"ReadAction\",\"target\":[\"https:\/\/letrame.com\/catalogo\/producto\/jaula-de-puertas-abiertas\/\"]}]},{\"@type\":\"ImageObject\",\"inLanguage\":\"es\",\"@id\":\"https:\/\/letrame.com\/catalogo\/producto\/jaula-de-puertas-abiertas\/#primaryimage\",\"url\":\"https:\/\/letrame.com\/catalogo\/wp-content\/uploads\/2024\/04\/redportada_jaulasdepuertas_817mm-1-compressed.jpg\",\"contentUrl\":\"https:\/\/letrame.com\/catalogo\/wp-content\/uploads\/2024\/04\/redportada_jaulasdepuertas_817mm-1-compressed.jpg\",\"width\":601,\"height\":881},{\"@type\":\"BreadcrumbList\",\"@id\":\"https:\/\/letrame.com\/catalogo\/producto\/jaula-de-puertas-abiertas\/#breadcrumb\",\"itemListElement\":[{\"@type\":\"ListItem\",\"position\":1,\"name\":\"Portada\",\"item\":\"https:\/\/letrame.com\/catalogo\/\"},{\"@type\":\"ListItem\",\"position\":2,\"name\":\"Cat\u00e1logo\",\"item\":\"https:\/\/letrame.com\/catalogo\/\"},{\"@type\":\"ListItem\",\"position\":3,\"name\":\"Jaulas de puertas abiertas\"}]},{\"@type\":\"WebSite\",\"@id\":\"https:\/\/letrame.com\/catalogo\/#website\",\"url\":\"https:\/\/letrame.com\/catalogo\/\",\"name\":\"Catalogo | Letrame Grupo Editorial\",\"description\":\"\",\"publisher\":{\"@id\":\"https:\/\/letrame.com\/catalogo\/#organization\"},\"potentialAction\":[{\"@type\":\"SearchAction\",\"target\":{\"@type\":\"EntryPoint\",\"urlTemplate\":\"https:\/\/letrame.com\/catalogo\/?s={search_term_string}\"},\"query-input\":{\"@type\":\"PropertyValueSpecification\",\"valueRequired\":true,\"valueName\":\"search_term_string\"}}],\"inLanguage\":\"es\"},{\"@type\":\"Organization\",\"@id\":\"https:\/\/letrame.com\/catalogo\/#organization\",\"name\":\"Catalogo | Letrame Grupo Editorial\",\"url\":\"https:\/\/letrame.com\/catalogo\/\",\"logo\":{\"@type\":\"ImageObject\",\"inLanguage\":\"es\",\"@id\":\"https:\/\/letrame.com\/catalogo\/#\/schema\/logo\/image\/\",\"url\":\"https:\/\/letrame.com\/catalogo\/wp-content\/uploads\/2024\/03\/logo2.webp\",\"contentUrl\":\"https:\/\/letrame.com\/catalogo\/wp-content\/uploads\/2024\/03\/logo2.webp\",\"width\":394,\"height\":128,\"caption\":\"Catalogo | Letrame Grupo Editorial\"},\"image\":{\"@id\":\"https:\/\/letrame.com\/catalogo\/#\/schema\/logo\/image\/\"}}]}<\/script>\n<!-- \/ Yoast SEO plugin. -->","yoast_head_json":{"title":"Jaulas de puertas abiertas - Catalogo | Letrame Grupo Editorial","robots":{"index":"index","follow":"follow","max-snippet":"max-snippet:-1","max-image-preview":"max-image-preview:large","max-video-preview":"max-video-preview:-1"},"canonical":"https:\/\/letrame.com\/catalogo\/producto\/jaula-de-puertas-abiertas\/","og_locale":"es_ES","og_type":"article","og_title":"Jaulas de puertas abiertas - Catalogo | Letrame Grupo Editorial","og_description":"ISBN: 978-84-1144-215-2  SINOPSIS  Con la fuerza y belleza narrativa que tienen los textos, logra crear atm\u00f3sferas maravillosas. Describe a unos entra\u00f1ables personajes y captura momentos dignos de pensar y repensar. Se nota la atenta mirada de escritora desde el primer relato. Sobresale la naturalidad, fluidez y profundidad en la escritura. Y eso es una alegr\u00eda para quienes como yo, hemos trabajado en la orientaci\u00f3n y motivaci\u00f3n de este extra\u00f1o, misterioso y bello oficio Olgaluc\u00eda EcheverrigPeriodista cultural con formaci\u00f3n en filosof\u00eda y letras.Realizadora del programa radial Los trabajos y los d\u00edas, de la emisora radial 100.4 de la Universidad Nacional de Colombia.Ganadora de la primera versi\u00f3n del concurso de poes\u00eda Bajo el cielo de An\u00e1 en 2014.","og_url":"https:\/\/letrame.com\/catalogo\/producto\/jaula-de-puertas-abiertas\/","og_site_name":"Catalogo | Letrame Grupo Editorial","article_modified_time":"2024-08-12T06:17:10+00:00","og_image":[{"width":601,"height":881,"url":"https:\/\/letrame.com\/catalogo\/wp-content\/uploads\/2024\/04\/redportada_jaulasdepuertas_817mm-1-compressed.jpg","type":"image\/jpeg"}],"twitter_card":"summary_large_image","twitter_misc":{"Tiempo de lectura":"1 minuto"},"schema":{"@context":"https:\/\/schema.org","@graph":[{"@type":"WebPage","@id":"https:\/\/letrame.com\/catalogo\/producto\/jaula-de-puertas-abiertas\/","url":"https:\/\/letrame.com\/catalogo\/producto\/jaula-de-puertas-abiertas\/","name":"Jaulas de puertas abiertas - Catalogo | Letrame Grupo Editorial","isPartOf":{"@id":"https:\/\/letrame.com\/catalogo\/#website"},"primaryImageOfPage":{"@id":"https:\/\/letrame.com\/catalogo\/producto\/jaula-de-puertas-abiertas\/#primaryimage"},"image":{"@id":"https:\/\/letrame.com\/catalogo\/producto\/jaula-de-puertas-abiertas\/#primaryimage"},"thumbnailUrl":"https:\/\/letrame.com\/catalogo\/wp-content\/uploads\/2024\/04\/redportada_jaulasdepuertas_817mm-1-compressed.jpg","datePublished":"2024-04-29T12:58:45+00:00","dateModified":"2024-08-12T06:17:10+00:00","breadcrumb":{"@id":"https:\/\/letrame.com\/catalogo\/producto\/jaula-de-puertas-abiertas\/#breadcrumb"},"inLanguage":"es","potentialAction":[{"@type":"ReadAction","target":["https:\/\/letrame.com\/catalogo\/producto\/jaula-de-puertas-abiertas\/"]}]},{"@type":"ImageObject","inLanguage":"es","@id":"https:\/\/letrame.com\/catalogo\/producto\/jaula-de-puertas-abiertas\/#primaryimage","url":"https:\/\/letrame.com\/catalogo\/wp-content\/uploads\/2024\/04\/redportada_jaulasdepuertas_817mm-1-compressed.jpg","contentUrl":"https:\/\/letrame.com\/catalogo\/wp-content\/uploads\/2024\/04\/redportada_jaulasdepuertas_817mm-1-compressed.jpg","width":601,"height":881},{"@type":"BreadcrumbList","@id":"https:\/\/letrame.com\/catalogo\/producto\/jaula-de-puertas-abiertas\/#breadcrumb","itemListElement":[{"@type":"ListItem","position":1,"name":"Portada","item":"https:\/\/letrame.com\/catalogo\/"},{"@type":"ListItem","position":2,"name":"Cat\u00e1logo","item":"https:\/\/letrame.com\/catalogo\/"},{"@type":"ListItem","position":3,"name":"Jaulas de puertas abiertas"}]},{"@type":"WebSite","@id":"https:\/\/letrame.com\/catalogo\/#website","url":"https:\/\/letrame.com\/catalogo\/","name":"Catalogo | Letrame Grupo Editorial","description":"","publisher":{"@id":"https:\/\/letrame.com\/catalogo\/#organization"},"potentialAction":[{"@type":"SearchAction","target":{"@type":"EntryPoint","urlTemplate":"https:\/\/letrame.com\/catalogo\/?s={search_term_string}"},"query-input":{"@type":"PropertyValueSpecification","valueRequired":true,"valueName":"search_term_string"}}],"inLanguage":"es"},{"@type":"Organization","@id":"https:\/\/letrame.com\/catalogo\/#organization","name":"Catalogo | Letrame Grupo Editorial","url":"https:\/\/letrame.com\/catalogo\/","logo":{"@type":"ImageObject","inLanguage":"es","@id":"https:\/\/letrame.com\/catalogo\/#\/schema\/logo\/image\/","url":"https:\/\/letrame.com\/catalogo\/wp-content\/uploads\/2024\/03\/logo2.webp","contentUrl":"https:\/\/letrame.com\/catalogo\/wp-content\/uploads\/2024\/03\/logo2.webp","width":394,"height":128,"caption":"Catalogo | Letrame Grupo Editorial"},"image":{"@id":"https:\/\/letrame.com\/catalogo\/#\/schema\/logo\/image\/"}}]}},"_links":{"self":[{"href":"https:\/\/letrame.com\/catalogo\/wp-json\/wp\/v2\/product\/98310","targetHints":{"allow":["GET"]}}],"collection":[{"href":"https:\/\/letrame.com\/catalogo\/wp-json\/wp\/v2\/product"}],"about":[{"href":"https:\/\/letrame.com\/catalogo\/wp-json\/wp\/v2\/types\/product"}],"replies":[{"embeddable":true,"href":"https:\/\/letrame.com\/catalogo\/wp-json\/wp\/v2\/comments?post=98310"}],"acf:post":[{"embeddable":true,"href":"https:\/\/letrame.com\/catalogo\/wp-json\/wp\/v2\/author_book\/76798"}],"wp:featuredmedia":[{"embeddable":true,"href":"https:\/\/letrame.com\/catalogo\/wp-json\/wp\/v2\/media\/98311"}],"wp:attachment":[{"href":"https:\/\/letrame.com\/catalogo\/wp-json\/wp\/v2\/media?parent=98310"}],"wp:term":[{"taxonomy":"libro","embeddable":true,"href":"https:\/\/letrame.com\/catalogo\/wp-json\/wp\/v2\/libro?post=98310"},{"taxonomy":"product_brand","embeddable":true,"href":"https:\/\/letrame.com\/catalogo\/wp-json\/wp\/v2\/product_brand?post=98310"},{"taxonomy":"product_cat","embeddable":true,"href":"https:\/\/letrame.com\/catalogo\/wp-json\/wp\/v2\/product_cat?post=98310"},{"taxonomy":"product_tag","embeddable":true,"href":"https:\/\/letrame.com\/catalogo\/wp-json\/wp\/v2\/product_tag?post=98310"}],"curies":[{"name":"wp","href":"https:\/\/api.w.org\/{rel}","templated":true}]}}