{"id":98308,"date":"2024-04-29T14:58:35","date_gmt":"2024-04-29T12:58:35","guid":{"rendered":"https:\/\/letrame.com\/catalogo\/producto\/didier-2\/"},"modified":"2024-08-12T10:48:56","modified_gmt":"2024-08-12T08:48:56","slug":"didier-2","status":"publish","type":"product","link":"https:\/\/letrame.com\/catalogo\/producto\/didier-2\/","title":{"rendered":"Didier 2"},"content":{"rendered":"<p><strong>ISBN<\/strong>: 978-84-1144-273-2<\/p>\n<p><strong>T\u00edtulo<\/strong>: Didier 2<br \/>\n<strong>Fecha<\/strong>: 2022<br \/>\n<strong>P\u00e1ginas<\/strong>: 184<\/p>\n<p><strong>SINOPSIS<\/strong><\/p>\n<p><strong><u>EL lugar de cada uno<\/u><\/strong><\/p>\n<p>Han pasado veinte a\u00f1os y Didier acaba de convertirse en polic\u00eda. Para celebrar su nombramiento, junto con los compa\u00f1eros de academia, viajan a la Gomera, para visitar a su abuelo. Mientras cenan, reciben una llamada que cambiar\u00e1 sus tranquilas y organizadas vidas hasta entonces.<\/p>\n<p>Esta vertiginosa historia, nos llevar\u00e1 de nuevo por las vivencias de unos personajes, que siguen buscando soluciones a hechos acontecidos en tiempos pasados y que permanecen sin concluir. Ser\u00e1 Alberto el encargado de cerrar ese cap\u00edtulo y continuar con el futuro.<\/p>\n<p>Con Didier 2, visitaremos lugares de Canarias, Madrid, Par\u00eds y Cartagena de Indias, donde los protagonistas residen, tratando de solventar situaciones que se les presentan, ansiosos por conseguir respuestas.<\/p>\n<p>Si la primera parte de esta novela te hizo pasar momentos entra\u00f1ables, divertidos e inolvidables, Didier 2, demostrar\u00e1 que la vida es puro torbellino y plantea retos que ni el mejor jugador de ajedrez puede imaginar. No te la puedes perder.<\/p>\n","protected":false},"excerpt":{"rendered":"<p><strong>ISBN<\/strong>: 978-84-1144-273-2<\/p>\n<p><strong>SINOPSIS<\/strong><\/p>\n<p><strong><u>EL lugar de cada uno<\/u><\/strong><\/p>\n<p>Han pasado veinte a\u00f1os y Didier acaba de convertirse en polic\u00eda. Para celebrar su nombramiento, junto con los compa\u00f1eros de academia, viajan a la Gomera, para visitar a su abuelo. Mientras cenan, reciben una llamada que cambiar\u00e1 sus tranquilas y organizadas vidas hasta entonces.<\/p>\n<p>Esta vertiginosa historia, nos llevar\u00e1 de nuevo por las vivencias de unos personajes, que siguen buscando soluciones a hechos acontecidos en tiempos pasados y que permanecen sin concluir. Ser\u00e1 Alberto el encargado de cerrar ese cap\u00edtulo y continuar con el futuro.<\/p>\n<p>Con Didier 2, visitaremos lugares de Canarias, Madrid, Par\u00eds y Cartagena de Indias, donde los protagonistas residen, tratando de solventar situaciones que se les presentan, ansiosos por conseguir respuestas.<\/p>\n<p>Si la primera parte de esta novela te hizo pasar momentos entra\u00f1ables, divertidos e inolvidables, Didier 2, demostrar\u00e1 que la vida es puro torbellino y plantea retos que ni el mejor jugador de ajedrez puede imaginar. No te la puedes perder.<\/p>\n","protected":false},"featured_media":98309,"comment_status":"closed","ping_status":"closed","template":"","meta":{"_acf_changed":false},"libro":[],"product_brand":[],"product_cat":[16,26],"product_tag":[],"class_list":{"0":"post-98308","1":"product","2":"type-product","3":"status-publish","4":"has-post-thumbnail","6":"product_cat-novela","7":"product_cat-sin-categoria","9":"first","10":"instock","11":"purchasable","12":"product-type-simple"},"acf":{"autor":[75867],"enlace_de_compra":"https:\/\/www.amazon.es\/Didier-Mar%C3%ADa-Concepci%C3%B3n-Rodr%C3%ADguez-Bacallado\/dp\/841144273X\/"},"yoast_head":"<!-- This site is optimized with the Yoast SEO plugin v27.4 - https:\/\/yoast.com\/product\/yoast-seo-wordpress\/ -->\n<title>Didier 2 - Catalogo | Letrame Grupo Editorial<\/title>\n<meta name=\"robots\" content=\"index, follow, max-snippet:-1, max-image-preview:large, max-video-preview:-1\" \/>\n<link rel=\"canonical\" href=\"https:\/\/letrame.com\/catalogo\/producto\/didier-2\/\" \/>\n<meta property=\"og:locale\" content=\"es_ES\" \/>\n<meta property=\"og:type\" content=\"article\" \/>\n<meta property=\"og:title\" content=\"Didier 2 - Catalogo | Letrame Grupo Editorial\" \/>\n<meta property=\"og:description\" content=\"ISBN: 978-84-1144-273-2  SINOPSIS  EL lugar de cada uno  Han pasado veinte a\u00f1os y Didier acaba de convertirse en polic\u00eda. Para celebrar su nombramiento, junto con los compa\u00f1eros de academia, viajan a la Gomera, para visitar a su abuelo. Mientras cenan, reciben una llamada que cambiar\u00e1 sus tranquilas y organizadas vidas hasta entonces.  Esta vertiginosa historia, nos llevar\u00e1 de nuevo por las vivencias de unos personajes, que siguen buscando soluciones a hechos acontecidos en tiempos pasados y que permanecen sin concluir. Ser\u00e1 Alberto el encargado de cerrar ese cap\u00edtulo y continuar con el futuro.  Con Didier 2, visitaremos lugares de Canarias, Madrid, Par\u00eds y Cartagena de Indias, donde los protagonistas residen, tratando de solventar situaciones que se les presentan, ansiosos por conseguir respuestas.  Si la primera parte de esta novela te hizo pasar momentos entra\u00f1ables, divertidos e inolvidables, Didier 2, demostrar\u00e1 que la vida es puro torbellino y plantea retos que ni el mejor jugador de ajedrez puede imaginar. No te la puedes perder.\" \/>\n<meta property=\"og:url\" content=\"https:\/\/letrame.com\/catalogo\/producto\/didier-2\/\" \/>\n<meta property=\"og:site_name\" content=\"Catalogo | Letrame Grupo Editorial\" \/>\n<meta property=\"article:modified_time\" content=\"2024-08-12T08:48:56+00:00\" \/>\n<meta property=\"og:image\" content=\"https:\/\/letrame.com\/catalogo\/wp-content\/uploads\/2024\/04\/redportada_Didier2_956mm-1-compressed.jpg\" \/>\n\t<meta property=\"og:image:width\" content=\"601\" \/>\n\t<meta property=\"og:image:height\" content=\"881\" \/>\n\t<meta property=\"og:image:type\" content=\"image\/jpeg\" \/>\n<meta name=\"twitter:card\" content=\"summary_large_image\" \/>\n<meta name=\"twitter:label1\" content=\"Tiempo de lectura\" \/>\n\t<meta name=\"twitter:data1\" content=\"1 minuto\" \/>\n<script type=\"application\/ld+json\" class=\"yoast-schema-graph\">{\"@context\":\"https:\\\/\\\/schema.org\",\"@graph\":[{\"@type\":\"WebPage\",\"@id\":\"https:\\\/\\\/letrame.com\\\/catalogo\\\/producto\\\/didier-2\\\/\",\"url\":\"https:\\\/\\\/letrame.com\\\/catalogo\\\/producto\\\/didier-2\\\/\",\"name\":\"Didier 2 - Catalogo | Letrame Grupo Editorial\",\"isPartOf\":{\"@id\":\"https:\\\/\\\/letrame.com\\\/catalogo\\\/#website\"},\"primaryImageOfPage\":{\"@id\":\"https:\\\/\\\/letrame.com\\\/catalogo\\\/producto\\\/didier-2\\\/#primaryimage\"},\"image\":{\"@id\":\"https:\\\/\\\/letrame.com\\\/catalogo\\\/producto\\\/didier-2\\\/#primaryimage\"},\"thumbnailUrl\":\"https:\\\/\\\/letrame.com\\\/catalogo\\\/wp-content\\\/uploads\\\/2024\\\/04\\\/redportada_Didier2_956mm-1-compressed.jpg\",\"datePublished\":\"2024-04-29T12:58:35+00:00\",\"dateModified\":\"2024-08-12T08:48:56+00:00\",\"breadcrumb\":{\"@id\":\"https:\\\/\\\/letrame.com\\\/catalogo\\\/producto\\\/didier-2\\\/#breadcrumb\"},\"inLanguage\":\"es\",\"potentialAction\":[{\"@type\":\"ReadAction\",\"target\":[\"https:\\\/\\\/letrame.com\\\/catalogo\\\/producto\\\/didier-2\\\/\"]}]},{\"@type\":\"ImageObject\",\"inLanguage\":\"es\",\"@id\":\"https:\\\/\\\/letrame.com\\\/catalogo\\\/producto\\\/didier-2\\\/#primaryimage\",\"url\":\"https:\\\/\\\/letrame.com\\\/catalogo\\\/wp-content\\\/uploads\\\/2024\\\/04\\\/redportada_Didier2_956mm-1-compressed.jpg\",\"contentUrl\":\"https:\\\/\\\/letrame.com\\\/catalogo\\\/wp-content\\\/uploads\\\/2024\\\/04\\\/redportada_Didier2_956mm-1-compressed.jpg\",\"width\":601,\"height\":881},{\"@type\":\"BreadcrumbList\",\"@id\":\"https:\\\/\\\/letrame.com\\\/catalogo\\\/producto\\\/didier-2\\\/#breadcrumb\",\"itemListElement\":[{\"@type\":\"ListItem\",\"position\":1,\"name\":\"Portada\",\"item\":\"https:\\\/\\\/letrame.com\\\/catalogo\\\/\"},{\"@type\":\"ListItem\",\"position\":2,\"name\":\"Cat\u00e1logo\",\"item\":\"https:\\\/\\\/letrame.com\\\/catalogo\\\/\"},{\"@type\":\"ListItem\",\"position\":3,\"name\":\"Didier 2\"}]},{\"@type\":\"WebSite\",\"@id\":\"https:\\\/\\\/letrame.com\\\/catalogo\\\/#website\",\"url\":\"https:\\\/\\\/letrame.com\\\/catalogo\\\/\",\"name\":\"Catalogo | Letrame Grupo Editorial\",\"description\":\"\",\"publisher\":{\"@id\":\"https:\\\/\\\/letrame.com\\\/catalogo\\\/#organization\"},\"potentialAction\":[{\"@type\":\"SearchAction\",\"target\":{\"@type\":\"EntryPoint\",\"urlTemplate\":\"https:\\\/\\\/letrame.com\\\/catalogo\\\/?s={search_term_string}\"},\"query-input\":{\"@type\":\"PropertyValueSpecification\",\"valueRequired\":true,\"valueName\":\"search_term_string\"}}],\"inLanguage\":\"es\"},{\"@type\":\"Organization\",\"@id\":\"https:\\\/\\\/letrame.com\\\/catalogo\\\/#organization\",\"name\":\"Catalogo | Letrame Grupo Editorial\",\"url\":\"https:\\\/\\\/letrame.com\\\/catalogo\\\/\",\"logo\":{\"@type\":\"ImageObject\",\"inLanguage\":\"es\",\"@id\":\"https:\\\/\\\/letrame.com\\\/catalogo\\\/#\\\/schema\\\/logo\\\/image\\\/\",\"url\":\"https:\\\/\\\/letrame.com\\\/catalogo\\\/wp-content\\\/uploads\\\/2024\\\/03\\\/logo2.webp\",\"contentUrl\":\"https:\\\/\\\/letrame.com\\\/catalogo\\\/wp-content\\\/uploads\\\/2024\\\/03\\\/logo2.webp\",\"width\":394,\"height\":128,\"caption\":\"Catalogo | Letrame Grupo Editorial\"},\"image\":{\"@id\":\"https:\\\/\\\/letrame.com\\\/catalogo\\\/#\\\/schema\\\/logo\\\/image\\\/\"}}]}<\/script>\n<!-- \/ Yoast SEO plugin. -->","yoast_head_json":{"title":"Didier 2 - Catalogo | Letrame Grupo Editorial","robots":{"index":"index","follow":"follow","max-snippet":"max-snippet:-1","max-image-preview":"max-image-preview:large","max-video-preview":"max-video-preview:-1"},"canonical":"https:\/\/letrame.com\/catalogo\/producto\/didier-2\/","og_locale":"es_ES","og_type":"article","og_title":"Didier 2 - Catalogo | Letrame Grupo Editorial","og_description":"ISBN: 978-84-1144-273-2  SINOPSIS  EL lugar de cada uno  Han pasado veinte a\u00f1os y Didier acaba de convertirse en polic\u00eda. Para celebrar su nombramiento, junto con los compa\u00f1eros de academia, viajan a la Gomera, para visitar a su abuelo. Mientras cenan, reciben una llamada que cambiar\u00e1 sus tranquilas y organizadas vidas hasta entonces.  Esta vertiginosa historia, nos llevar\u00e1 de nuevo por las vivencias de unos personajes, que siguen buscando soluciones a hechos acontecidos en tiempos pasados y que permanecen sin concluir. Ser\u00e1 Alberto el encargado de cerrar ese cap\u00edtulo y continuar con el futuro.  Con Didier 2, visitaremos lugares de Canarias, Madrid, Par\u00eds y Cartagena de Indias, donde los protagonistas residen, tratando de solventar situaciones que se les presentan, ansiosos por conseguir respuestas.  Si la primera parte de esta novela te hizo pasar momentos entra\u00f1ables, divertidos e inolvidables, Didier 2, demostrar\u00e1 que la vida es puro torbellino y plantea retos que ni el mejor jugador de ajedrez puede imaginar. No te la puedes perder.","og_url":"https:\/\/letrame.com\/catalogo\/producto\/didier-2\/","og_site_name":"Catalogo | Letrame Grupo Editorial","article_modified_time":"2024-08-12T08:48:56+00:00","og_image":[{"width":601,"height":881,"url":"https:\/\/letrame.com\/catalogo\/wp-content\/uploads\/2024\/04\/redportada_Didier2_956mm-1-compressed.jpg","type":"image\/jpeg"}],"twitter_card":"summary_large_image","twitter_misc":{"Tiempo de lectura":"1 minuto"},"schema":{"@context":"https:\/\/schema.org","@graph":[{"@type":"WebPage","@id":"https:\/\/letrame.com\/catalogo\/producto\/didier-2\/","url":"https:\/\/letrame.com\/catalogo\/producto\/didier-2\/","name":"Didier 2 - Catalogo | Letrame Grupo Editorial","isPartOf":{"@id":"https:\/\/letrame.com\/catalogo\/#website"},"primaryImageOfPage":{"@id":"https:\/\/letrame.com\/catalogo\/producto\/didier-2\/#primaryimage"},"image":{"@id":"https:\/\/letrame.com\/catalogo\/producto\/didier-2\/#primaryimage"},"thumbnailUrl":"https:\/\/letrame.com\/catalogo\/wp-content\/uploads\/2024\/04\/redportada_Didier2_956mm-1-compressed.jpg","datePublished":"2024-04-29T12:58:35+00:00","dateModified":"2024-08-12T08:48:56+00:00","breadcrumb":{"@id":"https:\/\/letrame.com\/catalogo\/producto\/didier-2\/#breadcrumb"},"inLanguage":"es","potentialAction":[{"@type":"ReadAction","target":["https:\/\/letrame.com\/catalogo\/producto\/didier-2\/"]}]},{"@type":"ImageObject","inLanguage":"es","@id":"https:\/\/letrame.com\/catalogo\/producto\/didier-2\/#primaryimage","url":"https:\/\/letrame.com\/catalogo\/wp-content\/uploads\/2024\/04\/redportada_Didier2_956mm-1-compressed.jpg","contentUrl":"https:\/\/letrame.com\/catalogo\/wp-content\/uploads\/2024\/04\/redportada_Didier2_956mm-1-compressed.jpg","width":601,"height":881},{"@type":"BreadcrumbList","@id":"https:\/\/letrame.com\/catalogo\/producto\/didier-2\/#breadcrumb","itemListElement":[{"@type":"ListItem","position":1,"name":"Portada","item":"https:\/\/letrame.com\/catalogo\/"},{"@type":"ListItem","position":2,"name":"Cat\u00e1logo","item":"https:\/\/letrame.com\/catalogo\/"},{"@type":"ListItem","position":3,"name":"Didier 2"}]},{"@type":"WebSite","@id":"https:\/\/letrame.com\/catalogo\/#website","url":"https:\/\/letrame.com\/catalogo\/","name":"Catalogo | Letrame Grupo Editorial","description":"","publisher":{"@id":"https:\/\/letrame.com\/catalogo\/#organization"},"potentialAction":[{"@type":"SearchAction","target":{"@type":"EntryPoint","urlTemplate":"https:\/\/letrame.com\/catalogo\/?s={search_term_string}"},"query-input":{"@type":"PropertyValueSpecification","valueRequired":true,"valueName":"search_term_string"}}],"inLanguage":"es"},{"@type":"Organization","@id":"https:\/\/letrame.com\/catalogo\/#organization","name":"Catalogo | Letrame Grupo Editorial","url":"https:\/\/letrame.com\/catalogo\/","logo":{"@type":"ImageObject","inLanguage":"es","@id":"https:\/\/letrame.com\/catalogo\/#\/schema\/logo\/image\/","url":"https:\/\/letrame.com\/catalogo\/wp-content\/uploads\/2024\/03\/logo2.webp","contentUrl":"https:\/\/letrame.com\/catalogo\/wp-content\/uploads\/2024\/03\/logo2.webp","width":394,"height":128,"caption":"Catalogo | Letrame Grupo Editorial"},"image":{"@id":"https:\/\/letrame.com\/catalogo\/#\/schema\/logo\/image\/"}}]}},"_links":{"self":[{"href":"https:\/\/letrame.com\/catalogo\/wp-json\/wp\/v2\/product\/98308","targetHints":{"allow":["GET"]}}],"collection":[{"href":"https:\/\/letrame.com\/catalogo\/wp-json\/wp\/v2\/product"}],"about":[{"href":"https:\/\/letrame.com\/catalogo\/wp-json\/wp\/v2\/types\/product"}],"replies":[{"embeddable":true,"href":"https:\/\/letrame.com\/catalogo\/wp-json\/wp\/v2\/comments?post=98308"}],"acf:post":[{"embeddable":true,"href":"https:\/\/letrame.com\/catalogo\/wp-json\/wp\/v2\/author_book\/75867"}],"wp:featuredmedia":[{"embeddable":true,"href":"https:\/\/letrame.com\/catalogo\/wp-json\/wp\/v2\/media\/98309"}],"wp:attachment":[{"href":"https:\/\/letrame.com\/catalogo\/wp-json\/wp\/v2\/media?parent=98308"}],"wp:term":[{"taxonomy":"libro","embeddable":true,"href":"https:\/\/letrame.com\/catalogo\/wp-json\/wp\/v2\/libro?post=98308"},{"taxonomy":"product_brand","embeddable":true,"href":"https:\/\/letrame.com\/catalogo\/wp-json\/wp\/v2\/product_brand?post=98308"},{"taxonomy":"product_cat","embeddable":true,"href":"https:\/\/letrame.com\/catalogo\/wp-json\/wp\/v2\/product_cat?post=98308"},{"taxonomy":"product_tag","embeddable":true,"href":"https:\/\/letrame.com\/catalogo\/wp-json\/wp\/v2\/product_tag?post=98308"}],"curies":[{"name":"wp","href":"https:\/\/api.w.org\/{rel}","templated":true}]}}