{"id":98303,"date":"2024-04-29T14:57:46","date_gmt":"2024-04-29T12:57:46","guid":{"rendered":"https:\/\/letrame.com\/catalogo\/producto\/instinto-o-intuicion\/"},"modified":"2024-05-16T16:19:58","modified_gmt":"2024-05-16T14:19:58","slug":"instinto-o-intuicion","status":"publish","type":"product","link":"https:\/\/letrame.com\/catalogo\/producto\/instinto-o-intuicion\/","title":{"rendered":"\u00bfInstinto o Intuici\u00f3n?"},"content":{"rendered":"<p><strong>ISBN<\/strong>: 978-84-1144-455-2<\/p>\n<p><strong>T\u00edtulo<\/strong>: \u00bfInstinto o Intuici\u00f3n?<br \/>\n<strong>Fecha<\/strong>: 2022<br \/>\n<strong>P\u00e1ginas<\/strong>: 298<\/p>\n<p><strong>SINOPSIS<\/strong><\/p>\n<p><strong>\u00bfInstinto o intuici\u00f3n? <\/strong>La vida del personaje principal nos cuenta, en primera persona, la historia de un camino en constante evoluci\u00f3n. Procedente de una peque\u00f1a aldea regida por unas inquebrantables tradiciones, el personaje recibe, en un inesperado acontecimiento, una llamada de su interior que le impulsa a cambiar el trascurso de su vida.<\/p>\n<p>El autor invita al lector a ser el copiloto de un apasionante viaje donde experimentar\u00e1 las diferentes sorpresas que se le presentar\u00e1n al protagonista hasta llegar a su destino.<\/p>\n<p>Una cautivadora historia vivida entre dos continentes opuestos, a cargo de personajes poli\u00e9dricos y repleta de vivencias y emociones.<\/p>\n<p>Esta historia de proclamaci\u00f3n, de auto definici\u00f3n, de elecciones y de valor empujar\u00e1 al lector a la reflexi\u00f3n sobre el destino y las decisiones personales.<\/p>\n<p>&nbsp;<\/p>\n<p>&nbsp;<\/p>\n","protected":false},"excerpt":{"rendered":"<p><strong>ISBN<\/strong>: 978-84-1144-455-2<\/p>\n<p><strong>SINOPSIS<\/strong><\/p>\n<p><strong>\u00bfInstinto o intuici\u00f3n? <\/strong>La vida del personaje principal nos cuenta, en primera persona, la historia de un camino en constante evoluci\u00f3n. Procedente de una peque\u00f1a aldea regida por unas inquebrantables tradiciones, el personaje recibe, en un inesperado acontecimiento, una llamada de su interior que le impulsa a cambiar el trascurso de su vida.<\/p>\n<p>El autor invita al lector a ser el copiloto de un apasionante viaje donde experimentar\u00e1 las diferentes sorpresas que se le presentar\u00e1n al protagonista hasta llegar a su destino.<\/p>\n<p>Una cautivadora historia vivida entre dos continentes opuestos, a cargo de personajes poli\u00e9dricos y repleta de vivencias y emociones.<\/p>\n<p>Esta historia de proclamaci\u00f3n, de auto definici\u00f3n, de elecciones y de valor empujar\u00e1 al lector a la reflexi\u00f3n sobre el destino y las decisiones personales.<\/p>\n<p>&nbsp;<\/p>\n<p>&nbsp;<\/p>\n","protected":false},"featured_media":100389,"comment_status":"closed","ping_status":"closed","template":"","meta":{"_acf_changed":false},"libro":[],"product_brand":[],"product_cat":[26],"product_tag":[],"class_list":{"0":"post-98303","1":"product","2":"type-product","3":"status-publish","4":"has-post-thumbnail","6":"product_cat-sin-categoria","8":"first","9":"instock","10":"product-type-simple"},"acf":{"autor":[76791],"enlace_de_compra":""},"yoast_head":"<!-- This site is optimized with the Yoast SEO plugin v26.6 - https:\/\/yoast.com\/wordpress\/plugins\/seo\/ -->\n<title>\u00bfInstinto o Intuici\u00f3n? - Catalogo | Letrame Grupo Editorial<\/title>\n<meta name=\"robots\" content=\"index, follow, max-snippet:-1, max-image-preview:large, max-video-preview:-1\" \/>\n<link rel=\"canonical\" href=\"https:\/\/letrame.com\/catalogo\/producto\/instinto-o-intuicion\/\" \/>\n<meta property=\"og:locale\" content=\"es_ES\" \/>\n<meta property=\"og:type\" content=\"article\" \/>\n<meta property=\"og:title\" content=\"\u00bfInstinto o Intuici\u00f3n? - Catalogo | Letrame Grupo Editorial\" \/>\n<meta property=\"og:description\" content=\"ISBN: 978-84-1144-455-2  SINOPSIS  \u00bfInstinto o intuici\u00f3n? La vida del personaje principal nos cuenta, en primera persona, la historia de un camino en constante evoluci\u00f3n. Procedente de una peque\u00f1a aldea regida por unas inquebrantables tradiciones, el personaje recibe, en un inesperado acontecimiento, una llamada de su interior que le impulsa a cambiar el trascurso de su vida.  El autor invita al lector a ser el copiloto de un apasionante viaje donde experimentar\u00e1 las diferentes sorpresas que se le presentar\u00e1n al protagonista hasta llegar a su destino.  Una cautivadora historia vivida entre dos continentes opuestos, a cargo de personajes poli\u00e9dricos y repleta de vivencias y emociones.  Esta historia de proclamaci\u00f3n, de auto definici\u00f3n, de elecciones y de valor empujar\u00e1 al lector a la reflexi\u00f3n sobre el destino y las decisiones personales.  &nbsp;  &nbsp;\" \/>\n<meta property=\"og:url\" content=\"https:\/\/letrame.com\/catalogo\/producto\/instinto-o-intuicion\/\" \/>\n<meta property=\"og:site_name\" content=\"Catalogo | Letrame Grupo Editorial\" \/>\n<meta property=\"article:modified_time\" content=\"2024-05-16T14:19:58+00:00\" \/>\n<meta property=\"og:image\" content=\"https:\/\/letrame.com\/catalogo\/wp-content\/uploads\/2024\/04\/redportada_\u00bfintuicionoinstinto\uf025_1481mm-1.webp\" \/>\n\t<meta property=\"og:image:width\" content=\"601\" \/>\n\t<meta property=\"og:image:height\" content=\"881\" \/>\n\t<meta property=\"og:image:type\" content=\"image\/webp\" \/>\n<meta name=\"twitter:card\" content=\"summary_large_image\" \/>\n<meta name=\"twitter:label1\" content=\"Tiempo de lectura\" \/>\n\t<meta name=\"twitter:data1\" content=\"1 minuto\" \/>\n<script type=\"application\/ld+json\" class=\"yoast-schema-graph\">{\"@context\":\"https:\/\/schema.org\",\"@graph\":[{\"@type\":\"WebPage\",\"@id\":\"https:\/\/letrame.com\/catalogo\/producto\/instinto-o-intuicion\/\",\"url\":\"https:\/\/letrame.com\/catalogo\/producto\/instinto-o-intuicion\/\",\"name\":\"\u00bfInstinto o Intuici\u00f3n? - Catalogo | Letrame Grupo Editorial\",\"isPartOf\":{\"@id\":\"https:\/\/letrame.com\/catalogo\/#website\"},\"primaryImageOfPage\":{\"@id\":\"https:\/\/letrame.com\/catalogo\/producto\/instinto-o-intuicion\/#primaryimage\"},\"image\":{\"@id\":\"https:\/\/letrame.com\/catalogo\/producto\/instinto-o-intuicion\/#primaryimage\"},\"thumbnailUrl\":\"https:\/\/letrame.com\/catalogo\/wp-content\/uploads\/2024\/04\/redportada_\u00bfintuicionoinstinto\uf025_1481mm-1.webp\",\"datePublished\":\"2024-04-29T12:57:46+00:00\",\"dateModified\":\"2024-05-16T14:19:58+00:00\",\"breadcrumb\":{\"@id\":\"https:\/\/letrame.com\/catalogo\/producto\/instinto-o-intuicion\/#breadcrumb\"},\"inLanguage\":\"es\",\"potentialAction\":[{\"@type\":\"ReadAction\",\"target\":[\"https:\/\/letrame.com\/catalogo\/producto\/instinto-o-intuicion\/\"]}]},{\"@type\":\"ImageObject\",\"inLanguage\":\"es\",\"@id\":\"https:\/\/letrame.com\/catalogo\/producto\/instinto-o-intuicion\/#primaryimage\",\"url\":\"https:\/\/letrame.com\/catalogo\/wp-content\/uploads\/2024\/04\/redportada_\u00bfintuicionoinstinto\uf025_1481mm-1.webp\",\"contentUrl\":\"https:\/\/letrame.com\/catalogo\/wp-content\/uploads\/2024\/04\/redportada_\u00bfintuicionoinstinto\uf025_1481mm-1.webp\",\"width\":601,\"height\":881},{\"@type\":\"BreadcrumbList\",\"@id\":\"https:\/\/letrame.com\/catalogo\/producto\/instinto-o-intuicion\/#breadcrumb\",\"itemListElement\":[{\"@type\":\"ListItem\",\"position\":1,\"name\":\"Portada\",\"item\":\"https:\/\/letrame.com\/catalogo\/\"},{\"@type\":\"ListItem\",\"position\":2,\"name\":\"Cat\u00e1logo\",\"item\":\"https:\/\/letrame.com\/catalogo\/\"},{\"@type\":\"ListItem\",\"position\":3,\"name\":\"\u00bfInstinto o Intuici\u00f3n?\"}]},{\"@type\":\"WebSite\",\"@id\":\"https:\/\/letrame.com\/catalogo\/#website\",\"url\":\"https:\/\/letrame.com\/catalogo\/\",\"name\":\"Catalogo | Letrame Grupo Editorial\",\"description\":\"\",\"publisher\":{\"@id\":\"https:\/\/letrame.com\/catalogo\/#organization\"},\"potentialAction\":[{\"@type\":\"SearchAction\",\"target\":{\"@type\":\"EntryPoint\",\"urlTemplate\":\"https:\/\/letrame.com\/catalogo\/?s={search_term_string}\"},\"query-input\":{\"@type\":\"PropertyValueSpecification\",\"valueRequired\":true,\"valueName\":\"search_term_string\"}}],\"inLanguage\":\"es\"},{\"@type\":\"Organization\",\"@id\":\"https:\/\/letrame.com\/catalogo\/#organization\",\"name\":\"Catalogo | Letrame Grupo Editorial\",\"url\":\"https:\/\/letrame.com\/catalogo\/\",\"logo\":{\"@type\":\"ImageObject\",\"inLanguage\":\"es\",\"@id\":\"https:\/\/letrame.com\/catalogo\/#\/schema\/logo\/image\/\",\"url\":\"https:\/\/letrame.com\/catalogo\/wp-content\/uploads\/2024\/03\/logo2.webp\",\"contentUrl\":\"https:\/\/letrame.com\/catalogo\/wp-content\/uploads\/2024\/03\/logo2.webp\",\"width\":394,\"height\":128,\"caption\":\"Catalogo | Letrame Grupo Editorial\"},\"image\":{\"@id\":\"https:\/\/letrame.com\/catalogo\/#\/schema\/logo\/image\/\"}}]}<\/script>\n<!-- \/ Yoast SEO plugin. -->","yoast_head_json":{"title":"\u00bfInstinto o Intuici\u00f3n? - Catalogo | Letrame Grupo Editorial","robots":{"index":"index","follow":"follow","max-snippet":"max-snippet:-1","max-image-preview":"max-image-preview:large","max-video-preview":"max-video-preview:-1"},"canonical":"https:\/\/letrame.com\/catalogo\/producto\/instinto-o-intuicion\/","og_locale":"es_ES","og_type":"article","og_title":"\u00bfInstinto o Intuici\u00f3n? - Catalogo | Letrame Grupo Editorial","og_description":"ISBN: 978-84-1144-455-2  SINOPSIS  \u00bfInstinto o intuici\u00f3n? La vida del personaje principal nos cuenta, en primera persona, la historia de un camino en constante evoluci\u00f3n. Procedente de una peque\u00f1a aldea regida por unas inquebrantables tradiciones, el personaje recibe, en un inesperado acontecimiento, una llamada de su interior que le impulsa a cambiar el trascurso de su vida.  El autor invita al lector a ser el copiloto de un apasionante viaje donde experimentar\u00e1 las diferentes sorpresas que se le presentar\u00e1n al protagonista hasta llegar a su destino.  Una cautivadora historia vivida entre dos continentes opuestos, a cargo de personajes poli\u00e9dricos y repleta de vivencias y emociones.  Esta historia de proclamaci\u00f3n, de auto definici\u00f3n, de elecciones y de valor empujar\u00e1 al lector a la reflexi\u00f3n sobre el destino y las decisiones personales.  &nbsp;  &nbsp;","og_url":"https:\/\/letrame.com\/catalogo\/producto\/instinto-o-intuicion\/","og_site_name":"Catalogo | Letrame Grupo Editorial","article_modified_time":"2024-05-16T14:19:58+00:00","og_image":[{"width":601,"height":881,"url":"https:\/\/letrame.com\/catalogo\/wp-content\/uploads\/2024\/04\/redportada_\u00bfintuicionoinstinto\uf025_1481mm-1.webp","type":"image\/webp"}],"twitter_card":"summary_large_image","twitter_misc":{"Tiempo de lectura":"1 minuto"},"schema":{"@context":"https:\/\/schema.org","@graph":[{"@type":"WebPage","@id":"https:\/\/letrame.com\/catalogo\/producto\/instinto-o-intuicion\/","url":"https:\/\/letrame.com\/catalogo\/producto\/instinto-o-intuicion\/","name":"\u00bfInstinto o Intuici\u00f3n? - Catalogo | Letrame Grupo Editorial","isPartOf":{"@id":"https:\/\/letrame.com\/catalogo\/#website"},"primaryImageOfPage":{"@id":"https:\/\/letrame.com\/catalogo\/producto\/instinto-o-intuicion\/#primaryimage"},"image":{"@id":"https:\/\/letrame.com\/catalogo\/producto\/instinto-o-intuicion\/#primaryimage"},"thumbnailUrl":"https:\/\/letrame.com\/catalogo\/wp-content\/uploads\/2024\/04\/redportada_\u00bfintuicionoinstinto\uf025_1481mm-1.webp","datePublished":"2024-04-29T12:57:46+00:00","dateModified":"2024-05-16T14:19:58+00:00","breadcrumb":{"@id":"https:\/\/letrame.com\/catalogo\/producto\/instinto-o-intuicion\/#breadcrumb"},"inLanguage":"es","potentialAction":[{"@type":"ReadAction","target":["https:\/\/letrame.com\/catalogo\/producto\/instinto-o-intuicion\/"]}]},{"@type":"ImageObject","inLanguage":"es","@id":"https:\/\/letrame.com\/catalogo\/producto\/instinto-o-intuicion\/#primaryimage","url":"https:\/\/letrame.com\/catalogo\/wp-content\/uploads\/2024\/04\/redportada_\u00bfintuicionoinstinto\uf025_1481mm-1.webp","contentUrl":"https:\/\/letrame.com\/catalogo\/wp-content\/uploads\/2024\/04\/redportada_\u00bfintuicionoinstinto\uf025_1481mm-1.webp","width":601,"height":881},{"@type":"BreadcrumbList","@id":"https:\/\/letrame.com\/catalogo\/producto\/instinto-o-intuicion\/#breadcrumb","itemListElement":[{"@type":"ListItem","position":1,"name":"Portada","item":"https:\/\/letrame.com\/catalogo\/"},{"@type":"ListItem","position":2,"name":"Cat\u00e1logo","item":"https:\/\/letrame.com\/catalogo\/"},{"@type":"ListItem","position":3,"name":"\u00bfInstinto o Intuici\u00f3n?"}]},{"@type":"WebSite","@id":"https:\/\/letrame.com\/catalogo\/#website","url":"https:\/\/letrame.com\/catalogo\/","name":"Catalogo | Letrame Grupo Editorial","description":"","publisher":{"@id":"https:\/\/letrame.com\/catalogo\/#organization"},"potentialAction":[{"@type":"SearchAction","target":{"@type":"EntryPoint","urlTemplate":"https:\/\/letrame.com\/catalogo\/?s={search_term_string}"},"query-input":{"@type":"PropertyValueSpecification","valueRequired":true,"valueName":"search_term_string"}}],"inLanguage":"es"},{"@type":"Organization","@id":"https:\/\/letrame.com\/catalogo\/#organization","name":"Catalogo | Letrame Grupo Editorial","url":"https:\/\/letrame.com\/catalogo\/","logo":{"@type":"ImageObject","inLanguage":"es","@id":"https:\/\/letrame.com\/catalogo\/#\/schema\/logo\/image\/","url":"https:\/\/letrame.com\/catalogo\/wp-content\/uploads\/2024\/03\/logo2.webp","contentUrl":"https:\/\/letrame.com\/catalogo\/wp-content\/uploads\/2024\/03\/logo2.webp","width":394,"height":128,"caption":"Catalogo | Letrame Grupo Editorial"},"image":{"@id":"https:\/\/letrame.com\/catalogo\/#\/schema\/logo\/image\/"}}]}},"_links":{"self":[{"href":"https:\/\/letrame.com\/catalogo\/wp-json\/wp\/v2\/product\/98303","targetHints":{"allow":["GET"]}}],"collection":[{"href":"https:\/\/letrame.com\/catalogo\/wp-json\/wp\/v2\/product"}],"about":[{"href":"https:\/\/letrame.com\/catalogo\/wp-json\/wp\/v2\/types\/product"}],"replies":[{"embeddable":true,"href":"https:\/\/letrame.com\/catalogo\/wp-json\/wp\/v2\/comments?post=98303"}],"acf:post":[{"embeddable":true,"href":"https:\/\/letrame.com\/catalogo\/wp-json\/wp\/v2\/author_book\/76791"}],"wp:featuredmedia":[{"embeddable":true,"href":"https:\/\/letrame.com\/catalogo\/wp-json\/wp\/v2\/media\/100389"}],"wp:attachment":[{"href":"https:\/\/letrame.com\/catalogo\/wp-json\/wp\/v2\/media?parent=98303"}],"wp:term":[{"taxonomy":"libro","embeddable":true,"href":"https:\/\/letrame.com\/catalogo\/wp-json\/wp\/v2\/libro?post=98303"},{"taxonomy":"product_brand","embeddable":true,"href":"https:\/\/letrame.com\/catalogo\/wp-json\/wp\/v2\/product_brand?post=98303"},{"taxonomy":"product_cat","embeddable":true,"href":"https:\/\/letrame.com\/catalogo\/wp-json\/wp\/v2\/product_cat?post=98303"},{"taxonomy":"product_tag","embeddable":true,"href":"https:\/\/letrame.com\/catalogo\/wp-json\/wp\/v2\/product_tag?post=98303"}],"curies":[{"name":"wp","href":"https:\/\/api.w.org\/{rel}","templated":true}]}}