{"id":98291,"date":"2024-04-29T14:57:10","date_gmt":"2024-04-29T12:57:10","guid":{"rendered":"https:\/\/letrame.com\/catalogo\/producto\/feminismo-en-los-hogares-del-primer-mundo\/"},"modified":"2024-04-29T14:57:16","modified_gmt":"2024-04-29T12:57:16","slug":"feminismo-en-los-hogares-del-primer-mundo","status":"publish","type":"product","link":"https:\/\/letrame.com\/catalogo\/producto\/feminismo-en-los-hogares-del-primer-mundo\/","title":{"rendered":"Feminismo en los hogares del primer mundo"},"content":{"rendered":"<p><strong>ISBN<\/strong>: 978-84-1144-246-6<\/p>\n<p><strong>T\u00edtulo<\/strong>: Feminismo en los hogares del primer mundo<br \/>\n<strong>Fecha<\/strong>: 2022<br \/>\n<strong>P\u00e1ginas<\/strong>: 168<\/p>\n<p><strong>SINOPSIS<\/strong><\/p>\n<p>Feminismo, machismo\u2026 T\u00e9rminos que aparecen constantemente en nuestro d\u00eda a d\u00eda y que, al leerlos o escucharlos, tenemos una concepci\u00f3n bastante clara acerca de ellos\u2026 o eso es lo que todos creemos.<\/p>\n<p>En <em>Feminismo en los hogares del primer mundo<\/em>, esta concepci\u00f3n cambia por completo. Descubriremos c\u00f3mo el autor, bajo su seud\u00f3nimo de Perry, nos aporta un punto de vista cuanto menos curioso que, sin duda alguna, nos dejar\u00e1 sorprendidos.<\/p>\n","protected":false},"excerpt":{"rendered":"<p><strong>ISBN<\/strong>: 978-84-1144-246-6<\/p>\n<p><strong>SINOPSIS<\/strong><\/p>\n<p>Feminismo, machismo\u2026 T\u00e9rminos que aparecen constantemente en nuestro d\u00eda a d\u00eda y que, al leerlos o escucharlos, tenemos una concepci\u00f3n bastante clara acerca de ellos\u2026 o eso es lo que todos creemos.<\/p>\n<p>En <em>Feminismo en los hogares del primer mundo<\/em>, esta concepci\u00f3n cambia por completo. Descubriremos c\u00f3mo el autor, bajo su seud\u00f3nimo de Perry, nos aporta un punto de vista cuanto menos curioso que, sin duda alguna, nos dejar\u00e1 sorprendidos.<\/p>\n","protected":false},"featured_media":98292,"comment_status":"closed","ping_status":"open","template":"","meta":{"_acf_changed":false},"libro":[],"product_brand":[],"product_cat":[26],"product_tag":[],"class_list":{"0":"post-98291","1":"product","2":"type-product","3":"status-publish","4":"has-post-thumbnail","6":"product_cat-sin-categoria","8":"first","9":"instock","10":"product-type-simple"},"acf":{"autor":[76779],"enlace_de_compra":"https:\/\/www.amazon.es\/Feminismo-los-hogares-primer-mundo\/dp\/8411442462\/"},"yoast_head":"<!-- This site is optimized with the Yoast SEO plugin v27.4 - https:\/\/yoast.com\/product\/yoast-seo-wordpress\/ -->\n<title>Feminismo en los hogares del primer mundo - Catalogo | Letrame Grupo Editorial<\/title>\n<meta name=\"robots\" content=\"index, follow, max-snippet:-1, max-image-preview:large, max-video-preview:-1\" \/>\n<link rel=\"canonical\" href=\"https:\/\/letrame.com\/catalogo\/producto\/feminismo-en-los-hogares-del-primer-mundo\/\" \/>\n<meta property=\"og:locale\" content=\"es_ES\" \/>\n<meta property=\"og:type\" content=\"article\" \/>\n<meta property=\"og:title\" content=\"Feminismo en los hogares del primer mundo - Catalogo | Letrame Grupo Editorial\" \/>\n<meta property=\"og:description\" content=\"ISBN: 978-84-1144-246-6 SINOPSIS Feminismo, machismo\u2026 T\u00e9rminos que aparecen constantemente en nuestro d\u00eda a d\u00eda y que, al leerlos o escucharlos, tenemos una concepci\u00f3n bastante clara acerca de ellos\u2026 o eso es lo que todos creemos. En Feminismo en los hogares del primer mundo, esta concepci\u00f3n cambia por completo. Descubriremos c\u00f3mo el autor, bajo su seud\u00f3nimo de Perry, nos aporta un punto de vista cuanto menos curioso que, sin duda alguna, nos dejar\u00e1 sorprendidos.\" \/>\n<meta property=\"og:url\" content=\"https:\/\/letrame.com\/catalogo\/producto\/feminismo-en-los-hogares-del-primer-mundo\/\" \/>\n<meta property=\"og:site_name\" content=\"Catalogo | Letrame Grupo Editorial\" \/>\n<meta property=\"article:modified_time\" content=\"2024-04-29T12:57:16+00:00\" \/>\n<meta property=\"og:image\" content=\"https:\/\/letrame.com\/catalogo\/wp-content\/uploads\/2024\/04\/redportada_feminismo_882mm-2-scaled-1.jpg\" \/>\n\t<meta property=\"og:image:width\" content=\"1746\" \/>\n\t<meta property=\"og:image:height\" content=\"2560\" \/>\n\t<meta property=\"og:image:type\" content=\"image\/jpeg\" \/>\n<meta name=\"twitter:card\" content=\"summary_large_image\" \/>\n<script type=\"application\/ld+json\" class=\"yoast-schema-graph\">{\"@context\":\"https:\\\/\\\/schema.org\",\"@graph\":[{\"@type\":\"WebPage\",\"@id\":\"https:\\\/\\\/letrame.com\\\/catalogo\\\/producto\\\/feminismo-en-los-hogares-del-primer-mundo\\\/\",\"url\":\"https:\\\/\\\/letrame.com\\\/catalogo\\\/producto\\\/feminismo-en-los-hogares-del-primer-mundo\\\/\",\"name\":\"Feminismo en los hogares del primer mundo - Catalogo | Letrame Grupo Editorial\",\"isPartOf\":{\"@id\":\"https:\\\/\\\/letrame.com\\\/catalogo\\\/#website\"},\"primaryImageOfPage\":{\"@id\":\"https:\\\/\\\/letrame.com\\\/catalogo\\\/producto\\\/feminismo-en-los-hogares-del-primer-mundo\\\/#primaryimage\"},\"image\":{\"@id\":\"https:\\\/\\\/letrame.com\\\/catalogo\\\/producto\\\/feminismo-en-los-hogares-del-primer-mundo\\\/#primaryimage\"},\"thumbnailUrl\":\"https:\\\/\\\/letrame.com\\\/catalogo\\\/wp-content\\\/uploads\\\/2024\\\/04\\\/redportada_feminismo_882mm-2-scaled-1.jpg\",\"datePublished\":\"2024-04-29T12:57:10+00:00\",\"dateModified\":\"2024-04-29T12:57:16+00:00\",\"breadcrumb\":{\"@id\":\"https:\\\/\\\/letrame.com\\\/catalogo\\\/producto\\\/feminismo-en-los-hogares-del-primer-mundo\\\/#breadcrumb\"},\"inLanguage\":\"es\",\"potentialAction\":[{\"@type\":\"ReadAction\",\"target\":[\"https:\\\/\\\/letrame.com\\\/catalogo\\\/producto\\\/feminismo-en-los-hogares-del-primer-mundo\\\/\"]}]},{\"@type\":\"ImageObject\",\"inLanguage\":\"es\",\"@id\":\"https:\\\/\\\/letrame.com\\\/catalogo\\\/producto\\\/feminismo-en-los-hogares-del-primer-mundo\\\/#primaryimage\",\"url\":\"https:\\\/\\\/letrame.com\\\/catalogo\\\/wp-content\\\/uploads\\\/2024\\\/04\\\/redportada_feminismo_882mm-2-scaled-1.jpg\",\"contentUrl\":\"https:\\\/\\\/letrame.com\\\/catalogo\\\/wp-content\\\/uploads\\\/2024\\\/04\\\/redportada_feminismo_882mm-2-scaled-1.jpg\",\"width\":1746,\"height\":2560},{\"@type\":\"BreadcrumbList\",\"@id\":\"https:\\\/\\\/letrame.com\\\/catalogo\\\/producto\\\/feminismo-en-los-hogares-del-primer-mundo\\\/#breadcrumb\",\"itemListElement\":[{\"@type\":\"ListItem\",\"position\":1,\"name\":\"Portada\",\"item\":\"https:\\\/\\\/letrame.com\\\/catalogo\\\/\"},{\"@type\":\"ListItem\",\"position\":2,\"name\":\"Cat\u00e1logo\",\"item\":\"https:\\\/\\\/letrame.com\\\/catalogo\\\/\"},{\"@type\":\"ListItem\",\"position\":3,\"name\":\"Feminismo en los hogares del primer mundo\"}]},{\"@type\":\"WebSite\",\"@id\":\"https:\\\/\\\/letrame.com\\\/catalogo\\\/#website\",\"url\":\"https:\\\/\\\/letrame.com\\\/catalogo\\\/\",\"name\":\"Catalogo | Letrame Grupo Editorial\",\"description\":\"\",\"publisher\":{\"@id\":\"https:\\\/\\\/letrame.com\\\/catalogo\\\/#organization\"},\"potentialAction\":[{\"@type\":\"SearchAction\",\"target\":{\"@type\":\"EntryPoint\",\"urlTemplate\":\"https:\\\/\\\/letrame.com\\\/catalogo\\\/?s={search_term_string}\"},\"query-input\":{\"@type\":\"PropertyValueSpecification\",\"valueRequired\":true,\"valueName\":\"search_term_string\"}}],\"inLanguage\":\"es\"},{\"@type\":\"Organization\",\"@id\":\"https:\\\/\\\/letrame.com\\\/catalogo\\\/#organization\",\"name\":\"Catalogo | Letrame Grupo Editorial\",\"url\":\"https:\\\/\\\/letrame.com\\\/catalogo\\\/\",\"logo\":{\"@type\":\"ImageObject\",\"inLanguage\":\"es\",\"@id\":\"https:\\\/\\\/letrame.com\\\/catalogo\\\/#\\\/schema\\\/logo\\\/image\\\/\",\"url\":\"https:\\\/\\\/letrame.com\\\/catalogo\\\/wp-content\\\/uploads\\\/2024\\\/03\\\/logo2.webp\",\"contentUrl\":\"https:\\\/\\\/letrame.com\\\/catalogo\\\/wp-content\\\/uploads\\\/2024\\\/03\\\/logo2.webp\",\"width\":394,\"height\":128,\"caption\":\"Catalogo | Letrame Grupo Editorial\"},\"image\":{\"@id\":\"https:\\\/\\\/letrame.com\\\/catalogo\\\/#\\\/schema\\\/logo\\\/image\\\/\"}}]}<\/script>\n<!-- \/ Yoast SEO plugin. -->","yoast_head_json":{"title":"Feminismo en los hogares del primer mundo - Catalogo | Letrame Grupo Editorial","robots":{"index":"index","follow":"follow","max-snippet":"max-snippet:-1","max-image-preview":"max-image-preview:large","max-video-preview":"max-video-preview:-1"},"canonical":"https:\/\/letrame.com\/catalogo\/producto\/feminismo-en-los-hogares-del-primer-mundo\/","og_locale":"es_ES","og_type":"article","og_title":"Feminismo en los hogares del primer mundo - Catalogo | Letrame Grupo Editorial","og_description":"ISBN: 978-84-1144-246-6 SINOPSIS Feminismo, machismo\u2026 T\u00e9rminos que aparecen constantemente en nuestro d\u00eda a d\u00eda y que, al leerlos o escucharlos, tenemos una concepci\u00f3n bastante clara acerca de ellos\u2026 o eso es lo que todos creemos. En Feminismo en los hogares del primer mundo, esta concepci\u00f3n cambia por completo. Descubriremos c\u00f3mo el autor, bajo su seud\u00f3nimo de Perry, nos aporta un punto de vista cuanto menos curioso que, sin duda alguna, nos dejar\u00e1 sorprendidos.","og_url":"https:\/\/letrame.com\/catalogo\/producto\/feminismo-en-los-hogares-del-primer-mundo\/","og_site_name":"Catalogo | Letrame Grupo Editorial","article_modified_time":"2024-04-29T12:57:16+00:00","og_image":[{"width":1746,"height":2560,"url":"https:\/\/letrame.com\/catalogo\/wp-content\/uploads\/2024\/04\/redportada_feminismo_882mm-2-scaled-1.jpg","type":"image\/jpeg"}],"twitter_card":"summary_large_image","schema":{"@context":"https:\/\/schema.org","@graph":[{"@type":"WebPage","@id":"https:\/\/letrame.com\/catalogo\/producto\/feminismo-en-los-hogares-del-primer-mundo\/","url":"https:\/\/letrame.com\/catalogo\/producto\/feminismo-en-los-hogares-del-primer-mundo\/","name":"Feminismo en los hogares del primer mundo - Catalogo | Letrame Grupo Editorial","isPartOf":{"@id":"https:\/\/letrame.com\/catalogo\/#website"},"primaryImageOfPage":{"@id":"https:\/\/letrame.com\/catalogo\/producto\/feminismo-en-los-hogares-del-primer-mundo\/#primaryimage"},"image":{"@id":"https:\/\/letrame.com\/catalogo\/producto\/feminismo-en-los-hogares-del-primer-mundo\/#primaryimage"},"thumbnailUrl":"https:\/\/letrame.com\/catalogo\/wp-content\/uploads\/2024\/04\/redportada_feminismo_882mm-2-scaled-1.jpg","datePublished":"2024-04-29T12:57:10+00:00","dateModified":"2024-04-29T12:57:16+00:00","breadcrumb":{"@id":"https:\/\/letrame.com\/catalogo\/producto\/feminismo-en-los-hogares-del-primer-mundo\/#breadcrumb"},"inLanguage":"es","potentialAction":[{"@type":"ReadAction","target":["https:\/\/letrame.com\/catalogo\/producto\/feminismo-en-los-hogares-del-primer-mundo\/"]}]},{"@type":"ImageObject","inLanguage":"es","@id":"https:\/\/letrame.com\/catalogo\/producto\/feminismo-en-los-hogares-del-primer-mundo\/#primaryimage","url":"https:\/\/letrame.com\/catalogo\/wp-content\/uploads\/2024\/04\/redportada_feminismo_882mm-2-scaled-1.jpg","contentUrl":"https:\/\/letrame.com\/catalogo\/wp-content\/uploads\/2024\/04\/redportada_feminismo_882mm-2-scaled-1.jpg","width":1746,"height":2560},{"@type":"BreadcrumbList","@id":"https:\/\/letrame.com\/catalogo\/producto\/feminismo-en-los-hogares-del-primer-mundo\/#breadcrumb","itemListElement":[{"@type":"ListItem","position":1,"name":"Portada","item":"https:\/\/letrame.com\/catalogo\/"},{"@type":"ListItem","position":2,"name":"Cat\u00e1logo","item":"https:\/\/letrame.com\/catalogo\/"},{"@type":"ListItem","position":3,"name":"Feminismo en los hogares del primer mundo"}]},{"@type":"WebSite","@id":"https:\/\/letrame.com\/catalogo\/#website","url":"https:\/\/letrame.com\/catalogo\/","name":"Catalogo | Letrame Grupo Editorial","description":"","publisher":{"@id":"https:\/\/letrame.com\/catalogo\/#organization"},"potentialAction":[{"@type":"SearchAction","target":{"@type":"EntryPoint","urlTemplate":"https:\/\/letrame.com\/catalogo\/?s={search_term_string}"},"query-input":{"@type":"PropertyValueSpecification","valueRequired":true,"valueName":"search_term_string"}}],"inLanguage":"es"},{"@type":"Organization","@id":"https:\/\/letrame.com\/catalogo\/#organization","name":"Catalogo | Letrame Grupo Editorial","url":"https:\/\/letrame.com\/catalogo\/","logo":{"@type":"ImageObject","inLanguage":"es","@id":"https:\/\/letrame.com\/catalogo\/#\/schema\/logo\/image\/","url":"https:\/\/letrame.com\/catalogo\/wp-content\/uploads\/2024\/03\/logo2.webp","contentUrl":"https:\/\/letrame.com\/catalogo\/wp-content\/uploads\/2024\/03\/logo2.webp","width":394,"height":128,"caption":"Catalogo | Letrame Grupo Editorial"},"image":{"@id":"https:\/\/letrame.com\/catalogo\/#\/schema\/logo\/image\/"}}]}},"_links":{"self":[{"href":"https:\/\/letrame.com\/catalogo\/wp-json\/wp\/v2\/product\/98291","targetHints":{"allow":["GET"]}}],"collection":[{"href":"https:\/\/letrame.com\/catalogo\/wp-json\/wp\/v2\/product"}],"about":[{"href":"https:\/\/letrame.com\/catalogo\/wp-json\/wp\/v2\/types\/product"}],"replies":[{"embeddable":true,"href":"https:\/\/letrame.com\/catalogo\/wp-json\/wp\/v2\/comments?post=98291"}],"acf:post":[{"embeddable":true,"href":"https:\/\/letrame.com\/catalogo\/wp-json\/wp\/v2\/author_book\/76779"}],"wp:featuredmedia":[{"embeddable":true,"href":"https:\/\/letrame.com\/catalogo\/wp-json\/wp\/v2\/media\/98292"}],"wp:attachment":[{"href":"https:\/\/letrame.com\/catalogo\/wp-json\/wp\/v2\/media?parent=98291"}],"wp:term":[{"taxonomy":"libro","embeddable":true,"href":"https:\/\/letrame.com\/catalogo\/wp-json\/wp\/v2\/libro?post=98291"},{"taxonomy":"product_brand","embeddable":true,"href":"https:\/\/letrame.com\/catalogo\/wp-json\/wp\/v2\/product_brand?post=98291"},{"taxonomy":"product_cat","embeddable":true,"href":"https:\/\/letrame.com\/catalogo\/wp-json\/wp\/v2\/product_cat?post=98291"},{"taxonomy":"product_tag","embeddable":true,"href":"https:\/\/letrame.com\/catalogo\/wp-json\/wp\/v2\/product_tag?post=98291"}],"curies":[{"name":"wp","href":"https:\/\/api.w.org\/{rel}","templated":true}]}}