{"id":98278,"date":"2024-04-29T14:56:13","date_gmt":"2024-04-29T12:56:13","guid":{"rendered":"https:\/\/letrame.com\/catalogo\/producto\/depresion-valores-y-triunfo\/"},"modified":"2024-05-16T16:20:05","modified_gmt":"2024-05-16T14:20:05","slug":"depresion-valores-y-triunfo","status":"publish","type":"product","link":"https:\/\/letrame.com\/catalogo\/producto\/depresion-valores-y-triunfo\/","title":{"rendered":"Depresi\u00f3n, valores y triunfo"},"content":{"rendered":"<p><strong>ISBN<\/strong>: 978-84-1144-365-4<\/p>\n<p><strong>T\u00edtulo<\/strong>: Depresi\u00f3n, valores y triunfo<br \/>\n<strong>Fecha<\/strong>: 2022<br \/>\n<strong>P\u00e1ginas<\/strong>: 124<\/p>\n<p><strong>SINOPSIS<\/strong><\/p>\n<p>\u00bfPor qu\u00e9 es importante saber de depresi\u00f3n?<\/p>\n<p>Hoy se habla mucho de depresi\u00f3n y la mayor\u00eda la empleamos para se\u00f1alar cualquier estado emocional producido por una tristeza, a\u00fan sin saber que esta sea diagnosticada como depresi\u00f3n, en este este texto vas a encontrar su definici\u00f3n y c\u00f3mo podemos ayudarnos.<\/p>\n<p>Es una sencilla obra con lenguaje de f\u00e1cil comprensi\u00f3n para todos, por lo tanto, no es un texto cient\u00edfico que te va a dar de manera detallada explicaciones profundas del significado de depresi\u00f3n, pues m\u00e1s bien, es una definici\u00f3n del concepto, y al mismo tiempo una invitaci\u00f3n a atenderse, en caso de que se presente esta enfermedad en la vida de personal, de un amigo, familiar o de alguien conocido.<\/p>\n<p>En este sentido, se se\u00f1alan los espacios en los que puedes recibir la atenci\u00f3n, si as\u00ed lo deseas, o si se opta por la medicina alternativa como la acupuntura, se explica la importancia de ella y se describen algunos ejemplos que puedes realizar todos los d\u00edas para regular tu nivel de angustia o de tristeza.<\/p>\n<p>Son sencillos tips que puedes practicar continuamente y que te ayudan a regular el estado emocional y por supuesto van encaminados a mejorar la salud personal y, sobre todo, qu\u00e9 hacer desde la infancia para evitar, en mayor medida, caer en esta enfermedad.<\/p>\n<p>&nbsp;<\/p>\n","protected":false},"excerpt":{"rendered":"<p><strong>ISBN<\/strong>: 978-84-1144-365-4<\/p>\n<p><strong>SINOPSIS<\/strong><\/p>\n<p>\u00bfPor qu\u00e9 es importante saber de depresi\u00f3n?<\/p>\n<p>Hoy se habla mucho de depresi\u00f3n y la mayor\u00eda la empleamos para se\u00f1alar cualquier estado emocional producido por una tristeza, a\u00fan sin saber que esta sea diagnosticada como depresi\u00f3n, en este este texto vas a encontrar su definici\u00f3n y c\u00f3mo podemos ayudarnos.<\/p>\n<p>Es una sencilla obra con lenguaje de f\u00e1cil comprensi\u00f3n para todos, por lo tanto, no es un texto cient\u00edfico que te va a dar de manera detallada explicaciones profundas del significado de depresi\u00f3n, pues m\u00e1s bien, es una definici\u00f3n del concepto, y al mismo tiempo una invitaci\u00f3n a atenderse, en caso de que se presente esta enfermedad en la vida de personal, de un amigo, familiar o de alguien conocido.<\/p>\n<p>En este sentido, se se\u00f1alan los espacios en los que puedes recibir la atenci\u00f3n, si as\u00ed lo deseas, o si se opta por la medicina alternativa como la acupuntura, se explica la importancia de ella y se describen algunos ejemplos que puedes realizar todos los d\u00edas para regular tu nivel de angustia o de tristeza.<\/p>\n<p>Son sencillos tips que puedes practicar continuamente y que te ayudan a regular el estado emocional y por supuesto van encaminados a mejorar la salud personal y, sobre todo, qu\u00e9 hacer desde la infancia para evitar, en mayor medida, caer en esta enfermedad.<\/p>\n","protected":false},"featured_media":100391,"comment_status":"closed","ping_status":"closed","template":"","meta":{"_acf_changed":false},"libro":[],"product_brand":[],"product_cat":[26],"product_tag":[],"class_list":{"0":"post-98278","1":"product","2":"type-product","3":"status-publish","4":"has-post-thumbnail","6":"product_cat-sin-categoria","8":"first","9":"instock","10":"purchasable","11":"product-type-simple"},"acf":{"autor":[76768],"enlace_de_compra":"https:\/\/paypal.me\/valoresdyt?country.y=MX&amp;locale.x=es_XC\/"},"yoast_head":"<!-- This site is optimized with the Yoast SEO plugin v27.4 - https:\/\/yoast.com\/product\/yoast-seo-wordpress\/ -->\n<title>Depresi\u00f3n, valores y triunfo - Catalogo | Letrame Grupo Editorial<\/title>\n<meta name=\"robots\" content=\"index, follow, max-snippet:-1, max-image-preview:large, max-video-preview:-1\" \/>\n<link rel=\"canonical\" href=\"https:\/\/letrame.com\/catalogo\/producto\/depresion-valores-y-triunfo\/\" \/>\n<meta property=\"og:locale\" content=\"es_ES\" \/>\n<meta property=\"og:type\" content=\"article\" \/>\n<meta property=\"og:title\" content=\"Depresi\u00f3n, valores y triunfo - Catalogo | Letrame Grupo Editorial\" \/>\n<meta property=\"og:description\" content=\"ISBN: 978-84-1144-365-4  SINOPSIS  \u00bfPor qu\u00e9 es importante saber de depresi\u00f3n?  Hoy se habla mucho de depresi\u00f3n y la mayor\u00eda la empleamos para se\u00f1alar cualquier estado emocional producido por una tristeza, a\u00fan sin saber que esta sea diagnosticada como depresi\u00f3n, en este este texto vas a encontrar su definici\u00f3n y c\u00f3mo podemos ayudarnos.  Es una sencilla obra con lenguaje de f\u00e1cil comprensi\u00f3n para todos, por lo tanto, no es un texto cient\u00edfico que te va a dar de manera detallada explicaciones profundas del significado de depresi\u00f3n, pues m\u00e1s bien, es una definici\u00f3n del concepto, y al mismo tiempo una invitaci\u00f3n a atenderse, en caso de que se presente esta enfermedad en la vida de personal, de un amigo, familiar o de alguien conocido.  En este sentido, se se\u00f1alan los espacios en los que puedes recibir la atenci\u00f3n, si as\u00ed lo deseas, o si se opta por la medicina alternativa como la acupuntura, se explica la importancia de ella y se describen algunos ejemplos que puedes realizar todos los d\u00edas para regular tu nivel de angustia o de tristeza.  Son sencillos tips que puedes practicar continuamente y que te ayudan a regular el estado emocional y por supuesto van encaminados a mejorar la salud personal y, sobre todo, qu\u00e9 hacer desde la infancia para evitar, en mayor medida, caer en esta enfermedad.\" \/>\n<meta property=\"og:url\" content=\"https:\/\/letrame.com\/catalogo\/producto\/depresion-valores-y-triunfo\/\" \/>\n<meta property=\"og:site_name\" content=\"Catalogo | Letrame Grupo Editorial\" \/>\n<meta property=\"article:modified_time\" content=\"2024-05-16T14:20:05+00:00\" \/>\n<meta property=\"og:image\" content=\"https:\/\/letrame.com\/catalogo\/wp-content\/uploads\/2024\/04\/redportada_depresion_679mm-1-compressed.webp\" \/>\n\t<meta property=\"og:image:width\" content=\"601\" \/>\n\t<meta property=\"og:image:height\" content=\"881\" \/>\n\t<meta property=\"og:image:type\" content=\"image\/webp\" \/>\n<meta name=\"twitter:card\" content=\"summary_large_image\" \/>\n<meta name=\"twitter:label1\" content=\"Tiempo de lectura\" \/>\n\t<meta name=\"twitter:data1\" content=\"2 minutos\" \/>\n<script type=\"application\/ld+json\" class=\"yoast-schema-graph\">{\"@context\":\"https:\\\/\\\/schema.org\",\"@graph\":[{\"@type\":\"WebPage\",\"@id\":\"https:\\\/\\\/letrame.com\\\/catalogo\\\/producto\\\/depresion-valores-y-triunfo\\\/\",\"url\":\"https:\\\/\\\/letrame.com\\\/catalogo\\\/producto\\\/depresion-valores-y-triunfo\\\/\",\"name\":\"Depresi\u00f3n, valores y triunfo - Catalogo | Letrame Grupo Editorial\",\"isPartOf\":{\"@id\":\"https:\\\/\\\/letrame.com\\\/catalogo\\\/#website\"},\"primaryImageOfPage\":{\"@id\":\"https:\\\/\\\/letrame.com\\\/catalogo\\\/producto\\\/depresion-valores-y-triunfo\\\/#primaryimage\"},\"image\":{\"@id\":\"https:\\\/\\\/letrame.com\\\/catalogo\\\/producto\\\/depresion-valores-y-triunfo\\\/#primaryimage\"},\"thumbnailUrl\":\"https:\\\/\\\/letrame.com\\\/catalogo\\\/wp-content\\\/uploads\\\/2024\\\/04\\\/redportada_depresion_679mm-1-compressed.webp\",\"datePublished\":\"2024-04-29T12:56:13+00:00\",\"dateModified\":\"2024-05-16T14:20:05+00:00\",\"breadcrumb\":{\"@id\":\"https:\\\/\\\/letrame.com\\\/catalogo\\\/producto\\\/depresion-valores-y-triunfo\\\/#breadcrumb\"},\"inLanguage\":\"es\",\"potentialAction\":[{\"@type\":\"ReadAction\",\"target\":[\"https:\\\/\\\/letrame.com\\\/catalogo\\\/producto\\\/depresion-valores-y-triunfo\\\/\"]}]},{\"@type\":\"ImageObject\",\"inLanguage\":\"es\",\"@id\":\"https:\\\/\\\/letrame.com\\\/catalogo\\\/producto\\\/depresion-valores-y-triunfo\\\/#primaryimage\",\"url\":\"https:\\\/\\\/letrame.com\\\/catalogo\\\/wp-content\\\/uploads\\\/2024\\\/04\\\/redportada_depresion_679mm-1-compressed.webp\",\"contentUrl\":\"https:\\\/\\\/letrame.com\\\/catalogo\\\/wp-content\\\/uploads\\\/2024\\\/04\\\/redportada_depresion_679mm-1-compressed.webp\",\"width\":601,\"height\":881},{\"@type\":\"BreadcrumbList\",\"@id\":\"https:\\\/\\\/letrame.com\\\/catalogo\\\/producto\\\/depresion-valores-y-triunfo\\\/#breadcrumb\",\"itemListElement\":[{\"@type\":\"ListItem\",\"position\":1,\"name\":\"Portada\",\"item\":\"https:\\\/\\\/letrame.com\\\/catalogo\\\/\"},{\"@type\":\"ListItem\",\"position\":2,\"name\":\"Cat\u00e1logo\",\"item\":\"https:\\\/\\\/letrame.com\\\/catalogo\\\/\"},{\"@type\":\"ListItem\",\"position\":3,\"name\":\"Depresi\u00f3n, valores y triunfo\"}]},{\"@type\":\"WebSite\",\"@id\":\"https:\\\/\\\/letrame.com\\\/catalogo\\\/#website\",\"url\":\"https:\\\/\\\/letrame.com\\\/catalogo\\\/\",\"name\":\"Catalogo | Letrame Grupo Editorial\",\"description\":\"\",\"publisher\":{\"@id\":\"https:\\\/\\\/letrame.com\\\/catalogo\\\/#organization\"},\"potentialAction\":[{\"@type\":\"SearchAction\",\"target\":{\"@type\":\"EntryPoint\",\"urlTemplate\":\"https:\\\/\\\/letrame.com\\\/catalogo\\\/?s={search_term_string}\"},\"query-input\":{\"@type\":\"PropertyValueSpecification\",\"valueRequired\":true,\"valueName\":\"search_term_string\"}}],\"inLanguage\":\"es\"},{\"@type\":\"Organization\",\"@id\":\"https:\\\/\\\/letrame.com\\\/catalogo\\\/#organization\",\"name\":\"Catalogo | Letrame Grupo Editorial\",\"url\":\"https:\\\/\\\/letrame.com\\\/catalogo\\\/\",\"logo\":{\"@type\":\"ImageObject\",\"inLanguage\":\"es\",\"@id\":\"https:\\\/\\\/letrame.com\\\/catalogo\\\/#\\\/schema\\\/logo\\\/image\\\/\",\"url\":\"https:\\\/\\\/letrame.com\\\/catalogo\\\/wp-content\\\/uploads\\\/2024\\\/03\\\/logo2.webp\",\"contentUrl\":\"https:\\\/\\\/letrame.com\\\/catalogo\\\/wp-content\\\/uploads\\\/2024\\\/03\\\/logo2.webp\",\"width\":394,\"height\":128,\"caption\":\"Catalogo | Letrame Grupo Editorial\"},\"image\":{\"@id\":\"https:\\\/\\\/letrame.com\\\/catalogo\\\/#\\\/schema\\\/logo\\\/image\\\/\"}}]}<\/script>\n<!-- \/ Yoast SEO plugin. -->","yoast_head_json":{"title":"Depresi\u00f3n, valores y triunfo - Catalogo | Letrame Grupo Editorial","robots":{"index":"index","follow":"follow","max-snippet":"max-snippet:-1","max-image-preview":"max-image-preview:large","max-video-preview":"max-video-preview:-1"},"canonical":"https:\/\/letrame.com\/catalogo\/producto\/depresion-valores-y-triunfo\/","og_locale":"es_ES","og_type":"article","og_title":"Depresi\u00f3n, valores y triunfo - Catalogo | Letrame Grupo Editorial","og_description":"ISBN: 978-84-1144-365-4  SINOPSIS  \u00bfPor qu\u00e9 es importante saber de depresi\u00f3n?  Hoy se habla mucho de depresi\u00f3n y la mayor\u00eda la empleamos para se\u00f1alar cualquier estado emocional producido por una tristeza, a\u00fan sin saber que esta sea diagnosticada como depresi\u00f3n, en este este texto vas a encontrar su definici\u00f3n y c\u00f3mo podemos ayudarnos.  Es una sencilla obra con lenguaje de f\u00e1cil comprensi\u00f3n para todos, por lo tanto, no es un texto cient\u00edfico que te va a dar de manera detallada explicaciones profundas del significado de depresi\u00f3n, pues m\u00e1s bien, es una definici\u00f3n del concepto, y al mismo tiempo una invitaci\u00f3n a atenderse, en caso de que se presente esta enfermedad en la vida de personal, de un amigo, familiar o de alguien conocido.  En este sentido, se se\u00f1alan los espacios en los que puedes recibir la atenci\u00f3n, si as\u00ed lo deseas, o si se opta por la medicina alternativa como la acupuntura, se explica la importancia de ella y se describen algunos ejemplos que puedes realizar todos los d\u00edas para regular tu nivel de angustia o de tristeza.  Son sencillos tips que puedes practicar continuamente y que te ayudan a regular el estado emocional y por supuesto van encaminados a mejorar la salud personal y, sobre todo, qu\u00e9 hacer desde la infancia para evitar, en mayor medida, caer en esta enfermedad.","og_url":"https:\/\/letrame.com\/catalogo\/producto\/depresion-valores-y-triunfo\/","og_site_name":"Catalogo | Letrame Grupo Editorial","article_modified_time":"2024-05-16T14:20:05+00:00","og_image":[{"width":601,"height":881,"url":"https:\/\/letrame.com\/catalogo\/wp-content\/uploads\/2024\/04\/redportada_depresion_679mm-1-compressed.webp","type":"image\/webp"}],"twitter_card":"summary_large_image","twitter_misc":{"Tiempo de lectura":"2 minutos"},"schema":{"@context":"https:\/\/schema.org","@graph":[{"@type":"WebPage","@id":"https:\/\/letrame.com\/catalogo\/producto\/depresion-valores-y-triunfo\/","url":"https:\/\/letrame.com\/catalogo\/producto\/depresion-valores-y-triunfo\/","name":"Depresi\u00f3n, valores y triunfo - Catalogo | Letrame Grupo Editorial","isPartOf":{"@id":"https:\/\/letrame.com\/catalogo\/#website"},"primaryImageOfPage":{"@id":"https:\/\/letrame.com\/catalogo\/producto\/depresion-valores-y-triunfo\/#primaryimage"},"image":{"@id":"https:\/\/letrame.com\/catalogo\/producto\/depresion-valores-y-triunfo\/#primaryimage"},"thumbnailUrl":"https:\/\/letrame.com\/catalogo\/wp-content\/uploads\/2024\/04\/redportada_depresion_679mm-1-compressed.webp","datePublished":"2024-04-29T12:56:13+00:00","dateModified":"2024-05-16T14:20:05+00:00","breadcrumb":{"@id":"https:\/\/letrame.com\/catalogo\/producto\/depresion-valores-y-triunfo\/#breadcrumb"},"inLanguage":"es","potentialAction":[{"@type":"ReadAction","target":["https:\/\/letrame.com\/catalogo\/producto\/depresion-valores-y-triunfo\/"]}]},{"@type":"ImageObject","inLanguage":"es","@id":"https:\/\/letrame.com\/catalogo\/producto\/depresion-valores-y-triunfo\/#primaryimage","url":"https:\/\/letrame.com\/catalogo\/wp-content\/uploads\/2024\/04\/redportada_depresion_679mm-1-compressed.webp","contentUrl":"https:\/\/letrame.com\/catalogo\/wp-content\/uploads\/2024\/04\/redportada_depresion_679mm-1-compressed.webp","width":601,"height":881},{"@type":"BreadcrumbList","@id":"https:\/\/letrame.com\/catalogo\/producto\/depresion-valores-y-triunfo\/#breadcrumb","itemListElement":[{"@type":"ListItem","position":1,"name":"Portada","item":"https:\/\/letrame.com\/catalogo\/"},{"@type":"ListItem","position":2,"name":"Cat\u00e1logo","item":"https:\/\/letrame.com\/catalogo\/"},{"@type":"ListItem","position":3,"name":"Depresi\u00f3n, valores y triunfo"}]},{"@type":"WebSite","@id":"https:\/\/letrame.com\/catalogo\/#website","url":"https:\/\/letrame.com\/catalogo\/","name":"Catalogo | Letrame Grupo Editorial","description":"","publisher":{"@id":"https:\/\/letrame.com\/catalogo\/#organization"},"potentialAction":[{"@type":"SearchAction","target":{"@type":"EntryPoint","urlTemplate":"https:\/\/letrame.com\/catalogo\/?s={search_term_string}"},"query-input":{"@type":"PropertyValueSpecification","valueRequired":true,"valueName":"search_term_string"}}],"inLanguage":"es"},{"@type":"Organization","@id":"https:\/\/letrame.com\/catalogo\/#organization","name":"Catalogo | Letrame Grupo Editorial","url":"https:\/\/letrame.com\/catalogo\/","logo":{"@type":"ImageObject","inLanguage":"es","@id":"https:\/\/letrame.com\/catalogo\/#\/schema\/logo\/image\/","url":"https:\/\/letrame.com\/catalogo\/wp-content\/uploads\/2024\/03\/logo2.webp","contentUrl":"https:\/\/letrame.com\/catalogo\/wp-content\/uploads\/2024\/03\/logo2.webp","width":394,"height":128,"caption":"Catalogo | Letrame Grupo Editorial"},"image":{"@id":"https:\/\/letrame.com\/catalogo\/#\/schema\/logo\/image\/"}}]}},"_links":{"self":[{"href":"https:\/\/letrame.com\/catalogo\/wp-json\/wp\/v2\/product\/98278","targetHints":{"allow":["GET"]}}],"collection":[{"href":"https:\/\/letrame.com\/catalogo\/wp-json\/wp\/v2\/product"}],"about":[{"href":"https:\/\/letrame.com\/catalogo\/wp-json\/wp\/v2\/types\/product"}],"replies":[{"embeddable":true,"href":"https:\/\/letrame.com\/catalogo\/wp-json\/wp\/v2\/comments?post=98278"}],"acf:post":[{"embeddable":true,"href":"https:\/\/letrame.com\/catalogo\/wp-json\/wp\/v2\/author_book\/76768"}],"wp:featuredmedia":[{"embeddable":true,"href":"https:\/\/letrame.com\/catalogo\/wp-json\/wp\/v2\/media\/100391"}],"wp:attachment":[{"href":"https:\/\/letrame.com\/catalogo\/wp-json\/wp\/v2\/media?parent=98278"}],"wp:term":[{"taxonomy":"libro","embeddable":true,"href":"https:\/\/letrame.com\/catalogo\/wp-json\/wp\/v2\/libro?post=98278"},{"taxonomy":"product_brand","embeddable":true,"href":"https:\/\/letrame.com\/catalogo\/wp-json\/wp\/v2\/product_brand?post=98278"},{"taxonomy":"product_cat","embeddable":true,"href":"https:\/\/letrame.com\/catalogo\/wp-json\/wp\/v2\/product_cat?post=98278"},{"taxonomy":"product_tag","embeddable":true,"href":"https:\/\/letrame.com\/catalogo\/wp-json\/wp\/v2\/product_tag?post=98278"}],"curies":[{"name":"wp","href":"https:\/\/api.w.org\/{rel}","templated":true}]}}