{"id":98272,"date":"2024-04-29T14:56:03","date_gmt":"2024-04-29T12:56:03","guid":{"rendered":"https:\/\/letrame.com\/catalogo\/producto\/la-plaga-emocional\/"},"modified":"2024-04-29T14:56:03","modified_gmt":"2024-04-29T12:56:03","slug":"la-plaga-emocional","status":"publish","type":"product","link":"https:\/\/letrame.com\/catalogo\/producto\/la-plaga-emocional\/","title":{"rendered":"La plaga emocional"},"content":{"rendered":"<p><strong>ISBN<\/strong>: 978-84-1114-655-5<\/p>\n<p><strong>T\u00edtulo<\/strong>: La plaga emocional<br \/>\n<strong>Fecha<\/strong>: 2022<br \/>\n<strong>P\u00e1ginas<\/strong>: 280<\/p>\n<p><strong>SINOPSIS<\/strong><\/p>\n<p>La Plaga Emocional desarrolla los conceptos publicados por Wilhelm Reich en 1933: Psicolog\u00eda de Masas del Fascismo.<\/p>\n<p>\u00bfPor qu\u00e9 un pu\u00f1ado de l\u00edderes desp\u00f3ticos puede esclavizar a millones de\u00a0 espa\u00f1oles y por qu\u00e9 los est\u00e1ndares de la decencia y la excelencia pol\u00edtica contin\u00faan disminuyendo en Espa\u00f1a?<\/p>\n<p>El intento de los ciudadanos de gobernarnos a nosotros mismos despu\u00e9s de cuarenta a\u00f1os de dictadura nos condujo a la b\u00fasqueda de soluciones pol\u00edticas. Pronto se nos hizo evidente que la pol\u00edtica no era la respuesta, ya que esta se empantan\u00f3 en una batalla entre dos grupos polarizados en conflicto permanente: los que quieren mantener el statu quo, una herencia del franquismo, y los que quieren cambiarlo.<\/p>\n<p>La Plaga Emocional es un libro muy innovador que explica la naturaleza humana de los pol\u00edticos que nos gobiernan. Vivimos una democracia desnuda en una sociedad armada, blindada y acorazada ideol\u00f3gicamente. \u00bfPor qu\u00e9 de toda idea pol\u00edticamente bella se realiza siempre una versi\u00f3n m\u00e1s oscura, deteriorada?<\/p>\n<p>El problema tiene que ver con la forma en que las personas buscamos soluciones. Siempre desde fuera de nosotros mismos, nunca desde dentro. La crisis democr\u00e1tica en la Espa\u00f1a del siglo XXI no se origina en fuerzas pol\u00edticas externas que inciden sobre los ciudadanos, sino en pulsiones que operan inconscientemente. Esta es la raz\u00f3n por la que las soluciones pol\u00edticas siempre han fallado y siempre fallar\u00e1n. Por lo tanto, para\u00a0 desmantelar definitivamente el statu quo y construir una sociedad madura y genuinamente democr\u00e1tica en Espa\u00f1a tiene que haber cambios caracterol\u00f3gicos fundamentales en la forma como los ciudadanos nos vemos y pensamos sobre nosotros mismos y el mundo. Y no como una masa reducida mec\u00e1nicamente a servir los intereses pol\u00edticos sin sentido.<\/p>\n<p>Este libro proporciona una comprensi\u00f3n profunda de las fuerzas que gobiernan el comportamiento y el pensamiento social y pol\u00edtico en la Espa\u00f1a del siglo XXI.<\/p>\n<p>Carles Frigola es psiquiatra y disc\u00edpulo de Wilhelm Reich.<\/p>\n","protected":false},"excerpt":{"rendered":"<p><strong>ISBN<\/strong>: 978-84-1114-655-5<\/p>\n<p><strong>SINOPSIS<\/strong><\/p>\n<p>La Plaga Emocional desarrolla los conceptos publicados por Wilhelm Reich en 1933: Psicolog\u00eda de Masas del Fascismo.<\/p>\n<p>\u00bfPor qu\u00e9 un pu\u00f1ado de l\u00edderes desp\u00f3ticos puede esclavizar a millones de\u00a0 espa\u00f1oles y por qu\u00e9 los est\u00e1ndares de la decencia y la excelencia pol\u00edtica contin\u00faan disminuyendo en Espa\u00f1a?<\/p>\n<p>El intento de los ciudadanos de gobernarnos a nosotros mismos despu\u00e9s de cuarenta a\u00f1os de dictadura nos condujo a la b\u00fasqueda de soluciones pol\u00edticas. Pronto se nos hizo evidente que la pol\u00edtica no era la respuesta, ya que esta se empantan\u00f3 en una batalla entre dos grupos polarizados en conflicto permanente: los que quieren mantener el statu quo, una herencia del franquismo, y los que quieren cambiarlo.<\/p>\n<p>La Plaga Emocional es un libro muy innovador que explica la naturaleza humana de los pol\u00edticos que nos gobiernan. Vivimos una democracia desnuda en una sociedad armada, blindada y acorazada ideol\u00f3gicamente. \u00bfPor qu\u00e9 de toda idea pol\u00edticamente bella se realiza siempre una versi\u00f3n m\u00e1s oscura, deteriorada?<\/p>\n<p>El problema tiene que ver con la forma en que las personas buscamos soluciones. Siempre desde fuera de nosotros mismos, nunca desde dentro. La crisis democr\u00e1tica en la Espa\u00f1a del siglo XXI no se origina en fuerzas pol\u00edticas externas que inciden sobre los ciudadanos, sino en pulsiones que operan inconscientemente. Esta es la raz\u00f3n por la que las soluciones pol\u00edticas siempre han fallado y siempre fallar\u00e1n. Por lo tanto, para\u00a0 desmantelar definitivamente el statu quo y construir una sociedad madura y genuinamente democr\u00e1tica en Espa\u00f1a tiene que haber cambios caracterol\u00f3gicos fundamentales en la forma como los ciudadanos nos vemos y pensamos sobre nosotros mismos y el mundo. Y no como una masa reducida mec\u00e1nicamente a servir los intereses pol\u00edticos sin sentido.<\/p>\n<p>Este libro proporciona una comprensi\u00f3n profunda de las fuerzas que gobiernan el comportamiento y el pensamiento social y pol\u00edtico en la Espa\u00f1a del siglo XXI.<\/p>\n<p>Carles Frigola es psiquiatra y disc\u00edpulo de Wilhelm Reich.<\/p>\n","protected":false},"featured_media":98273,"comment_status":"closed","ping_status":"open","template":"","meta":{"_acf_changed":false},"libro":[],"product_brand":[],"product_cat":[26],"product_tag":[],"class_list":{"0":"post-98272","1":"product","2":"type-product","3":"status-publish","4":"has-post-thumbnail","6":"product_cat-sin-categoria","8":"first","9":"instock","10":"product-type-simple"},"acf":{"autor":[76764],"enlace_de_compra":""},"yoast_head":"<!-- This site is optimized with the Yoast SEO plugin v26.6 - https:\/\/yoast.com\/wordpress\/plugins\/seo\/ -->\n<title>La plaga emocional - Catalogo | Letrame Grupo Editorial<\/title>\n<meta name=\"robots\" content=\"index, follow, max-snippet:-1, max-image-preview:large, max-video-preview:-1\" \/>\n<link rel=\"canonical\" href=\"https:\/\/letrame.com\/catalogo\/producto\/la-plaga-emocional\/\" \/>\n<meta property=\"og:locale\" content=\"es_ES\" \/>\n<meta property=\"og:type\" content=\"article\" \/>\n<meta property=\"og:title\" content=\"La plaga emocional - Catalogo | Letrame Grupo Editorial\" \/>\n<meta property=\"og:description\" content=\"ISBN: 978-84-1114-655-5 SINOPSIS La Plaga Emocional desarrolla los conceptos publicados por Wilhelm Reich en 1933: Psicolog\u00eda de Masas del Fascismo. \u00bfPor qu\u00e9 un pu\u00f1ado de l\u00edderes desp\u00f3ticos puede esclavizar a millones de\u00a0 espa\u00f1oles y por qu\u00e9 los est\u00e1ndares de la decencia y la excelencia pol\u00edtica contin\u00faan disminuyendo en Espa\u00f1a? El intento de los ciudadanos de gobernarnos a nosotros mismos despu\u00e9s de cuarenta a\u00f1os de dictadura nos condujo a la b\u00fasqueda de soluciones pol\u00edticas. Pronto se nos hizo evidente que la pol\u00edtica no era la respuesta, ya que esta se empantan\u00f3 en una batalla entre dos grupos polarizados en conflicto permanente: los que quieren mantener el statu quo, una herencia del franquismo, y los que quieren cambiarlo. La Plaga Emocional es un libro muy innovador que explica la naturaleza humana de los pol\u00edticos que nos gobiernan. Vivimos una democracia desnuda en una sociedad armada, blindada y acorazada ideol\u00f3gicamente. \u00bfPor qu\u00e9 de toda idea pol\u00edticamente bella se realiza siempre una versi\u00f3n m\u00e1s oscura, deteriorada? El problema tiene que ver con la forma en que las personas buscamos soluciones. Siempre desde fuera de nosotros mismos, nunca desde dentro. La crisis democr\u00e1tica en la Espa\u00f1a del siglo XXI no se origina en fuerzas pol\u00edticas externas que inciden sobre los ciudadanos, sino en pulsiones que operan inconscientemente. Esta es la raz\u00f3n por la que las soluciones pol\u00edticas siempre han fallado y siempre fallar\u00e1n. Por lo tanto, para\u00a0 desmantelar definitivamente el statu quo y construir una sociedad madura y genuinamente democr\u00e1tica en Espa\u00f1a tiene que haber cambios caracterol\u00f3gicos fundamentales en la forma como los ciudadanos nos vemos y pensamos sobre nosotros mismos y el mundo. Y no como una masa reducida mec\u00e1nicamente a servir los intereses pol\u00edticos sin sentido. Este libro proporciona una comprensi\u00f3n profunda de las fuerzas que gobiernan el comportamiento y el pensamiento social y pol\u00edtico en la Espa\u00f1a del siglo XXI. Carles Frigola es psiquiatra y disc\u00edpulo de Wilhelm Reich.\" \/>\n<meta property=\"og:url\" content=\"https:\/\/letrame.com\/catalogo\/producto\/la-plaga-emocional\/\" \/>\n<meta property=\"og:site_name\" content=\"Catalogo | Letrame Grupo Editorial\" \/>\n<meta property=\"og:image\" content=\"https:\/\/letrame.com\/catalogo\/wp-content\/uploads\/2024\/04\/redportada_laplagaemocional_1398mm-1-compressed.jpg\" \/>\n\t<meta property=\"og:image:width\" content=\"601\" \/>\n\t<meta property=\"og:image:height\" content=\"881\" \/>\n\t<meta property=\"og:image:type\" content=\"image\/jpeg\" \/>\n<meta name=\"twitter:card\" content=\"summary_large_image\" \/>\n<meta name=\"twitter:label1\" content=\"Tiempo de lectura\" \/>\n\t<meta name=\"twitter:data1\" content=\"2 minutos\" \/>\n<script type=\"application\/ld+json\" class=\"yoast-schema-graph\">{\"@context\":\"https:\/\/schema.org\",\"@graph\":[{\"@type\":\"WebPage\",\"@id\":\"https:\/\/letrame.com\/catalogo\/producto\/la-plaga-emocional\/\",\"url\":\"https:\/\/letrame.com\/catalogo\/producto\/la-plaga-emocional\/\",\"name\":\"La plaga emocional - Catalogo | Letrame Grupo Editorial\",\"isPartOf\":{\"@id\":\"https:\/\/letrame.com\/catalogo\/#website\"},\"primaryImageOfPage\":{\"@id\":\"https:\/\/letrame.com\/catalogo\/producto\/la-plaga-emocional\/#primaryimage\"},\"image\":{\"@id\":\"https:\/\/letrame.com\/catalogo\/producto\/la-plaga-emocional\/#primaryimage\"},\"thumbnailUrl\":\"https:\/\/letrame.com\/catalogo\/wp-content\/uploads\/2024\/04\/redportada_laplagaemocional_1398mm-1-compressed.jpg\",\"datePublished\":\"2024-04-29T12:56:03+00:00\",\"breadcrumb\":{\"@id\":\"https:\/\/letrame.com\/catalogo\/producto\/la-plaga-emocional\/#breadcrumb\"},\"inLanguage\":\"es\",\"potentialAction\":[{\"@type\":\"ReadAction\",\"target\":[\"https:\/\/letrame.com\/catalogo\/producto\/la-plaga-emocional\/\"]}]},{\"@type\":\"ImageObject\",\"inLanguage\":\"es\",\"@id\":\"https:\/\/letrame.com\/catalogo\/producto\/la-plaga-emocional\/#primaryimage\",\"url\":\"https:\/\/letrame.com\/catalogo\/wp-content\/uploads\/2024\/04\/redportada_laplagaemocional_1398mm-1-compressed.jpg\",\"contentUrl\":\"https:\/\/letrame.com\/catalogo\/wp-content\/uploads\/2024\/04\/redportada_laplagaemocional_1398mm-1-compressed.jpg\",\"width\":601,\"height\":881},{\"@type\":\"BreadcrumbList\",\"@id\":\"https:\/\/letrame.com\/catalogo\/producto\/la-plaga-emocional\/#breadcrumb\",\"itemListElement\":[{\"@type\":\"ListItem\",\"position\":1,\"name\":\"Portada\",\"item\":\"https:\/\/letrame.com\/catalogo\/\"},{\"@type\":\"ListItem\",\"position\":2,\"name\":\"Cat\u00e1logo\",\"item\":\"https:\/\/letrame.com\/catalogo\/\"},{\"@type\":\"ListItem\",\"position\":3,\"name\":\"La plaga emocional\"}]},{\"@type\":\"WebSite\",\"@id\":\"https:\/\/letrame.com\/catalogo\/#website\",\"url\":\"https:\/\/letrame.com\/catalogo\/\",\"name\":\"Catalogo | Letrame Grupo Editorial\",\"description\":\"\",\"publisher\":{\"@id\":\"https:\/\/letrame.com\/catalogo\/#organization\"},\"potentialAction\":[{\"@type\":\"SearchAction\",\"target\":{\"@type\":\"EntryPoint\",\"urlTemplate\":\"https:\/\/letrame.com\/catalogo\/?s={search_term_string}\"},\"query-input\":{\"@type\":\"PropertyValueSpecification\",\"valueRequired\":true,\"valueName\":\"search_term_string\"}}],\"inLanguage\":\"es\"},{\"@type\":\"Organization\",\"@id\":\"https:\/\/letrame.com\/catalogo\/#organization\",\"name\":\"Catalogo | Letrame Grupo Editorial\",\"url\":\"https:\/\/letrame.com\/catalogo\/\",\"logo\":{\"@type\":\"ImageObject\",\"inLanguage\":\"es\",\"@id\":\"https:\/\/letrame.com\/catalogo\/#\/schema\/logo\/image\/\",\"url\":\"https:\/\/letrame.com\/catalogo\/wp-content\/uploads\/2024\/03\/logo2.webp\",\"contentUrl\":\"https:\/\/letrame.com\/catalogo\/wp-content\/uploads\/2024\/03\/logo2.webp\",\"width\":394,\"height\":128,\"caption\":\"Catalogo | Letrame Grupo Editorial\"},\"image\":{\"@id\":\"https:\/\/letrame.com\/catalogo\/#\/schema\/logo\/image\/\"}}]}<\/script>\n<!-- \/ Yoast SEO plugin. -->","yoast_head_json":{"title":"La plaga emocional - Catalogo | Letrame Grupo Editorial","robots":{"index":"index","follow":"follow","max-snippet":"max-snippet:-1","max-image-preview":"max-image-preview:large","max-video-preview":"max-video-preview:-1"},"canonical":"https:\/\/letrame.com\/catalogo\/producto\/la-plaga-emocional\/","og_locale":"es_ES","og_type":"article","og_title":"La plaga emocional - Catalogo | Letrame Grupo Editorial","og_description":"ISBN: 978-84-1114-655-5 SINOPSIS La Plaga Emocional desarrolla los conceptos publicados por Wilhelm Reich en 1933: Psicolog\u00eda de Masas del Fascismo. \u00bfPor qu\u00e9 un pu\u00f1ado de l\u00edderes desp\u00f3ticos puede esclavizar a millones de\u00a0 espa\u00f1oles y por qu\u00e9 los est\u00e1ndares de la decencia y la excelencia pol\u00edtica contin\u00faan disminuyendo en Espa\u00f1a? El intento de los ciudadanos de gobernarnos a nosotros mismos despu\u00e9s de cuarenta a\u00f1os de dictadura nos condujo a la b\u00fasqueda de soluciones pol\u00edticas. Pronto se nos hizo evidente que la pol\u00edtica no era la respuesta, ya que esta se empantan\u00f3 en una batalla entre dos grupos polarizados en conflicto permanente: los que quieren mantener el statu quo, una herencia del franquismo, y los que quieren cambiarlo. La Plaga Emocional es un libro muy innovador que explica la naturaleza humana de los pol\u00edticos que nos gobiernan. Vivimos una democracia desnuda en una sociedad armada, blindada y acorazada ideol\u00f3gicamente. \u00bfPor qu\u00e9 de toda idea pol\u00edticamente bella se realiza siempre una versi\u00f3n m\u00e1s oscura, deteriorada? El problema tiene que ver con la forma en que las personas buscamos soluciones. Siempre desde fuera de nosotros mismos, nunca desde dentro. La crisis democr\u00e1tica en la Espa\u00f1a del siglo XXI no se origina en fuerzas pol\u00edticas externas que inciden sobre los ciudadanos, sino en pulsiones que operan inconscientemente. Esta es la raz\u00f3n por la que las soluciones pol\u00edticas siempre han fallado y siempre fallar\u00e1n. Por lo tanto, para\u00a0 desmantelar definitivamente el statu quo y construir una sociedad madura y genuinamente democr\u00e1tica en Espa\u00f1a tiene que haber cambios caracterol\u00f3gicos fundamentales en la forma como los ciudadanos nos vemos y pensamos sobre nosotros mismos y el mundo. Y no como una masa reducida mec\u00e1nicamente a servir los intereses pol\u00edticos sin sentido. Este libro proporciona una comprensi\u00f3n profunda de las fuerzas que gobiernan el comportamiento y el pensamiento social y pol\u00edtico en la Espa\u00f1a del siglo XXI. Carles Frigola es psiquiatra y disc\u00edpulo de Wilhelm Reich.","og_url":"https:\/\/letrame.com\/catalogo\/producto\/la-plaga-emocional\/","og_site_name":"Catalogo | Letrame Grupo Editorial","og_image":[{"width":601,"height":881,"url":"https:\/\/letrame.com\/catalogo\/wp-content\/uploads\/2024\/04\/redportada_laplagaemocional_1398mm-1-compressed.jpg","type":"image\/jpeg"}],"twitter_card":"summary_large_image","twitter_misc":{"Tiempo de lectura":"2 minutos"},"schema":{"@context":"https:\/\/schema.org","@graph":[{"@type":"WebPage","@id":"https:\/\/letrame.com\/catalogo\/producto\/la-plaga-emocional\/","url":"https:\/\/letrame.com\/catalogo\/producto\/la-plaga-emocional\/","name":"La plaga emocional - Catalogo | Letrame Grupo Editorial","isPartOf":{"@id":"https:\/\/letrame.com\/catalogo\/#website"},"primaryImageOfPage":{"@id":"https:\/\/letrame.com\/catalogo\/producto\/la-plaga-emocional\/#primaryimage"},"image":{"@id":"https:\/\/letrame.com\/catalogo\/producto\/la-plaga-emocional\/#primaryimage"},"thumbnailUrl":"https:\/\/letrame.com\/catalogo\/wp-content\/uploads\/2024\/04\/redportada_laplagaemocional_1398mm-1-compressed.jpg","datePublished":"2024-04-29T12:56:03+00:00","breadcrumb":{"@id":"https:\/\/letrame.com\/catalogo\/producto\/la-plaga-emocional\/#breadcrumb"},"inLanguage":"es","potentialAction":[{"@type":"ReadAction","target":["https:\/\/letrame.com\/catalogo\/producto\/la-plaga-emocional\/"]}]},{"@type":"ImageObject","inLanguage":"es","@id":"https:\/\/letrame.com\/catalogo\/producto\/la-plaga-emocional\/#primaryimage","url":"https:\/\/letrame.com\/catalogo\/wp-content\/uploads\/2024\/04\/redportada_laplagaemocional_1398mm-1-compressed.jpg","contentUrl":"https:\/\/letrame.com\/catalogo\/wp-content\/uploads\/2024\/04\/redportada_laplagaemocional_1398mm-1-compressed.jpg","width":601,"height":881},{"@type":"BreadcrumbList","@id":"https:\/\/letrame.com\/catalogo\/producto\/la-plaga-emocional\/#breadcrumb","itemListElement":[{"@type":"ListItem","position":1,"name":"Portada","item":"https:\/\/letrame.com\/catalogo\/"},{"@type":"ListItem","position":2,"name":"Cat\u00e1logo","item":"https:\/\/letrame.com\/catalogo\/"},{"@type":"ListItem","position":3,"name":"La plaga emocional"}]},{"@type":"WebSite","@id":"https:\/\/letrame.com\/catalogo\/#website","url":"https:\/\/letrame.com\/catalogo\/","name":"Catalogo | Letrame Grupo Editorial","description":"","publisher":{"@id":"https:\/\/letrame.com\/catalogo\/#organization"},"potentialAction":[{"@type":"SearchAction","target":{"@type":"EntryPoint","urlTemplate":"https:\/\/letrame.com\/catalogo\/?s={search_term_string}"},"query-input":{"@type":"PropertyValueSpecification","valueRequired":true,"valueName":"search_term_string"}}],"inLanguage":"es"},{"@type":"Organization","@id":"https:\/\/letrame.com\/catalogo\/#organization","name":"Catalogo | Letrame Grupo Editorial","url":"https:\/\/letrame.com\/catalogo\/","logo":{"@type":"ImageObject","inLanguage":"es","@id":"https:\/\/letrame.com\/catalogo\/#\/schema\/logo\/image\/","url":"https:\/\/letrame.com\/catalogo\/wp-content\/uploads\/2024\/03\/logo2.webp","contentUrl":"https:\/\/letrame.com\/catalogo\/wp-content\/uploads\/2024\/03\/logo2.webp","width":394,"height":128,"caption":"Catalogo | Letrame Grupo Editorial"},"image":{"@id":"https:\/\/letrame.com\/catalogo\/#\/schema\/logo\/image\/"}}]}},"_links":{"self":[{"href":"https:\/\/letrame.com\/catalogo\/wp-json\/wp\/v2\/product\/98272","targetHints":{"allow":["GET"]}}],"collection":[{"href":"https:\/\/letrame.com\/catalogo\/wp-json\/wp\/v2\/product"}],"about":[{"href":"https:\/\/letrame.com\/catalogo\/wp-json\/wp\/v2\/types\/product"}],"replies":[{"embeddable":true,"href":"https:\/\/letrame.com\/catalogo\/wp-json\/wp\/v2\/comments?post=98272"}],"acf:post":[{"embeddable":true,"href":"https:\/\/letrame.com\/catalogo\/wp-json\/wp\/v2\/author_book\/76764"}],"wp:featuredmedia":[{"embeddable":true,"href":"https:\/\/letrame.com\/catalogo\/wp-json\/wp\/v2\/media\/98273"}],"wp:attachment":[{"href":"https:\/\/letrame.com\/catalogo\/wp-json\/wp\/v2\/media?parent=98272"}],"wp:term":[{"taxonomy":"libro","embeddable":true,"href":"https:\/\/letrame.com\/catalogo\/wp-json\/wp\/v2\/libro?post=98272"},{"taxonomy":"product_brand","embeddable":true,"href":"https:\/\/letrame.com\/catalogo\/wp-json\/wp\/v2\/product_brand?post=98272"},{"taxonomy":"product_cat","embeddable":true,"href":"https:\/\/letrame.com\/catalogo\/wp-json\/wp\/v2\/product_cat?post=98272"},{"taxonomy":"product_tag","embeddable":true,"href":"https:\/\/letrame.com\/catalogo\/wp-json\/wp\/v2\/product_tag?post=98272"}],"curies":[{"name":"wp","href":"https:\/\/api.w.org\/{rel}","templated":true}]}}