{"id":98254,"date":"2024-04-29T14:54:56","date_gmt":"2024-04-29T12:54:56","guid":{"rendered":"https:\/\/letrame.com\/catalogo\/producto\/el-guardian-de-la-luna\/"},"modified":"2024-04-29T14:55:03","modified_gmt":"2024-04-29T12:55:03","slug":"el-guardian-de-la-luna","status":"publish","type":"product","link":"https:\/\/letrame.com\/catalogo\/producto\/el-guardian-de-la-luna\/","title":{"rendered":"El guardi\u00e1n de la luna"},"content":{"rendered":"<p><strong>ISBN<\/strong>: 978-84-1114-584-8<\/p>\n<p><strong>T\u00edtulo<\/strong>: El guardi\u00e1n de la luna<br \/>\n<strong>Fecha<\/strong>: 2022<br \/>\n<strong>P\u00e1ginas<\/strong>: 118<\/p>\n<p><strong>SINOPSIS<\/strong><\/p>\n<p>A TRAV\u00c9S DE LOS OJOS DE <em>EL GUARDI\u00c1N DE LA LUNA<\/em>, DESCUBRIR\u00c1N CUATRO CUENTOS DE FANTAS\u00cdA. ESTAS HERMOSAS AVENTURAS EST\u00c1N INSPIRADAS EN LAS COMUNIDADES MAPUCHES, UBICADAS EN EL SUR DE CHILE, ESPEC\u00cdFICAMENTE EN LOS MAGN\u00cdFICOS BOSQUES Y PAISAJES NATIVOS. CON ELLOS CONOCER\u00c1N Y APRENDER\u00c1N ALGUNAS PALABRAS EN MAPUDUNGU CON SU TRADUCCI\u00d3N AL ESPA\u00d1OL.<\/p>\n<p>&nbsp;<\/p>\n","protected":false},"excerpt":{"rendered":"<p><strong>ISBN<\/strong>: 978-84-1114-584-8<\/p>\n<p><strong>T\u00edtulo<\/strong>: El guardi\u00e1n de la luna<br \/>\n<strong>Fecha<\/strong>: 2022<br \/>\n<strong>P\u00e1ginas<\/strong>: 118<\/p>\n<p><strong>SINOPSIS<\/strong><\/p>\n<p>A TRAV\u00c9S DE LOS OJOS DE <em>EL GUARDI\u00c1N DE LA LUNA<\/em>, DESCUBRIR\u00c1N CUATRO CUENTOS DE FANTAS\u00cdA. ESTAS HERMOSAS AVENTURAS EST\u00c1N INSPIRADAS EN LAS COMUNIDADES MAPUCHES, UBICADAS EN EL SUR DE CHILE, ESPEC\u00cdFICAMENTE EN LOS MAGN\u00cdFICOS BOSQUES Y PAISAJES NATIVOS. CON ELLOS CONOCER\u00c1N Y APRENDER\u00c1N ALGUNAS PALABRAS EN MAPUDUNGU CON SU TRADUCCI\u00d3N AL ESPA\u00d1OL.<\/p>\n","protected":false},"featured_media":98255,"comment_status":"closed","ping_status":"open","template":"","meta":{"_acf_changed":false},"libro":[],"product_brand":[],"product_cat":[26],"product_tag":[],"class_list":{"0":"post-98254","1":"product","2":"type-product","3":"status-publish","4":"has-post-thumbnail","6":"product_cat-sin-categoria","8":"first","9":"instock","10":"product-type-simple"},"acf":{"autor":[76748],"enlace_de_compra":"https:\/\/www.amazon.es\/Derechos-historicos-euskadi-Navarra-los\/dp\/8411145840\/"},"yoast_head":"<!-- This site is optimized with the Yoast SEO plugin v27.4 - https:\/\/yoast.com\/product\/yoast-seo-wordpress\/ -->\n<title>El guardi\u00e1n de la luna - Catalogo | Letrame Grupo Editorial<\/title>\n<meta name=\"robots\" content=\"index, follow, max-snippet:-1, max-image-preview:large, max-video-preview:-1\" \/>\n<link rel=\"canonical\" href=\"https:\/\/letrame.com\/catalogo\/producto\/el-guardian-de-la-luna\/\" \/>\n<meta property=\"og:locale\" content=\"es_ES\" \/>\n<meta property=\"og:type\" content=\"article\" \/>\n<meta property=\"og:title\" content=\"El guardi\u00e1n de la luna - Catalogo | Letrame Grupo Editorial\" \/>\n<meta property=\"og:description\" content=\"ISBN: 978-84-1114-584-8 T\u00edtulo: El guardi\u00e1n de la luna Fecha: 2022 P\u00e1ginas: 118 SINOPSIS A TRAV\u00c9S DE LOS OJOS DE EL GUARDI\u00c1N DE LA LUNA, DESCUBRIR\u00c1N CUATRO CUENTOS DE FANTAS\u00cdA. ESTAS HERMOSAS AVENTURAS EST\u00c1N INSPIRADAS EN LAS COMUNIDADES MAPUCHES, UBICADAS EN EL SUR DE CHILE, ESPEC\u00cdFICAMENTE EN LOS MAGN\u00cdFICOS BOSQUES Y PAISAJES NATIVOS. CON ELLOS CONOCER\u00c1N Y APRENDER\u00c1N ALGUNAS PALABRAS EN MAPUDUNGU CON SU TRADUCCI\u00d3N AL ESPA\u00d1OL.\" \/>\n<meta property=\"og:url\" content=\"https:\/\/letrame.com\/catalogo\/producto\/el-guardian-de-la-luna\/\" \/>\n<meta property=\"og:site_name\" content=\"Catalogo | Letrame Grupo Editorial\" \/>\n<meta property=\"article:modified_time\" content=\"2024-04-29T12:55:03+00:00\" \/>\n<meta property=\"og:image\" content=\"https:\/\/letrame.com\/catalogo\/wp-content\/uploads\/2024\/04\/redportada_elguardiandelaluna_55mm-1-compressed.jpg\" \/>\n\t<meta property=\"og:image:width\" content=\"601\" \/>\n\t<meta property=\"og:image:height\" content=\"601\" \/>\n\t<meta property=\"og:image:type\" content=\"image\/jpeg\" \/>\n<meta name=\"twitter:card\" content=\"summary_large_image\" \/>\n<script type=\"application\/ld+json\" class=\"yoast-schema-graph\">{\"@context\":\"https:\\\/\\\/schema.org\",\"@graph\":[{\"@type\":\"WebPage\",\"@id\":\"https:\\\/\\\/letrame.com\\\/catalogo\\\/producto\\\/el-guardian-de-la-luna\\\/\",\"url\":\"https:\\\/\\\/letrame.com\\\/catalogo\\\/producto\\\/el-guardian-de-la-luna\\\/\",\"name\":\"El guardi\u00e1n de la luna - Catalogo | Letrame Grupo Editorial\",\"isPartOf\":{\"@id\":\"https:\\\/\\\/letrame.com\\\/catalogo\\\/#website\"},\"primaryImageOfPage\":{\"@id\":\"https:\\\/\\\/letrame.com\\\/catalogo\\\/producto\\\/el-guardian-de-la-luna\\\/#primaryimage\"},\"image\":{\"@id\":\"https:\\\/\\\/letrame.com\\\/catalogo\\\/producto\\\/el-guardian-de-la-luna\\\/#primaryimage\"},\"thumbnailUrl\":\"https:\\\/\\\/letrame.com\\\/catalogo\\\/wp-content\\\/uploads\\\/2024\\\/04\\\/redportada_elguardiandelaluna_55mm-1-compressed.jpg\",\"datePublished\":\"2024-04-29T12:54:56+00:00\",\"dateModified\":\"2024-04-29T12:55:03+00:00\",\"breadcrumb\":{\"@id\":\"https:\\\/\\\/letrame.com\\\/catalogo\\\/producto\\\/el-guardian-de-la-luna\\\/#breadcrumb\"},\"inLanguage\":\"es\",\"potentialAction\":[{\"@type\":\"ReadAction\",\"target\":[\"https:\\\/\\\/letrame.com\\\/catalogo\\\/producto\\\/el-guardian-de-la-luna\\\/\"]}]},{\"@type\":\"ImageObject\",\"inLanguage\":\"es\",\"@id\":\"https:\\\/\\\/letrame.com\\\/catalogo\\\/producto\\\/el-guardian-de-la-luna\\\/#primaryimage\",\"url\":\"https:\\\/\\\/letrame.com\\\/catalogo\\\/wp-content\\\/uploads\\\/2024\\\/04\\\/redportada_elguardiandelaluna_55mm-1-compressed.jpg\",\"contentUrl\":\"https:\\\/\\\/letrame.com\\\/catalogo\\\/wp-content\\\/uploads\\\/2024\\\/04\\\/redportada_elguardiandelaluna_55mm-1-compressed.jpg\",\"width\":601,\"height\":601},{\"@type\":\"BreadcrumbList\",\"@id\":\"https:\\\/\\\/letrame.com\\\/catalogo\\\/producto\\\/el-guardian-de-la-luna\\\/#breadcrumb\",\"itemListElement\":[{\"@type\":\"ListItem\",\"position\":1,\"name\":\"Portada\",\"item\":\"https:\\\/\\\/letrame.com\\\/catalogo\\\/\"},{\"@type\":\"ListItem\",\"position\":2,\"name\":\"Cat\u00e1logo\",\"item\":\"https:\\\/\\\/letrame.com\\\/catalogo\\\/\"},{\"@type\":\"ListItem\",\"position\":3,\"name\":\"El guardi\u00e1n de la luna\"}]},{\"@type\":\"WebSite\",\"@id\":\"https:\\\/\\\/letrame.com\\\/catalogo\\\/#website\",\"url\":\"https:\\\/\\\/letrame.com\\\/catalogo\\\/\",\"name\":\"Catalogo | Letrame Grupo Editorial\",\"description\":\"\",\"publisher\":{\"@id\":\"https:\\\/\\\/letrame.com\\\/catalogo\\\/#organization\"},\"potentialAction\":[{\"@type\":\"SearchAction\",\"target\":{\"@type\":\"EntryPoint\",\"urlTemplate\":\"https:\\\/\\\/letrame.com\\\/catalogo\\\/?s={search_term_string}\"},\"query-input\":{\"@type\":\"PropertyValueSpecification\",\"valueRequired\":true,\"valueName\":\"search_term_string\"}}],\"inLanguage\":\"es\"},{\"@type\":\"Organization\",\"@id\":\"https:\\\/\\\/letrame.com\\\/catalogo\\\/#organization\",\"name\":\"Catalogo | Letrame Grupo Editorial\",\"url\":\"https:\\\/\\\/letrame.com\\\/catalogo\\\/\",\"logo\":{\"@type\":\"ImageObject\",\"inLanguage\":\"es\",\"@id\":\"https:\\\/\\\/letrame.com\\\/catalogo\\\/#\\\/schema\\\/logo\\\/image\\\/\",\"url\":\"https:\\\/\\\/letrame.com\\\/catalogo\\\/wp-content\\\/uploads\\\/2024\\\/03\\\/logo2.webp\",\"contentUrl\":\"https:\\\/\\\/letrame.com\\\/catalogo\\\/wp-content\\\/uploads\\\/2024\\\/03\\\/logo2.webp\",\"width\":394,\"height\":128,\"caption\":\"Catalogo | Letrame Grupo Editorial\"},\"image\":{\"@id\":\"https:\\\/\\\/letrame.com\\\/catalogo\\\/#\\\/schema\\\/logo\\\/image\\\/\"}}]}<\/script>\n<!-- \/ Yoast SEO plugin. -->","yoast_head_json":{"title":"El guardi\u00e1n de la luna - Catalogo | Letrame Grupo Editorial","robots":{"index":"index","follow":"follow","max-snippet":"max-snippet:-1","max-image-preview":"max-image-preview:large","max-video-preview":"max-video-preview:-1"},"canonical":"https:\/\/letrame.com\/catalogo\/producto\/el-guardian-de-la-luna\/","og_locale":"es_ES","og_type":"article","og_title":"El guardi\u00e1n de la luna - Catalogo | Letrame Grupo Editorial","og_description":"ISBN: 978-84-1114-584-8 T\u00edtulo: El guardi\u00e1n de la luna Fecha: 2022 P\u00e1ginas: 118 SINOPSIS A TRAV\u00c9S DE LOS OJOS DE EL GUARDI\u00c1N DE LA LUNA, DESCUBRIR\u00c1N CUATRO CUENTOS DE FANTAS\u00cdA. ESTAS HERMOSAS AVENTURAS EST\u00c1N INSPIRADAS EN LAS COMUNIDADES MAPUCHES, UBICADAS EN EL SUR DE CHILE, ESPEC\u00cdFICAMENTE EN LOS MAGN\u00cdFICOS BOSQUES Y PAISAJES NATIVOS. CON ELLOS CONOCER\u00c1N Y APRENDER\u00c1N ALGUNAS PALABRAS EN MAPUDUNGU CON SU TRADUCCI\u00d3N AL ESPA\u00d1OL.","og_url":"https:\/\/letrame.com\/catalogo\/producto\/el-guardian-de-la-luna\/","og_site_name":"Catalogo | Letrame Grupo Editorial","article_modified_time":"2024-04-29T12:55:03+00:00","og_image":[{"width":601,"height":601,"url":"https:\/\/letrame.com\/catalogo\/wp-content\/uploads\/2024\/04\/redportada_elguardiandelaluna_55mm-1-compressed.jpg","type":"image\/jpeg"}],"twitter_card":"summary_large_image","schema":{"@context":"https:\/\/schema.org","@graph":[{"@type":"WebPage","@id":"https:\/\/letrame.com\/catalogo\/producto\/el-guardian-de-la-luna\/","url":"https:\/\/letrame.com\/catalogo\/producto\/el-guardian-de-la-luna\/","name":"El guardi\u00e1n de la luna - Catalogo | Letrame Grupo Editorial","isPartOf":{"@id":"https:\/\/letrame.com\/catalogo\/#website"},"primaryImageOfPage":{"@id":"https:\/\/letrame.com\/catalogo\/producto\/el-guardian-de-la-luna\/#primaryimage"},"image":{"@id":"https:\/\/letrame.com\/catalogo\/producto\/el-guardian-de-la-luna\/#primaryimage"},"thumbnailUrl":"https:\/\/letrame.com\/catalogo\/wp-content\/uploads\/2024\/04\/redportada_elguardiandelaluna_55mm-1-compressed.jpg","datePublished":"2024-04-29T12:54:56+00:00","dateModified":"2024-04-29T12:55:03+00:00","breadcrumb":{"@id":"https:\/\/letrame.com\/catalogo\/producto\/el-guardian-de-la-luna\/#breadcrumb"},"inLanguage":"es","potentialAction":[{"@type":"ReadAction","target":["https:\/\/letrame.com\/catalogo\/producto\/el-guardian-de-la-luna\/"]}]},{"@type":"ImageObject","inLanguage":"es","@id":"https:\/\/letrame.com\/catalogo\/producto\/el-guardian-de-la-luna\/#primaryimage","url":"https:\/\/letrame.com\/catalogo\/wp-content\/uploads\/2024\/04\/redportada_elguardiandelaluna_55mm-1-compressed.jpg","contentUrl":"https:\/\/letrame.com\/catalogo\/wp-content\/uploads\/2024\/04\/redportada_elguardiandelaluna_55mm-1-compressed.jpg","width":601,"height":601},{"@type":"BreadcrumbList","@id":"https:\/\/letrame.com\/catalogo\/producto\/el-guardian-de-la-luna\/#breadcrumb","itemListElement":[{"@type":"ListItem","position":1,"name":"Portada","item":"https:\/\/letrame.com\/catalogo\/"},{"@type":"ListItem","position":2,"name":"Cat\u00e1logo","item":"https:\/\/letrame.com\/catalogo\/"},{"@type":"ListItem","position":3,"name":"El guardi\u00e1n de la luna"}]},{"@type":"WebSite","@id":"https:\/\/letrame.com\/catalogo\/#website","url":"https:\/\/letrame.com\/catalogo\/","name":"Catalogo | Letrame Grupo Editorial","description":"","publisher":{"@id":"https:\/\/letrame.com\/catalogo\/#organization"},"potentialAction":[{"@type":"SearchAction","target":{"@type":"EntryPoint","urlTemplate":"https:\/\/letrame.com\/catalogo\/?s={search_term_string}"},"query-input":{"@type":"PropertyValueSpecification","valueRequired":true,"valueName":"search_term_string"}}],"inLanguage":"es"},{"@type":"Organization","@id":"https:\/\/letrame.com\/catalogo\/#organization","name":"Catalogo | Letrame Grupo Editorial","url":"https:\/\/letrame.com\/catalogo\/","logo":{"@type":"ImageObject","inLanguage":"es","@id":"https:\/\/letrame.com\/catalogo\/#\/schema\/logo\/image\/","url":"https:\/\/letrame.com\/catalogo\/wp-content\/uploads\/2024\/03\/logo2.webp","contentUrl":"https:\/\/letrame.com\/catalogo\/wp-content\/uploads\/2024\/03\/logo2.webp","width":394,"height":128,"caption":"Catalogo | Letrame Grupo Editorial"},"image":{"@id":"https:\/\/letrame.com\/catalogo\/#\/schema\/logo\/image\/"}}]}},"_links":{"self":[{"href":"https:\/\/letrame.com\/catalogo\/wp-json\/wp\/v2\/product\/98254","targetHints":{"allow":["GET"]}}],"collection":[{"href":"https:\/\/letrame.com\/catalogo\/wp-json\/wp\/v2\/product"}],"about":[{"href":"https:\/\/letrame.com\/catalogo\/wp-json\/wp\/v2\/types\/product"}],"replies":[{"embeddable":true,"href":"https:\/\/letrame.com\/catalogo\/wp-json\/wp\/v2\/comments?post=98254"}],"acf:post":[{"embeddable":true,"href":"https:\/\/letrame.com\/catalogo\/wp-json\/wp\/v2\/author_book\/76748"}],"wp:featuredmedia":[{"embeddable":true,"href":"https:\/\/letrame.com\/catalogo\/wp-json\/wp\/v2\/media\/98255"}],"wp:attachment":[{"href":"https:\/\/letrame.com\/catalogo\/wp-json\/wp\/v2\/media?parent=98254"}],"wp:term":[{"taxonomy":"libro","embeddable":true,"href":"https:\/\/letrame.com\/catalogo\/wp-json\/wp\/v2\/libro?post=98254"},{"taxonomy":"product_brand","embeddable":true,"href":"https:\/\/letrame.com\/catalogo\/wp-json\/wp\/v2\/product_brand?post=98254"},{"taxonomy":"product_cat","embeddable":true,"href":"https:\/\/letrame.com\/catalogo\/wp-json\/wp\/v2\/product_cat?post=98254"},{"taxonomy":"product_tag","embeddable":true,"href":"https:\/\/letrame.com\/catalogo\/wp-json\/wp\/v2\/product_tag?post=98254"}],"curies":[{"name":"wp","href":"https:\/\/api.w.org\/{rel}","templated":true}]}}