{"id":98250,"date":"2024-04-29T14:54:56","date_gmt":"2024-04-29T12:54:56","guid":{"rendered":"https:\/\/letrame.com\/catalogo\/producto\/medio-siglo-de-lecciones-aprendidas\/"},"modified":"2024-04-29T14:54:56","modified_gmt":"2024-04-29T12:54:56","slug":"medio-siglo-de-lecciones-aprendidas","status":"publish","type":"product","link":"https:\/\/letrame.com\/catalogo\/producto\/medio-siglo-de-lecciones-aprendidas\/","title":{"rendered":"Medio siglo de lecciones aprendidas"},"content":{"rendered":"<p><strong>ISBN<\/strong>:978-84-1144-309-8<\/p>\n<p><strong>T\u00edtulo<\/strong>: Medio siglo de lecciones aprendidas<br \/>\n<strong>Fecha<\/strong>: 2022<br \/>\n<strong>P\u00e1ginas<\/strong>: 176<\/p>\n<p><strong>SINOPSIS<\/strong><\/p>\n<p>Amenos, did\u00e1cticos y divertidos, es una buena descripci\u00f3n de estos cuentos breves. Dirigidos a transferir experiencia y entusiasmo. Medio siglo de lecciones aprendidas es un manojo de relatos breves y reflexiones sobre temas de negocios, empresas, la gente que participa en esas relaciones y el intrincado sistema de razones y emociones que nos mueven.<\/p>\n<p>Estrategias de negocios, desaf\u00edos de direcci\u00f3n, apetencias humanas, intereses, deseos y miedos desplegados en el entorno empresario, dilemas \u00e9ticos, historias de superaci\u00f3n y desastres, pueblan estas p\u00e1ginas y fluyen \u00e1gilmente.<\/p>\n<p>Estos relatos breves pretenden adaptarse a la vor\u00e1gine y frenes\u00ed que plantea la vida moderna con su mundo de comunicaci\u00f3n digital E invasi\u00f3n de redes sociales. El mundo que transitamos tiende a desarrollase intensamente en un transcurrir r\u00e1pido y en formato audiovisual. La letra impresa parece condenada a desaparecer o a perder protagonismo, sin dramatizar, tardar\u00e1 m\u00e1s o menos.<\/p>\n<p>Nos dec\u00eda el autor: <em>a trav\u00e9s de los a\u00f1os he estado acumulando conocimientos y experiencias, mezclando academia y trinchera, en un gran ba\u00fal dentro de mi cabeza. De tanto en tanto, aprovechando mi buena memoria y mi afici\u00f3n por la escritura, voy hasta ah\u00ed, saco algo, despu\u00e9s lo ordeno en una secuencia, siguiendo un guion y un contexto, d\u00e1ndole forma como para que un d\u00eda pueda ser publicado sin mayor deshonra para el autor.<\/em><\/p>\n<p>Seguramente para mantenerse vigente o relevante haya que escribir cosas m\u00e1s breves que se adapten amigablemente a las exigencias de las redes sociales, del apuro, del tr\u00e1nsito r\u00e1pido, de una ojeada al pasar en lugar de una mirada profunda.<\/p>\n<p>La idea de estos relatos breves es abarcar la profundidad y el impacto de una lecci\u00f3n aprendida, pero con la extensi\u00f3n de una mirada r\u00e1pida, un homenaje a la brevedad que no se permite detenerse demasiado en la reflexi\u00f3n y la contemplaci\u00f3n, asumiendo que ya no tenemos mucho tiempo, paciencia ni h\u00e1bito para ello. Probablemente debamos reconocer que parar y pensar se va transformando en una costumbre abandonada.<\/p>\n<p>&nbsp;<\/p>\n<p>&nbsp;<\/p>\n<p>&nbsp;<\/p>\n<p>&nbsp;<\/p>\n","protected":false},"excerpt":{"rendered":"<p><strong>ISBN<\/strong>:978-84-1144-309-8<\/p>\n<p><strong>SINOPSIS<\/strong><\/p>\n<p>Amenos, did\u00e1cticos y divertidos, es una buena descripci\u00f3n de estos cuentos breves. Dirigidos a transferir experiencia y entusiasmo. Medio siglo de lecciones aprendidas es un manojo de relatos breves y reflexiones sobre temas de negocios, empresas, la gente que participa en esas relaciones y el intrincado sistema de razones y emociones que nos mueven.<\/p>\n<p>Estrategias de negocios, desaf\u00edos de direcci\u00f3n, apetencias humanas, intereses, deseos y miedos desplegados en el entorno empresario, dilemas \u00e9ticos, historias de superaci\u00f3n y desastres, pueblan estas p\u00e1ginas y fluyen \u00e1gilmente.<\/p>\n<p>Estos relatos breves pretenden adaptarse a la vor\u00e1gine y frenes\u00ed que plantea la vida moderna con su mundo de comunicaci\u00f3n digital E invasi\u00f3n de redes sociales. El mundo que transitamos tiende a desarrollase intensamente en un transcurrir r\u00e1pido y en formato audiovisual. La letra impresa parece condenada a desaparecer o a perder protagonismo, sin dramatizar, tardar\u00e1 m\u00e1s o menos.<\/p>\n<p>Nos dec\u00eda el autor: <em>a trav\u00e9s de los a\u00f1os he estado acumulando conocimientos y experiencias, mezclando academia y trinchera, en un gran ba\u00fal dentro de mi cabeza. De tanto en tanto, aprovechando mi buena memoria y mi afici\u00f3n por la escritura, voy hasta ah\u00ed, saco algo, despu\u00e9s lo ordeno en una secuencia, siguiendo un guion y un contexto, d\u00e1ndole forma como para que un d\u00eda pueda ser publicado sin mayor deshonra para el autor.<\/em><\/p>\n<p>Seguramente para mantenerse vigente o relevante haya que escribir cosas m\u00e1s breves que se adapten amigablemente a las exigencias de las redes sociales, del apuro, del tr\u00e1nsito r\u00e1pido, de una ojeada al pasar en lugar de una mirada profunda.<\/p>\n<p>La idea de estos relatos breves es abarcar la profundidad y el impacto de una lecci\u00f3n aprendida, pero con la extensi\u00f3n de una mirada r\u00e1pida, un homenaje a la brevedad que no se permite detenerse demasiado en la reflexi\u00f3n y la contemplaci\u00f3n, asumiendo que ya no tenemos mucho tiempo, paciencia ni h\u00e1bito para ello. Probablemente debamos reconocer que parar y pensar se va transformando en una costumbre abandonada.<\/p>\n<p>&nbsp;<\/p>\n<p>&nbsp;<\/p>\n<p>&nbsp;<\/p>\n","protected":false},"featured_media":98251,"comment_status":"closed","ping_status":"open","template":"","meta":{"_acf_changed":false},"libro":[],"product_brand":[],"product_cat":[26],"product_tag":[],"class_list":{"0":"post-98250","1":"product","2":"type-product","3":"status-publish","4":"has-post-thumbnail","6":"product_cat-sin-categoria","8":"first","9":"instock","10":"product-type-simple"},"acf":{"autor":[76746],"enlace_de_compra":""},"yoast_head":"<!-- This site is optimized with the Yoast SEO plugin v26.6 - https:\/\/yoast.com\/wordpress\/plugins\/seo\/ -->\n<title>Medio siglo de lecciones aprendidas - Catalogo | Letrame Grupo Editorial<\/title>\n<meta name=\"robots\" content=\"index, follow, max-snippet:-1, max-image-preview:large, max-video-preview:-1\" \/>\n<link rel=\"canonical\" href=\"https:\/\/letrame.com\/catalogo\/producto\/medio-siglo-de-lecciones-aprendidas\/\" \/>\n<meta property=\"og:locale\" content=\"es_ES\" \/>\n<meta property=\"og:type\" content=\"article\" \/>\n<meta property=\"og:title\" content=\"Medio siglo de lecciones aprendidas - Catalogo | Letrame Grupo Editorial\" \/>\n<meta property=\"og:description\" content=\"ISBN:978-84-1144-309-8 SINOPSIS Amenos, did\u00e1cticos y divertidos, es una buena descripci\u00f3n de estos cuentos breves. Dirigidos a transferir experiencia y entusiasmo. Medio siglo de lecciones aprendidas es un manojo de relatos breves y reflexiones sobre temas de negocios, empresas, la gente que participa en esas relaciones y el intrincado sistema de razones y emociones que nos mueven. Estrategias de negocios, desaf\u00edos de direcci\u00f3n, apetencias humanas, intereses, deseos y miedos desplegados en el entorno empresario, dilemas \u00e9ticos, historias de superaci\u00f3n y desastres, pueblan estas p\u00e1ginas y fluyen \u00e1gilmente. Estos relatos breves pretenden adaptarse a la vor\u00e1gine y frenes\u00ed que plantea la vida moderna con su mundo de comunicaci\u00f3n digital E invasi\u00f3n de redes sociales. El mundo que transitamos tiende a desarrollase intensamente en un transcurrir r\u00e1pido y en formato audiovisual. La letra impresa parece condenada a desaparecer o a perder protagonismo, sin dramatizar, tardar\u00e1 m\u00e1s o menos. Nos dec\u00eda el autor: a trav\u00e9s de los a\u00f1os he estado acumulando conocimientos y experiencias, mezclando academia y trinchera, en un gran ba\u00fal dentro de mi cabeza. De tanto en tanto, aprovechando mi buena memoria y mi afici\u00f3n por la escritura, voy hasta ah\u00ed, saco algo, despu\u00e9s lo ordeno en una secuencia, siguiendo un guion y un contexto, d\u00e1ndole forma como para que un d\u00eda pueda ser publicado sin mayor deshonra para el autor. Seguramente para mantenerse vigente o relevante haya que escribir cosas m\u00e1s breves que se adapten amigablemente a las exigencias de las redes sociales, del apuro, del tr\u00e1nsito r\u00e1pido, de una ojeada al pasar en lugar de una mirada profunda. La idea de estos relatos breves es abarcar la profundidad y el impacto de una lecci\u00f3n aprendida, pero con la extensi\u00f3n de una mirada r\u00e1pida, un homenaje a la brevedad que no se permite detenerse demasiado en la reflexi\u00f3n y la contemplaci\u00f3n, asumiendo que ya no tenemos mucho tiempo, paciencia ni h\u00e1bito para ello. Probablemente debamos reconocer que parar y pensar se va transformando en una costumbre abandonada. &nbsp; &nbsp; &nbsp;\" \/>\n<meta property=\"og:url\" content=\"https:\/\/letrame.com\/catalogo\/producto\/medio-siglo-de-lecciones-aprendidas\/\" \/>\n<meta property=\"og:site_name\" content=\"Catalogo | Letrame Grupo Editorial\" \/>\n<meta property=\"og:image\" content=\"https:\/\/letrame.com\/catalogo\/wp-content\/uploads\/2024\/04\/redportada_mediosiglo_919mm-1-compressed.jpg\" \/>\n\t<meta property=\"og:image:width\" content=\"601\" \/>\n\t<meta property=\"og:image:height\" content=\"881\" \/>\n\t<meta property=\"og:image:type\" content=\"image\/jpeg\" \/>\n<meta name=\"twitter:card\" content=\"summary_large_image\" \/>\n<meta name=\"twitter:label1\" content=\"Tiempo de lectura\" \/>\n\t<meta name=\"twitter:data1\" content=\"2 minutos\" \/>\n<script type=\"application\/ld+json\" class=\"yoast-schema-graph\">{\"@context\":\"https:\/\/schema.org\",\"@graph\":[{\"@type\":\"WebPage\",\"@id\":\"https:\/\/letrame.com\/catalogo\/producto\/medio-siglo-de-lecciones-aprendidas\/\",\"url\":\"https:\/\/letrame.com\/catalogo\/producto\/medio-siglo-de-lecciones-aprendidas\/\",\"name\":\"Medio siglo de lecciones aprendidas - Catalogo | Letrame Grupo Editorial\",\"isPartOf\":{\"@id\":\"https:\/\/letrame.com\/catalogo\/#website\"},\"primaryImageOfPage\":{\"@id\":\"https:\/\/letrame.com\/catalogo\/producto\/medio-siglo-de-lecciones-aprendidas\/#primaryimage\"},\"image\":{\"@id\":\"https:\/\/letrame.com\/catalogo\/producto\/medio-siglo-de-lecciones-aprendidas\/#primaryimage\"},\"thumbnailUrl\":\"https:\/\/letrame.com\/catalogo\/wp-content\/uploads\/2024\/04\/redportada_mediosiglo_919mm-1-compressed.jpg\",\"datePublished\":\"2024-04-29T12:54:56+00:00\",\"breadcrumb\":{\"@id\":\"https:\/\/letrame.com\/catalogo\/producto\/medio-siglo-de-lecciones-aprendidas\/#breadcrumb\"},\"inLanguage\":\"es\",\"potentialAction\":[{\"@type\":\"ReadAction\",\"target\":[\"https:\/\/letrame.com\/catalogo\/producto\/medio-siglo-de-lecciones-aprendidas\/\"]}]},{\"@type\":\"ImageObject\",\"inLanguage\":\"es\",\"@id\":\"https:\/\/letrame.com\/catalogo\/producto\/medio-siglo-de-lecciones-aprendidas\/#primaryimage\",\"url\":\"https:\/\/letrame.com\/catalogo\/wp-content\/uploads\/2024\/04\/redportada_mediosiglo_919mm-1-compressed.jpg\",\"contentUrl\":\"https:\/\/letrame.com\/catalogo\/wp-content\/uploads\/2024\/04\/redportada_mediosiglo_919mm-1-compressed.jpg\",\"width\":601,\"height\":881},{\"@type\":\"BreadcrumbList\",\"@id\":\"https:\/\/letrame.com\/catalogo\/producto\/medio-siglo-de-lecciones-aprendidas\/#breadcrumb\",\"itemListElement\":[{\"@type\":\"ListItem\",\"position\":1,\"name\":\"Portada\",\"item\":\"https:\/\/letrame.com\/catalogo\/\"},{\"@type\":\"ListItem\",\"position\":2,\"name\":\"Cat\u00e1logo\",\"item\":\"https:\/\/letrame.com\/catalogo\/\"},{\"@type\":\"ListItem\",\"position\":3,\"name\":\"Medio siglo de lecciones aprendidas\"}]},{\"@type\":\"WebSite\",\"@id\":\"https:\/\/letrame.com\/catalogo\/#website\",\"url\":\"https:\/\/letrame.com\/catalogo\/\",\"name\":\"Catalogo | Letrame Grupo Editorial\",\"description\":\"\",\"publisher\":{\"@id\":\"https:\/\/letrame.com\/catalogo\/#organization\"},\"potentialAction\":[{\"@type\":\"SearchAction\",\"target\":{\"@type\":\"EntryPoint\",\"urlTemplate\":\"https:\/\/letrame.com\/catalogo\/?s={search_term_string}\"},\"query-input\":{\"@type\":\"PropertyValueSpecification\",\"valueRequired\":true,\"valueName\":\"search_term_string\"}}],\"inLanguage\":\"es\"},{\"@type\":\"Organization\",\"@id\":\"https:\/\/letrame.com\/catalogo\/#organization\",\"name\":\"Catalogo | Letrame Grupo Editorial\",\"url\":\"https:\/\/letrame.com\/catalogo\/\",\"logo\":{\"@type\":\"ImageObject\",\"inLanguage\":\"es\",\"@id\":\"https:\/\/letrame.com\/catalogo\/#\/schema\/logo\/image\/\",\"url\":\"https:\/\/letrame.com\/catalogo\/wp-content\/uploads\/2024\/03\/logo2.webp\",\"contentUrl\":\"https:\/\/letrame.com\/catalogo\/wp-content\/uploads\/2024\/03\/logo2.webp\",\"width\":394,\"height\":128,\"caption\":\"Catalogo | Letrame Grupo Editorial\"},\"image\":{\"@id\":\"https:\/\/letrame.com\/catalogo\/#\/schema\/logo\/image\/\"}}]}<\/script>\n<!-- \/ Yoast SEO plugin. -->","yoast_head_json":{"title":"Medio siglo de lecciones aprendidas - Catalogo | Letrame Grupo Editorial","robots":{"index":"index","follow":"follow","max-snippet":"max-snippet:-1","max-image-preview":"max-image-preview:large","max-video-preview":"max-video-preview:-1"},"canonical":"https:\/\/letrame.com\/catalogo\/producto\/medio-siglo-de-lecciones-aprendidas\/","og_locale":"es_ES","og_type":"article","og_title":"Medio siglo de lecciones aprendidas - Catalogo | Letrame Grupo Editorial","og_description":"ISBN:978-84-1144-309-8 SINOPSIS Amenos, did\u00e1cticos y divertidos, es una buena descripci\u00f3n de estos cuentos breves. Dirigidos a transferir experiencia y entusiasmo. Medio siglo de lecciones aprendidas es un manojo de relatos breves y reflexiones sobre temas de negocios, empresas, la gente que participa en esas relaciones y el intrincado sistema de razones y emociones que nos mueven. Estrategias de negocios, desaf\u00edos de direcci\u00f3n, apetencias humanas, intereses, deseos y miedos desplegados en el entorno empresario, dilemas \u00e9ticos, historias de superaci\u00f3n y desastres, pueblan estas p\u00e1ginas y fluyen \u00e1gilmente. Estos relatos breves pretenden adaptarse a la vor\u00e1gine y frenes\u00ed que plantea la vida moderna con su mundo de comunicaci\u00f3n digital E invasi\u00f3n de redes sociales. El mundo que transitamos tiende a desarrollase intensamente en un transcurrir r\u00e1pido y en formato audiovisual. La letra impresa parece condenada a desaparecer o a perder protagonismo, sin dramatizar, tardar\u00e1 m\u00e1s o menos. Nos dec\u00eda el autor: a trav\u00e9s de los a\u00f1os he estado acumulando conocimientos y experiencias, mezclando academia y trinchera, en un gran ba\u00fal dentro de mi cabeza. De tanto en tanto, aprovechando mi buena memoria y mi afici\u00f3n por la escritura, voy hasta ah\u00ed, saco algo, despu\u00e9s lo ordeno en una secuencia, siguiendo un guion y un contexto, d\u00e1ndole forma como para que un d\u00eda pueda ser publicado sin mayor deshonra para el autor. Seguramente para mantenerse vigente o relevante haya que escribir cosas m\u00e1s breves que se adapten amigablemente a las exigencias de las redes sociales, del apuro, del tr\u00e1nsito r\u00e1pido, de una ojeada al pasar en lugar de una mirada profunda. La idea de estos relatos breves es abarcar la profundidad y el impacto de una lecci\u00f3n aprendida, pero con la extensi\u00f3n de una mirada r\u00e1pida, un homenaje a la brevedad que no se permite detenerse demasiado en la reflexi\u00f3n y la contemplaci\u00f3n, asumiendo que ya no tenemos mucho tiempo, paciencia ni h\u00e1bito para ello. Probablemente debamos reconocer que parar y pensar se va transformando en una costumbre abandonada. &nbsp; &nbsp; &nbsp;","og_url":"https:\/\/letrame.com\/catalogo\/producto\/medio-siglo-de-lecciones-aprendidas\/","og_site_name":"Catalogo | Letrame Grupo Editorial","og_image":[{"width":601,"height":881,"url":"https:\/\/letrame.com\/catalogo\/wp-content\/uploads\/2024\/04\/redportada_mediosiglo_919mm-1-compressed.jpg","type":"image\/jpeg"}],"twitter_card":"summary_large_image","twitter_misc":{"Tiempo de lectura":"2 minutos"},"schema":{"@context":"https:\/\/schema.org","@graph":[{"@type":"WebPage","@id":"https:\/\/letrame.com\/catalogo\/producto\/medio-siglo-de-lecciones-aprendidas\/","url":"https:\/\/letrame.com\/catalogo\/producto\/medio-siglo-de-lecciones-aprendidas\/","name":"Medio siglo de lecciones aprendidas - Catalogo | Letrame Grupo Editorial","isPartOf":{"@id":"https:\/\/letrame.com\/catalogo\/#website"},"primaryImageOfPage":{"@id":"https:\/\/letrame.com\/catalogo\/producto\/medio-siglo-de-lecciones-aprendidas\/#primaryimage"},"image":{"@id":"https:\/\/letrame.com\/catalogo\/producto\/medio-siglo-de-lecciones-aprendidas\/#primaryimage"},"thumbnailUrl":"https:\/\/letrame.com\/catalogo\/wp-content\/uploads\/2024\/04\/redportada_mediosiglo_919mm-1-compressed.jpg","datePublished":"2024-04-29T12:54:56+00:00","breadcrumb":{"@id":"https:\/\/letrame.com\/catalogo\/producto\/medio-siglo-de-lecciones-aprendidas\/#breadcrumb"},"inLanguage":"es","potentialAction":[{"@type":"ReadAction","target":["https:\/\/letrame.com\/catalogo\/producto\/medio-siglo-de-lecciones-aprendidas\/"]}]},{"@type":"ImageObject","inLanguage":"es","@id":"https:\/\/letrame.com\/catalogo\/producto\/medio-siglo-de-lecciones-aprendidas\/#primaryimage","url":"https:\/\/letrame.com\/catalogo\/wp-content\/uploads\/2024\/04\/redportada_mediosiglo_919mm-1-compressed.jpg","contentUrl":"https:\/\/letrame.com\/catalogo\/wp-content\/uploads\/2024\/04\/redportada_mediosiglo_919mm-1-compressed.jpg","width":601,"height":881},{"@type":"BreadcrumbList","@id":"https:\/\/letrame.com\/catalogo\/producto\/medio-siglo-de-lecciones-aprendidas\/#breadcrumb","itemListElement":[{"@type":"ListItem","position":1,"name":"Portada","item":"https:\/\/letrame.com\/catalogo\/"},{"@type":"ListItem","position":2,"name":"Cat\u00e1logo","item":"https:\/\/letrame.com\/catalogo\/"},{"@type":"ListItem","position":3,"name":"Medio siglo de lecciones aprendidas"}]},{"@type":"WebSite","@id":"https:\/\/letrame.com\/catalogo\/#website","url":"https:\/\/letrame.com\/catalogo\/","name":"Catalogo | Letrame Grupo Editorial","description":"","publisher":{"@id":"https:\/\/letrame.com\/catalogo\/#organization"},"potentialAction":[{"@type":"SearchAction","target":{"@type":"EntryPoint","urlTemplate":"https:\/\/letrame.com\/catalogo\/?s={search_term_string}"},"query-input":{"@type":"PropertyValueSpecification","valueRequired":true,"valueName":"search_term_string"}}],"inLanguage":"es"},{"@type":"Organization","@id":"https:\/\/letrame.com\/catalogo\/#organization","name":"Catalogo | Letrame Grupo Editorial","url":"https:\/\/letrame.com\/catalogo\/","logo":{"@type":"ImageObject","inLanguage":"es","@id":"https:\/\/letrame.com\/catalogo\/#\/schema\/logo\/image\/","url":"https:\/\/letrame.com\/catalogo\/wp-content\/uploads\/2024\/03\/logo2.webp","contentUrl":"https:\/\/letrame.com\/catalogo\/wp-content\/uploads\/2024\/03\/logo2.webp","width":394,"height":128,"caption":"Catalogo | Letrame Grupo Editorial"},"image":{"@id":"https:\/\/letrame.com\/catalogo\/#\/schema\/logo\/image\/"}}]}},"_links":{"self":[{"href":"https:\/\/letrame.com\/catalogo\/wp-json\/wp\/v2\/product\/98250","targetHints":{"allow":["GET"]}}],"collection":[{"href":"https:\/\/letrame.com\/catalogo\/wp-json\/wp\/v2\/product"}],"about":[{"href":"https:\/\/letrame.com\/catalogo\/wp-json\/wp\/v2\/types\/product"}],"replies":[{"embeddable":true,"href":"https:\/\/letrame.com\/catalogo\/wp-json\/wp\/v2\/comments?post=98250"}],"acf:post":[{"embeddable":true,"href":"https:\/\/letrame.com\/catalogo\/wp-json\/wp\/v2\/author_book\/76746"}],"wp:featuredmedia":[{"embeddable":true,"href":"https:\/\/letrame.com\/catalogo\/wp-json\/wp\/v2\/media\/98251"}],"wp:attachment":[{"href":"https:\/\/letrame.com\/catalogo\/wp-json\/wp\/v2\/media?parent=98250"}],"wp:term":[{"taxonomy":"libro","embeddable":true,"href":"https:\/\/letrame.com\/catalogo\/wp-json\/wp\/v2\/libro?post=98250"},{"taxonomy":"product_brand","embeddable":true,"href":"https:\/\/letrame.com\/catalogo\/wp-json\/wp\/v2\/product_brand?post=98250"},{"taxonomy":"product_cat","embeddable":true,"href":"https:\/\/letrame.com\/catalogo\/wp-json\/wp\/v2\/product_cat?post=98250"},{"taxonomy":"product_tag","embeddable":true,"href":"https:\/\/letrame.com\/catalogo\/wp-json\/wp\/v2\/product_tag?post=98250"}],"curies":[{"name":"wp","href":"https:\/\/api.w.org\/{rel}","templated":true}]}}