{"id":98240,"date":"2024-04-29T14:54:37","date_gmt":"2024-04-29T12:54:37","guid":{"rendered":"https:\/\/letrame.com\/catalogo\/producto\/despertar-en-miami\/"},"modified":"2024-04-29T14:54:40","modified_gmt":"2024-04-29T12:54:40","slug":"despertar-en-miami","status":"publish","type":"product","link":"https:\/\/letrame.com\/catalogo\/producto\/despertar-en-miami\/","title":{"rendered":"Despertar en Miami"},"content":{"rendered":"<p><strong>ISBN<\/strong>: 978-84-1144-354-8<\/p>\n<p><strong>T\u00edtulo<\/strong>: Despertar en Miami<br \/>\n<strong>Fecha<\/strong>: 2022<br \/>\n<strong>P\u00e1ginas<\/strong>: 366<\/p>\n<p><strong>SINOPSIS<\/strong><\/p>\n<p>Nuestro protagonista despierta una noche calurosa en un callej\u00f3n de Miami, malherido y sin recuerdo alguno de su vida anterior, su identidad ni mucho menos c\u00f3mo lleg\u00f3 ah\u00ed.<\/p>\n<p>Indocumentado, en un pa\u00eds extra\u00f1o y sin un d\u00f3lar en su bolsillo, comienza su nueva vida completamente ajeno a la cacer\u00eda por \u00e9l de parte de Interpol hace meses ya, con solo el apoyo de tres buenos samaritanos que el destino ha puesto en su camino.<\/p>\n<p>Sus recuerdos de su vida previa, destellos caprichosos y crueles, comienzan a narrarle un pasado oscur\u00edsimo, que en su minuto m\u00e1s triste lo lleva a rezarle al creador en una parroquia de la peque\u00f1a Habana: \u00abPor favor, no me dejes recuperar mis memorias\u2026\u00bb.<\/p>\n<p>Una historia de redenci\u00f3n y de segundas oportunidades, donde la odisea de nuestro protagonista nos lleva a preguntarnos: \u00bfCometer\u00edamos los mismos errores si el destino nos regalara una hoja en blanco? \u00bfEstamos condenados por nuestra historia o es posible partir de cero?<\/p>\n","protected":false},"excerpt":{"rendered":"<p><strong>ISBN<\/strong>: 978-84-1144-354-8<\/p>\n<p><strong>SINOPSIS<\/strong><\/p>\n<p>Nuestro protagonista despierta una noche calurosa en un callej\u00f3n de Miami, malherido y sin recuerdo alguno de su vida anterior, su identidad ni mucho menos c\u00f3mo lleg\u00f3 ah\u00ed.<\/p>\n<p>Indocumentado, en un pa\u00eds extra\u00f1o y sin un d\u00f3lar en su bolsillo, comienza su nueva vida completamente ajeno a la cacer\u00eda por \u00e9l de parte de Interpol hace meses ya, con solo el apoyo de tres buenos samaritanos que el destino ha puesto en su camino.<\/p>\n<p>Sus recuerdos de su vida previa, destellos caprichosos y crueles, comienzan a narrarle un pasado oscur\u00edsimo, que en su minuto m\u00e1s triste lo lleva a rezarle al creador en una parroquia de la peque\u00f1a Habana: \u00abPor favor, no me dejes recuperar mis memorias\u2026\u00bb.<\/p>\n<p>Una historia de redenci\u00f3n y de segundas oportunidades, donde la odisea de nuestro protagonista nos lleva a preguntarnos: \u00bfCometer\u00edamos los mismos errores si el destino nos regalara una hoja en blanco? \u00bfEstamos condenados por nuestra historia o es posible partir de cero?<\/p>\n","protected":false},"featured_media":98241,"comment_status":"closed","ping_status":"open","template":"","meta":{"_acf_changed":false},"libro":[],"product_brand":[],"product_cat":[26],"product_tag":[],"class_list":{"0":"post-98240","1":"product","2":"type-product","3":"status-publish","4":"has-post-thumbnail","6":"product_cat-sin-categoria","8":"first","9":"instock","10":"product-type-simple"},"acf":{"autor":[76738],"enlace_de_compra":""},"yoast_head":"<!-- This site is optimized with the Yoast SEO plugin v26.6 - https:\/\/yoast.com\/wordpress\/plugins\/seo\/ -->\n<title>Despertar en Miami - Catalogo | Letrame Grupo Editorial<\/title>\n<meta name=\"robots\" content=\"index, follow, max-snippet:-1, max-image-preview:large, max-video-preview:-1\" \/>\n<link rel=\"canonical\" href=\"https:\/\/letrame.com\/catalogo\/producto\/despertar-en-miami\/\" \/>\n<meta property=\"og:locale\" content=\"es_ES\" \/>\n<meta property=\"og:type\" content=\"article\" \/>\n<meta property=\"og:title\" content=\"Despertar en Miami - Catalogo | Letrame Grupo Editorial\" \/>\n<meta property=\"og:description\" content=\"ISBN: 978-84-1144-354-8 SINOPSIS Nuestro protagonista despierta una noche calurosa en un callej\u00f3n de Miami, malherido y sin recuerdo alguno de su vida anterior, su identidad ni mucho menos c\u00f3mo lleg\u00f3 ah\u00ed. Indocumentado, en un pa\u00eds extra\u00f1o y sin un d\u00f3lar en su bolsillo, comienza su nueva vida completamente ajeno a la cacer\u00eda por \u00e9l de parte de Interpol hace meses ya, con solo el apoyo de tres buenos samaritanos que el destino ha puesto en su camino. Sus recuerdos de su vida previa, destellos caprichosos y crueles, comienzan a narrarle un pasado oscur\u00edsimo, que en su minuto m\u00e1s triste lo lleva a rezarle al creador en una parroquia de la peque\u00f1a Habana: \u00abPor favor, no me dejes recuperar mis memorias\u2026\u00bb. Una historia de redenci\u00f3n y de segundas oportunidades, donde la odisea de nuestro protagonista nos lleva a preguntarnos: \u00bfCometer\u00edamos los mismos errores si el destino nos regalara una hoja en blanco? \u00bfEstamos condenados por nuestra historia o es posible partir de cero?\" \/>\n<meta property=\"og:url\" content=\"https:\/\/letrame.com\/catalogo\/producto\/despertar-en-miami\/\" \/>\n<meta property=\"og:site_name\" content=\"Catalogo | Letrame Grupo Editorial\" \/>\n<meta property=\"article:modified_time\" content=\"2024-04-29T12:54:40+00:00\" \/>\n<meta property=\"og:image\" content=\"https:\/\/letrame.com\/catalogo\/wp-content\/uploads\/2024\/04\/redportada_despertarenmiami_201mm-2-compressed.jpg\" \/>\n\t<meta property=\"og:image:width\" content=\"601\" \/>\n\t<meta property=\"og:image:height\" content=\"881\" \/>\n\t<meta property=\"og:image:type\" content=\"image\/jpeg\" \/>\n<meta name=\"twitter:card\" content=\"summary_large_image\" \/>\n<meta name=\"twitter:label1\" content=\"Tiempo de lectura\" \/>\n\t<meta name=\"twitter:data1\" content=\"1 minuto\" \/>\n<script type=\"application\/ld+json\" class=\"yoast-schema-graph\">{\"@context\":\"https:\/\/schema.org\",\"@graph\":[{\"@type\":\"WebPage\",\"@id\":\"https:\/\/letrame.com\/catalogo\/producto\/despertar-en-miami\/\",\"url\":\"https:\/\/letrame.com\/catalogo\/producto\/despertar-en-miami\/\",\"name\":\"Despertar en Miami - Catalogo | Letrame Grupo Editorial\",\"isPartOf\":{\"@id\":\"https:\/\/letrame.com\/catalogo\/#website\"},\"primaryImageOfPage\":{\"@id\":\"https:\/\/letrame.com\/catalogo\/producto\/despertar-en-miami\/#primaryimage\"},\"image\":{\"@id\":\"https:\/\/letrame.com\/catalogo\/producto\/despertar-en-miami\/#primaryimage\"},\"thumbnailUrl\":\"https:\/\/letrame.com\/catalogo\/wp-content\/uploads\/2024\/04\/redportada_despertarenmiami_201mm-2-compressed.jpg\",\"datePublished\":\"2024-04-29T12:54:37+00:00\",\"dateModified\":\"2024-04-29T12:54:40+00:00\",\"breadcrumb\":{\"@id\":\"https:\/\/letrame.com\/catalogo\/producto\/despertar-en-miami\/#breadcrumb\"},\"inLanguage\":\"es\",\"potentialAction\":[{\"@type\":\"ReadAction\",\"target\":[\"https:\/\/letrame.com\/catalogo\/producto\/despertar-en-miami\/\"]}]},{\"@type\":\"ImageObject\",\"inLanguage\":\"es\",\"@id\":\"https:\/\/letrame.com\/catalogo\/producto\/despertar-en-miami\/#primaryimage\",\"url\":\"https:\/\/letrame.com\/catalogo\/wp-content\/uploads\/2024\/04\/redportada_despertarenmiami_201mm-2-compressed.jpg\",\"contentUrl\":\"https:\/\/letrame.com\/catalogo\/wp-content\/uploads\/2024\/04\/redportada_despertarenmiami_201mm-2-compressed.jpg\",\"width\":601,\"height\":881},{\"@type\":\"BreadcrumbList\",\"@id\":\"https:\/\/letrame.com\/catalogo\/producto\/despertar-en-miami\/#breadcrumb\",\"itemListElement\":[{\"@type\":\"ListItem\",\"position\":1,\"name\":\"Portada\",\"item\":\"https:\/\/letrame.com\/catalogo\/\"},{\"@type\":\"ListItem\",\"position\":2,\"name\":\"Cat\u00e1logo\",\"item\":\"https:\/\/letrame.com\/catalogo\/\"},{\"@type\":\"ListItem\",\"position\":3,\"name\":\"Despertar en Miami\"}]},{\"@type\":\"WebSite\",\"@id\":\"https:\/\/letrame.com\/catalogo\/#website\",\"url\":\"https:\/\/letrame.com\/catalogo\/\",\"name\":\"Catalogo | Letrame Grupo Editorial\",\"description\":\"\",\"publisher\":{\"@id\":\"https:\/\/letrame.com\/catalogo\/#organization\"},\"potentialAction\":[{\"@type\":\"SearchAction\",\"target\":{\"@type\":\"EntryPoint\",\"urlTemplate\":\"https:\/\/letrame.com\/catalogo\/?s={search_term_string}\"},\"query-input\":{\"@type\":\"PropertyValueSpecification\",\"valueRequired\":true,\"valueName\":\"search_term_string\"}}],\"inLanguage\":\"es\"},{\"@type\":\"Organization\",\"@id\":\"https:\/\/letrame.com\/catalogo\/#organization\",\"name\":\"Catalogo | Letrame Grupo Editorial\",\"url\":\"https:\/\/letrame.com\/catalogo\/\",\"logo\":{\"@type\":\"ImageObject\",\"inLanguage\":\"es\",\"@id\":\"https:\/\/letrame.com\/catalogo\/#\/schema\/logo\/image\/\",\"url\":\"https:\/\/letrame.com\/catalogo\/wp-content\/uploads\/2024\/03\/logo2.webp\",\"contentUrl\":\"https:\/\/letrame.com\/catalogo\/wp-content\/uploads\/2024\/03\/logo2.webp\",\"width\":394,\"height\":128,\"caption\":\"Catalogo | Letrame Grupo Editorial\"},\"image\":{\"@id\":\"https:\/\/letrame.com\/catalogo\/#\/schema\/logo\/image\/\"}}]}<\/script>\n<!-- \/ Yoast SEO plugin. -->","yoast_head_json":{"title":"Despertar en Miami - Catalogo | Letrame Grupo Editorial","robots":{"index":"index","follow":"follow","max-snippet":"max-snippet:-1","max-image-preview":"max-image-preview:large","max-video-preview":"max-video-preview:-1"},"canonical":"https:\/\/letrame.com\/catalogo\/producto\/despertar-en-miami\/","og_locale":"es_ES","og_type":"article","og_title":"Despertar en Miami - Catalogo | Letrame Grupo Editorial","og_description":"ISBN: 978-84-1144-354-8 SINOPSIS Nuestro protagonista despierta una noche calurosa en un callej\u00f3n de Miami, malherido y sin recuerdo alguno de su vida anterior, su identidad ni mucho menos c\u00f3mo lleg\u00f3 ah\u00ed. Indocumentado, en un pa\u00eds extra\u00f1o y sin un d\u00f3lar en su bolsillo, comienza su nueva vida completamente ajeno a la cacer\u00eda por \u00e9l de parte de Interpol hace meses ya, con solo el apoyo de tres buenos samaritanos que el destino ha puesto en su camino. Sus recuerdos de su vida previa, destellos caprichosos y crueles, comienzan a narrarle un pasado oscur\u00edsimo, que en su minuto m\u00e1s triste lo lleva a rezarle al creador en una parroquia de la peque\u00f1a Habana: \u00abPor favor, no me dejes recuperar mis memorias\u2026\u00bb. Una historia de redenci\u00f3n y de segundas oportunidades, donde la odisea de nuestro protagonista nos lleva a preguntarnos: \u00bfCometer\u00edamos los mismos errores si el destino nos regalara una hoja en blanco? \u00bfEstamos condenados por nuestra historia o es posible partir de cero?","og_url":"https:\/\/letrame.com\/catalogo\/producto\/despertar-en-miami\/","og_site_name":"Catalogo | Letrame Grupo Editorial","article_modified_time":"2024-04-29T12:54:40+00:00","og_image":[{"width":601,"height":881,"url":"https:\/\/letrame.com\/catalogo\/wp-content\/uploads\/2024\/04\/redportada_despertarenmiami_201mm-2-compressed.jpg","type":"image\/jpeg"}],"twitter_card":"summary_large_image","twitter_misc":{"Tiempo de lectura":"1 minuto"},"schema":{"@context":"https:\/\/schema.org","@graph":[{"@type":"WebPage","@id":"https:\/\/letrame.com\/catalogo\/producto\/despertar-en-miami\/","url":"https:\/\/letrame.com\/catalogo\/producto\/despertar-en-miami\/","name":"Despertar en Miami - Catalogo | Letrame Grupo Editorial","isPartOf":{"@id":"https:\/\/letrame.com\/catalogo\/#website"},"primaryImageOfPage":{"@id":"https:\/\/letrame.com\/catalogo\/producto\/despertar-en-miami\/#primaryimage"},"image":{"@id":"https:\/\/letrame.com\/catalogo\/producto\/despertar-en-miami\/#primaryimage"},"thumbnailUrl":"https:\/\/letrame.com\/catalogo\/wp-content\/uploads\/2024\/04\/redportada_despertarenmiami_201mm-2-compressed.jpg","datePublished":"2024-04-29T12:54:37+00:00","dateModified":"2024-04-29T12:54:40+00:00","breadcrumb":{"@id":"https:\/\/letrame.com\/catalogo\/producto\/despertar-en-miami\/#breadcrumb"},"inLanguage":"es","potentialAction":[{"@type":"ReadAction","target":["https:\/\/letrame.com\/catalogo\/producto\/despertar-en-miami\/"]}]},{"@type":"ImageObject","inLanguage":"es","@id":"https:\/\/letrame.com\/catalogo\/producto\/despertar-en-miami\/#primaryimage","url":"https:\/\/letrame.com\/catalogo\/wp-content\/uploads\/2024\/04\/redportada_despertarenmiami_201mm-2-compressed.jpg","contentUrl":"https:\/\/letrame.com\/catalogo\/wp-content\/uploads\/2024\/04\/redportada_despertarenmiami_201mm-2-compressed.jpg","width":601,"height":881},{"@type":"BreadcrumbList","@id":"https:\/\/letrame.com\/catalogo\/producto\/despertar-en-miami\/#breadcrumb","itemListElement":[{"@type":"ListItem","position":1,"name":"Portada","item":"https:\/\/letrame.com\/catalogo\/"},{"@type":"ListItem","position":2,"name":"Cat\u00e1logo","item":"https:\/\/letrame.com\/catalogo\/"},{"@type":"ListItem","position":3,"name":"Despertar en Miami"}]},{"@type":"WebSite","@id":"https:\/\/letrame.com\/catalogo\/#website","url":"https:\/\/letrame.com\/catalogo\/","name":"Catalogo | Letrame Grupo Editorial","description":"","publisher":{"@id":"https:\/\/letrame.com\/catalogo\/#organization"},"potentialAction":[{"@type":"SearchAction","target":{"@type":"EntryPoint","urlTemplate":"https:\/\/letrame.com\/catalogo\/?s={search_term_string}"},"query-input":{"@type":"PropertyValueSpecification","valueRequired":true,"valueName":"search_term_string"}}],"inLanguage":"es"},{"@type":"Organization","@id":"https:\/\/letrame.com\/catalogo\/#organization","name":"Catalogo | Letrame Grupo Editorial","url":"https:\/\/letrame.com\/catalogo\/","logo":{"@type":"ImageObject","inLanguage":"es","@id":"https:\/\/letrame.com\/catalogo\/#\/schema\/logo\/image\/","url":"https:\/\/letrame.com\/catalogo\/wp-content\/uploads\/2024\/03\/logo2.webp","contentUrl":"https:\/\/letrame.com\/catalogo\/wp-content\/uploads\/2024\/03\/logo2.webp","width":394,"height":128,"caption":"Catalogo | Letrame Grupo Editorial"},"image":{"@id":"https:\/\/letrame.com\/catalogo\/#\/schema\/logo\/image\/"}}]}},"_links":{"self":[{"href":"https:\/\/letrame.com\/catalogo\/wp-json\/wp\/v2\/product\/98240","targetHints":{"allow":["GET"]}}],"collection":[{"href":"https:\/\/letrame.com\/catalogo\/wp-json\/wp\/v2\/product"}],"about":[{"href":"https:\/\/letrame.com\/catalogo\/wp-json\/wp\/v2\/types\/product"}],"replies":[{"embeddable":true,"href":"https:\/\/letrame.com\/catalogo\/wp-json\/wp\/v2\/comments?post=98240"}],"acf:post":[{"embeddable":true,"href":"https:\/\/letrame.com\/catalogo\/wp-json\/wp\/v2\/author_book\/76738"}],"wp:featuredmedia":[{"embeddable":true,"href":"https:\/\/letrame.com\/catalogo\/wp-json\/wp\/v2\/media\/98241"}],"wp:attachment":[{"href":"https:\/\/letrame.com\/catalogo\/wp-json\/wp\/v2\/media?parent=98240"}],"wp:term":[{"taxonomy":"libro","embeddable":true,"href":"https:\/\/letrame.com\/catalogo\/wp-json\/wp\/v2\/libro?post=98240"},{"taxonomy":"product_brand","embeddable":true,"href":"https:\/\/letrame.com\/catalogo\/wp-json\/wp\/v2\/product_brand?post=98240"},{"taxonomy":"product_cat","embeddable":true,"href":"https:\/\/letrame.com\/catalogo\/wp-json\/wp\/v2\/product_cat?post=98240"},{"taxonomy":"product_tag","embeddable":true,"href":"https:\/\/letrame.com\/catalogo\/wp-json\/wp\/v2\/product_tag?post=98240"}],"curies":[{"name":"wp","href":"https:\/\/api.w.org\/{rel}","templated":true}]}}