{"id":98224,"date":"2024-04-29T14:54:05","date_gmt":"2024-04-29T12:54:05","guid":{"rendered":"https:\/\/letrame.com\/catalogo\/producto\/el-azucar-y-la-sal\/"},"modified":"2024-04-29T14:54:11","modified_gmt":"2024-04-29T12:54:11","slug":"el-azucar-y-la-sal","status":"publish","type":"product","link":"https:\/\/letrame.com\/catalogo\/producto\/el-azucar-y-la-sal\/","title":{"rendered":"El az\u00facar y la sal"},"content":{"rendered":"<p><strong>ISBN<\/strong>: 978-84-1144-117-9<\/p>\n<p><strong>T\u00edtulo<\/strong>: El az\u00facar y la sal<br \/>\n<strong>Fecha<\/strong>: 2022<br \/>\n<strong>P\u00e1ginas<\/strong>: 150<\/p>\n<p><strong>SINOPSIS<\/strong><\/p>\n<p>\u00abSigo so\u00f1ando con que la \u00fanica curva que me importe alg\u00fan d\u00eda sea la de su sonrisa al verla sonre\u00edr\u00bb.<\/p>\n<p>El diagn\u00f3stico de una enfermedad cr\u00f3nica, como la diabetes, es muy duro. Recuerdo que el d\u00eda que me diagnosticaron diabetes dej\u00e9 de ser yo para convertirme en una nueva persona, con m\u00e1s responsabilidades, preocupaciones e incluso miedos. Lo que no sab\u00eda es que con 7 a\u00f1os el mayor peso lo llevar\u00edan mis padres y ellos ser\u00edan mis manos, mis ojos y mis decisiones hasta dejarme tomar las riendas de mi vida.<\/p>\n<p>En estas p\u00e1ginas leer\u00e1s sobre los primeros a\u00f1os desde el debut y podr\u00e1s ponerte en mis zapatos para entender lo que recuerda una ni\u00f1a con diabetes a su edad adulta. El proceso de duelo, de equivocaciones, de adversidades, pero tambi\u00e9n de alegr\u00edas. Vividas no solo desde mi perspectiva sino tambi\u00e9n desde la de los padres, los amigos, los profesores\u2026 porque la vida es cuesti\u00f3n de actitud y yo espero que estas p\u00e1ginas te permitan ver que sonre\u00edr tambi\u00e9n es posible tras el diagn\u00f3stico.<\/p>\n<p>&nbsp;<\/p>\n","protected":false},"excerpt":{"rendered":"<p><strong>ISBN<\/strong>: 978-84-1144-117-9<\/p>\n<p><strong>SINOPSIS<\/strong><\/p>\n<p>\u00abSigo so\u00f1ando con que la \u00fanica curva que me importe alg\u00fan d\u00eda sea la de su sonrisa al verla sonre\u00edr\u00bb.<\/p>\n<p>El diagn\u00f3stico de una enfermedad cr\u00f3nica, como la diabetes, es muy duro. Recuerdo que el d\u00eda que me diagnosticaron diabetes dej\u00e9 de ser yo para convertirme en una nueva persona, con m\u00e1s responsabilidades, preocupaciones e incluso miedos. Lo que no sab\u00eda es que con 7 a\u00f1os el mayor peso lo llevar\u00edan mis padres y ellos ser\u00edan mis manos, mis ojos y mis decisiones hasta dejarme tomar las riendas de mi vida.<\/p>\n<p>En estas p\u00e1ginas leer\u00e1s sobre los primeros a\u00f1os desde el debut y podr\u00e1s ponerte en mis zapatos para entender lo que recuerda una ni\u00f1a con diabetes a su edad adulta. El proceso de duelo, de equivocaciones, de adversidades, pero tambi\u00e9n de alegr\u00edas. Vividas no solo desde mi perspectiva sino tambi\u00e9n desde la de los padres, los amigos, los profesores\u2026 porque la vida es cuesti\u00f3n de actitud y yo espero que estas p\u00e1ginas te permitan ver que sonre\u00edr tambi\u00e9n es posible tras el diagn\u00f3stico.<\/p>\n","protected":false},"featured_media":98225,"comment_status":"closed","ping_status":"open","template":"","meta":{"_acf_changed":false},"libro":[],"product_brand":[],"product_cat":[26],"product_tag":[],"class_list":{"0":"post-98224","1":"product","2":"type-product","3":"status-publish","4":"has-post-thumbnail","6":"product_cat-sin-categoria","8":"first","9":"instock","10":"product-type-simple"},"acf":{"autor":[76727],"enlace_de_compra":""},"yoast_head":"<!-- This site is optimized with the Yoast SEO plugin v26.6 - https:\/\/yoast.com\/wordpress\/plugins\/seo\/ -->\n<title>El az\u00facar y la sal - Catalogo | Letrame Grupo Editorial<\/title>\n<meta name=\"robots\" content=\"index, follow, max-snippet:-1, max-image-preview:large, max-video-preview:-1\" \/>\n<link rel=\"canonical\" href=\"https:\/\/letrame.com\/catalogo\/producto\/el-azucar-y-la-sal\/\" \/>\n<meta property=\"og:locale\" content=\"es_ES\" \/>\n<meta property=\"og:type\" content=\"article\" \/>\n<meta property=\"og:title\" content=\"El az\u00facar y la sal - Catalogo | Letrame Grupo Editorial\" \/>\n<meta property=\"og:description\" content=\"ISBN: 978-84-1144-117-9 SINOPSIS \u00abSigo so\u00f1ando con que la \u00fanica curva que me importe alg\u00fan d\u00eda sea la de su sonrisa al verla sonre\u00edr\u00bb. El diagn\u00f3stico de una enfermedad cr\u00f3nica, como la diabetes, es muy duro. Recuerdo que el d\u00eda que me diagnosticaron diabetes dej\u00e9 de ser yo para convertirme en una nueva persona, con m\u00e1s responsabilidades, preocupaciones e incluso miedos. Lo que no sab\u00eda es que con 7 a\u00f1os el mayor peso lo llevar\u00edan mis padres y ellos ser\u00edan mis manos, mis ojos y mis decisiones hasta dejarme tomar las riendas de mi vida. En estas p\u00e1ginas leer\u00e1s sobre los primeros a\u00f1os desde el debut y podr\u00e1s ponerte en mis zapatos para entender lo que recuerda una ni\u00f1a con diabetes a su edad adulta. El proceso de duelo, de equivocaciones, de adversidades, pero tambi\u00e9n de alegr\u00edas. Vividas no solo desde mi perspectiva sino tambi\u00e9n desde la de los padres, los amigos, los profesores\u2026 porque la vida es cuesti\u00f3n de actitud y yo espero que estas p\u00e1ginas te permitan ver que sonre\u00edr tambi\u00e9n es posible tras el diagn\u00f3stico.\" \/>\n<meta property=\"og:url\" content=\"https:\/\/letrame.com\/catalogo\/producto\/el-azucar-y-la-sal\/\" \/>\n<meta property=\"og:site_name\" content=\"Catalogo | Letrame Grupo Editorial\" \/>\n<meta property=\"article:modified_time\" content=\"2024-04-29T12:54:11+00:00\" \/>\n<meta property=\"og:image\" content=\"https:\/\/letrame.com\/catalogo\/wp-content\/uploads\/2024\/04\/redportada_elazucarylasal_8mm.jpg\" \/>\n\t<meta property=\"og:image:width\" content=\"601\" \/>\n\t<meta property=\"og:image:height\" content=\"881\" \/>\n\t<meta property=\"og:image:type\" content=\"image\/jpeg\" \/>\n<meta name=\"twitter:card\" content=\"summary_large_image\" \/>\n<meta name=\"twitter:label1\" content=\"Tiempo de lectura\" \/>\n\t<meta name=\"twitter:data1\" content=\"1 minuto\" \/>\n<script type=\"application\/ld+json\" class=\"yoast-schema-graph\">{\"@context\":\"https:\/\/schema.org\",\"@graph\":[{\"@type\":\"WebPage\",\"@id\":\"https:\/\/letrame.com\/catalogo\/producto\/el-azucar-y-la-sal\/\",\"url\":\"https:\/\/letrame.com\/catalogo\/producto\/el-azucar-y-la-sal\/\",\"name\":\"El az\u00facar y la sal - Catalogo | Letrame Grupo Editorial\",\"isPartOf\":{\"@id\":\"https:\/\/letrame.com\/catalogo\/#website\"},\"primaryImageOfPage\":{\"@id\":\"https:\/\/letrame.com\/catalogo\/producto\/el-azucar-y-la-sal\/#primaryimage\"},\"image\":{\"@id\":\"https:\/\/letrame.com\/catalogo\/producto\/el-azucar-y-la-sal\/#primaryimage\"},\"thumbnailUrl\":\"https:\/\/letrame.com\/catalogo\/wp-content\/uploads\/2024\/04\/redportada_elazucarylasal_8mm.jpg\",\"datePublished\":\"2024-04-29T12:54:05+00:00\",\"dateModified\":\"2024-04-29T12:54:11+00:00\",\"breadcrumb\":{\"@id\":\"https:\/\/letrame.com\/catalogo\/producto\/el-azucar-y-la-sal\/#breadcrumb\"},\"inLanguage\":\"es\",\"potentialAction\":[{\"@type\":\"ReadAction\",\"target\":[\"https:\/\/letrame.com\/catalogo\/producto\/el-azucar-y-la-sal\/\"]}]},{\"@type\":\"ImageObject\",\"inLanguage\":\"es\",\"@id\":\"https:\/\/letrame.com\/catalogo\/producto\/el-azucar-y-la-sal\/#primaryimage\",\"url\":\"https:\/\/letrame.com\/catalogo\/wp-content\/uploads\/2024\/04\/redportada_elazucarylasal_8mm.jpg\",\"contentUrl\":\"https:\/\/letrame.com\/catalogo\/wp-content\/uploads\/2024\/04\/redportada_elazucarylasal_8mm.jpg\",\"width\":601,\"height\":881},{\"@type\":\"BreadcrumbList\",\"@id\":\"https:\/\/letrame.com\/catalogo\/producto\/el-azucar-y-la-sal\/#breadcrumb\",\"itemListElement\":[{\"@type\":\"ListItem\",\"position\":1,\"name\":\"Portada\",\"item\":\"https:\/\/letrame.com\/catalogo\/\"},{\"@type\":\"ListItem\",\"position\":2,\"name\":\"Cat\u00e1logo\",\"item\":\"https:\/\/letrame.com\/catalogo\/\"},{\"@type\":\"ListItem\",\"position\":3,\"name\":\"El az\u00facar y la sal\"}]},{\"@type\":\"WebSite\",\"@id\":\"https:\/\/letrame.com\/catalogo\/#website\",\"url\":\"https:\/\/letrame.com\/catalogo\/\",\"name\":\"Catalogo | Letrame Grupo Editorial\",\"description\":\"\",\"publisher\":{\"@id\":\"https:\/\/letrame.com\/catalogo\/#organization\"},\"potentialAction\":[{\"@type\":\"SearchAction\",\"target\":{\"@type\":\"EntryPoint\",\"urlTemplate\":\"https:\/\/letrame.com\/catalogo\/?s={search_term_string}\"},\"query-input\":{\"@type\":\"PropertyValueSpecification\",\"valueRequired\":true,\"valueName\":\"search_term_string\"}}],\"inLanguage\":\"es\"},{\"@type\":\"Organization\",\"@id\":\"https:\/\/letrame.com\/catalogo\/#organization\",\"name\":\"Catalogo | Letrame Grupo Editorial\",\"url\":\"https:\/\/letrame.com\/catalogo\/\",\"logo\":{\"@type\":\"ImageObject\",\"inLanguage\":\"es\",\"@id\":\"https:\/\/letrame.com\/catalogo\/#\/schema\/logo\/image\/\",\"url\":\"https:\/\/letrame.com\/catalogo\/wp-content\/uploads\/2024\/03\/logo2.webp\",\"contentUrl\":\"https:\/\/letrame.com\/catalogo\/wp-content\/uploads\/2024\/03\/logo2.webp\",\"width\":394,\"height\":128,\"caption\":\"Catalogo | Letrame Grupo Editorial\"},\"image\":{\"@id\":\"https:\/\/letrame.com\/catalogo\/#\/schema\/logo\/image\/\"}}]}<\/script>\n<!-- \/ Yoast SEO plugin. -->","yoast_head_json":{"title":"El az\u00facar y la sal - Catalogo | Letrame Grupo Editorial","robots":{"index":"index","follow":"follow","max-snippet":"max-snippet:-1","max-image-preview":"max-image-preview:large","max-video-preview":"max-video-preview:-1"},"canonical":"https:\/\/letrame.com\/catalogo\/producto\/el-azucar-y-la-sal\/","og_locale":"es_ES","og_type":"article","og_title":"El az\u00facar y la sal - Catalogo | Letrame Grupo Editorial","og_description":"ISBN: 978-84-1144-117-9 SINOPSIS \u00abSigo so\u00f1ando con que la \u00fanica curva que me importe alg\u00fan d\u00eda sea la de su sonrisa al verla sonre\u00edr\u00bb. El diagn\u00f3stico de una enfermedad cr\u00f3nica, como la diabetes, es muy duro. Recuerdo que el d\u00eda que me diagnosticaron diabetes dej\u00e9 de ser yo para convertirme en una nueva persona, con m\u00e1s responsabilidades, preocupaciones e incluso miedos. Lo que no sab\u00eda es que con 7 a\u00f1os el mayor peso lo llevar\u00edan mis padres y ellos ser\u00edan mis manos, mis ojos y mis decisiones hasta dejarme tomar las riendas de mi vida. En estas p\u00e1ginas leer\u00e1s sobre los primeros a\u00f1os desde el debut y podr\u00e1s ponerte en mis zapatos para entender lo que recuerda una ni\u00f1a con diabetes a su edad adulta. El proceso de duelo, de equivocaciones, de adversidades, pero tambi\u00e9n de alegr\u00edas. Vividas no solo desde mi perspectiva sino tambi\u00e9n desde la de los padres, los amigos, los profesores\u2026 porque la vida es cuesti\u00f3n de actitud y yo espero que estas p\u00e1ginas te permitan ver que sonre\u00edr tambi\u00e9n es posible tras el diagn\u00f3stico.","og_url":"https:\/\/letrame.com\/catalogo\/producto\/el-azucar-y-la-sal\/","og_site_name":"Catalogo | Letrame Grupo Editorial","article_modified_time":"2024-04-29T12:54:11+00:00","og_image":[{"width":601,"height":881,"url":"https:\/\/letrame.com\/catalogo\/wp-content\/uploads\/2024\/04\/redportada_elazucarylasal_8mm.jpg","type":"image\/jpeg"}],"twitter_card":"summary_large_image","twitter_misc":{"Tiempo de lectura":"1 minuto"},"schema":{"@context":"https:\/\/schema.org","@graph":[{"@type":"WebPage","@id":"https:\/\/letrame.com\/catalogo\/producto\/el-azucar-y-la-sal\/","url":"https:\/\/letrame.com\/catalogo\/producto\/el-azucar-y-la-sal\/","name":"El az\u00facar y la sal - Catalogo | Letrame Grupo Editorial","isPartOf":{"@id":"https:\/\/letrame.com\/catalogo\/#website"},"primaryImageOfPage":{"@id":"https:\/\/letrame.com\/catalogo\/producto\/el-azucar-y-la-sal\/#primaryimage"},"image":{"@id":"https:\/\/letrame.com\/catalogo\/producto\/el-azucar-y-la-sal\/#primaryimage"},"thumbnailUrl":"https:\/\/letrame.com\/catalogo\/wp-content\/uploads\/2024\/04\/redportada_elazucarylasal_8mm.jpg","datePublished":"2024-04-29T12:54:05+00:00","dateModified":"2024-04-29T12:54:11+00:00","breadcrumb":{"@id":"https:\/\/letrame.com\/catalogo\/producto\/el-azucar-y-la-sal\/#breadcrumb"},"inLanguage":"es","potentialAction":[{"@type":"ReadAction","target":["https:\/\/letrame.com\/catalogo\/producto\/el-azucar-y-la-sal\/"]}]},{"@type":"ImageObject","inLanguage":"es","@id":"https:\/\/letrame.com\/catalogo\/producto\/el-azucar-y-la-sal\/#primaryimage","url":"https:\/\/letrame.com\/catalogo\/wp-content\/uploads\/2024\/04\/redportada_elazucarylasal_8mm.jpg","contentUrl":"https:\/\/letrame.com\/catalogo\/wp-content\/uploads\/2024\/04\/redportada_elazucarylasal_8mm.jpg","width":601,"height":881},{"@type":"BreadcrumbList","@id":"https:\/\/letrame.com\/catalogo\/producto\/el-azucar-y-la-sal\/#breadcrumb","itemListElement":[{"@type":"ListItem","position":1,"name":"Portada","item":"https:\/\/letrame.com\/catalogo\/"},{"@type":"ListItem","position":2,"name":"Cat\u00e1logo","item":"https:\/\/letrame.com\/catalogo\/"},{"@type":"ListItem","position":3,"name":"El az\u00facar y la sal"}]},{"@type":"WebSite","@id":"https:\/\/letrame.com\/catalogo\/#website","url":"https:\/\/letrame.com\/catalogo\/","name":"Catalogo | Letrame Grupo Editorial","description":"","publisher":{"@id":"https:\/\/letrame.com\/catalogo\/#organization"},"potentialAction":[{"@type":"SearchAction","target":{"@type":"EntryPoint","urlTemplate":"https:\/\/letrame.com\/catalogo\/?s={search_term_string}"},"query-input":{"@type":"PropertyValueSpecification","valueRequired":true,"valueName":"search_term_string"}}],"inLanguage":"es"},{"@type":"Organization","@id":"https:\/\/letrame.com\/catalogo\/#organization","name":"Catalogo | Letrame Grupo Editorial","url":"https:\/\/letrame.com\/catalogo\/","logo":{"@type":"ImageObject","inLanguage":"es","@id":"https:\/\/letrame.com\/catalogo\/#\/schema\/logo\/image\/","url":"https:\/\/letrame.com\/catalogo\/wp-content\/uploads\/2024\/03\/logo2.webp","contentUrl":"https:\/\/letrame.com\/catalogo\/wp-content\/uploads\/2024\/03\/logo2.webp","width":394,"height":128,"caption":"Catalogo | Letrame Grupo Editorial"},"image":{"@id":"https:\/\/letrame.com\/catalogo\/#\/schema\/logo\/image\/"}}]}},"_links":{"self":[{"href":"https:\/\/letrame.com\/catalogo\/wp-json\/wp\/v2\/product\/98224","targetHints":{"allow":["GET"]}}],"collection":[{"href":"https:\/\/letrame.com\/catalogo\/wp-json\/wp\/v2\/product"}],"about":[{"href":"https:\/\/letrame.com\/catalogo\/wp-json\/wp\/v2\/types\/product"}],"replies":[{"embeddable":true,"href":"https:\/\/letrame.com\/catalogo\/wp-json\/wp\/v2\/comments?post=98224"}],"acf:post":[{"embeddable":true,"href":"https:\/\/letrame.com\/catalogo\/wp-json\/wp\/v2\/author_book\/76727"}],"wp:featuredmedia":[{"embeddable":true,"href":"https:\/\/letrame.com\/catalogo\/wp-json\/wp\/v2\/media\/98225"}],"wp:attachment":[{"href":"https:\/\/letrame.com\/catalogo\/wp-json\/wp\/v2\/media?parent=98224"}],"wp:term":[{"taxonomy":"libro","embeddable":true,"href":"https:\/\/letrame.com\/catalogo\/wp-json\/wp\/v2\/libro?post=98224"},{"taxonomy":"product_brand","embeddable":true,"href":"https:\/\/letrame.com\/catalogo\/wp-json\/wp\/v2\/product_brand?post=98224"},{"taxonomy":"product_cat","embeddable":true,"href":"https:\/\/letrame.com\/catalogo\/wp-json\/wp\/v2\/product_cat?post=98224"},{"taxonomy":"product_tag","embeddable":true,"href":"https:\/\/letrame.com\/catalogo\/wp-json\/wp\/v2\/product_tag?post=98224"}],"curies":[{"name":"wp","href":"https:\/\/api.w.org\/{rel}","templated":true}]}}