{"id":98211,"date":"2024-04-29T14:53:16","date_gmt":"2024-04-29T12:53:16","guid":{"rendered":"https:\/\/letrame.com\/catalogo\/producto\/tu-puedes\/"},"modified":"2024-05-16T16:20:12","modified_gmt":"2024-05-16T14:20:12","slug":"tu-puedes","status":"publish","type":"product","link":"https:\/\/letrame.com\/catalogo\/producto\/tu-puedes\/","title":{"rendered":"T\u00fa puedes"},"content":{"rendered":"<p><strong>ISBN<\/strong>: 978-84-1144-278-7<\/p>\n<p><strong>T\u00edtulo<\/strong>: T\u00fa puedes<br \/>\n<strong>Fecha<\/strong>: 2022<br \/>\n<strong>P\u00e1ginas<\/strong>: 334<\/p>\n<p><strong>SINOPSIS<\/strong><\/p>\n<p>Para mantener nuestro equilibrio emocional cuando nos vemos involucrados en circunstancias personales adversas, resulta imprescindible comprender lo que sucede en nuestro interior y la manera en que el cerebro lo interpreta, as\u00ed como aprender a gestionar nuestras emociones. Bego\u00f1a Rico, psicoterapeuta emocional, avalada por su dilatada experiencia profesional, aporta en su obra <em>T\u00fa puedes <\/em>las herramientas esenciales para dar respuesta a estas necesidades. A trav\u00e9s de sus p\u00e1ginas, la autora nos gu\u00eda con sabidur\u00eda y cercan\u00eda por la senda del autoconocimiento y la liberaci\u00f3n interior, aportando un inestimable apoyo emocional que se complementa con una serie de ejercicios y de pr\u00e1cticos v\u00eddeos. El objetivo no ser\u00e1 otro que encauzar nuestros pasos para que avancemos, para que abandonemos h\u00e1bitos perniciosos y obtengamos control sobre nuestras emociones, para alcanzar nuestra realizaci\u00f3n personal y transformarnos en seres plenamente felices.<\/p>\n<p>&nbsp;<\/p>\n<p>Este libro te ofrece las claves para poder:<\/p>\n<ul>\n<li>Descubrir el potencial de tu mente inconsciente y como ser t\u00fa quien manda sobre ella.<\/li>\n<li>Transformar el miedo en seguridad y liberarte de toda emoci\u00f3n negativa.<\/li>\n<li>Deshacerte de los malos h\u00e1bitos que\u00a0juegan en tu contra,\u00a0a veces sin saberlo.<\/li>\n<li>Aprender a cambiar tus di\u00e1logos internos de negativos a positivos.<\/li>\n<li>Trabajar tus bloqueos y limitaciones para convertirte en una persona mentalmente libre.<\/li>\n<li>Crear la vida que deseas vivir.<\/li>\n<\/ul>\n<p>&nbsp;<\/p>\n<p>&nbsp;<\/p>\n","protected":false},"excerpt":{"rendered":"<p><strong>ISBN<\/strong>: 978-84-1144-278-7<\/p>\n<p><strong>SINOPSIS<\/strong><\/p>\n<p>Para mantener nuestro equilibrio emocional cuando nos vemos involucrados en circunstancias personales adversas, resulta imprescindible comprender lo que sucede en nuestro interior y la manera en que el cerebro lo interpreta, as\u00ed como aprender a gestionar nuestras emociones. Bego\u00f1a Rico, psicoterapeuta emocional, avalada por su dilatada experiencia profesional, aporta en su obra <em>T\u00fa puedes <\/em>las herramientas esenciales para dar respuesta a estas necesidades. A trav\u00e9s de sus p\u00e1ginas, la autora nos gu\u00eda con sabidur\u00eda y cercan\u00eda por la senda del autoconocimiento y la liberaci\u00f3n interior, aportando un inestimable apoyo emocional que se complementa con una serie de ejercicios y de pr\u00e1cticos v\u00eddeos. El objetivo no ser\u00e1 otro que encauzar nuestros pasos para que avancemos, para que abandonemos h\u00e1bitos perniciosos y obtengamos control sobre nuestras emociones, para alcanzar nuestra realizaci\u00f3n personal y transformarnos en seres plenamente felices.<\/p>\n<p>&nbsp;<\/p>\n<p>Este libro te ofrece las claves para poder:<\/p>\n<ul>\n<li>Descubrir el potencial de tu mente inconsciente y como ser t\u00fa quien manda sobre ella.<\/li>\n<li>Transformar el miedo en seguridad y liberarte de toda emoci\u00f3n negativa.<\/li>\n<li>Deshacerte de los malos h\u00e1bitos que\u00a0juegan en tu contra,\u00a0a veces sin saberlo.<\/li>\n<li>Aprender a cambiar tus di\u00e1logos internos de negativos a positivos.<\/li>\n<li>Trabajar tus bloqueos y limitaciones para convertirte en una persona mentalmente libre.<\/li>\n<li>Crear la vida que deseas vivir.<\/li>\n<\/ul>\n","protected":false},"featured_media":100395,"comment_status":"closed","ping_status":"closed","template":"","meta":{"_acf_changed":false},"libro":[],"product_brand":[],"product_cat":[26],"product_tag":[],"class_list":{"0":"post-98211","1":"product","2":"type-product","3":"status-publish","4":"has-post-thumbnail","6":"product_cat-sin-categoria","8":"first","9":"instock","10":"product-type-simple"},"acf":{"autor":[76711],"enlace_de_compra":""},"yoast_head":"<!-- This site is optimized with the Yoast SEO plugin v26.6 - https:\/\/yoast.com\/wordpress\/plugins\/seo\/ -->\n<title>T\u00fa puedes - Catalogo | Letrame Grupo Editorial<\/title>\n<meta name=\"robots\" content=\"index, follow, max-snippet:-1, max-image-preview:large, max-video-preview:-1\" \/>\n<link rel=\"canonical\" href=\"https:\/\/letrame.com\/catalogo\/producto\/tu-puedes\/\" \/>\n<meta property=\"og:locale\" content=\"es_ES\" \/>\n<meta property=\"og:type\" content=\"article\" \/>\n<meta property=\"og:title\" content=\"T\u00fa puedes - Catalogo | Letrame Grupo Editorial\" \/>\n<meta property=\"og:description\" content=\"ISBN: 978-84-1144-278-7  SINOPSIS  Para mantener nuestro equilibrio emocional cuando nos vemos involucrados en circunstancias personales adversas, resulta imprescindible comprender lo que sucede en nuestro interior y la manera en que el cerebro lo interpreta, as\u00ed como aprender a gestionar nuestras emociones. Bego\u00f1a Rico, psicoterapeuta emocional, avalada por su dilatada experiencia profesional, aporta en su obra T\u00fa puedes las herramientas esenciales para dar respuesta a estas necesidades. A trav\u00e9s de sus p\u00e1ginas, la autora nos gu\u00eda con sabidur\u00eda y cercan\u00eda por la senda del autoconocimiento y la liberaci\u00f3n interior, aportando un inestimable apoyo emocional que se complementa con una serie de ejercicios y de pr\u00e1cticos v\u00eddeos. El objetivo no ser\u00e1 otro que encauzar nuestros pasos para que avancemos, para que abandonemos h\u00e1bitos perniciosos y obtengamos control sobre nuestras emociones, para alcanzar nuestra realizaci\u00f3n personal y transformarnos en seres plenamente felices.  &nbsp;  Este libro te ofrece las claves para poder:   Descubrir el potencial de tu mente inconsciente y como ser t\u00fa quien manda sobre ella.  Transformar el miedo en seguridad y liberarte de toda emoci\u00f3n negativa.  Deshacerte de los malos h\u00e1bitos que\u00a0juegan en tu contra,\u00a0a veces sin saberlo.  Aprender a cambiar tus di\u00e1logos internos de negativos a positivos.  Trabajar tus bloqueos y limitaciones para convertirte en una persona mentalmente libre.  Crear la vida que deseas vivir.\" \/>\n<meta property=\"og:url\" content=\"https:\/\/letrame.com\/catalogo\/producto\/tu-puedes\/\" \/>\n<meta property=\"og:site_name\" content=\"Catalogo | Letrame Grupo Editorial\" \/>\n<meta property=\"article:modified_time\" content=\"2024-05-16T14:20:12+00:00\" \/>\n<meta property=\"og:image\" content=\"https:\/\/letrame.com\/catalogo\/wp-content\/uploads\/2024\/04\/redportada_tupuedes_1647mm-compressed.webp\" \/>\n\t<meta property=\"og:image:width\" content=\"601\" \/>\n\t<meta property=\"og:image:height\" content=\"881\" \/>\n\t<meta property=\"og:image:type\" content=\"image\/webp\" \/>\n<meta name=\"twitter:card\" content=\"summary_large_image\" \/>\n<meta name=\"twitter:label1\" content=\"Tiempo de lectura\" \/>\n\t<meta name=\"twitter:data1\" content=\"2 minutos\" \/>\n<script type=\"application\/ld+json\" class=\"yoast-schema-graph\">{\"@context\":\"https:\/\/schema.org\",\"@graph\":[{\"@type\":\"WebPage\",\"@id\":\"https:\/\/letrame.com\/catalogo\/producto\/tu-puedes\/\",\"url\":\"https:\/\/letrame.com\/catalogo\/producto\/tu-puedes\/\",\"name\":\"T\u00fa puedes - Catalogo | Letrame Grupo Editorial\",\"isPartOf\":{\"@id\":\"https:\/\/letrame.com\/catalogo\/#website\"},\"primaryImageOfPage\":{\"@id\":\"https:\/\/letrame.com\/catalogo\/producto\/tu-puedes\/#primaryimage\"},\"image\":{\"@id\":\"https:\/\/letrame.com\/catalogo\/producto\/tu-puedes\/#primaryimage\"},\"thumbnailUrl\":\"https:\/\/letrame.com\/catalogo\/wp-content\/uploads\/2024\/04\/redportada_tupuedes_1647mm-compressed.webp\",\"datePublished\":\"2024-04-29T12:53:16+00:00\",\"dateModified\":\"2024-05-16T14:20:12+00:00\",\"breadcrumb\":{\"@id\":\"https:\/\/letrame.com\/catalogo\/producto\/tu-puedes\/#breadcrumb\"},\"inLanguage\":\"es\",\"potentialAction\":[{\"@type\":\"ReadAction\",\"target\":[\"https:\/\/letrame.com\/catalogo\/producto\/tu-puedes\/\"]}]},{\"@type\":\"ImageObject\",\"inLanguage\":\"es\",\"@id\":\"https:\/\/letrame.com\/catalogo\/producto\/tu-puedes\/#primaryimage\",\"url\":\"https:\/\/letrame.com\/catalogo\/wp-content\/uploads\/2024\/04\/redportada_tupuedes_1647mm-compressed.webp\",\"contentUrl\":\"https:\/\/letrame.com\/catalogo\/wp-content\/uploads\/2024\/04\/redportada_tupuedes_1647mm-compressed.webp\",\"width\":601,\"height\":881},{\"@type\":\"BreadcrumbList\",\"@id\":\"https:\/\/letrame.com\/catalogo\/producto\/tu-puedes\/#breadcrumb\",\"itemListElement\":[{\"@type\":\"ListItem\",\"position\":1,\"name\":\"Portada\",\"item\":\"https:\/\/letrame.com\/catalogo\/\"},{\"@type\":\"ListItem\",\"position\":2,\"name\":\"Cat\u00e1logo\",\"item\":\"https:\/\/letrame.com\/catalogo\/\"},{\"@type\":\"ListItem\",\"position\":3,\"name\":\"T\u00fa puedes\"}]},{\"@type\":\"WebSite\",\"@id\":\"https:\/\/letrame.com\/catalogo\/#website\",\"url\":\"https:\/\/letrame.com\/catalogo\/\",\"name\":\"Catalogo | Letrame Grupo Editorial\",\"description\":\"\",\"publisher\":{\"@id\":\"https:\/\/letrame.com\/catalogo\/#organization\"},\"potentialAction\":[{\"@type\":\"SearchAction\",\"target\":{\"@type\":\"EntryPoint\",\"urlTemplate\":\"https:\/\/letrame.com\/catalogo\/?s={search_term_string}\"},\"query-input\":{\"@type\":\"PropertyValueSpecification\",\"valueRequired\":true,\"valueName\":\"search_term_string\"}}],\"inLanguage\":\"es\"},{\"@type\":\"Organization\",\"@id\":\"https:\/\/letrame.com\/catalogo\/#organization\",\"name\":\"Catalogo | Letrame Grupo Editorial\",\"url\":\"https:\/\/letrame.com\/catalogo\/\",\"logo\":{\"@type\":\"ImageObject\",\"inLanguage\":\"es\",\"@id\":\"https:\/\/letrame.com\/catalogo\/#\/schema\/logo\/image\/\",\"url\":\"https:\/\/letrame.com\/catalogo\/wp-content\/uploads\/2024\/03\/logo2.webp\",\"contentUrl\":\"https:\/\/letrame.com\/catalogo\/wp-content\/uploads\/2024\/03\/logo2.webp\",\"width\":394,\"height\":128,\"caption\":\"Catalogo | Letrame Grupo Editorial\"},\"image\":{\"@id\":\"https:\/\/letrame.com\/catalogo\/#\/schema\/logo\/image\/\"}}]}<\/script>\n<!-- \/ Yoast SEO plugin. -->","yoast_head_json":{"title":"T\u00fa puedes - Catalogo | Letrame Grupo Editorial","robots":{"index":"index","follow":"follow","max-snippet":"max-snippet:-1","max-image-preview":"max-image-preview:large","max-video-preview":"max-video-preview:-1"},"canonical":"https:\/\/letrame.com\/catalogo\/producto\/tu-puedes\/","og_locale":"es_ES","og_type":"article","og_title":"T\u00fa puedes - Catalogo | Letrame Grupo Editorial","og_description":"ISBN: 978-84-1144-278-7  SINOPSIS  Para mantener nuestro equilibrio emocional cuando nos vemos involucrados en circunstancias personales adversas, resulta imprescindible comprender lo que sucede en nuestro interior y la manera en que el cerebro lo interpreta, as\u00ed como aprender a gestionar nuestras emociones. Bego\u00f1a Rico, psicoterapeuta emocional, avalada por su dilatada experiencia profesional, aporta en su obra T\u00fa puedes las herramientas esenciales para dar respuesta a estas necesidades. A trav\u00e9s de sus p\u00e1ginas, la autora nos gu\u00eda con sabidur\u00eda y cercan\u00eda por la senda del autoconocimiento y la liberaci\u00f3n interior, aportando un inestimable apoyo emocional que se complementa con una serie de ejercicios y de pr\u00e1cticos v\u00eddeos. El objetivo no ser\u00e1 otro que encauzar nuestros pasos para que avancemos, para que abandonemos h\u00e1bitos perniciosos y obtengamos control sobre nuestras emociones, para alcanzar nuestra realizaci\u00f3n personal y transformarnos en seres plenamente felices.  &nbsp;  Este libro te ofrece las claves para poder:   Descubrir el potencial de tu mente inconsciente y como ser t\u00fa quien manda sobre ella.  Transformar el miedo en seguridad y liberarte de toda emoci\u00f3n negativa.  Deshacerte de los malos h\u00e1bitos que\u00a0juegan en tu contra,\u00a0a veces sin saberlo.  Aprender a cambiar tus di\u00e1logos internos de negativos a positivos.  Trabajar tus bloqueos y limitaciones para convertirte en una persona mentalmente libre.  Crear la vida que deseas vivir.","og_url":"https:\/\/letrame.com\/catalogo\/producto\/tu-puedes\/","og_site_name":"Catalogo | Letrame Grupo Editorial","article_modified_time":"2024-05-16T14:20:12+00:00","og_image":[{"width":601,"height":881,"url":"https:\/\/letrame.com\/catalogo\/wp-content\/uploads\/2024\/04\/redportada_tupuedes_1647mm-compressed.webp","type":"image\/webp"}],"twitter_card":"summary_large_image","twitter_misc":{"Tiempo de lectura":"2 minutos"},"schema":{"@context":"https:\/\/schema.org","@graph":[{"@type":"WebPage","@id":"https:\/\/letrame.com\/catalogo\/producto\/tu-puedes\/","url":"https:\/\/letrame.com\/catalogo\/producto\/tu-puedes\/","name":"T\u00fa puedes - Catalogo | Letrame Grupo Editorial","isPartOf":{"@id":"https:\/\/letrame.com\/catalogo\/#website"},"primaryImageOfPage":{"@id":"https:\/\/letrame.com\/catalogo\/producto\/tu-puedes\/#primaryimage"},"image":{"@id":"https:\/\/letrame.com\/catalogo\/producto\/tu-puedes\/#primaryimage"},"thumbnailUrl":"https:\/\/letrame.com\/catalogo\/wp-content\/uploads\/2024\/04\/redportada_tupuedes_1647mm-compressed.webp","datePublished":"2024-04-29T12:53:16+00:00","dateModified":"2024-05-16T14:20:12+00:00","breadcrumb":{"@id":"https:\/\/letrame.com\/catalogo\/producto\/tu-puedes\/#breadcrumb"},"inLanguage":"es","potentialAction":[{"@type":"ReadAction","target":["https:\/\/letrame.com\/catalogo\/producto\/tu-puedes\/"]}]},{"@type":"ImageObject","inLanguage":"es","@id":"https:\/\/letrame.com\/catalogo\/producto\/tu-puedes\/#primaryimage","url":"https:\/\/letrame.com\/catalogo\/wp-content\/uploads\/2024\/04\/redportada_tupuedes_1647mm-compressed.webp","contentUrl":"https:\/\/letrame.com\/catalogo\/wp-content\/uploads\/2024\/04\/redportada_tupuedes_1647mm-compressed.webp","width":601,"height":881},{"@type":"BreadcrumbList","@id":"https:\/\/letrame.com\/catalogo\/producto\/tu-puedes\/#breadcrumb","itemListElement":[{"@type":"ListItem","position":1,"name":"Portada","item":"https:\/\/letrame.com\/catalogo\/"},{"@type":"ListItem","position":2,"name":"Cat\u00e1logo","item":"https:\/\/letrame.com\/catalogo\/"},{"@type":"ListItem","position":3,"name":"T\u00fa puedes"}]},{"@type":"WebSite","@id":"https:\/\/letrame.com\/catalogo\/#website","url":"https:\/\/letrame.com\/catalogo\/","name":"Catalogo | Letrame Grupo Editorial","description":"","publisher":{"@id":"https:\/\/letrame.com\/catalogo\/#organization"},"potentialAction":[{"@type":"SearchAction","target":{"@type":"EntryPoint","urlTemplate":"https:\/\/letrame.com\/catalogo\/?s={search_term_string}"},"query-input":{"@type":"PropertyValueSpecification","valueRequired":true,"valueName":"search_term_string"}}],"inLanguage":"es"},{"@type":"Organization","@id":"https:\/\/letrame.com\/catalogo\/#organization","name":"Catalogo | Letrame Grupo Editorial","url":"https:\/\/letrame.com\/catalogo\/","logo":{"@type":"ImageObject","inLanguage":"es","@id":"https:\/\/letrame.com\/catalogo\/#\/schema\/logo\/image\/","url":"https:\/\/letrame.com\/catalogo\/wp-content\/uploads\/2024\/03\/logo2.webp","contentUrl":"https:\/\/letrame.com\/catalogo\/wp-content\/uploads\/2024\/03\/logo2.webp","width":394,"height":128,"caption":"Catalogo | Letrame Grupo Editorial"},"image":{"@id":"https:\/\/letrame.com\/catalogo\/#\/schema\/logo\/image\/"}}]}},"_links":{"self":[{"href":"https:\/\/letrame.com\/catalogo\/wp-json\/wp\/v2\/product\/98211","targetHints":{"allow":["GET"]}}],"collection":[{"href":"https:\/\/letrame.com\/catalogo\/wp-json\/wp\/v2\/product"}],"about":[{"href":"https:\/\/letrame.com\/catalogo\/wp-json\/wp\/v2\/types\/product"}],"replies":[{"embeddable":true,"href":"https:\/\/letrame.com\/catalogo\/wp-json\/wp\/v2\/comments?post=98211"}],"acf:post":[{"embeddable":true,"href":"https:\/\/letrame.com\/catalogo\/wp-json\/wp\/v2\/author_book\/76711"}],"wp:featuredmedia":[{"embeddable":true,"href":"https:\/\/letrame.com\/catalogo\/wp-json\/wp\/v2\/media\/100395"}],"wp:attachment":[{"href":"https:\/\/letrame.com\/catalogo\/wp-json\/wp\/v2\/media?parent=98211"}],"wp:term":[{"taxonomy":"libro","embeddable":true,"href":"https:\/\/letrame.com\/catalogo\/wp-json\/wp\/v2\/libro?post=98211"},{"taxonomy":"product_brand","embeddable":true,"href":"https:\/\/letrame.com\/catalogo\/wp-json\/wp\/v2\/product_brand?post=98211"},{"taxonomy":"product_cat","embeddable":true,"href":"https:\/\/letrame.com\/catalogo\/wp-json\/wp\/v2\/product_cat?post=98211"},{"taxonomy":"product_tag","embeddable":true,"href":"https:\/\/letrame.com\/catalogo\/wp-json\/wp\/v2\/product_tag?post=98211"}],"curies":[{"name":"wp","href":"https:\/\/api.w.org\/{rel}","templated":true}]}}