{"id":98196,"date":"2024-04-29T14:52:45","date_gmt":"2024-04-29T12:52:45","guid":{"rendered":"https:\/\/letrame.com\/catalogo\/producto\/el-rey-cautivo\/"},"modified":"2024-08-12T09:50:23","modified_gmt":"2024-08-12T07:50:23","slug":"el-rey-cautivo","status":"publish","type":"product","link":"https:\/\/letrame.com\/catalogo\/producto\/el-rey-cautivo\/","title":{"rendered":"El rey cautivo"},"content":{"rendered":"<p><strong>ISBN<\/strong>: 978-84-1144-143-8<\/p>\n<p><strong>T\u00edtulo<\/strong>: El rey cautivo<br \/>\n<strong>Fecha<\/strong>: 2022<br \/>\n<strong>P\u00e1ginas<\/strong>: 536<\/p>\n<p><strong>SINOPSIS<\/strong><\/p>\n<p>El rey cautivo de Daniel Boixeda de Miquel constituye la segunda parte de una novela m\u00e1s amplia, Los gemelos de Can Vilar\u00f3, la cual pretende repasar, a trav\u00e9s de las vidas de dos hermanos gemelos, los problemas y las tribulaciones que tuvo que sufrir la poblaci\u00f3n espa\u00f1ola y, en particular, los habitantes de Catalu\u00f1a, durante un per\u00edodo fundamental de nuestra historia: el que incluye el \u00faltimo tercio del siglo XVIII y la primera mitad del siglo XIX, a\u00f1os a lo largo de los cuales se suceden la crisis del Antiguo R\u00e9gimen en Espa\u00f1a, la ocupaci\u00f3n napole\u00f3nica o Guerra de Independencia (1808-1814), las revoluciones liberales en Am\u00e9rica, las Cortes de C\u00e1diz (1812), la restauraci\u00f3n del absolutismo (1814-1820), el Trienio Liberal (1820-1823), el restablecimiento del absolutismo (1823), la llamada D\u00e9cada Ominosa (1823-1833) y la Primera Guerra Carlista (1833-1840).<\/p>\n<p>El rey cautivo se ubica en los a\u00f1os comprendidos entre 1805 y 1820, durante la invasi\u00f3n de Espa\u00f1a por parte de las tropas francesas.<\/p>\n<p>Se trata de una novela hist\u00f3rica y, a la vez, un libro de ficci\u00f3n y, por lo tanto, incluye situaciones y personajes surgidos de la imaginaci\u00f3n del autor con los personajes reales recogidos en los libros de historia (Fernando VII o Napole\u00f3n, entre otros), todo ello en un contexto hist\u00f3rico real y, sin duda, apasionante.<\/p>\n<p>Adem\u00e1s, la obra refleja la participaci\u00f3n espa\u00f1ola y especialmente la catalana en la trata de esclavos cuando ya estaba prohibida en muchos pa\u00edses, llevada a cabo de forma semioculta por algunas familias de la incipiente burgues\u00eda catalana.<\/p>\n<p>Todo ello introduce Daniel Boixeda de Miquel en una novela hist\u00f3rica y un libro de ficci\u00f3n, apasionantes en ambas vertientes.<\/p>\n<p>&nbsp;<\/p>\n<p>&nbsp;<\/p>\n","protected":false},"excerpt":{"rendered":"<p><strong>ISBN<\/strong>: 978-84-1144-143-8<\/p>\n<p><strong>SINOPSIS<\/strong><\/p>\n<p>El rey cautivo de Daniel Boixeda de Miquel constituye la segunda parte de una novela m\u00e1s amplia, Los gemelos de Can Vilar\u00f3, la cual pretende repasar, a trav\u00e9s de las vidas de dos hermanos gemelos, los problemas y las tribulaciones que tuvo que sufrir la poblaci\u00f3n espa\u00f1ola y, en particular, los habitantes de Catalu\u00f1a, durante un per\u00edodo fundamental de nuestra historia: el que incluye el \u00faltimo tercio del siglo XVIII y la primera mitad del siglo XIX, a\u00f1os a lo largo de los cuales se suceden la crisis del Antiguo R\u00e9gimen en Espa\u00f1a, la ocupaci\u00f3n napole\u00f3nica o Guerra de Independencia (1808-1814), las revoluciones liberales en Am\u00e9rica, las Cortes de C\u00e1diz (1812), la restauraci\u00f3n del absolutismo (1814-1820), el Trienio Liberal (1820-1823), el restablecimiento del absolutismo (1823), la llamada D\u00e9cada Ominosa (1823-1833) y la Primera Guerra Carlista (1833-1840).<\/p>\n<p>El rey cautivo se ubica en los a\u00f1os comprendidos entre 1805 y 1820, durante la invasi\u00f3n de Espa\u00f1a por parte de las tropas francesas.<\/p>\n<p>Se trata de una novela hist\u00f3rica y, a la vez, un libro de ficci\u00f3n y, por lo tanto, incluye situaciones y personajes surgidos de la imaginaci\u00f3n del autor con los personajes reales recogidos en los libros de historia (Fernando VII o Napole\u00f3n, entre otros), todo ello en un contexto hist\u00f3rico real y, sin duda, apasionante.<\/p>\n<p>Adem\u00e1s, la obra refleja la participaci\u00f3n espa\u00f1ola y especialmente la catalana en la trata de esclavos cuando ya estaba prohibida en muchos pa\u00edses, llevada a cabo de forma semioculta por algunas familias de la incipiente burgues\u00eda catalana.<\/p>\n<p>Todo ello introduce Daniel Boixeda de Miquel en una novela hist\u00f3rica y un libro de ficci\u00f3n, apasionantes en ambas vertientes.<\/p>\n","protected":false},"featured_media":98197,"comment_status":"closed","ping_status":"closed","template":"","meta":{"_acf_changed":false},"libro":[],"product_brand":[],"product_cat":[26],"product_tag":[],"class_list":{"0":"post-98196","1":"product","2":"type-product","3":"status-publish","4":"has-post-thumbnail","6":"product_cat-sin-categoria","8":"first","9":"instock","10":"product-type-simple"},"acf":{"autor":[76697],"enlace_de_compra":"https:\/\/amzn.to\/3Af3wBm"},"yoast_head":"<!-- This site is optimized with the Yoast SEO plugin v26.6 - https:\/\/yoast.com\/wordpress\/plugins\/seo\/ -->\n<title>El rey cautivo - Catalogo | Letrame Grupo Editorial<\/title>\n<meta name=\"robots\" content=\"index, follow, max-snippet:-1, max-image-preview:large, max-video-preview:-1\" \/>\n<link rel=\"canonical\" href=\"https:\/\/letrame.com\/catalogo\/producto\/el-rey-cautivo\/\" \/>\n<meta property=\"og:locale\" content=\"es_ES\" \/>\n<meta property=\"og:type\" content=\"article\" \/>\n<meta property=\"og:title\" content=\"El rey cautivo - Catalogo | Letrame Grupo Editorial\" \/>\n<meta property=\"og:description\" content=\"ISBN: 978-84-1144-143-8  SINOPSIS  El rey cautivo de Daniel Boixeda de Miquel constituye la segunda parte de una novela m\u00e1s amplia, Los gemelos de Can Vilar\u00f3, la cual pretende repasar, a trav\u00e9s de las vidas de dos hermanos gemelos, los problemas y las tribulaciones que tuvo que sufrir la poblaci\u00f3n espa\u00f1ola y, en particular, los habitantes de Catalu\u00f1a, durante un per\u00edodo fundamental de nuestra historia: el que incluye el \u00faltimo tercio del siglo XVIII y la primera mitad del siglo XIX, a\u00f1os a lo largo de los cuales se suceden la crisis del Antiguo R\u00e9gimen en Espa\u00f1a, la ocupaci\u00f3n napole\u00f3nica o Guerra de Independencia (1808-1814), las revoluciones liberales en Am\u00e9rica, las Cortes de C\u00e1diz (1812), la restauraci\u00f3n del absolutismo (1814-1820), el Trienio Liberal (1820-1823), el restablecimiento del absolutismo (1823), la llamada D\u00e9cada Ominosa (1823-1833) y la Primera Guerra Carlista (1833-1840).  El rey cautivo se ubica en los a\u00f1os comprendidos entre 1805 y 1820, durante la invasi\u00f3n de Espa\u00f1a por parte de las tropas francesas.  Se trata de una novela hist\u00f3rica y, a la vez, un libro de ficci\u00f3n y, por lo tanto, incluye situaciones y personajes surgidos de la imaginaci\u00f3n del autor con los personajes reales recogidos en los libros de historia (Fernando VII o Napole\u00f3n, entre otros), todo ello en un contexto hist\u00f3rico real y, sin duda, apasionante.  Adem\u00e1s, la obra refleja la participaci\u00f3n espa\u00f1ola y especialmente la catalana en la trata de esclavos cuando ya estaba prohibida en muchos pa\u00edses, llevada a cabo de forma semioculta por algunas familias de la incipiente burgues\u00eda catalana.  Todo ello introduce Daniel Boixeda de Miquel en una novela hist\u00f3rica y un libro de ficci\u00f3n, apasionantes en ambas vertientes.\" \/>\n<meta property=\"og:url\" content=\"https:\/\/letrame.com\/catalogo\/producto\/el-rey-cautivo\/\" \/>\n<meta property=\"og:site_name\" content=\"Catalogo | Letrame Grupo Editorial\" \/>\n<meta property=\"article:modified_time\" content=\"2024-08-12T07:50:23+00:00\" \/>\n<meta property=\"og:image\" content=\"https:\/\/letrame.com\/catalogo\/wp-content\/uploads\/2024\/04\/redportada_elreycautivo_2579mm-compressed.jpg\" \/>\n\t<meta property=\"og:image:width\" content=\"601\" \/>\n\t<meta property=\"og:image:height\" content=\"881\" \/>\n\t<meta property=\"og:image:type\" content=\"image\/jpeg\" \/>\n<meta name=\"twitter:card\" content=\"summary_large_image\" \/>\n<meta name=\"twitter:label1\" content=\"Tiempo de lectura\" \/>\n\t<meta name=\"twitter:data1\" content=\"2 minutos\" \/>\n<script type=\"application\/ld+json\" class=\"yoast-schema-graph\">{\"@context\":\"https:\/\/schema.org\",\"@graph\":[{\"@type\":\"WebPage\",\"@id\":\"https:\/\/letrame.com\/catalogo\/producto\/el-rey-cautivo\/\",\"url\":\"https:\/\/letrame.com\/catalogo\/producto\/el-rey-cautivo\/\",\"name\":\"El rey cautivo - Catalogo | Letrame Grupo Editorial\",\"isPartOf\":{\"@id\":\"https:\/\/letrame.com\/catalogo\/#website\"},\"primaryImageOfPage\":{\"@id\":\"https:\/\/letrame.com\/catalogo\/producto\/el-rey-cautivo\/#primaryimage\"},\"image\":{\"@id\":\"https:\/\/letrame.com\/catalogo\/producto\/el-rey-cautivo\/#primaryimage\"},\"thumbnailUrl\":\"https:\/\/letrame.com\/catalogo\/wp-content\/uploads\/2024\/04\/redportada_elreycautivo_2579mm-compressed.jpg\",\"datePublished\":\"2024-04-29T12:52:45+00:00\",\"dateModified\":\"2024-08-12T07:50:23+00:00\",\"breadcrumb\":{\"@id\":\"https:\/\/letrame.com\/catalogo\/producto\/el-rey-cautivo\/#breadcrumb\"},\"inLanguage\":\"es\",\"potentialAction\":[{\"@type\":\"ReadAction\",\"target\":[\"https:\/\/letrame.com\/catalogo\/producto\/el-rey-cautivo\/\"]}]},{\"@type\":\"ImageObject\",\"inLanguage\":\"es\",\"@id\":\"https:\/\/letrame.com\/catalogo\/producto\/el-rey-cautivo\/#primaryimage\",\"url\":\"https:\/\/letrame.com\/catalogo\/wp-content\/uploads\/2024\/04\/redportada_elreycautivo_2579mm-compressed.jpg\",\"contentUrl\":\"https:\/\/letrame.com\/catalogo\/wp-content\/uploads\/2024\/04\/redportada_elreycautivo_2579mm-compressed.jpg\",\"width\":601,\"height\":881},{\"@type\":\"BreadcrumbList\",\"@id\":\"https:\/\/letrame.com\/catalogo\/producto\/el-rey-cautivo\/#breadcrumb\",\"itemListElement\":[{\"@type\":\"ListItem\",\"position\":1,\"name\":\"Portada\",\"item\":\"https:\/\/letrame.com\/catalogo\/\"},{\"@type\":\"ListItem\",\"position\":2,\"name\":\"Cat\u00e1logo\",\"item\":\"https:\/\/letrame.com\/catalogo\/\"},{\"@type\":\"ListItem\",\"position\":3,\"name\":\"El rey cautivo\"}]},{\"@type\":\"WebSite\",\"@id\":\"https:\/\/letrame.com\/catalogo\/#website\",\"url\":\"https:\/\/letrame.com\/catalogo\/\",\"name\":\"Catalogo | Letrame Grupo Editorial\",\"description\":\"\",\"publisher\":{\"@id\":\"https:\/\/letrame.com\/catalogo\/#organization\"},\"potentialAction\":[{\"@type\":\"SearchAction\",\"target\":{\"@type\":\"EntryPoint\",\"urlTemplate\":\"https:\/\/letrame.com\/catalogo\/?s={search_term_string}\"},\"query-input\":{\"@type\":\"PropertyValueSpecification\",\"valueRequired\":true,\"valueName\":\"search_term_string\"}}],\"inLanguage\":\"es\"},{\"@type\":\"Organization\",\"@id\":\"https:\/\/letrame.com\/catalogo\/#organization\",\"name\":\"Catalogo | Letrame Grupo Editorial\",\"url\":\"https:\/\/letrame.com\/catalogo\/\",\"logo\":{\"@type\":\"ImageObject\",\"inLanguage\":\"es\",\"@id\":\"https:\/\/letrame.com\/catalogo\/#\/schema\/logo\/image\/\",\"url\":\"https:\/\/letrame.com\/catalogo\/wp-content\/uploads\/2024\/03\/logo2.webp\",\"contentUrl\":\"https:\/\/letrame.com\/catalogo\/wp-content\/uploads\/2024\/03\/logo2.webp\",\"width\":394,\"height\":128,\"caption\":\"Catalogo | Letrame Grupo Editorial\"},\"image\":{\"@id\":\"https:\/\/letrame.com\/catalogo\/#\/schema\/logo\/image\/\"}}]}<\/script>\n<!-- \/ Yoast SEO plugin. -->","yoast_head_json":{"title":"El rey cautivo - Catalogo | Letrame Grupo Editorial","robots":{"index":"index","follow":"follow","max-snippet":"max-snippet:-1","max-image-preview":"max-image-preview:large","max-video-preview":"max-video-preview:-1"},"canonical":"https:\/\/letrame.com\/catalogo\/producto\/el-rey-cautivo\/","og_locale":"es_ES","og_type":"article","og_title":"El rey cautivo - Catalogo | Letrame Grupo Editorial","og_description":"ISBN: 978-84-1144-143-8  SINOPSIS  El rey cautivo de Daniel Boixeda de Miquel constituye la segunda parte de una novela m\u00e1s amplia, Los gemelos de Can Vilar\u00f3, la cual pretende repasar, a trav\u00e9s de las vidas de dos hermanos gemelos, los problemas y las tribulaciones que tuvo que sufrir la poblaci\u00f3n espa\u00f1ola y, en particular, los habitantes de Catalu\u00f1a, durante un per\u00edodo fundamental de nuestra historia: el que incluye el \u00faltimo tercio del siglo XVIII y la primera mitad del siglo XIX, a\u00f1os a lo largo de los cuales se suceden la crisis del Antiguo R\u00e9gimen en Espa\u00f1a, la ocupaci\u00f3n napole\u00f3nica o Guerra de Independencia (1808-1814), las revoluciones liberales en Am\u00e9rica, las Cortes de C\u00e1diz (1812), la restauraci\u00f3n del absolutismo (1814-1820), el Trienio Liberal (1820-1823), el restablecimiento del absolutismo (1823), la llamada D\u00e9cada Ominosa (1823-1833) y la Primera Guerra Carlista (1833-1840).  El rey cautivo se ubica en los a\u00f1os comprendidos entre 1805 y 1820, durante la invasi\u00f3n de Espa\u00f1a por parte de las tropas francesas.  Se trata de una novela hist\u00f3rica y, a la vez, un libro de ficci\u00f3n y, por lo tanto, incluye situaciones y personajes surgidos de la imaginaci\u00f3n del autor con los personajes reales recogidos en los libros de historia (Fernando VII o Napole\u00f3n, entre otros), todo ello en un contexto hist\u00f3rico real y, sin duda, apasionante.  Adem\u00e1s, la obra refleja la participaci\u00f3n espa\u00f1ola y especialmente la catalana en la trata de esclavos cuando ya estaba prohibida en muchos pa\u00edses, llevada a cabo de forma semioculta por algunas familias de la incipiente burgues\u00eda catalana.  Todo ello introduce Daniel Boixeda de Miquel en una novela hist\u00f3rica y un libro de ficci\u00f3n, apasionantes en ambas vertientes.","og_url":"https:\/\/letrame.com\/catalogo\/producto\/el-rey-cautivo\/","og_site_name":"Catalogo | Letrame Grupo Editorial","article_modified_time":"2024-08-12T07:50:23+00:00","og_image":[{"width":601,"height":881,"url":"https:\/\/letrame.com\/catalogo\/wp-content\/uploads\/2024\/04\/redportada_elreycautivo_2579mm-compressed.jpg","type":"image\/jpeg"}],"twitter_card":"summary_large_image","twitter_misc":{"Tiempo de lectura":"2 minutos"},"schema":{"@context":"https:\/\/schema.org","@graph":[{"@type":"WebPage","@id":"https:\/\/letrame.com\/catalogo\/producto\/el-rey-cautivo\/","url":"https:\/\/letrame.com\/catalogo\/producto\/el-rey-cautivo\/","name":"El rey cautivo - Catalogo | Letrame Grupo Editorial","isPartOf":{"@id":"https:\/\/letrame.com\/catalogo\/#website"},"primaryImageOfPage":{"@id":"https:\/\/letrame.com\/catalogo\/producto\/el-rey-cautivo\/#primaryimage"},"image":{"@id":"https:\/\/letrame.com\/catalogo\/producto\/el-rey-cautivo\/#primaryimage"},"thumbnailUrl":"https:\/\/letrame.com\/catalogo\/wp-content\/uploads\/2024\/04\/redportada_elreycautivo_2579mm-compressed.jpg","datePublished":"2024-04-29T12:52:45+00:00","dateModified":"2024-08-12T07:50:23+00:00","breadcrumb":{"@id":"https:\/\/letrame.com\/catalogo\/producto\/el-rey-cautivo\/#breadcrumb"},"inLanguage":"es","potentialAction":[{"@type":"ReadAction","target":["https:\/\/letrame.com\/catalogo\/producto\/el-rey-cautivo\/"]}]},{"@type":"ImageObject","inLanguage":"es","@id":"https:\/\/letrame.com\/catalogo\/producto\/el-rey-cautivo\/#primaryimage","url":"https:\/\/letrame.com\/catalogo\/wp-content\/uploads\/2024\/04\/redportada_elreycautivo_2579mm-compressed.jpg","contentUrl":"https:\/\/letrame.com\/catalogo\/wp-content\/uploads\/2024\/04\/redportada_elreycautivo_2579mm-compressed.jpg","width":601,"height":881},{"@type":"BreadcrumbList","@id":"https:\/\/letrame.com\/catalogo\/producto\/el-rey-cautivo\/#breadcrumb","itemListElement":[{"@type":"ListItem","position":1,"name":"Portada","item":"https:\/\/letrame.com\/catalogo\/"},{"@type":"ListItem","position":2,"name":"Cat\u00e1logo","item":"https:\/\/letrame.com\/catalogo\/"},{"@type":"ListItem","position":3,"name":"El rey cautivo"}]},{"@type":"WebSite","@id":"https:\/\/letrame.com\/catalogo\/#website","url":"https:\/\/letrame.com\/catalogo\/","name":"Catalogo | Letrame Grupo Editorial","description":"","publisher":{"@id":"https:\/\/letrame.com\/catalogo\/#organization"},"potentialAction":[{"@type":"SearchAction","target":{"@type":"EntryPoint","urlTemplate":"https:\/\/letrame.com\/catalogo\/?s={search_term_string}"},"query-input":{"@type":"PropertyValueSpecification","valueRequired":true,"valueName":"search_term_string"}}],"inLanguage":"es"},{"@type":"Organization","@id":"https:\/\/letrame.com\/catalogo\/#organization","name":"Catalogo | Letrame Grupo Editorial","url":"https:\/\/letrame.com\/catalogo\/","logo":{"@type":"ImageObject","inLanguage":"es","@id":"https:\/\/letrame.com\/catalogo\/#\/schema\/logo\/image\/","url":"https:\/\/letrame.com\/catalogo\/wp-content\/uploads\/2024\/03\/logo2.webp","contentUrl":"https:\/\/letrame.com\/catalogo\/wp-content\/uploads\/2024\/03\/logo2.webp","width":394,"height":128,"caption":"Catalogo | Letrame Grupo Editorial"},"image":{"@id":"https:\/\/letrame.com\/catalogo\/#\/schema\/logo\/image\/"}}]}},"_links":{"self":[{"href":"https:\/\/letrame.com\/catalogo\/wp-json\/wp\/v2\/product\/98196","targetHints":{"allow":["GET"]}}],"collection":[{"href":"https:\/\/letrame.com\/catalogo\/wp-json\/wp\/v2\/product"}],"about":[{"href":"https:\/\/letrame.com\/catalogo\/wp-json\/wp\/v2\/types\/product"}],"replies":[{"embeddable":true,"href":"https:\/\/letrame.com\/catalogo\/wp-json\/wp\/v2\/comments?post=98196"}],"acf:post":[{"embeddable":true,"href":"https:\/\/letrame.com\/catalogo\/wp-json\/wp\/v2\/author_book\/76697"}],"wp:featuredmedia":[{"embeddable":true,"href":"https:\/\/letrame.com\/catalogo\/wp-json\/wp\/v2\/media\/98197"}],"wp:attachment":[{"href":"https:\/\/letrame.com\/catalogo\/wp-json\/wp\/v2\/media?parent=98196"}],"wp:term":[{"taxonomy":"libro","embeddable":true,"href":"https:\/\/letrame.com\/catalogo\/wp-json\/wp\/v2\/libro?post=98196"},{"taxonomy":"product_brand","embeddable":true,"href":"https:\/\/letrame.com\/catalogo\/wp-json\/wp\/v2\/product_brand?post=98196"},{"taxonomy":"product_cat","embeddable":true,"href":"https:\/\/letrame.com\/catalogo\/wp-json\/wp\/v2\/product_cat?post=98196"},{"taxonomy":"product_tag","embeddable":true,"href":"https:\/\/letrame.com\/catalogo\/wp-json\/wp\/v2\/product_tag?post=98196"}],"curies":[{"name":"wp","href":"https:\/\/api.w.org\/{rel}","templated":true}]}}