{"id":98194,"date":"2024-04-29T14:52:45","date_gmt":"2024-04-29T12:52:45","guid":{"rendered":"https:\/\/letrame.com\/catalogo\/producto\/el-incierto-destino-de-eliana\/"},"modified":"2024-08-12T10:00:23","modified_gmt":"2024-08-12T08:00:23","slug":"el-incierto-destino-de-eliana","status":"publish","type":"product","link":"https:\/\/letrame.com\/catalogo\/producto\/el-incierto-destino-de-eliana\/","title":{"rendered":"El incierto destino de Eliana"},"content":{"rendered":"<p><strong>ISBN<\/strong>: 978-84-1144-179-7<\/p>\n<p><strong>T\u00edtulo<\/strong>: El incierto destino de Eliana<br \/>\n<strong>Fecha<\/strong>: 2022<br \/>\n<strong>P\u00e1ginas<\/strong>: 556<\/p>\n<p><strong>SINOPSIS<\/strong><\/p>\n<p>Rhiana, es una ni\u00f1a de once meses perseguida por Khun Chamanad, un alto jefe de la mafia tailandesa, con el fin de eliminarla para apoderarse de parte de la inmensa fortuna de Ontano Hamsurin, tras su fallecimiento, porque era la heredera directa. Primero orden\u00f3 asesinar a su madre Shiamida Hamsurin, cuando viv\u00eda en Bangkok con su marido Uli Steinke, alem\u00e1n que resid\u00eda en esa capital como delegado comercial. Su marido, consciente del gran peligro que corr\u00eda su peque\u00f1a hija, y \u00e9l mismo, escuch\u00f3 los consejos de sus allegados y huy\u00f3 de Bangkok con la ni\u00f1a, para refugiarse y ocultarse en su pa\u00eds, donde pudo rehacer su vida al lado de su segunda esposa Mari, de nacionalidad espa\u00f1ola.<\/p>\n<p>Cuando la ni\u00f1a ten\u00eda nueve a\u00f1os, fue localizada por Khun Chamanad, que envi\u00f3 a tres de sus secuaces a la ciudad alemana de Hamm, con orden de matar a la ni\u00f1a. Lograron matar a sus padres en su domicilio, pero no a la ni\u00f1a que estaba en un cumplea\u00f1os. Dos de los asesinos fueron abatidos por la polic\u00eda alemana en un enfrentamiento y el otro consigui\u00f3 huir. La ni\u00f1a, por orden de un juez, paso al programa de protecci\u00f3n de la CSC 9 de la Polic\u00eda Federal.<\/p>\n<p>A partir de aqu\u00ed, las secuencias se van sucediendo a un ritmo acelerado, con intervenci\u00f3n de variados personajes destacados, en distintos lados de la ley, que pugnan por alcanzar sus objetivos, unos por localizar a la ni\u00f1a para eliminarla, y otros por protegerla.<\/p>\n<p>Es una novela coral, en la que hay muchos personajes, pero con muy buen ritmo narrativo que no decae en ning\u00fan momento. Tanto los personajes como las situaciones que viven son cercanas y producen empat\u00eda. Las descripciones se visualizan con facilidad y son \u00e1giles y comprensibles.<\/p>\n<p>Resulta fluida y emocionante la trama de la novela, y de los distintos personajes que intervienen en ella, con secuencias muy din\u00e1micas de suspense y acci\u00f3n. Destaca, tambi\u00e9n, los amplios conocimientos de lucha del autor, la m\u00fasica y la buena comida. El lector se encuentra con una obra bien construida, documentada y narrada. En toda ella se aprecia una gran riqueza l\u00e9xica y el buen uso que el autor hace de ella. Tambi\u00e9n se agradece el sentido del humor latente a lo largo de toda la obra.<\/p>\n","protected":false},"excerpt":{"rendered":"<p><strong>ISBN<\/strong>: 978-84-1144-179-7<\/p>\n<p><strong>SINOPSIS<\/strong><\/p>\n<p>Rhiana, es una ni\u00f1a de once meses perseguida por Khun Chamanad, un alto jefe de la mafia tailandesa, con el fin de eliminarla para apoderarse de parte de la inmensa fortuna de Ontano Hamsurin, tras su fallecimiento, porque era la heredera directa. Primero orden\u00f3 asesinar a su madre Shiamida Hamsurin, cuando viv\u00eda en Bangkok con su marido Uli Steinke, alem\u00e1n que resid\u00eda en esa capital como delegado comercial. Su marido, consciente del gran peligro que corr\u00eda su peque\u00f1a hija, y \u00e9l mismo, escuch\u00f3 los consejos de sus allegados y huy\u00f3 de Bangkok con la ni\u00f1a, para refugiarse y ocultarse en su pa\u00eds, donde pudo rehacer su vida al lado de su segunda esposa Mari, de nacionalidad espa\u00f1ola.<\/p>\n<p>Cuando la ni\u00f1a ten\u00eda nueve a\u00f1os, fue localizada por Khun Chamanad, que envi\u00f3 a tres de sus secuaces a la ciudad alemana de Hamm, con orden de matar a la ni\u00f1a. Lograron matar a sus padres en su domicilio, pero no a la ni\u00f1a que estaba en un cumplea\u00f1os. Dos de los asesinos fueron abatidos por la polic\u00eda alemana en un enfrentamiento y el otro consigui\u00f3 huir. La ni\u00f1a, por orden de un juez, paso al programa de protecci\u00f3n de la CSC 9 de la Polic\u00eda Federal.<\/p>\n<p>A partir de aqu\u00ed, las secuencias se van sucediendo a un ritmo acelerado, con intervenci\u00f3n de variados personajes destacados, en distintos lados de la ley, que pugnan por alcanzar sus objetivos, unos por localizar a la ni\u00f1a para eliminarla, y otros por protegerla.<\/p>\n<p>Es una novela coral, en la que hay muchos personajes, pero con muy buen ritmo narrativo que no decae en ning\u00fan momento. Tanto los personajes como las situaciones que viven son cercanas y producen empat\u00eda. Las descripciones se visualizan con facilidad y son \u00e1giles y comprensibles.<\/p>\n<p>Resulta fluida y emocionante la trama de la novela, y de los distintos personajes que intervienen en ella, con secuencias muy din\u00e1micas de suspense y acci\u00f3n. Destaca, tambi\u00e9n, los amplios conocimientos de lucha del autor, la m\u00fasica y la buena comida. El lector se encuentra con una obra bien construida, documentada y narrada. En toda ella se aprecia una gran riqueza l\u00e9xica y el buen uso que el autor hace de ella. Tambi\u00e9n se agradece el sentido del humor latente a lo largo de toda la obra.<\/p>\n","protected":false},"featured_media":98195,"comment_status":"closed","ping_status":"closed","template":"","meta":{"_acf_changed":false},"libro":[],"product_brand":[],"product_cat":[26],"product_tag":[],"class_list":{"0":"post-98194","1":"product","2":"type-product","3":"status-publish","4":"has-post-thumbnail","6":"product_cat-sin-categoria","8":"first","9":"instock","10":"product-type-simple"},"acf":{"autor":[105185],"enlace_de_compra":"https:\/\/amzn.to\/46KIKpi"},"yoast_head":"<!-- This site is optimized with the Yoast SEO plugin v27.4 - https:\/\/yoast.com\/product\/yoast-seo-wordpress\/ -->\n<title>El incierto destino de Eliana - Catalogo | Letrame Grupo Editorial<\/title>\n<meta name=\"robots\" content=\"index, follow, max-snippet:-1, max-image-preview:large, max-video-preview:-1\" \/>\n<link rel=\"canonical\" href=\"https:\/\/letrame.com\/catalogo\/producto\/el-incierto-destino-de-eliana\/\" \/>\n<meta property=\"og:locale\" content=\"es_ES\" \/>\n<meta property=\"og:type\" content=\"article\" \/>\n<meta property=\"og:title\" content=\"El incierto destino de Eliana - Catalogo | Letrame Grupo Editorial\" \/>\n<meta property=\"og:description\" content=\"ISBN: 978-84-1144-179-7  SINOPSIS  Rhiana, es una ni\u00f1a de once meses perseguida por Khun Chamanad, un alto jefe de la mafia tailandesa, con el fin de eliminarla para apoderarse de parte de la inmensa fortuna de Ontano Hamsurin, tras su fallecimiento, porque era la heredera directa. Primero orden\u00f3 asesinar a su madre Shiamida Hamsurin, cuando viv\u00eda en Bangkok con su marido Uli Steinke, alem\u00e1n que resid\u00eda en esa capital como delegado comercial. Su marido, consciente del gran peligro que corr\u00eda su peque\u00f1a hija, y \u00e9l mismo, escuch\u00f3 los consejos de sus allegados y huy\u00f3 de Bangkok con la ni\u00f1a, para refugiarse y ocultarse en su pa\u00eds, donde pudo rehacer su vida al lado de su segunda esposa Mari, de nacionalidad espa\u00f1ola.  Cuando la ni\u00f1a ten\u00eda nueve a\u00f1os, fue localizada por Khun Chamanad, que envi\u00f3 a tres de sus secuaces a la ciudad alemana de Hamm, con orden de matar a la ni\u00f1a. Lograron matar a sus padres en su domicilio, pero no a la ni\u00f1a que estaba en un cumplea\u00f1os. Dos de los asesinos fueron abatidos por la polic\u00eda alemana en un enfrentamiento y el otro consigui\u00f3 huir. La ni\u00f1a, por orden de un juez, paso al programa de protecci\u00f3n de la CSC 9 de la Polic\u00eda Federal.  A partir de aqu\u00ed, las secuencias se van sucediendo a un ritmo acelerado, con intervenci\u00f3n de variados personajes destacados, en distintos lados de la ley, que pugnan por alcanzar sus objetivos, unos por localizar a la ni\u00f1a para eliminarla, y otros por protegerla.  Es una novela coral, en la que hay muchos personajes, pero con muy buen ritmo narrativo que no decae en ning\u00fan momento. Tanto los personajes como las situaciones que viven son cercanas y producen empat\u00eda. Las descripciones se visualizan con facilidad y son \u00e1giles y comprensibles.  Resulta fluida y emocionante la trama de la novela, y de los distintos personajes que intervienen en ella, con secuencias muy din\u00e1micas de suspense y acci\u00f3n. Destaca, tambi\u00e9n, los amplios conocimientos de lucha del autor, la m\u00fasica y la buena comida. El lector se encuentra con una obra bien construida, documentada y narrada. En toda ella se aprecia una gran riqueza l\u00e9xica y el buen uso que el autor hace de ella. Tambi\u00e9n se agradece el sentido del humor latente a lo largo de toda la obra.\" \/>\n<meta property=\"og:url\" content=\"https:\/\/letrame.com\/catalogo\/producto\/el-incierto-destino-de-eliana\/\" \/>\n<meta property=\"og:site_name\" content=\"Catalogo | Letrame Grupo Editorial\" \/>\n<meta property=\"article:modified_time\" content=\"2024-08-12T08:00:23+00:00\" \/>\n<meta property=\"og:image\" content=\"https:\/\/letrame.com\/catalogo\/wp-content\/uploads\/2024\/04\/redportada_elinciertodestino_2671mm-compressed.jpg\" \/>\n\t<meta property=\"og:image:width\" content=\"601\" \/>\n\t<meta property=\"og:image:height\" content=\"881\" \/>\n\t<meta property=\"og:image:type\" content=\"image\/jpeg\" \/>\n<meta name=\"twitter:card\" content=\"summary_large_image\" \/>\n<meta name=\"twitter:label1\" content=\"Tiempo de lectura\" \/>\n\t<meta name=\"twitter:data1\" content=\"3 minutos\" \/>\n<script type=\"application\/ld+json\" class=\"yoast-schema-graph\">{\"@context\":\"https:\\\/\\\/schema.org\",\"@graph\":[{\"@type\":\"WebPage\",\"@id\":\"https:\\\/\\\/letrame.com\\\/catalogo\\\/producto\\\/el-incierto-destino-de-eliana\\\/\",\"url\":\"https:\\\/\\\/letrame.com\\\/catalogo\\\/producto\\\/el-incierto-destino-de-eliana\\\/\",\"name\":\"El incierto destino de Eliana - Catalogo | Letrame Grupo Editorial\",\"isPartOf\":{\"@id\":\"https:\\\/\\\/letrame.com\\\/catalogo\\\/#website\"},\"primaryImageOfPage\":{\"@id\":\"https:\\\/\\\/letrame.com\\\/catalogo\\\/producto\\\/el-incierto-destino-de-eliana\\\/#primaryimage\"},\"image\":{\"@id\":\"https:\\\/\\\/letrame.com\\\/catalogo\\\/producto\\\/el-incierto-destino-de-eliana\\\/#primaryimage\"},\"thumbnailUrl\":\"https:\\\/\\\/letrame.com\\\/catalogo\\\/wp-content\\\/uploads\\\/2024\\\/04\\\/redportada_elinciertodestino_2671mm-compressed.jpg\",\"datePublished\":\"2024-04-29T12:52:45+00:00\",\"dateModified\":\"2024-08-12T08:00:23+00:00\",\"breadcrumb\":{\"@id\":\"https:\\\/\\\/letrame.com\\\/catalogo\\\/producto\\\/el-incierto-destino-de-eliana\\\/#breadcrumb\"},\"inLanguage\":\"es\",\"potentialAction\":[{\"@type\":\"ReadAction\",\"target\":[\"https:\\\/\\\/letrame.com\\\/catalogo\\\/producto\\\/el-incierto-destino-de-eliana\\\/\"]}]},{\"@type\":\"ImageObject\",\"inLanguage\":\"es\",\"@id\":\"https:\\\/\\\/letrame.com\\\/catalogo\\\/producto\\\/el-incierto-destino-de-eliana\\\/#primaryimage\",\"url\":\"https:\\\/\\\/letrame.com\\\/catalogo\\\/wp-content\\\/uploads\\\/2024\\\/04\\\/redportada_elinciertodestino_2671mm-compressed.jpg\",\"contentUrl\":\"https:\\\/\\\/letrame.com\\\/catalogo\\\/wp-content\\\/uploads\\\/2024\\\/04\\\/redportada_elinciertodestino_2671mm-compressed.jpg\",\"width\":601,\"height\":881},{\"@type\":\"BreadcrumbList\",\"@id\":\"https:\\\/\\\/letrame.com\\\/catalogo\\\/producto\\\/el-incierto-destino-de-eliana\\\/#breadcrumb\",\"itemListElement\":[{\"@type\":\"ListItem\",\"position\":1,\"name\":\"Portada\",\"item\":\"https:\\\/\\\/letrame.com\\\/catalogo\\\/\"},{\"@type\":\"ListItem\",\"position\":2,\"name\":\"Cat\u00e1logo\",\"item\":\"https:\\\/\\\/letrame.com\\\/catalogo\\\/\"},{\"@type\":\"ListItem\",\"position\":3,\"name\":\"El incierto destino de Eliana\"}]},{\"@type\":\"WebSite\",\"@id\":\"https:\\\/\\\/letrame.com\\\/catalogo\\\/#website\",\"url\":\"https:\\\/\\\/letrame.com\\\/catalogo\\\/\",\"name\":\"Catalogo | Letrame Grupo Editorial\",\"description\":\"\",\"publisher\":{\"@id\":\"https:\\\/\\\/letrame.com\\\/catalogo\\\/#organization\"},\"potentialAction\":[{\"@type\":\"SearchAction\",\"target\":{\"@type\":\"EntryPoint\",\"urlTemplate\":\"https:\\\/\\\/letrame.com\\\/catalogo\\\/?s={search_term_string}\"},\"query-input\":{\"@type\":\"PropertyValueSpecification\",\"valueRequired\":true,\"valueName\":\"search_term_string\"}}],\"inLanguage\":\"es\"},{\"@type\":\"Organization\",\"@id\":\"https:\\\/\\\/letrame.com\\\/catalogo\\\/#organization\",\"name\":\"Catalogo | Letrame Grupo Editorial\",\"url\":\"https:\\\/\\\/letrame.com\\\/catalogo\\\/\",\"logo\":{\"@type\":\"ImageObject\",\"inLanguage\":\"es\",\"@id\":\"https:\\\/\\\/letrame.com\\\/catalogo\\\/#\\\/schema\\\/logo\\\/image\\\/\",\"url\":\"https:\\\/\\\/letrame.com\\\/catalogo\\\/wp-content\\\/uploads\\\/2024\\\/03\\\/logo2.webp\",\"contentUrl\":\"https:\\\/\\\/letrame.com\\\/catalogo\\\/wp-content\\\/uploads\\\/2024\\\/03\\\/logo2.webp\",\"width\":394,\"height\":128,\"caption\":\"Catalogo | Letrame Grupo Editorial\"},\"image\":{\"@id\":\"https:\\\/\\\/letrame.com\\\/catalogo\\\/#\\\/schema\\\/logo\\\/image\\\/\"}}]}<\/script>\n<!-- \/ Yoast SEO plugin. -->","yoast_head_json":{"title":"El incierto destino de Eliana - Catalogo | Letrame Grupo Editorial","robots":{"index":"index","follow":"follow","max-snippet":"max-snippet:-1","max-image-preview":"max-image-preview:large","max-video-preview":"max-video-preview:-1"},"canonical":"https:\/\/letrame.com\/catalogo\/producto\/el-incierto-destino-de-eliana\/","og_locale":"es_ES","og_type":"article","og_title":"El incierto destino de Eliana - Catalogo | Letrame Grupo Editorial","og_description":"ISBN: 978-84-1144-179-7  SINOPSIS  Rhiana, es una ni\u00f1a de once meses perseguida por Khun Chamanad, un alto jefe de la mafia tailandesa, con el fin de eliminarla para apoderarse de parte de la inmensa fortuna de Ontano Hamsurin, tras su fallecimiento, porque era la heredera directa. Primero orden\u00f3 asesinar a su madre Shiamida Hamsurin, cuando viv\u00eda en Bangkok con su marido Uli Steinke, alem\u00e1n que resid\u00eda en esa capital como delegado comercial. Su marido, consciente del gran peligro que corr\u00eda su peque\u00f1a hija, y \u00e9l mismo, escuch\u00f3 los consejos de sus allegados y huy\u00f3 de Bangkok con la ni\u00f1a, para refugiarse y ocultarse en su pa\u00eds, donde pudo rehacer su vida al lado de su segunda esposa Mari, de nacionalidad espa\u00f1ola.  Cuando la ni\u00f1a ten\u00eda nueve a\u00f1os, fue localizada por Khun Chamanad, que envi\u00f3 a tres de sus secuaces a la ciudad alemana de Hamm, con orden de matar a la ni\u00f1a. Lograron matar a sus padres en su domicilio, pero no a la ni\u00f1a que estaba en un cumplea\u00f1os. Dos de los asesinos fueron abatidos por la polic\u00eda alemana en un enfrentamiento y el otro consigui\u00f3 huir. La ni\u00f1a, por orden de un juez, paso al programa de protecci\u00f3n de la CSC 9 de la Polic\u00eda Federal.  A partir de aqu\u00ed, las secuencias se van sucediendo a un ritmo acelerado, con intervenci\u00f3n de variados personajes destacados, en distintos lados de la ley, que pugnan por alcanzar sus objetivos, unos por localizar a la ni\u00f1a para eliminarla, y otros por protegerla.  Es una novela coral, en la que hay muchos personajes, pero con muy buen ritmo narrativo que no decae en ning\u00fan momento. Tanto los personajes como las situaciones que viven son cercanas y producen empat\u00eda. Las descripciones se visualizan con facilidad y son \u00e1giles y comprensibles.  Resulta fluida y emocionante la trama de la novela, y de los distintos personajes que intervienen en ella, con secuencias muy din\u00e1micas de suspense y acci\u00f3n. Destaca, tambi\u00e9n, los amplios conocimientos de lucha del autor, la m\u00fasica y la buena comida. El lector se encuentra con una obra bien construida, documentada y narrada. En toda ella se aprecia una gran riqueza l\u00e9xica y el buen uso que el autor hace de ella. Tambi\u00e9n se agradece el sentido del humor latente a lo largo de toda la obra.","og_url":"https:\/\/letrame.com\/catalogo\/producto\/el-incierto-destino-de-eliana\/","og_site_name":"Catalogo | Letrame Grupo Editorial","article_modified_time":"2024-08-12T08:00:23+00:00","og_image":[{"width":601,"height":881,"url":"https:\/\/letrame.com\/catalogo\/wp-content\/uploads\/2024\/04\/redportada_elinciertodestino_2671mm-compressed.jpg","type":"image\/jpeg"}],"twitter_card":"summary_large_image","twitter_misc":{"Tiempo de lectura":"3 minutos"},"schema":{"@context":"https:\/\/schema.org","@graph":[{"@type":"WebPage","@id":"https:\/\/letrame.com\/catalogo\/producto\/el-incierto-destino-de-eliana\/","url":"https:\/\/letrame.com\/catalogo\/producto\/el-incierto-destino-de-eliana\/","name":"El incierto destino de Eliana - Catalogo | Letrame Grupo Editorial","isPartOf":{"@id":"https:\/\/letrame.com\/catalogo\/#website"},"primaryImageOfPage":{"@id":"https:\/\/letrame.com\/catalogo\/producto\/el-incierto-destino-de-eliana\/#primaryimage"},"image":{"@id":"https:\/\/letrame.com\/catalogo\/producto\/el-incierto-destino-de-eliana\/#primaryimage"},"thumbnailUrl":"https:\/\/letrame.com\/catalogo\/wp-content\/uploads\/2024\/04\/redportada_elinciertodestino_2671mm-compressed.jpg","datePublished":"2024-04-29T12:52:45+00:00","dateModified":"2024-08-12T08:00:23+00:00","breadcrumb":{"@id":"https:\/\/letrame.com\/catalogo\/producto\/el-incierto-destino-de-eliana\/#breadcrumb"},"inLanguage":"es","potentialAction":[{"@type":"ReadAction","target":["https:\/\/letrame.com\/catalogo\/producto\/el-incierto-destino-de-eliana\/"]}]},{"@type":"ImageObject","inLanguage":"es","@id":"https:\/\/letrame.com\/catalogo\/producto\/el-incierto-destino-de-eliana\/#primaryimage","url":"https:\/\/letrame.com\/catalogo\/wp-content\/uploads\/2024\/04\/redportada_elinciertodestino_2671mm-compressed.jpg","contentUrl":"https:\/\/letrame.com\/catalogo\/wp-content\/uploads\/2024\/04\/redportada_elinciertodestino_2671mm-compressed.jpg","width":601,"height":881},{"@type":"BreadcrumbList","@id":"https:\/\/letrame.com\/catalogo\/producto\/el-incierto-destino-de-eliana\/#breadcrumb","itemListElement":[{"@type":"ListItem","position":1,"name":"Portada","item":"https:\/\/letrame.com\/catalogo\/"},{"@type":"ListItem","position":2,"name":"Cat\u00e1logo","item":"https:\/\/letrame.com\/catalogo\/"},{"@type":"ListItem","position":3,"name":"El incierto destino de Eliana"}]},{"@type":"WebSite","@id":"https:\/\/letrame.com\/catalogo\/#website","url":"https:\/\/letrame.com\/catalogo\/","name":"Catalogo | Letrame Grupo Editorial","description":"","publisher":{"@id":"https:\/\/letrame.com\/catalogo\/#organization"},"potentialAction":[{"@type":"SearchAction","target":{"@type":"EntryPoint","urlTemplate":"https:\/\/letrame.com\/catalogo\/?s={search_term_string}"},"query-input":{"@type":"PropertyValueSpecification","valueRequired":true,"valueName":"search_term_string"}}],"inLanguage":"es"},{"@type":"Organization","@id":"https:\/\/letrame.com\/catalogo\/#organization","name":"Catalogo | Letrame Grupo Editorial","url":"https:\/\/letrame.com\/catalogo\/","logo":{"@type":"ImageObject","inLanguage":"es","@id":"https:\/\/letrame.com\/catalogo\/#\/schema\/logo\/image\/","url":"https:\/\/letrame.com\/catalogo\/wp-content\/uploads\/2024\/03\/logo2.webp","contentUrl":"https:\/\/letrame.com\/catalogo\/wp-content\/uploads\/2024\/03\/logo2.webp","width":394,"height":128,"caption":"Catalogo | Letrame Grupo Editorial"},"image":{"@id":"https:\/\/letrame.com\/catalogo\/#\/schema\/logo\/image\/"}}]}},"_links":{"self":[{"href":"https:\/\/letrame.com\/catalogo\/wp-json\/wp\/v2\/product\/98194","targetHints":{"allow":["GET"]}}],"collection":[{"href":"https:\/\/letrame.com\/catalogo\/wp-json\/wp\/v2\/product"}],"about":[{"href":"https:\/\/letrame.com\/catalogo\/wp-json\/wp\/v2\/types\/product"}],"replies":[{"embeddable":true,"href":"https:\/\/letrame.com\/catalogo\/wp-json\/wp\/v2\/comments?post=98194"}],"acf:post":[{"embeddable":true,"href":"https:\/\/letrame.com\/catalogo\/wp-json\/wp\/v2\/author_book\/105185"}],"wp:featuredmedia":[{"embeddable":true,"href":"https:\/\/letrame.com\/catalogo\/wp-json\/wp\/v2\/media\/98195"}],"wp:attachment":[{"href":"https:\/\/letrame.com\/catalogo\/wp-json\/wp\/v2\/media?parent=98194"}],"wp:term":[{"taxonomy":"libro","embeddable":true,"href":"https:\/\/letrame.com\/catalogo\/wp-json\/wp\/v2\/libro?post=98194"},{"taxonomy":"product_brand","embeddable":true,"href":"https:\/\/letrame.com\/catalogo\/wp-json\/wp\/v2\/product_brand?post=98194"},{"taxonomy":"product_cat","embeddable":true,"href":"https:\/\/letrame.com\/catalogo\/wp-json\/wp\/v2\/product_cat?post=98194"},{"taxonomy":"product_tag","embeddable":true,"href":"https:\/\/letrame.com\/catalogo\/wp-json\/wp\/v2\/product_tag?post=98194"}],"curies":[{"name":"wp","href":"https:\/\/api.w.org\/{rel}","templated":true}]}}