{"id":98190,"date":"2024-04-29T14:52:34","date_gmt":"2024-04-29T12:52:34","guid":{"rendered":"https:\/\/letrame.com\/catalogo\/producto\/yardland\/"},"modified":"2024-08-12T10:01:49","modified_gmt":"2024-08-12T08:01:49","slug":"yardland","status":"publish","type":"product","link":"https:\/\/letrame.com\/catalogo\/producto\/yardland\/","title":{"rendered":"Yardland"},"content":{"rendered":"<p><strong>ISBN<\/strong>: 978-84-1144-265-7<\/p>\n<p><strong>T\u00edtulo<\/strong>: Yardland<br \/>\n<strong>Fecha<\/strong>: 2022<br \/>\n<strong>P\u00e1ginas<\/strong>: 508<\/p>\n<p><strong>SINOPSIS<\/strong><\/p>\n<p>En el reino de Yardland, el amor ha surgido entre dos j\u00f3venes de la corte, Cayden y Sofia, y aprovechan sus escasos ratos libres para dar rienda suelta a su pasi\u00f3n, ajenos a la verdad que en cada uno de ellos se esconde: ninguno es quien dice ser.<\/p>\n<p>Los dos enamorados han de superar los obst\u00e1culos que los dem\u00e1s se empe\u00f1an en poner en su relaci\u00f3n, al tiempo que libran la batalla para traer la paz que Yardland rompi\u00f3 a\u00f1os atr\u00e1s con el resto de reinos aleda\u00f1os. \u00bfConseguir\u00e1n restablecer la paz sin ver turbada su relaci\u00f3n? \u00bfDeber\u00e1n sacrificar su amor por el bien del pueblo?<\/p>\n","protected":false},"excerpt":{"rendered":"<p><strong>ISBN<\/strong>: 978-84-1144-265-7<\/p>\n<p><strong>SINOPSIS<\/strong><\/p>\n<p>En el reino de Yardland, el amor ha surgido entre dos j\u00f3venes de la corte, Cayden y Sofia, y aprovechan sus escasos ratos libres para dar rienda suelta a su pasi\u00f3n, ajenos a la verdad que en cada uno de ellos se esconde: ninguno es quien dice ser.<\/p>\n<p>Los dos enamorados han de superar los obst\u00e1culos que los dem\u00e1s se empe\u00f1an en poner en su relaci\u00f3n, al tiempo que libran la batalla para traer la paz que Yardland rompi\u00f3 a\u00f1os atr\u00e1s con el resto de reinos aleda\u00f1os. \u00bfConseguir\u00e1n restablecer la paz sin ver turbada su relaci\u00f3n? \u00bfDeber\u00e1n sacrificar su amor por el bien del pueblo?<\/p>\n","protected":false},"featured_media":98191,"comment_status":"closed","ping_status":"closed","template":"","meta":{"_acf_changed":false},"libro":[],"product_brand":[],"product_cat":[26],"product_tag":[],"class_list":{"0":"post-98190","1":"product","2":"type-product","3":"status-publish","4":"has-post-thumbnail","6":"product_cat-sin-categoria","8":"first","9":"instock","10":"product-type-simple"},"acf":{"autor":[77856],"enlace_de_compra":"https:\/\/amzn.to\/3AvOKpV"},"yoast_head":"<!-- This site is optimized with the Yoast SEO plugin v26.6 - https:\/\/yoast.com\/wordpress\/plugins\/seo\/ -->\n<title>Yardland - Catalogo | Letrame Grupo Editorial<\/title>\n<meta name=\"robots\" content=\"index, follow, max-snippet:-1, max-image-preview:large, max-video-preview:-1\" \/>\n<link rel=\"canonical\" href=\"https:\/\/letrame.com\/catalogo\/producto\/yardland\/\" \/>\n<meta property=\"og:locale\" content=\"es_ES\" \/>\n<meta property=\"og:type\" content=\"article\" \/>\n<meta property=\"og:title\" content=\"Yardland - Catalogo | Letrame Grupo Editorial\" \/>\n<meta property=\"og:description\" content=\"ISBN: 978-84-1144-265-7  SINOPSIS  En el reino de Yardland, el amor ha surgido entre dos j\u00f3venes de la corte, Cayden y Sofia, y aprovechan sus escasos ratos libres para dar rienda suelta a su pasi\u00f3n, ajenos a la verdad que en cada uno de ellos se esconde: ninguno es quien dice ser.  Los dos enamorados han de superar los obst\u00e1culos que los dem\u00e1s se empe\u00f1an en poner en su relaci\u00f3n, al tiempo que libran la batalla para traer la paz que Yardland rompi\u00f3 a\u00f1os atr\u00e1s con el resto de reinos aleda\u00f1os. \u00bfConseguir\u00e1n restablecer la paz sin ver turbada su relaci\u00f3n? \u00bfDeber\u00e1n sacrificar su amor por el bien del pueblo?\" \/>\n<meta property=\"og:url\" content=\"https:\/\/letrame.com\/catalogo\/producto\/yardland\/\" \/>\n<meta property=\"og:site_name\" content=\"Catalogo | Letrame Grupo Editorial\" \/>\n<meta property=\"article:modified_time\" content=\"2024-08-12T08:01:49+00:00\" \/>\n<meta property=\"og:image\" content=\"https:\/\/letrame.com\/catalogo\/wp-content\/uploads\/2024\/04\/redportada_yardland_245mm-compressed.jpg\" \/>\n\t<meta property=\"og:image:width\" content=\"601\" \/>\n\t<meta property=\"og:image:height\" content=\"881\" \/>\n\t<meta property=\"og:image:type\" content=\"image\/jpeg\" \/>\n<meta name=\"twitter:card\" content=\"summary_large_image\" \/>\n<meta name=\"twitter:label1\" content=\"Tiempo de lectura\" \/>\n\t<meta name=\"twitter:data1\" content=\"1 minuto\" \/>\n<script type=\"application\/ld+json\" class=\"yoast-schema-graph\">{\"@context\":\"https:\/\/schema.org\",\"@graph\":[{\"@type\":\"WebPage\",\"@id\":\"https:\/\/letrame.com\/catalogo\/producto\/yardland\/\",\"url\":\"https:\/\/letrame.com\/catalogo\/producto\/yardland\/\",\"name\":\"Yardland - Catalogo | Letrame Grupo Editorial\",\"isPartOf\":{\"@id\":\"https:\/\/letrame.com\/catalogo\/#website\"},\"primaryImageOfPage\":{\"@id\":\"https:\/\/letrame.com\/catalogo\/producto\/yardland\/#primaryimage\"},\"image\":{\"@id\":\"https:\/\/letrame.com\/catalogo\/producto\/yardland\/#primaryimage\"},\"thumbnailUrl\":\"https:\/\/letrame.com\/catalogo\/wp-content\/uploads\/2024\/04\/redportada_yardland_245mm-compressed.jpg\",\"datePublished\":\"2024-04-29T12:52:34+00:00\",\"dateModified\":\"2024-08-12T08:01:49+00:00\",\"breadcrumb\":{\"@id\":\"https:\/\/letrame.com\/catalogo\/producto\/yardland\/#breadcrumb\"},\"inLanguage\":\"es\",\"potentialAction\":[{\"@type\":\"ReadAction\",\"target\":[\"https:\/\/letrame.com\/catalogo\/producto\/yardland\/\"]}]},{\"@type\":\"ImageObject\",\"inLanguage\":\"es\",\"@id\":\"https:\/\/letrame.com\/catalogo\/producto\/yardland\/#primaryimage\",\"url\":\"https:\/\/letrame.com\/catalogo\/wp-content\/uploads\/2024\/04\/redportada_yardland_245mm-compressed.jpg\",\"contentUrl\":\"https:\/\/letrame.com\/catalogo\/wp-content\/uploads\/2024\/04\/redportada_yardland_245mm-compressed.jpg\",\"width\":601,\"height\":881},{\"@type\":\"BreadcrumbList\",\"@id\":\"https:\/\/letrame.com\/catalogo\/producto\/yardland\/#breadcrumb\",\"itemListElement\":[{\"@type\":\"ListItem\",\"position\":1,\"name\":\"Portada\",\"item\":\"https:\/\/letrame.com\/catalogo\/\"},{\"@type\":\"ListItem\",\"position\":2,\"name\":\"Cat\u00e1logo\",\"item\":\"https:\/\/letrame.com\/catalogo\/\"},{\"@type\":\"ListItem\",\"position\":3,\"name\":\"Yardland\"}]},{\"@type\":\"WebSite\",\"@id\":\"https:\/\/letrame.com\/catalogo\/#website\",\"url\":\"https:\/\/letrame.com\/catalogo\/\",\"name\":\"Catalogo | Letrame Grupo Editorial\",\"description\":\"\",\"publisher\":{\"@id\":\"https:\/\/letrame.com\/catalogo\/#organization\"},\"potentialAction\":[{\"@type\":\"SearchAction\",\"target\":{\"@type\":\"EntryPoint\",\"urlTemplate\":\"https:\/\/letrame.com\/catalogo\/?s={search_term_string}\"},\"query-input\":{\"@type\":\"PropertyValueSpecification\",\"valueRequired\":true,\"valueName\":\"search_term_string\"}}],\"inLanguage\":\"es\"},{\"@type\":\"Organization\",\"@id\":\"https:\/\/letrame.com\/catalogo\/#organization\",\"name\":\"Catalogo | Letrame Grupo Editorial\",\"url\":\"https:\/\/letrame.com\/catalogo\/\",\"logo\":{\"@type\":\"ImageObject\",\"inLanguage\":\"es\",\"@id\":\"https:\/\/letrame.com\/catalogo\/#\/schema\/logo\/image\/\",\"url\":\"https:\/\/letrame.com\/catalogo\/wp-content\/uploads\/2024\/03\/logo2.webp\",\"contentUrl\":\"https:\/\/letrame.com\/catalogo\/wp-content\/uploads\/2024\/03\/logo2.webp\",\"width\":394,\"height\":128,\"caption\":\"Catalogo | Letrame Grupo Editorial\"},\"image\":{\"@id\":\"https:\/\/letrame.com\/catalogo\/#\/schema\/logo\/image\/\"}}]}<\/script>\n<!-- \/ Yoast SEO plugin. -->","yoast_head_json":{"title":"Yardland - Catalogo | Letrame Grupo Editorial","robots":{"index":"index","follow":"follow","max-snippet":"max-snippet:-1","max-image-preview":"max-image-preview:large","max-video-preview":"max-video-preview:-1"},"canonical":"https:\/\/letrame.com\/catalogo\/producto\/yardland\/","og_locale":"es_ES","og_type":"article","og_title":"Yardland - Catalogo | Letrame Grupo Editorial","og_description":"ISBN: 978-84-1144-265-7  SINOPSIS  En el reino de Yardland, el amor ha surgido entre dos j\u00f3venes de la corte, Cayden y Sofia, y aprovechan sus escasos ratos libres para dar rienda suelta a su pasi\u00f3n, ajenos a la verdad que en cada uno de ellos se esconde: ninguno es quien dice ser.  Los dos enamorados han de superar los obst\u00e1culos que los dem\u00e1s se empe\u00f1an en poner en su relaci\u00f3n, al tiempo que libran la batalla para traer la paz que Yardland rompi\u00f3 a\u00f1os atr\u00e1s con el resto de reinos aleda\u00f1os. \u00bfConseguir\u00e1n restablecer la paz sin ver turbada su relaci\u00f3n? \u00bfDeber\u00e1n sacrificar su amor por el bien del pueblo?","og_url":"https:\/\/letrame.com\/catalogo\/producto\/yardland\/","og_site_name":"Catalogo | Letrame Grupo Editorial","article_modified_time":"2024-08-12T08:01:49+00:00","og_image":[{"width":601,"height":881,"url":"https:\/\/letrame.com\/catalogo\/wp-content\/uploads\/2024\/04\/redportada_yardland_245mm-compressed.jpg","type":"image\/jpeg"}],"twitter_card":"summary_large_image","twitter_misc":{"Tiempo de lectura":"1 minuto"},"schema":{"@context":"https:\/\/schema.org","@graph":[{"@type":"WebPage","@id":"https:\/\/letrame.com\/catalogo\/producto\/yardland\/","url":"https:\/\/letrame.com\/catalogo\/producto\/yardland\/","name":"Yardland - Catalogo | Letrame Grupo Editorial","isPartOf":{"@id":"https:\/\/letrame.com\/catalogo\/#website"},"primaryImageOfPage":{"@id":"https:\/\/letrame.com\/catalogo\/producto\/yardland\/#primaryimage"},"image":{"@id":"https:\/\/letrame.com\/catalogo\/producto\/yardland\/#primaryimage"},"thumbnailUrl":"https:\/\/letrame.com\/catalogo\/wp-content\/uploads\/2024\/04\/redportada_yardland_245mm-compressed.jpg","datePublished":"2024-04-29T12:52:34+00:00","dateModified":"2024-08-12T08:01:49+00:00","breadcrumb":{"@id":"https:\/\/letrame.com\/catalogo\/producto\/yardland\/#breadcrumb"},"inLanguage":"es","potentialAction":[{"@type":"ReadAction","target":["https:\/\/letrame.com\/catalogo\/producto\/yardland\/"]}]},{"@type":"ImageObject","inLanguage":"es","@id":"https:\/\/letrame.com\/catalogo\/producto\/yardland\/#primaryimage","url":"https:\/\/letrame.com\/catalogo\/wp-content\/uploads\/2024\/04\/redportada_yardland_245mm-compressed.jpg","contentUrl":"https:\/\/letrame.com\/catalogo\/wp-content\/uploads\/2024\/04\/redportada_yardland_245mm-compressed.jpg","width":601,"height":881},{"@type":"BreadcrumbList","@id":"https:\/\/letrame.com\/catalogo\/producto\/yardland\/#breadcrumb","itemListElement":[{"@type":"ListItem","position":1,"name":"Portada","item":"https:\/\/letrame.com\/catalogo\/"},{"@type":"ListItem","position":2,"name":"Cat\u00e1logo","item":"https:\/\/letrame.com\/catalogo\/"},{"@type":"ListItem","position":3,"name":"Yardland"}]},{"@type":"WebSite","@id":"https:\/\/letrame.com\/catalogo\/#website","url":"https:\/\/letrame.com\/catalogo\/","name":"Catalogo | Letrame Grupo Editorial","description":"","publisher":{"@id":"https:\/\/letrame.com\/catalogo\/#organization"},"potentialAction":[{"@type":"SearchAction","target":{"@type":"EntryPoint","urlTemplate":"https:\/\/letrame.com\/catalogo\/?s={search_term_string}"},"query-input":{"@type":"PropertyValueSpecification","valueRequired":true,"valueName":"search_term_string"}}],"inLanguage":"es"},{"@type":"Organization","@id":"https:\/\/letrame.com\/catalogo\/#organization","name":"Catalogo | Letrame Grupo Editorial","url":"https:\/\/letrame.com\/catalogo\/","logo":{"@type":"ImageObject","inLanguage":"es","@id":"https:\/\/letrame.com\/catalogo\/#\/schema\/logo\/image\/","url":"https:\/\/letrame.com\/catalogo\/wp-content\/uploads\/2024\/03\/logo2.webp","contentUrl":"https:\/\/letrame.com\/catalogo\/wp-content\/uploads\/2024\/03\/logo2.webp","width":394,"height":128,"caption":"Catalogo | Letrame Grupo Editorial"},"image":{"@id":"https:\/\/letrame.com\/catalogo\/#\/schema\/logo\/image\/"}}]}},"_links":{"self":[{"href":"https:\/\/letrame.com\/catalogo\/wp-json\/wp\/v2\/product\/98190","targetHints":{"allow":["GET"]}}],"collection":[{"href":"https:\/\/letrame.com\/catalogo\/wp-json\/wp\/v2\/product"}],"about":[{"href":"https:\/\/letrame.com\/catalogo\/wp-json\/wp\/v2\/types\/product"}],"replies":[{"embeddable":true,"href":"https:\/\/letrame.com\/catalogo\/wp-json\/wp\/v2\/comments?post=98190"}],"acf:post":[{"embeddable":true,"href":"https:\/\/letrame.com\/catalogo\/wp-json\/wp\/v2\/author_book\/77856"}],"wp:featuredmedia":[{"embeddable":true,"href":"https:\/\/letrame.com\/catalogo\/wp-json\/wp\/v2\/media\/98191"}],"wp:attachment":[{"href":"https:\/\/letrame.com\/catalogo\/wp-json\/wp\/v2\/media?parent=98190"}],"wp:term":[{"taxonomy":"libro","embeddable":true,"href":"https:\/\/letrame.com\/catalogo\/wp-json\/wp\/v2\/libro?post=98190"},{"taxonomy":"product_brand","embeddable":true,"href":"https:\/\/letrame.com\/catalogo\/wp-json\/wp\/v2\/product_brand?post=98190"},{"taxonomy":"product_cat","embeddable":true,"href":"https:\/\/letrame.com\/catalogo\/wp-json\/wp\/v2\/product_cat?post=98190"},{"taxonomy":"product_tag","embeddable":true,"href":"https:\/\/letrame.com\/catalogo\/wp-json\/wp\/v2\/product_tag?post=98190"}],"curies":[{"name":"wp","href":"https:\/\/api.w.org\/{rel}","templated":true}]}}