{"id":98188,"date":"2024-04-29T14:52:34","date_gmt":"2024-04-29T12:52:34","guid":{"rendered":"https:\/\/letrame.com\/catalogo\/producto\/reflexiones-para-la-vida\/"},"modified":"2024-04-29T14:52:38","modified_gmt":"2024-04-29T12:52:38","slug":"reflexiones-para-la-vida","status":"publish","type":"product","link":"https:\/\/letrame.com\/catalogo\/producto\/reflexiones-para-la-vida\/","title":{"rendered":"Reflexiones para la vida"},"content":{"rendered":"<p><strong>ISBN<\/strong>: 978-84-1144-075-2<\/p>\n<p><strong>T\u00edtulo<\/strong>: Reflexiones para la vida<br \/>\n<strong>Fecha<\/strong>: 2022<br \/>\n<strong>P\u00e1ginas<\/strong>: 220<\/p>\n<p><strong>SINOPSIS<\/strong><\/p>\n<p>El autor comparte a trav\u00e9s de este libro sus opiniones m\u00e1s personales acerca de muy diversos temas que conforman, por una parte, el mundo interior de las personas y, por otra, el entorno social al que estas se ven expuestas a trav\u00e9s de las m\u00faltiples situaciones, retos y circunstancias que nos plantea la vida.<\/p>\n<p>&nbsp;<\/p>\n<p>Al tratarse de opiniones personales, el autor no pretende en absoluto relatar verdades absolutas ni sentar c\u00e1tedra sobre nada, sino transmitir su mirada sincera sobre los temas expuestos con la sana intenci\u00f3n de que estos sirvan de reflexi\u00f3n para estar de acuerdo con los argumentos que se aportan o, en su caso, discrepar total o parcialmente de los mismos.<\/p>\n<p>&nbsp;<\/p>\n<p>El libro pretende as\u00ed fomentar tanto la reflexi\u00f3n interna como la discrepancia y la discusi\u00f3n constructiva, como elementos clave para el enriquecimiento personal y, para ello, propone y expone una amplia variedad de temas, que tienen en com\u00fan el hecho de que son muy opinables. Al tratarse, por otra parte, de temas, algunos de ellos sensibles, son especialmente susceptibles de discusi\u00f3n y de miradas desde diferentes \u00e1ngulos y perspectivas.<\/p>\n<p>&nbsp;<\/p>\n<p>El libro est\u00e1 estructurado mediante cap\u00edtulos cortos e independientes, con lo que es de f\u00e1cil lectura al poder leerse secuencialmente o dirigirse directamente a los temas que m\u00e1s interesen, obviando los dem\u00e1s.<\/p>\n<p>&nbsp;<\/p>\n<p>&nbsp;<\/p>\n<p>&nbsp;<\/p>\n<p>&nbsp;<\/p>\n","protected":false},"excerpt":{"rendered":"<p><strong>ISBN<\/strong>: 978-84-1144-075-2<\/p>\n<p><strong>SINOPSIS<\/strong><\/p>\n<p>El autor comparte a trav\u00e9s de este libro sus opiniones m\u00e1s personales acerca de muy diversos temas que conforman, por una parte, el mundo interior de las personas y, por otra, el entorno social al que estas se ven expuestas a trav\u00e9s de las m\u00faltiples situaciones, retos y circunstancias que nos plantea la vida.<\/p>\n<p>&nbsp;<\/p>\n<p>Al tratarse de opiniones personales, el autor no pretende en absoluto relatar verdades absolutas ni sentar c\u00e1tedra sobre nada, sino transmitir su mirada sincera sobre los temas expuestos con la sana intenci\u00f3n de que estos sirvan de reflexi\u00f3n para estar de acuerdo con los argumentos que se aportan o, en su caso, discrepar total o parcialmente de los mismos.<\/p>\n<p>&nbsp;<\/p>\n<p>El libro pretende as\u00ed fomentar tanto la reflexi\u00f3n interna como la discrepancia y la discusi\u00f3n constructiva, como elementos clave para el enriquecimiento personal y, para ello, propone y expone una amplia variedad de temas, que tienen en com\u00fan el hecho de que son muy opinables. Al tratarse, por otra parte, de temas, algunos de ellos sensibles, son especialmente susceptibles de discusi\u00f3n y de miradas desde diferentes \u00e1ngulos y perspectivas.<\/p>\n<p>&nbsp;<\/p>\n<p>El libro est\u00e1 estructurado mediante cap\u00edtulos cortos e independientes, con lo que es de f\u00e1cil lectura al poder leerse secuencialmente o dirigirse directamente a los temas que m\u00e1s interesen, obviando los dem\u00e1s.<\/p>\n<p>&nbsp;<\/p>\n","protected":false},"featured_media":98189,"comment_status":"closed","ping_status":"open","template":"","meta":{"_acf_changed":false},"libro":[],"product_brand":[],"product_cat":[26],"product_tag":[],"class_list":{"0":"post-98188","1":"product","2":"type-product","3":"status-publish","4":"has-post-thumbnail","6":"product_cat-sin-categoria","8":"first","9":"instock","10":"product-type-simple"},"acf":{"autor":[76690],"enlace_de_compra":""},"yoast_head":"<!-- This site is optimized with the Yoast SEO plugin v26.6 - https:\/\/yoast.com\/wordpress\/plugins\/seo\/ -->\n<title>Reflexiones para la vida - Catalogo | Letrame Grupo Editorial<\/title>\n<meta name=\"robots\" content=\"index, follow, max-snippet:-1, max-image-preview:large, max-video-preview:-1\" \/>\n<link rel=\"canonical\" href=\"https:\/\/letrame.com\/catalogo\/producto\/reflexiones-para-la-vida\/\" \/>\n<meta property=\"og:locale\" content=\"es_ES\" \/>\n<meta property=\"og:type\" content=\"article\" \/>\n<meta property=\"og:title\" content=\"Reflexiones para la vida - Catalogo | Letrame Grupo Editorial\" \/>\n<meta property=\"og:description\" content=\"ISBN: 978-84-1144-075-2 SINOPSIS El autor comparte a trav\u00e9s de este libro sus opiniones m\u00e1s personales acerca de muy diversos temas que conforman, por una parte, el mundo interior de las personas y, por otra, el entorno social al que estas se ven expuestas a trav\u00e9s de las m\u00faltiples situaciones, retos y circunstancias que nos plantea la vida. &nbsp; Al tratarse de opiniones personales, el autor no pretende en absoluto relatar verdades absolutas ni sentar c\u00e1tedra sobre nada, sino transmitir su mirada sincera sobre los temas expuestos con la sana intenci\u00f3n de que estos sirvan de reflexi\u00f3n para estar de acuerdo con los argumentos que se aportan o, en su caso, discrepar total o parcialmente de los mismos. &nbsp; El libro pretende as\u00ed fomentar tanto la reflexi\u00f3n interna como la discrepancia y la discusi\u00f3n constructiva, como elementos clave para el enriquecimiento personal y, para ello, propone y expone una amplia variedad de temas, que tienen en com\u00fan el hecho de que son muy opinables. Al tratarse, por otra parte, de temas, algunos de ellos sensibles, son especialmente susceptibles de discusi\u00f3n y de miradas desde diferentes \u00e1ngulos y perspectivas. &nbsp; El libro est\u00e1 estructurado mediante cap\u00edtulos cortos e independientes, con lo que es de f\u00e1cil lectura al poder leerse secuencialmente o dirigirse directamente a los temas que m\u00e1s interesen, obviando los dem\u00e1s. &nbsp;\" \/>\n<meta property=\"og:url\" content=\"https:\/\/letrame.com\/catalogo\/producto\/reflexiones-para-la-vida\/\" \/>\n<meta property=\"og:site_name\" content=\"Catalogo | Letrame Grupo Editorial\" \/>\n<meta property=\"article:modified_time\" content=\"2024-04-29T12:52:38+00:00\" \/>\n<meta property=\"og:image\" content=\"https:\/\/letrame.com\/catalogo\/wp-content\/uploads\/2024\/04\/redportada_reflexionesparalavida_1122mm-compressed.jpg\" \/>\n\t<meta property=\"og:image:width\" content=\"601\" \/>\n\t<meta property=\"og:image:height\" content=\"869\" \/>\n\t<meta property=\"og:image:type\" content=\"image\/jpeg\" \/>\n<meta name=\"twitter:card\" content=\"summary_large_image\" \/>\n<meta name=\"twitter:label1\" content=\"Tiempo de lectura\" \/>\n\t<meta name=\"twitter:data1\" content=\"1 minuto\" \/>\n<script type=\"application\/ld+json\" class=\"yoast-schema-graph\">{\"@context\":\"https:\/\/schema.org\",\"@graph\":[{\"@type\":\"WebPage\",\"@id\":\"https:\/\/letrame.com\/catalogo\/producto\/reflexiones-para-la-vida\/\",\"url\":\"https:\/\/letrame.com\/catalogo\/producto\/reflexiones-para-la-vida\/\",\"name\":\"Reflexiones para la vida - Catalogo | Letrame Grupo Editorial\",\"isPartOf\":{\"@id\":\"https:\/\/letrame.com\/catalogo\/#website\"},\"primaryImageOfPage\":{\"@id\":\"https:\/\/letrame.com\/catalogo\/producto\/reflexiones-para-la-vida\/#primaryimage\"},\"image\":{\"@id\":\"https:\/\/letrame.com\/catalogo\/producto\/reflexiones-para-la-vida\/#primaryimage\"},\"thumbnailUrl\":\"https:\/\/letrame.com\/catalogo\/wp-content\/uploads\/2024\/04\/redportada_reflexionesparalavida_1122mm-compressed.jpg\",\"datePublished\":\"2024-04-29T12:52:34+00:00\",\"dateModified\":\"2024-04-29T12:52:38+00:00\",\"breadcrumb\":{\"@id\":\"https:\/\/letrame.com\/catalogo\/producto\/reflexiones-para-la-vida\/#breadcrumb\"},\"inLanguage\":\"es\",\"potentialAction\":[{\"@type\":\"ReadAction\",\"target\":[\"https:\/\/letrame.com\/catalogo\/producto\/reflexiones-para-la-vida\/\"]}]},{\"@type\":\"ImageObject\",\"inLanguage\":\"es\",\"@id\":\"https:\/\/letrame.com\/catalogo\/producto\/reflexiones-para-la-vida\/#primaryimage\",\"url\":\"https:\/\/letrame.com\/catalogo\/wp-content\/uploads\/2024\/04\/redportada_reflexionesparalavida_1122mm-compressed.jpg\",\"contentUrl\":\"https:\/\/letrame.com\/catalogo\/wp-content\/uploads\/2024\/04\/redportada_reflexionesparalavida_1122mm-compressed.jpg\",\"width\":601,\"height\":869},{\"@type\":\"BreadcrumbList\",\"@id\":\"https:\/\/letrame.com\/catalogo\/producto\/reflexiones-para-la-vida\/#breadcrumb\",\"itemListElement\":[{\"@type\":\"ListItem\",\"position\":1,\"name\":\"Portada\",\"item\":\"https:\/\/letrame.com\/catalogo\/\"},{\"@type\":\"ListItem\",\"position\":2,\"name\":\"Cat\u00e1logo\",\"item\":\"https:\/\/letrame.com\/catalogo\/\"},{\"@type\":\"ListItem\",\"position\":3,\"name\":\"Reflexiones para la vida\"}]},{\"@type\":\"WebSite\",\"@id\":\"https:\/\/letrame.com\/catalogo\/#website\",\"url\":\"https:\/\/letrame.com\/catalogo\/\",\"name\":\"Catalogo | Letrame Grupo Editorial\",\"description\":\"\",\"publisher\":{\"@id\":\"https:\/\/letrame.com\/catalogo\/#organization\"},\"potentialAction\":[{\"@type\":\"SearchAction\",\"target\":{\"@type\":\"EntryPoint\",\"urlTemplate\":\"https:\/\/letrame.com\/catalogo\/?s={search_term_string}\"},\"query-input\":{\"@type\":\"PropertyValueSpecification\",\"valueRequired\":true,\"valueName\":\"search_term_string\"}}],\"inLanguage\":\"es\"},{\"@type\":\"Organization\",\"@id\":\"https:\/\/letrame.com\/catalogo\/#organization\",\"name\":\"Catalogo | Letrame Grupo Editorial\",\"url\":\"https:\/\/letrame.com\/catalogo\/\",\"logo\":{\"@type\":\"ImageObject\",\"inLanguage\":\"es\",\"@id\":\"https:\/\/letrame.com\/catalogo\/#\/schema\/logo\/image\/\",\"url\":\"https:\/\/letrame.com\/catalogo\/wp-content\/uploads\/2024\/03\/logo2.webp\",\"contentUrl\":\"https:\/\/letrame.com\/catalogo\/wp-content\/uploads\/2024\/03\/logo2.webp\",\"width\":394,\"height\":128,\"caption\":\"Catalogo | Letrame Grupo Editorial\"},\"image\":{\"@id\":\"https:\/\/letrame.com\/catalogo\/#\/schema\/logo\/image\/\"}}]}<\/script>\n<!-- \/ Yoast SEO plugin. -->","yoast_head_json":{"title":"Reflexiones para la vida - Catalogo | Letrame Grupo Editorial","robots":{"index":"index","follow":"follow","max-snippet":"max-snippet:-1","max-image-preview":"max-image-preview:large","max-video-preview":"max-video-preview:-1"},"canonical":"https:\/\/letrame.com\/catalogo\/producto\/reflexiones-para-la-vida\/","og_locale":"es_ES","og_type":"article","og_title":"Reflexiones para la vida - Catalogo | Letrame Grupo Editorial","og_description":"ISBN: 978-84-1144-075-2 SINOPSIS El autor comparte a trav\u00e9s de este libro sus opiniones m\u00e1s personales acerca de muy diversos temas que conforman, por una parte, el mundo interior de las personas y, por otra, el entorno social al que estas se ven expuestas a trav\u00e9s de las m\u00faltiples situaciones, retos y circunstancias que nos plantea la vida. &nbsp; Al tratarse de opiniones personales, el autor no pretende en absoluto relatar verdades absolutas ni sentar c\u00e1tedra sobre nada, sino transmitir su mirada sincera sobre los temas expuestos con la sana intenci\u00f3n de que estos sirvan de reflexi\u00f3n para estar de acuerdo con los argumentos que se aportan o, en su caso, discrepar total o parcialmente de los mismos. &nbsp; El libro pretende as\u00ed fomentar tanto la reflexi\u00f3n interna como la discrepancia y la discusi\u00f3n constructiva, como elementos clave para el enriquecimiento personal y, para ello, propone y expone una amplia variedad de temas, que tienen en com\u00fan el hecho de que son muy opinables. Al tratarse, por otra parte, de temas, algunos de ellos sensibles, son especialmente susceptibles de discusi\u00f3n y de miradas desde diferentes \u00e1ngulos y perspectivas. &nbsp; El libro est\u00e1 estructurado mediante cap\u00edtulos cortos e independientes, con lo que es de f\u00e1cil lectura al poder leerse secuencialmente o dirigirse directamente a los temas que m\u00e1s interesen, obviando los dem\u00e1s. &nbsp;","og_url":"https:\/\/letrame.com\/catalogo\/producto\/reflexiones-para-la-vida\/","og_site_name":"Catalogo | Letrame Grupo Editorial","article_modified_time":"2024-04-29T12:52:38+00:00","og_image":[{"width":601,"height":869,"url":"https:\/\/letrame.com\/catalogo\/wp-content\/uploads\/2024\/04\/redportada_reflexionesparalavida_1122mm-compressed.jpg","type":"image\/jpeg"}],"twitter_card":"summary_large_image","twitter_misc":{"Tiempo de lectura":"1 minuto"},"schema":{"@context":"https:\/\/schema.org","@graph":[{"@type":"WebPage","@id":"https:\/\/letrame.com\/catalogo\/producto\/reflexiones-para-la-vida\/","url":"https:\/\/letrame.com\/catalogo\/producto\/reflexiones-para-la-vida\/","name":"Reflexiones para la vida - Catalogo | Letrame Grupo Editorial","isPartOf":{"@id":"https:\/\/letrame.com\/catalogo\/#website"},"primaryImageOfPage":{"@id":"https:\/\/letrame.com\/catalogo\/producto\/reflexiones-para-la-vida\/#primaryimage"},"image":{"@id":"https:\/\/letrame.com\/catalogo\/producto\/reflexiones-para-la-vida\/#primaryimage"},"thumbnailUrl":"https:\/\/letrame.com\/catalogo\/wp-content\/uploads\/2024\/04\/redportada_reflexionesparalavida_1122mm-compressed.jpg","datePublished":"2024-04-29T12:52:34+00:00","dateModified":"2024-04-29T12:52:38+00:00","breadcrumb":{"@id":"https:\/\/letrame.com\/catalogo\/producto\/reflexiones-para-la-vida\/#breadcrumb"},"inLanguage":"es","potentialAction":[{"@type":"ReadAction","target":["https:\/\/letrame.com\/catalogo\/producto\/reflexiones-para-la-vida\/"]}]},{"@type":"ImageObject","inLanguage":"es","@id":"https:\/\/letrame.com\/catalogo\/producto\/reflexiones-para-la-vida\/#primaryimage","url":"https:\/\/letrame.com\/catalogo\/wp-content\/uploads\/2024\/04\/redportada_reflexionesparalavida_1122mm-compressed.jpg","contentUrl":"https:\/\/letrame.com\/catalogo\/wp-content\/uploads\/2024\/04\/redportada_reflexionesparalavida_1122mm-compressed.jpg","width":601,"height":869},{"@type":"BreadcrumbList","@id":"https:\/\/letrame.com\/catalogo\/producto\/reflexiones-para-la-vida\/#breadcrumb","itemListElement":[{"@type":"ListItem","position":1,"name":"Portada","item":"https:\/\/letrame.com\/catalogo\/"},{"@type":"ListItem","position":2,"name":"Cat\u00e1logo","item":"https:\/\/letrame.com\/catalogo\/"},{"@type":"ListItem","position":3,"name":"Reflexiones para la vida"}]},{"@type":"WebSite","@id":"https:\/\/letrame.com\/catalogo\/#website","url":"https:\/\/letrame.com\/catalogo\/","name":"Catalogo | Letrame Grupo Editorial","description":"","publisher":{"@id":"https:\/\/letrame.com\/catalogo\/#organization"},"potentialAction":[{"@type":"SearchAction","target":{"@type":"EntryPoint","urlTemplate":"https:\/\/letrame.com\/catalogo\/?s={search_term_string}"},"query-input":{"@type":"PropertyValueSpecification","valueRequired":true,"valueName":"search_term_string"}}],"inLanguage":"es"},{"@type":"Organization","@id":"https:\/\/letrame.com\/catalogo\/#organization","name":"Catalogo | Letrame Grupo Editorial","url":"https:\/\/letrame.com\/catalogo\/","logo":{"@type":"ImageObject","inLanguage":"es","@id":"https:\/\/letrame.com\/catalogo\/#\/schema\/logo\/image\/","url":"https:\/\/letrame.com\/catalogo\/wp-content\/uploads\/2024\/03\/logo2.webp","contentUrl":"https:\/\/letrame.com\/catalogo\/wp-content\/uploads\/2024\/03\/logo2.webp","width":394,"height":128,"caption":"Catalogo | Letrame Grupo Editorial"},"image":{"@id":"https:\/\/letrame.com\/catalogo\/#\/schema\/logo\/image\/"}}]}},"_links":{"self":[{"href":"https:\/\/letrame.com\/catalogo\/wp-json\/wp\/v2\/product\/98188","targetHints":{"allow":["GET"]}}],"collection":[{"href":"https:\/\/letrame.com\/catalogo\/wp-json\/wp\/v2\/product"}],"about":[{"href":"https:\/\/letrame.com\/catalogo\/wp-json\/wp\/v2\/types\/product"}],"replies":[{"embeddable":true,"href":"https:\/\/letrame.com\/catalogo\/wp-json\/wp\/v2\/comments?post=98188"}],"acf:post":[{"embeddable":true,"href":"https:\/\/letrame.com\/catalogo\/wp-json\/wp\/v2\/author_book\/76690"}],"wp:featuredmedia":[{"embeddable":true,"href":"https:\/\/letrame.com\/catalogo\/wp-json\/wp\/v2\/media\/98189"}],"wp:attachment":[{"href":"https:\/\/letrame.com\/catalogo\/wp-json\/wp\/v2\/media?parent=98188"}],"wp:term":[{"taxonomy":"libro","embeddable":true,"href":"https:\/\/letrame.com\/catalogo\/wp-json\/wp\/v2\/libro?post=98188"},{"taxonomy":"product_brand","embeddable":true,"href":"https:\/\/letrame.com\/catalogo\/wp-json\/wp\/v2\/product_brand?post=98188"},{"taxonomy":"product_cat","embeddable":true,"href":"https:\/\/letrame.com\/catalogo\/wp-json\/wp\/v2\/product_cat?post=98188"},{"taxonomy":"product_tag","embeddable":true,"href":"https:\/\/letrame.com\/catalogo\/wp-json\/wp\/v2\/product_tag?post=98188"}],"curies":[{"name":"wp","href":"https:\/\/api.w.org\/{rel}","templated":true}]}}