{"id":98184,"date":"2024-04-29T14:52:23","date_gmt":"2024-04-29T12:52:23","guid":{"rendered":"https:\/\/letrame.com\/catalogo\/producto\/presente-las-tres-llaves\/"},"modified":"2024-04-29T14:52:30","modified_gmt":"2024-04-29T12:52:30","slug":"presente-las-tres-llaves","status":"publish","type":"product","link":"https:\/\/letrame.com\/catalogo\/producto\/presente-las-tres-llaves\/","title":{"rendered":"Presente: las tres llaves"},"content":{"rendered":"<p><strong>ISBN<\/strong>: 978-84-1144-085-1<\/p>\n<p><strong>T\u00edtulo<\/strong>: Presente: las tres llaves<br \/>\n<strong>Fecha<\/strong>: 2022<br \/>\n<strong>P\u00e1ginas<\/strong>: 792<\/p>\n<p><strong>SINOPSIS<\/strong><\/p>\n<p>\u00abNo somos esa clase de h\u00e9roes\u2026\u00bb<\/p>\n<p>Oscar es un joven que llevaba una vida normal como cualquier chico de su edad o al menos eso pensaba hasta que fue invitado a ingresar en una exclusiva escuela. En dicha escuela, es director un amigo de su padre que hasta el momento era un total desconocido para \u00e9l, as\u00ed como la mayor\u00eda de las cosas relacionadas a su padre, ya que el falleci\u00f3 cuando Oscar era apenas un beb\u00e9. Con ayuda de sus nuevos amigos: Leo y Daniel, Oscar descubre los secretos en torno a su padre as\u00ed como un grupo de trece misteriosas personas que se hacen llamar \u00abKanan\u00bb. Ellos cuentan con habilidades extraordinarias, algunos pensar\u00edan que son s\u00faperpoderes o magia, pero ellos lo llaman: \u00abPresentes\u00bb. Los Kanan buscan desesperadamente algo en esa escuela, y para sorpresa de Oscar, \u00e9l se da cuenta de que ellos son capaces de hacer cualquier cosa para cumplir con su objetivo\u2026 cualquier cosa.<\/p>\n","protected":false},"excerpt":{"rendered":"<p><strong>ISBN<\/strong>: 978-84-1144-085-1<\/p>\n<p><strong>SINOPSIS<\/strong><\/p>\n<p>\u00abNo somos esa clase de h\u00e9roes\u2026\u00bb<\/p>\n<p>Oscar es un joven que llevaba una vida normal como cualquier chico de su edad o al menos eso pensaba hasta que fue invitado a ingresar en una exclusiva escuela. En dicha escuela, es director un amigo de su padre que hasta el momento era un total desconocido para \u00e9l, as\u00ed como la mayor\u00eda de las cosas relacionadas a su padre, ya que el falleci\u00f3 cuando Oscar era apenas un beb\u00e9. Con ayuda de sus nuevos amigos: Leo y Daniel, Oscar descubre los secretos en torno a su padre as\u00ed como un grupo de trece misteriosas personas que se hacen llamar \u00abKanan\u00bb. Ellos cuentan con habilidades extraordinarias, algunos pensar\u00edan que son s\u00faperpoderes o magia, pero ellos lo llaman: \u00abPresentes\u00bb. Los Kanan buscan desesperadamente algo en esa escuela, y para sorpresa de Oscar, \u00e9l se da cuenta de que ellos son capaces de hacer cualquier cosa para cumplir con su objetivo\u2026 cualquier cosa.<\/p>\n","protected":false},"featured_media":98185,"comment_status":"closed","ping_status":"open","template":"","meta":{"_acf_changed":false},"libro":[],"product_brand":[],"product_cat":[16,26],"product_tag":[],"class_list":{"0":"post-98184","1":"product","2":"type-product","3":"status-publish","4":"has-post-thumbnail","6":"product_cat-novela","7":"product_cat-sin-categoria","9":"first","10":"instock","11":"purchasable","12":"product-type-simple"},"acf":{"autor":[76687],"enlace_de_compra":"https:\/\/www.paypal.com\/cgi-bin\/webscr?cmd=_s-xclick&amp;hosted_button_id=D7XYCT2R3V2Y8\/"},"yoast_head":"<!-- This site is optimized with the Yoast SEO plugin v26.6 - https:\/\/yoast.com\/wordpress\/plugins\/seo\/ -->\n<title>Presente: las tres llaves - Catalogo | Letrame Grupo Editorial<\/title>\n<meta name=\"robots\" content=\"index, follow, max-snippet:-1, max-image-preview:large, max-video-preview:-1\" \/>\n<link rel=\"canonical\" href=\"https:\/\/letrame.com\/catalogo\/producto\/presente-las-tres-llaves\/\" \/>\n<meta property=\"og:locale\" content=\"es_ES\" \/>\n<meta property=\"og:type\" content=\"article\" \/>\n<meta property=\"og:title\" content=\"Presente: las tres llaves - Catalogo | Letrame Grupo Editorial\" \/>\n<meta property=\"og:description\" content=\"ISBN: 978-84-1144-085-1 SINOPSIS \u00abNo somos esa clase de h\u00e9roes\u2026\u00bb Oscar es un joven que llevaba una vida normal como cualquier chico de su edad o al menos eso pensaba hasta que fue invitado a ingresar en una exclusiva escuela. En dicha escuela, es director un amigo de su padre que hasta el momento era un total desconocido para \u00e9l, as\u00ed como la mayor\u00eda de las cosas relacionadas a su padre, ya que el falleci\u00f3 cuando Oscar era apenas un beb\u00e9. Con ayuda de sus nuevos amigos: Leo y Daniel, Oscar descubre los secretos en torno a su padre as\u00ed como un grupo de trece misteriosas personas que se hacen llamar \u00abKanan\u00bb. Ellos cuentan con habilidades extraordinarias, algunos pensar\u00edan que son s\u00faperpoderes o magia, pero ellos lo llaman: \u00abPresentes\u00bb. Los Kanan buscan desesperadamente algo en esa escuela, y para sorpresa de Oscar, \u00e9l se da cuenta de que ellos son capaces de hacer cualquier cosa para cumplir con su objetivo\u2026 cualquier cosa.\" \/>\n<meta property=\"og:url\" content=\"https:\/\/letrame.com\/catalogo\/producto\/presente-las-tres-llaves\/\" \/>\n<meta property=\"og:site_name\" content=\"Catalogo | Letrame Grupo Editorial\" \/>\n<meta property=\"article:modified_time\" content=\"2024-04-29T12:52:30+00:00\" \/>\n<meta property=\"og:image\" content=\"https:\/\/letrame.com\/catalogo\/wp-content\/uploads\/2024\/04\/redportada_lastresllaves_3759mm-compressed.jpg\" \/>\n\t<meta property=\"og:image:width\" content=\"601\" \/>\n\t<meta property=\"og:image:height\" content=\"881\" \/>\n\t<meta property=\"og:image:type\" content=\"image\/jpeg\" \/>\n<meta name=\"twitter:card\" content=\"summary_large_image\" \/>\n<meta name=\"twitter:label1\" content=\"Tiempo de lectura\" \/>\n\t<meta name=\"twitter:data1\" content=\"1 minuto\" \/>\n<script type=\"application\/ld+json\" class=\"yoast-schema-graph\">{\"@context\":\"https:\/\/schema.org\",\"@graph\":[{\"@type\":\"WebPage\",\"@id\":\"https:\/\/letrame.com\/catalogo\/producto\/presente-las-tres-llaves\/\",\"url\":\"https:\/\/letrame.com\/catalogo\/producto\/presente-las-tres-llaves\/\",\"name\":\"Presente: las tres llaves - Catalogo | Letrame Grupo Editorial\",\"isPartOf\":{\"@id\":\"https:\/\/letrame.com\/catalogo\/#website\"},\"primaryImageOfPage\":{\"@id\":\"https:\/\/letrame.com\/catalogo\/producto\/presente-las-tres-llaves\/#primaryimage\"},\"image\":{\"@id\":\"https:\/\/letrame.com\/catalogo\/producto\/presente-las-tres-llaves\/#primaryimage\"},\"thumbnailUrl\":\"https:\/\/letrame.com\/catalogo\/wp-content\/uploads\/2024\/04\/redportada_lastresllaves_3759mm-compressed.jpg\",\"datePublished\":\"2024-04-29T12:52:23+00:00\",\"dateModified\":\"2024-04-29T12:52:30+00:00\",\"breadcrumb\":{\"@id\":\"https:\/\/letrame.com\/catalogo\/producto\/presente-las-tres-llaves\/#breadcrumb\"},\"inLanguage\":\"es\",\"potentialAction\":[{\"@type\":\"ReadAction\",\"target\":[\"https:\/\/letrame.com\/catalogo\/producto\/presente-las-tres-llaves\/\"]}]},{\"@type\":\"ImageObject\",\"inLanguage\":\"es\",\"@id\":\"https:\/\/letrame.com\/catalogo\/producto\/presente-las-tres-llaves\/#primaryimage\",\"url\":\"https:\/\/letrame.com\/catalogo\/wp-content\/uploads\/2024\/04\/redportada_lastresllaves_3759mm-compressed.jpg\",\"contentUrl\":\"https:\/\/letrame.com\/catalogo\/wp-content\/uploads\/2024\/04\/redportada_lastresllaves_3759mm-compressed.jpg\",\"width\":601,\"height\":881},{\"@type\":\"BreadcrumbList\",\"@id\":\"https:\/\/letrame.com\/catalogo\/producto\/presente-las-tres-llaves\/#breadcrumb\",\"itemListElement\":[{\"@type\":\"ListItem\",\"position\":1,\"name\":\"Portada\",\"item\":\"https:\/\/letrame.com\/catalogo\/\"},{\"@type\":\"ListItem\",\"position\":2,\"name\":\"Cat\u00e1logo\",\"item\":\"https:\/\/letrame.com\/catalogo\/\"},{\"@type\":\"ListItem\",\"position\":3,\"name\":\"Presente: las tres llaves\"}]},{\"@type\":\"WebSite\",\"@id\":\"https:\/\/letrame.com\/catalogo\/#website\",\"url\":\"https:\/\/letrame.com\/catalogo\/\",\"name\":\"Catalogo | Letrame Grupo Editorial\",\"description\":\"\",\"publisher\":{\"@id\":\"https:\/\/letrame.com\/catalogo\/#organization\"},\"potentialAction\":[{\"@type\":\"SearchAction\",\"target\":{\"@type\":\"EntryPoint\",\"urlTemplate\":\"https:\/\/letrame.com\/catalogo\/?s={search_term_string}\"},\"query-input\":{\"@type\":\"PropertyValueSpecification\",\"valueRequired\":true,\"valueName\":\"search_term_string\"}}],\"inLanguage\":\"es\"},{\"@type\":\"Organization\",\"@id\":\"https:\/\/letrame.com\/catalogo\/#organization\",\"name\":\"Catalogo | Letrame Grupo Editorial\",\"url\":\"https:\/\/letrame.com\/catalogo\/\",\"logo\":{\"@type\":\"ImageObject\",\"inLanguage\":\"es\",\"@id\":\"https:\/\/letrame.com\/catalogo\/#\/schema\/logo\/image\/\",\"url\":\"https:\/\/letrame.com\/catalogo\/wp-content\/uploads\/2024\/03\/logo2.webp\",\"contentUrl\":\"https:\/\/letrame.com\/catalogo\/wp-content\/uploads\/2024\/03\/logo2.webp\",\"width\":394,\"height\":128,\"caption\":\"Catalogo | Letrame Grupo Editorial\"},\"image\":{\"@id\":\"https:\/\/letrame.com\/catalogo\/#\/schema\/logo\/image\/\"}}]}<\/script>\n<!-- \/ Yoast SEO plugin. -->","yoast_head_json":{"title":"Presente: las tres llaves - Catalogo | Letrame Grupo Editorial","robots":{"index":"index","follow":"follow","max-snippet":"max-snippet:-1","max-image-preview":"max-image-preview:large","max-video-preview":"max-video-preview:-1"},"canonical":"https:\/\/letrame.com\/catalogo\/producto\/presente-las-tres-llaves\/","og_locale":"es_ES","og_type":"article","og_title":"Presente: las tres llaves - Catalogo | Letrame Grupo Editorial","og_description":"ISBN: 978-84-1144-085-1 SINOPSIS \u00abNo somos esa clase de h\u00e9roes\u2026\u00bb Oscar es un joven que llevaba una vida normal como cualquier chico de su edad o al menos eso pensaba hasta que fue invitado a ingresar en una exclusiva escuela. En dicha escuela, es director un amigo de su padre que hasta el momento era un total desconocido para \u00e9l, as\u00ed como la mayor\u00eda de las cosas relacionadas a su padre, ya que el falleci\u00f3 cuando Oscar era apenas un beb\u00e9. Con ayuda de sus nuevos amigos: Leo y Daniel, Oscar descubre los secretos en torno a su padre as\u00ed como un grupo de trece misteriosas personas que se hacen llamar \u00abKanan\u00bb. Ellos cuentan con habilidades extraordinarias, algunos pensar\u00edan que son s\u00faperpoderes o magia, pero ellos lo llaman: \u00abPresentes\u00bb. Los Kanan buscan desesperadamente algo en esa escuela, y para sorpresa de Oscar, \u00e9l se da cuenta de que ellos son capaces de hacer cualquier cosa para cumplir con su objetivo\u2026 cualquier cosa.","og_url":"https:\/\/letrame.com\/catalogo\/producto\/presente-las-tres-llaves\/","og_site_name":"Catalogo | Letrame Grupo Editorial","article_modified_time":"2024-04-29T12:52:30+00:00","og_image":[{"width":601,"height":881,"url":"https:\/\/letrame.com\/catalogo\/wp-content\/uploads\/2024\/04\/redportada_lastresllaves_3759mm-compressed.jpg","type":"image\/jpeg"}],"twitter_card":"summary_large_image","twitter_misc":{"Tiempo de lectura":"1 minuto"},"schema":{"@context":"https:\/\/schema.org","@graph":[{"@type":"WebPage","@id":"https:\/\/letrame.com\/catalogo\/producto\/presente-las-tres-llaves\/","url":"https:\/\/letrame.com\/catalogo\/producto\/presente-las-tres-llaves\/","name":"Presente: las tres llaves - Catalogo | Letrame Grupo Editorial","isPartOf":{"@id":"https:\/\/letrame.com\/catalogo\/#website"},"primaryImageOfPage":{"@id":"https:\/\/letrame.com\/catalogo\/producto\/presente-las-tres-llaves\/#primaryimage"},"image":{"@id":"https:\/\/letrame.com\/catalogo\/producto\/presente-las-tres-llaves\/#primaryimage"},"thumbnailUrl":"https:\/\/letrame.com\/catalogo\/wp-content\/uploads\/2024\/04\/redportada_lastresllaves_3759mm-compressed.jpg","datePublished":"2024-04-29T12:52:23+00:00","dateModified":"2024-04-29T12:52:30+00:00","breadcrumb":{"@id":"https:\/\/letrame.com\/catalogo\/producto\/presente-las-tres-llaves\/#breadcrumb"},"inLanguage":"es","potentialAction":[{"@type":"ReadAction","target":["https:\/\/letrame.com\/catalogo\/producto\/presente-las-tres-llaves\/"]}]},{"@type":"ImageObject","inLanguage":"es","@id":"https:\/\/letrame.com\/catalogo\/producto\/presente-las-tres-llaves\/#primaryimage","url":"https:\/\/letrame.com\/catalogo\/wp-content\/uploads\/2024\/04\/redportada_lastresllaves_3759mm-compressed.jpg","contentUrl":"https:\/\/letrame.com\/catalogo\/wp-content\/uploads\/2024\/04\/redportada_lastresllaves_3759mm-compressed.jpg","width":601,"height":881},{"@type":"BreadcrumbList","@id":"https:\/\/letrame.com\/catalogo\/producto\/presente-las-tres-llaves\/#breadcrumb","itemListElement":[{"@type":"ListItem","position":1,"name":"Portada","item":"https:\/\/letrame.com\/catalogo\/"},{"@type":"ListItem","position":2,"name":"Cat\u00e1logo","item":"https:\/\/letrame.com\/catalogo\/"},{"@type":"ListItem","position":3,"name":"Presente: las tres llaves"}]},{"@type":"WebSite","@id":"https:\/\/letrame.com\/catalogo\/#website","url":"https:\/\/letrame.com\/catalogo\/","name":"Catalogo | Letrame Grupo Editorial","description":"","publisher":{"@id":"https:\/\/letrame.com\/catalogo\/#organization"},"potentialAction":[{"@type":"SearchAction","target":{"@type":"EntryPoint","urlTemplate":"https:\/\/letrame.com\/catalogo\/?s={search_term_string}"},"query-input":{"@type":"PropertyValueSpecification","valueRequired":true,"valueName":"search_term_string"}}],"inLanguage":"es"},{"@type":"Organization","@id":"https:\/\/letrame.com\/catalogo\/#organization","name":"Catalogo | Letrame Grupo Editorial","url":"https:\/\/letrame.com\/catalogo\/","logo":{"@type":"ImageObject","inLanguage":"es","@id":"https:\/\/letrame.com\/catalogo\/#\/schema\/logo\/image\/","url":"https:\/\/letrame.com\/catalogo\/wp-content\/uploads\/2024\/03\/logo2.webp","contentUrl":"https:\/\/letrame.com\/catalogo\/wp-content\/uploads\/2024\/03\/logo2.webp","width":394,"height":128,"caption":"Catalogo | Letrame Grupo Editorial"},"image":{"@id":"https:\/\/letrame.com\/catalogo\/#\/schema\/logo\/image\/"}}]}},"_links":{"self":[{"href":"https:\/\/letrame.com\/catalogo\/wp-json\/wp\/v2\/product\/98184","targetHints":{"allow":["GET"]}}],"collection":[{"href":"https:\/\/letrame.com\/catalogo\/wp-json\/wp\/v2\/product"}],"about":[{"href":"https:\/\/letrame.com\/catalogo\/wp-json\/wp\/v2\/types\/product"}],"replies":[{"embeddable":true,"href":"https:\/\/letrame.com\/catalogo\/wp-json\/wp\/v2\/comments?post=98184"}],"acf:post":[{"embeddable":true,"href":"https:\/\/letrame.com\/catalogo\/wp-json\/wp\/v2\/author_book\/76687"}],"wp:featuredmedia":[{"embeddable":true,"href":"https:\/\/letrame.com\/catalogo\/wp-json\/wp\/v2\/media\/98185"}],"wp:attachment":[{"href":"https:\/\/letrame.com\/catalogo\/wp-json\/wp\/v2\/media?parent=98184"}],"wp:term":[{"taxonomy":"libro","embeddable":true,"href":"https:\/\/letrame.com\/catalogo\/wp-json\/wp\/v2\/libro?post=98184"},{"taxonomy":"product_brand","embeddable":true,"href":"https:\/\/letrame.com\/catalogo\/wp-json\/wp\/v2\/product_brand?post=98184"},{"taxonomy":"product_cat","embeddable":true,"href":"https:\/\/letrame.com\/catalogo\/wp-json\/wp\/v2\/product_cat?post=98184"},{"taxonomy":"product_tag","embeddable":true,"href":"https:\/\/letrame.com\/catalogo\/wp-json\/wp\/v2\/product_tag?post=98184"}],"curies":[{"name":"wp","href":"https:\/\/api.w.org\/{rel}","templated":true}]}}