{"id":98165,"date":"2024-04-29T14:50:55","date_gmt":"2024-04-29T12:50:55","guid":{"rendered":"https:\/\/letrame.com\/catalogo\/producto\/desventuras\/"},"modified":"2024-04-29T14:50:58","modified_gmt":"2024-04-29T12:50:58","slug":"desventuras","status":"publish","type":"product","link":"https:\/\/letrame.com\/catalogo\/producto\/desventuras\/","title":{"rendered":"Desventuras"},"content":{"rendered":"<p><strong>ISBN<\/strong>: 978-84-1144-191-9<\/p>\n<p><strong>T\u00edtulo<\/strong>: Desventuras<br \/>\n<strong>Fecha<\/strong>: 2022<br \/>\n<strong>P\u00e1ginas<\/strong>: 576<\/p>\n<p><strong>SINOPSIS<\/strong><\/p>\n<p>Desventuras devela la vida y obra de Josema Campusano, un personaje forjado en la pobreza y vicisitudes, a quien las desgracias familiares, accidentes y severas penas lo persiguen durante todo su existir.<\/p>\n<p>El sincretismo religioso y cultural modulado por las creencias populares, las costumbres afrocaribe\u00f1as e ind\u00edgenas, al igual que la escenograf\u00eda de La Guajira y los barrios marginales de Cartagena de Indias, Colombia, acompa\u00f1an la historia y a sus personajes, fundi\u00e9ndolos en realismo m\u00e1gico. El desenlace no deja cabos sueltos. El autor cierra con maestr\u00eda las puntadas de la trama principal y las subtramas dejadas abiertas adredemente en varios cap\u00edtulos, y nos ofrece un final cargado de revelaciones primas.<\/p>\n<p>\u00bfPodr\u00e1 Josema sobrevivir a una vida llena de desventuras? \u00bfDescubrir\u00e1 por qu\u00e9 su vida es gobernada por una extra\u00f1a conjetura? Para saberlo invitamos a los lectores a seguirles la pista a los infortunios (\u00a1a veces simp\u00e1ticos!) del protagonista de la nueva novela de Arcesio Romero P\u00e9rez.<\/p>\n","protected":false},"excerpt":{"rendered":"<p><strong>ISBN<\/strong>: 978-84-1144-191-9<\/p>\n<p><strong>SINOPSIS<\/strong><\/p>\n<p>Desventuras devela la vida y obra de Josema Campusano, un personaje forjado en la pobreza y vicisitudes, a quien las desgracias familiares, accidentes y severas penas lo persiguen durante todo su existir.<\/p>\n<p>El sincretismo religioso y cultural modulado por las creencias populares, las costumbres afrocaribe\u00f1as e ind\u00edgenas, al igual que la escenograf\u00eda de La Guajira y los barrios marginales de Cartagena de Indias, Colombia, acompa\u00f1an la historia y a sus personajes, fundi\u00e9ndolos en realismo m\u00e1gico. El desenlace no deja cabos sueltos. El autor cierra con maestr\u00eda las puntadas de la trama principal y las subtramas dejadas abiertas adredemente en varios cap\u00edtulos, y nos ofrece un final cargado de revelaciones primas.<\/p>\n<p>\u00bfPodr\u00e1 Josema sobrevivir a una vida llena de desventuras? \u00bfDescubrir\u00e1 por qu\u00e9 su vida es gobernada por una extra\u00f1a conjetura? Para saberlo invitamos a los lectores a seguirles la pista a los infortunios (\u00a1a veces simp\u00e1ticos!) del protagonista de la nueva novela de Arcesio Romero P\u00e9rez.<\/p>\n","protected":false},"featured_media":98166,"comment_status":"closed","ping_status":"open","template":"","meta":{"_acf_changed":false},"libro":[],"product_brand":[],"product_cat":[26],"product_tag":[],"class_list":{"0":"post-98165","1":"product","2":"type-product","3":"status-publish","4":"has-post-thumbnail","6":"product_cat-sin-categoria","8":"first","9":"instock","10":"product-type-simple"},"acf":{"autor":[76674],"enlace_de_compra":""},"yoast_head":"<!-- This site is optimized with the Yoast SEO plugin v26.6 - https:\/\/yoast.com\/wordpress\/plugins\/seo\/ -->\n<title>Desventuras - Catalogo | Letrame Grupo Editorial<\/title>\n<meta name=\"robots\" content=\"index, follow, max-snippet:-1, max-image-preview:large, max-video-preview:-1\" \/>\n<link rel=\"canonical\" href=\"https:\/\/letrame.com\/catalogo\/producto\/desventuras\/\" \/>\n<meta property=\"og:locale\" content=\"es_ES\" \/>\n<meta property=\"og:type\" content=\"article\" \/>\n<meta property=\"og:title\" content=\"Desventuras - Catalogo | Letrame Grupo Editorial\" \/>\n<meta property=\"og:description\" content=\"ISBN: 978-84-1144-191-9 SINOPSIS Desventuras devela la vida y obra de Josema Campusano, un personaje forjado en la pobreza y vicisitudes, a quien las desgracias familiares, accidentes y severas penas lo persiguen durante todo su existir. El sincretismo religioso y cultural modulado por las creencias populares, las costumbres afrocaribe\u00f1as e ind\u00edgenas, al igual que la escenograf\u00eda de La Guajira y los barrios marginales de Cartagena de Indias, Colombia, acompa\u00f1an la historia y a sus personajes, fundi\u00e9ndolos en realismo m\u00e1gico. El desenlace no deja cabos sueltos. El autor cierra con maestr\u00eda las puntadas de la trama principal y las subtramas dejadas abiertas adredemente en varios cap\u00edtulos, y nos ofrece un final cargado de revelaciones primas. \u00bfPodr\u00e1 Josema sobrevivir a una vida llena de desventuras? \u00bfDescubrir\u00e1 por qu\u00e9 su vida es gobernada por una extra\u00f1a conjetura? Para saberlo invitamos a los lectores a seguirles la pista a los infortunios (\u00a1a veces simp\u00e1ticos!) del protagonista de la nueva novela de Arcesio Romero P\u00e9rez.\" \/>\n<meta property=\"og:url\" content=\"https:\/\/letrame.com\/catalogo\/producto\/desventuras\/\" \/>\n<meta property=\"og:site_name\" content=\"Catalogo | Letrame Grupo Editorial\" \/>\n<meta property=\"article:modified_time\" content=\"2024-04-29T12:50:58+00:00\" \/>\n<meta property=\"og:image\" content=\"https:\/\/letrame.com\/catalogo\/wp-content\/uploads\/2024\/04\/redportada_desventuras_2763mm-compressed.jpg\" \/>\n\t<meta property=\"og:image:width\" content=\"601\" \/>\n\t<meta property=\"og:image:height\" content=\"881\" \/>\n\t<meta property=\"og:image:type\" content=\"image\/jpeg\" \/>\n<meta name=\"twitter:card\" content=\"summary_large_image\" \/>\n<meta name=\"twitter:label1\" content=\"Tiempo de lectura\" \/>\n\t<meta name=\"twitter:data1\" content=\"1 minuto\" \/>\n<script type=\"application\/ld+json\" class=\"yoast-schema-graph\">{\"@context\":\"https:\/\/schema.org\",\"@graph\":[{\"@type\":\"WebPage\",\"@id\":\"https:\/\/letrame.com\/catalogo\/producto\/desventuras\/\",\"url\":\"https:\/\/letrame.com\/catalogo\/producto\/desventuras\/\",\"name\":\"Desventuras - Catalogo | Letrame Grupo Editorial\",\"isPartOf\":{\"@id\":\"https:\/\/letrame.com\/catalogo\/#website\"},\"primaryImageOfPage\":{\"@id\":\"https:\/\/letrame.com\/catalogo\/producto\/desventuras\/#primaryimage\"},\"image\":{\"@id\":\"https:\/\/letrame.com\/catalogo\/producto\/desventuras\/#primaryimage\"},\"thumbnailUrl\":\"https:\/\/letrame.com\/catalogo\/wp-content\/uploads\/2024\/04\/redportada_desventuras_2763mm-compressed.jpg\",\"datePublished\":\"2024-04-29T12:50:55+00:00\",\"dateModified\":\"2024-04-29T12:50:58+00:00\",\"breadcrumb\":{\"@id\":\"https:\/\/letrame.com\/catalogo\/producto\/desventuras\/#breadcrumb\"},\"inLanguage\":\"es\",\"potentialAction\":[{\"@type\":\"ReadAction\",\"target\":[\"https:\/\/letrame.com\/catalogo\/producto\/desventuras\/\"]}]},{\"@type\":\"ImageObject\",\"inLanguage\":\"es\",\"@id\":\"https:\/\/letrame.com\/catalogo\/producto\/desventuras\/#primaryimage\",\"url\":\"https:\/\/letrame.com\/catalogo\/wp-content\/uploads\/2024\/04\/redportada_desventuras_2763mm-compressed.jpg\",\"contentUrl\":\"https:\/\/letrame.com\/catalogo\/wp-content\/uploads\/2024\/04\/redportada_desventuras_2763mm-compressed.jpg\",\"width\":601,\"height\":881},{\"@type\":\"BreadcrumbList\",\"@id\":\"https:\/\/letrame.com\/catalogo\/producto\/desventuras\/#breadcrumb\",\"itemListElement\":[{\"@type\":\"ListItem\",\"position\":1,\"name\":\"Portada\",\"item\":\"https:\/\/letrame.com\/catalogo\/\"},{\"@type\":\"ListItem\",\"position\":2,\"name\":\"Cat\u00e1logo\",\"item\":\"https:\/\/letrame.com\/catalogo\/\"},{\"@type\":\"ListItem\",\"position\":3,\"name\":\"Desventuras\"}]},{\"@type\":\"WebSite\",\"@id\":\"https:\/\/letrame.com\/catalogo\/#website\",\"url\":\"https:\/\/letrame.com\/catalogo\/\",\"name\":\"Catalogo | Letrame Grupo Editorial\",\"description\":\"\",\"publisher\":{\"@id\":\"https:\/\/letrame.com\/catalogo\/#organization\"},\"potentialAction\":[{\"@type\":\"SearchAction\",\"target\":{\"@type\":\"EntryPoint\",\"urlTemplate\":\"https:\/\/letrame.com\/catalogo\/?s={search_term_string}\"},\"query-input\":{\"@type\":\"PropertyValueSpecification\",\"valueRequired\":true,\"valueName\":\"search_term_string\"}}],\"inLanguage\":\"es\"},{\"@type\":\"Organization\",\"@id\":\"https:\/\/letrame.com\/catalogo\/#organization\",\"name\":\"Catalogo | Letrame Grupo Editorial\",\"url\":\"https:\/\/letrame.com\/catalogo\/\",\"logo\":{\"@type\":\"ImageObject\",\"inLanguage\":\"es\",\"@id\":\"https:\/\/letrame.com\/catalogo\/#\/schema\/logo\/image\/\",\"url\":\"https:\/\/letrame.com\/catalogo\/wp-content\/uploads\/2024\/03\/logo2.webp\",\"contentUrl\":\"https:\/\/letrame.com\/catalogo\/wp-content\/uploads\/2024\/03\/logo2.webp\",\"width\":394,\"height\":128,\"caption\":\"Catalogo | Letrame Grupo Editorial\"},\"image\":{\"@id\":\"https:\/\/letrame.com\/catalogo\/#\/schema\/logo\/image\/\"}}]}<\/script>\n<!-- \/ Yoast SEO plugin. -->","yoast_head_json":{"title":"Desventuras - Catalogo | Letrame Grupo Editorial","robots":{"index":"index","follow":"follow","max-snippet":"max-snippet:-1","max-image-preview":"max-image-preview:large","max-video-preview":"max-video-preview:-1"},"canonical":"https:\/\/letrame.com\/catalogo\/producto\/desventuras\/","og_locale":"es_ES","og_type":"article","og_title":"Desventuras - Catalogo | Letrame Grupo Editorial","og_description":"ISBN: 978-84-1144-191-9 SINOPSIS Desventuras devela la vida y obra de Josema Campusano, un personaje forjado en la pobreza y vicisitudes, a quien las desgracias familiares, accidentes y severas penas lo persiguen durante todo su existir. El sincretismo religioso y cultural modulado por las creencias populares, las costumbres afrocaribe\u00f1as e ind\u00edgenas, al igual que la escenograf\u00eda de La Guajira y los barrios marginales de Cartagena de Indias, Colombia, acompa\u00f1an la historia y a sus personajes, fundi\u00e9ndolos en realismo m\u00e1gico. El desenlace no deja cabos sueltos. El autor cierra con maestr\u00eda las puntadas de la trama principal y las subtramas dejadas abiertas adredemente en varios cap\u00edtulos, y nos ofrece un final cargado de revelaciones primas. \u00bfPodr\u00e1 Josema sobrevivir a una vida llena de desventuras? \u00bfDescubrir\u00e1 por qu\u00e9 su vida es gobernada por una extra\u00f1a conjetura? Para saberlo invitamos a los lectores a seguirles la pista a los infortunios (\u00a1a veces simp\u00e1ticos!) del protagonista de la nueva novela de Arcesio Romero P\u00e9rez.","og_url":"https:\/\/letrame.com\/catalogo\/producto\/desventuras\/","og_site_name":"Catalogo | Letrame Grupo Editorial","article_modified_time":"2024-04-29T12:50:58+00:00","og_image":[{"width":601,"height":881,"url":"https:\/\/letrame.com\/catalogo\/wp-content\/uploads\/2024\/04\/redportada_desventuras_2763mm-compressed.jpg","type":"image\/jpeg"}],"twitter_card":"summary_large_image","twitter_misc":{"Tiempo de lectura":"1 minuto"},"schema":{"@context":"https:\/\/schema.org","@graph":[{"@type":"WebPage","@id":"https:\/\/letrame.com\/catalogo\/producto\/desventuras\/","url":"https:\/\/letrame.com\/catalogo\/producto\/desventuras\/","name":"Desventuras - Catalogo | Letrame Grupo Editorial","isPartOf":{"@id":"https:\/\/letrame.com\/catalogo\/#website"},"primaryImageOfPage":{"@id":"https:\/\/letrame.com\/catalogo\/producto\/desventuras\/#primaryimage"},"image":{"@id":"https:\/\/letrame.com\/catalogo\/producto\/desventuras\/#primaryimage"},"thumbnailUrl":"https:\/\/letrame.com\/catalogo\/wp-content\/uploads\/2024\/04\/redportada_desventuras_2763mm-compressed.jpg","datePublished":"2024-04-29T12:50:55+00:00","dateModified":"2024-04-29T12:50:58+00:00","breadcrumb":{"@id":"https:\/\/letrame.com\/catalogo\/producto\/desventuras\/#breadcrumb"},"inLanguage":"es","potentialAction":[{"@type":"ReadAction","target":["https:\/\/letrame.com\/catalogo\/producto\/desventuras\/"]}]},{"@type":"ImageObject","inLanguage":"es","@id":"https:\/\/letrame.com\/catalogo\/producto\/desventuras\/#primaryimage","url":"https:\/\/letrame.com\/catalogo\/wp-content\/uploads\/2024\/04\/redportada_desventuras_2763mm-compressed.jpg","contentUrl":"https:\/\/letrame.com\/catalogo\/wp-content\/uploads\/2024\/04\/redportada_desventuras_2763mm-compressed.jpg","width":601,"height":881},{"@type":"BreadcrumbList","@id":"https:\/\/letrame.com\/catalogo\/producto\/desventuras\/#breadcrumb","itemListElement":[{"@type":"ListItem","position":1,"name":"Portada","item":"https:\/\/letrame.com\/catalogo\/"},{"@type":"ListItem","position":2,"name":"Cat\u00e1logo","item":"https:\/\/letrame.com\/catalogo\/"},{"@type":"ListItem","position":3,"name":"Desventuras"}]},{"@type":"WebSite","@id":"https:\/\/letrame.com\/catalogo\/#website","url":"https:\/\/letrame.com\/catalogo\/","name":"Catalogo | Letrame Grupo Editorial","description":"","publisher":{"@id":"https:\/\/letrame.com\/catalogo\/#organization"},"potentialAction":[{"@type":"SearchAction","target":{"@type":"EntryPoint","urlTemplate":"https:\/\/letrame.com\/catalogo\/?s={search_term_string}"},"query-input":{"@type":"PropertyValueSpecification","valueRequired":true,"valueName":"search_term_string"}}],"inLanguage":"es"},{"@type":"Organization","@id":"https:\/\/letrame.com\/catalogo\/#organization","name":"Catalogo | Letrame Grupo Editorial","url":"https:\/\/letrame.com\/catalogo\/","logo":{"@type":"ImageObject","inLanguage":"es","@id":"https:\/\/letrame.com\/catalogo\/#\/schema\/logo\/image\/","url":"https:\/\/letrame.com\/catalogo\/wp-content\/uploads\/2024\/03\/logo2.webp","contentUrl":"https:\/\/letrame.com\/catalogo\/wp-content\/uploads\/2024\/03\/logo2.webp","width":394,"height":128,"caption":"Catalogo | Letrame Grupo Editorial"},"image":{"@id":"https:\/\/letrame.com\/catalogo\/#\/schema\/logo\/image\/"}}]}},"_links":{"self":[{"href":"https:\/\/letrame.com\/catalogo\/wp-json\/wp\/v2\/product\/98165","targetHints":{"allow":["GET"]}}],"collection":[{"href":"https:\/\/letrame.com\/catalogo\/wp-json\/wp\/v2\/product"}],"about":[{"href":"https:\/\/letrame.com\/catalogo\/wp-json\/wp\/v2\/types\/product"}],"replies":[{"embeddable":true,"href":"https:\/\/letrame.com\/catalogo\/wp-json\/wp\/v2\/comments?post=98165"}],"acf:post":[{"embeddable":true,"href":"https:\/\/letrame.com\/catalogo\/wp-json\/wp\/v2\/author_book\/76674"}],"wp:featuredmedia":[{"embeddable":true,"href":"https:\/\/letrame.com\/catalogo\/wp-json\/wp\/v2\/media\/98166"}],"wp:attachment":[{"href":"https:\/\/letrame.com\/catalogo\/wp-json\/wp\/v2\/media?parent=98165"}],"wp:term":[{"taxonomy":"libro","embeddable":true,"href":"https:\/\/letrame.com\/catalogo\/wp-json\/wp\/v2\/libro?post=98165"},{"taxonomy":"product_brand","embeddable":true,"href":"https:\/\/letrame.com\/catalogo\/wp-json\/wp\/v2\/product_brand?post=98165"},{"taxonomy":"product_cat","embeddable":true,"href":"https:\/\/letrame.com\/catalogo\/wp-json\/wp\/v2\/product_cat?post=98165"},{"taxonomy":"product_tag","embeddable":true,"href":"https:\/\/letrame.com\/catalogo\/wp-json\/wp\/v2\/product_tag?post=98165"}],"curies":[{"name":"wp","href":"https:\/\/api.w.org\/{rel}","templated":true}]}}