{"id":98163,"date":"2024-04-29T14:50:55","date_gmt":"2024-04-29T12:50:55","guid":{"rendered":"https:\/\/letrame.com\/catalogo\/producto\/designios\/"},"modified":"2024-08-12T10:33:24","modified_gmt":"2024-08-12T08:33:24","slug":"designios","status":"publish","type":"product","link":"https:\/\/letrame.com\/catalogo\/producto\/designios\/","title":{"rendered":"Designios"},"content":{"rendered":"<p><strong>ISBN<\/strong>: 978-84-1144-091-2<\/p>\n<p><strong>T\u00edtulo<\/strong>: Designios<br \/>\n<strong>Fecha<\/strong>: 2022<br \/>\n<strong>P\u00e1ginas<\/strong>: 210<\/p>\n<p><strong>SINOPSIS<\/strong><\/p>\n<p>Designios es una historia fuerte; como dicen que escribe el autor. Que, aunque no contiene t\u00e9rminos vulgares, ni lenguaje soez, o lenguaje crudo, ni palabras malsonantes&#8230; Est\u00e1 escrita para gente mayor de 16 a\u00f1os.<\/p>\n<p>Es una novela que encierra una historia de drama, pasi\u00f3n y muerte. Enmarcada con el misticismo propio de los habitantes de las monta\u00f1as del estado de Guerrero. Que, mezcladas estas con las Incre\u00edbles sombras provocadas por la densidad boscosa de la sierra y los miedos ancestrales a la muerte que, junto con las drogas y bebidas naturales propias de las monta\u00f1as, pueden jugar \u2014estas mezclas\u2014 con la mente de un hombre, como para llegar a cometer actos atroces.<\/p>\n<p>Pero anteponi\u00e9ndose entre el odio, el amor y la pasi\u00f3n, y ante los designios impuestos por la naturaleza y el hombre y las mujeres mismas, estar\u00e1n como siempre los designios de Dios, quien es el que marca el destino de los hombres y de las mujeres.<\/p>\n<p>Y c\u00f3mo puede el amor filial \u2014en la mayor\u00eda de las veces\u2014 estar muy por encima de un amor apasionado.<\/p>\n<p>Como sucede en esta historia.<\/p>\n<p>&nbsp;<\/p>\n<p>Jos\u00e9 Manuel Infante Guevara \u00abBulganin\u00bb<\/p>\n","protected":false},"excerpt":{"rendered":"<p><strong>ISBN<\/strong>: 978-84-1144-091-2<\/p>\n<p><strong>SINOPSIS<\/strong><\/p>\n<p>Designios es una historia fuerte; como dicen que escribe el autor. Que, aunque no contiene t\u00e9rminos vulgares, ni lenguaje soez, o lenguaje crudo, ni palabras malsonantes&#8230; Est\u00e1 escrita para gente mayor de 16 a\u00f1os.<\/p>\n<p>Es una novela que encierra una historia de drama, pasi\u00f3n y muerte. Enmarcada con el misticismo propio de los habitantes de las monta\u00f1as del estado de Guerrero. Que, mezcladas estas con las Incre\u00edbles sombras provocadas por la densidad boscosa de la sierra y los miedos ancestrales a la muerte que, junto con las drogas y bebidas naturales propias de las monta\u00f1as, pueden jugar \u2014estas mezclas\u2014 con la mente de un hombre, como para llegar a cometer actos atroces.<\/p>\n<p>Pero anteponi\u00e9ndose entre el odio, el amor y la pasi\u00f3n, y ante los designios impuestos por la naturaleza y el hombre y las mujeres mismas, estar\u00e1n como siempre los designios de Dios, quien es el que marca el destino de los hombres y de las mujeres.<\/p>\n<p>Y c\u00f3mo puede el amor filial \u2014en la mayor\u00eda de las veces\u2014 estar muy por encima de un amor apasionado.<\/p>\n<p>Como sucede en esta historia.<\/p>\n<p>Jos\u00e9 Manuel Infante Guevara \u00abBulganin\u00bb<\/p>\n","protected":false},"featured_media":98164,"comment_status":"closed","ping_status":"closed","template":"","meta":{"_acf_changed":false},"libro":[],"product_brand":[],"product_cat":[26],"product_tag":[],"class_list":{"0":"post-98163","1":"product","2":"type-product","3":"status-publish","4":"has-post-thumbnail","6":"product_cat-sin-categoria","8":"first","9":"instock","10":"product-type-simple"},"acf":{"autor":[76896],"enlace_de_compra":"https:\/\/amzn.to\/46FbRul"},"yoast_head":"<!-- This site is optimized with the Yoast SEO plugin v27.4 - https:\/\/yoast.com\/product\/yoast-seo-wordpress\/ -->\n<title>Designios - Catalogo | Letrame Grupo Editorial<\/title>\n<meta name=\"robots\" content=\"index, follow, max-snippet:-1, max-image-preview:large, max-video-preview:-1\" \/>\n<link rel=\"canonical\" href=\"https:\/\/letrame.com\/catalogo\/producto\/designios\/\" \/>\n<meta property=\"og:locale\" content=\"es_ES\" \/>\n<meta property=\"og:type\" content=\"article\" \/>\n<meta property=\"og:title\" content=\"Designios - Catalogo | Letrame Grupo Editorial\" \/>\n<meta property=\"og:description\" content=\"ISBN: 978-84-1144-091-2  SINOPSIS  Designios es una historia fuerte; como dicen que escribe el autor. Que, aunque no contiene t\u00e9rminos vulgares, ni lenguaje soez, o lenguaje crudo, ni palabras malsonantes... Est\u00e1 escrita para gente mayor de 16 a\u00f1os.  Es una novela que encierra una historia de drama, pasi\u00f3n y muerte. Enmarcada con el misticismo propio de los habitantes de las monta\u00f1as del estado de Guerrero. Que, mezcladas estas con las Incre\u00edbles sombras provocadas por la densidad boscosa de la sierra y los miedos ancestrales a la muerte que, junto con las drogas y bebidas naturales propias de las monta\u00f1as, pueden jugar \u2014estas mezclas\u2014 con la mente de un hombre, como para llegar a cometer actos atroces.  Pero anteponi\u00e9ndose entre el odio, el amor y la pasi\u00f3n, y ante los designios impuestos por la naturaleza y el hombre y las mujeres mismas, estar\u00e1n como siempre los designios de Dios, quien es el que marca el destino de los hombres y de las mujeres.  Y c\u00f3mo puede el amor filial \u2014en la mayor\u00eda de las veces\u2014 estar muy por encima de un amor apasionado.  Como sucede en esta historia.  Jos\u00e9 Manuel Infante Guevara \u00abBulganin\u00bb\" \/>\n<meta property=\"og:url\" content=\"https:\/\/letrame.com\/catalogo\/producto\/designios\/\" \/>\n<meta property=\"og:site_name\" content=\"Catalogo | Letrame Grupo Editorial\" \/>\n<meta property=\"article:modified_time\" content=\"2024-08-12T08:33:24+00:00\" \/>\n<meta property=\"og:image\" content=\"https:\/\/letrame.com\/catalogo\/wp-content\/uploads\/2024\/04\/redportada_designios_1076mm-compressed.jpg\" \/>\n\t<meta property=\"og:image:width\" content=\"601\" \/>\n\t<meta property=\"og:image:height\" content=\"881\" \/>\n\t<meta property=\"og:image:type\" content=\"image\/jpeg\" \/>\n<meta name=\"twitter:card\" content=\"summary_large_image\" \/>\n<meta name=\"twitter:label1\" content=\"Tiempo de lectura\" \/>\n\t<meta name=\"twitter:data1\" content=\"2 minutos\" \/>\n<script type=\"application\/ld+json\" class=\"yoast-schema-graph\">{\"@context\":\"https:\\\/\\\/schema.org\",\"@graph\":[{\"@type\":\"WebPage\",\"@id\":\"https:\\\/\\\/letrame.com\\\/catalogo\\\/producto\\\/designios\\\/\",\"url\":\"https:\\\/\\\/letrame.com\\\/catalogo\\\/producto\\\/designios\\\/\",\"name\":\"Designios - Catalogo | Letrame Grupo Editorial\",\"isPartOf\":{\"@id\":\"https:\\\/\\\/letrame.com\\\/catalogo\\\/#website\"},\"primaryImageOfPage\":{\"@id\":\"https:\\\/\\\/letrame.com\\\/catalogo\\\/producto\\\/designios\\\/#primaryimage\"},\"image\":{\"@id\":\"https:\\\/\\\/letrame.com\\\/catalogo\\\/producto\\\/designios\\\/#primaryimage\"},\"thumbnailUrl\":\"https:\\\/\\\/letrame.com\\\/catalogo\\\/wp-content\\\/uploads\\\/2024\\\/04\\\/redportada_designios_1076mm-compressed.jpg\",\"datePublished\":\"2024-04-29T12:50:55+00:00\",\"dateModified\":\"2024-08-12T08:33:24+00:00\",\"breadcrumb\":{\"@id\":\"https:\\\/\\\/letrame.com\\\/catalogo\\\/producto\\\/designios\\\/#breadcrumb\"},\"inLanguage\":\"es\",\"potentialAction\":[{\"@type\":\"ReadAction\",\"target\":[\"https:\\\/\\\/letrame.com\\\/catalogo\\\/producto\\\/designios\\\/\"]}]},{\"@type\":\"ImageObject\",\"inLanguage\":\"es\",\"@id\":\"https:\\\/\\\/letrame.com\\\/catalogo\\\/producto\\\/designios\\\/#primaryimage\",\"url\":\"https:\\\/\\\/letrame.com\\\/catalogo\\\/wp-content\\\/uploads\\\/2024\\\/04\\\/redportada_designios_1076mm-compressed.jpg\",\"contentUrl\":\"https:\\\/\\\/letrame.com\\\/catalogo\\\/wp-content\\\/uploads\\\/2024\\\/04\\\/redportada_designios_1076mm-compressed.jpg\",\"width\":601,\"height\":881},{\"@type\":\"BreadcrumbList\",\"@id\":\"https:\\\/\\\/letrame.com\\\/catalogo\\\/producto\\\/designios\\\/#breadcrumb\",\"itemListElement\":[{\"@type\":\"ListItem\",\"position\":1,\"name\":\"Portada\",\"item\":\"https:\\\/\\\/letrame.com\\\/catalogo\\\/\"},{\"@type\":\"ListItem\",\"position\":2,\"name\":\"Cat\u00e1logo\",\"item\":\"https:\\\/\\\/letrame.com\\\/catalogo\\\/\"},{\"@type\":\"ListItem\",\"position\":3,\"name\":\"Designios\"}]},{\"@type\":\"WebSite\",\"@id\":\"https:\\\/\\\/letrame.com\\\/catalogo\\\/#website\",\"url\":\"https:\\\/\\\/letrame.com\\\/catalogo\\\/\",\"name\":\"Catalogo | Letrame Grupo Editorial\",\"description\":\"\",\"publisher\":{\"@id\":\"https:\\\/\\\/letrame.com\\\/catalogo\\\/#organization\"},\"potentialAction\":[{\"@type\":\"SearchAction\",\"target\":{\"@type\":\"EntryPoint\",\"urlTemplate\":\"https:\\\/\\\/letrame.com\\\/catalogo\\\/?s={search_term_string}\"},\"query-input\":{\"@type\":\"PropertyValueSpecification\",\"valueRequired\":true,\"valueName\":\"search_term_string\"}}],\"inLanguage\":\"es\"},{\"@type\":\"Organization\",\"@id\":\"https:\\\/\\\/letrame.com\\\/catalogo\\\/#organization\",\"name\":\"Catalogo | Letrame Grupo Editorial\",\"url\":\"https:\\\/\\\/letrame.com\\\/catalogo\\\/\",\"logo\":{\"@type\":\"ImageObject\",\"inLanguage\":\"es\",\"@id\":\"https:\\\/\\\/letrame.com\\\/catalogo\\\/#\\\/schema\\\/logo\\\/image\\\/\",\"url\":\"https:\\\/\\\/letrame.com\\\/catalogo\\\/wp-content\\\/uploads\\\/2024\\\/03\\\/logo2.webp\",\"contentUrl\":\"https:\\\/\\\/letrame.com\\\/catalogo\\\/wp-content\\\/uploads\\\/2024\\\/03\\\/logo2.webp\",\"width\":394,\"height\":128,\"caption\":\"Catalogo | Letrame Grupo Editorial\"},\"image\":{\"@id\":\"https:\\\/\\\/letrame.com\\\/catalogo\\\/#\\\/schema\\\/logo\\\/image\\\/\"}}]}<\/script>\n<!-- \/ Yoast SEO plugin. -->","yoast_head_json":{"title":"Designios - Catalogo | Letrame Grupo Editorial","robots":{"index":"index","follow":"follow","max-snippet":"max-snippet:-1","max-image-preview":"max-image-preview:large","max-video-preview":"max-video-preview:-1"},"canonical":"https:\/\/letrame.com\/catalogo\/producto\/designios\/","og_locale":"es_ES","og_type":"article","og_title":"Designios - Catalogo | Letrame Grupo Editorial","og_description":"ISBN: 978-84-1144-091-2  SINOPSIS  Designios es una historia fuerte; como dicen que escribe el autor. Que, aunque no contiene t\u00e9rminos vulgares, ni lenguaje soez, o lenguaje crudo, ni palabras malsonantes... Est\u00e1 escrita para gente mayor de 16 a\u00f1os.  Es una novela que encierra una historia de drama, pasi\u00f3n y muerte. Enmarcada con el misticismo propio de los habitantes de las monta\u00f1as del estado de Guerrero. Que, mezcladas estas con las Incre\u00edbles sombras provocadas por la densidad boscosa de la sierra y los miedos ancestrales a la muerte que, junto con las drogas y bebidas naturales propias de las monta\u00f1as, pueden jugar \u2014estas mezclas\u2014 con la mente de un hombre, como para llegar a cometer actos atroces.  Pero anteponi\u00e9ndose entre el odio, el amor y la pasi\u00f3n, y ante los designios impuestos por la naturaleza y el hombre y las mujeres mismas, estar\u00e1n como siempre los designios de Dios, quien es el que marca el destino de los hombres y de las mujeres.  Y c\u00f3mo puede el amor filial \u2014en la mayor\u00eda de las veces\u2014 estar muy por encima de un amor apasionado.  Como sucede en esta historia.  Jos\u00e9 Manuel Infante Guevara \u00abBulganin\u00bb","og_url":"https:\/\/letrame.com\/catalogo\/producto\/designios\/","og_site_name":"Catalogo | Letrame Grupo Editorial","article_modified_time":"2024-08-12T08:33:24+00:00","og_image":[{"width":601,"height":881,"url":"https:\/\/letrame.com\/catalogo\/wp-content\/uploads\/2024\/04\/redportada_designios_1076mm-compressed.jpg","type":"image\/jpeg"}],"twitter_card":"summary_large_image","twitter_misc":{"Tiempo de lectura":"2 minutos"},"schema":{"@context":"https:\/\/schema.org","@graph":[{"@type":"WebPage","@id":"https:\/\/letrame.com\/catalogo\/producto\/designios\/","url":"https:\/\/letrame.com\/catalogo\/producto\/designios\/","name":"Designios - Catalogo | Letrame Grupo Editorial","isPartOf":{"@id":"https:\/\/letrame.com\/catalogo\/#website"},"primaryImageOfPage":{"@id":"https:\/\/letrame.com\/catalogo\/producto\/designios\/#primaryimage"},"image":{"@id":"https:\/\/letrame.com\/catalogo\/producto\/designios\/#primaryimage"},"thumbnailUrl":"https:\/\/letrame.com\/catalogo\/wp-content\/uploads\/2024\/04\/redportada_designios_1076mm-compressed.jpg","datePublished":"2024-04-29T12:50:55+00:00","dateModified":"2024-08-12T08:33:24+00:00","breadcrumb":{"@id":"https:\/\/letrame.com\/catalogo\/producto\/designios\/#breadcrumb"},"inLanguage":"es","potentialAction":[{"@type":"ReadAction","target":["https:\/\/letrame.com\/catalogo\/producto\/designios\/"]}]},{"@type":"ImageObject","inLanguage":"es","@id":"https:\/\/letrame.com\/catalogo\/producto\/designios\/#primaryimage","url":"https:\/\/letrame.com\/catalogo\/wp-content\/uploads\/2024\/04\/redportada_designios_1076mm-compressed.jpg","contentUrl":"https:\/\/letrame.com\/catalogo\/wp-content\/uploads\/2024\/04\/redportada_designios_1076mm-compressed.jpg","width":601,"height":881},{"@type":"BreadcrumbList","@id":"https:\/\/letrame.com\/catalogo\/producto\/designios\/#breadcrumb","itemListElement":[{"@type":"ListItem","position":1,"name":"Portada","item":"https:\/\/letrame.com\/catalogo\/"},{"@type":"ListItem","position":2,"name":"Cat\u00e1logo","item":"https:\/\/letrame.com\/catalogo\/"},{"@type":"ListItem","position":3,"name":"Designios"}]},{"@type":"WebSite","@id":"https:\/\/letrame.com\/catalogo\/#website","url":"https:\/\/letrame.com\/catalogo\/","name":"Catalogo | Letrame Grupo Editorial","description":"","publisher":{"@id":"https:\/\/letrame.com\/catalogo\/#organization"},"potentialAction":[{"@type":"SearchAction","target":{"@type":"EntryPoint","urlTemplate":"https:\/\/letrame.com\/catalogo\/?s={search_term_string}"},"query-input":{"@type":"PropertyValueSpecification","valueRequired":true,"valueName":"search_term_string"}}],"inLanguage":"es"},{"@type":"Organization","@id":"https:\/\/letrame.com\/catalogo\/#organization","name":"Catalogo | Letrame Grupo Editorial","url":"https:\/\/letrame.com\/catalogo\/","logo":{"@type":"ImageObject","inLanguage":"es","@id":"https:\/\/letrame.com\/catalogo\/#\/schema\/logo\/image\/","url":"https:\/\/letrame.com\/catalogo\/wp-content\/uploads\/2024\/03\/logo2.webp","contentUrl":"https:\/\/letrame.com\/catalogo\/wp-content\/uploads\/2024\/03\/logo2.webp","width":394,"height":128,"caption":"Catalogo | Letrame Grupo Editorial"},"image":{"@id":"https:\/\/letrame.com\/catalogo\/#\/schema\/logo\/image\/"}}]}},"_links":{"self":[{"href":"https:\/\/letrame.com\/catalogo\/wp-json\/wp\/v2\/product\/98163","targetHints":{"allow":["GET"]}}],"collection":[{"href":"https:\/\/letrame.com\/catalogo\/wp-json\/wp\/v2\/product"}],"about":[{"href":"https:\/\/letrame.com\/catalogo\/wp-json\/wp\/v2\/types\/product"}],"replies":[{"embeddable":true,"href":"https:\/\/letrame.com\/catalogo\/wp-json\/wp\/v2\/comments?post=98163"}],"acf:post":[{"embeddable":true,"href":"https:\/\/letrame.com\/catalogo\/wp-json\/wp\/v2\/author_book\/76896"}],"wp:featuredmedia":[{"embeddable":true,"href":"https:\/\/letrame.com\/catalogo\/wp-json\/wp\/v2\/media\/98164"}],"wp:attachment":[{"href":"https:\/\/letrame.com\/catalogo\/wp-json\/wp\/v2\/media?parent=98163"}],"wp:term":[{"taxonomy":"libro","embeddable":true,"href":"https:\/\/letrame.com\/catalogo\/wp-json\/wp\/v2\/libro?post=98163"},{"taxonomy":"product_brand","embeddable":true,"href":"https:\/\/letrame.com\/catalogo\/wp-json\/wp\/v2\/product_brand?post=98163"},{"taxonomy":"product_cat","embeddable":true,"href":"https:\/\/letrame.com\/catalogo\/wp-json\/wp\/v2\/product_cat?post=98163"},{"taxonomy":"product_tag","embeddable":true,"href":"https:\/\/letrame.com\/catalogo\/wp-json\/wp\/v2\/product_tag?post=98163"}],"curies":[{"name":"wp","href":"https:\/\/api.w.org\/{rel}","templated":true}]}}