{"id":98161,"date":"2024-04-29T14:50:44","date_gmt":"2024-04-29T12:50:44","guid":{"rendered":"https:\/\/letrame.com\/catalogo\/producto\/deseo-prohibido\/"},"modified":"2024-08-12T10:34:14","modified_gmt":"2024-08-12T08:34:14","slug":"deseo-prohibido","status":"publish","type":"product","link":"https:\/\/letrame.com\/catalogo\/producto\/deseo-prohibido\/","title":{"rendered":"Deseo prohibido"},"content":{"rendered":"<p><strong>ISBN<\/strong>: 978-84-1144-255-8<\/p>\n<p><strong>T\u00edtulo<\/strong>: Deseo prohibido<br \/>\n<strong>Fecha<\/strong>: 2022<br \/>\n<strong>P\u00e1ginas<\/strong>: 144<\/p>\n<p><strong>SINOPSIS<\/strong><\/p>\n<p>Oliver Scott es un atractivo y multimillonario heredero del Holding familiar.<\/p>\n<p>Stella Maxwell es una joven reci\u00e9n licenciada en busca de una oportunidad laboral.<\/p>\n<p>Aparentemente no tienen nada en com\u00fan&#8230; \u00bfO s\u00ed?<\/p>\n<p>Un pasado en un orfanato. Unos papeles que dicen que podr\u00edan ser hermanos biol\u00f3gicos. Unas familias totalmente distintas que los adoptaron por separado.<\/p>\n<p>Pero&#8230; \u00bfQu\u00e9 sucede el d\u00eda que Stella acude a la empresa de Oliver en busca de empleo?<\/p>\n<p>Una intensa tensi\u00f3n y un deseo sexual se apodera de ellos.<\/p>\n<p>Ambos son conscientes de la aberraci\u00f3n de esos sentimientos y luchan contra lo qu\u00e9 sienten.<\/p>\n<p>La \u00fanica pregunta es:<\/p>\n<p>\u00bfHasta cu\u00e1ndo podr\u00e1n controlar ese deseo que amenaza con hacerles caer una y otra vez?<\/p>\n<p>Sum\u00e9rgete en esta historia tan s\u00f3rdida como adictiva.<\/p>\n<p>D\u00e9jate seducir por una espiral de sentimientos turbios y sexo expl\u00edcito, en medio de un tira y afloja entre los dos protagonistas.<\/p>\n<p>&nbsp;<\/p>\n","protected":false},"excerpt":{"rendered":"<p><strong>ISBN<\/strong>: 978-84-1144-255-8<\/p>\n<p><strong>SINOPSIS<\/strong><\/p>\n<p>Oliver Scott es un atractivo y multimillonario heredero del Holding familiar.<\/p>\n<p>Stella Maxwell es una joven reci\u00e9n licenciada en busca de una oportunidad laboral.<\/p>\n<p>Aparentemente no tienen nada en com\u00fan&#8230; \u00bfO s\u00ed?<\/p>\n<p>Un pasado en un orfanato. Unos papeles que dicen que podr\u00edan ser hermanos biol\u00f3gicos. Unas familias totalmente distintas que los adoptaron por separado.<\/p>\n<p>Pero&#8230; \u00bfQu\u00e9 sucede el d\u00eda que Stella acude a la empresa de Oliver en busca de empleo?<\/p>\n<p>Una intensa tensi\u00f3n y un deseo sexual se apodera de ellos.<\/p>\n<p>Ambos son conscientes de la aberraci\u00f3n de esos sentimientos y luchan contra lo qu\u00e9 sienten.<\/p>\n<p>La \u00fanica pregunta es:<\/p>\n<p>\u00bfHasta cu\u00e1ndo podr\u00e1n controlar ese deseo que amenaza con hacerles caer una y otra vez?<\/p>\n<p>Sum\u00e9rgete en esta historia tan s\u00f3rdida como adictiva.<\/p>\n<p>D\u00e9jate seducir por una espiral de sentimientos turbios y sexo expl\u00edcito, en medio de un tira y afloja entre los dos protagonistas.<\/p>\n","protected":false},"featured_media":98162,"comment_status":"closed","ping_status":"closed","template":"","meta":{"_acf_changed":false},"libro":[],"product_brand":[],"product_cat":[26],"product_tag":[],"class_list":{"0":"post-98161","1":"product","2":"type-product","3":"status-publish","4":"has-post-thumbnail","6":"product_cat-sin-categoria","8":"first","9":"instock","10":"product-type-simple"},"acf":{"autor":[76671],"enlace_de_compra":"https:\/\/amzn.to\/3WKF5TQ"},"yoast_head":"<!-- This site is optimized with the Yoast SEO plugin v26.6 - https:\/\/yoast.com\/wordpress\/plugins\/seo\/ -->\n<title>Deseo prohibido - Catalogo | Letrame Grupo Editorial<\/title>\n<meta name=\"robots\" content=\"index, follow, max-snippet:-1, max-image-preview:large, max-video-preview:-1\" \/>\n<link rel=\"canonical\" href=\"https:\/\/letrame.com\/catalogo\/producto\/deseo-prohibido\/\" \/>\n<meta property=\"og:locale\" content=\"es_ES\" \/>\n<meta property=\"og:type\" content=\"article\" \/>\n<meta property=\"og:title\" content=\"Deseo prohibido - Catalogo | Letrame Grupo Editorial\" \/>\n<meta property=\"og:description\" content=\"ISBN: 978-84-1144-255-8  SINOPSIS  Oliver Scott es un atractivo y multimillonario heredero del Holding familiar.  Stella Maxwell es una joven reci\u00e9n licenciada en busca de una oportunidad laboral.  Aparentemente no tienen nada en com\u00fan... \u00bfO s\u00ed?  Un pasado en un orfanato. Unos papeles que dicen que podr\u00edan ser hermanos biol\u00f3gicos. Unas familias totalmente distintas que los adoptaron por separado.  Pero... \u00bfQu\u00e9 sucede el d\u00eda que Stella acude a la empresa de Oliver en busca de empleo?  Una intensa tensi\u00f3n y un deseo sexual se apodera de ellos.  Ambos son conscientes de la aberraci\u00f3n de esos sentimientos y luchan contra lo qu\u00e9 sienten.  La \u00fanica pregunta es:  \u00bfHasta cu\u00e1ndo podr\u00e1n controlar ese deseo que amenaza con hacerles caer una y otra vez?  Sum\u00e9rgete en esta historia tan s\u00f3rdida como adictiva.  D\u00e9jate seducir por una espiral de sentimientos turbios y sexo expl\u00edcito, en medio de un tira y afloja entre los dos protagonistas.\" \/>\n<meta property=\"og:url\" content=\"https:\/\/letrame.com\/catalogo\/producto\/deseo-prohibido\/\" \/>\n<meta property=\"og:site_name\" content=\"Catalogo | Letrame Grupo Editorial\" \/>\n<meta property=\"article:modified_time\" content=\"2024-08-12T08:34:14+00:00\" \/>\n<meta property=\"og:image\" content=\"https:\/\/letrame.com\/catalogo\/wp-content\/uploads\/2024\/04\/redportada_deseoprohibido_771mm-compressed.jpg\" \/>\n\t<meta property=\"og:image:width\" content=\"601\" \/>\n\t<meta property=\"og:image:height\" content=\"881\" \/>\n\t<meta property=\"og:image:type\" content=\"image\/jpeg\" \/>\n<meta name=\"twitter:card\" content=\"summary_large_image\" \/>\n<meta name=\"twitter:label1\" content=\"Tiempo de lectura\" \/>\n\t<meta name=\"twitter:data1\" content=\"1 minuto\" \/>\n<script type=\"application\/ld+json\" class=\"yoast-schema-graph\">{\"@context\":\"https:\/\/schema.org\",\"@graph\":[{\"@type\":\"WebPage\",\"@id\":\"https:\/\/letrame.com\/catalogo\/producto\/deseo-prohibido\/\",\"url\":\"https:\/\/letrame.com\/catalogo\/producto\/deseo-prohibido\/\",\"name\":\"Deseo prohibido - Catalogo | Letrame Grupo Editorial\",\"isPartOf\":{\"@id\":\"https:\/\/letrame.com\/catalogo\/#website\"},\"primaryImageOfPage\":{\"@id\":\"https:\/\/letrame.com\/catalogo\/producto\/deseo-prohibido\/#primaryimage\"},\"image\":{\"@id\":\"https:\/\/letrame.com\/catalogo\/producto\/deseo-prohibido\/#primaryimage\"},\"thumbnailUrl\":\"https:\/\/letrame.com\/catalogo\/wp-content\/uploads\/2024\/04\/redportada_deseoprohibido_771mm-compressed.jpg\",\"datePublished\":\"2024-04-29T12:50:44+00:00\",\"dateModified\":\"2024-08-12T08:34:14+00:00\",\"breadcrumb\":{\"@id\":\"https:\/\/letrame.com\/catalogo\/producto\/deseo-prohibido\/#breadcrumb\"},\"inLanguage\":\"es\",\"potentialAction\":[{\"@type\":\"ReadAction\",\"target\":[\"https:\/\/letrame.com\/catalogo\/producto\/deseo-prohibido\/\"]}]},{\"@type\":\"ImageObject\",\"inLanguage\":\"es\",\"@id\":\"https:\/\/letrame.com\/catalogo\/producto\/deseo-prohibido\/#primaryimage\",\"url\":\"https:\/\/letrame.com\/catalogo\/wp-content\/uploads\/2024\/04\/redportada_deseoprohibido_771mm-compressed.jpg\",\"contentUrl\":\"https:\/\/letrame.com\/catalogo\/wp-content\/uploads\/2024\/04\/redportada_deseoprohibido_771mm-compressed.jpg\",\"width\":601,\"height\":881},{\"@type\":\"BreadcrumbList\",\"@id\":\"https:\/\/letrame.com\/catalogo\/producto\/deseo-prohibido\/#breadcrumb\",\"itemListElement\":[{\"@type\":\"ListItem\",\"position\":1,\"name\":\"Portada\",\"item\":\"https:\/\/letrame.com\/catalogo\/\"},{\"@type\":\"ListItem\",\"position\":2,\"name\":\"Cat\u00e1logo\",\"item\":\"https:\/\/letrame.com\/catalogo\/\"},{\"@type\":\"ListItem\",\"position\":3,\"name\":\"Deseo prohibido\"}]},{\"@type\":\"WebSite\",\"@id\":\"https:\/\/letrame.com\/catalogo\/#website\",\"url\":\"https:\/\/letrame.com\/catalogo\/\",\"name\":\"Catalogo | Letrame Grupo Editorial\",\"description\":\"\",\"publisher\":{\"@id\":\"https:\/\/letrame.com\/catalogo\/#organization\"},\"potentialAction\":[{\"@type\":\"SearchAction\",\"target\":{\"@type\":\"EntryPoint\",\"urlTemplate\":\"https:\/\/letrame.com\/catalogo\/?s={search_term_string}\"},\"query-input\":{\"@type\":\"PropertyValueSpecification\",\"valueRequired\":true,\"valueName\":\"search_term_string\"}}],\"inLanguage\":\"es\"},{\"@type\":\"Organization\",\"@id\":\"https:\/\/letrame.com\/catalogo\/#organization\",\"name\":\"Catalogo | Letrame Grupo Editorial\",\"url\":\"https:\/\/letrame.com\/catalogo\/\",\"logo\":{\"@type\":\"ImageObject\",\"inLanguage\":\"es\",\"@id\":\"https:\/\/letrame.com\/catalogo\/#\/schema\/logo\/image\/\",\"url\":\"https:\/\/letrame.com\/catalogo\/wp-content\/uploads\/2024\/03\/logo2.webp\",\"contentUrl\":\"https:\/\/letrame.com\/catalogo\/wp-content\/uploads\/2024\/03\/logo2.webp\",\"width\":394,\"height\":128,\"caption\":\"Catalogo | Letrame Grupo Editorial\"},\"image\":{\"@id\":\"https:\/\/letrame.com\/catalogo\/#\/schema\/logo\/image\/\"}}]}<\/script>\n<!-- \/ Yoast SEO plugin. -->","yoast_head_json":{"title":"Deseo prohibido - Catalogo | Letrame Grupo Editorial","robots":{"index":"index","follow":"follow","max-snippet":"max-snippet:-1","max-image-preview":"max-image-preview:large","max-video-preview":"max-video-preview:-1"},"canonical":"https:\/\/letrame.com\/catalogo\/producto\/deseo-prohibido\/","og_locale":"es_ES","og_type":"article","og_title":"Deseo prohibido - Catalogo | Letrame Grupo Editorial","og_description":"ISBN: 978-84-1144-255-8  SINOPSIS  Oliver Scott es un atractivo y multimillonario heredero del Holding familiar.  Stella Maxwell es una joven reci\u00e9n licenciada en busca de una oportunidad laboral.  Aparentemente no tienen nada en com\u00fan... \u00bfO s\u00ed?  Un pasado en un orfanato. Unos papeles que dicen que podr\u00edan ser hermanos biol\u00f3gicos. Unas familias totalmente distintas que los adoptaron por separado.  Pero... \u00bfQu\u00e9 sucede el d\u00eda que Stella acude a la empresa de Oliver en busca de empleo?  Una intensa tensi\u00f3n y un deseo sexual se apodera de ellos.  Ambos son conscientes de la aberraci\u00f3n de esos sentimientos y luchan contra lo qu\u00e9 sienten.  La \u00fanica pregunta es:  \u00bfHasta cu\u00e1ndo podr\u00e1n controlar ese deseo que amenaza con hacerles caer una y otra vez?  Sum\u00e9rgete en esta historia tan s\u00f3rdida como adictiva.  D\u00e9jate seducir por una espiral de sentimientos turbios y sexo expl\u00edcito, en medio de un tira y afloja entre los dos protagonistas.","og_url":"https:\/\/letrame.com\/catalogo\/producto\/deseo-prohibido\/","og_site_name":"Catalogo | Letrame Grupo Editorial","article_modified_time":"2024-08-12T08:34:14+00:00","og_image":[{"width":601,"height":881,"url":"https:\/\/letrame.com\/catalogo\/wp-content\/uploads\/2024\/04\/redportada_deseoprohibido_771mm-compressed.jpg","type":"image\/jpeg"}],"twitter_card":"summary_large_image","twitter_misc":{"Tiempo de lectura":"1 minuto"},"schema":{"@context":"https:\/\/schema.org","@graph":[{"@type":"WebPage","@id":"https:\/\/letrame.com\/catalogo\/producto\/deseo-prohibido\/","url":"https:\/\/letrame.com\/catalogo\/producto\/deseo-prohibido\/","name":"Deseo prohibido - Catalogo | Letrame Grupo Editorial","isPartOf":{"@id":"https:\/\/letrame.com\/catalogo\/#website"},"primaryImageOfPage":{"@id":"https:\/\/letrame.com\/catalogo\/producto\/deseo-prohibido\/#primaryimage"},"image":{"@id":"https:\/\/letrame.com\/catalogo\/producto\/deseo-prohibido\/#primaryimage"},"thumbnailUrl":"https:\/\/letrame.com\/catalogo\/wp-content\/uploads\/2024\/04\/redportada_deseoprohibido_771mm-compressed.jpg","datePublished":"2024-04-29T12:50:44+00:00","dateModified":"2024-08-12T08:34:14+00:00","breadcrumb":{"@id":"https:\/\/letrame.com\/catalogo\/producto\/deseo-prohibido\/#breadcrumb"},"inLanguage":"es","potentialAction":[{"@type":"ReadAction","target":["https:\/\/letrame.com\/catalogo\/producto\/deseo-prohibido\/"]}]},{"@type":"ImageObject","inLanguage":"es","@id":"https:\/\/letrame.com\/catalogo\/producto\/deseo-prohibido\/#primaryimage","url":"https:\/\/letrame.com\/catalogo\/wp-content\/uploads\/2024\/04\/redportada_deseoprohibido_771mm-compressed.jpg","contentUrl":"https:\/\/letrame.com\/catalogo\/wp-content\/uploads\/2024\/04\/redportada_deseoprohibido_771mm-compressed.jpg","width":601,"height":881},{"@type":"BreadcrumbList","@id":"https:\/\/letrame.com\/catalogo\/producto\/deseo-prohibido\/#breadcrumb","itemListElement":[{"@type":"ListItem","position":1,"name":"Portada","item":"https:\/\/letrame.com\/catalogo\/"},{"@type":"ListItem","position":2,"name":"Cat\u00e1logo","item":"https:\/\/letrame.com\/catalogo\/"},{"@type":"ListItem","position":3,"name":"Deseo prohibido"}]},{"@type":"WebSite","@id":"https:\/\/letrame.com\/catalogo\/#website","url":"https:\/\/letrame.com\/catalogo\/","name":"Catalogo | Letrame Grupo Editorial","description":"","publisher":{"@id":"https:\/\/letrame.com\/catalogo\/#organization"},"potentialAction":[{"@type":"SearchAction","target":{"@type":"EntryPoint","urlTemplate":"https:\/\/letrame.com\/catalogo\/?s={search_term_string}"},"query-input":{"@type":"PropertyValueSpecification","valueRequired":true,"valueName":"search_term_string"}}],"inLanguage":"es"},{"@type":"Organization","@id":"https:\/\/letrame.com\/catalogo\/#organization","name":"Catalogo | Letrame Grupo Editorial","url":"https:\/\/letrame.com\/catalogo\/","logo":{"@type":"ImageObject","inLanguage":"es","@id":"https:\/\/letrame.com\/catalogo\/#\/schema\/logo\/image\/","url":"https:\/\/letrame.com\/catalogo\/wp-content\/uploads\/2024\/03\/logo2.webp","contentUrl":"https:\/\/letrame.com\/catalogo\/wp-content\/uploads\/2024\/03\/logo2.webp","width":394,"height":128,"caption":"Catalogo | Letrame Grupo Editorial"},"image":{"@id":"https:\/\/letrame.com\/catalogo\/#\/schema\/logo\/image\/"}}]}},"_links":{"self":[{"href":"https:\/\/letrame.com\/catalogo\/wp-json\/wp\/v2\/product\/98161","targetHints":{"allow":["GET"]}}],"collection":[{"href":"https:\/\/letrame.com\/catalogo\/wp-json\/wp\/v2\/product"}],"about":[{"href":"https:\/\/letrame.com\/catalogo\/wp-json\/wp\/v2\/types\/product"}],"replies":[{"embeddable":true,"href":"https:\/\/letrame.com\/catalogo\/wp-json\/wp\/v2\/comments?post=98161"}],"acf:post":[{"embeddable":true,"href":"https:\/\/letrame.com\/catalogo\/wp-json\/wp\/v2\/author_book\/76671"}],"wp:featuredmedia":[{"embeddable":true,"href":"https:\/\/letrame.com\/catalogo\/wp-json\/wp\/v2\/media\/98162"}],"wp:attachment":[{"href":"https:\/\/letrame.com\/catalogo\/wp-json\/wp\/v2\/media?parent=98161"}],"wp:term":[{"taxonomy":"libro","embeddable":true,"href":"https:\/\/letrame.com\/catalogo\/wp-json\/wp\/v2\/libro?post=98161"},{"taxonomy":"product_brand","embeddable":true,"href":"https:\/\/letrame.com\/catalogo\/wp-json\/wp\/v2\/product_brand?post=98161"},{"taxonomy":"product_cat","embeddable":true,"href":"https:\/\/letrame.com\/catalogo\/wp-json\/wp\/v2\/product_cat?post=98161"},{"taxonomy":"product_tag","embeddable":true,"href":"https:\/\/letrame.com\/catalogo\/wp-json\/wp\/v2\/product_tag?post=98161"}],"curies":[{"name":"wp","href":"https:\/\/api.w.org\/{rel}","templated":true}]}}