{"id":98149,"date":"2024-04-29T14:50:23","date_gmt":"2024-04-29T12:50:23","guid":{"rendered":"https:\/\/letrame.com\/catalogo\/producto\/por-que-no-te-pegas-un-tiro\/"},"modified":"2024-08-12T10:39:12","modified_gmt":"2024-08-12T08:39:12","slug":"por-que-no-te-pegas-un-tiro","status":"publish","type":"product","link":"https:\/\/letrame.com\/catalogo\/producto\/por-que-no-te-pegas-un-tiro\/","title":{"rendered":"\u00bfPor qu\u00e9 no te pegas un tiro?"},"content":{"rendered":"<p><strong>ISBN<\/strong>: 978-84-1114-868-9<\/p>\n<p><strong>T\u00edtulo<\/strong>: \u00bfPor qu\u00e9 no te pegas un tiro?<br \/>\n<strong>Fecha<\/strong>: 2022<br \/>\n<strong>P\u00e1ginas<\/strong>: 420<\/p>\n<p><strong>SINOPSIS<\/strong><\/p>\n<div dir=\"auto\"><b>QUIEN ESCRIBE, SE BUSCA; Y, EN ALG\u00daN MOMENTO, SE ENCUENTRA, PARA VIVIR DE VERDAD.<\/b><\/div>\n<div dir=\"auto\"><\/div>\n<div dir=\"auto\">Comprend\u00ed, despu\u00e9s de un complejo recorrido, que mi fortaleza se hab\u00eda convertido en mi m\u00e1s grande debilidad y potencial amenaza luego de descubrir que toda mi vida tuve metas claras con un objetivo desenfocado. En un punto visualic\u00e9 la oportunidad de renacer con verdadero sentido y prop\u00f3sito; ordenando mis pensamientos y sentimientos, concentrado en lo importante de la vida. Como consecuencia, mi ansiedad empez\u00f3 a bajar gracias a que mi inquieto esp\u00edritu va aprendiendo a cumplir su misi\u00f3n:<\/div>\n<div dir=\"auto\">DEJARME AMAR POR DIOS.<\/div>\n","protected":false},"excerpt":{"rendered":"<p><strong>ISBN<\/strong>: 978-84-1114-868-9<\/p>\n<p><strong>SINOPSIS<\/strong><\/p>\n<div dir=\"auto\"><b>QUIEN ESCRIBE, SE BUSCA; Y, EN ALG\u00daN MOMENTO, SE ENCUENTRA, PARA VIVIR DE VERDAD.<\/b><\/div>\n<div dir=\"auto\"><\/div>\n<div dir=\"auto\">Comprend\u00ed, despu\u00e9s de un complejo recorrido, que mi fortaleza se hab\u00eda convertido en mi m\u00e1s grande debilidad y potencial amenaza luego de descubrir que toda mi vida tuve metas claras con un objetivo desenfocado. En un punto visualic\u00e9 la oportunidad de renacer con verdadero sentido y prop\u00f3sito; ordenando mis pensamientos y sentimientos, concentrado en lo importante de la vida. Como consecuencia, mi ansiedad empez\u00f3 a bajar gracias a que mi inquieto esp\u00edritu va aprendiendo a cumplir su misi\u00f3n:<\/div>\n<div dir=\"auto\"><i>DEJARME AMAR POR DIOS<\/i>.<\/div>\n","protected":false},"featured_media":98150,"comment_status":"closed","ping_status":"closed","template":"","meta":{"_acf_changed":false},"libro":[],"product_brand":[],"product_cat":[18],"product_tag":[],"class_list":{"0":"post-98149","1":"product","2":"type-product","3":"status-publish","4":"has-post-thumbnail","6":"product_cat-autoayuda","8":"first","9":"instock","10":"purchasable","11":"product-type-simple"},"acf":{"autor":[76776],"enlace_de_compra":"https:\/\/amzn.to\/3X1etj9"},"yoast_head":"<!-- This site is optimized with the Yoast SEO plugin v27.4 - https:\/\/yoast.com\/product\/yoast-seo-wordpress\/ -->\n<title>\u00bfPor qu\u00e9 no te pegas un tiro? - Catalogo | Letrame Grupo Editorial<\/title>\n<meta name=\"robots\" content=\"index, follow, max-snippet:-1, max-image-preview:large, max-video-preview:-1\" \/>\n<link rel=\"canonical\" href=\"https:\/\/letrame.com\/catalogo\/producto\/por-que-no-te-pegas-un-tiro\/\" \/>\n<meta property=\"og:locale\" content=\"es_ES\" \/>\n<meta property=\"og:type\" content=\"article\" \/>\n<meta property=\"og:title\" content=\"\u00bfPor qu\u00e9 no te pegas un tiro? - Catalogo | Letrame Grupo Editorial\" \/>\n<meta property=\"og:description\" content=\"ISBN: 978-84-1114-868-9  SINOPSIS QUIEN ESCRIBE, SE BUSCA; Y, EN ALG\u00daN MOMENTO, SE ENCUENTRA, PARA VIVIR DE VERDAD.  Comprend\u00ed, despu\u00e9s de un complejo recorrido, que mi fortaleza se hab\u00eda convertido en mi m\u00e1s grande debilidad y potencial amenaza luego de descubrir que toda mi vida tuve metas claras con un objetivo desenfocado. En un punto visualic\u00e9 la oportunidad de renacer con verdadero sentido y prop\u00f3sito; ordenando mis pensamientos y sentimientos, concentrado en lo importante de la vida. Como consecuencia, mi ansiedad empez\u00f3 a bajar gracias a que mi inquieto esp\u00edritu va aprendiendo a cumplir su misi\u00f3n: DEJARME AMAR POR DIOS.\" \/>\n<meta property=\"og:url\" content=\"https:\/\/letrame.com\/catalogo\/producto\/por-que-no-te-pegas-un-tiro\/\" \/>\n<meta property=\"og:site_name\" content=\"Catalogo | Letrame Grupo Editorial\" \/>\n<meta property=\"article:modified_time\" content=\"2024-08-12T08:39:12+00:00\" \/>\n<meta property=\"og:image\" content=\"https:\/\/letrame.com\/catalogo\/wp-content\/uploads\/2024\/04\/redportada_porquenotepegas_2044mm-1.jpg\" \/>\n\t<meta property=\"og:image:width\" content=\"601\" \/>\n\t<meta property=\"og:image:height\" content=\"881\" \/>\n\t<meta property=\"og:image:type\" content=\"image\/jpeg\" \/>\n<meta name=\"twitter:card\" content=\"summary_large_image\" \/>\n<meta name=\"twitter:label1\" content=\"Tiempo de lectura\" \/>\n\t<meta name=\"twitter:data1\" content=\"1 minuto\" \/>\n<script type=\"application\/ld+json\" class=\"yoast-schema-graph\">{\"@context\":\"https:\\\/\\\/schema.org\",\"@graph\":[{\"@type\":\"WebPage\",\"@id\":\"https:\\\/\\\/letrame.com\\\/catalogo\\\/producto\\\/por-que-no-te-pegas-un-tiro\\\/\",\"url\":\"https:\\\/\\\/letrame.com\\\/catalogo\\\/producto\\\/por-que-no-te-pegas-un-tiro\\\/\",\"name\":\"\u00bfPor qu\u00e9 no te pegas un tiro? - Catalogo | Letrame Grupo Editorial\",\"isPartOf\":{\"@id\":\"https:\\\/\\\/letrame.com\\\/catalogo\\\/#website\"},\"primaryImageOfPage\":{\"@id\":\"https:\\\/\\\/letrame.com\\\/catalogo\\\/producto\\\/por-que-no-te-pegas-un-tiro\\\/#primaryimage\"},\"image\":{\"@id\":\"https:\\\/\\\/letrame.com\\\/catalogo\\\/producto\\\/por-que-no-te-pegas-un-tiro\\\/#primaryimage\"},\"thumbnailUrl\":\"https:\\\/\\\/letrame.com\\\/catalogo\\\/wp-content\\\/uploads\\\/2024\\\/04\\\/redportada_porquenotepegas_2044mm-1.jpg\",\"datePublished\":\"2024-04-29T12:50:23+00:00\",\"dateModified\":\"2024-08-12T08:39:12+00:00\",\"breadcrumb\":{\"@id\":\"https:\\\/\\\/letrame.com\\\/catalogo\\\/producto\\\/por-que-no-te-pegas-un-tiro\\\/#breadcrumb\"},\"inLanguage\":\"es\",\"potentialAction\":[{\"@type\":\"ReadAction\",\"target\":[\"https:\\\/\\\/letrame.com\\\/catalogo\\\/producto\\\/por-que-no-te-pegas-un-tiro\\\/\"]}]},{\"@type\":\"ImageObject\",\"inLanguage\":\"es\",\"@id\":\"https:\\\/\\\/letrame.com\\\/catalogo\\\/producto\\\/por-que-no-te-pegas-un-tiro\\\/#primaryimage\",\"url\":\"https:\\\/\\\/letrame.com\\\/catalogo\\\/wp-content\\\/uploads\\\/2024\\\/04\\\/redportada_porquenotepegas_2044mm-1.jpg\",\"contentUrl\":\"https:\\\/\\\/letrame.com\\\/catalogo\\\/wp-content\\\/uploads\\\/2024\\\/04\\\/redportada_porquenotepegas_2044mm-1.jpg\",\"width\":601,\"height\":881},{\"@type\":\"BreadcrumbList\",\"@id\":\"https:\\\/\\\/letrame.com\\\/catalogo\\\/producto\\\/por-que-no-te-pegas-un-tiro\\\/#breadcrumb\",\"itemListElement\":[{\"@type\":\"ListItem\",\"position\":1,\"name\":\"Portada\",\"item\":\"https:\\\/\\\/letrame.com\\\/catalogo\\\/\"},{\"@type\":\"ListItem\",\"position\":2,\"name\":\"Cat\u00e1logo\",\"item\":\"https:\\\/\\\/letrame.com\\\/catalogo\\\/\"},{\"@type\":\"ListItem\",\"position\":3,\"name\":\"\u00bfPor qu\u00e9 no te pegas un tiro?\"}]},{\"@type\":\"WebSite\",\"@id\":\"https:\\\/\\\/letrame.com\\\/catalogo\\\/#website\",\"url\":\"https:\\\/\\\/letrame.com\\\/catalogo\\\/\",\"name\":\"Catalogo | Letrame Grupo Editorial\",\"description\":\"\",\"publisher\":{\"@id\":\"https:\\\/\\\/letrame.com\\\/catalogo\\\/#organization\"},\"potentialAction\":[{\"@type\":\"SearchAction\",\"target\":{\"@type\":\"EntryPoint\",\"urlTemplate\":\"https:\\\/\\\/letrame.com\\\/catalogo\\\/?s={search_term_string}\"},\"query-input\":{\"@type\":\"PropertyValueSpecification\",\"valueRequired\":true,\"valueName\":\"search_term_string\"}}],\"inLanguage\":\"es\"},{\"@type\":\"Organization\",\"@id\":\"https:\\\/\\\/letrame.com\\\/catalogo\\\/#organization\",\"name\":\"Catalogo | Letrame Grupo Editorial\",\"url\":\"https:\\\/\\\/letrame.com\\\/catalogo\\\/\",\"logo\":{\"@type\":\"ImageObject\",\"inLanguage\":\"es\",\"@id\":\"https:\\\/\\\/letrame.com\\\/catalogo\\\/#\\\/schema\\\/logo\\\/image\\\/\",\"url\":\"https:\\\/\\\/letrame.com\\\/catalogo\\\/wp-content\\\/uploads\\\/2024\\\/03\\\/logo2.webp\",\"contentUrl\":\"https:\\\/\\\/letrame.com\\\/catalogo\\\/wp-content\\\/uploads\\\/2024\\\/03\\\/logo2.webp\",\"width\":394,\"height\":128,\"caption\":\"Catalogo | Letrame Grupo Editorial\"},\"image\":{\"@id\":\"https:\\\/\\\/letrame.com\\\/catalogo\\\/#\\\/schema\\\/logo\\\/image\\\/\"}}]}<\/script>\n<!-- \/ Yoast SEO plugin. -->","yoast_head_json":{"title":"\u00bfPor qu\u00e9 no te pegas un tiro? - Catalogo | Letrame Grupo Editorial","robots":{"index":"index","follow":"follow","max-snippet":"max-snippet:-1","max-image-preview":"max-image-preview:large","max-video-preview":"max-video-preview:-1"},"canonical":"https:\/\/letrame.com\/catalogo\/producto\/por-que-no-te-pegas-un-tiro\/","og_locale":"es_ES","og_type":"article","og_title":"\u00bfPor qu\u00e9 no te pegas un tiro? - Catalogo | Letrame Grupo Editorial","og_description":"ISBN: 978-84-1114-868-9  SINOPSIS QUIEN ESCRIBE, SE BUSCA; Y, EN ALG\u00daN MOMENTO, SE ENCUENTRA, PARA VIVIR DE VERDAD.  Comprend\u00ed, despu\u00e9s de un complejo recorrido, que mi fortaleza se hab\u00eda convertido en mi m\u00e1s grande debilidad y potencial amenaza luego de descubrir que toda mi vida tuve metas claras con un objetivo desenfocado. En un punto visualic\u00e9 la oportunidad de renacer con verdadero sentido y prop\u00f3sito; ordenando mis pensamientos y sentimientos, concentrado en lo importante de la vida. Como consecuencia, mi ansiedad empez\u00f3 a bajar gracias a que mi inquieto esp\u00edritu va aprendiendo a cumplir su misi\u00f3n: DEJARME AMAR POR DIOS.","og_url":"https:\/\/letrame.com\/catalogo\/producto\/por-que-no-te-pegas-un-tiro\/","og_site_name":"Catalogo | Letrame Grupo Editorial","article_modified_time":"2024-08-12T08:39:12+00:00","og_image":[{"width":601,"height":881,"url":"https:\/\/letrame.com\/catalogo\/wp-content\/uploads\/2024\/04\/redportada_porquenotepegas_2044mm-1.jpg","type":"image\/jpeg"}],"twitter_card":"summary_large_image","twitter_misc":{"Tiempo de lectura":"1 minuto"},"schema":{"@context":"https:\/\/schema.org","@graph":[{"@type":"WebPage","@id":"https:\/\/letrame.com\/catalogo\/producto\/por-que-no-te-pegas-un-tiro\/","url":"https:\/\/letrame.com\/catalogo\/producto\/por-que-no-te-pegas-un-tiro\/","name":"\u00bfPor qu\u00e9 no te pegas un tiro? - Catalogo | Letrame Grupo Editorial","isPartOf":{"@id":"https:\/\/letrame.com\/catalogo\/#website"},"primaryImageOfPage":{"@id":"https:\/\/letrame.com\/catalogo\/producto\/por-que-no-te-pegas-un-tiro\/#primaryimage"},"image":{"@id":"https:\/\/letrame.com\/catalogo\/producto\/por-que-no-te-pegas-un-tiro\/#primaryimage"},"thumbnailUrl":"https:\/\/letrame.com\/catalogo\/wp-content\/uploads\/2024\/04\/redportada_porquenotepegas_2044mm-1.jpg","datePublished":"2024-04-29T12:50:23+00:00","dateModified":"2024-08-12T08:39:12+00:00","breadcrumb":{"@id":"https:\/\/letrame.com\/catalogo\/producto\/por-que-no-te-pegas-un-tiro\/#breadcrumb"},"inLanguage":"es","potentialAction":[{"@type":"ReadAction","target":["https:\/\/letrame.com\/catalogo\/producto\/por-que-no-te-pegas-un-tiro\/"]}]},{"@type":"ImageObject","inLanguage":"es","@id":"https:\/\/letrame.com\/catalogo\/producto\/por-que-no-te-pegas-un-tiro\/#primaryimage","url":"https:\/\/letrame.com\/catalogo\/wp-content\/uploads\/2024\/04\/redportada_porquenotepegas_2044mm-1.jpg","contentUrl":"https:\/\/letrame.com\/catalogo\/wp-content\/uploads\/2024\/04\/redportada_porquenotepegas_2044mm-1.jpg","width":601,"height":881},{"@type":"BreadcrumbList","@id":"https:\/\/letrame.com\/catalogo\/producto\/por-que-no-te-pegas-un-tiro\/#breadcrumb","itemListElement":[{"@type":"ListItem","position":1,"name":"Portada","item":"https:\/\/letrame.com\/catalogo\/"},{"@type":"ListItem","position":2,"name":"Cat\u00e1logo","item":"https:\/\/letrame.com\/catalogo\/"},{"@type":"ListItem","position":3,"name":"\u00bfPor qu\u00e9 no te pegas un tiro?"}]},{"@type":"WebSite","@id":"https:\/\/letrame.com\/catalogo\/#website","url":"https:\/\/letrame.com\/catalogo\/","name":"Catalogo | Letrame Grupo Editorial","description":"","publisher":{"@id":"https:\/\/letrame.com\/catalogo\/#organization"},"potentialAction":[{"@type":"SearchAction","target":{"@type":"EntryPoint","urlTemplate":"https:\/\/letrame.com\/catalogo\/?s={search_term_string}"},"query-input":{"@type":"PropertyValueSpecification","valueRequired":true,"valueName":"search_term_string"}}],"inLanguage":"es"},{"@type":"Organization","@id":"https:\/\/letrame.com\/catalogo\/#organization","name":"Catalogo | Letrame Grupo Editorial","url":"https:\/\/letrame.com\/catalogo\/","logo":{"@type":"ImageObject","inLanguage":"es","@id":"https:\/\/letrame.com\/catalogo\/#\/schema\/logo\/image\/","url":"https:\/\/letrame.com\/catalogo\/wp-content\/uploads\/2024\/03\/logo2.webp","contentUrl":"https:\/\/letrame.com\/catalogo\/wp-content\/uploads\/2024\/03\/logo2.webp","width":394,"height":128,"caption":"Catalogo | Letrame Grupo Editorial"},"image":{"@id":"https:\/\/letrame.com\/catalogo\/#\/schema\/logo\/image\/"}}]}},"_links":{"self":[{"href":"https:\/\/letrame.com\/catalogo\/wp-json\/wp\/v2\/product\/98149","targetHints":{"allow":["GET"]}}],"collection":[{"href":"https:\/\/letrame.com\/catalogo\/wp-json\/wp\/v2\/product"}],"about":[{"href":"https:\/\/letrame.com\/catalogo\/wp-json\/wp\/v2\/types\/product"}],"replies":[{"embeddable":true,"href":"https:\/\/letrame.com\/catalogo\/wp-json\/wp\/v2\/comments?post=98149"}],"acf:post":[{"embeddable":true,"href":"https:\/\/letrame.com\/catalogo\/wp-json\/wp\/v2\/author_book\/76776"}],"wp:featuredmedia":[{"embeddable":true,"href":"https:\/\/letrame.com\/catalogo\/wp-json\/wp\/v2\/media\/98150"}],"wp:attachment":[{"href":"https:\/\/letrame.com\/catalogo\/wp-json\/wp\/v2\/media?parent=98149"}],"wp:term":[{"taxonomy":"libro","embeddable":true,"href":"https:\/\/letrame.com\/catalogo\/wp-json\/wp\/v2\/libro?post=98149"},{"taxonomy":"product_brand","embeddable":true,"href":"https:\/\/letrame.com\/catalogo\/wp-json\/wp\/v2\/product_brand?post=98149"},{"taxonomy":"product_cat","embeddable":true,"href":"https:\/\/letrame.com\/catalogo\/wp-json\/wp\/v2\/product_cat?post=98149"},{"taxonomy":"product_tag","embeddable":true,"href":"https:\/\/letrame.com\/catalogo\/wp-json\/wp\/v2\/product_tag?post=98149"}],"curies":[{"name":"wp","href":"https:\/\/api.w.org\/{rel}","templated":true}]}}