{"id":98141,"date":"2024-04-29T14:50:12","date_gmt":"2024-04-29T12:50:12","guid":{"rendered":"https:\/\/letrame.com\/catalogo\/producto\/xardins-de-ourense\/"},"modified":"2024-04-29T14:50:15","modified_gmt":"2024-04-29T12:50:15","slug":"xardins-de-ourense","status":"publish","type":"product","link":"https:\/\/letrame.com\/catalogo\/producto\/xardins-de-ourense\/","title":{"rendered":"Xard\u00edns de Ourense"},"content":{"rendered":"<p><strong>ISBN<\/strong>: 978-84-1114-696-8<\/p>\n<p><strong>T\u00edtulo<\/strong>: <span data-sheets-value=\"{&quot;1&quot;:2,&quot;2&quot;:&quot;Xard\u00edns de Ourense&quot;}\" data-sheets-userformat=\"{&quot;2&quot;:515,&quot;3&quot;:{&quot;1&quot;:0},&quot;4&quot;:{&quot;1&quot;:2,&quot;2&quot;:14281427},&quot;12&quot;:0}\">Xard\u00edns de Ourense<\/span><br \/>\n<strong>Fecha<\/strong>: 2022<br \/>\n<strong>P\u00e1ginas<\/strong>: 252<\/p>\n<p><strong>SINOPSIS<\/strong><\/p>\n<p>A historia da xardi\u00f1er\u00eda na cidade de Ourense at\u00f3pase vencellada \u00e1 existencia de fincas r\u00fasticas e leiras adicadas tanto \u00e1 agricultura como a gander\u00eda. Co paso do tempo mailo crecemento poboacional, ca consecuencia da ergueita de novas edificaci\u00f3ns, foron merm\u00e1ndose os espazos verdes existentes reducindose aqueles lugares noutrora limpos de contaminaci\u00f3n.<\/p>\n<p>O aumento da poboaci\u00f3n actual fundamentalmente, nas grandes urbes, ao que se suma o incremento do parque automobil\u00edstico creou a necesidade de aumentar as zonas verdes sendo os xard\u00edns verdadeiros pulm\u00f3ns naturais dos seus habitantes.<\/p>\n<p>Os xard\u00edns e parques naturais constit\u00faen a mellor tarxeta de identidade dunha cidade, constitu\u00edndo verdadeiros refuxos de paz limpos de contaminaci\u00f3n que garanten de modo eficaz a boa sa\u00fade dos seus moradores.<\/p>\n<p>&nbsp;<\/p>\n","protected":false},"excerpt":{"rendered":"<p><strong>ISBN<\/strong>: 978-84-1114-696-8<\/p>\n<p><strong>SINOPSIS<\/strong><\/p>\n<p>A historia da xardi\u00f1er\u00eda na cidade de Ourense at\u00f3pase vencellada \u00e1 existencia de fincas r\u00fasticas e leiras adicadas tanto \u00e1 agricultura como a gander\u00eda. Co paso do tempo mailo crecemento poboacional, ca consecuencia da ergueita de novas edificaci\u00f3ns, foron merm\u00e1ndose os espazos verdes existentes reducindose aqueles lugares noutrora limpos de contaminaci\u00f3n.<\/p>\n<p>O aumento da poboaci\u00f3n actual fundamentalmente, nas grandes urbes, ao que se suma o incremento do parque automobil\u00edstico creou a necesidade de aumentar as zonas verdes sendo os xard\u00edns verdadeiros pulm\u00f3ns naturais dos seus habitantes.<\/p>\n<p>Os xard\u00edns e parques naturais constit\u00faen a mellor tarxeta de identidade dunha cidade, constitu\u00edndo verdadeiros refuxos de paz limpos de contaminaci\u00f3n que garanten de modo eficaz a boa sa\u00fade dos seus moradores.<\/p>\n","protected":false},"featured_media":98142,"comment_status":"closed","ping_status":"open","template":"","meta":{"_acf_changed":false},"libro":[],"product_brand":[],"product_cat":[26],"product_tag":[],"class_list":{"0":"post-98141","1":"product","2":"type-product","3":"status-publish","4":"has-post-thumbnail","6":"product_cat-sin-categoria","8":"first","9":"instock","10":"product-type-simple"},"acf":{"autor":[76658],"enlace_de_compra":""},"yoast_head":"<!-- This site is optimized with the Yoast SEO plugin v26.6 - https:\/\/yoast.com\/wordpress\/plugins\/seo\/ -->\n<title>Xard\u00edns de Ourense - Catalogo | Letrame Grupo Editorial<\/title>\n<meta name=\"robots\" content=\"index, follow, max-snippet:-1, max-image-preview:large, max-video-preview:-1\" \/>\n<link rel=\"canonical\" href=\"https:\/\/letrame.com\/catalogo\/producto\/xardins-de-ourense\/\" \/>\n<meta property=\"og:locale\" content=\"es_ES\" \/>\n<meta property=\"og:type\" content=\"article\" \/>\n<meta property=\"og:title\" content=\"Xard\u00edns de Ourense - Catalogo | Letrame Grupo Editorial\" \/>\n<meta property=\"og:description\" content=\"ISBN: 978-84-1114-696-8 SINOPSIS A historia da xardi\u00f1er\u00eda na cidade de Ourense at\u00f3pase vencellada \u00e1 existencia de fincas r\u00fasticas e leiras adicadas tanto \u00e1 agricultura como a gander\u00eda. Co paso do tempo mailo crecemento poboacional, ca consecuencia da ergueita de novas edificaci\u00f3ns, foron merm\u00e1ndose os espazos verdes existentes reducindose aqueles lugares noutrora limpos de contaminaci\u00f3n. O aumento da poboaci\u00f3n actual fundamentalmente, nas grandes urbes, ao que se suma o incremento do parque automobil\u00edstico creou a necesidade de aumentar as zonas verdes sendo os xard\u00edns verdadeiros pulm\u00f3ns naturais dos seus habitantes. Os xard\u00edns e parques naturais constit\u00faen a mellor tarxeta de identidade dunha cidade, constitu\u00edndo verdadeiros refuxos de paz limpos de contaminaci\u00f3n que garanten de modo eficaz a boa sa\u00fade dos seus moradores.\" \/>\n<meta property=\"og:url\" content=\"https:\/\/letrame.com\/catalogo\/producto\/xardins-de-ourense\/\" \/>\n<meta property=\"og:site_name\" content=\"Catalogo | Letrame Grupo Editorial\" \/>\n<meta property=\"article:modified_time\" content=\"2024-04-29T12:50:15+00:00\" \/>\n<meta property=\"og:image\" content=\"https:\/\/letrame.com\/catalogo\/wp-content\/uploads\/2024\/04\/redportada_xardinsdeourense_1273mm-compressed.jpg\" \/>\n\t<meta property=\"og:image:width\" content=\"601\" \/>\n\t<meta property=\"og:image:height\" content=\"881\" \/>\n\t<meta property=\"og:image:type\" content=\"image\/jpeg\" \/>\n<meta name=\"twitter:card\" content=\"summary_large_image\" \/>\n<meta name=\"twitter:label1\" content=\"Tiempo de lectura\" \/>\n\t<meta name=\"twitter:data1\" content=\"1 minuto\" \/>\n<script type=\"application\/ld+json\" class=\"yoast-schema-graph\">{\"@context\":\"https:\/\/schema.org\",\"@graph\":[{\"@type\":\"WebPage\",\"@id\":\"https:\/\/letrame.com\/catalogo\/producto\/xardins-de-ourense\/\",\"url\":\"https:\/\/letrame.com\/catalogo\/producto\/xardins-de-ourense\/\",\"name\":\"Xard\u00edns de Ourense - Catalogo | Letrame Grupo Editorial\",\"isPartOf\":{\"@id\":\"https:\/\/letrame.com\/catalogo\/#website\"},\"primaryImageOfPage\":{\"@id\":\"https:\/\/letrame.com\/catalogo\/producto\/xardins-de-ourense\/#primaryimage\"},\"image\":{\"@id\":\"https:\/\/letrame.com\/catalogo\/producto\/xardins-de-ourense\/#primaryimage\"},\"thumbnailUrl\":\"https:\/\/letrame.com\/catalogo\/wp-content\/uploads\/2024\/04\/redportada_xardinsdeourense_1273mm-compressed.jpg\",\"datePublished\":\"2024-04-29T12:50:12+00:00\",\"dateModified\":\"2024-04-29T12:50:15+00:00\",\"breadcrumb\":{\"@id\":\"https:\/\/letrame.com\/catalogo\/producto\/xardins-de-ourense\/#breadcrumb\"},\"inLanguage\":\"es\",\"potentialAction\":[{\"@type\":\"ReadAction\",\"target\":[\"https:\/\/letrame.com\/catalogo\/producto\/xardins-de-ourense\/\"]}]},{\"@type\":\"ImageObject\",\"inLanguage\":\"es\",\"@id\":\"https:\/\/letrame.com\/catalogo\/producto\/xardins-de-ourense\/#primaryimage\",\"url\":\"https:\/\/letrame.com\/catalogo\/wp-content\/uploads\/2024\/04\/redportada_xardinsdeourense_1273mm-compressed.jpg\",\"contentUrl\":\"https:\/\/letrame.com\/catalogo\/wp-content\/uploads\/2024\/04\/redportada_xardinsdeourense_1273mm-compressed.jpg\",\"width\":601,\"height\":881},{\"@type\":\"BreadcrumbList\",\"@id\":\"https:\/\/letrame.com\/catalogo\/producto\/xardins-de-ourense\/#breadcrumb\",\"itemListElement\":[{\"@type\":\"ListItem\",\"position\":1,\"name\":\"Portada\",\"item\":\"https:\/\/letrame.com\/catalogo\/\"},{\"@type\":\"ListItem\",\"position\":2,\"name\":\"Cat\u00e1logo\",\"item\":\"https:\/\/letrame.com\/catalogo\/\"},{\"@type\":\"ListItem\",\"position\":3,\"name\":\"Xard\u00edns de Ourense\"}]},{\"@type\":\"WebSite\",\"@id\":\"https:\/\/letrame.com\/catalogo\/#website\",\"url\":\"https:\/\/letrame.com\/catalogo\/\",\"name\":\"Catalogo | Letrame Grupo Editorial\",\"description\":\"\",\"publisher\":{\"@id\":\"https:\/\/letrame.com\/catalogo\/#organization\"},\"potentialAction\":[{\"@type\":\"SearchAction\",\"target\":{\"@type\":\"EntryPoint\",\"urlTemplate\":\"https:\/\/letrame.com\/catalogo\/?s={search_term_string}\"},\"query-input\":{\"@type\":\"PropertyValueSpecification\",\"valueRequired\":true,\"valueName\":\"search_term_string\"}}],\"inLanguage\":\"es\"},{\"@type\":\"Organization\",\"@id\":\"https:\/\/letrame.com\/catalogo\/#organization\",\"name\":\"Catalogo | Letrame Grupo Editorial\",\"url\":\"https:\/\/letrame.com\/catalogo\/\",\"logo\":{\"@type\":\"ImageObject\",\"inLanguage\":\"es\",\"@id\":\"https:\/\/letrame.com\/catalogo\/#\/schema\/logo\/image\/\",\"url\":\"https:\/\/letrame.com\/catalogo\/wp-content\/uploads\/2024\/03\/logo2.webp\",\"contentUrl\":\"https:\/\/letrame.com\/catalogo\/wp-content\/uploads\/2024\/03\/logo2.webp\",\"width\":394,\"height\":128,\"caption\":\"Catalogo | Letrame Grupo Editorial\"},\"image\":{\"@id\":\"https:\/\/letrame.com\/catalogo\/#\/schema\/logo\/image\/\"}}]}<\/script>\n<!-- \/ Yoast SEO plugin. -->","yoast_head_json":{"title":"Xard\u00edns de Ourense - Catalogo | Letrame Grupo Editorial","robots":{"index":"index","follow":"follow","max-snippet":"max-snippet:-1","max-image-preview":"max-image-preview:large","max-video-preview":"max-video-preview:-1"},"canonical":"https:\/\/letrame.com\/catalogo\/producto\/xardins-de-ourense\/","og_locale":"es_ES","og_type":"article","og_title":"Xard\u00edns de Ourense - Catalogo | Letrame Grupo Editorial","og_description":"ISBN: 978-84-1114-696-8 SINOPSIS A historia da xardi\u00f1er\u00eda na cidade de Ourense at\u00f3pase vencellada \u00e1 existencia de fincas r\u00fasticas e leiras adicadas tanto \u00e1 agricultura como a gander\u00eda. Co paso do tempo mailo crecemento poboacional, ca consecuencia da ergueita de novas edificaci\u00f3ns, foron merm\u00e1ndose os espazos verdes existentes reducindose aqueles lugares noutrora limpos de contaminaci\u00f3n. O aumento da poboaci\u00f3n actual fundamentalmente, nas grandes urbes, ao que se suma o incremento do parque automobil\u00edstico creou a necesidade de aumentar as zonas verdes sendo os xard\u00edns verdadeiros pulm\u00f3ns naturais dos seus habitantes. Os xard\u00edns e parques naturais constit\u00faen a mellor tarxeta de identidade dunha cidade, constitu\u00edndo verdadeiros refuxos de paz limpos de contaminaci\u00f3n que garanten de modo eficaz a boa sa\u00fade dos seus moradores.","og_url":"https:\/\/letrame.com\/catalogo\/producto\/xardins-de-ourense\/","og_site_name":"Catalogo | Letrame Grupo Editorial","article_modified_time":"2024-04-29T12:50:15+00:00","og_image":[{"width":601,"height":881,"url":"https:\/\/letrame.com\/catalogo\/wp-content\/uploads\/2024\/04\/redportada_xardinsdeourense_1273mm-compressed.jpg","type":"image\/jpeg"}],"twitter_card":"summary_large_image","twitter_misc":{"Tiempo de lectura":"1 minuto"},"schema":{"@context":"https:\/\/schema.org","@graph":[{"@type":"WebPage","@id":"https:\/\/letrame.com\/catalogo\/producto\/xardins-de-ourense\/","url":"https:\/\/letrame.com\/catalogo\/producto\/xardins-de-ourense\/","name":"Xard\u00edns de Ourense - Catalogo | Letrame Grupo Editorial","isPartOf":{"@id":"https:\/\/letrame.com\/catalogo\/#website"},"primaryImageOfPage":{"@id":"https:\/\/letrame.com\/catalogo\/producto\/xardins-de-ourense\/#primaryimage"},"image":{"@id":"https:\/\/letrame.com\/catalogo\/producto\/xardins-de-ourense\/#primaryimage"},"thumbnailUrl":"https:\/\/letrame.com\/catalogo\/wp-content\/uploads\/2024\/04\/redportada_xardinsdeourense_1273mm-compressed.jpg","datePublished":"2024-04-29T12:50:12+00:00","dateModified":"2024-04-29T12:50:15+00:00","breadcrumb":{"@id":"https:\/\/letrame.com\/catalogo\/producto\/xardins-de-ourense\/#breadcrumb"},"inLanguage":"es","potentialAction":[{"@type":"ReadAction","target":["https:\/\/letrame.com\/catalogo\/producto\/xardins-de-ourense\/"]}]},{"@type":"ImageObject","inLanguage":"es","@id":"https:\/\/letrame.com\/catalogo\/producto\/xardins-de-ourense\/#primaryimage","url":"https:\/\/letrame.com\/catalogo\/wp-content\/uploads\/2024\/04\/redportada_xardinsdeourense_1273mm-compressed.jpg","contentUrl":"https:\/\/letrame.com\/catalogo\/wp-content\/uploads\/2024\/04\/redportada_xardinsdeourense_1273mm-compressed.jpg","width":601,"height":881},{"@type":"BreadcrumbList","@id":"https:\/\/letrame.com\/catalogo\/producto\/xardins-de-ourense\/#breadcrumb","itemListElement":[{"@type":"ListItem","position":1,"name":"Portada","item":"https:\/\/letrame.com\/catalogo\/"},{"@type":"ListItem","position":2,"name":"Cat\u00e1logo","item":"https:\/\/letrame.com\/catalogo\/"},{"@type":"ListItem","position":3,"name":"Xard\u00edns de Ourense"}]},{"@type":"WebSite","@id":"https:\/\/letrame.com\/catalogo\/#website","url":"https:\/\/letrame.com\/catalogo\/","name":"Catalogo | Letrame Grupo Editorial","description":"","publisher":{"@id":"https:\/\/letrame.com\/catalogo\/#organization"},"potentialAction":[{"@type":"SearchAction","target":{"@type":"EntryPoint","urlTemplate":"https:\/\/letrame.com\/catalogo\/?s={search_term_string}"},"query-input":{"@type":"PropertyValueSpecification","valueRequired":true,"valueName":"search_term_string"}}],"inLanguage":"es"},{"@type":"Organization","@id":"https:\/\/letrame.com\/catalogo\/#organization","name":"Catalogo | Letrame Grupo Editorial","url":"https:\/\/letrame.com\/catalogo\/","logo":{"@type":"ImageObject","inLanguage":"es","@id":"https:\/\/letrame.com\/catalogo\/#\/schema\/logo\/image\/","url":"https:\/\/letrame.com\/catalogo\/wp-content\/uploads\/2024\/03\/logo2.webp","contentUrl":"https:\/\/letrame.com\/catalogo\/wp-content\/uploads\/2024\/03\/logo2.webp","width":394,"height":128,"caption":"Catalogo | Letrame Grupo Editorial"},"image":{"@id":"https:\/\/letrame.com\/catalogo\/#\/schema\/logo\/image\/"}}]}},"_links":{"self":[{"href":"https:\/\/letrame.com\/catalogo\/wp-json\/wp\/v2\/product\/98141","targetHints":{"allow":["GET"]}}],"collection":[{"href":"https:\/\/letrame.com\/catalogo\/wp-json\/wp\/v2\/product"}],"about":[{"href":"https:\/\/letrame.com\/catalogo\/wp-json\/wp\/v2\/types\/product"}],"replies":[{"embeddable":true,"href":"https:\/\/letrame.com\/catalogo\/wp-json\/wp\/v2\/comments?post=98141"}],"acf:post":[{"embeddable":true,"href":"https:\/\/letrame.com\/catalogo\/wp-json\/wp\/v2\/author_book\/76658"}],"wp:featuredmedia":[{"embeddable":true,"href":"https:\/\/letrame.com\/catalogo\/wp-json\/wp\/v2\/media\/98142"}],"wp:attachment":[{"href":"https:\/\/letrame.com\/catalogo\/wp-json\/wp\/v2\/media?parent=98141"}],"wp:term":[{"taxonomy":"libro","embeddable":true,"href":"https:\/\/letrame.com\/catalogo\/wp-json\/wp\/v2\/libro?post=98141"},{"taxonomy":"product_brand","embeddable":true,"href":"https:\/\/letrame.com\/catalogo\/wp-json\/wp\/v2\/product_brand?post=98141"},{"taxonomy":"product_cat","embeddable":true,"href":"https:\/\/letrame.com\/catalogo\/wp-json\/wp\/v2\/product_cat?post=98141"},{"taxonomy":"product_tag","embeddable":true,"href":"https:\/\/letrame.com\/catalogo\/wp-json\/wp\/v2\/product_tag?post=98141"}],"curies":[{"name":"wp","href":"https:\/\/api.w.org\/{rel}","templated":true}]}}