{"id":98139,"date":"2024-04-29T14:50:12","date_gmt":"2024-04-29T12:50:12","guid":{"rendered":"https:\/\/letrame.com\/catalogo\/producto\/busca-donde-no-creas\/"},"modified":"2024-04-29T14:50:12","modified_gmt":"2024-04-29T12:50:12","slug":"busca-donde-no-creas","status":"publish","type":"product","link":"https:\/\/letrame.com\/catalogo\/producto\/busca-donde-no-creas\/","title":{"rendered":"Busca donde no creas"},"content":{"rendered":"<p><strong>ISBN<\/strong>:978-84-1144-066-0<\/p>\n<p><strong>T\u00edtulo<\/strong>: Busca donde no creas<br \/>\n<strong>Fecha<\/strong>: 2022<br \/>\n<strong>P\u00e1ginas<\/strong>: 174<\/p>\n<p><strong>SINOPSIS<\/strong><\/p>\n<p>El pecado que hab\u00edan cometido sus padres muchos a\u00f1os atr\u00e1s y que don Mario hab\u00eda quemado en la hoguera de su coraz\u00f3n, destruyendo luego sus cenizas, para que nunca m\u00e1s le hicieran da\u00f1o, resurg\u00eda.<\/p>\n<p>No pod\u00eda asimilar que de nuevo la vida lo volviera a castigar de esa manera, a \u00e9l y a sus descendientes, teniendo que rememorar otra vez sus or\u00edgenes, para intentar calmar la ira de Cristina, una joven periodista a punto de acabar su carrera en Madrid, para hacerla entender que mejor era olvidar ese amor que hab\u00eda surgido como un hurac\u00e1n entre ella y su hijo Mario, devastando su mundo actual; cambiando su vida para siempre.<\/p>\n<p>\u00bfSer\u00eda que el destino pretend\u00eda cobrarse una antigua deuda y cebarse con su coraz\u00f3n?<\/p>\n<p>La historia de un amor apasionado deja al descubierto el secreto mejor guardado de una familia canaria.<\/p>\n<p>Caracas, Madrid y las islas Canarias son los escenarios donde se fragua la tragedia de un hombre y una mujer que no pueden escapar de los acontecimientos del pasado.<\/p>\n","protected":false},"excerpt":{"rendered":"<p><strong>ISBN<\/strong>:978-84-1144-066-0<\/p>\n<p><strong>SINOPSIS<\/strong><\/p>\n<p>El pecado que hab\u00edan cometido sus padres muchos a\u00f1os atr\u00e1s y que don Mario hab\u00eda quemado en la hoguera de su coraz\u00f3n, destruyendo luego sus cenizas, para que nunca m\u00e1s le hicieran da\u00f1o, resurg\u00eda.<\/p>\n<p>No pod\u00eda asimilar que de nuevo la vida lo volviera a castigar de esa manera, a \u00e9l y a sus descendientes, teniendo que rememorar otra vez sus or\u00edgenes, para intentar calmar la ira de Cristina, una joven periodista a punto de acabar su carrera en Madrid, para hacerla entender que mejor era olvidar ese amor que hab\u00eda surgido como un hurac\u00e1n entre ella y su hijo Mario, devastando su mundo actual; cambiando su vida para siempre.<\/p>\n<p>\u00bfSer\u00eda que el destino pretend\u00eda cobrarse una antigua deuda y cebarse con su coraz\u00f3n?<\/p>\n<p>La historia de un amor apasionado deja al descubierto el secreto mejor guardado de una familia canaria.<\/p>\n<p>Caracas, Madrid y las islas Canarias son los escenarios donde se fragua la tragedia de un hombre y una mujer que no pueden escapar de los acontecimientos del pasado.<\/p>\n","protected":false},"featured_media":98140,"comment_status":"closed","ping_status":"open","template":"","meta":{"_acf_changed":false},"libro":[],"product_brand":[],"product_cat":[16],"product_tag":[],"class_list":{"0":"post-98139","1":"product","2":"type-product","3":"status-publish","4":"has-post-thumbnail","6":"product_cat-novela","8":"first","9":"instock","10":"product-type-simple"},"acf":{"autor":[75867],"enlace_de_compra":"https:\/\/www.amazon.es\/Busca-donde-Concepci%C3%B3n-Rodr%C3%ADguez-Bacallado-ebook\/dp\/B0BJ7BJCGX\/"},"yoast_head":"<!-- This site is optimized with the Yoast SEO plugin v27.4 - https:\/\/yoast.com\/product\/yoast-seo-wordpress\/ -->\n<title>Busca donde no creas - Catalogo | Letrame Grupo Editorial<\/title>\n<meta name=\"robots\" content=\"index, follow, max-snippet:-1, max-image-preview:large, max-video-preview:-1\" \/>\n<link rel=\"canonical\" href=\"https:\/\/letrame.com\/catalogo\/producto\/busca-donde-no-creas\/\" \/>\n<meta property=\"og:locale\" content=\"es_ES\" \/>\n<meta property=\"og:type\" content=\"article\" \/>\n<meta property=\"og:title\" content=\"Busca donde no creas - Catalogo | Letrame Grupo Editorial\" \/>\n<meta property=\"og:description\" content=\"ISBN:978-84-1144-066-0 SINOPSIS El pecado que hab\u00edan cometido sus padres muchos a\u00f1os atr\u00e1s y que don Mario hab\u00eda quemado en la hoguera de su coraz\u00f3n, destruyendo luego sus cenizas, para que nunca m\u00e1s le hicieran da\u00f1o, resurg\u00eda. No pod\u00eda asimilar que de nuevo la vida lo volviera a castigar de esa manera, a \u00e9l y a sus descendientes, teniendo que rememorar otra vez sus or\u00edgenes, para intentar calmar la ira de Cristina, una joven periodista a punto de acabar su carrera en Madrid, para hacerla entender que mejor era olvidar ese amor que hab\u00eda surgido como un hurac\u00e1n entre ella y su hijo Mario, devastando su mundo actual; cambiando su vida para siempre. \u00bfSer\u00eda que el destino pretend\u00eda cobrarse una antigua deuda y cebarse con su coraz\u00f3n? La historia de un amor apasionado deja al descubierto el secreto mejor guardado de una familia canaria. Caracas, Madrid y las islas Canarias son los escenarios donde se fragua la tragedia de un hombre y una mujer que no pueden escapar de los acontecimientos del pasado.\" \/>\n<meta property=\"og:url\" content=\"https:\/\/letrame.com\/catalogo\/producto\/busca-donde-no-creas\/\" \/>\n<meta property=\"og:site_name\" content=\"Catalogo | Letrame Grupo Editorial\" \/>\n<meta property=\"og:image\" content=\"https:\/\/letrame.com\/catalogo\/wp-content\/uploads\/2024\/04\/redportada_buscandondnocreas_91mm.jpg\" \/>\n\t<meta property=\"og:image:width\" content=\"601\" \/>\n\t<meta property=\"og:image:height\" content=\"881\" \/>\n\t<meta property=\"og:image:type\" content=\"image\/jpeg\" \/>\n<meta name=\"twitter:card\" content=\"summary_large_image\" \/>\n<meta name=\"twitter:label1\" content=\"Tiempo de lectura\" \/>\n\t<meta name=\"twitter:data1\" content=\"1 minuto\" \/>\n<script type=\"application\/ld+json\" class=\"yoast-schema-graph\">{\"@context\":\"https:\\\/\\\/schema.org\",\"@graph\":[{\"@type\":\"WebPage\",\"@id\":\"https:\\\/\\\/letrame.com\\\/catalogo\\\/producto\\\/busca-donde-no-creas\\\/\",\"url\":\"https:\\\/\\\/letrame.com\\\/catalogo\\\/producto\\\/busca-donde-no-creas\\\/\",\"name\":\"Busca donde no creas - Catalogo | Letrame Grupo Editorial\",\"isPartOf\":{\"@id\":\"https:\\\/\\\/letrame.com\\\/catalogo\\\/#website\"},\"primaryImageOfPage\":{\"@id\":\"https:\\\/\\\/letrame.com\\\/catalogo\\\/producto\\\/busca-donde-no-creas\\\/#primaryimage\"},\"image\":{\"@id\":\"https:\\\/\\\/letrame.com\\\/catalogo\\\/producto\\\/busca-donde-no-creas\\\/#primaryimage\"},\"thumbnailUrl\":\"https:\\\/\\\/letrame.com\\\/catalogo\\\/wp-content\\\/uploads\\\/2024\\\/04\\\/redportada_buscandondnocreas_91mm.jpg\",\"datePublished\":\"2024-04-29T12:50:12+00:00\",\"breadcrumb\":{\"@id\":\"https:\\\/\\\/letrame.com\\\/catalogo\\\/producto\\\/busca-donde-no-creas\\\/#breadcrumb\"},\"inLanguage\":\"es\",\"potentialAction\":[{\"@type\":\"ReadAction\",\"target\":[\"https:\\\/\\\/letrame.com\\\/catalogo\\\/producto\\\/busca-donde-no-creas\\\/\"]}]},{\"@type\":\"ImageObject\",\"inLanguage\":\"es\",\"@id\":\"https:\\\/\\\/letrame.com\\\/catalogo\\\/producto\\\/busca-donde-no-creas\\\/#primaryimage\",\"url\":\"https:\\\/\\\/letrame.com\\\/catalogo\\\/wp-content\\\/uploads\\\/2024\\\/04\\\/redportada_buscandondnocreas_91mm.jpg\",\"contentUrl\":\"https:\\\/\\\/letrame.com\\\/catalogo\\\/wp-content\\\/uploads\\\/2024\\\/04\\\/redportada_buscandondnocreas_91mm.jpg\",\"width\":601,\"height\":881},{\"@type\":\"BreadcrumbList\",\"@id\":\"https:\\\/\\\/letrame.com\\\/catalogo\\\/producto\\\/busca-donde-no-creas\\\/#breadcrumb\",\"itemListElement\":[{\"@type\":\"ListItem\",\"position\":1,\"name\":\"Portada\",\"item\":\"https:\\\/\\\/letrame.com\\\/catalogo\\\/\"},{\"@type\":\"ListItem\",\"position\":2,\"name\":\"Cat\u00e1logo\",\"item\":\"https:\\\/\\\/letrame.com\\\/catalogo\\\/\"},{\"@type\":\"ListItem\",\"position\":3,\"name\":\"Busca donde no creas\"}]},{\"@type\":\"WebSite\",\"@id\":\"https:\\\/\\\/letrame.com\\\/catalogo\\\/#website\",\"url\":\"https:\\\/\\\/letrame.com\\\/catalogo\\\/\",\"name\":\"Catalogo | Letrame Grupo Editorial\",\"description\":\"\",\"publisher\":{\"@id\":\"https:\\\/\\\/letrame.com\\\/catalogo\\\/#organization\"},\"potentialAction\":[{\"@type\":\"SearchAction\",\"target\":{\"@type\":\"EntryPoint\",\"urlTemplate\":\"https:\\\/\\\/letrame.com\\\/catalogo\\\/?s={search_term_string}\"},\"query-input\":{\"@type\":\"PropertyValueSpecification\",\"valueRequired\":true,\"valueName\":\"search_term_string\"}}],\"inLanguage\":\"es\"},{\"@type\":\"Organization\",\"@id\":\"https:\\\/\\\/letrame.com\\\/catalogo\\\/#organization\",\"name\":\"Catalogo | Letrame Grupo Editorial\",\"url\":\"https:\\\/\\\/letrame.com\\\/catalogo\\\/\",\"logo\":{\"@type\":\"ImageObject\",\"inLanguage\":\"es\",\"@id\":\"https:\\\/\\\/letrame.com\\\/catalogo\\\/#\\\/schema\\\/logo\\\/image\\\/\",\"url\":\"https:\\\/\\\/letrame.com\\\/catalogo\\\/wp-content\\\/uploads\\\/2024\\\/03\\\/logo2.webp\",\"contentUrl\":\"https:\\\/\\\/letrame.com\\\/catalogo\\\/wp-content\\\/uploads\\\/2024\\\/03\\\/logo2.webp\",\"width\":394,\"height\":128,\"caption\":\"Catalogo | Letrame Grupo Editorial\"},\"image\":{\"@id\":\"https:\\\/\\\/letrame.com\\\/catalogo\\\/#\\\/schema\\\/logo\\\/image\\\/\"}}]}<\/script>\n<!-- \/ Yoast SEO plugin. -->","yoast_head_json":{"title":"Busca donde no creas - Catalogo | Letrame Grupo Editorial","robots":{"index":"index","follow":"follow","max-snippet":"max-snippet:-1","max-image-preview":"max-image-preview:large","max-video-preview":"max-video-preview:-1"},"canonical":"https:\/\/letrame.com\/catalogo\/producto\/busca-donde-no-creas\/","og_locale":"es_ES","og_type":"article","og_title":"Busca donde no creas - Catalogo | Letrame Grupo Editorial","og_description":"ISBN:978-84-1144-066-0 SINOPSIS El pecado que hab\u00edan cometido sus padres muchos a\u00f1os atr\u00e1s y que don Mario hab\u00eda quemado en la hoguera de su coraz\u00f3n, destruyendo luego sus cenizas, para que nunca m\u00e1s le hicieran da\u00f1o, resurg\u00eda. No pod\u00eda asimilar que de nuevo la vida lo volviera a castigar de esa manera, a \u00e9l y a sus descendientes, teniendo que rememorar otra vez sus or\u00edgenes, para intentar calmar la ira de Cristina, una joven periodista a punto de acabar su carrera en Madrid, para hacerla entender que mejor era olvidar ese amor que hab\u00eda surgido como un hurac\u00e1n entre ella y su hijo Mario, devastando su mundo actual; cambiando su vida para siempre. \u00bfSer\u00eda que el destino pretend\u00eda cobrarse una antigua deuda y cebarse con su coraz\u00f3n? La historia de un amor apasionado deja al descubierto el secreto mejor guardado de una familia canaria. Caracas, Madrid y las islas Canarias son los escenarios donde se fragua la tragedia de un hombre y una mujer que no pueden escapar de los acontecimientos del pasado.","og_url":"https:\/\/letrame.com\/catalogo\/producto\/busca-donde-no-creas\/","og_site_name":"Catalogo | Letrame Grupo Editorial","og_image":[{"width":601,"height":881,"url":"https:\/\/letrame.com\/catalogo\/wp-content\/uploads\/2024\/04\/redportada_buscandondnocreas_91mm.jpg","type":"image\/jpeg"}],"twitter_card":"summary_large_image","twitter_misc":{"Tiempo de lectura":"1 minuto"},"schema":{"@context":"https:\/\/schema.org","@graph":[{"@type":"WebPage","@id":"https:\/\/letrame.com\/catalogo\/producto\/busca-donde-no-creas\/","url":"https:\/\/letrame.com\/catalogo\/producto\/busca-donde-no-creas\/","name":"Busca donde no creas - Catalogo | Letrame Grupo Editorial","isPartOf":{"@id":"https:\/\/letrame.com\/catalogo\/#website"},"primaryImageOfPage":{"@id":"https:\/\/letrame.com\/catalogo\/producto\/busca-donde-no-creas\/#primaryimage"},"image":{"@id":"https:\/\/letrame.com\/catalogo\/producto\/busca-donde-no-creas\/#primaryimage"},"thumbnailUrl":"https:\/\/letrame.com\/catalogo\/wp-content\/uploads\/2024\/04\/redportada_buscandondnocreas_91mm.jpg","datePublished":"2024-04-29T12:50:12+00:00","breadcrumb":{"@id":"https:\/\/letrame.com\/catalogo\/producto\/busca-donde-no-creas\/#breadcrumb"},"inLanguage":"es","potentialAction":[{"@type":"ReadAction","target":["https:\/\/letrame.com\/catalogo\/producto\/busca-donde-no-creas\/"]}]},{"@type":"ImageObject","inLanguage":"es","@id":"https:\/\/letrame.com\/catalogo\/producto\/busca-donde-no-creas\/#primaryimage","url":"https:\/\/letrame.com\/catalogo\/wp-content\/uploads\/2024\/04\/redportada_buscandondnocreas_91mm.jpg","contentUrl":"https:\/\/letrame.com\/catalogo\/wp-content\/uploads\/2024\/04\/redportada_buscandondnocreas_91mm.jpg","width":601,"height":881},{"@type":"BreadcrumbList","@id":"https:\/\/letrame.com\/catalogo\/producto\/busca-donde-no-creas\/#breadcrumb","itemListElement":[{"@type":"ListItem","position":1,"name":"Portada","item":"https:\/\/letrame.com\/catalogo\/"},{"@type":"ListItem","position":2,"name":"Cat\u00e1logo","item":"https:\/\/letrame.com\/catalogo\/"},{"@type":"ListItem","position":3,"name":"Busca donde no creas"}]},{"@type":"WebSite","@id":"https:\/\/letrame.com\/catalogo\/#website","url":"https:\/\/letrame.com\/catalogo\/","name":"Catalogo | Letrame Grupo Editorial","description":"","publisher":{"@id":"https:\/\/letrame.com\/catalogo\/#organization"},"potentialAction":[{"@type":"SearchAction","target":{"@type":"EntryPoint","urlTemplate":"https:\/\/letrame.com\/catalogo\/?s={search_term_string}"},"query-input":{"@type":"PropertyValueSpecification","valueRequired":true,"valueName":"search_term_string"}}],"inLanguage":"es"},{"@type":"Organization","@id":"https:\/\/letrame.com\/catalogo\/#organization","name":"Catalogo | Letrame Grupo Editorial","url":"https:\/\/letrame.com\/catalogo\/","logo":{"@type":"ImageObject","inLanguage":"es","@id":"https:\/\/letrame.com\/catalogo\/#\/schema\/logo\/image\/","url":"https:\/\/letrame.com\/catalogo\/wp-content\/uploads\/2024\/03\/logo2.webp","contentUrl":"https:\/\/letrame.com\/catalogo\/wp-content\/uploads\/2024\/03\/logo2.webp","width":394,"height":128,"caption":"Catalogo | Letrame Grupo Editorial"},"image":{"@id":"https:\/\/letrame.com\/catalogo\/#\/schema\/logo\/image\/"}}]}},"_links":{"self":[{"href":"https:\/\/letrame.com\/catalogo\/wp-json\/wp\/v2\/product\/98139","targetHints":{"allow":["GET"]}}],"collection":[{"href":"https:\/\/letrame.com\/catalogo\/wp-json\/wp\/v2\/product"}],"about":[{"href":"https:\/\/letrame.com\/catalogo\/wp-json\/wp\/v2\/types\/product"}],"replies":[{"embeddable":true,"href":"https:\/\/letrame.com\/catalogo\/wp-json\/wp\/v2\/comments?post=98139"}],"acf:post":[{"embeddable":true,"href":"https:\/\/letrame.com\/catalogo\/wp-json\/wp\/v2\/author_book\/75867"}],"wp:featuredmedia":[{"embeddable":true,"href":"https:\/\/letrame.com\/catalogo\/wp-json\/wp\/v2\/media\/98140"}],"wp:attachment":[{"href":"https:\/\/letrame.com\/catalogo\/wp-json\/wp\/v2\/media?parent=98139"}],"wp:term":[{"taxonomy":"libro","embeddable":true,"href":"https:\/\/letrame.com\/catalogo\/wp-json\/wp\/v2\/libro?post=98139"},{"taxonomy":"product_brand","embeddable":true,"href":"https:\/\/letrame.com\/catalogo\/wp-json\/wp\/v2\/product_brand?post=98139"},{"taxonomy":"product_cat","embeddable":true,"href":"https:\/\/letrame.com\/catalogo\/wp-json\/wp\/v2\/product_cat?post=98139"},{"taxonomy":"product_tag","embeddable":true,"href":"https:\/\/letrame.com\/catalogo\/wp-json\/wp\/v2\/product_tag?post=98139"}],"curies":[{"name":"wp","href":"https:\/\/api.w.org\/{rel}","templated":true}]}}