{"id":98131,"date":"2024-04-29T14:49:42","date_gmt":"2024-04-29T12:49:42","guid":{"rendered":"https:\/\/letrame.com\/catalogo\/producto\/tequila-de-mujer\/"},"modified":"2024-08-12T11:11:00","modified_gmt":"2024-08-12T09:11:00","slug":"tequila-de-mujer","status":"publish","type":"product","link":"https:\/\/letrame.com\/catalogo\/producto\/tequila-de-mujer\/","title":{"rendered":"Tequila de mujer"},"content":{"rendered":"<p><strong>ISBN<\/strong>: 978-84-1144-189-6<\/p>\n<p><strong>T\u00edtulo<\/strong>: Tequila de mujer<br \/>\n<strong>Fecha<\/strong>: 2022<br \/>\n<strong>P\u00e1ginas<\/strong>: 256<\/p>\n<p><strong>SINOPSIS<\/strong><\/p>\n<p>Rodeada del paisaje de los agaves azules del campo mexicano, surge una relaci\u00f3n humana intensa entre dos personajes a los que separa la edad, las vivencias, las costumbres, los h\u00e1bitos.<\/p>\n<p>El tequila es el punto de partida de la biograf\u00eda que Marina, joven escritora, va gestando durante el transcurso de la novela.<\/p>\n<p>Do\u00f1a Clara Mar\u00eda, renuente en un principio a ser tema de un estudio biogr\u00e1fico, va cediendo poco a poco para desvelarle a Marina una extra\u00f1a historia de vida.<\/p>\n<p>Se trata de una novela dentro de otra, mientras la vida pasa entre m\u00fasica y poes\u00eda, a la vez que incertidumbres y muerte. El final es inesperado.<\/p>\n<p>&nbsp;<\/p>\n","protected":false},"excerpt":{"rendered":"<p><strong>ISBN<\/strong>: 978-84-1144-189-6<\/p>\n<p><strong>SINOPSIS<\/strong><\/p>\n<p>Rodeada del paisaje de los agaves azules del campo mexicano, surge una relaci\u00f3n humana intensa entre dos personajes a los que separa la edad, las vivencias, las costumbres, los h\u00e1bitos.<\/p>\n<p>El tequila es el punto de partida de la biograf\u00eda que Marina, joven escritora, va gestando durante el transcurso de la novela.<\/p>\n<p>Do\u00f1a Clara Mar\u00eda, renuente en un principio a ser tema de un estudio biogr\u00e1fico, va cediendo poco a poco para desvelarle a Marina una extra\u00f1a historia de vida.<\/p>\n<p>Se trata de una novela dentro de otra, mientras la vida pasa entre m\u00fasica y poes\u00eda, a la vez que incertidumbres y muerte. El final es inesperado.<\/p>\n<p>&nbsp;<\/p>\n","protected":false},"featured_media":105221,"comment_status":"closed","ping_status":"closed","template":"","meta":{"_acf_changed":false},"libro":[],"product_brand":[],"product_cat":[26],"product_tag":[],"class_list":{"0":"post-98131","1":"product","2":"type-product","3":"status-publish","4":"has-post-thumbnail","6":"product_cat-sin-categoria","8":"first","9":"instock","10":"product-type-simple"},"acf":{"autor":[76649],"enlace_de_compra":"https:\/\/amzn.to\/3SIX3oA"},"yoast_head":"<!-- This site is optimized with the Yoast SEO plugin v27.4 - https:\/\/yoast.com\/product\/yoast-seo-wordpress\/ -->\n<title>Tequila de mujer - Catalogo | Letrame Grupo Editorial<\/title>\n<meta name=\"robots\" content=\"index, follow, max-snippet:-1, max-image-preview:large, max-video-preview:-1\" \/>\n<link rel=\"canonical\" href=\"https:\/\/letrame.com\/catalogo\/producto\/tequila-de-mujer\/\" \/>\n<meta property=\"og:locale\" content=\"es_ES\" \/>\n<meta property=\"og:type\" content=\"article\" \/>\n<meta property=\"og:title\" content=\"Tequila de mujer - Catalogo | Letrame Grupo Editorial\" \/>\n<meta property=\"og:description\" content=\"ISBN: 978-84-1144-189-6  SINOPSIS  Rodeada del paisaje de los agaves azules del campo mexicano, surge una relaci\u00f3n humana intensa entre dos personajes a los que separa la edad, las vivencias, las costumbres, los h\u00e1bitos.  El tequila es el punto de partida de la biograf\u00eda que Marina, joven escritora, va gestando durante el transcurso de la novela.  Do\u00f1a Clara Mar\u00eda, renuente en un principio a ser tema de un estudio biogr\u00e1fico, va cediendo poco a poco para desvelarle a Marina una extra\u00f1a historia de vida.  Se trata de una novela dentro de otra, mientras la vida pasa entre m\u00fasica y poes\u00eda, a la vez que incertidumbres y muerte. El final es inesperado.  &nbsp;\" \/>\n<meta property=\"og:url\" content=\"https:\/\/letrame.com\/catalogo\/producto\/tequila-de-mujer\/\" \/>\n<meta property=\"og:site_name\" content=\"Catalogo | Letrame Grupo Editorial\" \/>\n<meta property=\"article:modified_time\" content=\"2024-08-12T09:11:00+00:00\" \/>\n<meta property=\"og:image\" content=\"https:\/\/letrame.com\/catalogo\/wp-content\/uploads\/2024\/04\/redportada_tequilademujer_1288mm-compressed.jpg\" \/>\n\t<meta property=\"og:image:width\" content=\"601\" \/>\n\t<meta property=\"og:image:height\" content=\"881\" \/>\n\t<meta property=\"og:image:type\" content=\"image\/jpeg\" \/>\n<meta name=\"twitter:card\" content=\"summary_large_image\" \/>\n<meta name=\"twitter:label1\" content=\"Tiempo de lectura\" \/>\n\t<meta name=\"twitter:data1\" content=\"1 minuto\" \/>\n<script type=\"application\/ld+json\" class=\"yoast-schema-graph\">{\"@context\":\"https:\\\/\\\/schema.org\",\"@graph\":[{\"@type\":\"WebPage\",\"@id\":\"https:\\\/\\\/letrame.com\\\/catalogo\\\/producto\\\/tequila-de-mujer\\\/\",\"url\":\"https:\\\/\\\/letrame.com\\\/catalogo\\\/producto\\\/tequila-de-mujer\\\/\",\"name\":\"Tequila de mujer - Catalogo | Letrame Grupo Editorial\",\"isPartOf\":{\"@id\":\"https:\\\/\\\/letrame.com\\\/catalogo\\\/#website\"},\"primaryImageOfPage\":{\"@id\":\"https:\\\/\\\/letrame.com\\\/catalogo\\\/producto\\\/tequila-de-mujer\\\/#primaryimage\"},\"image\":{\"@id\":\"https:\\\/\\\/letrame.com\\\/catalogo\\\/producto\\\/tequila-de-mujer\\\/#primaryimage\"},\"thumbnailUrl\":\"https:\\\/\\\/letrame.com\\\/catalogo\\\/wp-content\\\/uploads\\\/2024\\\/04\\\/redportada_tequilademujer_1288mm-compressed.jpg\",\"datePublished\":\"2024-04-29T12:49:42+00:00\",\"dateModified\":\"2024-08-12T09:11:00+00:00\",\"breadcrumb\":{\"@id\":\"https:\\\/\\\/letrame.com\\\/catalogo\\\/producto\\\/tequila-de-mujer\\\/#breadcrumb\"},\"inLanguage\":\"es\",\"potentialAction\":[{\"@type\":\"ReadAction\",\"target\":[\"https:\\\/\\\/letrame.com\\\/catalogo\\\/producto\\\/tequila-de-mujer\\\/\"]}]},{\"@type\":\"ImageObject\",\"inLanguage\":\"es\",\"@id\":\"https:\\\/\\\/letrame.com\\\/catalogo\\\/producto\\\/tequila-de-mujer\\\/#primaryimage\",\"url\":\"https:\\\/\\\/letrame.com\\\/catalogo\\\/wp-content\\\/uploads\\\/2024\\\/04\\\/redportada_tequilademujer_1288mm-compressed.jpg\",\"contentUrl\":\"https:\\\/\\\/letrame.com\\\/catalogo\\\/wp-content\\\/uploads\\\/2024\\\/04\\\/redportada_tequilademujer_1288mm-compressed.jpg\",\"width\":601,\"height\":881},{\"@type\":\"BreadcrumbList\",\"@id\":\"https:\\\/\\\/letrame.com\\\/catalogo\\\/producto\\\/tequila-de-mujer\\\/#breadcrumb\",\"itemListElement\":[{\"@type\":\"ListItem\",\"position\":1,\"name\":\"Portada\",\"item\":\"https:\\\/\\\/letrame.com\\\/catalogo\\\/\"},{\"@type\":\"ListItem\",\"position\":2,\"name\":\"Cat\u00e1logo\",\"item\":\"https:\\\/\\\/letrame.com\\\/catalogo\\\/\"},{\"@type\":\"ListItem\",\"position\":3,\"name\":\"Tequila de mujer\"}]},{\"@type\":\"WebSite\",\"@id\":\"https:\\\/\\\/letrame.com\\\/catalogo\\\/#website\",\"url\":\"https:\\\/\\\/letrame.com\\\/catalogo\\\/\",\"name\":\"Catalogo | Letrame Grupo Editorial\",\"description\":\"\",\"publisher\":{\"@id\":\"https:\\\/\\\/letrame.com\\\/catalogo\\\/#organization\"},\"potentialAction\":[{\"@type\":\"SearchAction\",\"target\":{\"@type\":\"EntryPoint\",\"urlTemplate\":\"https:\\\/\\\/letrame.com\\\/catalogo\\\/?s={search_term_string}\"},\"query-input\":{\"@type\":\"PropertyValueSpecification\",\"valueRequired\":true,\"valueName\":\"search_term_string\"}}],\"inLanguage\":\"es\"},{\"@type\":\"Organization\",\"@id\":\"https:\\\/\\\/letrame.com\\\/catalogo\\\/#organization\",\"name\":\"Catalogo | Letrame Grupo Editorial\",\"url\":\"https:\\\/\\\/letrame.com\\\/catalogo\\\/\",\"logo\":{\"@type\":\"ImageObject\",\"inLanguage\":\"es\",\"@id\":\"https:\\\/\\\/letrame.com\\\/catalogo\\\/#\\\/schema\\\/logo\\\/image\\\/\",\"url\":\"https:\\\/\\\/letrame.com\\\/catalogo\\\/wp-content\\\/uploads\\\/2024\\\/03\\\/logo2.webp\",\"contentUrl\":\"https:\\\/\\\/letrame.com\\\/catalogo\\\/wp-content\\\/uploads\\\/2024\\\/03\\\/logo2.webp\",\"width\":394,\"height\":128,\"caption\":\"Catalogo | Letrame Grupo Editorial\"},\"image\":{\"@id\":\"https:\\\/\\\/letrame.com\\\/catalogo\\\/#\\\/schema\\\/logo\\\/image\\\/\"}}]}<\/script>\n<!-- \/ Yoast SEO plugin. -->","yoast_head_json":{"title":"Tequila de mujer - Catalogo | Letrame Grupo Editorial","robots":{"index":"index","follow":"follow","max-snippet":"max-snippet:-1","max-image-preview":"max-image-preview:large","max-video-preview":"max-video-preview:-1"},"canonical":"https:\/\/letrame.com\/catalogo\/producto\/tequila-de-mujer\/","og_locale":"es_ES","og_type":"article","og_title":"Tequila de mujer - Catalogo | Letrame Grupo Editorial","og_description":"ISBN: 978-84-1144-189-6  SINOPSIS  Rodeada del paisaje de los agaves azules del campo mexicano, surge una relaci\u00f3n humana intensa entre dos personajes a los que separa la edad, las vivencias, las costumbres, los h\u00e1bitos.  El tequila es el punto de partida de la biograf\u00eda que Marina, joven escritora, va gestando durante el transcurso de la novela.  Do\u00f1a Clara Mar\u00eda, renuente en un principio a ser tema de un estudio biogr\u00e1fico, va cediendo poco a poco para desvelarle a Marina una extra\u00f1a historia de vida.  Se trata de una novela dentro de otra, mientras la vida pasa entre m\u00fasica y poes\u00eda, a la vez que incertidumbres y muerte. El final es inesperado.  &nbsp;","og_url":"https:\/\/letrame.com\/catalogo\/producto\/tequila-de-mujer\/","og_site_name":"Catalogo | Letrame Grupo Editorial","article_modified_time":"2024-08-12T09:11:00+00:00","og_image":[{"width":601,"height":881,"url":"https:\/\/letrame.com\/catalogo\/wp-content\/uploads\/2024\/04\/redportada_tequilademujer_1288mm-compressed.jpg","type":"image\/jpeg"}],"twitter_card":"summary_large_image","twitter_misc":{"Tiempo de lectura":"1 minuto"},"schema":{"@context":"https:\/\/schema.org","@graph":[{"@type":"WebPage","@id":"https:\/\/letrame.com\/catalogo\/producto\/tequila-de-mujer\/","url":"https:\/\/letrame.com\/catalogo\/producto\/tequila-de-mujer\/","name":"Tequila de mujer - Catalogo | Letrame Grupo Editorial","isPartOf":{"@id":"https:\/\/letrame.com\/catalogo\/#website"},"primaryImageOfPage":{"@id":"https:\/\/letrame.com\/catalogo\/producto\/tequila-de-mujer\/#primaryimage"},"image":{"@id":"https:\/\/letrame.com\/catalogo\/producto\/tequila-de-mujer\/#primaryimage"},"thumbnailUrl":"https:\/\/letrame.com\/catalogo\/wp-content\/uploads\/2024\/04\/redportada_tequilademujer_1288mm-compressed.jpg","datePublished":"2024-04-29T12:49:42+00:00","dateModified":"2024-08-12T09:11:00+00:00","breadcrumb":{"@id":"https:\/\/letrame.com\/catalogo\/producto\/tequila-de-mujer\/#breadcrumb"},"inLanguage":"es","potentialAction":[{"@type":"ReadAction","target":["https:\/\/letrame.com\/catalogo\/producto\/tequila-de-mujer\/"]}]},{"@type":"ImageObject","inLanguage":"es","@id":"https:\/\/letrame.com\/catalogo\/producto\/tequila-de-mujer\/#primaryimage","url":"https:\/\/letrame.com\/catalogo\/wp-content\/uploads\/2024\/04\/redportada_tequilademujer_1288mm-compressed.jpg","contentUrl":"https:\/\/letrame.com\/catalogo\/wp-content\/uploads\/2024\/04\/redportada_tequilademujer_1288mm-compressed.jpg","width":601,"height":881},{"@type":"BreadcrumbList","@id":"https:\/\/letrame.com\/catalogo\/producto\/tequila-de-mujer\/#breadcrumb","itemListElement":[{"@type":"ListItem","position":1,"name":"Portada","item":"https:\/\/letrame.com\/catalogo\/"},{"@type":"ListItem","position":2,"name":"Cat\u00e1logo","item":"https:\/\/letrame.com\/catalogo\/"},{"@type":"ListItem","position":3,"name":"Tequila de mujer"}]},{"@type":"WebSite","@id":"https:\/\/letrame.com\/catalogo\/#website","url":"https:\/\/letrame.com\/catalogo\/","name":"Catalogo | Letrame Grupo Editorial","description":"","publisher":{"@id":"https:\/\/letrame.com\/catalogo\/#organization"},"potentialAction":[{"@type":"SearchAction","target":{"@type":"EntryPoint","urlTemplate":"https:\/\/letrame.com\/catalogo\/?s={search_term_string}"},"query-input":{"@type":"PropertyValueSpecification","valueRequired":true,"valueName":"search_term_string"}}],"inLanguage":"es"},{"@type":"Organization","@id":"https:\/\/letrame.com\/catalogo\/#organization","name":"Catalogo | Letrame Grupo Editorial","url":"https:\/\/letrame.com\/catalogo\/","logo":{"@type":"ImageObject","inLanguage":"es","@id":"https:\/\/letrame.com\/catalogo\/#\/schema\/logo\/image\/","url":"https:\/\/letrame.com\/catalogo\/wp-content\/uploads\/2024\/03\/logo2.webp","contentUrl":"https:\/\/letrame.com\/catalogo\/wp-content\/uploads\/2024\/03\/logo2.webp","width":394,"height":128,"caption":"Catalogo | Letrame Grupo Editorial"},"image":{"@id":"https:\/\/letrame.com\/catalogo\/#\/schema\/logo\/image\/"}}]}},"_links":{"self":[{"href":"https:\/\/letrame.com\/catalogo\/wp-json\/wp\/v2\/product\/98131","targetHints":{"allow":["GET"]}}],"collection":[{"href":"https:\/\/letrame.com\/catalogo\/wp-json\/wp\/v2\/product"}],"about":[{"href":"https:\/\/letrame.com\/catalogo\/wp-json\/wp\/v2\/types\/product"}],"replies":[{"embeddable":true,"href":"https:\/\/letrame.com\/catalogo\/wp-json\/wp\/v2\/comments?post=98131"}],"acf:post":[{"embeddable":true,"href":"https:\/\/letrame.com\/catalogo\/wp-json\/wp\/v2\/author_book\/76649"}],"wp:featuredmedia":[{"embeddable":true,"href":"https:\/\/letrame.com\/catalogo\/wp-json\/wp\/v2\/media\/105221"}],"wp:attachment":[{"href":"https:\/\/letrame.com\/catalogo\/wp-json\/wp\/v2\/media?parent=98131"}],"wp:term":[{"taxonomy":"libro","embeddable":true,"href":"https:\/\/letrame.com\/catalogo\/wp-json\/wp\/v2\/libro?post=98131"},{"taxonomy":"product_brand","embeddable":true,"href":"https:\/\/letrame.com\/catalogo\/wp-json\/wp\/v2\/product_brand?post=98131"},{"taxonomy":"product_cat","embeddable":true,"href":"https:\/\/letrame.com\/catalogo\/wp-json\/wp\/v2\/product_cat?post=98131"},{"taxonomy":"product_tag","embeddable":true,"href":"https:\/\/letrame.com\/catalogo\/wp-json\/wp\/v2\/product_tag?post=98131"}],"curies":[{"name":"wp","href":"https:\/\/api.w.org\/{rel}","templated":true}]}}