{"id":98126,"date":"2024-04-29T14:49:32","date_gmt":"2024-04-29T12:49:32","guid":{"rendered":"https:\/\/letrame.com\/catalogo\/producto\/perspectivas-intimas-y-otras\/"},"modified":"2024-08-12T11:12:17","modified_gmt":"2024-08-12T09:12:17","slug":"perspectivas-intimas-y-otras","status":"publish","type":"product","link":"https:\/\/letrame.com\/catalogo\/producto\/perspectivas-intimas-y-otras\/","title":{"rendered":"Perspectivas \u00edntimas y otras"},"content":{"rendered":"<p><strong>ISBN<\/strong>: 978-84-1144-209-1<\/p>\n<p><strong>T\u00edtulo<\/strong>: <span data-sheets-value=\"{&quot;1&quot;:2,&quot;2&quot;:&quot;Perspectivas \u00edntimas y otras&quot;}\" data-sheets-userformat=\"{&quot;2&quot;:515,&quot;3&quot;:{&quot;1&quot;:0},&quot;4&quot;:{&quot;1&quot;:2,&quot;2&quot;:14281427},&quot;12&quot;:0}\">Perspectivas \u00edntimas y otras<\/span><br \/>\n<strong>Fecha<\/strong>: 2022<br \/>\n<strong>P\u00e1ginas<\/strong>: 276<\/p>\n<p><strong>SINOPSIS<\/strong><\/p>\n<p>En repetidas ocasiones ha se\u00f1alado que no escribe para ense\u00f1ar nada a nadie o aleccionar, sino para hablar de \u00e9l y dar a conocer sus opiniones. Quiere profundizar, ya que opinar requiere siempre una reflexi\u00f3n previa y aprender a escuchar. A\u00f1ade que siempre intent\u00f3 mantenerse al margen de apriorismos y dogmas, no estando contaminado por t\u00f3picos o por una moral equivocada. Solo intent\u00f3 descubrir en muchos terrenos lo que no sab\u00eda, y tener opini\u00f3n propia.<\/p>\n<p>Con la claridad y desenfado que le caracteriza, ha manifestado que su prop\u00f3sito al escribir este libro utiliz\u00f3 la palabra perspectiva como t\u00edtulo, porque es en el punto de fuga de la misma donde convergen todas las l\u00edneas aunque en la realidad sean paralelas, es decir, l\u00edneas condenadas a no tocarse nunca puesto que corresponden a criterios y miradas sobre vivencias o asuntos diferentes, pero que al ser \u00e9l quien las expone se convierte en el punto de fuga. Aunque algunos art\u00edculos son autobiogr\u00e1ficos, el libro no lo es, ni es tampoco una novela, ni un ensayo y est\u00e1 en sinton\u00eda con el estilo de sus libros anteriores.<\/p>\n<p>Como escritor, ofrece sus opiniones nada convencionales, originales, alejadas de dogmatismos y prejuicios, en las que muestra con reiteraci\u00f3n y valent\u00eda su independencia de criterio, su originalidad y su libertad de expresi\u00f3n. En 2019 public\u00f3 El interlocutor inexistente y Reflexiones y devaneos y a mitad del 2020 El Libro y otros relatos y Notas dispersas. Fue a comienzos de 2022 cuando en esta misma editorial public\u00f3 Vivencias y opiniones y solo unos meses m\u00e1s tarde Vivir y algunas glosas. El actual Perspectivas \u00edntimas y otras ser\u00e1 su tercer libro de este a\u00f1o y el s\u00e9ptimo de su corta pero intensa carrera literaria.<\/p>\n","protected":false},"excerpt":{"rendered":"<p><strong>ISBN<\/strong>: 978-84-1144-209-1<\/p>\n<p><strong>SINOPSIS<\/strong><\/p>\n<p>En repetidas ocasiones ha se\u00f1alado que no escribe para ense\u00f1ar nada a nadie o aleccionar, sino para hablar de \u00e9l y dar a conocer sus opiniones. Quiere profundizar, ya que opinar requiere siempre una reflexi\u00f3n previa y aprender a escuchar. A\u00f1ade que siempre intent\u00f3 mantenerse al margen de apriorismos y dogmas, no estando contaminado por t\u00f3picos o por una moral equivocada. Solo intent\u00f3 descubrir en muchos terrenos lo que no sab\u00eda, y tener opini\u00f3n propia.<\/p>\n<p>Con la claridad y desenfado que le caracteriza, ha manifestado que su prop\u00f3sito al escribir este libro utiliz\u00f3 la palabra perspectiva como t\u00edtulo, porque es en el punto de fuga de la misma donde convergen todas las l\u00edneas aunque en la realidad sean paralelas, es decir, l\u00edneas condenadas a no tocarse nunca puesto que corresponden a criterios y miradas sobre vivencias o asuntos diferentes, pero que al ser \u00e9l quien las expone se convierte en el punto de fuga. Aunque algunos art\u00edculos son autobiogr\u00e1ficos, el libro no lo es, ni es tampoco una novela, ni un ensayo y est\u00e1 en sinton\u00eda con el estilo de sus libros anteriores.<\/p>\n<p>Como escritor, ofrece sus opiniones nada convencionales, originales, alejadas de dogmatismos y prejuicios, en las que muestra con reiteraci\u00f3n y valent\u00eda su independencia de criterio, su originalidad y su libertad de expresi\u00f3n. En 2019 public\u00f3 El interlocutor inexistente y Reflexiones y devaneos y a mitad del 2020 El Libro y otros relatos y Notas dispersas. Fue a comienzos de 2022 cuando en esta misma editorial public\u00f3 Vivencias y opiniones y solo unos meses m\u00e1s tarde Vivir y algunas glosas. El actual Perspectivas \u00edntimas y otras ser\u00e1 su tercer libro de este a\u00f1o y el s\u00e9ptimo de su corta pero intensa carrera literaria.<\/p>\n","protected":false},"featured_media":98127,"comment_status":"closed","ping_status":"closed","template":"","meta":{"_acf_changed":false},"libro":[],"product_brand":[],"product_cat":[26],"product_tag":[],"class_list":{"0":"post-98126","1":"product","2":"type-product","3":"status-publish","4":"has-post-thumbnail","6":"product_cat-sin-categoria","8":"first","9":"instock","10":"product-type-simple"},"acf":{"autor":[76343],"enlace_de_compra":"https:\/\/amzn.to\/4dH0hkS"},"yoast_head":"<!-- This site is optimized with the Yoast SEO plugin v27.4 - https:\/\/yoast.com\/product\/yoast-seo-wordpress\/ -->\n<title>Perspectivas \u00edntimas y otras - Catalogo | Letrame Grupo Editorial<\/title>\n<meta name=\"robots\" content=\"index, follow, max-snippet:-1, max-image-preview:large, max-video-preview:-1\" \/>\n<link rel=\"canonical\" href=\"https:\/\/letrame.com\/catalogo\/producto\/perspectivas-intimas-y-otras\/\" \/>\n<meta property=\"og:locale\" content=\"es_ES\" \/>\n<meta property=\"og:type\" content=\"article\" \/>\n<meta property=\"og:title\" content=\"Perspectivas \u00edntimas y otras - Catalogo | Letrame Grupo Editorial\" \/>\n<meta property=\"og:description\" content=\"ISBN: 978-84-1144-209-1  SINOPSIS  En repetidas ocasiones ha se\u00f1alado que no escribe para ense\u00f1ar nada a nadie o aleccionar, sino para hablar de \u00e9l y dar a conocer sus opiniones. Quiere profundizar, ya que opinar requiere siempre una reflexi\u00f3n previa y aprender a escuchar. A\u00f1ade que siempre intent\u00f3 mantenerse al margen de apriorismos y dogmas, no estando contaminado por t\u00f3picos o por una moral equivocada. Solo intent\u00f3 descubrir en muchos terrenos lo que no sab\u00eda, y tener opini\u00f3n propia.  Con la claridad y desenfado que le caracteriza, ha manifestado que su prop\u00f3sito al escribir este libro utiliz\u00f3 la palabra perspectiva como t\u00edtulo, porque es en el punto de fuga de la misma donde convergen todas las l\u00edneas aunque en la realidad sean paralelas, es decir, l\u00edneas condenadas a no tocarse nunca puesto que corresponden a criterios y miradas sobre vivencias o asuntos diferentes, pero que al ser \u00e9l quien las expone se convierte en el punto de fuga. Aunque algunos art\u00edculos son autobiogr\u00e1ficos, el libro no lo es, ni es tampoco una novela, ni un ensayo y est\u00e1 en sinton\u00eda con el estilo de sus libros anteriores.  Como escritor, ofrece sus opiniones nada convencionales, originales, alejadas de dogmatismos y prejuicios, en las que muestra con reiteraci\u00f3n y valent\u00eda su independencia de criterio, su originalidad y su libertad de expresi\u00f3n. En 2019 public\u00f3 El interlocutor inexistente y Reflexiones y devaneos y a mitad del 2020 El Libro y otros relatos y Notas dispersas. Fue a comienzos de 2022 cuando en esta misma editorial public\u00f3 Vivencias y opiniones y solo unos meses m\u00e1s tarde Vivir y algunas glosas. El actual Perspectivas \u00edntimas y otras ser\u00e1 su tercer libro de este a\u00f1o y el s\u00e9ptimo de su corta pero intensa carrera literaria.\" \/>\n<meta property=\"og:url\" content=\"https:\/\/letrame.com\/catalogo\/producto\/perspectivas-intimas-y-otras\/\" \/>\n<meta property=\"og:site_name\" content=\"Catalogo | Letrame Grupo Editorial\" \/>\n<meta property=\"article:modified_time\" content=\"2024-08-12T09:12:17+00:00\" \/>\n<meta property=\"og:image\" content=\"https:\/\/letrame.com\/catalogo\/wp-content\/uploads\/2024\/04\/redportada_perpestivas_138mm-compressed.jpg\" \/>\n\t<meta property=\"og:image:width\" content=\"601\" \/>\n\t<meta property=\"og:image:height\" content=\"935\" \/>\n\t<meta property=\"og:image:type\" content=\"image\/jpeg\" \/>\n<meta name=\"twitter:card\" content=\"summary_large_image\" \/>\n<meta name=\"twitter:label1\" content=\"Tiempo de lectura\" \/>\n\t<meta name=\"twitter:data1\" content=\"2 minutos\" \/>\n<script type=\"application\/ld+json\" class=\"yoast-schema-graph\">{\"@context\":\"https:\\\/\\\/schema.org\",\"@graph\":[{\"@type\":\"WebPage\",\"@id\":\"https:\\\/\\\/letrame.com\\\/catalogo\\\/producto\\\/perspectivas-intimas-y-otras\\\/\",\"url\":\"https:\\\/\\\/letrame.com\\\/catalogo\\\/producto\\\/perspectivas-intimas-y-otras\\\/\",\"name\":\"Perspectivas \u00edntimas y otras - Catalogo | Letrame Grupo Editorial\",\"isPartOf\":{\"@id\":\"https:\\\/\\\/letrame.com\\\/catalogo\\\/#website\"},\"primaryImageOfPage\":{\"@id\":\"https:\\\/\\\/letrame.com\\\/catalogo\\\/producto\\\/perspectivas-intimas-y-otras\\\/#primaryimage\"},\"image\":{\"@id\":\"https:\\\/\\\/letrame.com\\\/catalogo\\\/producto\\\/perspectivas-intimas-y-otras\\\/#primaryimage\"},\"thumbnailUrl\":\"https:\\\/\\\/letrame.com\\\/catalogo\\\/wp-content\\\/uploads\\\/2024\\\/04\\\/redportada_perpestivas_138mm-compressed.jpg\",\"datePublished\":\"2024-04-29T12:49:32+00:00\",\"dateModified\":\"2024-08-12T09:12:17+00:00\",\"breadcrumb\":{\"@id\":\"https:\\\/\\\/letrame.com\\\/catalogo\\\/producto\\\/perspectivas-intimas-y-otras\\\/#breadcrumb\"},\"inLanguage\":\"es\",\"potentialAction\":[{\"@type\":\"ReadAction\",\"target\":[\"https:\\\/\\\/letrame.com\\\/catalogo\\\/producto\\\/perspectivas-intimas-y-otras\\\/\"]}]},{\"@type\":\"ImageObject\",\"inLanguage\":\"es\",\"@id\":\"https:\\\/\\\/letrame.com\\\/catalogo\\\/producto\\\/perspectivas-intimas-y-otras\\\/#primaryimage\",\"url\":\"https:\\\/\\\/letrame.com\\\/catalogo\\\/wp-content\\\/uploads\\\/2024\\\/04\\\/redportada_perpestivas_138mm-compressed.jpg\",\"contentUrl\":\"https:\\\/\\\/letrame.com\\\/catalogo\\\/wp-content\\\/uploads\\\/2024\\\/04\\\/redportada_perpestivas_138mm-compressed.jpg\",\"width\":601,\"height\":935},{\"@type\":\"BreadcrumbList\",\"@id\":\"https:\\\/\\\/letrame.com\\\/catalogo\\\/producto\\\/perspectivas-intimas-y-otras\\\/#breadcrumb\",\"itemListElement\":[{\"@type\":\"ListItem\",\"position\":1,\"name\":\"Portada\",\"item\":\"https:\\\/\\\/letrame.com\\\/catalogo\\\/\"},{\"@type\":\"ListItem\",\"position\":2,\"name\":\"Cat\u00e1logo\",\"item\":\"https:\\\/\\\/letrame.com\\\/catalogo\\\/\"},{\"@type\":\"ListItem\",\"position\":3,\"name\":\"Perspectivas \u00edntimas y otras\"}]},{\"@type\":\"WebSite\",\"@id\":\"https:\\\/\\\/letrame.com\\\/catalogo\\\/#website\",\"url\":\"https:\\\/\\\/letrame.com\\\/catalogo\\\/\",\"name\":\"Catalogo | Letrame Grupo Editorial\",\"description\":\"\",\"publisher\":{\"@id\":\"https:\\\/\\\/letrame.com\\\/catalogo\\\/#organization\"},\"potentialAction\":[{\"@type\":\"SearchAction\",\"target\":{\"@type\":\"EntryPoint\",\"urlTemplate\":\"https:\\\/\\\/letrame.com\\\/catalogo\\\/?s={search_term_string}\"},\"query-input\":{\"@type\":\"PropertyValueSpecification\",\"valueRequired\":true,\"valueName\":\"search_term_string\"}}],\"inLanguage\":\"es\"},{\"@type\":\"Organization\",\"@id\":\"https:\\\/\\\/letrame.com\\\/catalogo\\\/#organization\",\"name\":\"Catalogo | Letrame Grupo Editorial\",\"url\":\"https:\\\/\\\/letrame.com\\\/catalogo\\\/\",\"logo\":{\"@type\":\"ImageObject\",\"inLanguage\":\"es\",\"@id\":\"https:\\\/\\\/letrame.com\\\/catalogo\\\/#\\\/schema\\\/logo\\\/image\\\/\",\"url\":\"https:\\\/\\\/letrame.com\\\/catalogo\\\/wp-content\\\/uploads\\\/2024\\\/03\\\/logo2.webp\",\"contentUrl\":\"https:\\\/\\\/letrame.com\\\/catalogo\\\/wp-content\\\/uploads\\\/2024\\\/03\\\/logo2.webp\",\"width\":394,\"height\":128,\"caption\":\"Catalogo | Letrame Grupo Editorial\"},\"image\":{\"@id\":\"https:\\\/\\\/letrame.com\\\/catalogo\\\/#\\\/schema\\\/logo\\\/image\\\/\"}}]}<\/script>\n<!-- \/ Yoast SEO plugin. -->","yoast_head_json":{"title":"Perspectivas \u00edntimas y otras - Catalogo | Letrame Grupo Editorial","robots":{"index":"index","follow":"follow","max-snippet":"max-snippet:-1","max-image-preview":"max-image-preview:large","max-video-preview":"max-video-preview:-1"},"canonical":"https:\/\/letrame.com\/catalogo\/producto\/perspectivas-intimas-y-otras\/","og_locale":"es_ES","og_type":"article","og_title":"Perspectivas \u00edntimas y otras - Catalogo | Letrame Grupo Editorial","og_description":"ISBN: 978-84-1144-209-1  SINOPSIS  En repetidas ocasiones ha se\u00f1alado que no escribe para ense\u00f1ar nada a nadie o aleccionar, sino para hablar de \u00e9l y dar a conocer sus opiniones. Quiere profundizar, ya que opinar requiere siempre una reflexi\u00f3n previa y aprender a escuchar. A\u00f1ade que siempre intent\u00f3 mantenerse al margen de apriorismos y dogmas, no estando contaminado por t\u00f3picos o por una moral equivocada. Solo intent\u00f3 descubrir en muchos terrenos lo que no sab\u00eda, y tener opini\u00f3n propia.  Con la claridad y desenfado que le caracteriza, ha manifestado que su prop\u00f3sito al escribir este libro utiliz\u00f3 la palabra perspectiva como t\u00edtulo, porque es en el punto de fuga de la misma donde convergen todas las l\u00edneas aunque en la realidad sean paralelas, es decir, l\u00edneas condenadas a no tocarse nunca puesto que corresponden a criterios y miradas sobre vivencias o asuntos diferentes, pero que al ser \u00e9l quien las expone se convierte en el punto de fuga. Aunque algunos art\u00edculos son autobiogr\u00e1ficos, el libro no lo es, ni es tampoco una novela, ni un ensayo y est\u00e1 en sinton\u00eda con el estilo de sus libros anteriores.  Como escritor, ofrece sus opiniones nada convencionales, originales, alejadas de dogmatismos y prejuicios, en las que muestra con reiteraci\u00f3n y valent\u00eda su independencia de criterio, su originalidad y su libertad de expresi\u00f3n. En 2019 public\u00f3 El interlocutor inexistente y Reflexiones y devaneos y a mitad del 2020 El Libro y otros relatos y Notas dispersas. Fue a comienzos de 2022 cuando en esta misma editorial public\u00f3 Vivencias y opiniones y solo unos meses m\u00e1s tarde Vivir y algunas glosas. El actual Perspectivas \u00edntimas y otras ser\u00e1 su tercer libro de este a\u00f1o y el s\u00e9ptimo de su corta pero intensa carrera literaria.","og_url":"https:\/\/letrame.com\/catalogo\/producto\/perspectivas-intimas-y-otras\/","og_site_name":"Catalogo | Letrame Grupo Editorial","article_modified_time":"2024-08-12T09:12:17+00:00","og_image":[{"width":601,"height":935,"url":"https:\/\/letrame.com\/catalogo\/wp-content\/uploads\/2024\/04\/redportada_perpestivas_138mm-compressed.jpg","type":"image\/jpeg"}],"twitter_card":"summary_large_image","twitter_misc":{"Tiempo de lectura":"2 minutos"},"schema":{"@context":"https:\/\/schema.org","@graph":[{"@type":"WebPage","@id":"https:\/\/letrame.com\/catalogo\/producto\/perspectivas-intimas-y-otras\/","url":"https:\/\/letrame.com\/catalogo\/producto\/perspectivas-intimas-y-otras\/","name":"Perspectivas \u00edntimas y otras - Catalogo | Letrame Grupo Editorial","isPartOf":{"@id":"https:\/\/letrame.com\/catalogo\/#website"},"primaryImageOfPage":{"@id":"https:\/\/letrame.com\/catalogo\/producto\/perspectivas-intimas-y-otras\/#primaryimage"},"image":{"@id":"https:\/\/letrame.com\/catalogo\/producto\/perspectivas-intimas-y-otras\/#primaryimage"},"thumbnailUrl":"https:\/\/letrame.com\/catalogo\/wp-content\/uploads\/2024\/04\/redportada_perpestivas_138mm-compressed.jpg","datePublished":"2024-04-29T12:49:32+00:00","dateModified":"2024-08-12T09:12:17+00:00","breadcrumb":{"@id":"https:\/\/letrame.com\/catalogo\/producto\/perspectivas-intimas-y-otras\/#breadcrumb"},"inLanguage":"es","potentialAction":[{"@type":"ReadAction","target":["https:\/\/letrame.com\/catalogo\/producto\/perspectivas-intimas-y-otras\/"]}]},{"@type":"ImageObject","inLanguage":"es","@id":"https:\/\/letrame.com\/catalogo\/producto\/perspectivas-intimas-y-otras\/#primaryimage","url":"https:\/\/letrame.com\/catalogo\/wp-content\/uploads\/2024\/04\/redportada_perpestivas_138mm-compressed.jpg","contentUrl":"https:\/\/letrame.com\/catalogo\/wp-content\/uploads\/2024\/04\/redportada_perpestivas_138mm-compressed.jpg","width":601,"height":935},{"@type":"BreadcrumbList","@id":"https:\/\/letrame.com\/catalogo\/producto\/perspectivas-intimas-y-otras\/#breadcrumb","itemListElement":[{"@type":"ListItem","position":1,"name":"Portada","item":"https:\/\/letrame.com\/catalogo\/"},{"@type":"ListItem","position":2,"name":"Cat\u00e1logo","item":"https:\/\/letrame.com\/catalogo\/"},{"@type":"ListItem","position":3,"name":"Perspectivas \u00edntimas y otras"}]},{"@type":"WebSite","@id":"https:\/\/letrame.com\/catalogo\/#website","url":"https:\/\/letrame.com\/catalogo\/","name":"Catalogo | Letrame Grupo Editorial","description":"","publisher":{"@id":"https:\/\/letrame.com\/catalogo\/#organization"},"potentialAction":[{"@type":"SearchAction","target":{"@type":"EntryPoint","urlTemplate":"https:\/\/letrame.com\/catalogo\/?s={search_term_string}"},"query-input":{"@type":"PropertyValueSpecification","valueRequired":true,"valueName":"search_term_string"}}],"inLanguage":"es"},{"@type":"Organization","@id":"https:\/\/letrame.com\/catalogo\/#organization","name":"Catalogo | Letrame Grupo Editorial","url":"https:\/\/letrame.com\/catalogo\/","logo":{"@type":"ImageObject","inLanguage":"es","@id":"https:\/\/letrame.com\/catalogo\/#\/schema\/logo\/image\/","url":"https:\/\/letrame.com\/catalogo\/wp-content\/uploads\/2024\/03\/logo2.webp","contentUrl":"https:\/\/letrame.com\/catalogo\/wp-content\/uploads\/2024\/03\/logo2.webp","width":394,"height":128,"caption":"Catalogo | Letrame Grupo Editorial"},"image":{"@id":"https:\/\/letrame.com\/catalogo\/#\/schema\/logo\/image\/"}}]}},"_links":{"self":[{"href":"https:\/\/letrame.com\/catalogo\/wp-json\/wp\/v2\/product\/98126","targetHints":{"allow":["GET"]}}],"collection":[{"href":"https:\/\/letrame.com\/catalogo\/wp-json\/wp\/v2\/product"}],"about":[{"href":"https:\/\/letrame.com\/catalogo\/wp-json\/wp\/v2\/types\/product"}],"replies":[{"embeddable":true,"href":"https:\/\/letrame.com\/catalogo\/wp-json\/wp\/v2\/comments?post=98126"}],"acf:post":[{"embeddable":true,"href":"https:\/\/letrame.com\/catalogo\/wp-json\/wp\/v2\/author_book\/76343"}],"wp:featuredmedia":[{"embeddable":true,"href":"https:\/\/letrame.com\/catalogo\/wp-json\/wp\/v2\/media\/98127"}],"wp:attachment":[{"href":"https:\/\/letrame.com\/catalogo\/wp-json\/wp\/v2\/media?parent=98126"}],"wp:term":[{"taxonomy":"libro","embeddable":true,"href":"https:\/\/letrame.com\/catalogo\/wp-json\/wp\/v2\/libro?post=98126"},{"taxonomy":"product_brand","embeddable":true,"href":"https:\/\/letrame.com\/catalogo\/wp-json\/wp\/v2\/product_brand?post=98126"},{"taxonomy":"product_cat","embeddable":true,"href":"https:\/\/letrame.com\/catalogo\/wp-json\/wp\/v2\/product_cat?post=98126"},{"taxonomy":"product_tag","embeddable":true,"href":"https:\/\/letrame.com\/catalogo\/wp-json\/wp\/v2\/product_tag?post=98126"}],"curies":[{"name":"wp","href":"https:\/\/api.w.org\/{rel}","templated":true}]}}