{"id":98122,"date":"2024-04-29T14:49:07","date_gmt":"2024-04-29T12:49:07","guid":{"rendered":"https:\/\/letrame.com\/catalogo\/producto\/mi-puta-circunstancia\/"},"modified":"2024-08-12T11:28:58","modified_gmt":"2024-08-12T09:28:58","slug":"mi-puta-circunstancia","status":"publish","type":"product","link":"https:\/\/letrame.com\/catalogo\/producto\/mi-puta-circunstancia\/","title":{"rendered":"Mi puta circunstancia"},"content":{"rendered":"<p><strong>ISBN<\/strong>: 978-84-1114-961-7<\/p>\n<p><strong>T\u00edtulo<\/strong>: <span data-sheets-value=\"{&quot;1&quot;:2,&quot;2&quot;:&quot;Mi puta circunstancia&quot;}\" data-sheets-userformat=\"{&quot;2&quot;:579,&quot;3&quot;:{&quot;1&quot;:0},&quot;4&quot;:{&quot;1&quot;:2,&quot;2&quot;:14281427},&quot;9&quot;:1,&quot;12&quot;:0}\">Mi puta circunstancia<\/span><br \/>\n<strong>Fecha<\/strong>: 2022<br \/>\n<strong>P\u00e1ginas<\/strong>: 172<\/p>\n<p><strong>SINOPSIS<\/strong><\/p>\n<div class=\"react-pdf__Page css-158\" data-page-number=\"1\">\n<div class=\"react-pdf__Page__textContent textLayer\" data-main-rotation=\"0\"><span id=\"p3R_mc5\" class=\"markedContent\"><span dir=\"ltr\" role=\"presentation\"><span tabindex=\"0\">El mundo de G\u00fcnther<\/span><\/span> <span dir=\"ltr\" role=\"presentation\"><span tabindex=\"0\">se derrumba cuando presagiaba la felicidad propia y <\/span><\/span><span dir=\"ltr\" role=\"presentation\"><span tabindex=\"0\">duradera de la infancia. Una desgracia ignota se precipita sobre su vida y desencadena <\/span><\/span><span dir=\"ltr\" role=\"presentation\"><span tabindex=\"0\">la hecatombe de la mayor guerra conocida.<\/span><\/span><\/span><span id=\"p3R_mc6\" class=\"markedContent\"><br role=\"presentation\" \/><span dir=\"ltr\" role=\"presentation\"><span tabindex=\"0\">La novela trata de hacer comprender c\u00f3mo un pueblo culto puede verse inmerso <\/span><\/span><span dir=\"ltr\" role=\"presentation\"><span tabindex=\"0\">en un aquelarre de sangre y destrucci\u00f3n por la influencia de unos seres diab\u00f3licos que <\/span><\/span><span dir=\"ltr\" role=\"presentation\"><span tabindex=\"0\">prometen, a trav\u00e9s de un mensaje de supremac\u00eda de la raza aria, convertirse en los amos <\/span><\/span><span dir=\"ltr\" role=\"presentation\"><span tabindex=\"0\">del<\/span><\/span> <span dir=\"ltr\" role=\"presentation\"><span tabindex=\"0\">planeta.<\/span><\/span><\/span><span id=\"p3R_mc7\" class=\"markedContent\"><br role=\"presentation\" \/><span dir=\"ltr\" role=\"presentation\"><span tabindex=\"0\">Mi Puta Circunstancia<\/span><\/span> <span dir=\"ltr\" role=\"presentation\"><span tabindex=\"0\">narra las vicisitudes de un ni\u00f1o que ve desintegrarse ante <\/span><\/span><span dir=\"ltr\" role=\"presentation\"><span tabindex=\"0\">s<\/span><\/span><span dir=\"ltr\" role=\"presentation\"><span tabindex=\"0\">\u00ed<\/span><\/span> <span dir=\"ltr\" role=\"presentation\"><span tabindex=\"0\">la familia a la que pertenece. Todo a su alrededor se viene abajo y se ve obligado a <\/span><\/span><span dir=\"ltr\" role=\"presentation\"><span tabindex=\"0\">afrontar cada momento de su vida seg\u00fan observa desencadenarse los hechos.<\/span><\/span><\/span><span id=\"p3R_mc8\" class=\"markedContent\"><br role=\"presentation\" \/><span dir=\"ltr\" role=\"presentation\"><span tabindex=\"0\">Cuando llega la hora de decidir el futuro por s<\/span><\/span><span dir=\"ltr\" role=\"presentation\"><span tabindex=\"0\">\u00ed<\/span><\/span> <span dir=\"ltr\" role=\"presentation\"><span tabindex=\"0\">mismo<\/span><\/span><span dir=\"ltr\" role=\"presentation\"><span tabindex=\"0\">,<\/span><\/span> <span dir=\"ltr\" role=\"presentation\"><span tabindex=\"0\">se encuentra que el <\/span><\/span><span dir=\"ltr\" role=\"presentation\"><span tabindex=\"0\">tiempo transcurrido pesa mucho en sus decisiones.<\/span><\/span><\/span><span id=\"p3R_mc9\" class=\"markedContent\"><br role=\"presentation\" \/><span dir=\"ltr\" role=\"presentation\"><span tabindex=\"0\">La informaci\u00f3n geogr\u00e1fica, hist\u00f3rica y pol\u00edtica son de una gran precisi\u00f3n, de un <\/span><\/span><span dir=\"ltr\" role=\"presentation\"><span tabindex=\"0\">enorme rigor ver\u00eddico. Es preciso dejarse llevar, disfrutar de la narrativa de las <\/span><\/span><span dir=\"ltr\" role=\"presentation\"><span tabindex=\"0\">localizaciones y de la precisi\u00f3n en la psique de los protagonistas principales.<\/span><\/span><\/span><\/div>\n<\/div>\n","protected":false},"excerpt":{"rendered":"<p><strong>ISBN<\/strong>: 978-84-1114-961-7<\/p>\n<p><strong>SINOPSIS<\/strong><\/p>\n<div class=\"react-pdf__Page css-158\" data-page-number=\"1\">\n<div class=\"react-pdf__Page__textContent textLayer\" data-main-rotation=\"0\"><span id=\"p3R_mc5\" class=\"markedContent\"><span dir=\"ltr\" role=\"presentation\"><span tabindex=\"0\">El mundo de G\u00fcnther<\/span><\/span> <span dir=\"ltr\" role=\"presentation\"><span tabindex=\"0\">se derrumba cuando presagiaba la felicidad propia y <\/span><\/span><span dir=\"ltr\" role=\"presentation\"><span tabindex=\"0\">duradera de la infancia. Una desgracia ignota se precipita sobre su vida y desencadena <\/span><\/span><span dir=\"ltr\" role=\"presentation\"><span tabindex=\"0\">la hecatombe de la mayor guerra conocida.<\/span><\/span><\/span><span id=\"p3R_mc6\" class=\"markedContent\"><br role=\"presentation\" \/><span dir=\"ltr\" role=\"presentation\"><span tabindex=\"0\">La novela trata de hacer comprender c\u00f3mo un pueblo culto puede verse inmerso <\/span><\/span><span dir=\"ltr\" role=\"presentation\"><span tabindex=\"0\">en un aquelarre de sangre y destrucci\u00f3n por la influencia de unos seres diab\u00f3licos que <\/span><\/span><span dir=\"ltr\" role=\"presentation\"><span tabindex=\"0\">prometen, a trav\u00e9s de un mensaje de supremac\u00eda de la raza aria, convertirse en los amos <\/span><\/span><span dir=\"ltr\" role=\"presentation\"><span tabindex=\"0\">del<\/span><\/span> <span dir=\"ltr\" role=\"presentation\"><span tabindex=\"0\">planeta.<\/span><\/span><\/span><span id=\"p3R_mc7\" class=\"markedContent\"><br role=\"presentation\" \/><span dir=\"ltr\" role=\"presentation\"><span tabindex=\"0\">Mi Puta Circunstancia<\/span><\/span> <span dir=\"ltr\" role=\"presentation\"><span tabindex=\"0\">narra las vicisitudes de un ni\u00f1o que ve desintegrarse ante <\/span><\/span><span dir=\"ltr\" role=\"presentation\"><span tabindex=\"0\">s<\/span><\/span><span dir=\"ltr\" role=\"presentation\"><span tabindex=\"0\">\u00ed<\/span><\/span> <span dir=\"ltr\" role=\"presentation\"><span tabindex=\"0\">la familia a la que pertenece. Todo a su alrededor se viene abajo y se ve obligado a <\/span><\/span><span dir=\"ltr\" role=\"presentation\"><span tabindex=\"0\">afrontar cada momento de su vida seg\u00fan observa desencadenarse los hechos.<\/span><\/span><\/span><span id=\"p3R_mc8\" class=\"markedContent\"><br role=\"presentation\" \/><span dir=\"ltr\" role=\"presentation\"><span tabindex=\"0\">Cuando llega la hora de decidir el futuro por s<\/span><\/span><span dir=\"ltr\" role=\"presentation\"><span tabindex=\"0\">\u00ed<\/span><\/span> <span dir=\"ltr\" role=\"presentation\"><span tabindex=\"0\">mismo<\/span><\/span><span dir=\"ltr\" role=\"presentation\"><span tabindex=\"0\">,<\/span><\/span> <span dir=\"ltr\" role=\"presentation\"><span tabindex=\"0\">se encuentra que el <\/span><\/span><span dir=\"ltr\" role=\"presentation\"><span tabindex=\"0\">tiempo transcurrido pesa mucho en sus decisiones.<\/span><\/span><\/span><span id=\"p3R_mc9\" class=\"markedContent\"><br role=\"presentation\" \/><span dir=\"ltr\" role=\"presentation\"><span tabindex=\"0\">La informaci\u00f3n geogr\u00e1fica, hist\u00f3rica y pol\u00edtica son de una gran precisi\u00f3n, de un <\/span><\/span><span dir=\"ltr\" role=\"presentation\"><span tabindex=\"0\">enorme rigor ver\u00eddico. Es preciso dejarse llevar, disfrutar de la narrativa de las <\/span><\/span><span dir=\"ltr\" role=\"presentation\"><span tabindex=\"0\">localizaciones y de la precisi\u00f3n en la psique de los protagonistas principales.<\/span><\/span><\/span><\/div>\n<\/div>\n","protected":false},"featured_media":98123,"comment_status":"closed","ping_status":"closed","template":"","meta":{"_acf_changed":false},"libro":[],"product_brand":[],"product_cat":[26],"product_tag":[],"class_list":{"0":"post-98122","1":"product","2":"type-product","3":"status-publish","4":"has-post-thumbnail","6":"product_cat-sin-categoria","8":"first","9":"instock","10":"product-type-simple"},"acf":{"autor":[75570],"enlace_de_compra":""},"yoast_head":"<!-- This site is optimized with the Yoast SEO plugin v27.4 - https:\/\/yoast.com\/product\/yoast-seo-wordpress\/ -->\n<title>Mi puta circunstancia - Catalogo | Letrame Grupo Editorial<\/title>\n<meta name=\"robots\" content=\"index, follow, max-snippet:-1, max-image-preview:large, max-video-preview:-1\" \/>\n<link rel=\"canonical\" href=\"https:\/\/letrame.com\/catalogo\/producto\/mi-puta-circunstancia\/\" \/>\n<meta property=\"og:locale\" content=\"es_ES\" \/>\n<meta property=\"og:type\" content=\"article\" \/>\n<meta property=\"og:title\" content=\"Mi puta circunstancia - Catalogo | Letrame Grupo Editorial\" \/>\n<meta property=\"og:description\" content=\"ISBN: 978-84-1114-961-7  SINOPSIS  El mundo de G\u00fcnther se derrumba cuando presagiaba la felicidad propia y duradera de la infancia. Una desgracia ignota se precipita sobre su vida y desencadena la hecatombe de la mayor guerra conocida.La novela trata de hacer comprender c\u00f3mo un pueblo culto puede verse inmerso en un aquelarre de sangre y destrucci\u00f3n por la influencia de unos seres diab\u00f3licos que prometen, a trav\u00e9s de un mensaje de supremac\u00eda de la raza aria, convertirse en los amos del planeta.Mi Puta Circunstancia narra las vicisitudes de un ni\u00f1o que ve desintegrarse ante s\u00ed la familia a la que pertenece. Todo a su alrededor se viene abajo y se ve obligado a afrontar cada momento de su vida seg\u00fan observa desencadenarse los hechos.Cuando llega la hora de decidir el futuro por s\u00ed mismo, se encuentra que el tiempo transcurrido pesa mucho en sus decisiones.La informaci\u00f3n geogr\u00e1fica, hist\u00f3rica y pol\u00edtica son de una gran precisi\u00f3n, de un enorme rigor ver\u00eddico. Es preciso dejarse llevar, disfrutar de la narrativa de las localizaciones y de la precisi\u00f3n en la psique de los protagonistas principales.\" \/>\n<meta property=\"og:url\" content=\"https:\/\/letrame.com\/catalogo\/producto\/mi-puta-circunstancia\/\" \/>\n<meta property=\"og:site_name\" content=\"Catalogo | Letrame Grupo Editorial\" \/>\n<meta property=\"article:modified_time\" content=\"2024-08-12T09:28:58+00:00\" \/>\n<meta property=\"og:image\" content=\"https:\/\/letrame.com\/catalogo\/wp-content\/uploads\/2024\/04\/redportada_miputacircunstancia_9mm-compressed.jpg\" \/>\n\t<meta property=\"og:image:width\" content=\"601\" \/>\n\t<meta property=\"og:image:height\" content=\"881\" \/>\n\t<meta property=\"og:image:type\" content=\"image\/jpeg\" \/>\n<meta name=\"twitter:card\" content=\"summary_large_image\" \/>\n<meta name=\"twitter:label1\" content=\"Tiempo de lectura\" \/>\n\t<meta name=\"twitter:data1\" content=\"2 minutos\" \/>\n<script type=\"application\/ld+json\" class=\"yoast-schema-graph\">{\"@context\":\"https:\\\/\\\/schema.org\",\"@graph\":[{\"@type\":\"WebPage\",\"@id\":\"https:\\\/\\\/letrame.com\\\/catalogo\\\/producto\\\/mi-puta-circunstancia\\\/\",\"url\":\"https:\\\/\\\/letrame.com\\\/catalogo\\\/producto\\\/mi-puta-circunstancia\\\/\",\"name\":\"Mi puta circunstancia - Catalogo | Letrame Grupo Editorial\",\"isPartOf\":{\"@id\":\"https:\\\/\\\/letrame.com\\\/catalogo\\\/#website\"},\"primaryImageOfPage\":{\"@id\":\"https:\\\/\\\/letrame.com\\\/catalogo\\\/producto\\\/mi-puta-circunstancia\\\/#primaryimage\"},\"image\":{\"@id\":\"https:\\\/\\\/letrame.com\\\/catalogo\\\/producto\\\/mi-puta-circunstancia\\\/#primaryimage\"},\"thumbnailUrl\":\"https:\\\/\\\/letrame.com\\\/catalogo\\\/wp-content\\\/uploads\\\/2024\\\/04\\\/redportada_miputacircunstancia_9mm-compressed.jpg\",\"datePublished\":\"2024-04-29T12:49:07+00:00\",\"dateModified\":\"2024-08-12T09:28:58+00:00\",\"breadcrumb\":{\"@id\":\"https:\\\/\\\/letrame.com\\\/catalogo\\\/producto\\\/mi-puta-circunstancia\\\/#breadcrumb\"},\"inLanguage\":\"es\",\"potentialAction\":[{\"@type\":\"ReadAction\",\"target\":[\"https:\\\/\\\/letrame.com\\\/catalogo\\\/producto\\\/mi-puta-circunstancia\\\/\"]}]},{\"@type\":\"ImageObject\",\"inLanguage\":\"es\",\"@id\":\"https:\\\/\\\/letrame.com\\\/catalogo\\\/producto\\\/mi-puta-circunstancia\\\/#primaryimage\",\"url\":\"https:\\\/\\\/letrame.com\\\/catalogo\\\/wp-content\\\/uploads\\\/2024\\\/04\\\/redportada_miputacircunstancia_9mm-compressed.jpg\",\"contentUrl\":\"https:\\\/\\\/letrame.com\\\/catalogo\\\/wp-content\\\/uploads\\\/2024\\\/04\\\/redportada_miputacircunstancia_9mm-compressed.jpg\",\"width\":601,\"height\":881},{\"@type\":\"BreadcrumbList\",\"@id\":\"https:\\\/\\\/letrame.com\\\/catalogo\\\/producto\\\/mi-puta-circunstancia\\\/#breadcrumb\",\"itemListElement\":[{\"@type\":\"ListItem\",\"position\":1,\"name\":\"Portada\",\"item\":\"https:\\\/\\\/letrame.com\\\/catalogo\\\/\"},{\"@type\":\"ListItem\",\"position\":2,\"name\":\"Cat\u00e1logo\",\"item\":\"https:\\\/\\\/letrame.com\\\/catalogo\\\/\"},{\"@type\":\"ListItem\",\"position\":3,\"name\":\"Mi puta circunstancia\"}]},{\"@type\":\"WebSite\",\"@id\":\"https:\\\/\\\/letrame.com\\\/catalogo\\\/#website\",\"url\":\"https:\\\/\\\/letrame.com\\\/catalogo\\\/\",\"name\":\"Catalogo | Letrame Grupo Editorial\",\"description\":\"\",\"publisher\":{\"@id\":\"https:\\\/\\\/letrame.com\\\/catalogo\\\/#organization\"},\"potentialAction\":[{\"@type\":\"SearchAction\",\"target\":{\"@type\":\"EntryPoint\",\"urlTemplate\":\"https:\\\/\\\/letrame.com\\\/catalogo\\\/?s={search_term_string}\"},\"query-input\":{\"@type\":\"PropertyValueSpecification\",\"valueRequired\":true,\"valueName\":\"search_term_string\"}}],\"inLanguage\":\"es\"},{\"@type\":\"Organization\",\"@id\":\"https:\\\/\\\/letrame.com\\\/catalogo\\\/#organization\",\"name\":\"Catalogo | Letrame Grupo Editorial\",\"url\":\"https:\\\/\\\/letrame.com\\\/catalogo\\\/\",\"logo\":{\"@type\":\"ImageObject\",\"inLanguage\":\"es\",\"@id\":\"https:\\\/\\\/letrame.com\\\/catalogo\\\/#\\\/schema\\\/logo\\\/image\\\/\",\"url\":\"https:\\\/\\\/letrame.com\\\/catalogo\\\/wp-content\\\/uploads\\\/2024\\\/03\\\/logo2.webp\",\"contentUrl\":\"https:\\\/\\\/letrame.com\\\/catalogo\\\/wp-content\\\/uploads\\\/2024\\\/03\\\/logo2.webp\",\"width\":394,\"height\":128,\"caption\":\"Catalogo | Letrame Grupo Editorial\"},\"image\":{\"@id\":\"https:\\\/\\\/letrame.com\\\/catalogo\\\/#\\\/schema\\\/logo\\\/image\\\/\"}}]}<\/script>\n<!-- \/ Yoast SEO plugin. -->","yoast_head_json":{"title":"Mi puta circunstancia - Catalogo | Letrame Grupo Editorial","robots":{"index":"index","follow":"follow","max-snippet":"max-snippet:-1","max-image-preview":"max-image-preview:large","max-video-preview":"max-video-preview:-1"},"canonical":"https:\/\/letrame.com\/catalogo\/producto\/mi-puta-circunstancia\/","og_locale":"es_ES","og_type":"article","og_title":"Mi puta circunstancia - Catalogo | Letrame Grupo Editorial","og_description":"ISBN: 978-84-1114-961-7  SINOPSIS  El mundo de G\u00fcnther se derrumba cuando presagiaba la felicidad propia y duradera de la infancia. Una desgracia ignota se precipita sobre su vida y desencadena la hecatombe de la mayor guerra conocida.La novela trata de hacer comprender c\u00f3mo un pueblo culto puede verse inmerso en un aquelarre de sangre y destrucci\u00f3n por la influencia de unos seres diab\u00f3licos que prometen, a trav\u00e9s de un mensaje de supremac\u00eda de la raza aria, convertirse en los amos del planeta.Mi Puta Circunstancia narra las vicisitudes de un ni\u00f1o que ve desintegrarse ante s\u00ed la familia a la que pertenece. Todo a su alrededor se viene abajo y se ve obligado a afrontar cada momento de su vida seg\u00fan observa desencadenarse los hechos.Cuando llega la hora de decidir el futuro por s\u00ed mismo, se encuentra que el tiempo transcurrido pesa mucho en sus decisiones.La informaci\u00f3n geogr\u00e1fica, hist\u00f3rica y pol\u00edtica son de una gran precisi\u00f3n, de un enorme rigor ver\u00eddico. Es preciso dejarse llevar, disfrutar de la narrativa de las localizaciones y de la precisi\u00f3n en la psique de los protagonistas principales.","og_url":"https:\/\/letrame.com\/catalogo\/producto\/mi-puta-circunstancia\/","og_site_name":"Catalogo | Letrame Grupo Editorial","article_modified_time":"2024-08-12T09:28:58+00:00","og_image":[{"width":601,"height":881,"url":"https:\/\/letrame.com\/catalogo\/wp-content\/uploads\/2024\/04\/redportada_miputacircunstancia_9mm-compressed.jpg","type":"image\/jpeg"}],"twitter_card":"summary_large_image","twitter_misc":{"Tiempo de lectura":"2 minutos"},"schema":{"@context":"https:\/\/schema.org","@graph":[{"@type":"WebPage","@id":"https:\/\/letrame.com\/catalogo\/producto\/mi-puta-circunstancia\/","url":"https:\/\/letrame.com\/catalogo\/producto\/mi-puta-circunstancia\/","name":"Mi puta circunstancia - Catalogo | Letrame Grupo Editorial","isPartOf":{"@id":"https:\/\/letrame.com\/catalogo\/#website"},"primaryImageOfPage":{"@id":"https:\/\/letrame.com\/catalogo\/producto\/mi-puta-circunstancia\/#primaryimage"},"image":{"@id":"https:\/\/letrame.com\/catalogo\/producto\/mi-puta-circunstancia\/#primaryimage"},"thumbnailUrl":"https:\/\/letrame.com\/catalogo\/wp-content\/uploads\/2024\/04\/redportada_miputacircunstancia_9mm-compressed.jpg","datePublished":"2024-04-29T12:49:07+00:00","dateModified":"2024-08-12T09:28:58+00:00","breadcrumb":{"@id":"https:\/\/letrame.com\/catalogo\/producto\/mi-puta-circunstancia\/#breadcrumb"},"inLanguage":"es","potentialAction":[{"@type":"ReadAction","target":["https:\/\/letrame.com\/catalogo\/producto\/mi-puta-circunstancia\/"]}]},{"@type":"ImageObject","inLanguage":"es","@id":"https:\/\/letrame.com\/catalogo\/producto\/mi-puta-circunstancia\/#primaryimage","url":"https:\/\/letrame.com\/catalogo\/wp-content\/uploads\/2024\/04\/redportada_miputacircunstancia_9mm-compressed.jpg","contentUrl":"https:\/\/letrame.com\/catalogo\/wp-content\/uploads\/2024\/04\/redportada_miputacircunstancia_9mm-compressed.jpg","width":601,"height":881},{"@type":"BreadcrumbList","@id":"https:\/\/letrame.com\/catalogo\/producto\/mi-puta-circunstancia\/#breadcrumb","itemListElement":[{"@type":"ListItem","position":1,"name":"Portada","item":"https:\/\/letrame.com\/catalogo\/"},{"@type":"ListItem","position":2,"name":"Cat\u00e1logo","item":"https:\/\/letrame.com\/catalogo\/"},{"@type":"ListItem","position":3,"name":"Mi puta circunstancia"}]},{"@type":"WebSite","@id":"https:\/\/letrame.com\/catalogo\/#website","url":"https:\/\/letrame.com\/catalogo\/","name":"Catalogo | Letrame Grupo Editorial","description":"","publisher":{"@id":"https:\/\/letrame.com\/catalogo\/#organization"},"potentialAction":[{"@type":"SearchAction","target":{"@type":"EntryPoint","urlTemplate":"https:\/\/letrame.com\/catalogo\/?s={search_term_string}"},"query-input":{"@type":"PropertyValueSpecification","valueRequired":true,"valueName":"search_term_string"}}],"inLanguage":"es"},{"@type":"Organization","@id":"https:\/\/letrame.com\/catalogo\/#organization","name":"Catalogo | Letrame Grupo Editorial","url":"https:\/\/letrame.com\/catalogo\/","logo":{"@type":"ImageObject","inLanguage":"es","@id":"https:\/\/letrame.com\/catalogo\/#\/schema\/logo\/image\/","url":"https:\/\/letrame.com\/catalogo\/wp-content\/uploads\/2024\/03\/logo2.webp","contentUrl":"https:\/\/letrame.com\/catalogo\/wp-content\/uploads\/2024\/03\/logo2.webp","width":394,"height":128,"caption":"Catalogo | Letrame Grupo Editorial"},"image":{"@id":"https:\/\/letrame.com\/catalogo\/#\/schema\/logo\/image\/"}}]}},"_links":{"self":[{"href":"https:\/\/letrame.com\/catalogo\/wp-json\/wp\/v2\/product\/98122","targetHints":{"allow":["GET"]}}],"collection":[{"href":"https:\/\/letrame.com\/catalogo\/wp-json\/wp\/v2\/product"}],"about":[{"href":"https:\/\/letrame.com\/catalogo\/wp-json\/wp\/v2\/types\/product"}],"replies":[{"embeddable":true,"href":"https:\/\/letrame.com\/catalogo\/wp-json\/wp\/v2\/comments?post=98122"}],"acf:post":[{"embeddable":true,"href":"https:\/\/letrame.com\/catalogo\/wp-json\/wp\/v2\/author_book\/75570"}],"wp:featuredmedia":[{"embeddable":true,"href":"https:\/\/letrame.com\/catalogo\/wp-json\/wp\/v2\/media\/98123"}],"wp:attachment":[{"href":"https:\/\/letrame.com\/catalogo\/wp-json\/wp\/v2\/media?parent=98122"}],"wp:term":[{"taxonomy":"libro","embeddable":true,"href":"https:\/\/letrame.com\/catalogo\/wp-json\/wp\/v2\/libro?post=98122"},{"taxonomy":"product_brand","embeddable":true,"href":"https:\/\/letrame.com\/catalogo\/wp-json\/wp\/v2\/product_brand?post=98122"},{"taxonomy":"product_cat","embeddable":true,"href":"https:\/\/letrame.com\/catalogo\/wp-json\/wp\/v2\/product_cat?post=98122"},{"taxonomy":"product_tag","embeddable":true,"href":"https:\/\/letrame.com\/catalogo\/wp-json\/wp\/v2\/product_tag?post=98122"}],"curies":[{"name":"wp","href":"https:\/\/api.w.org\/{rel}","templated":true}]}}