{"id":98117,"date":"2024-04-29T14:48:56","date_gmt":"2024-04-29T12:48:56","guid":{"rendered":"https:\/\/letrame.com\/catalogo\/producto\/pirata-a-bordo\/"},"modified":"2024-04-29T14:49:02","modified_gmt":"2024-04-29T12:49:02","slug":"pirata-a-bordo","status":"publish","type":"product","link":"https:\/\/letrame.com\/catalogo\/producto\/pirata-a-bordo\/","title":{"rendered":"Pirata a bordo"},"content":{"rendered":"<p><strong>ISBN<\/strong>: 978-84-1144-159-9<\/p>\n<p><strong>T\u00edtulo<\/strong>: <span data-sheets-value=\"{&quot;1&quot;:2,&quot;2&quot;:&quot;Pirata a bordo&quot;}\" data-sheets-userformat=\"{&quot;2&quot;:515,&quot;3&quot;:{&quot;1&quot;:0},&quot;4&quot;:{&quot;1&quot;:2,&quot;2&quot;:14281427},&quot;12&quot;:0}\">Pirata a bordo<\/span><br \/>\n<strong>Fecha<\/strong>: 2022<br \/>\n<strong>P\u00e1ginas<\/strong>: 116<\/p>\n<p><strong>SINOPSIS<\/strong><\/p>\n<p>En este libro cuento mi experiencia como paciente de un c\u00e1ncer infantil con tan solo 10 a\u00f1os. Este fue mi diagn\u00f3stico, que durar\u00eda los pr\u00f3ximos 18 meses de mi vida con un tratamiento de quimioterapia.<\/p>\n<p>Hablo de lo bueno y de lo malo y doy mi opini\u00f3n personal acerca de todo lo que he sentido esos meses y todos los a\u00f1os posteriores despu\u00e9s de haber terminado el tratamiento. Hay muchos detalles que se ocultan o se niegan cara al p\u00fablico respecto a esta enfermedad y quiero que se conozca todo lo que hay detr\u00e1s del c\u00e1ncer.<\/p>\n<p>Ojal\u00e1 sirva de ayuda y apoyo para quienes est\u00e1n pasando por algo similar o tienen alg\u00fan caso cerca. Ni lo malo es tan malo como se plantea, ni lo bueno, tan bueno como aparenta. Esto \u00faltimo quiz\u00e1s sea incluso mejor.<\/p>\n<p>A partir de aqu\u00ed, ya empezar\u00eda el libro.<\/p>\n","protected":false},"excerpt":{"rendered":"<p><strong>ISBN<\/strong>: 978-84-1144-159-9<\/p>\n<p>En este libro cuento mi experiencia como paciente de un c\u00e1ncer infantil con tan solo 10 a\u00f1os. Este fue mi diagn\u00f3stico, que durar\u00eda los pr\u00f3ximos 18 meses de mi vida con un tratamiento de quimioterapia.<\/p>\n<p>Hablo de lo bueno y de lo malo y doy mi opini\u00f3n personal acerca de todo lo que he sentido esos meses y todos los a\u00f1os posteriores despu\u00e9s de haber terminado el tratamiento. Hay muchos detalles que se ocultan o se niegan cara al p\u00fablico respecto a esta enfermedad y quiero que se conozca todo lo que hay detr\u00e1s del c\u00e1ncer.<\/p>\n<p>Ojal\u00e1 sirva de ayuda y apoyo para quienes est\u00e1n pasando por algo similar o tienen alg\u00fan caso cerca. Ni lo malo es tan malo como se plantea, ni lo bueno, tan bueno como aparenta. Esto \u00faltimo quiz\u00e1s sea incluso mejor.<\/p>\n<p>A partir de aqu\u00ed, ya empezar\u00eda el libro.<\/p>\n","protected":false},"featured_media":98118,"comment_status":"closed","ping_status":"open","template":"","meta":{"_acf_changed":false},"libro":[],"product_brand":[],"product_cat":[26],"product_tag":[],"class_list":{"0":"post-98117","1":"product","2":"type-product","3":"status-publish","4":"has-post-thumbnail","6":"product_cat-sin-categoria","8":"first","9":"instock","10":"product-type-simple"},"acf":{"autor":[76640],"enlace_de_compra":""},"yoast_head":"<!-- This site is optimized with the Yoast SEO plugin v27.4 - https:\/\/yoast.com\/product\/yoast-seo-wordpress\/ -->\n<title>Pirata a bordo - Catalogo | Letrame Grupo Editorial<\/title>\n<meta name=\"robots\" content=\"index, follow, max-snippet:-1, max-image-preview:large, max-video-preview:-1\" \/>\n<link rel=\"canonical\" href=\"https:\/\/letrame.com\/catalogo\/producto\/pirata-a-bordo\/\" \/>\n<meta property=\"og:locale\" content=\"es_ES\" \/>\n<meta property=\"og:type\" content=\"article\" \/>\n<meta property=\"og:title\" content=\"Pirata a bordo - Catalogo | Letrame Grupo Editorial\" \/>\n<meta property=\"og:description\" content=\"ISBN: 978-84-1144-159-9 En este libro cuento mi experiencia como paciente de un c\u00e1ncer infantil con tan solo 10 a\u00f1os. Este fue mi diagn\u00f3stico, que durar\u00eda los pr\u00f3ximos 18 meses de mi vida con un tratamiento de quimioterapia. Hablo de lo bueno y de lo malo y doy mi opini\u00f3n personal acerca de todo lo que he sentido esos meses y todos los a\u00f1os posteriores despu\u00e9s de haber terminado el tratamiento. Hay muchos detalles que se ocultan o se niegan cara al p\u00fablico respecto a esta enfermedad y quiero que se conozca todo lo que hay detr\u00e1s del c\u00e1ncer. Ojal\u00e1 sirva de ayuda y apoyo para quienes est\u00e1n pasando por algo similar o tienen alg\u00fan caso cerca. Ni lo malo es tan malo como se plantea, ni lo bueno, tan bueno como aparenta. Esto \u00faltimo quiz\u00e1s sea incluso mejor. A partir de aqu\u00ed, ya empezar\u00eda el libro.\" \/>\n<meta property=\"og:url\" content=\"https:\/\/letrame.com\/catalogo\/producto\/pirata-a-bordo\/\" \/>\n<meta property=\"og:site_name\" content=\"Catalogo | Letrame Grupo Editorial\" \/>\n<meta property=\"article:modified_time\" content=\"2024-04-29T12:49:02+00:00\" \/>\n<meta property=\"og:image\" content=\"https:\/\/letrame.com\/catalogo\/wp-content\/uploads\/2024\/04\/redportada_pirataabordo_642mm-compressed.jpg\" \/>\n\t<meta property=\"og:image:width\" content=\"601\" \/>\n\t<meta property=\"og:image:height\" content=\"881\" \/>\n\t<meta property=\"og:image:type\" content=\"image\/jpeg\" \/>\n<meta name=\"twitter:card\" content=\"summary_large_image\" \/>\n<meta name=\"twitter:label1\" content=\"Tiempo de lectura\" \/>\n\t<meta name=\"twitter:data1\" content=\"1 minuto\" \/>\n<script type=\"application\/ld+json\" class=\"yoast-schema-graph\">{\"@context\":\"https:\\\/\\\/schema.org\",\"@graph\":[{\"@type\":\"WebPage\",\"@id\":\"https:\\\/\\\/letrame.com\\\/catalogo\\\/producto\\\/pirata-a-bordo\\\/\",\"url\":\"https:\\\/\\\/letrame.com\\\/catalogo\\\/producto\\\/pirata-a-bordo\\\/\",\"name\":\"Pirata a bordo - Catalogo | Letrame Grupo Editorial\",\"isPartOf\":{\"@id\":\"https:\\\/\\\/letrame.com\\\/catalogo\\\/#website\"},\"primaryImageOfPage\":{\"@id\":\"https:\\\/\\\/letrame.com\\\/catalogo\\\/producto\\\/pirata-a-bordo\\\/#primaryimage\"},\"image\":{\"@id\":\"https:\\\/\\\/letrame.com\\\/catalogo\\\/producto\\\/pirata-a-bordo\\\/#primaryimage\"},\"thumbnailUrl\":\"https:\\\/\\\/letrame.com\\\/catalogo\\\/wp-content\\\/uploads\\\/2024\\\/04\\\/redportada_pirataabordo_642mm-compressed.jpg\",\"datePublished\":\"2024-04-29T12:48:56+00:00\",\"dateModified\":\"2024-04-29T12:49:02+00:00\",\"breadcrumb\":{\"@id\":\"https:\\\/\\\/letrame.com\\\/catalogo\\\/producto\\\/pirata-a-bordo\\\/#breadcrumb\"},\"inLanguage\":\"es\",\"potentialAction\":[{\"@type\":\"ReadAction\",\"target\":[\"https:\\\/\\\/letrame.com\\\/catalogo\\\/producto\\\/pirata-a-bordo\\\/\"]}]},{\"@type\":\"ImageObject\",\"inLanguage\":\"es\",\"@id\":\"https:\\\/\\\/letrame.com\\\/catalogo\\\/producto\\\/pirata-a-bordo\\\/#primaryimage\",\"url\":\"https:\\\/\\\/letrame.com\\\/catalogo\\\/wp-content\\\/uploads\\\/2024\\\/04\\\/redportada_pirataabordo_642mm-compressed.jpg\",\"contentUrl\":\"https:\\\/\\\/letrame.com\\\/catalogo\\\/wp-content\\\/uploads\\\/2024\\\/04\\\/redportada_pirataabordo_642mm-compressed.jpg\",\"width\":601,\"height\":881},{\"@type\":\"BreadcrumbList\",\"@id\":\"https:\\\/\\\/letrame.com\\\/catalogo\\\/producto\\\/pirata-a-bordo\\\/#breadcrumb\",\"itemListElement\":[{\"@type\":\"ListItem\",\"position\":1,\"name\":\"Portada\",\"item\":\"https:\\\/\\\/letrame.com\\\/catalogo\\\/\"},{\"@type\":\"ListItem\",\"position\":2,\"name\":\"Cat\u00e1logo\",\"item\":\"https:\\\/\\\/letrame.com\\\/catalogo\\\/\"},{\"@type\":\"ListItem\",\"position\":3,\"name\":\"Pirata a bordo\"}]},{\"@type\":\"WebSite\",\"@id\":\"https:\\\/\\\/letrame.com\\\/catalogo\\\/#website\",\"url\":\"https:\\\/\\\/letrame.com\\\/catalogo\\\/\",\"name\":\"Catalogo | Letrame Grupo Editorial\",\"description\":\"\",\"publisher\":{\"@id\":\"https:\\\/\\\/letrame.com\\\/catalogo\\\/#organization\"},\"potentialAction\":[{\"@type\":\"SearchAction\",\"target\":{\"@type\":\"EntryPoint\",\"urlTemplate\":\"https:\\\/\\\/letrame.com\\\/catalogo\\\/?s={search_term_string}\"},\"query-input\":{\"@type\":\"PropertyValueSpecification\",\"valueRequired\":true,\"valueName\":\"search_term_string\"}}],\"inLanguage\":\"es\"},{\"@type\":\"Organization\",\"@id\":\"https:\\\/\\\/letrame.com\\\/catalogo\\\/#organization\",\"name\":\"Catalogo | Letrame Grupo Editorial\",\"url\":\"https:\\\/\\\/letrame.com\\\/catalogo\\\/\",\"logo\":{\"@type\":\"ImageObject\",\"inLanguage\":\"es\",\"@id\":\"https:\\\/\\\/letrame.com\\\/catalogo\\\/#\\\/schema\\\/logo\\\/image\\\/\",\"url\":\"https:\\\/\\\/letrame.com\\\/catalogo\\\/wp-content\\\/uploads\\\/2024\\\/03\\\/logo2.webp\",\"contentUrl\":\"https:\\\/\\\/letrame.com\\\/catalogo\\\/wp-content\\\/uploads\\\/2024\\\/03\\\/logo2.webp\",\"width\":394,\"height\":128,\"caption\":\"Catalogo | Letrame Grupo Editorial\"},\"image\":{\"@id\":\"https:\\\/\\\/letrame.com\\\/catalogo\\\/#\\\/schema\\\/logo\\\/image\\\/\"}}]}<\/script>\n<!-- \/ Yoast SEO plugin. -->","yoast_head_json":{"title":"Pirata a bordo - Catalogo | Letrame Grupo Editorial","robots":{"index":"index","follow":"follow","max-snippet":"max-snippet:-1","max-image-preview":"max-image-preview:large","max-video-preview":"max-video-preview:-1"},"canonical":"https:\/\/letrame.com\/catalogo\/producto\/pirata-a-bordo\/","og_locale":"es_ES","og_type":"article","og_title":"Pirata a bordo - Catalogo | Letrame Grupo Editorial","og_description":"ISBN: 978-84-1144-159-9 En este libro cuento mi experiencia como paciente de un c\u00e1ncer infantil con tan solo 10 a\u00f1os. Este fue mi diagn\u00f3stico, que durar\u00eda los pr\u00f3ximos 18 meses de mi vida con un tratamiento de quimioterapia. Hablo de lo bueno y de lo malo y doy mi opini\u00f3n personal acerca de todo lo que he sentido esos meses y todos los a\u00f1os posteriores despu\u00e9s de haber terminado el tratamiento. Hay muchos detalles que se ocultan o se niegan cara al p\u00fablico respecto a esta enfermedad y quiero que se conozca todo lo que hay detr\u00e1s del c\u00e1ncer. Ojal\u00e1 sirva de ayuda y apoyo para quienes est\u00e1n pasando por algo similar o tienen alg\u00fan caso cerca. Ni lo malo es tan malo como se plantea, ni lo bueno, tan bueno como aparenta. Esto \u00faltimo quiz\u00e1s sea incluso mejor. A partir de aqu\u00ed, ya empezar\u00eda el libro.","og_url":"https:\/\/letrame.com\/catalogo\/producto\/pirata-a-bordo\/","og_site_name":"Catalogo | Letrame Grupo Editorial","article_modified_time":"2024-04-29T12:49:02+00:00","og_image":[{"width":601,"height":881,"url":"https:\/\/letrame.com\/catalogo\/wp-content\/uploads\/2024\/04\/redportada_pirataabordo_642mm-compressed.jpg","type":"image\/jpeg"}],"twitter_card":"summary_large_image","twitter_misc":{"Tiempo de lectura":"1 minuto"},"schema":{"@context":"https:\/\/schema.org","@graph":[{"@type":"WebPage","@id":"https:\/\/letrame.com\/catalogo\/producto\/pirata-a-bordo\/","url":"https:\/\/letrame.com\/catalogo\/producto\/pirata-a-bordo\/","name":"Pirata a bordo - Catalogo | Letrame Grupo Editorial","isPartOf":{"@id":"https:\/\/letrame.com\/catalogo\/#website"},"primaryImageOfPage":{"@id":"https:\/\/letrame.com\/catalogo\/producto\/pirata-a-bordo\/#primaryimage"},"image":{"@id":"https:\/\/letrame.com\/catalogo\/producto\/pirata-a-bordo\/#primaryimage"},"thumbnailUrl":"https:\/\/letrame.com\/catalogo\/wp-content\/uploads\/2024\/04\/redportada_pirataabordo_642mm-compressed.jpg","datePublished":"2024-04-29T12:48:56+00:00","dateModified":"2024-04-29T12:49:02+00:00","breadcrumb":{"@id":"https:\/\/letrame.com\/catalogo\/producto\/pirata-a-bordo\/#breadcrumb"},"inLanguage":"es","potentialAction":[{"@type":"ReadAction","target":["https:\/\/letrame.com\/catalogo\/producto\/pirata-a-bordo\/"]}]},{"@type":"ImageObject","inLanguage":"es","@id":"https:\/\/letrame.com\/catalogo\/producto\/pirata-a-bordo\/#primaryimage","url":"https:\/\/letrame.com\/catalogo\/wp-content\/uploads\/2024\/04\/redportada_pirataabordo_642mm-compressed.jpg","contentUrl":"https:\/\/letrame.com\/catalogo\/wp-content\/uploads\/2024\/04\/redportada_pirataabordo_642mm-compressed.jpg","width":601,"height":881},{"@type":"BreadcrumbList","@id":"https:\/\/letrame.com\/catalogo\/producto\/pirata-a-bordo\/#breadcrumb","itemListElement":[{"@type":"ListItem","position":1,"name":"Portada","item":"https:\/\/letrame.com\/catalogo\/"},{"@type":"ListItem","position":2,"name":"Cat\u00e1logo","item":"https:\/\/letrame.com\/catalogo\/"},{"@type":"ListItem","position":3,"name":"Pirata a bordo"}]},{"@type":"WebSite","@id":"https:\/\/letrame.com\/catalogo\/#website","url":"https:\/\/letrame.com\/catalogo\/","name":"Catalogo | Letrame Grupo Editorial","description":"","publisher":{"@id":"https:\/\/letrame.com\/catalogo\/#organization"},"potentialAction":[{"@type":"SearchAction","target":{"@type":"EntryPoint","urlTemplate":"https:\/\/letrame.com\/catalogo\/?s={search_term_string}"},"query-input":{"@type":"PropertyValueSpecification","valueRequired":true,"valueName":"search_term_string"}}],"inLanguage":"es"},{"@type":"Organization","@id":"https:\/\/letrame.com\/catalogo\/#organization","name":"Catalogo | Letrame Grupo Editorial","url":"https:\/\/letrame.com\/catalogo\/","logo":{"@type":"ImageObject","inLanguage":"es","@id":"https:\/\/letrame.com\/catalogo\/#\/schema\/logo\/image\/","url":"https:\/\/letrame.com\/catalogo\/wp-content\/uploads\/2024\/03\/logo2.webp","contentUrl":"https:\/\/letrame.com\/catalogo\/wp-content\/uploads\/2024\/03\/logo2.webp","width":394,"height":128,"caption":"Catalogo | Letrame Grupo Editorial"},"image":{"@id":"https:\/\/letrame.com\/catalogo\/#\/schema\/logo\/image\/"}}]}},"_links":{"self":[{"href":"https:\/\/letrame.com\/catalogo\/wp-json\/wp\/v2\/product\/98117","targetHints":{"allow":["GET"]}}],"collection":[{"href":"https:\/\/letrame.com\/catalogo\/wp-json\/wp\/v2\/product"}],"about":[{"href":"https:\/\/letrame.com\/catalogo\/wp-json\/wp\/v2\/types\/product"}],"replies":[{"embeddable":true,"href":"https:\/\/letrame.com\/catalogo\/wp-json\/wp\/v2\/comments?post=98117"}],"acf:post":[{"embeddable":true,"href":"https:\/\/letrame.com\/catalogo\/wp-json\/wp\/v2\/author_book\/76640"}],"wp:featuredmedia":[{"embeddable":true,"href":"https:\/\/letrame.com\/catalogo\/wp-json\/wp\/v2\/media\/98118"}],"wp:attachment":[{"href":"https:\/\/letrame.com\/catalogo\/wp-json\/wp\/v2\/media?parent=98117"}],"wp:term":[{"taxonomy":"libro","embeddable":true,"href":"https:\/\/letrame.com\/catalogo\/wp-json\/wp\/v2\/libro?post=98117"},{"taxonomy":"product_brand","embeddable":true,"href":"https:\/\/letrame.com\/catalogo\/wp-json\/wp\/v2\/product_brand?post=98117"},{"taxonomy":"product_cat","embeddable":true,"href":"https:\/\/letrame.com\/catalogo\/wp-json\/wp\/v2\/product_cat?post=98117"},{"taxonomy":"product_tag","embeddable":true,"href":"https:\/\/letrame.com\/catalogo\/wp-json\/wp\/v2\/product_tag?post=98117"}],"curies":[{"name":"wp","href":"https:\/\/api.w.org\/{rel}","templated":true}]}}