{"id":98107,"date":"2024-04-29T14:48:46","date_gmt":"2024-04-29T12:48:46","guid":{"rendered":"https:\/\/letrame.com\/catalogo\/producto\/entresijos-de-un-recuerdo-olvidado\/"},"modified":"2024-04-29T14:48:46","modified_gmt":"2024-04-29T12:48:46","slug":"entresijos-de-un-recuerdo-olvidado","status":"publish","type":"product","link":"https:\/\/letrame.com\/catalogo\/producto\/entresijos-de-un-recuerdo-olvidado\/","title":{"rendered":"Entresijos de un recuerdo olvidado"},"content":{"rendered":"<p><strong>ISBN<\/strong>: 978-84-1144-099-8<\/p>\n<p><strong>T\u00edtulo<\/strong>: <span data-sheets-value=\"{&quot;1&quot;:2,&quot;2&quot;:&quot;Entresijos de un recuerdo olvidado&quot;}\" data-sheets-userformat=\"{&quot;2&quot;:579,&quot;3&quot;:{&quot;1&quot;:0},&quot;4&quot;:{&quot;1&quot;:2,&quot;2&quot;:14281427},&quot;9&quot;:1,&quot;12&quot;:0}\">Entresijos de un recuerdo olvidado<\/span><br \/>\n<strong>Fecha<\/strong>: 2022<br \/>\n<strong>P\u00e1ginas<\/strong>: 472<\/p>\n<p><strong>SINOPSIS<\/strong><\/p>\n<p>Imagina navegar por sue\u00f1os ajenos\u2026<\/p>\n<p>Danae es una mujer de 35 a\u00f1os que se encuentra en el momento m\u00e1s oscuro de su vida cuando, al introducirse, sin saber c\u00f3mo, en el sue\u00f1o de otra persona, empieza una aventura en la que descubrir\u00e1 de d\u00f3nde viene y qui\u00e9n es realmente.<\/p>\n<p>Teniendo que liderar una lucha interna y externa contra su peor y mejor enemigo.<\/p>\n<p>\u00bfTe atrever\u00edas a viajar a tus vidas pasadas?<\/p>\n","protected":false},"excerpt":{"rendered":"<p><strong>ISBN<\/strong>: 978-84-1144-099-8<\/p>\n<p><strong>SINOPSIS<\/strong><\/p>\n<p>Imagina navegar por sue\u00f1os ajenos\u2026<\/p>\n<p>Danae es una mujer de 35 a\u00f1os que se encuentra en el momento m\u00e1s oscuro de su vida cuando, al introducirse, sin saber c\u00f3mo, en el sue\u00f1o de otra persona, empieza una aventura en la que descubrir\u00e1 de d\u00f3nde viene y qui\u00e9n es realmente.<\/p>\n<p>Teniendo que liderar una lucha interna y externa contra su peor y mejor enemigo.<\/p>\n<p>\u00bfTe atrever\u00edas a viajar a tus vidas pasadas?<\/p>\n","protected":false},"featured_media":98108,"comment_status":"closed","ping_status":"open","template":"","meta":{"_acf_changed":false},"libro":[],"product_brand":[],"product_cat":[26],"product_tag":[],"class_list":{"0":"post-98107","1":"product","2":"type-product","3":"status-publish","4":"has-post-thumbnail","6":"product_cat-sin-categoria","8":"first","9":"instock","10":"product-type-simple"},"acf":{"autor":[76634],"enlace_de_compra":"https:\/\/www.amazon.es\/Entresijos-recuerdo-olvidado-1-novela\/dp\/8411440990\/"},"yoast_head":"<!-- This site is optimized with the Yoast SEO plugin v27.4 - https:\/\/yoast.com\/product\/yoast-seo-wordpress\/ -->\n<title>Entresijos de un recuerdo olvidado - Catalogo | Letrame Grupo Editorial<\/title>\n<meta name=\"robots\" content=\"index, follow, max-snippet:-1, max-image-preview:large, max-video-preview:-1\" \/>\n<link rel=\"canonical\" href=\"https:\/\/letrame.com\/catalogo\/producto\/entresijos-de-un-recuerdo-olvidado\/\" \/>\n<meta property=\"og:locale\" content=\"es_ES\" \/>\n<meta property=\"og:type\" content=\"article\" \/>\n<meta property=\"og:title\" content=\"Entresijos de un recuerdo olvidado - Catalogo | Letrame Grupo Editorial\" \/>\n<meta property=\"og:description\" content=\"ISBN: 978-84-1144-099-8 SINOPSIS Imagina navegar por sue\u00f1os ajenos\u2026 Danae es una mujer de 35 a\u00f1os que se encuentra en el momento m\u00e1s oscuro de su vida cuando, al introducirse, sin saber c\u00f3mo, en el sue\u00f1o de otra persona, empieza una aventura en la que descubrir\u00e1 de d\u00f3nde viene y qui\u00e9n es realmente. Teniendo que liderar una lucha interna y externa contra su peor y mejor enemigo. \u00bfTe atrever\u00edas a viajar a tus vidas pasadas?\" \/>\n<meta property=\"og:url\" content=\"https:\/\/letrame.com\/catalogo\/producto\/entresijos-de-un-recuerdo-olvidado\/\" \/>\n<meta property=\"og:site_name\" content=\"Catalogo | Letrame Grupo Editorial\" \/>\n<meta property=\"og:image\" content=\"https:\/\/letrame.com\/catalogo\/wp-content\/uploads\/2024\/04\/redportada_entresijosdeunrecuerdo_2284mm-compressed.jpg\" \/>\n\t<meta property=\"og:image:width\" content=\"601\" \/>\n\t<meta property=\"og:image:height\" content=\"881\" \/>\n\t<meta property=\"og:image:type\" content=\"image\/jpeg\" \/>\n<meta name=\"twitter:card\" content=\"summary_large_image\" \/>\n<script type=\"application\/ld+json\" class=\"yoast-schema-graph\">{\"@context\":\"https:\\\/\\\/schema.org\",\"@graph\":[{\"@type\":\"WebPage\",\"@id\":\"https:\\\/\\\/letrame.com\\\/catalogo\\\/producto\\\/entresijos-de-un-recuerdo-olvidado\\\/\",\"url\":\"https:\\\/\\\/letrame.com\\\/catalogo\\\/producto\\\/entresijos-de-un-recuerdo-olvidado\\\/\",\"name\":\"Entresijos de un recuerdo olvidado - Catalogo | Letrame Grupo Editorial\",\"isPartOf\":{\"@id\":\"https:\\\/\\\/letrame.com\\\/catalogo\\\/#website\"},\"primaryImageOfPage\":{\"@id\":\"https:\\\/\\\/letrame.com\\\/catalogo\\\/producto\\\/entresijos-de-un-recuerdo-olvidado\\\/#primaryimage\"},\"image\":{\"@id\":\"https:\\\/\\\/letrame.com\\\/catalogo\\\/producto\\\/entresijos-de-un-recuerdo-olvidado\\\/#primaryimage\"},\"thumbnailUrl\":\"https:\\\/\\\/letrame.com\\\/catalogo\\\/wp-content\\\/uploads\\\/2024\\\/04\\\/redportada_entresijosdeunrecuerdo_2284mm-compressed.jpg\",\"datePublished\":\"2024-04-29T12:48:46+00:00\",\"breadcrumb\":{\"@id\":\"https:\\\/\\\/letrame.com\\\/catalogo\\\/producto\\\/entresijos-de-un-recuerdo-olvidado\\\/#breadcrumb\"},\"inLanguage\":\"es\",\"potentialAction\":[{\"@type\":\"ReadAction\",\"target\":[\"https:\\\/\\\/letrame.com\\\/catalogo\\\/producto\\\/entresijos-de-un-recuerdo-olvidado\\\/\"]}]},{\"@type\":\"ImageObject\",\"inLanguage\":\"es\",\"@id\":\"https:\\\/\\\/letrame.com\\\/catalogo\\\/producto\\\/entresijos-de-un-recuerdo-olvidado\\\/#primaryimage\",\"url\":\"https:\\\/\\\/letrame.com\\\/catalogo\\\/wp-content\\\/uploads\\\/2024\\\/04\\\/redportada_entresijosdeunrecuerdo_2284mm-compressed.jpg\",\"contentUrl\":\"https:\\\/\\\/letrame.com\\\/catalogo\\\/wp-content\\\/uploads\\\/2024\\\/04\\\/redportada_entresijosdeunrecuerdo_2284mm-compressed.jpg\",\"width\":601,\"height\":881},{\"@type\":\"BreadcrumbList\",\"@id\":\"https:\\\/\\\/letrame.com\\\/catalogo\\\/producto\\\/entresijos-de-un-recuerdo-olvidado\\\/#breadcrumb\",\"itemListElement\":[{\"@type\":\"ListItem\",\"position\":1,\"name\":\"Portada\",\"item\":\"https:\\\/\\\/letrame.com\\\/catalogo\\\/\"},{\"@type\":\"ListItem\",\"position\":2,\"name\":\"Cat\u00e1logo\",\"item\":\"https:\\\/\\\/letrame.com\\\/catalogo\\\/\"},{\"@type\":\"ListItem\",\"position\":3,\"name\":\"Entresijos de un recuerdo olvidado\"}]},{\"@type\":\"WebSite\",\"@id\":\"https:\\\/\\\/letrame.com\\\/catalogo\\\/#website\",\"url\":\"https:\\\/\\\/letrame.com\\\/catalogo\\\/\",\"name\":\"Catalogo | Letrame Grupo Editorial\",\"description\":\"\",\"publisher\":{\"@id\":\"https:\\\/\\\/letrame.com\\\/catalogo\\\/#organization\"},\"potentialAction\":[{\"@type\":\"SearchAction\",\"target\":{\"@type\":\"EntryPoint\",\"urlTemplate\":\"https:\\\/\\\/letrame.com\\\/catalogo\\\/?s={search_term_string}\"},\"query-input\":{\"@type\":\"PropertyValueSpecification\",\"valueRequired\":true,\"valueName\":\"search_term_string\"}}],\"inLanguage\":\"es\"},{\"@type\":\"Organization\",\"@id\":\"https:\\\/\\\/letrame.com\\\/catalogo\\\/#organization\",\"name\":\"Catalogo | Letrame Grupo Editorial\",\"url\":\"https:\\\/\\\/letrame.com\\\/catalogo\\\/\",\"logo\":{\"@type\":\"ImageObject\",\"inLanguage\":\"es\",\"@id\":\"https:\\\/\\\/letrame.com\\\/catalogo\\\/#\\\/schema\\\/logo\\\/image\\\/\",\"url\":\"https:\\\/\\\/letrame.com\\\/catalogo\\\/wp-content\\\/uploads\\\/2024\\\/03\\\/logo2.webp\",\"contentUrl\":\"https:\\\/\\\/letrame.com\\\/catalogo\\\/wp-content\\\/uploads\\\/2024\\\/03\\\/logo2.webp\",\"width\":394,\"height\":128,\"caption\":\"Catalogo | Letrame Grupo Editorial\"},\"image\":{\"@id\":\"https:\\\/\\\/letrame.com\\\/catalogo\\\/#\\\/schema\\\/logo\\\/image\\\/\"}}]}<\/script>\n<!-- \/ Yoast SEO plugin. -->","yoast_head_json":{"title":"Entresijos de un recuerdo olvidado - Catalogo | Letrame Grupo Editorial","robots":{"index":"index","follow":"follow","max-snippet":"max-snippet:-1","max-image-preview":"max-image-preview:large","max-video-preview":"max-video-preview:-1"},"canonical":"https:\/\/letrame.com\/catalogo\/producto\/entresijos-de-un-recuerdo-olvidado\/","og_locale":"es_ES","og_type":"article","og_title":"Entresijos de un recuerdo olvidado - Catalogo | Letrame Grupo Editorial","og_description":"ISBN: 978-84-1144-099-8 SINOPSIS Imagina navegar por sue\u00f1os ajenos\u2026 Danae es una mujer de 35 a\u00f1os que se encuentra en el momento m\u00e1s oscuro de su vida cuando, al introducirse, sin saber c\u00f3mo, en el sue\u00f1o de otra persona, empieza una aventura en la que descubrir\u00e1 de d\u00f3nde viene y qui\u00e9n es realmente. Teniendo que liderar una lucha interna y externa contra su peor y mejor enemigo. \u00bfTe atrever\u00edas a viajar a tus vidas pasadas?","og_url":"https:\/\/letrame.com\/catalogo\/producto\/entresijos-de-un-recuerdo-olvidado\/","og_site_name":"Catalogo | Letrame Grupo Editorial","og_image":[{"width":601,"height":881,"url":"https:\/\/letrame.com\/catalogo\/wp-content\/uploads\/2024\/04\/redportada_entresijosdeunrecuerdo_2284mm-compressed.jpg","type":"image\/jpeg"}],"twitter_card":"summary_large_image","schema":{"@context":"https:\/\/schema.org","@graph":[{"@type":"WebPage","@id":"https:\/\/letrame.com\/catalogo\/producto\/entresijos-de-un-recuerdo-olvidado\/","url":"https:\/\/letrame.com\/catalogo\/producto\/entresijos-de-un-recuerdo-olvidado\/","name":"Entresijos de un recuerdo olvidado - Catalogo | Letrame Grupo Editorial","isPartOf":{"@id":"https:\/\/letrame.com\/catalogo\/#website"},"primaryImageOfPage":{"@id":"https:\/\/letrame.com\/catalogo\/producto\/entresijos-de-un-recuerdo-olvidado\/#primaryimage"},"image":{"@id":"https:\/\/letrame.com\/catalogo\/producto\/entresijos-de-un-recuerdo-olvidado\/#primaryimage"},"thumbnailUrl":"https:\/\/letrame.com\/catalogo\/wp-content\/uploads\/2024\/04\/redportada_entresijosdeunrecuerdo_2284mm-compressed.jpg","datePublished":"2024-04-29T12:48:46+00:00","breadcrumb":{"@id":"https:\/\/letrame.com\/catalogo\/producto\/entresijos-de-un-recuerdo-olvidado\/#breadcrumb"},"inLanguage":"es","potentialAction":[{"@type":"ReadAction","target":["https:\/\/letrame.com\/catalogo\/producto\/entresijos-de-un-recuerdo-olvidado\/"]}]},{"@type":"ImageObject","inLanguage":"es","@id":"https:\/\/letrame.com\/catalogo\/producto\/entresijos-de-un-recuerdo-olvidado\/#primaryimage","url":"https:\/\/letrame.com\/catalogo\/wp-content\/uploads\/2024\/04\/redportada_entresijosdeunrecuerdo_2284mm-compressed.jpg","contentUrl":"https:\/\/letrame.com\/catalogo\/wp-content\/uploads\/2024\/04\/redportada_entresijosdeunrecuerdo_2284mm-compressed.jpg","width":601,"height":881},{"@type":"BreadcrumbList","@id":"https:\/\/letrame.com\/catalogo\/producto\/entresijos-de-un-recuerdo-olvidado\/#breadcrumb","itemListElement":[{"@type":"ListItem","position":1,"name":"Portada","item":"https:\/\/letrame.com\/catalogo\/"},{"@type":"ListItem","position":2,"name":"Cat\u00e1logo","item":"https:\/\/letrame.com\/catalogo\/"},{"@type":"ListItem","position":3,"name":"Entresijos de un recuerdo olvidado"}]},{"@type":"WebSite","@id":"https:\/\/letrame.com\/catalogo\/#website","url":"https:\/\/letrame.com\/catalogo\/","name":"Catalogo | Letrame Grupo Editorial","description":"","publisher":{"@id":"https:\/\/letrame.com\/catalogo\/#organization"},"potentialAction":[{"@type":"SearchAction","target":{"@type":"EntryPoint","urlTemplate":"https:\/\/letrame.com\/catalogo\/?s={search_term_string}"},"query-input":{"@type":"PropertyValueSpecification","valueRequired":true,"valueName":"search_term_string"}}],"inLanguage":"es"},{"@type":"Organization","@id":"https:\/\/letrame.com\/catalogo\/#organization","name":"Catalogo | Letrame Grupo Editorial","url":"https:\/\/letrame.com\/catalogo\/","logo":{"@type":"ImageObject","inLanguage":"es","@id":"https:\/\/letrame.com\/catalogo\/#\/schema\/logo\/image\/","url":"https:\/\/letrame.com\/catalogo\/wp-content\/uploads\/2024\/03\/logo2.webp","contentUrl":"https:\/\/letrame.com\/catalogo\/wp-content\/uploads\/2024\/03\/logo2.webp","width":394,"height":128,"caption":"Catalogo | Letrame Grupo Editorial"},"image":{"@id":"https:\/\/letrame.com\/catalogo\/#\/schema\/logo\/image\/"}}]}},"_links":{"self":[{"href":"https:\/\/letrame.com\/catalogo\/wp-json\/wp\/v2\/product\/98107","targetHints":{"allow":["GET"]}}],"collection":[{"href":"https:\/\/letrame.com\/catalogo\/wp-json\/wp\/v2\/product"}],"about":[{"href":"https:\/\/letrame.com\/catalogo\/wp-json\/wp\/v2\/types\/product"}],"replies":[{"embeddable":true,"href":"https:\/\/letrame.com\/catalogo\/wp-json\/wp\/v2\/comments?post=98107"}],"acf:post":[{"embeddable":true,"href":"https:\/\/letrame.com\/catalogo\/wp-json\/wp\/v2\/author_book\/76634"}],"wp:featuredmedia":[{"embeddable":true,"href":"https:\/\/letrame.com\/catalogo\/wp-json\/wp\/v2\/media\/98108"}],"wp:attachment":[{"href":"https:\/\/letrame.com\/catalogo\/wp-json\/wp\/v2\/media?parent=98107"}],"wp:term":[{"taxonomy":"libro","embeddable":true,"href":"https:\/\/letrame.com\/catalogo\/wp-json\/wp\/v2\/libro?post=98107"},{"taxonomy":"product_brand","embeddable":true,"href":"https:\/\/letrame.com\/catalogo\/wp-json\/wp\/v2\/product_brand?post=98107"},{"taxonomy":"product_cat","embeddable":true,"href":"https:\/\/letrame.com\/catalogo\/wp-json\/wp\/v2\/product_cat?post=98107"},{"taxonomy":"product_tag","embeddable":true,"href":"https:\/\/letrame.com\/catalogo\/wp-json\/wp\/v2\/product_tag?post=98107"}],"curies":[{"name":"wp","href":"https:\/\/api.w.org\/{rel}","templated":true}]}}