{"id":98105,"date":"2024-04-29T14:48:36","date_gmt":"2024-04-29T12:48:36","guid":{"rendered":"https:\/\/letrame.com\/catalogo\/producto\/privacidad-de-datos\/"},"modified":"2024-04-29T14:48:42","modified_gmt":"2024-04-29T12:48:42","slug":"privacidad-de-datos","status":"publish","type":"product","link":"https:\/\/letrame.com\/catalogo\/producto\/privacidad-de-datos\/","title":{"rendered":"Privacidad de datos"},"content":{"rendered":"<p><strong>ISBN<\/strong>: 978-84-1144-183-4<\/p>\n<p><strong>T\u00edtulo<\/strong>: <span data-sheets-value=\"{&quot;1&quot;:2,&quot;2&quot;:&quot;Privacidad de datos&quot;}\" data-sheets-userformat=\"{&quot;2&quot;:579,&quot;3&quot;:{&quot;1&quot;:0},&quot;4&quot;:{&quot;1&quot;:2,&quot;2&quot;:14281427},&quot;9&quot;:1,&quot;12&quot;:0}\">Privacidad de datos<\/span><br \/>\n<strong>Fecha<\/strong>: 2022<br \/>\n<strong>P\u00e1ginas<\/strong>: 242<\/p>\n<p><strong>SINOPSIS<\/strong><\/p>\n<p>Este livro aborda o Direito da sustentabilidade a partir da privacidade de dados e seguran\u00e7a da informa\u00e7\u00e3o sob a perspectiva t\u00e9cnica de diversos profissionais e pesquisadores das respectivas \u00e1reas. Trata de temas contempor\u00e2neos destacados no \u00e2mbito da realidade brasileira e europeia, constituindo-se em farol que orienta as discuss\u00f5es atuais e os novos debates sobre a tecnologia e o direito da sustentabilidade na seguran\u00e7a da informa\u00e7\u00e3o. Em seus nove cap\u00edtulos, os autores enfrentam a problem\u00e1tica de assuntos cada vez mais importantes no dia a dia das organiza\u00e7\u00f5es e da sociedade que passa por uma transforma\u00e7\u00e3o t\u00e3o importante como a revolu\u00e7\u00e3o industrial na medida em que tem como seu principal ativo e motor de progresso as quest\u00f5es ligadas \u00e0s novas tecnologias, ao manuseio de dados e sua consequente utiliza\u00e7\u00e3o em todas as aplica\u00e7\u00f5es. \u00c9 uma obra indispens\u00e1vel para aqueles que pretendem conhecer o assunto de maneira interdisciplinar e t\u00e9cnica.<\/p>\n<p>&nbsp;<\/p>\n","protected":false},"excerpt":{"rendered":"<p><strong>ISBN<\/strong>: 978-84-1144-183-4<\/p>\n<p><strong>SINOPSIS<\/strong><\/p>\n<p>Este livro aborda o Direito da sustentabilidade a partir da privacidade de dados e seguran\u00e7a da informa\u00e7\u00e3o sob a perspectiva t\u00e9cnica de diversos profissionais e pesquisadores das respectivas \u00e1reas. Trata de temas contempor\u00e2neos destacados no \u00e2mbito da realidade brasileira e europeia, constituindo-se em farol que orienta as discuss\u00f5es atuais e os novos debates sobre a tecnologia e o direito da sustentabilidade na seguran\u00e7a da informa\u00e7\u00e3o. Em seus nove cap\u00edtulos, os autores enfrentam a problem\u00e1tica de assuntos cada vez mais importantes no dia a dia das organiza\u00e7\u00f5es e da sociedade que passa por uma transforma\u00e7\u00e3o t\u00e3o importante como a revolu\u00e7\u00e3o industrial na medida em que tem como seu principal ativo e motor de progresso as quest\u00f5es ligadas \u00e0s novas tecnologias, ao manuseio de dados e sua consequente utiliza\u00e7\u00e3o em todas as aplica\u00e7\u00f5es. \u00c9 uma obra indispens\u00e1vel para aqueles que pretendem conhecer o assunto de maneira interdisciplinar e t\u00e9cnica.<\/p>\n<p>&nbsp;<\/p>\n","protected":false},"featured_media":98106,"comment_status":"closed","ping_status":"open","template":"","meta":{"_acf_changed":false},"libro":[],"product_brand":[],"product_cat":[22],"product_tag":[],"class_list":{"0":"post-98105","1":"product","2":"type-product","3":"status-publish","4":"has-post-thumbnail","6":"product_cat-docencia","8":"first","9":"instock","10":"product-type-simple"},"acf":{"autor":[76631],"enlace_de_compra":""},"yoast_head":"<!-- This site is optimized with the Yoast SEO plugin v26.6 - https:\/\/yoast.com\/wordpress\/plugins\/seo\/ -->\n<title>Privacidad de datos - Catalogo | Letrame Grupo Editorial<\/title>\n<meta name=\"robots\" content=\"index, follow, max-snippet:-1, max-image-preview:large, max-video-preview:-1\" \/>\n<link rel=\"canonical\" href=\"https:\/\/letrame.com\/catalogo\/producto\/privacidad-de-datos\/\" \/>\n<meta property=\"og:locale\" content=\"es_ES\" \/>\n<meta property=\"og:type\" content=\"article\" \/>\n<meta property=\"og:title\" content=\"Privacidad de datos - Catalogo | Letrame Grupo Editorial\" \/>\n<meta property=\"og:description\" content=\"ISBN: 978-84-1144-183-4 SINOPSIS Este livro aborda o Direito da sustentabilidade a partir da privacidade de dados e seguran\u00e7a da informa\u00e7\u00e3o sob a perspectiva t\u00e9cnica de diversos profissionais e pesquisadores das respectivas \u00e1reas. Trata de temas contempor\u00e2neos destacados no \u00e2mbito da realidade brasileira e europeia, constituindo-se em farol que orienta as discuss\u00f5es atuais e os novos debates sobre a tecnologia e o direito da sustentabilidade na seguran\u00e7a da informa\u00e7\u00e3o. Em seus nove cap\u00edtulos, os autores enfrentam a problem\u00e1tica de assuntos cada vez mais importantes no dia a dia das organiza\u00e7\u00f5es e da sociedade que passa por uma transforma\u00e7\u00e3o t\u00e3o importante como a revolu\u00e7\u00e3o industrial na medida em que tem como seu principal ativo e motor de progresso as quest\u00f5es ligadas \u00e0s novas tecnologias, ao manuseio de dados e sua consequente utiliza\u00e7\u00e3o em todas as aplica\u00e7\u00f5es. \u00c9 uma obra indispens\u00e1vel para aqueles que pretendem conhecer o assunto de maneira interdisciplinar e t\u00e9cnica. &nbsp;\" \/>\n<meta property=\"og:url\" content=\"https:\/\/letrame.com\/catalogo\/producto\/privacidad-de-datos\/\" \/>\n<meta property=\"og:site_name\" content=\"Catalogo | Letrame Grupo Editorial\" \/>\n<meta property=\"article:modified_time\" content=\"2024-04-29T12:48:42+00:00\" \/>\n<meta property=\"og:image\" content=\"https:\/\/letrame.com\/catalogo\/wp-content\/uploads\/2024\/04\/redportada_privacidaddedatos_1223mm-compressed.jpg\" \/>\n\t<meta property=\"og:image:width\" content=\"601\" \/>\n\t<meta property=\"og:image:height\" content=\"881\" \/>\n\t<meta property=\"og:image:type\" content=\"image\/jpeg\" \/>\n<meta name=\"twitter:card\" content=\"summary_large_image\" \/>\n<meta name=\"twitter:label1\" content=\"Tiempo de lectura\" \/>\n\t<meta name=\"twitter:data1\" content=\"1 minuto\" \/>\n<script type=\"application\/ld+json\" class=\"yoast-schema-graph\">{\"@context\":\"https:\/\/schema.org\",\"@graph\":[{\"@type\":\"WebPage\",\"@id\":\"https:\/\/letrame.com\/catalogo\/producto\/privacidad-de-datos\/\",\"url\":\"https:\/\/letrame.com\/catalogo\/producto\/privacidad-de-datos\/\",\"name\":\"Privacidad de datos - Catalogo | Letrame Grupo Editorial\",\"isPartOf\":{\"@id\":\"https:\/\/letrame.com\/catalogo\/#website\"},\"primaryImageOfPage\":{\"@id\":\"https:\/\/letrame.com\/catalogo\/producto\/privacidad-de-datos\/#primaryimage\"},\"image\":{\"@id\":\"https:\/\/letrame.com\/catalogo\/producto\/privacidad-de-datos\/#primaryimage\"},\"thumbnailUrl\":\"https:\/\/letrame.com\/catalogo\/wp-content\/uploads\/2024\/04\/redportada_privacidaddedatos_1223mm-compressed.jpg\",\"datePublished\":\"2024-04-29T12:48:36+00:00\",\"dateModified\":\"2024-04-29T12:48:42+00:00\",\"breadcrumb\":{\"@id\":\"https:\/\/letrame.com\/catalogo\/producto\/privacidad-de-datos\/#breadcrumb\"},\"inLanguage\":\"es\",\"potentialAction\":[{\"@type\":\"ReadAction\",\"target\":[\"https:\/\/letrame.com\/catalogo\/producto\/privacidad-de-datos\/\"]}]},{\"@type\":\"ImageObject\",\"inLanguage\":\"es\",\"@id\":\"https:\/\/letrame.com\/catalogo\/producto\/privacidad-de-datos\/#primaryimage\",\"url\":\"https:\/\/letrame.com\/catalogo\/wp-content\/uploads\/2024\/04\/redportada_privacidaddedatos_1223mm-compressed.jpg\",\"contentUrl\":\"https:\/\/letrame.com\/catalogo\/wp-content\/uploads\/2024\/04\/redportada_privacidaddedatos_1223mm-compressed.jpg\",\"width\":601,\"height\":881},{\"@type\":\"BreadcrumbList\",\"@id\":\"https:\/\/letrame.com\/catalogo\/producto\/privacidad-de-datos\/#breadcrumb\",\"itemListElement\":[{\"@type\":\"ListItem\",\"position\":1,\"name\":\"Portada\",\"item\":\"https:\/\/letrame.com\/catalogo\/\"},{\"@type\":\"ListItem\",\"position\":2,\"name\":\"Cat\u00e1logo\",\"item\":\"https:\/\/letrame.com\/catalogo\/\"},{\"@type\":\"ListItem\",\"position\":3,\"name\":\"Privacidad de datos\"}]},{\"@type\":\"WebSite\",\"@id\":\"https:\/\/letrame.com\/catalogo\/#website\",\"url\":\"https:\/\/letrame.com\/catalogo\/\",\"name\":\"Catalogo | Letrame Grupo Editorial\",\"description\":\"\",\"publisher\":{\"@id\":\"https:\/\/letrame.com\/catalogo\/#organization\"},\"potentialAction\":[{\"@type\":\"SearchAction\",\"target\":{\"@type\":\"EntryPoint\",\"urlTemplate\":\"https:\/\/letrame.com\/catalogo\/?s={search_term_string}\"},\"query-input\":{\"@type\":\"PropertyValueSpecification\",\"valueRequired\":true,\"valueName\":\"search_term_string\"}}],\"inLanguage\":\"es\"},{\"@type\":\"Organization\",\"@id\":\"https:\/\/letrame.com\/catalogo\/#organization\",\"name\":\"Catalogo | Letrame Grupo Editorial\",\"url\":\"https:\/\/letrame.com\/catalogo\/\",\"logo\":{\"@type\":\"ImageObject\",\"inLanguage\":\"es\",\"@id\":\"https:\/\/letrame.com\/catalogo\/#\/schema\/logo\/image\/\",\"url\":\"https:\/\/letrame.com\/catalogo\/wp-content\/uploads\/2024\/03\/logo2.webp\",\"contentUrl\":\"https:\/\/letrame.com\/catalogo\/wp-content\/uploads\/2024\/03\/logo2.webp\",\"width\":394,\"height\":128,\"caption\":\"Catalogo | Letrame Grupo Editorial\"},\"image\":{\"@id\":\"https:\/\/letrame.com\/catalogo\/#\/schema\/logo\/image\/\"}}]}<\/script>\n<!-- \/ Yoast SEO plugin. -->","yoast_head_json":{"title":"Privacidad de datos - Catalogo | Letrame Grupo Editorial","robots":{"index":"index","follow":"follow","max-snippet":"max-snippet:-1","max-image-preview":"max-image-preview:large","max-video-preview":"max-video-preview:-1"},"canonical":"https:\/\/letrame.com\/catalogo\/producto\/privacidad-de-datos\/","og_locale":"es_ES","og_type":"article","og_title":"Privacidad de datos - Catalogo | Letrame Grupo Editorial","og_description":"ISBN: 978-84-1144-183-4 SINOPSIS Este livro aborda o Direito da sustentabilidade a partir da privacidade de dados e seguran\u00e7a da informa\u00e7\u00e3o sob a perspectiva t\u00e9cnica de diversos profissionais e pesquisadores das respectivas \u00e1reas. Trata de temas contempor\u00e2neos destacados no \u00e2mbito da realidade brasileira e europeia, constituindo-se em farol que orienta as discuss\u00f5es atuais e os novos debates sobre a tecnologia e o direito da sustentabilidade na seguran\u00e7a da informa\u00e7\u00e3o. Em seus nove cap\u00edtulos, os autores enfrentam a problem\u00e1tica de assuntos cada vez mais importantes no dia a dia das organiza\u00e7\u00f5es e da sociedade que passa por uma transforma\u00e7\u00e3o t\u00e3o importante como a revolu\u00e7\u00e3o industrial na medida em que tem como seu principal ativo e motor de progresso as quest\u00f5es ligadas \u00e0s novas tecnologias, ao manuseio de dados e sua consequente utiliza\u00e7\u00e3o em todas as aplica\u00e7\u00f5es. \u00c9 uma obra indispens\u00e1vel para aqueles que pretendem conhecer o assunto de maneira interdisciplinar e t\u00e9cnica. &nbsp;","og_url":"https:\/\/letrame.com\/catalogo\/producto\/privacidad-de-datos\/","og_site_name":"Catalogo | Letrame Grupo Editorial","article_modified_time":"2024-04-29T12:48:42+00:00","og_image":[{"width":601,"height":881,"url":"https:\/\/letrame.com\/catalogo\/wp-content\/uploads\/2024\/04\/redportada_privacidaddedatos_1223mm-compressed.jpg","type":"image\/jpeg"}],"twitter_card":"summary_large_image","twitter_misc":{"Tiempo de lectura":"1 minuto"},"schema":{"@context":"https:\/\/schema.org","@graph":[{"@type":"WebPage","@id":"https:\/\/letrame.com\/catalogo\/producto\/privacidad-de-datos\/","url":"https:\/\/letrame.com\/catalogo\/producto\/privacidad-de-datos\/","name":"Privacidad de datos - Catalogo | Letrame Grupo Editorial","isPartOf":{"@id":"https:\/\/letrame.com\/catalogo\/#website"},"primaryImageOfPage":{"@id":"https:\/\/letrame.com\/catalogo\/producto\/privacidad-de-datos\/#primaryimage"},"image":{"@id":"https:\/\/letrame.com\/catalogo\/producto\/privacidad-de-datos\/#primaryimage"},"thumbnailUrl":"https:\/\/letrame.com\/catalogo\/wp-content\/uploads\/2024\/04\/redportada_privacidaddedatos_1223mm-compressed.jpg","datePublished":"2024-04-29T12:48:36+00:00","dateModified":"2024-04-29T12:48:42+00:00","breadcrumb":{"@id":"https:\/\/letrame.com\/catalogo\/producto\/privacidad-de-datos\/#breadcrumb"},"inLanguage":"es","potentialAction":[{"@type":"ReadAction","target":["https:\/\/letrame.com\/catalogo\/producto\/privacidad-de-datos\/"]}]},{"@type":"ImageObject","inLanguage":"es","@id":"https:\/\/letrame.com\/catalogo\/producto\/privacidad-de-datos\/#primaryimage","url":"https:\/\/letrame.com\/catalogo\/wp-content\/uploads\/2024\/04\/redportada_privacidaddedatos_1223mm-compressed.jpg","contentUrl":"https:\/\/letrame.com\/catalogo\/wp-content\/uploads\/2024\/04\/redportada_privacidaddedatos_1223mm-compressed.jpg","width":601,"height":881},{"@type":"BreadcrumbList","@id":"https:\/\/letrame.com\/catalogo\/producto\/privacidad-de-datos\/#breadcrumb","itemListElement":[{"@type":"ListItem","position":1,"name":"Portada","item":"https:\/\/letrame.com\/catalogo\/"},{"@type":"ListItem","position":2,"name":"Cat\u00e1logo","item":"https:\/\/letrame.com\/catalogo\/"},{"@type":"ListItem","position":3,"name":"Privacidad de datos"}]},{"@type":"WebSite","@id":"https:\/\/letrame.com\/catalogo\/#website","url":"https:\/\/letrame.com\/catalogo\/","name":"Catalogo | Letrame Grupo Editorial","description":"","publisher":{"@id":"https:\/\/letrame.com\/catalogo\/#organization"},"potentialAction":[{"@type":"SearchAction","target":{"@type":"EntryPoint","urlTemplate":"https:\/\/letrame.com\/catalogo\/?s={search_term_string}"},"query-input":{"@type":"PropertyValueSpecification","valueRequired":true,"valueName":"search_term_string"}}],"inLanguage":"es"},{"@type":"Organization","@id":"https:\/\/letrame.com\/catalogo\/#organization","name":"Catalogo | Letrame Grupo Editorial","url":"https:\/\/letrame.com\/catalogo\/","logo":{"@type":"ImageObject","inLanguage":"es","@id":"https:\/\/letrame.com\/catalogo\/#\/schema\/logo\/image\/","url":"https:\/\/letrame.com\/catalogo\/wp-content\/uploads\/2024\/03\/logo2.webp","contentUrl":"https:\/\/letrame.com\/catalogo\/wp-content\/uploads\/2024\/03\/logo2.webp","width":394,"height":128,"caption":"Catalogo | Letrame Grupo Editorial"},"image":{"@id":"https:\/\/letrame.com\/catalogo\/#\/schema\/logo\/image\/"}}]}},"_links":{"self":[{"href":"https:\/\/letrame.com\/catalogo\/wp-json\/wp\/v2\/product\/98105","targetHints":{"allow":["GET"]}}],"collection":[{"href":"https:\/\/letrame.com\/catalogo\/wp-json\/wp\/v2\/product"}],"about":[{"href":"https:\/\/letrame.com\/catalogo\/wp-json\/wp\/v2\/types\/product"}],"replies":[{"embeddable":true,"href":"https:\/\/letrame.com\/catalogo\/wp-json\/wp\/v2\/comments?post=98105"}],"acf:post":[{"embeddable":true,"href":"https:\/\/letrame.com\/catalogo\/wp-json\/wp\/v2\/author_book\/76631"}],"wp:featuredmedia":[{"embeddable":true,"href":"https:\/\/letrame.com\/catalogo\/wp-json\/wp\/v2\/media\/98106"}],"wp:attachment":[{"href":"https:\/\/letrame.com\/catalogo\/wp-json\/wp\/v2\/media?parent=98105"}],"wp:term":[{"taxonomy":"libro","embeddable":true,"href":"https:\/\/letrame.com\/catalogo\/wp-json\/wp\/v2\/libro?post=98105"},{"taxonomy":"product_brand","embeddable":true,"href":"https:\/\/letrame.com\/catalogo\/wp-json\/wp\/v2\/product_brand?post=98105"},{"taxonomy":"product_cat","embeddable":true,"href":"https:\/\/letrame.com\/catalogo\/wp-json\/wp\/v2\/product_cat?post=98105"},{"taxonomy":"product_tag","embeddable":true,"href":"https:\/\/letrame.com\/catalogo\/wp-json\/wp\/v2\/product_tag?post=98105"}],"curies":[{"name":"wp","href":"https:\/\/api.w.org\/{rel}","templated":true}]}}