{"id":98103,"date":"2024-04-29T14:48:36","date_gmt":"2024-04-29T12:48:36","guid":{"rendered":"https:\/\/letrame.com\/catalogo\/producto\/desde-el-mirador-de-piedra\/"},"modified":"2024-04-29T14:48:39","modified_gmt":"2024-04-29T12:48:39","slug":"desde-el-mirador-de-piedra","status":"publish","type":"product","link":"https:\/\/letrame.com\/catalogo\/producto\/desde-el-mirador-de-piedra\/","title":{"rendered":"Desde el mirador de piedra"},"content":{"rendered":"<p><strong>ISBN<\/strong>: 978-84-1114-907-5<\/p>\n<p><strong>T\u00edtulo<\/strong>: <span data-sheets-value=\"{&quot;1&quot;:2,&quot;2&quot;:&quot;Desde el mirador de piedra&quot;}\" data-sheets-userformat=\"{&quot;2&quot;:579,&quot;3&quot;:{&quot;1&quot;:0},&quot;4&quot;:{&quot;1&quot;:2,&quot;2&quot;:14281427},&quot;9&quot;:1,&quot;12&quot;:0}\">Desde el mirador de piedra<\/span><br \/>\n<strong>Fecha<\/strong>: 2022<br \/>\n<strong>P\u00e1ginas<\/strong>: 496<\/p>\n<p><strong>SINOPSIS<\/strong><\/p>\n<p>No todo fueron \u00e9xitos en esa \u00faltima d\u00e9cada del siglo XV. No para todos. Los abor\u00edgenes canarios tendr\u00edan mucho que decir al respecto. Ante las incansables arremetidas castellanas solo les qued\u00f3 una opci\u00f3n: el \u00e9xodo. Una ardua empresa que, gracias a los conocimientos, la experiencia y el gran coraz\u00f3n de una enigm\u00e1tica saga de mercaderes chinos, lleg\u00f3 a buen t\u00e9rmino.<\/p>\n<p>Una isla rec\u00f3ndita del atl\u00e1ntico en cuya existencia solo unos pocos cre\u00edan fue su destino.<\/p>\n<p>Un peculiar marinero hind\u00fa fue testigo de esa incipiente comunidad guanche.<\/p>\n<p>Pero surgieron de nuevo por el horizonte aquellos barcos canallas que ya les asediaron un d\u00eda, y, con ellos, como ocurri\u00f3 entonces, regresaron los miedos y la duda. Y la muerte. Y tambi\u00e9n un nuevo renacer. Porque la reacci\u00f3n guanche ante la temida amenaza iba a ser muy distinta a aquella que a punto estuvo de arrojarles al abismo de la aniquilaci\u00f3n y el olvido; de hecho, enriquecidos por lo dispar, privados ya de alternativas, afrontaron el desaf\u00edo arm\u00e1ndose ya no solo de piedras y palos como hicieron anta\u00f1o, sino tambi\u00e9n y sobre todo de una renovada fe en s\u00ed mismos y en <em>Aguay\u00e1<\/em>.<\/p>\n<p>En las cumbres de <em>Borond\u00f3n<\/em> estall\u00f3 una batalla \u00fanica llamada desde hace mucho a romper moldes. A abrir nuevos caminos. A desmitificar \u00eddolos y a desterrar demonios. Y tambi\u00e9n, para hacer su causa eterna, a calar en los corazones de quienes, como hac\u00edan ellos, despliegan su propio destino a cada paso que dan.<\/p>\n","protected":false},"excerpt":{"rendered":"<p><strong>ISBN<\/strong>: 978-84-1114-907-5<\/p>\n<p><strong>SINOPSIS<\/strong><\/p>\n<p>No todo fueron \u00e9xitos en esa \u00faltima d\u00e9cada del siglo XV. No para todos. Los abor\u00edgenes canarios tendr\u00edan mucho que decir al respecto. Ante las incansables arremetidas castellanas solo les qued\u00f3 una opci\u00f3n: el \u00e9xodo. Una ardua empresa que, gracias a los conocimientos, la experiencia y el gran coraz\u00f3n de una enigm\u00e1tica saga de mercaderes chinos, lleg\u00f3 a buen t\u00e9rmino.<\/p>\n<p>Una isla rec\u00f3ndita del atl\u00e1ntico en cuya existencia solo unos pocos cre\u00edan fue su destino.<\/p>\n<p>Un peculiar marinero hind\u00fa fue testigo de esa incipiente comunidad guanche.<\/p>\n<p>Pero surgieron de nuevo por el horizonte aquellos barcos canallas que ya les asediaron un d\u00eda, y, con ellos, como ocurri\u00f3 entonces, regresaron los miedos y la duda. Y la muerte. Y tambi\u00e9n un nuevo renacer. Porque la reacci\u00f3n guanche ante la temida amenaza iba a ser muy distinta a aquella que a punto estuvo de arrojarles al abismo de la aniquilaci\u00f3n y el olvido; de hecho, enriquecidos por lo dispar, privados ya de alternativas, afrontaron el desaf\u00edo arm\u00e1ndose ya no solo de piedras y palos como hicieron anta\u00f1o, sino tambi\u00e9n y sobre todo de una renovada fe en s\u00ed mismos y en <em>Aguay\u00e1<\/em>.<\/p>\n<p>En las cumbres de <em>Borond\u00f3n<\/em> estall\u00f3 una batalla \u00fanica llamada desde hace mucho a romper moldes. A abrir nuevos caminos. A desmitificar \u00eddolos y a desterrar demonios. Y tambi\u00e9n, para hacer su causa eterna, a calar en los corazones de quienes, como hac\u00edan ellos, despliegan su propio destino a cada paso que dan.<\/p>\n","protected":false},"featured_media":98104,"comment_status":"closed","ping_status":"open","template":"","meta":{"_acf_changed":false},"libro":[],"product_brand":[],"product_cat":[16],"product_tag":[],"class_list":{"0":"post-98103","1":"product","2":"type-product","3":"status-publish","4":"has-post-thumbnail","6":"product_cat-novela","8":"first","9":"instock","10":"product-type-simple"},"acf":{"autor":[76633],"enlace_de_compra":"https:\/\/www.amazon.es\/Desde-mirador-piedra-J-Ma%C3%B1ogil\/dp\/8411149072\/"},"yoast_head":"<!-- This site is optimized with the Yoast SEO plugin v26.6 - https:\/\/yoast.com\/wordpress\/plugins\/seo\/ -->\n<title>Desde el mirador de piedra - Catalogo | Letrame Grupo Editorial<\/title>\n<meta name=\"robots\" content=\"index, follow, max-snippet:-1, max-image-preview:large, max-video-preview:-1\" \/>\n<link rel=\"canonical\" href=\"https:\/\/letrame.com\/catalogo\/producto\/desde-el-mirador-de-piedra\/\" \/>\n<meta property=\"og:locale\" content=\"es_ES\" \/>\n<meta property=\"og:type\" content=\"article\" \/>\n<meta property=\"og:title\" content=\"Desde el mirador de piedra - Catalogo | Letrame Grupo Editorial\" \/>\n<meta property=\"og:description\" content=\"ISBN: 978-84-1114-907-5 SINOPSIS No todo fueron \u00e9xitos en esa \u00faltima d\u00e9cada del siglo XV. No para todos. Los abor\u00edgenes canarios tendr\u00edan mucho que decir al respecto. Ante las incansables arremetidas castellanas solo les qued\u00f3 una opci\u00f3n: el \u00e9xodo. Una ardua empresa que, gracias a los conocimientos, la experiencia y el gran coraz\u00f3n de una enigm\u00e1tica saga de mercaderes chinos, lleg\u00f3 a buen t\u00e9rmino. Una isla rec\u00f3ndita del atl\u00e1ntico en cuya existencia solo unos pocos cre\u00edan fue su destino. Un peculiar marinero hind\u00fa fue testigo de esa incipiente comunidad guanche. Pero surgieron de nuevo por el horizonte aquellos barcos canallas que ya les asediaron un d\u00eda, y, con ellos, como ocurri\u00f3 entonces, regresaron los miedos y la duda. Y la muerte. Y tambi\u00e9n un nuevo renacer. Porque la reacci\u00f3n guanche ante la temida amenaza iba a ser muy distinta a aquella que a punto estuvo de arrojarles al abismo de la aniquilaci\u00f3n y el olvido; de hecho, enriquecidos por lo dispar, privados ya de alternativas, afrontaron el desaf\u00edo arm\u00e1ndose ya no solo de piedras y palos como hicieron anta\u00f1o, sino tambi\u00e9n y sobre todo de una renovada fe en s\u00ed mismos y en Aguay\u00e1. En las cumbres de Borond\u00f3n estall\u00f3 una batalla \u00fanica llamada desde hace mucho a romper moldes. A abrir nuevos caminos. A desmitificar \u00eddolos y a desterrar demonios. Y tambi\u00e9n, para hacer su causa eterna, a calar en los corazones de quienes, como hac\u00edan ellos, despliegan su propio destino a cada paso que dan.\" \/>\n<meta property=\"og:url\" content=\"https:\/\/letrame.com\/catalogo\/producto\/desde-el-mirador-de-piedra\/\" \/>\n<meta property=\"og:site_name\" content=\"Catalogo | Letrame Grupo Editorial\" \/>\n<meta property=\"article:modified_time\" content=\"2024-04-29T12:48:39+00:00\" \/>\n<meta property=\"og:image\" content=\"https:\/\/letrame.com\/catalogo\/wp-content\/uploads\/2024\/04\/redportada_desdeelmirador_2394mm-compressed.jpg\" \/>\n\t<meta property=\"og:image:width\" content=\"601\" \/>\n\t<meta property=\"og:image:height\" content=\"881\" \/>\n\t<meta property=\"og:image:type\" content=\"image\/jpeg\" \/>\n<meta name=\"twitter:card\" content=\"summary_large_image\" \/>\n<meta name=\"twitter:label1\" content=\"Tiempo de lectura\" \/>\n\t<meta name=\"twitter:data1\" content=\"1 minuto\" \/>\n<script type=\"application\/ld+json\" class=\"yoast-schema-graph\">{\"@context\":\"https:\/\/schema.org\",\"@graph\":[{\"@type\":\"WebPage\",\"@id\":\"https:\/\/letrame.com\/catalogo\/producto\/desde-el-mirador-de-piedra\/\",\"url\":\"https:\/\/letrame.com\/catalogo\/producto\/desde-el-mirador-de-piedra\/\",\"name\":\"Desde el mirador de piedra - Catalogo | Letrame Grupo Editorial\",\"isPartOf\":{\"@id\":\"https:\/\/letrame.com\/catalogo\/#website\"},\"primaryImageOfPage\":{\"@id\":\"https:\/\/letrame.com\/catalogo\/producto\/desde-el-mirador-de-piedra\/#primaryimage\"},\"image\":{\"@id\":\"https:\/\/letrame.com\/catalogo\/producto\/desde-el-mirador-de-piedra\/#primaryimage\"},\"thumbnailUrl\":\"https:\/\/letrame.com\/catalogo\/wp-content\/uploads\/2024\/04\/redportada_desdeelmirador_2394mm-compressed.jpg\",\"datePublished\":\"2024-04-29T12:48:36+00:00\",\"dateModified\":\"2024-04-29T12:48:39+00:00\",\"breadcrumb\":{\"@id\":\"https:\/\/letrame.com\/catalogo\/producto\/desde-el-mirador-de-piedra\/#breadcrumb\"},\"inLanguage\":\"es\",\"potentialAction\":[{\"@type\":\"ReadAction\",\"target\":[\"https:\/\/letrame.com\/catalogo\/producto\/desde-el-mirador-de-piedra\/\"]}]},{\"@type\":\"ImageObject\",\"inLanguage\":\"es\",\"@id\":\"https:\/\/letrame.com\/catalogo\/producto\/desde-el-mirador-de-piedra\/#primaryimage\",\"url\":\"https:\/\/letrame.com\/catalogo\/wp-content\/uploads\/2024\/04\/redportada_desdeelmirador_2394mm-compressed.jpg\",\"contentUrl\":\"https:\/\/letrame.com\/catalogo\/wp-content\/uploads\/2024\/04\/redportada_desdeelmirador_2394mm-compressed.jpg\",\"width\":601,\"height\":881},{\"@type\":\"BreadcrumbList\",\"@id\":\"https:\/\/letrame.com\/catalogo\/producto\/desde-el-mirador-de-piedra\/#breadcrumb\",\"itemListElement\":[{\"@type\":\"ListItem\",\"position\":1,\"name\":\"Portada\",\"item\":\"https:\/\/letrame.com\/catalogo\/\"},{\"@type\":\"ListItem\",\"position\":2,\"name\":\"Cat\u00e1logo\",\"item\":\"https:\/\/letrame.com\/catalogo\/\"},{\"@type\":\"ListItem\",\"position\":3,\"name\":\"Desde el mirador de piedra\"}]},{\"@type\":\"WebSite\",\"@id\":\"https:\/\/letrame.com\/catalogo\/#website\",\"url\":\"https:\/\/letrame.com\/catalogo\/\",\"name\":\"Catalogo | Letrame Grupo Editorial\",\"description\":\"\",\"publisher\":{\"@id\":\"https:\/\/letrame.com\/catalogo\/#organization\"},\"potentialAction\":[{\"@type\":\"SearchAction\",\"target\":{\"@type\":\"EntryPoint\",\"urlTemplate\":\"https:\/\/letrame.com\/catalogo\/?s={search_term_string}\"},\"query-input\":{\"@type\":\"PropertyValueSpecification\",\"valueRequired\":true,\"valueName\":\"search_term_string\"}}],\"inLanguage\":\"es\"},{\"@type\":\"Organization\",\"@id\":\"https:\/\/letrame.com\/catalogo\/#organization\",\"name\":\"Catalogo | Letrame Grupo Editorial\",\"url\":\"https:\/\/letrame.com\/catalogo\/\",\"logo\":{\"@type\":\"ImageObject\",\"inLanguage\":\"es\",\"@id\":\"https:\/\/letrame.com\/catalogo\/#\/schema\/logo\/image\/\",\"url\":\"https:\/\/letrame.com\/catalogo\/wp-content\/uploads\/2024\/03\/logo2.webp\",\"contentUrl\":\"https:\/\/letrame.com\/catalogo\/wp-content\/uploads\/2024\/03\/logo2.webp\",\"width\":394,\"height\":128,\"caption\":\"Catalogo | Letrame Grupo Editorial\"},\"image\":{\"@id\":\"https:\/\/letrame.com\/catalogo\/#\/schema\/logo\/image\/\"}}]}<\/script>\n<!-- \/ Yoast SEO plugin. -->","yoast_head_json":{"title":"Desde el mirador de piedra - Catalogo | Letrame Grupo Editorial","robots":{"index":"index","follow":"follow","max-snippet":"max-snippet:-1","max-image-preview":"max-image-preview:large","max-video-preview":"max-video-preview:-1"},"canonical":"https:\/\/letrame.com\/catalogo\/producto\/desde-el-mirador-de-piedra\/","og_locale":"es_ES","og_type":"article","og_title":"Desde el mirador de piedra - Catalogo | Letrame Grupo Editorial","og_description":"ISBN: 978-84-1114-907-5 SINOPSIS No todo fueron \u00e9xitos en esa \u00faltima d\u00e9cada del siglo XV. No para todos. Los abor\u00edgenes canarios tendr\u00edan mucho que decir al respecto. Ante las incansables arremetidas castellanas solo les qued\u00f3 una opci\u00f3n: el \u00e9xodo. Una ardua empresa que, gracias a los conocimientos, la experiencia y el gran coraz\u00f3n de una enigm\u00e1tica saga de mercaderes chinos, lleg\u00f3 a buen t\u00e9rmino. Una isla rec\u00f3ndita del atl\u00e1ntico en cuya existencia solo unos pocos cre\u00edan fue su destino. Un peculiar marinero hind\u00fa fue testigo de esa incipiente comunidad guanche. Pero surgieron de nuevo por el horizonte aquellos barcos canallas que ya les asediaron un d\u00eda, y, con ellos, como ocurri\u00f3 entonces, regresaron los miedos y la duda. Y la muerte. Y tambi\u00e9n un nuevo renacer. Porque la reacci\u00f3n guanche ante la temida amenaza iba a ser muy distinta a aquella que a punto estuvo de arrojarles al abismo de la aniquilaci\u00f3n y el olvido; de hecho, enriquecidos por lo dispar, privados ya de alternativas, afrontaron el desaf\u00edo arm\u00e1ndose ya no solo de piedras y palos como hicieron anta\u00f1o, sino tambi\u00e9n y sobre todo de una renovada fe en s\u00ed mismos y en Aguay\u00e1. En las cumbres de Borond\u00f3n estall\u00f3 una batalla \u00fanica llamada desde hace mucho a romper moldes. A abrir nuevos caminos. A desmitificar \u00eddolos y a desterrar demonios. Y tambi\u00e9n, para hacer su causa eterna, a calar en los corazones de quienes, como hac\u00edan ellos, despliegan su propio destino a cada paso que dan.","og_url":"https:\/\/letrame.com\/catalogo\/producto\/desde-el-mirador-de-piedra\/","og_site_name":"Catalogo | Letrame Grupo Editorial","article_modified_time":"2024-04-29T12:48:39+00:00","og_image":[{"width":601,"height":881,"url":"https:\/\/letrame.com\/catalogo\/wp-content\/uploads\/2024\/04\/redportada_desdeelmirador_2394mm-compressed.jpg","type":"image\/jpeg"}],"twitter_card":"summary_large_image","twitter_misc":{"Tiempo de lectura":"1 minuto"},"schema":{"@context":"https:\/\/schema.org","@graph":[{"@type":"WebPage","@id":"https:\/\/letrame.com\/catalogo\/producto\/desde-el-mirador-de-piedra\/","url":"https:\/\/letrame.com\/catalogo\/producto\/desde-el-mirador-de-piedra\/","name":"Desde el mirador de piedra - Catalogo | Letrame Grupo Editorial","isPartOf":{"@id":"https:\/\/letrame.com\/catalogo\/#website"},"primaryImageOfPage":{"@id":"https:\/\/letrame.com\/catalogo\/producto\/desde-el-mirador-de-piedra\/#primaryimage"},"image":{"@id":"https:\/\/letrame.com\/catalogo\/producto\/desde-el-mirador-de-piedra\/#primaryimage"},"thumbnailUrl":"https:\/\/letrame.com\/catalogo\/wp-content\/uploads\/2024\/04\/redportada_desdeelmirador_2394mm-compressed.jpg","datePublished":"2024-04-29T12:48:36+00:00","dateModified":"2024-04-29T12:48:39+00:00","breadcrumb":{"@id":"https:\/\/letrame.com\/catalogo\/producto\/desde-el-mirador-de-piedra\/#breadcrumb"},"inLanguage":"es","potentialAction":[{"@type":"ReadAction","target":["https:\/\/letrame.com\/catalogo\/producto\/desde-el-mirador-de-piedra\/"]}]},{"@type":"ImageObject","inLanguage":"es","@id":"https:\/\/letrame.com\/catalogo\/producto\/desde-el-mirador-de-piedra\/#primaryimage","url":"https:\/\/letrame.com\/catalogo\/wp-content\/uploads\/2024\/04\/redportada_desdeelmirador_2394mm-compressed.jpg","contentUrl":"https:\/\/letrame.com\/catalogo\/wp-content\/uploads\/2024\/04\/redportada_desdeelmirador_2394mm-compressed.jpg","width":601,"height":881},{"@type":"BreadcrumbList","@id":"https:\/\/letrame.com\/catalogo\/producto\/desde-el-mirador-de-piedra\/#breadcrumb","itemListElement":[{"@type":"ListItem","position":1,"name":"Portada","item":"https:\/\/letrame.com\/catalogo\/"},{"@type":"ListItem","position":2,"name":"Cat\u00e1logo","item":"https:\/\/letrame.com\/catalogo\/"},{"@type":"ListItem","position":3,"name":"Desde el mirador de piedra"}]},{"@type":"WebSite","@id":"https:\/\/letrame.com\/catalogo\/#website","url":"https:\/\/letrame.com\/catalogo\/","name":"Catalogo | Letrame Grupo Editorial","description":"","publisher":{"@id":"https:\/\/letrame.com\/catalogo\/#organization"},"potentialAction":[{"@type":"SearchAction","target":{"@type":"EntryPoint","urlTemplate":"https:\/\/letrame.com\/catalogo\/?s={search_term_string}"},"query-input":{"@type":"PropertyValueSpecification","valueRequired":true,"valueName":"search_term_string"}}],"inLanguage":"es"},{"@type":"Organization","@id":"https:\/\/letrame.com\/catalogo\/#organization","name":"Catalogo | Letrame Grupo Editorial","url":"https:\/\/letrame.com\/catalogo\/","logo":{"@type":"ImageObject","inLanguage":"es","@id":"https:\/\/letrame.com\/catalogo\/#\/schema\/logo\/image\/","url":"https:\/\/letrame.com\/catalogo\/wp-content\/uploads\/2024\/03\/logo2.webp","contentUrl":"https:\/\/letrame.com\/catalogo\/wp-content\/uploads\/2024\/03\/logo2.webp","width":394,"height":128,"caption":"Catalogo | Letrame Grupo Editorial"},"image":{"@id":"https:\/\/letrame.com\/catalogo\/#\/schema\/logo\/image\/"}}]}},"_links":{"self":[{"href":"https:\/\/letrame.com\/catalogo\/wp-json\/wp\/v2\/product\/98103","targetHints":{"allow":["GET"]}}],"collection":[{"href":"https:\/\/letrame.com\/catalogo\/wp-json\/wp\/v2\/product"}],"about":[{"href":"https:\/\/letrame.com\/catalogo\/wp-json\/wp\/v2\/types\/product"}],"replies":[{"embeddable":true,"href":"https:\/\/letrame.com\/catalogo\/wp-json\/wp\/v2\/comments?post=98103"}],"acf:post":[{"embeddable":true,"href":"https:\/\/letrame.com\/catalogo\/wp-json\/wp\/v2\/author_book\/76633"}],"wp:featuredmedia":[{"embeddable":true,"href":"https:\/\/letrame.com\/catalogo\/wp-json\/wp\/v2\/media\/98104"}],"wp:attachment":[{"href":"https:\/\/letrame.com\/catalogo\/wp-json\/wp\/v2\/media?parent=98103"}],"wp:term":[{"taxonomy":"libro","embeddable":true,"href":"https:\/\/letrame.com\/catalogo\/wp-json\/wp\/v2\/libro?post=98103"},{"taxonomy":"product_brand","embeddable":true,"href":"https:\/\/letrame.com\/catalogo\/wp-json\/wp\/v2\/product_brand?post=98103"},{"taxonomy":"product_cat","embeddable":true,"href":"https:\/\/letrame.com\/catalogo\/wp-json\/wp\/v2\/product_cat?post=98103"},{"taxonomy":"product_tag","embeddable":true,"href":"https:\/\/letrame.com\/catalogo\/wp-json\/wp\/v2\/product_tag?post=98103"}],"curies":[{"name":"wp","href":"https:\/\/api.w.org\/{rel}","templated":true}]}}