{"id":98079,"date":"2024-04-29T14:47:03","date_gmt":"2024-04-29T12:47:03","guid":{"rendered":"https:\/\/letrame.com\/catalogo\/producto\/alfa-ares\/"},"modified":"2024-08-12T12:49:44","modified_gmt":"2024-08-12T10:49:44","slug":"alfa-ares","status":"publish","type":"product","link":"https:\/\/letrame.com\/catalogo\/producto\/alfa-ares\/","title":{"rendered":"Alfa Ares"},"content":{"rendered":"<p><strong>ISBN<\/strong>: 978-84-1144-139-1<\/p>\n<p><strong>T\u00edtulo<\/strong>: <span data-sheets-value=\"{&quot;1&quot;:2,&quot;2&quot;:&quot;Alfa Ares&quot;}\" data-sheets-userformat=\"{&quot;2&quot;:579,&quot;3&quot;:{&quot;1&quot;:0},&quot;4&quot;:{&quot;1&quot;:2,&quot;2&quot;:14281427},&quot;9&quot;:1,&quot;12&quot;:0}\">Alfa Ares<\/span><br \/>\n<strong>Fecha<\/strong>: 2022<br \/>\n<strong>P\u00e1ginas<\/strong>: 460<\/p>\n<p><strong>SINOPSIS<\/strong><\/p>\n<p>Ramnusia, una joven de veinti\u00fan a\u00f1os, trata de encontrar a sus padres, desaparecidos hace tiempo en extra\u00f1as circunstancias. La acompa\u00f1an sus amigos, Brian y Arthur, y las historias de la anciana Emily, que al principio Ramnusia toma como pura invenci\u00f3n: criaturas fant\u00e1sticas, hombres lobo, brujas, demonios y vampiros que se esconden en el bosque, siete reinos en un conflicto de siglos que nadie consigue resolver\u2026<\/p>\n<p>Cuando sus pesquisas la llevan hasta el pueblo de Blood Moon, Ramnusia empieza a cuestionarse si las historias de Emily no tendr\u00edan algo de verdad. Lo que tampoco sabe es que, mientras ella busca a sus padres, a ella la busca el irresistible pr\u00edncipe Ares Blackner, su alma gemela. Una vez se encuentren, su vida no har\u00e1 m\u00e1s que complicarse. Una profec\u00eda, una elegida por los dioses, y un reto que cumplir: lograr la paz entre los siete reinos.<\/p>\n<p>&nbsp;<\/p>\n","protected":false},"excerpt":{"rendered":"<p><strong>ISBN<\/strong>: 978-84-1144-139-1<\/p>\n<p><strong>SINOPSIS<\/strong><\/p>\n<p>Ramnusia, una joven de veinti\u00fan a\u00f1os, trata de encontrar a sus padres, desaparecidos hace tiempo en extra\u00f1as circunstancias. La acompa\u00f1an sus amigos, Brian y Arthur, y las historias de la anciana Emily, que al principio Ramnusia toma como pura invenci\u00f3n: criaturas fant\u00e1sticas, hombres lobo, brujas, demonios y vampiros que se esconden en el bosque, siete reinos en un conflicto de siglos que nadie consigue resolver\u2026<\/p>\n<p>Cuando sus pesquisas la llevan hasta el pueblo de Blood Moon, Ramnusia empieza a cuestionarse si las historias de Emily no tendr\u00edan algo de verdad. Lo que tampoco sabe es que, mientras ella busca a sus padres, a ella la busca el irresistible pr\u00edncipe Ares Blackner, su alma gemela. Una vez se encuentren, su vida no har\u00e1 m\u00e1s que complicarse. Una profec\u00eda, una elegida por los dioses, y un reto que cumplir: lograr la paz entre los siete reinos.<\/p>\n<p>&nbsp;<\/p>\n","protected":false},"featured_media":98080,"comment_status":"closed","ping_status":"closed","template":"","meta":{"_acf_changed":false},"libro":[],"product_brand":[],"product_cat":[26],"product_tag":[],"class_list":{"0":"post-98079","1":"product","2":"type-product","3":"status-publish","4":"has-post-thumbnail","6":"product_cat-sin-categoria","8":"first","9":"instock","10":"product-type-simple"},"acf":{"autor":[77856],"enlace_de_compra":"https:\/\/amzn.to\/4ciYXmR"},"yoast_head":"<!-- This site is optimized with the Yoast SEO plugin v27.4 - https:\/\/yoast.com\/product\/yoast-seo-wordpress\/ -->\n<title>Alfa Ares - Catalogo | Letrame Grupo Editorial<\/title>\n<meta name=\"robots\" content=\"index, follow, max-snippet:-1, max-image-preview:large, max-video-preview:-1\" \/>\n<link rel=\"canonical\" href=\"https:\/\/letrame.com\/catalogo\/producto\/alfa-ares\/\" \/>\n<meta property=\"og:locale\" content=\"es_ES\" \/>\n<meta property=\"og:type\" content=\"article\" \/>\n<meta property=\"og:title\" content=\"Alfa Ares - Catalogo | Letrame Grupo Editorial\" \/>\n<meta property=\"og:description\" content=\"ISBN: 978-84-1144-139-1  SINOPSIS  Ramnusia, una joven de veinti\u00fan a\u00f1os, trata de encontrar a sus padres, desaparecidos hace tiempo en extra\u00f1as circunstancias. La acompa\u00f1an sus amigos, Brian y Arthur, y las historias de la anciana Emily, que al principio Ramnusia toma como pura invenci\u00f3n: criaturas fant\u00e1sticas, hombres lobo, brujas, demonios y vampiros que se esconden en el bosque, siete reinos en un conflicto de siglos que nadie consigue resolver\u2026  Cuando sus pesquisas la llevan hasta el pueblo de Blood Moon, Ramnusia empieza a cuestionarse si las historias de Emily no tendr\u00edan algo de verdad. Lo que tampoco sabe es que, mientras ella busca a sus padres, a ella la busca el irresistible pr\u00edncipe Ares Blackner, su alma gemela. Una vez se encuentren, su vida no har\u00e1 m\u00e1s que complicarse. Una profec\u00eda, una elegida por los dioses, y un reto que cumplir: lograr la paz entre los siete reinos.  &nbsp;\" \/>\n<meta property=\"og:url\" content=\"https:\/\/letrame.com\/catalogo\/producto\/alfa-ares\/\" \/>\n<meta property=\"og:site_name\" content=\"Catalogo | Letrame Grupo Editorial\" \/>\n<meta property=\"article:modified_time\" content=\"2024-08-12T10:49:44+00:00\" \/>\n<meta property=\"og:image\" content=\"https:\/\/letrame.com\/catalogo\/wp-content\/uploads\/2024\/04\/redportada_alfaares_2228mm-compressed.jpg\" \/>\n\t<meta property=\"og:image:width\" content=\"601\" \/>\n\t<meta property=\"og:image:height\" content=\"881\" \/>\n\t<meta property=\"og:image:type\" content=\"image\/jpeg\" \/>\n<meta name=\"twitter:card\" content=\"summary_large_image\" \/>\n<meta name=\"twitter:label1\" content=\"Tiempo de lectura\" \/>\n\t<meta name=\"twitter:data1\" content=\"1 minuto\" \/>\n<script type=\"application\/ld+json\" class=\"yoast-schema-graph\">{\"@context\":\"https:\\\/\\\/schema.org\",\"@graph\":[{\"@type\":\"WebPage\",\"@id\":\"https:\\\/\\\/letrame.com\\\/catalogo\\\/producto\\\/alfa-ares\\\/\",\"url\":\"https:\\\/\\\/letrame.com\\\/catalogo\\\/producto\\\/alfa-ares\\\/\",\"name\":\"Alfa Ares - Catalogo | Letrame Grupo Editorial\",\"isPartOf\":{\"@id\":\"https:\\\/\\\/letrame.com\\\/catalogo\\\/#website\"},\"primaryImageOfPage\":{\"@id\":\"https:\\\/\\\/letrame.com\\\/catalogo\\\/producto\\\/alfa-ares\\\/#primaryimage\"},\"image\":{\"@id\":\"https:\\\/\\\/letrame.com\\\/catalogo\\\/producto\\\/alfa-ares\\\/#primaryimage\"},\"thumbnailUrl\":\"https:\\\/\\\/letrame.com\\\/catalogo\\\/wp-content\\\/uploads\\\/2024\\\/04\\\/redportada_alfaares_2228mm-compressed.jpg\",\"datePublished\":\"2024-04-29T12:47:03+00:00\",\"dateModified\":\"2024-08-12T10:49:44+00:00\",\"breadcrumb\":{\"@id\":\"https:\\\/\\\/letrame.com\\\/catalogo\\\/producto\\\/alfa-ares\\\/#breadcrumb\"},\"inLanguage\":\"es\",\"potentialAction\":[{\"@type\":\"ReadAction\",\"target\":[\"https:\\\/\\\/letrame.com\\\/catalogo\\\/producto\\\/alfa-ares\\\/\"]}]},{\"@type\":\"ImageObject\",\"inLanguage\":\"es\",\"@id\":\"https:\\\/\\\/letrame.com\\\/catalogo\\\/producto\\\/alfa-ares\\\/#primaryimage\",\"url\":\"https:\\\/\\\/letrame.com\\\/catalogo\\\/wp-content\\\/uploads\\\/2024\\\/04\\\/redportada_alfaares_2228mm-compressed.jpg\",\"contentUrl\":\"https:\\\/\\\/letrame.com\\\/catalogo\\\/wp-content\\\/uploads\\\/2024\\\/04\\\/redportada_alfaares_2228mm-compressed.jpg\",\"width\":601,\"height\":881},{\"@type\":\"BreadcrumbList\",\"@id\":\"https:\\\/\\\/letrame.com\\\/catalogo\\\/producto\\\/alfa-ares\\\/#breadcrumb\",\"itemListElement\":[{\"@type\":\"ListItem\",\"position\":1,\"name\":\"Portada\",\"item\":\"https:\\\/\\\/letrame.com\\\/catalogo\\\/\"},{\"@type\":\"ListItem\",\"position\":2,\"name\":\"Cat\u00e1logo\",\"item\":\"https:\\\/\\\/letrame.com\\\/catalogo\\\/\"},{\"@type\":\"ListItem\",\"position\":3,\"name\":\"Alfa Ares\"}]},{\"@type\":\"WebSite\",\"@id\":\"https:\\\/\\\/letrame.com\\\/catalogo\\\/#website\",\"url\":\"https:\\\/\\\/letrame.com\\\/catalogo\\\/\",\"name\":\"Catalogo | Letrame Grupo Editorial\",\"description\":\"\",\"publisher\":{\"@id\":\"https:\\\/\\\/letrame.com\\\/catalogo\\\/#organization\"},\"potentialAction\":[{\"@type\":\"SearchAction\",\"target\":{\"@type\":\"EntryPoint\",\"urlTemplate\":\"https:\\\/\\\/letrame.com\\\/catalogo\\\/?s={search_term_string}\"},\"query-input\":{\"@type\":\"PropertyValueSpecification\",\"valueRequired\":true,\"valueName\":\"search_term_string\"}}],\"inLanguage\":\"es\"},{\"@type\":\"Organization\",\"@id\":\"https:\\\/\\\/letrame.com\\\/catalogo\\\/#organization\",\"name\":\"Catalogo | Letrame Grupo Editorial\",\"url\":\"https:\\\/\\\/letrame.com\\\/catalogo\\\/\",\"logo\":{\"@type\":\"ImageObject\",\"inLanguage\":\"es\",\"@id\":\"https:\\\/\\\/letrame.com\\\/catalogo\\\/#\\\/schema\\\/logo\\\/image\\\/\",\"url\":\"https:\\\/\\\/letrame.com\\\/catalogo\\\/wp-content\\\/uploads\\\/2024\\\/03\\\/logo2.webp\",\"contentUrl\":\"https:\\\/\\\/letrame.com\\\/catalogo\\\/wp-content\\\/uploads\\\/2024\\\/03\\\/logo2.webp\",\"width\":394,\"height\":128,\"caption\":\"Catalogo | Letrame Grupo Editorial\"},\"image\":{\"@id\":\"https:\\\/\\\/letrame.com\\\/catalogo\\\/#\\\/schema\\\/logo\\\/image\\\/\"}}]}<\/script>\n<!-- \/ Yoast SEO plugin. -->","yoast_head_json":{"title":"Alfa Ares - Catalogo | Letrame Grupo Editorial","robots":{"index":"index","follow":"follow","max-snippet":"max-snippet:-1","max-image-preview":"max-image-preview:large","max-video-preview":"max-video-preview:-1"},"canonical":"https:\/\/letrame.com\/catalogo\/producto\/alfa-ares\/","og_locale":"es_ES","og_type":"article","og_title":"Alfa Ares - Catalogo | Letrame Grupo Editorial","og_description":"ISBN: 978-84-1144-139-1  SINOPSIS  Ramnusia, una joven de veinti\u00fan a\u00f1os, trata de encontrar a sus padres, desaparecidos hace tiempo en extra\u00f1as circunstancias. La acompa\u00f1an sus amigos, Brian y Arthur, y las historias de la anciana Emily, que al principio Ramnusia toma como pura invenci\u00f3n: criaturas fant\u00e1sticas, hombres lobo, brujas, demonios y vampiros que se esconden en el bosque, siete reinos en un conflicto de siglos que nadie consigue resolver\u2026  Cuando sus pesquisas la llevan hasta el pueblo de Blood Moon, Ramnusia empieza a cuestionarse si las historias de Emily no tendr\u00edan algo de verdad. Lo que tampoco sabe es que, mientras ella busca a sus padres, a ella la busca el irresistible pr\u00edncipe Ares Blackner, su alma gemela. Una vez se encuentren, su vida no har\u00e1 m\u00e1s que complicarse. Una profec\u00eda, una elegida por los dioses, y un reto que cumplir: lograr la paz entre los siete reinos.  &nbsp;","og_url":"https:\/\/letrame.com\/catalogo\/producto\/alfa-ares\/","og_site_name":"Catalogo | Letrame Grupo Editorial","article_modified_time":"2024-08-12T10:49:44+00:00","og_image":[{"width":601,"height":881,"url":"https:\/\/letrame.com\/catalogo\/wp-content\/uploads\/2024\/04\/redportada_alfaares_2228mm-compressed.jpg","type":"image\/jpeg"}],"twitter_card":"summary_large_image","twitter_misc":{"Tiempo de lectura":"1 minuto"},"schema":{"@context":"https:\/\/schema.org","@graph":[{"@type":"WebPage","@id":"https:\/\/letrame.com\/catalogo\/producto\/alfa-ares\/","url":"https:\/\/letrame.com\/catalogo\/producto\/alfa-ares\/","name":"Alfa Ares - Catalogo | Letrame Grupo Editorial","isPartOf":{"@id":"https:\/\/letrame.com\/catalogo\/#website"},"primaryImageOfPage":{"@id":"https:\/\/letrame.com\/catalogo\/producto\/alfa-ares\/#primaryimage"},"image":{"@id":"https:\/\/letrame.com\/catalogo\/producto\/alfa-ares\/#primaryimage"},"thumbnailUrl":"https:\/\/letrame.com\/catalogo\/wp-content\/uploads\/2024\/04\/redportada_alfaares_2228mm-compressed.jpg","datePublished":"2024-04-29T12:47:03+00:00","dateModified":"2024-08-12T10:49:44+00:00","breadcrumb":{"@id":"https:\/\/letrame.com\/catalogo\/producto\/alfa-ares\/#breadcrumb"},"inLanguage":"es","potentialAction":[{"@type":"ReadAction","target":["https:\/\/letrame.com\/catalogo\/producto\/alfa-ares\/"]}]},{"@type":"ImageObject","inLanguage":"es","@id":"https:\/\/letrame.com\/catalogo\/producto\/alfa-ares\/#primaryimage","url":"https:\/\/letrame.com\/catalogo\/wp-content\/uploads\/2024\/04\/redportada_alfaares_2228mm-compressed.jpg","contentUrl":"https:\/\/letrame.com\/catalogo\/wp-content\/uploads\/2024\/04\/redportada_alfaares_2228mm-compressed.jpg","width":601,"height":881},{"@type":"BreadcrumbList","@id":"https:\/\/letrame.com\/catalogo\/producto\/alfa-ares\/#breadcrumb","itemListElement":[{"@type":"ListItem","position":1,"name":"Portada","item":"https:\/\/letrame.com\/catalogo\/"},{"@type":"ListItem","position":2,"name":"Cat\u00e1logo","item":"https:\/\/letrame.com\/catalogo\/"},{"@type":"ListItem","position":3,"name":"Alfa Ares"}]},{"@type":"WebSite","@id":"https:\/\/letrame.com\/catalogo\/#website","url":"https:\/\/letrame.com\/catalogo\/","name":"Catalogo | Letrame Grupo Editorial","description":"","publisher":{"@id":"https:\/\/letrame.com\/catalogo\/#organization"},"potentialAction":[{"@type":"SearchAction","target":{"@type":"EntryPoint","urlTemplate":"https:\/\/letrame.com\/catalogo\/?s={search_term_string}"},"query-input":{"@type":"PropertyValueSpecification","valueRequired":true,"valueName":"search_term_string"}}],"inLanguage":"es"},{"@type":"Organization","@id":"https:\/\/letrame.com\/catalogo\/#organization","name":"Catalogo | Letrame Grupo Editorial","url":"https:\/\/letrame.com\/catalogo\/","logo":{"@type":"ImageObject","inLanguage":"es","@id":"https:\/\/letrame.com\/catalogo\/#\/schema\/logo\/image\/","url":"https:\/\/letrame.com\/catalogo\/wp-content\/uploads\/2024\/03\/logo2.webp","contentUrl":"https:\/\/letrame.com\/catalogo\/wp-content\/uploads\/2024\/03\/logo2.webp","width":394,"height":128,"caption":"Catalogo | Letrame Grupo Editorial"},"image":{"@id":"https:\/\/letrame.com\/catalogo\/#\/schema\/logo\/image\/"}}]}},"_links":{"self":[{"href":"https:\/\/letrame.com\/catalogo\/wp-json\/wp\/v2\/product\/98079","targetHints":{"allow":["GET"]}}],"collection":[{"href":"https:\/\/letrame.com\/catalogo\/wp-json\/wp\/v2\/product"}],"about":[{"href":"https:\/\/letrame.com\/catalogo\/wp-json\/wp\/v2\/types\/product"}],"replies":[{"embeddable":true,"href":"https:\/\/letrame.com\/catalogo\/wp-json\/wp\/v2\/comments?post=98079"}],"acf:post":[{"embeddable":true,"href":"https:\/\/letrame.com\/catalogo\/wp-json\/wp\/v2\/author_book\/77856"}],"wp:featuredmedia":[{"embeddable":true,"href":"https:\/\/letrame.com\/catalogo\/wp-json\/wp\/v2\/media\/98080"}],"wp:attachment":[{"href":"https:\/\/letrame.com\/catalogo\/wp-json\/wp\/v2\/media?parent=98079"}],"wp:term":[{"taxonomy":"libro","embeddable":true,"href":"https:\/\/letrame.com\/catalogo\/wp-json\/wp\/v2\/libro?post=98079"},{"taxonomy":"product_brand","embeddable":true,"href":"https:\/\/letrame.com\/catalogo\/wp-json\/wp\/v2\/product_brand?post=98079"},{"taxonomy":"product_cat","embeddable":true,"href":"https:\/\/letrame.com\/catalogo\/wp-json\/wp\/v2\/product_cat?post=98079"},{"taxonomy":"product_tag","embeddable":true,"href":"https:\/\/letrame.com\/catalogo\/wp-json\/wp\/v2\/product_tag?post=98079"}],"curies":[{"name":"wp","href":"https:\/\/api.w.org\/{rel}","templated":true}]}}