{"id":98059,"date":"2024-04-29T14:46:33","date_gmt":"2024-04-29T12:46:33","guid":{"rendered":"https:\/\/letrame.com\/catalogo\/producto\/el-arte-de-no-morir-como-paciente\/"},"modified":"2024-04-29T14:46:36","modified_gmt":"2024-04-29T12:46:36","slug":"el-arte-de-no-morir-como-paciente","status":"publish","type":"product","link":"https:\/\/letrame.com\/catalogo\/producto\/el-arte-de-no-morir-como-paciente\/","title":{"rendered":"El arte de no morir como paciente"},"content":{"rendered":"<p><strong>ISBN<\/strong>: 978-84-1144-092-9<\/p>\n<p><strong>T\u00edtulo<\/strong>: <span data-sheets-value=\"{&quot;1&quot;:2,&quot;2&quot;:&quot;El arte de no morir como paciente&quot;}\" data-sheets-userformat=\"{&quot;2&quot;:4291,&quot;3&quot;:{&quot;1&quot;:0},&quot;4&quot;:{&quot;1&quot;:2,&quot;2&quot;:14281427},&quot;9&quot;:1,&quot;10&quot;:2,&quot;15&quot;:&quot;arial, sans, sans-serif&quot;}\">El arte de no morir como paciente<\/span><br \/>\n<strong>Fecha<\/strong>: 2022<br \/>\n<strong>P\u00e1ginas<\/strong>: 410<\/p>\n<p><strong>SINOPSIS<\/strong><\/p>\n<p>Somos bombas gen\u00e9ticas a punto de ser detonadas, y cada semana la ciencia descubre genes que se relacionan con una enfermedad.\u00a0 Los genes que nos dan la vida cuando los alimentamos erradamente desencadenan cat\u00e1strofes a nuestra salud, muchas veces a temprana edad o en la mayor\u00eda de casos a largo plazo.<\/p>\n<p>S\u00ed es posible modificar nuestros genes para evitar el c\u00e1ncer, el Alzheimer, el P\u00e1rkinson, la obesidad, los infartos y la disfunci\u00f3n er\u00e9ctil entre otras enfermedades.\u00a0 Se gastan millones de d\u00f3lares al a\u00f1o controlando enfermedades, tratando sus s\u00edntomas, sin querer evitar ni saber lo que las causa.<\/p>\n<p>Podemos auto curarnos en la mayor\u00eda de los casos si prestamos atenci\u00f3n a peque\u00f1os detalles como lo son las deficiencias nutricionales, y estar conscientes con la absoluta certeza que debemos suplementar nuestras c\u00e9lulas con nutrientes esenciales que desafortunadamente no obtenemos de la dieta actual.<\/p>\n<p>Es un ARTE todo lo que implica mantener el bienestar del cuerpo humano, nadie dijo que ser\u00eda f\u00e1cil alejarnos de la enfermedad, pero, si logramos entender que ese arte nos gu\u00eda hacia una vida de plenitud f\u00edsica y mental, no esperaremos la muerte como pacientes en la sala de un hospital.<\/p>\n","protected":false},"excerpt":{"rendered":"<p><strong>ISBN<\/strong>: 978-84-1144-092-9<\/p>\n<p><strong>SINOPSIS<\/strong><\/p>\n<p>Somos bombas gen\u00e9ticas a punto de ser detonadas, y cada semana la ciencia descubre genes que se relacionan con una enfermedad.\u00a0 Los genes que nos dan la vida cuando los alimentamos erradamente desencadenan cat\u00e1strofes a nuestra salud, muchas veces a temprana edad o en la mayor\u00eda de casos a largo plazo.<\/p>\n<p>S\u00ed es posible modificar nuestros genes para evitar el c\u00e1ncer, el Alzheimer, el P\u00e1rkinson, la obesidad, los infartos y la disfunci\u00f3n er\u00e9ctil entre otras enfermedades.\u00a0 Se gastan millones de d\u00f3lares al a\u00f1o controlando enfermedades, tratando sus s\u00edntomas, sin querer evitar ni saber lo que las causa.<\/p>\n<p>Podemos auto curarnos en la mayor\u00eda de los casos si prestamos atenci\u00f3n a peque\u00f1os detalles como lo son las deficiencias nutricionales, y estar conscientes con la absoluta certeza que debemos suplementar nuestras c\u00e9lulas con nutrientes esenciales que desafortunadamente no obtenemos de la dieta actual.<\/p>\n<p>Es un ARTE todo lo que implica mantener el bienestar del cuerpo humano, nadie dijo que ser\u00eda f\u00e1cil alejarnos de la enfermedad, pero, si logramos entender que ese arte nos gu\u00eda hacia una vida de plenitud f\u00edsica y mental, no esperaremos la muerte como pacientes en la sala de un hospital.<\/p>\n<p>&nbsp;<\/p>\n<p>[aux_button label=\u00bbCOMPRAR\u00bb size=\u00bbmedium\u00bb icon_align=\u00bbleft\u00bb color_name=\u00bbball-blue\u00bb link=\u00bbhttps:\/\/www.amazon.es\/arte-morir-como-paciente-Autoayuda\/dp\/8411440923\/\/\u00bb]<\/p>\n","protected":false},"featured_media":98060,"comment_status":"closed","ping_status":"open","template":"","meta":{"_acf_changed":false},"libro":[],"product_brand":[],"product_cat":[26],"product_tag":[],"class_list":{"0":"post-98059","1":"product","2":"type-product","3":"status-publish","4":"has-post-thumbnail","6":"product_cat-sin-categoria","8":"first","9":"instock","10":"product-type-simple"},"acf":{"autor":[76587],"enlace_de_compra":""},"yoast_head":"<!-- This site is optimized with the Yoast SEO plugin v27.4 - https:\/\/yoast.com\/product\/yoast-seo-wordpress\/ -->\n<title>El arte de no morir como paciente - Catalogo | Letrame Grupo Editorial<\/title>\n<meta name=\"robots\" content=\"index, follow, max-snippet:-1, max-image-preview:large, max-video-preview:-1\" \/>\n<link rel=\"canonical\" href=\"https:\/\/letrame.com\/catalogo\/producto\/el-arte-de-no-morir-como-paciente\/\" \/>\n<meta property=\"og:locale\" content=\"es_ES\" \/>\n<meta property=\"og:type\" content=\"article\" \/>\n<meta property=\"og:title\" content=\"El arte de no morir como paciente - Catalogo | Letrame Grupo Editorial\" \/>\n<meta property=\"og:description\" content=\"ISBN: 978-84-1144-092-9 SINOPSIS Somos bombas gen\u00e9ticas a punto de ser detonadas, y cada semana la ciencia descubre genes que se relacionan con una enfermedad.\u00a0 Los genes que nos dan la vida cuando los alimentamos erradamente desencadenan cat\u00e1strofes a nuestra salud, muchas veces a temprana edad o en la mayor\u00eda de casos a largo plazo. S\u00ed es posible modificar nuestros genes para evitar el c\u00e1ncer, el Alzheimer, el P\u00e1rkinson, la obesidad, los infartos y la disfunci\u00f3n er\u00e9ctil entre otras enfermedades.\u00a0 Se gastan millones de d\u00f3lares al a\u00f1o controlando enfermedades, tratando sus s\u00edntomas, sin querer evitar ni saber lo que las causa. Podemos auto curarnos en la mayor\u00eda de los casos si prestamos atenci\u00f3n a peque\u00f1os detalles como lo son las deficiencias nutricionales, y estar conscientes con la absoluta certeza que debemos suplementar nuestras c\u00e9lulas con nutrientes esenciales que desafortunadamente no obtenemos de la dieta actual. Es un ARTE todo lo que implica mantener el bienestar del cuerpo humano, nadie dijo que ser\u00eda f\u00e1cil alejarnos de la enfermedad, pero, si logramos entender que ese arte nos gu\u00eda hacia una vida de plenitud f\u00edsica y mental, no esperaremos la muerte como pacientes en la sala de un hospital. &nbsp; [aux_button label=&quot;COMPRAR&quot; size=&quot;medium&quot; icon_align=&quot;left&quot; color_name=&quot;ball-blue&quot; link=&quot;https:\/\/www.amazon.es\/arte-morir-como-paciente-Autoayuda\/dp\/8411440923\/\/&quot;]\" \/>\n<meta property=\"og:url\" content=\"https:\/\/letrame.com\/catalogo\/producto\/el-arte-de-no-morir-como-paciente\/\" \/>\n<meta property=\"og:site_name\" content=\"Catalogo | Letrame Grupo Editorial\" \/>\n<meta property=\"article:modified_time\" content=\"2024-04-29T12:46:36+00:00\" \/>\n<meta property=\"og:image\" content=\"https:\/\/letrame.com\/catalogo\/wp-content\/uploads\/2024\/04\/redportada_elartedenomorir_20mm-compressed.jpg\" \/>\n\t<meta property=\"og:image:width\" content=\"601\" \/>\n\t<meta property=\"og:image:height\" content=\"881\" \/>\n\t<meta property=\"og:image:type\" content=\"image\/jpeg\" \/>\n<meta name=\"twitter:card\" content=\"summary_large_image\" \/>\n<meta name=\"twitter:label1\" content=\"Tiempo de lectura\" \/>\n\t<meta name=\"twitter:data1\" content=\"1 minuto\" \/>\n<script type=\"application\/ld+json\" class=\"yoast-schema-graph\">{\"@context\":\"https:\\\/\\\/schema.org\",\"@graph\":[{\"@type\":\"WebPage\",\"@id\":\"https:\\\/\\\/letrame.com\\\/catalogo\\\/producto\\\/el-arte-de-no-morir-como-paciente\\\/\",\"url\":\"https:\\\/\\\/letrame.com\\\/catalogo\\\/producto\\\/el-arte-de-no-morir-como-paciente\\\/\",\"name\":\"El arte de no morir como paciente - Catalogo | Letrame Grupo Editorial\",\"isPartOf\":{\"@id\":\"https:\\\/\\\/letrame.com\\\/catalogo\\\/#website\"},\"primaryImageOfPage\":{\"@id\":\"https:\\\/\\\/letrame.com\\\/catalogo\\\/producto\\\/el-arte-de-no-morir-como-paciente\\\/#primaryimage\"},\"image\":{\"@id\":\"https:\\\/\\\/letrame.com\\\/catalogo\\\/producto\\\/el-arte-de-no-morir-como-paciente\\\/#primaryimage\"},\"thumbnailUrl\":\"https:\\\/\\\/letrame.com\\\/catalogo\\\/wp-content\\\/uploads\\\/2024\\\/04\\\/redportada_elartedenomorir_20mm-compressed.jpg\",\"datePublished\":\"2024-04-29T12:46:33+00:00\",\"dateModified\":\"2024-04-29T12:46:36+00:00\",\"breadcrumb\":{\"@id\":\"https:\\\/\\\/letrame.com\\\/catalogo\\\/producto\\\/el-arte-de-no-morir-como-paciente\\\/#breadcrumb\"},\"inLanguage\":\"es\",\"potentialAction\":[{\"@type\":\"ReadAction\",\"target\":[\"https:\\\/\\\/letrame.com\\\/catalogo\\\/producto\\\/el-arte-de-no-morir-como-paciente\\\/\"]}]},{\"@type\":\"ImageObject\",\"inLanguage\":\"es\",\"@id\":\"https:\\\/\\\/letrame.com\\\/catalogo\\\/producto\\\/el-arte-de-no-morir-como-paciente\\\/#primaryimage\",\"url\":\"https:\\\/\\\/letrame.com\\\/catalogo\\\/wp-content\\\/uploads\\\/2024\\\/04\\\/redportada_elartedenomorir_20mm-compressed.jpg\",\"contentUrl\":\"https:\\\/\\\/letrame.com\\\/catalogo\\\/wp-content\\\/uploads\\\/2024\\\/04\\\/redportada_elartedenomorir_20mm-compressed.jpg\",\"width\":601,\"height\":881},{\"@type\":\"BreadcrumbList\",\"@id\":\"https:\\\/\\\/letrame.com\\\/catalogo\\\/producto\\\/el-arte-de-no-morir-como-paciente\\\/#breadcrumb\",\"itemListElement\":[{\"@type\":\"ListItem\",\"position\":1,\"name\":\"Portada\",\"item\":\"https:\\\/\\\/letrame.com\\\/catalogo\\\/\"},{\"@type\":\"ListItem\",\"position\":2,\"name\":\"Cat\u00e1logo\",\"item\":\"https:\\\/\\\/letrame.com\\\/catalogo\\\/\"},{\"@type\":\"ListItem\",\"position\":3,\"name\":\"El arte de no morir como paciente\"}]},{\"@type\":\"WebSite\",\"@id\":\"https:\\\/\\\/letrame.com\\\/catalogo\\\/#website\",\"url\":\"https:\\\/\\\/letrame.com\\\/catalogo\\\/\",\"name\":\"Catalogo | Letrame Grupo Editorial\",\"description\":\"\",\"publisher\":{\"@id\":\"https:\\\/\\\/letrame.com\\\/catalogo\\\/#organization\"},\"potentialAction\":[{\"@type\":\"SearchAction\",\"target\":{\"@type\":\"EntryPoint\",\"urlTemplate\":\"https:\\\/\\\/letrame.com\\\/catalogo\\\/?s={search_term_string}\"},\"query-input\":{\"@type\":\"PropertyValueSpecification\",\"valueRequired\":true,\"valueName\":\"search_term_string\"}}],\"inLanguage\":\"es\"},{\"@type\":\"Organization\",\"@id\":\"https:\\\/\\\/letrame.com\\\/catalogo\\\/#organization\",\"name\":\"Catalogo | Letrame Grupo Editorial\",\"url\":\"https:\\\/\\\/letrame.com\\\/catalogo\\\/\",\"logo\":{\"@type\":\"ImageObject\",\"inLanguage\":\"es\",\"@id\":\"https:\\\/\\\/letrame.com\\\/catalogo\\\/#\\\/schema\\\/logo\\\/image\\\/\",\"url\":\"https:\\\/\\\/letrame.com\\\/catalogo\\\/wp-content\\\/uploads\\\/2024\\\/03\\\/logo2.webp\",\"contentUrl\":\"https:\\\/\\\/letrame.com\\\/catalogo\\\/wp-content\\\/uploads\\\/2024\\\/03\\\/logo2.webp\",\"width\":394,\"height\":128,\"caption\":\"Catalogo | Letrame Grupo Editorial\"},\"image\":{\"@id\":\"https:\\\/\\\/letrame.com\\\/catalogo\\\/#\\\/schema\\\/logo\\\/image\\\/\"}}]}<\/script>\n<!-- \/ Yoast SEO plugin. -->","yoast_head_json":{"title":"El arte de no morir como paciente - Catalogo | Letrame Grupo Editorial","robots":{"index":"index","follow":"follow","max-snippet":"max-snippet:-1","max-image-preview":"max-image-preview:large","max-video-preview":"max-video-preview:-1"},"canonical":"https:\/\/letrame.com\/catalogo\/producto\/el-arte-de-no-morir-como-paciente\/","og_locale":"es_ES","og_type":"article","og_title":"El arte de no morir como paciente - Catalogo | Letrame Grupo Editorial","og_description":"ISBN: 978-84-1144-092-9 SINOPSIS Somos bombas gen\u00e9ticas a punto de ser detonadas, y cada semana la ciencia descubre genes que se relacionan con una enfermedad.\u00a0 Los genes que nos dan la vida cuando los alimentamos erradamente desencadenan cat\u00e1strofes a nuestra salud, muchas veces a temprana edad o en la mayor\u00eda de casos a largo plazo. S\u00ed es posible modificar nuestros genes para evitar el c\u00e1ncer, el Alzheimer, el P\u00e1rkinson, la obesidad, los infartos y la disfunci\u00f3n er\u00e9ctil entre otras enfermedades.\u00a0 Se gastan millones de d\u00f3lares al a\u00f1o controlando enfermedades, tratando sus s\u00edntomas, sin querer evitar ni saber lo que las causa. Podemos auto curarnos en la mayor\u00eda de los casos si prestamos atenci\u00f3n a peque\u00f1os detalles como lo son las deficiencias nutricionales, y estar conscientes con la absoluta certeza que debemos suplementar nuestras c\u00e9lulas con nutrientes esenciales que desafortunadamente no obtenemos de la dieta actual. Es un ARTE todo lo que implica mantener el bienestar del cuerpo humano, nadie dijo que ser\u00eda f\u00e1cil alejarnos de la enfermedad, pero, si logramos entender que ese arte nos gu\u00eda hacia una vida de plenitud f\u00edsica y mental, no esperaremos la muerte como pacientes en la sala de un hospital. &nbsp; [aux_button label=\"COMPRAR\" size=\"medium\" icon_align=\"left\" color_name=\"ball-blue\" link=\"https:\/\/www.amazon.es\/arte-morir-como-paciente-Autoayuda\/dp\/8411440923\/\/\"]","og_url":"https:\/\/letrame.com\/catalogo\/producto\/el-arte-de-no-morir-como-paciente\/","og_site_name":"Catalogo | Letrame Grupo Editorial","article_modified_time":"2024-04-29T12:46:36+00:00","og_image":[{"width":601,"height":881,"url":"https:\/\/letrame.com\/catalogo\/wp-content\/uploads\/2024\/04\/redportada_elartedenomorir_20mm-compressed.jpg","type":"image\/jpeg"}],"twitter_card":"summary_large_image","twitter_misc":{"Tiempo de lectura":"1 minuto"},"schema":{"@context":"https:\/\/schema.org","@graph":[{"@type":"WebPage","@id":"https:\/\/letrame.com\/catalogo\/producto\/el-arte-de-no-morir-como-paciente\/","url":"https:\/\/letrame.com\/catalogo\/producto\/el-arte-de-no-morir-como-paciente\/","name":"El arte de no morir como paciente - Catalogo | Letrame Grupo Editorial","isPartOf":{"@id":"https:\/\/letrame.com\/catalogo\/#website"},"primaryImageOfPage":{"@id":"https:\/\/letrame.com\/catalogo\/producto\/el-arte-de-no-morir-como-paciente\/#primaryimage"},"image":{"@id":"https:\/\/letrame.com\/catalogo\/producto\/el-arte-de-no-morir-como-paciente\/#primaryimage"},"thumbnailUrl":"https:\/\/letrame.com\/catalogo\/wp-content\/uploads\/2024\/04\/redportada_elartedenomorir_20mm-compressed.jpg","datePublished":"2024-04-29T12:46:33+00:00","dateModified":"2024-04-29T12:46:36+00:00","breadcrumb":{"@id":"https:\/\/letrame.com\/catalogo\/producto\/el-arte-de-no-morir-como-paciente\/#breadcrumb"},"inLanguage":"es","potentialAction":[{"@type":"ReadAction","target":["https:\/\/letrame.com\/catalogo\/producto\/el-arte-de-no-morir-como-paciente\/"]}]},{"@type":"ImageObject","inLanguage":"es","@id":"https:\/\/letrame.com\/catalogo\/producto\/el-arte-de-no-morir-como-paciente\/#primaryimage","url":"https:\/\/letrame.com\/catalogo\/wp-content\/uploads\/2024\/04\/redportada_elartedenomorir_20mm-compressed.jpg","contentUrl":"https:\/\/letrame.com\/catalogo\/wp-content\/uploads\/2024\/04\/redportada_elartedenomorir_20mm-compressed.jpg","width":601,"height":881},{"@type":"BreadcrumbList","@id":"https:\/\/letrame.com\/catalogo\/producto\/el-arte-de-no-morir-como-paciente\/#breadcrumb","itemListElement":[{"@type":"ListItem","position":1,"name":"Portada","item":"https:\/\/letrame.com\/catalogo\/"},{"@type":"ListItem","position":2,"name":"Cat\u00e1logo","item":"https:\/\/letrame.com\/catalogo\/"},{"@type":"ListItem","position":3,"name":"El arte de no morir como paciente"}]},{"@type":"WebSite","@id":"https:\/\/letrame.com\/catalogo\/#website","url":"https:\/\/letrame.com\/catalogo\/","name":"Catalogo | Letrame Grupo Editorial","description":"","publisher":{"@id":"https:\/\/letrame.com\/catalogo\/#organization"},"potentialAction":[{"@type":"SearchAction","target":{"@type":"EntryPoint","urlTemplate":"https:\/\/letrame.com\/catalogo\/?s={search_term_string}"},"query-input":{"@type":"PropertyValueSpecification","valueRequired":true,"valueName":"search_term_string"}}],"inLanguage":"es"},{"@type":"Organization","@id":"https:\/\/letrame.com\/catalogo\/#organization","name":"Catalogo | Letrame Grupo Editorial","url":"https:\/\/letrame.com\/catalogo\/","logo":{"@type":"ImageObject","inLanguage":"es","@id":"https:\/\/letrame.com\/catalogo\/#\/schema\/logo\/image\/","url":"https:\/\/letrame.com\/catalogo\/wp-content\/uploads\/2024\/03\/logo2.webp","contentUrl":"https:\/\/letrame.com\/catalogo\/wp-content\/uploads\/2024\/03\/logo2.webp","width":394,"height":128,"caption":"Catalogo | Letrame Grupo Editorial"},"image":{"@id":"https:\/\/letrame.com\/catalogo\/#\/schema\/logo\/image\/"}}]}},"_links":{"self":[{"href":"https:\/\/letrame.com\/catalogo\/wp-json\/wp\/v2\/product\/98059","targetHints":{"allow":["GET"]}}],"collection":[{"href":"https:\/\/letrame.com\/catalogo\/wp-json\/wp\/v2\/product"}],"about":[{"href":"https:\/\/letrame.com\/catalogo\/wp-json\/wp\/v2\/types\/product"}],"replies":[{"embeddable":true,"href":"https:\/\/letrame.com\/catalogo\/wp-json\/wp\/v2\/comments?post=98059"}],"acf:post":[{"embeddable":true,"href":"https:\/\/letrame.com\/catalogo\/wp-json\/wp\/v2\/author_book\/76587"}],"wp:featuredmedia":[{"embeddable":true,"href":"https:\/\/letrame.com\/catalogo\/wp-json\/wp\/v2\/media\/98060"}],"wp:attachment":[{"href":"https:\/\/letrame.com\/catalogo\/wp-json\/wp\/v2\/media?parent=98059"}],"wp:term":[{"taxonomy":"libro","embeddable":true,"href":"https:\/\/letrame.com\/catalogo\/wp-json\/wp\/v2\/libro?post=98059"},{"taxonomy":"product_brand","embeddable":true,"href":"https:\/\/letrame.com\/catalogo\/wp-json\/wp\/v2\/product_brand?post=98059"},{"taxonomy":"product_cat","embeddable":true,"href":"https:\/\/letrame.com\/catalogo\/wp-json\/wp\/v2\/product_cat?post=98059"},{"taxonomy":"product_tag","embeddable":true,"href":"https:\/\/letrame.com\/catalogo\/wp-json\/wp\/v2\/product_tag?post=98059"}],"curies":[{"name":"wp","href":"https:\/\/api.w.org\/{rel}","templated":true}]}}